 {"id":26747,"date":"2025-04-23T09:52:40","date_gmt":"2025-04-23T07:52:40","guid":{"rendered":"https:\/\/www.ionisos.com\/meie-asukohad\/tarancon\/"},"modified":"2026-03-04T16:45:03","modified_gmt":"2026-03-04T15:45:03","slug":"tarancon","status":"publish","type":"page","link":"https:\/\/www.ionisos.com\/et\/meie-asukohad\/tarancon\/","title":{"rendered":"Taranc\u00f3n"},"content":{"rendered":"<p>[vc_row bg_image=&#8221;24245&#8243; bg_repeat=&#8221;no-repeat&#8221; text_color=&#8221;light&#8221; text_align=&#8221;center&#8221; top_padding=&#8221;100&#8243; bottom_padding=&#8221;100&#8243;][vc_column width=&#8221;1\/1&#8243;]<h1 class=\"headline font-special fontsize-xxxl fontweight-inherit lh-inherit align-center transform-uppercase \" style=\"margin: 0;\"><strong>Taranc\u00f3n<\/strong><\/h1>[\/vc_column][\/vc_row][vc_row][vc_column width=&#8221;1\/1&#8243;]<div class=\"spacer\" style=\"height: 60px;\"><\/div>[vc_raw_html]PGlmcmFtZSBzcmM9Imh0dHBzOi8vd3d3Lmdvb2dsZS5jb20vbWFwcy9lbWJlZD9wYj0hMW0xOCExbTEyITFtMyExZDMwNTYuNjE3NzcyMzQ5OTk1NCEyZC0yLjk4NjgyODEyMjAzOTc3OTchM2QzOS45OTQ2NDYzODEyMTc1MSEybTMhMWYwITJmMCEzZjAhM20yITFpMTAyNCEyaTc2OCE0ZjEzLjEhM20zITFtMiExczB4ZDQyODE1ZjQ2ZTUxMTRkJTNBMHgzNDJhYWMxZWI4NzU2NGYzITJzSU9OSVNPUyUyMElCJUMzJTg5UklDQSE1ZTAhM20yITFzZnIhMnNmciE0djE3MDM3NzA2MTI4OTYhNW0yITFzZnIhMnNmciIgd2lkdGg9IjEwMCUiIGhlaWdodD0iMzAwIiBzdHlsZT0iYm9yZGVyOjA7IiBhbGxvd2Z1bGxzY3JlZW49IiIgbG9hZGluZz0ibGF6eSIgcmVmZXJyZXJwb2xpY3k9Im5vLXJlZmVycmVyLXdoZW4tZG93bmdyYWRlIj48L2lmcmFtZT4=[\/vc_raw_html]<div class=\"spacer\" style=\"height: 60px;\"><\/div>[\/vc_column][\/vc_row][vc_row][vc_column width=&#8221;1\/3&#8243;][vc_column_text]<strong>Aadress<\/strong><\/p>\n<p>T\u00f6\u00f6stuspiirkond \u00abTaranc\u00f3n Sur\u00bb<\/p>\n<p>C\/ Rocinante, krunt 50<\/p>\n<p>16400 Taranc\u00f3n, Cuenca<\/p>\n<p>HISPaania<br \/>[\/vc_column_text]<div class=\"uavc-list-icon uavc-list-icon-wrapper ult-adjust-bottom-margin   \"><ul class=\"uavc-list\"><li><div class=\"uavc-list-content\" id=\"list-icon-wrap-7556\">\n<div class=\"uavc-list-icon  \" data-animation=\"\" data-animation-delay=\"03\" style=\"margin-right:20px;\"><div class=\"ult-just-icon-wrapper  \"><div class=\"align-icon\" style=\"text-align:center;\">\n<div class=\"aio-icon none \"  style=\"color:#ea5045;font-size:30px;display:inline-block;\">\n\t<i class=\"Defaults-phone\"><\/i>\n<\/div><\/div><\/div>\n<\/div><span  data-ultimate-target='#list-icon-wrap-7556 .uavc-list-desc'  data-responsive-json-new='{\"font-size\":\"\",\"line-height\":\"\"}'  class=\"uavc-list-desc ult-responsive\" style=\"\">+34 969 320 496<\/span><\/div><\/li><li><div class=\"uavc-list-content\" id=\"list-icon-wrap-4891\">\n<div class=\"uavc-list-icon  \" data-animation=\"\" data-animation-delay=\"03\" style=\"margin-right:20px;\"><div class=\"ult-just-icon-wrapper  \"><div class=\"align-icon\" style=\"text-align:center;\">\n<div class=\"aio-icon none \"  style=\"color:#ea5045;font-size:30px;display:inline-block;\">\n\t<i class=\"Defaults-envelope-o\"><\/i>\n<\/div><\/div><\/div>\n<\/div><span  data-ultimate-target='#list-icon-wrap-4891 .uavc-list-desc'  data-responsive-json-new='{\"font-size\":\"\",\"line-height\":\"\"}'  class=\"uavc-list-desc ult-responsive\" style=\"\"><a href=\"mailto:info@ionisos.com\">info@ionisos.com<\/a><\/span><\/div><\/li><\/ul><\/div>[\/vc_column][vc_column width=&#8221;1\/3&#8243;][vc_column_text]<strong>Asukoha omadused<\/strong><\/p>\n<a href=\"\/et\/elektronkiire-tootlemine\/\" target=\"_self\" class=\"button custom small \" style=\"background-color: #EA5045; border-color: #EA5045;border-radius: 2px;\">Elektronkiir<\/a>[\/vc_column_text][vc_raw_html]PHRhYmxlIHdpZHRoPSIxMDAlIiBib3JkZXI9IjEiPg0KICA8dGJvZHk+DQogICAgPHRyPg0KICAgICAgPHRkPlTDvMO8cDo8L3RkPg0KICAgICAgPHRkPkVsZWt0cm9uaWtpaXI8L3RkPg0KICAgIDwvdHI+DQogICAgPHRyPg0KICAgICAgPHRkPkVuZXJnaWE6PC90ZD4NCiAgICAgIDx0ZD4xMCBNZVYsIDI4IGtXPC90ZD4NCiAgICA8L3RyPg0KICAgIDx0cj4NCiAgICAgIDx0ZD5LaWlyZSB0w7zDvHA6PC90ZD4NCiAgICAgIDx0ZD5WZXJ0aWthYWxuZTwvdGQ+DQogICAgPC90cj4NCiAgICA8dHI+DQogICAgICA8dGQ+S2FzdGlkZSBtw7XDtXRtZWQ6PC90ZD4NCiAgICAgIDx0ZD4xMDAwIHggMTIwMCB4IDUwMCBtbTwvdGQ+DQogICAgPC90cj4NCiAgICA8dHI+DQogICAgICA8dGQ+S2FzdGlkZSBtYWtzaW1hYWxuZSBrYWFsOjwvdGQ+DQogICAgICA8dGQ+MTAwIGtnPC90ZD4NCiAgICA8L3RyPg0KICA8L3Rib2R5Pg0KPC90YWJsZT48YnI+[\/vc_raw_html][\/vc_column][vc_column text_color=&#8221;light&#8221; text_align=&#8221;center&#8221; width=&#8221;1\/3&#8243;]<div class=\" ubtn-ctn-left \"><a class=\"ubtn-link ult-adjust-bottom-margin ubtn-left ubtn-large \" title='Contact' rel='' href = \"https:\/\/www.ionisos.com\/contact\/\" ><button type=\"button\" id=\"ubtn-8505\" class=\"ubtn ult-adjust-bottom-margin ult-responsive ubtn-large ubtn-no-hover-bg  none  ubtn-sep-icon ubtn-sep-icon-bottom-push  ubtn-left   tooltip-69de5f51c501f\"  data-hover=\"\" data-border-color=\"\" data-bg=\"#ea5045\" data-hover-bg=\"\" data-border-hover=\"\" data-shadow-hover=\"\" data-shadow-click=\"none\" data-shadow=\"\" data-shd-shadow=\"\"  data-ultimate-target='#ubtn-8505'  data-responsive-json-new='{\"font-size\":\"\",\"line-height\":\"\"}'  style=\"font-weight:normal;border:none;background: #ea5045;color: #ffffff;\"><span class=\"ubtn-data ubtn-icon\"><i class=\"Defaults-envelope-o\" style=\"font-size:32px;color:;\"><\/i><\/span><span class=\"ubtn-hover\" style=\"background-color:\"><\/span><span class=\"ubtn-data ubtn-text \" >V\u00f5tke \u00fchendust meie ekspertide meeskonnaga, et saada lisateavet meie pakkumiste kohta<\/span><\/button><\/a><\/div>[\/vc_column][\/vc_row][vc_row][vc_column width=&#8221;1\/1&#8243;]<div class=\"spacer\" style=\"height: 60px;\"><\/div>[vc_column_text]<strong>Sertifikaadid<\/strong>[\/vc_column_text][vc_row_inner][vc_column_inner width=&#8221;1\/6&#8243;]<div class=\" ubtn-ctn-left \"><a class=\"ubtn-link ult-adjust-bottom-margin ubtn-left ubtn-normal \"  rel='' href = \"https:\/\/www.ionisos.com\/wp-content\/uploads\/2023\/03\/GMP-certificate-AEMPS-DFV-20-01-2025-EudraGMP.pdf\" target='_blank'><button type=\"button\" id=\"ubtn-4596\" class=\"ubtn ult-adjust-bottom-margin ult-responsive ubtn-normal ubtn-no-hover-bg  none  ubtn-left   tooltip-69de5f51c5066\"  data-hover=\"\" data-border-color=\"\" data-bg=\"#e0e0e0\" data-hover-bg=\"\" data-border-hover=\"\" data-shadow-hover=\"\" data-shadow-click=\"none\" data-shadow=\"\" data-shd-shadow=\"\"  data-ultimate-target='#ubtn-4596'  data-responsive-json-new='{\"font-size\":\"\",\"line-height\":\"\"}'  style=\"font-weight:normal;border:none;background: #e0e0e0;color: #000000;\"><span class=\"ubtn-hover\" style=\"background-color:\"><\/span><span class=\"ubtn-data ubtn-text \" >GMP sertifikaat<\/span><\/button><\/a><\/div>[\/vc_column_inner][vc_column_inner width=&#8221;1\/6&#8243;]<div class=\" ubtn-ctn-left \"><a class=\"ubtn-link ult-adjust-bottom-margin ubtn-left ubtn-normal \"  rel='' href = \"https:\/\/www.ionisos.com\/wp-content\/uploads\/2023\/12\/IONISOS-IBERICAIonmed-EsterilizacionS.A.U.pdf\" target='_blank'><button type=\"button\" id=\"ubtn-1001\" class=\"ubtn ult-adjust-bottom-margin ult-responsive ubtn-normal ubtn-no-hover-bg  none  ubtn-left   tooltip-69de5f51c5081\"  data-hover=\"\" data-border-color=\"\" data-bg=\"#e0e0e0\" data-hover-bg=\"\" data-border-hover=\"\" data-shadow-hover=\"\" data-shadow-click=\"none\" data-shadow=\"\" data-shd-shadow=\"\"  data-ultimate-target='#ubtn-1001'  data-responsive-json-new='{\"font-size\":\"\",\"line-height\":\"\"}'  style=\"font-weight:normal;border:none;background: #e0e0e0;color: #000000;\"><span class=\"ubtn-hover\" style=\"background-color:\"><\/span><span class=\"ubtn-data ubtn-text \" >Jaapani registreerimistunnistus<\/span><\/button><\/a><\/div>[\/vc_column_inner][vc_column_inner width=&#8221;1\/6&#8243;]<div class=\" ubtn-ctn-left \"><a class=\"ubtn-link ult-adjust-bottom-margin ubtn-left ubtn-normal \"  rel='' href = \"https:\/\/www.ionisos.com\/wp-content\/uploads\/2025\/06\/9001.pdf\" target='_blank'><button type=\"button\" id=\"ubtn-5905\" class=\"ubtn ult-adjust-bottom-margin ult-responsive ubtn-normal ubtn-no-hover-bg  none  ubtn-left   tooltip-69de5f51c5099\"  data-hover=\"\" data-border-color=\"\" data-bg=\"#e0e0e0\" data-hover-bg=\"\" data-border-hover=\"\" data-shadow-hover=\"\" data-shadow-click=\"none\" data-shadow=\"\" data-shd-shadow=\"\"  data-ultimate-target='#ubtn-5905'  data-responsive-json-new='{\"font-size\":\"\",\"line-height\":\"\"}'  style=\"font-weight:normal;border:none;background: #e0e0e0;color: #000000;\"><span class=\"ubtn-hover\" style=\"background-color:\"><\/span><span class=\"ubtn-data ubtn-text \" >ISO 9001 sertifikaat<\/span><\/button><\/a><\/div>[\/vc_column_inner][vc_column_inner width=&#8221;1\/6&#8243;]<div class=\" ubtn-ctn-left \"><a class=\"ubtn-link ult-adjust-bottom-margin ubtn-left ubtn-normal \"  rel='' href = \"https:\/\/www.ionisos.com\/wp-content\/uploads\/2025\/06\/13485.pdf\" target='_blank'><button type=\"button\" id=\"ubtn-6842\" class=\"ubtn ult-adjust-bottom-margin ult-responsive ubtn-normal ubtn-no-hover-bg  none  ubtn-left   tooltip-69de5f51c50af\"  data-hover=\"\" data-border-color=\"\" data-bg=\"#e0e0e0\" data-hover-bg=\"\" data-border-hover=\"\" data-shadow-hover=\"\" data-shadow-click=\"none\" data-shadow=\"\" data-shd-shadow=\"\"  data-ultimate-target='#ubtn-6842'  data-responsive-json-new='{\"font-size\":\"\",\"line-height\":\"\"}'  style=\"font-weight:normal;border:none;background: #e0e0e0;color: #000000;\"><span class=\"ubtn-hover\" style=\"background-color:\"><\/span><span class=\"ubtn-data ubtn-text \" >ISO 13485 sertifikaat<\/span><\/button><\/a><\/div>[\/vc_column_inner][vc_column_inner width=&#8221;1\/6&#8243;]<div class=\" ubtn-ctn-left \"><a class=\"ubtn-link ult-adjust-bottom-margin ubtn-left ubtn-normal \"  rel='' href = \"https:\/\/www.ionisos.com\/wp-content\/uploads\/2025\/02\/ISO_45001-FRE-C696997-0-20250227.pdf\" target='_blank'><button type=\"button\" id=\"ubtn-5853\" class=\"ubtn ult-adjust-bottom-margin ult-responsive ubtn-normal ubtn-no-hover-bg  none  ubtn-left   tooltip-69de5f51c50c8\"  data-hover=\"\" data-border-color=\"\" data-bg=\"#e0e0e0\" data-hover-bg=\"\" data-border-hover=\"\" data-shadow-hover=\"\" data-shadow-click=\"none\" data-shadow=\"\" data-shd-shadow=\"\"  data-ultimate-target='#ubtn-5853'  data-responsive-json-new='{\"font-size\":\"\",\"line-height\":\"\"}'  style=\"font-weight:normal;border:none;background: #e0e0e0;color: #000000;\"><span class=\"ubtn-hover\" style=\"background-color:\"><\/span><span class=\"ubtn-data ubtn-text \" >ISO 45001 sertifikaat<\/span><\/button><\/a><\/div>[\/vc_column_inner][vc_column_inner width=&#8221;1\/6&#8243;]<div class=\" ubtn-ctn-left \"><a class=\"ubtn-link ult-adjust-bottom-margin ubtn-left ubtn-normal \"  rel='' href = \"https:\/\/www.ionisos.com\/wp-content\/uploads\/2026\/03\/ISCC_PLUS_certificate_3393_Ionmed.pdf\" target='_blank'><button type=\"button\" id=\"ubtn-1422\" class=\"ubtn ult-adjust-bottom-margin ult-responsive ubtn-normal ubtn-no-hover-bg  none  ubtn-left   tooltip-69de5f51c50dd\"  data-hover=\"\" data-border-color=\"\" data-bg=\"#e0e0e0\" data-hover-bg=\"\" data-border-hover=\"\" data-shadow-hover=\"\" data-shadow-click=\"none\" data-shadow=\"\" data-shd-shadow=\"\"  data-ultimate-target='#ubtn-1422'  data-responsive-json-new='{\"font-size\":\"\",\"line-height\":\"\"}'  style=\"font-weight:normal;border:none;background: #e0e0e0;color: #000000;\"><span class=\"ubtn-hover\" style=\"background-color:\"><\/span><span class=\"ubtn-data ubtn-text \" >ISCC PLUS sertifikaat<\/span><\/button><\/a><\/div>[\/vc_column_inner][\/vc_row_inner][vc_row_inner][vc_column_inner width=&#8221;1\/6&#8243;]<div class=\" ubtn-ctn-left \"><a class=\"ubtn-link ult-adjust-bottom-margin ubtn-left ubtn-normal \"  rel='' href = \"https:\/\/www.ionisos.com\/wp-content\/uploads\/2025\/03\/AEMPS-Operating-license-for-health-products-n94-PS-0.pdf\" target='_blank'><button type=\"button\" id=\"ubtn-9532\" class=\"ubtn ult-adjust-bottom-margin ult-responsive ubtn-normal ubtn-no-hover-bg  none  ubtn-left   tooltip-69de5f51c50f3\"  data-hover=\"\" data-border-color=\"\" data-bg=\"#e0e0e0\" data-hover-bg=\"\" data-border-hover=\"\" data-shadow-hover=\"\" data-shadow-click=\"none\" data-shadow=\"\" data-shd-shadow=\"\"  data-ultimate-target='#ubtn-9532'  data-responsive-json-new='{\"font-size\":\"\",\"line-height\":\"\"}'  style=\"font-weight:normal;border:none;background: #e0e0e0;color: #000000;\"><span class=\"ubtn-hover\" style=\"background-color:\"><\/span><span class=\"ubtn-data ubtn-text \" >Tegevusluba tervishoiutoodete jaoks<\/span><\/button><\/a><\/div>[\/vc_column_inner][vc_column_inner width=&#8221;1\/6&#8243;]<div class=\" ubtn-ctn-left \"><a class=\"ubtn-link ult-adjust-bottom-margin ubtn-left ubtn-normal \"  rel='' href = \"https:\/\/www.ionisos.com\/wp-content\/uploads\/2025\/06\/AEMPS_Notif_YS4RCB8Z75CV54R2T415.pdf\" target='_blank'><button type=\"button\" id=\"ubtn-1531\" class=\"ubtn ult-adjust-bottom-margin ult-responsive ubtn-normal ubtn-no-hover-bg  none  ubtn-left   tooltip-69de5f51c5109\"  data-hover=\"\" data-border-color=\"\" data-bg=\"#e0e0e0\" data-hover-bg=\"\" data-border-hover=\"\" data-shadow-hover=\"\" data-shadow-click=\"none\" data-shadow=\"\" data-shd-shadow=\"\"  data-ultimate-target='#ubtn-1531'  data-responsive-json-new='{\"font-size\":\"\",\"line-height\":\"\"}'  style=\"font-weight:normal;border:none;background: #e0e0e0;color: #000000;\"><span class=\"ubtn-hover\" style=\"background-color:\"><\/span><span class=\"ubtn-data ubtn-text \" >Farmaatsiatoodete tegevusluba<\/span><\/button><\/a><\/div>[\/vc_column_inner][vc_column_inner width=&#8221;1\/6&#8243;][\/vc_column_inner][vc_column_inner width=&#8221;1\/6&#8243;][\/vc_column_inner][vc_column_inner width=&#8221;1\/6&#8243;][\/vc_column_inner][vc_column_inner width=&#8221;1\/6&#8243;][\/vc_column_inner][\/vc_row_inner][\/vc_column][\/vc_row][vc_row][vc_column width=&#8221;1\/1&#8243;]<div class=\"spacer\" style=\"height: 20px;\"><\/div><div class=\" ubtn-ctn-center \"><a class=\"ubtn-link ult-adjust-bottom-margin ubtn-center ubtn-large \" title='Contact' rel='' href = \"https:\/\/www.ionisos.com\/nos-sites\/\" ><button type=\"button\" id=\"ubtn-7503\" class=\"ubtn ult-adjust-bottom-margin ult-responsive ubtn-large ubtn-no-hover-bg  none  ubtn-sep-icon ubtn-sep-icon-at-left  ubtn-center   tooltip-69de5f51c5139\"  data-hover=\"\" data-border-color=\"\" data-bg=\"#707070\" data-hover-bg=\"\" data-border-hover=\"\" data-shadow-hover=\"\" data-shadow-click=\"none\" data-shadow=\"\" data-shd-shadow=\"\"  data-ultimate-target='#ubtn-7503'  data-responsive-json-new='{\"font-size\":\"\",\"line-height\":\"\"}'  style=\"font-weight:normal;border:none;background: #707070;color: #ffffff;\"><span class=\"ubtn-data ubtn-icon\"><i class=\"Defaults-chevron-left\" style=\"font-size:20px;color:;\"><\/i><\/span><span class=\"ubtn-hover\" style=\"background-color:\"><\/span><span class=\"ubtn-data ubtn-text \" >Tagasi saitide nimekirja juurde<\/span><\/button><\/a><\/div><div class=\"spacer\" style=\"height: 60px;\"><\/div>[\/vc_column][\/vc_row]<\/p>\n","protected":false},"excerpt":{"rendered":"<p>[vc_row bg_image=&#8221;24245&#8243; bg_repeat=&#8221;no-repeat&#8221; text_color=&#8221;light&#8221; text_align=&#8221;center&#8221; top_padding=&#8221;100&#8243; bottom_padding=&#8221;100&#8243;][vc_column width=&#8221;1\/1&#8243;][\/vc_column][\/vc_row][vc_row][vc_column width=&#8221;1\/1&#8243;][vc_raw_html]PGlmcmFtZSBzcmM9Imh0dHBzOi8vd3d3Lmdvb2dsZS5jb20vbWFwcy9lbWJlZD9wYj0hMW0xOCExbTEyITFtMyExZDMwNTYuNjE3NzcyMzQ5OTk1NCEyZC0yLjk4NjgyODEyMjAzOTc3OTchM2QzOS45OTQ2NDYzODEyMTc1MSEybTMhMWYwITJmMCEzZjAhM20yITFpMTAyNCEyaTc2OCE0ZjEzLjEhM20zITFtMiExczB4ZDQyODE1ZjQ2ZTUxMTRkJTNBMHgzNDJhYWMxZWI4NzU2NGYzITJzSU9OSVNPUyUyMElCJUMzJTg5UklDQSE1ZTAhM20yITFzZnIhMnNmciE0djE3MDM3NzA2MTI4OTYhNW0yITFzZnIhMnNmciIgd2lkdGg9IjEwMCUiIGhlaWdodD0iMzAwIiBzdHlsZT0iYm9yZGVyOjA7IiBhbGxvd2Z1bGxzY3JlZW49IiIgbG9hZGluZz0ibGF6eSIgcmVmZXJyZXJwb2xpY3k9Im5vLXJlZmVycmVyLXdoZW4tZG93bmdyYWRlIj48L2lmcmFtZT4=[\/vc_raw_html][\/vc_column][\/vc_row][vc_row][vc_column width=&#8221;1\/3&#8243;][vc_column_text]Aadress T\u00f6\u00f6stuspiirkond \u00abTaranc\u00f3n Sur\u00bb C\/ Rocinante, krunt 50 16400 Taranc\u00f3n, Cuenca HISPaania[\/vc_column_text][\/vc_column][vc_column width=&#8221;1\/3&#8243;][vc_column_text]Asukoha omadused [\/vc_column_text][vc_raw_html]PHRhYmxlIHdpZHRoPSIxMDAlIiBib3JkZXI9IjEiPg0KICA8dGJvZHk+DQogICAgPHRyPg0KICAgICAgPHRkPlTDvMO8cDo8L3RkPg0KICAgICAgPHRkPkVsZWt0cm9uaWtpaXI8L3RkPg0KICAgIDwvdHI+DQogICAgPHRyPg0KICAgICAgPHRkPkVuZXJnaWE6PC90ZD4NCiAgICAgIDx0ZD4xMCBNZVYsIDI4IGtXPC90ZD4NCiAgICA8L3RyPg0KICAgIDx0cj4NCiAgICAgIDx0ZD5LaWlyZSB0w7zDvHA6PC90ZD4NCiAgICAgIDx0ZD5WZXJ0aWthYWxuZTwvdGQ+DQogICAgPC90cj4NCiAgICA8dHI+DQogICAgICA8dGQ+S2FzdGlkZSBtw7XDtXRtZWQ6PC90ZD4NCiAgICAgIDx0ZD4xMDAwIHggMTIwMCB4IDUwMCBtbTwvdGQ+DQogICAgPC90cj4NCiAgICA8dHI+DQogICAgICA8dGQ+S2FzdGlkZSBtYWtzaW1hYWxuZSBrYWFsOjwvdGQ+DQogICAgICA8dGQ+MTAwIGtnPC90ZD4NCiAgICA8L3RyPg0KICA8L3Rib2R5Pg0KPC90YWJsZT48YnI+[\/vc_raw_html][\/vc_column][vc_column text_color=&#8221;light&#8221; text_align=&#8221;center&#8221; width=&#8221;1\/3&#8243;][\/vc_column][\/vc_row][vc_row][vc_column width=&#8221;1\/1&#8243;][vc_column_text]Sertifikaadid[\/vc_column_text][vc_row_inner][vc_column_inner width=&#8221;1\/6&#8243;][\/vc_column_inner][vc_column_inner width=&#8221;1\/6&#8243;][\/vc_column_inner][vc_column_inner width=&#8221;1\/6&#8243;][\/vc_column_inner][vc_column_inner width=&#8221;1\/6&#8243;][\/vc_column_inner][vc_column_inner width=&#8221;1\/6&#8243;][\/vc_column_inner][vc_column_inner width=&#8221;1\/6&#8243;][\/vc_column_inner][\/vc_row_inner][vc_row_inner][vc_column_inner width=&#8221;1\/6&#8243;][\/vc_column_inner][vc_column_inner width=&#8221;1\/6&#8243;][\/vc_column_inner][vc_column_inner width=&#8221;1\/6&#8243;][\/vc_column_inner][vc_column_inner width=&#8221;1\/6&#8243;][\/vc_column_inner][vc_column_inner width=&#8221;1\/6&#8243;][\/vc_column_inner][vc_column_inner width=&#8221;1\/6&#8243;][\/vc_column_inner][\/vc_row_inner][\/vc_column][\/vc_row][vc_row][vc_column width=&#8221;1\/1&#8243;][\/vc_column][\/vc_row]<\/p>\n","protected":false},"author":1,"featured_media":19573,"parent":17042,"menu_order":0,"comment_status":"closed","ping_status":"closed","template":"","meta":{"inline_featured_image":false,"footnotes":""},"class_list":["post-26747","page","type-page","status-publish","has-post-thumbnail","hentry"],"yoast_head":"<!-- This site is optimized with the Yoast SEO plugin v26.3 - https:\/\/yoast.com\/wordpress\/plugins\/seo\/ -->\n<title>Taranc\u00f3n - Ionisos<\/title>\n<meta name=\"description\" content=\"Ionisose tehas Taranc\u00f3nis (Hispaania) on spetsialiseerunud elektronkiirega steriliseerimisele.\" \/>\n<meta name=\"robots\" content=\"index, follow, max-snippet:-1, max-image-preview:large, max-video-preview:-1\" \/>\n<link rel=\"canonical\" href=\"https:\/\/www.ionisos.com\/et\/meie-asukohad\/tarancon\/\" \/>\n<meta property=\"og:locale\" content=\"et_EE\" \/>\n<meta property=\"og:type\" content=\"article\" \/>\n<meta property=\"og:title\" content=\"Taranc\u00f3n - Ionisos\" \/>\n<meta property=\"og:description\" content=\"Ionisose tehas Taranc\u00f3nis (Hispaania) on spetsialiseerunud elektronkiirega steriliseerimisele.\" \/>\n<meta property=\"og:url\" content=\"https:\/\/www.ionisos.com\/et\/meie-asukohad\/tarancon\/\" \/>\n<meta property=\"og:site_name\" content=\"Ionisos\" \/>\n<meta property=\"article:modified_time\" content=\"2026-03-04T15:45:03+00:00\" \/>\n<meta property=\"og:image\" content=\"https:\/\/www.ionisos.com\/wp-content\/uploads\/2017\/03\/Photo-Ionisos-Iberica12-1.jpg\" \/>\n\t<meta property=\"og:image:width\" content=\"1920\" \/>\n\t<meta property=\"og:image:height\" content=\"600\" \/>\n\t<meta property=\"og:image:type\" content=\"image\/jpeg\" \/>\n<meta name=\"twitter:card\" content=\"summary_large_image\" \/>\n<meta name=\"twitter:label1\" content=\"Est. reading time\" \/>\n\t<meta name=\"twitter:data1\" content=\"4 minutit\" \/>\n<script type=\"application\/ld+json\" class=\"yoast-schema-graph\">{\"@context\":\"https:\/\/schema.org\",\"@graph\":[{\"@type\":\"WebPage\",\"@id\":\"https:\/\/www.ionisos.com\/et\/meie-asukohad\/tarancon\/\",\"url\":\"https:\/\/www.ionisos.com\/et\/meie-asukohad\/tarancon\/\",\"name\":\"Taranc\u00f3n - Ionisos\",\"isPartOf\":{\"@id\":\"https:\/\/www.ionisos.com\/#website\"},\"primaryImageOfPage\":{\"@id\":\"https:\/\/www.ionisos.com\/et\/meie-asukohad\/tarancon\/#primaryimage\"},\"image\":{\"@id\":\"https:\/\/www.ionisos.com\/et\/meie-asukohad\/tarancon\/#primaryimage\"},\"thumbnailUrl\":\"https:\/\/www.ionisos.com\/wp-content\/uploads\/2017\/03\/Photo-Ionisos-Iberica12-1.jpg\",\"datePublished\":\"2025-04-23T07:52:40+00:00\",\"dateModified\":\"2026-03-04T15:45:03+00:00\",\"description\":\"Ionisose tehas Taranc\u00f3nis (Hispaania) on spetsialiseerunud elektronkiirega steriliseerimisele.\",\"breadcrumb\":{\"@id\":\"https:\/\/www.ionisos.com\/et\/meie-asukohad\/tarancon\/#breadcrumb\"},\"inLanguage\":\"et\",\"potentialAction\":[{\"@type\":\"ReadAction\",\"target\":[\"https:\/\/www.ionisos.com\/et\/meie-asukohad\/tarancon\/\"]}]},{\"@type\":\"ImageObject\",\"inLanguage\":\"et\",\"@id\":\"https:\/\/www.ionisos.com\/et\/meie-asukohad\/tarancon\/#primaryimage\",\"url\":\"https:\/\/www.ionisos.com\/wp-content\/uploads\/2017\/03\/Photo-Ionisos-Iberica12-1.jpg\",\"contentUrl\":\"https:\/\/www.ionisos.com\/wp-content\/uploads\/2017\/03\/Photo-Ionisos-Iberica12-1.jpg\",\"width\":1920,\"height\":600,\"caption\":\"Site IONISOS Iberica\"},{\"@type\":\"BreadcrumbList\",\"@id\":\"https:\/\/www.ionisos.com\/et\/meie-asukohad\/tarancon\/#breadcrumb\",\"itemListElement\":[{\"@type\":\"ListItem\",\"position\":1,\"name\":\"Accueil\",\"item\":\"https:\/\/www.ionisos.com\/et\/\"},{\"@type\":\"ListItem\",\"position\":2,\"name\":\"Meie asukohad\",\"item\":\"https:\/\/www.ionisos.com\/et\/meie-asukohad\/\"},{\"@type\":\"ListItem\",\"position\":3,\"name\":\"Taranc\u00f3n\"}]},{\"@type\":\"WebSite\",\"@id\":\"https:\/\/www.ionisos.com\/#website\",\"url\":\"https:\/\/www.ionisos.com\/\",\"name\":\"Ionisos\",\"description\":\"Ionisation par \u00e9lectrons acc\u00e9l\u00e9r\u00e9s, rayons gamma, rayons X et oxyde d&#039;\u00e9thyl\u00e8ne\",\"potentialAction\":[{\"@type\":\"SearchAction\",\"target\":{\"@type\":\"EntryPoint\",\"urlTemplate\":\"https:\/\/www.ionisos.com\/?s={search_term_string}\"},\"query-input\":{\"@type\":\"PropertyValueSpecification\",\"valueRequired\":true,\"valueName\":\"search_term_string\"}}],\"inLanguage\":\"et\"}]}<\/script>\n<!-- \/ Yoast SEO plugin. -->","yoast_head_json":{"title":"Taranc\u00f3n - Ionisos","description":"Ionisose tehas Taranc\u00f3nis (Hispaania) on spetsialiseerunud elektronkiirega steriliseerimisele.","robots":{"index":"index","follow":"follow","max-snippet":"max-snippet:-1","max-image-preview":"max-image-preview:large","max-video-preview":"max-video-preview:-1"},"canonical":"https:\/\/www.ionisos.com\/et\/meie-asukohad\/tarancon\/","og_locale":"et_EE","og_type":"article","og_title":"Taranc\u00f3n - Ionisos","og_description":"Ionisose tehas Taranc\u00f3nis (Hispaania) on spetsialiseerunud elektronkiirega steriliseerimisele.","og_url":"https:\/\/www.ionisos.com\/et\/meie-asukohad\/tarancon\/","og_site_name":"Ionisos","article_modified_time":"2026-03-04T15:45:03+00:00","og_image":[{"width":1920,"height":600,"url":"https:\/\/www.ionisos.com\/wp-content\/uploads\/2017\/03\/Photo-Ionisos-Iberica12-1.jpg","type":"image\/jpeg"}],"twitter_card":"summary_large_image","twitter_misc":{"Est. reading time":"4 minutit"},"schema":{"@context":"https:\/\/schema.org","@graph":[{"@type":"WebPage","@id":"https:\/\/www.ionisos.com\/et\/meie-asukohad\/tarancon\/","url":"https:\/\/www.ionisos.com\/et\/meie-asukohad\/tarancon\/","name":"Taranc\u00f3n - Ionisos","isPartOf":{"@id":"https:\/\/www.ionisos.com\/#website"},"primaryImageOfPage":{"@id":"https:\/\/www.ionisos.com\/et\/meie-asukohad\/tarancon\/#primaryimage"},"image":{"@id":"https:\/\/www.ionisos.com\/et\/meie-asukohad\/tarancon\/#primaryimage"},"thumbnailUrl":"https:\/\/www.ionisos.com\/wp-content\/uploads\/2017\/03\/Photo-Ionisos-Iberica12-1.jpg","datePublished":"2025-04-23T07:52:40+00:00","dateModified":"2026-03-04T15:45:03+00:00","description":"Ionisose tehas Taranc\u00f3nis (Hispaania) on spetsialiseerunud elektronkiirega steriliseerimisele.","breadcrumb":{"@id":"https:\/\/www.ionisos.com\/et\/meie-asukohad\/tarancon\/#breadcrumb"},"inLanguage":"et","potentialAction":[{"@type":"ReadAction","target":["https:\/\/www.ionisos.com\/et\/meie-asukohad\/tarancon\/"]}]},{"@type":"ImageObject","inLanguage":"et","@id":"https:\/\/www.ionisos.com\/et\/meie-asukohad\/tarancon\/#primaryimage","url":"https:\/\/www.ionisos.com\/wp-content\/uploads\/2017\/03\/Photo-Ionisos-Iberica12-1.jpg","contentUrl":"https:\/\/www.ionisos.com\/wp-content\/uploads\/2017\/03\/Photo-Ionisos-Iberica12-1.jpg","width":1920,"height":600,"caption":"Site IONISOS Iberica"},{"@type":"BreadcrumbList","@id":"https:\/\/www.ionisos.com\/et\/meie-asukohad\/tarancon\/#breadcrumb","itemListElement":[{"@type":"ListItem","position":1,"name":"Accueil","item":"https:\/\/www.ionisos.com\/et\/"},{"@type":"ListItem","position":2,"name":"Meie asukohad","item":"https:\/\/www.ionisos.com\/et\/meie-asukohad\/"},{"@type":"ListItem","position":3,"name":"Taranc\u00f3n"}]},{"@type":"WebSite","@id":"https:\/\/www.ionisos.com\/#website","url":"https:\/\/www.ionisos.com\/","name":"Ionisos","description":"Ionisation par \u00e9lectrons acc\u00e9l\u00e9r\u00e9s, rayons gamma, rayons X et oxyde d&#039;\u00e9thyl\u00e8ne","potentialAction":[{"@type":"SearchAction","target":{"@type":"EntryPoint","urlTemplate":"https:\/\/www.ionisos.com\/?s={search_term_string}"},"query-input":{"@type":"PropertyValueSpecification","valueRequired":true,"valueName":"search_term_string"}}],"inLanguage":"et"}]}},"_links":{"self":[{"href":"https:\/\/www.ionisos.com\/et\/wp-json\/wp\/v2\/pages\/26747","targetHints":{"allow":["GET"]}}],"collection":[{"href":"https:\/\/www.ionisos.com\/et\/wp-json\/wp\/v2\/pages"}],"about":[{"href":"https:\/\/www.ionisos.com\/et\/wp-json\/wp\/v2\/types\/page"}],"author":[{"embeddable":true,"href":"https:\/\/www.ionisos.com\/et\/wp-json\/wp\/v2\/users\/1"}],"replies":[{"embeddable":true,"href":"https:\/\/www.ionisos.com\/et\/wp-json\/wp\/v2\/comments?post=26747"}],"version-history":[{"count":22,"href":"https:\/\/www.ionisos.com\/et\/wp-json\/wp\/v2\/pages\/26747\/revisions"}],"predecessor-version":[{"id":27870,"href":"https:\/\/www.ionisos.com\/et\/wp-json\/wp\/v2\/pages\/26747\/revisions\/27870"}],"up":[{"embeddable":true,"href":"https:\/\/www.ionisos.com\/et\/wp-json\/wp\/v2\/pages\/17042"}],"wp:featuredmedia":[{"embeddable":true,"href":"https:\/\/www.ionisos.com\/et\/wp-json\/wp\/v2\/media\/19573"}],"wp:attachment":[{"href":"https:\/\/www.ionisos.com\/et\/wp-json\/wp\/v2\/media?parent=26747"}],"curies":[{"name":"wp","href":"https:\/\/api.w.org\/{rel}","templated":true}]}}