 {"id":26724,"date":"2025-04-22T15:58:41","date_gmt":"2025-04-22T13:58:41","guid":{"rendered":"https:\/\/www.ionisos.com\/meie-asukohad\/henriville\/"},"modified":"2025-08-05T11:16:18","modified_gmt":"2025-08-05T09:16:18","slug":"henriville","status":"publish","type":"page","link":"https:\/\/www.ionisos.com\/et\/meie-asukohad\/henriville\/","title":{"rendered":"Henriville"},"content":{"rendered":"<p>[vc_row bg_image=&#8221;24775&#8243; bg_repeat=&#8221;no-repeat&#8221; text_color=&#8221;light&#8221; text_align=&#8221;center&#8221; top_padding=&#8221;100&#8243; bottom_padding=&#8221;100&#8243;][vc_column width=&#8221;1\/1&#8243;]<h1 class=\"headline font-special fontsize-xxxl fontweight-inherit lh-inherit align-center transform-uppercase \" style=\"margin: 0;\"><strong>Henriville<\/strong><\/h1>[\/vc_column][\/vc_row][vc_row][vc_column width=&#8221;1\/1&#8243;]<div class=\"spacer\" style=\"height: 60px;\"><\/div>[vc_raw_html]PGlmcmFtZSBzdHlsZT0iYm9yZGVyOiAwOyIgc3JjPSJodHRwczovL3d3dy5nb29nbGUuY29tL21hcHMvZW1iZWQ\/cGI9ITFtMTghMW0xMiExbTMhMWQxMDQ0OC4wODc2NjUzOTIxMTEhMmQ2Ljg1ODYzOTQyODQ1MjM5MiEzZDQ5LjEwNTIyNDEwMTMyNTg1ITJtMyExZjAhMmYwITNmMCEzbTIhMWkxMDI0ITJpNzY4ITRmMTMuMSEzbTMhMW0yITFzMHg0Nzk0NGQwNjgxYzBkYWY3JTNBMHg1NmYwMzZjN2RhM2I0ZjIzITJzSW9uaXNvcyUyMC0lMjBIZW5yaXZpbGxlITVlMCEzbTIhMXNmciEyc2ZyITR2MTcxMTUyOTc2MTI3NCE1bTIhMXNmciEyc2ZyIiB3aWR0aD0iMTAwJSIgaGVpZ2h0PSIzMDAiIGFsbG93ZnVsbHNjcmVlbj0iYWxsb3dmdWxsc2NyZWVuIj48L2lmcmFtZT4=[\/vc_raw_html]<div class=\"spacer\" style=\"height: 60px;\"><\/div>[\/vc_column][\/vc_row][vc_row][vc_column width=&#8221;1\/3&#8243;][vc_column_text]<strong>Aadress<br \/>\n<\/strong>M\u00e9gazone D\u00e9partementale Far\u00e9bersviller<br \/>7 voie Gustave Eiffel<br \/>57450 Henriville<br \/>PRANTSUSMAA[\/vc_column_text]<div class=\"uavc-list-icon uavc-list-icon-wrapper ult-adjust-bottom-margin   \"><ul class=\"uavc-list\"><li><div class=\"uavc-list-content\" id=\"list-icon-wrap-9238\">\n<div class=\"uavc-list-icon  \" data-animation=\"\" data-animation-delay=\"03\" style=\"margin-right:20px;\"><div class=\"ult-just-icon-wrapper  \"><div class=\"align-icon\" style=\"text-align:center;\">\n<div class=\"aio-icon none \"  style=\"color:#ef9e1c;font-size:30px;display:inline-block;\">\n\t<i class=\"Defaults-phone\"><\/i>\n<\/div><\/div><\/div>\n<\/div><span  data-ultimate-target='#list-icon-wrap-9238 .uavc-list-desc'  data-responsive-json-new='{\"font-size\":\"\",\"line-height\":\"\"}'  class=\"uavc-list-desc ult-responsive\" style=\"\">+33 (0) 4 81 65 47 07<\/span><\/div><\/li><li><div class=\"uavc-list-content\" id=\"list-icon-wrap-4292\">\n<div class=\"uavc-list-icon  \" data-animation=\"\" data-animation-delay=\"03\" style=\"margin-right:20px;\"><div class=\"ult-just-icon-wrapper  \"><div class=\"align-icon\" style=\"text-align:center;\">\n<div class=\"aio-icon none \"  style=\"color:#ef9e1c;font-size:30px;display:inline-block;\">\n\t<i class=\"Defaults-envelope-o\"><\/i>\n<\/div><\/div><\/div>\n<\/div><span  data-ultimate-target='#list-icon-wrap-4292 .uavc-list-desc'  data-responsive-json-new='{\"font-size\":\"\",\"line-height\":\"\"}'  class=\"uavc-list-desc ult-responsive\" style=\"\"><a href=\"mailto:info@ionisos.com\">info@ionisos.com<\/a><\/span><\/div><\/li><\/ul><\/div>[\/vc_column][vc_column width=&#8221;1\/3&#8243;][vc_column_text]<strong>Asukoha omadused<\/strong><\/p>\n<a href=\"https:\/\/www.ionisos.com\/et\/meie-tegevused\/rontgenkiirguse-tootlemine\/\" target=\"_self\" class=\"button custom small \" style=\"background-color: #EF9E1C; border-color: #EF9E1C;border-radius: 2px;\">R\u00f6ntgen\u00fclesanne<\/a>[\/vc_column_text][\/vc_column][vc_column text_color=&#8221;light&#8221; text_align=&#8221;center&#8221; width=&#8221;1\/3&#8243;]<div class=\" ubtn-ctn-left \"><a class=\"ubtn-link ult-adjust-bottom-margin ubtn-left ubtn-large \" title='Contact' rel='' href = \"https:\/\/www.ionisos.com\/contact\/\" ><button type=\"button\" id=\"ubtn-2040\" class=\"ubtn ult-adjust-bottom-margin ult-responsive ubtn-large ubtn-no-hover-bg  none  ubtn-sep-icon ubtn-sep-icon-bottom-push  ubtn-left   tooltip-69d4463465bc9\"  data-hover=\"\" data-border-color=\"\" data-bg=\"#ef9e1c\" data-hover-bg=\"\" data-border-hover=\"\" data-shadow-hover=\"\" data-shadow-click=\"none\" data-shadow=\"\" data-shd-shadow=\"\"  data-ultimate-target='#ubtn-2040'  data-responsive-json-new='{\"font-size\":\"\",\"line-height\":\"\"}'  style=\"font-weight:normal;border:none;background: #ef9e1c;color: #ffffff;\"><span class=\"ubtn-data ubtn-icon\"><i class=\"Defaults-envelope-o\" style=\"font-size:32px;color:;\"><\/i><\/span><span class=\"ubtn-hover\" style=\"background-color:\"><\/span><span class=\"ubtn-data ubtn-text \" >V\u00f5tke \u00fchendust meie ekspertide meeskonnaga, et saada lisateavet meie pakkumiste kohta<\/span><\/button><\/a><\/div>[\/vc_column][\/vc_row][vc_row][vc_column width=&#8221;1\/1&#8243;]<div class=\"spacer\" style=\"height: 80px;\"><\/div>[vc_column_text]<\/p>\n<p style=\"text-align: center;\"><span style=\"color: #333333;\">Seda projekti toetavad Ionisosele Euroopa Liit ja Euroopa Regionaalarengu Fond (ERF).<\/span><\/p>\n<p>[\/vc_column_text]<div class=\"single_image wpb_content_element align-center    \" data-animation=\"none\" data-delay=\"0\"><img loading=\"lazy\" decoding=\"async\" width=\"300\" height=\"68\" src=\"https:\/\/www.ionisos.com\/wp-content\/uploads\/2025\/07\/FR_FundedbytheEU_RGB_POS-300x68.png\" class=\"attachment-medium\" alt=\"\" srcset=\"https:\/\/www.ionisos.com\/wp-content\/uploads\/2025\/07\/FR_FundedbytheEU_RGB_POS-300x68.png 300w, https:\/\/www.ionisos.com\/wp-content\/uploads\/2025\/07\/FR_FundedbytheEU_RGB_POS-1024x231.png 1024w, https:\/\/www.ionisos.com\/wp-content\/uploads\/2025\/07\/FR_FundedbytheEU_RGB_POS-768x173.png 768w, https:\/\/www.ionisos.com\/wp-content\/uploads\/2025\/07\/FR_FundedbytheEU_RGB_POS-1536x346.png 1536w, https:\/\/www.ionisos.com\/wp-content\/uploads\/2025\/07\/FR_FundedbytheEU_RGB_POS-scaled.png 2048w\" sizes=\"auto, (max-width: 300px) 100vw, 300px\" \/><\/div>[\/vc_column][\/vc_row][vc_row][vc_column width=&#8221;1\/1&#8243;]<div class=\"spacer\" style=\"height: 80px;\"><\/div><div class=\" ubtn-ctn-center \"><a class=\"ubtn-link ult-adjust-bottom-margin ubtn-center ubtn-large \" title='Contact' rel='' href = \"https:\/\/www.ionisos.com\/nos-sites\/\" ><button type=\"button\" id=\"ubtn-9191\" class=\"ubtn ult-adjust-bottom-margin ult-responsive ubtn-large ubtn-no-hover-bg  none  ubtn-sep-icon ubtn-sep-icon-at-left  ubtn-center   tooltip-69d44634668c2\"  data-hover=\"\" data-border-color=\"\" data-bg=\"#707070\" data-hover-bg=\"\" data-border-hover=\"\" data-shadow-hover=\"\" data-shadow-click=\"none\" data-shadow=\"\" data-shd-shadow=\"\"  data-ultimate-target='#ubtn-9191'  data-responsive-json-new='{\"font-size\":\"\",\"line-height\":\"\"}'  style=\"font-weight:normal;border:none;background: #707070;color: #ffffff;\"><span class=\"ubtn-data ubtn-icon\"><i class=\"Defaults-chevron-left\" style=\"font-size:20px;color:;\"><\/i><\/span><span class=\"ubtn-hover\" style=\"background-color:\"><\/span><span class=\"ubtn-data ubtn-text \" >Tagasi saitide nimekirja juurde<\/span><\/button><\/a><\/div><div class=\"spacer\" style=\"height: 60px;\"><\/div>[\/vc_column][\/vc_row]<\/p>\n","protected":false},"excerpt":{"rendered":"<p>[vc_row bg_image=&#8221;24775&#8243; bg_repeat=&#8221;no-repeat&#8221; text_color=&#8221;light&#8221; text_align=&#8221;center&#8221; top_padding=&#8221;100&#8243; bottom_padding=&#8221;100&#8243;][vc_column width=&#8221;1\/1&#8243;][\/vc_column][\/vc_row][vc_row][vc_column width=&#8221;1\/1&#8243;][vc_raw_html]PGlmcmFtZSBzdHlsZT0iYm9yZGVyOiAwOyIgc3JjPSJodHRwczovL3d3dy5nb29nbGUuY29tL21hcHMvZW1iZWQ\/cGI9ITFtMTghMW0xMiExbTMhMWQxMDQ0OC4wODc2NjUzOTIxMTEhMmQ2Ljg1ODYzOTQyODQ1MjM5MiEzZDQ5LjEwNTIyNDEwMTMyNTg1ITJtMyExZjAhMmYwITNmMCEzbTIhMWkxMDI0ITJpNzY4ITRmMTMuMSEzbTMhMW0yITFzMHg0Nzk0NGQwNjgxYzBkYWY3JTNBMHg1NmYwMzZjN2RhM2I0ZjIzITJzSW9uaXNvcyUyMC0lMjBIZW5yaXZpbGxlITVlMCEzbTIhMXNmciEyc2ZyITR2MTcxMTUyOTc2MTI3NCE1bTIhMXNmciEyc2ZyIiB3aWR0aD0iMTAwJSIgaGVpZ2h0PSIzMDAiIGFsbG93ZnVsbHNjcmVlbj0iYWxsb3dmdWxsc2NyZWVuIj48L2lmcmFtZT4=[\/vc_raw_html][\/vc_column][\/vc_row][vc_row][vc_column width=&#8221;1\/3&#8243;][vc_column_text]Aadress M\u00e9gazone D\u00e9partementale Far\u00e9bersviller7 voie Gustave Eiffel57450 HenrivillePRANTSUSMAA[\/vc_column_text][\/vc_column][vc_column width=&#8221;1\/3&#8243;][vc_column_text]Asukoha omadused [\/vc_column_text][\/vc_column][vc_column text_color=&#8221;light&#8221; text_align=&#8221;center&#8221; width=&#8221;1\/3&#8243;][\/vc_column][\/vc_row][vc_row][vc_column width=&#8221;1\/1&#8243;][vc_column_text] Seda projekti toetavad Ionisosele Euroopa Liit ja Euroopa Regionaalarengu Fond (ERF). [\/vc_column_text][\/vc_column][\/vc_row][vc_row][vc_column width=&#8221;1\/1&#8243;][\/vc_column][\/vc_row]<\/p>\n","protected":false},"author":1,"featured_media":0,"parent":17042,"menu_order":0,"comment_status":"closed","ping_status":"closed","template":"","meta":{"inline_featured_image":false,"footnotes":""},"class_list":["post-26724","page","type-page","status-publish","hentry"],"yoast_head":"<!-- This site is optimized with the Yoast SEO plugin v26.3 - https:\/\/yoast.com\/wordpress\/plugins\/seo\/ -->\n<title>Henriville - Ionisos<\/title>\n<meta name=\"description\" content=\"Henriville&#039;is (Moselle - Prantsusmaa) asuv Ionisos on spetsialiseerunud r\u00f6ntgensteriliseerimisele.\" \/>\n<meta name=\"robots\" content=\"index, follow, max-snippet:-1, max-image-preview:large, max-video-preview:-1\" \/>\n<link rel=\"canonical\" href=\"https:\/\/www.ionisos.com\/et\/meie-asukohad\/henriville\/\" \/>\n<meta property=\"og:locale\" content=\"et_EE\" \/>\n<meta property=\"og:type\" content=\"article\" \/>\n<meta property=\"og:title\" content=\"Henriville - Ionisos\" \/>\n<meta property=\"og:description\" content=\"Henriville&#039;is (Moselle - Prantsusmaa) asuv Ionisos on spetsialiseerunud r\u00f6ntgensteriliseerimisele.\" \/>\n<meta property=\"og:url\" content=\"https:\/\/www.ionisos.com\/et\/meie-asukohad\/henriville\/\" \/>\n<meta property=\"og:site_name\" content=\"Ionisos\" \/>\n<meta property=\"article:modified_time\" content=\"2025-08-05T09:16:18+00:00\" \/>\n<meta name=\"twitter:card\" content=\"summary_large_image\" \/>\n<meta name=\"twitter:label1\" content=\"Est. reading time\" \/>\n\t<meta name=\"twitter:data1\" content=\"2 minutit\" \/>\n<script type=\"application\/ld+json\" class=\"yoast-schema-graph\">{\"@context\":\"https:\/\/schema.org\",\"@graph\":[{\"@type\":\"WebPage\",\"@id\":\"https:\/\/www.ionisos.com\/et\/meie-asukohad\/henriville\/\",\"url\":\"https:\/\/www.ionisos.com\/et\/meie-asukohad\/henriville\/\",\"name\":\"Henriville - Ionisos\",\"isPartOf\":{\"@id\":\"https:\/\/www.ionisos.com\/#website\"},\"datePublished\":\"2025-04-22T13:58:41+00:00\",\"dateModified\":\"2025-08-05T09:16:18+00:00\",\"description\":\"Henriville'is (Moselle - Prantsusmaa) asuv Ionisos on spetsialiseerunud r\u00f6ntgensteriliseerimisele.\",\"breadcrumb\":{\"@id\":\"https:\/\/www.ionisos.com\/et\/meie-asukohad\/henriville\/#breadcrumb\"},\"inLanguage\":\"et\",\"potentialAction\":[{\"@type\":\"ReadAction\",\"target\":[\"https:\/\/www.ionisos.com\/et\/meie-asukohad\/henriville\/\"]}]},{\"@type\":\"BreadcrumbList\",\"@id\":\"https:\/\/www.ionisos.com\/et\/meie-asukohad\/henriville\/#breadcrumb\",\"itemListElement\":[{\"@type\":\"ListItem\",\"position\":1,\"name\":\"Accueil\",\"item\":\"https:\/\/www.ionisos.com\/et\/\"},{\"@type\":\"ListItem\",\"position\":2,\"name\":\"Meie asukohad\",\"item\":\"https:\/\/www.ionisos.com\/et\/meie-asukohad\/\"},{\"@type\":\"ListItem\",\"position\":3,\"name\":\"Henriville\"}]},{\"@type\":\"WebSite\",\"@id\":\"https:\/\/www.ionisos.com\/#website\",\"url\":\"https:\/\/www.ionisos.com\/\",\"name\":\"Ionisos\",\"description\":\"Ionisation par \u00e9lectrons acc\u00e9l\u00e9r\u00e9s, rayons gamma, rayons X et oxyde d&#039;\u00e9thyl\u00e8ne\",\"potentialAction\":[{\"@type\":\"SearchAction\",\"target\":{\"@type\":\"EntryPoint\",\"urlTemplate\":\"https:\/\/www.ionisos.com\/?s={search_term_string}\"},\"query-input\":{\"@type\":\"PropertyValueSpecification\",\"valueRequired\":true,\"valueName\":\"search_term_string\"}}],\"inLanguage\":\"et\"}]}<\/script>\n<!-- \/ Yoast SEO plugin. -->","yoast_head_json":{"title":"Henriville - Ionisos","description":"Henriville'is (Moselle - Prantsusmaa) asuv Ionisos on spetsialiseerunud r\u00f6ntgensteriliseerimisele.","robots":{"index":"index","follow":"follow","max-snippet":"max-snippet:-1","max-image-preview":"max-image-preview:large","max-video-preview":"max-video-preview:-1"},"canonical":"https:\/\/www.ionisos.com\/et\/meie-asukohad\/henriville\/","og_locale":"et_EE","og_type":"article","og_title":"Henriville - Ionisos","og_description":"Henriville'is (Moselle - Prantsusmaa) asuv Ionisos on spetsialiseerunud r\u00f6ntgensteriliseerimisele.","og_url":"https:\/\/www.ionisos.com\/et\/meie-asukohad\/henriville\/","og_site_name":"Ionisos","article_modified_time":"2025-08-05T09:16:18+00:00","twitter_card":"summary_large_image","twitter_misc":{"Est. reading time":"2 minutit"},"schema":{"@context":"https:\/\/schema.org","@graph":[{"@type":"WebPage","@id":"https:\/\/www.ionisos.com\/et\/meie-asukohad\/henriville\/","url":"https:\/\/www.ionisos.com\/et\/meie-asukohad\/henriville\/","name":"Henriville - Ionisos","isPartOf":{"@id":"https:\/\/www.ionisos.com\/#website"},"datePublished":"2025-04-22T13:58:41+00:00","dateModified":"2025-08-05T09:16:18+00:00","description":"Henriville'is (Moselle - Prantsusmaa) asuv Ionisos on spetsialiseerunud r\u00f6ntgensteriliseerimisele.","breadcrumb":{"@id":"https:\/\/www.ionisos.com\/et\/meie-asukohad\/henriville\/#breadcrumb"},"inLanguage":"et","potentialAction":[{"@type":"ReadAction","target":["https:\/\/www.ionisos.com\/et\/meie-asukohad\/henriville\/"]}]},{"@type":"BreadcrumbList","@id":"https:\/\/www.ionisos.com\/et\/meie-asukohad\/henriville\/#breadcrumb","itemListElement":[{"@type":"ListItem","position":1,"name":"Accueil","item":"https:\/\/www.ionisos.com\/et\/"},{"@type":"ListItem","position":2,"name":"Meie asukohad","item":"https:\/\/www.ionisos.com\/et\/meie-asukohad\/"},{"@type":"ListItem","position":3,"name":"Henriville"}]},{"@type":"WebSite","@id":"https:\/\/www.ionisos.com\/#website","url":"https:\/\/www.ionisos.com\/","name":"Ionisos","description":"Ionisation par \u00e9lectrons acc\u00e9l\u00e9r\u00e9s, rayons gamma, rayons X et oxyde d&#039;\u00e9thyl\u00e8ne","potentialAction":[{"@type":"SearchAction","target":{"@type":"EntryPoint","urlTemplate":"https:\/\/www.ionisos.com\/?s={search_term_string}"},"query-input":{"@type":"PropertyValueSpecification","valueRequired":true,"valueName":"search_term_string"}}],"inLanguage":"et"}]}},"_links":{"self":[{"href":"https:\/\/www.ionisos.com\/et\/wp-json\/wp\/v2\/pages\/26724","targetHints":{"allow":["GET"]}}],"collection":[{"href":"https:\/\/www.ionisos.com\/et\/wp-json\/wp\/v2\/pages"}],"about":[{"href":"https:\/\/www.ionisos.com\/et\/wp-json\/wp\/v2\/types\/page"}],"author":[{"embeddable":true,"href":"https:\/\/www.ionisos.com\/et\/wp-json\/wp\/v2\/users\/1"}],"replies":[{"embeddable":true,"href":"https:\/\/www.ionisos.com\/et\/wp-json\/wp\/v2\/comments?post=26724"}],"version-history":[{"count":14,"href":"https:\/\/www.ionisos.com\/et\/wp-json\/wp\/v2\/pages\/26724\/revisions"}],"predecessor-version":[{"id":27228,"href":"https:\/\/www.ionisos.com\/et\/wp-json\/wp\/v2\/pages\/26724\/revisions\/27228"}],"up":[{"embeddable":true,"href":"https:\/\/www.ionisos.com\/et\/wp-json\/wp\/v2\/pages\/17042"}],"wp:attachment":[{"href":"https:\/\/www.ionisos.com\/et\/wp-json\/wp\/v2\/media?parent=26724"}],"curies":[{"name":"wp","href":"https:\/\/api.w.org\/{rel}","templated":true}]}}