 {"id":26678,"date":"2025-04-22T11:37:03","date_gmt":"2025-04-22T09:37:03","guid":{"rendered":"https:\/\/www.ionisos.com\/meie-asukohad\/bautzen\/"},"modified":"2025-04-22T12:11:41","modified_gmt":"2025-04-22T10:11:41","slug":"bautzen","status":"publish","type":"page","link":"https:\/\/www.ionisos.com\/et\/meie-asukohad\/bautzen\/","title":{"rendered":"Bautzen"},"content":{"rendered":"<p>[vc_row bg_image=&#8221;24154&#8243; bg_repeat=&#8221;no-repeat&#8221; text_color=&#8221;light&#8221; text_align=&#8221;center&#8221; top_padding=&#8221;100&#8243; bottom_padding=&#8221;100&#8243;][vc_column width=&#8221;1\/1&#8243;]<h1 class=\"headline font-special fontsize-xxxl fontweight-inherit lh-inherit align-center transform-uppercase \" style=\"margin: 0;\"><strong>Bautzen<\/strong><\/h1>[\/vc_column][\/vc_row][vc_row][vc_column width=&#8221;1\/1&#8243;]<div class=\"spacer\" style=\"height: 60px;\"><\/div>[vc_raw_html]PGlmcmFtZSBzcmM9Imh0dHBzOi8vd3d3Lmdvb2dsZS5jb20vbWFwcy9lbWJlZD9wYj0hMW0xOCExbTEyITFtMyExZDI1MDAuMzUyMjkxMDQzNTA3ITJkMTQuMzM5Njk2ODc3NTc2MzUhM2Q1MS4xOTQxNTk5MzM1MzcwMTYhMm0zITFmMCEyZjAhM2YwITNtMiExaTEwMjQhMmk3NjghNGYxMy4xITNtMyExbTIhMXMweDQ3MDg1NDZmYWQxOWNhZWYlM0EweGMyNTU3NzFhZWYwNjU5ODIhMnNJb25pc29zJTIwLSUyMEJhdXR6ZW4hNWUwITNtMiExc2ZyITJzZnIhNHYxNzAzMDg1NTMxMzMxITVtMiExc2ZyITJzZnIiIHdpZHRoPSIxMDAlIiBoZWlnaHQ9IjMwMCIgc3R5bGU9ImJvcmRlcjowOyIgYWxsb3dmdWxsc2NyZWVuPSIiIGxvYWRpbmc9ImxhenkiIHJlZmVycmVycG9saWN5PSJuby1yZWZlcnJlci13aGVuLWRvd25ncmFkZSI+PC9pZnJhbWU+[\/vc_raw_html]<div class=\"spacer\" style=\"height: 60px;\"><\/div>[\/vc_column][\/vc_row][vc_row][vc_column width=&#8221;1\/3&#8243;][vc_column_text]<strong>Aadress<\/strong><br \/>\nNikolaus-Otto-Stra\u00dfe 5<br \/>\n02625 Bautzen<br \/>\nSAKSA[\/vc_column_text]<div class=\"uavc-list-icon uavc-list-icon-wrapper ult-adjust-bottom-margin   \"><ul class=\"uavc-list\"><li><div class=\"uavc-list-content\" id=\"list-icon-wrap-5143\">\n<div class=\"uavc-list-icon  \" data-animation=\"\" data-animation-delay=\"03\" style=\"margin-right:20px;\"><div class=\"ult-just-icon-wrapper  \"><div class=\"align-icon\" style=\"text-align:center;\">\n<div class=\"aio-icon none \"  style=\"color:#ea5045;font-size:30px;display:inline-block;\">\n\t<i class=\"Defaults-phone\"><\/i>\n<\/div><\/div><\/div>\n<\/div><span  data-ultimate-target='#list-icon-wrap-5143 .uavc-list-desc'  data-responsive-json-new='{\"font-size\":\"\",\"line-height\":\"\"}'  class=\"uavc-list-desc ult-responsive\" style=\"\">+49 (0) 35937 8838 0<\/span><\/div><\/li><li><div class=\"uavc-list-content\" id=\"list-icon-wrap-6317\">\n<div class=\"uavc-list-icon  \" data-animation=\"\" data-animation-delay=\"03\" style=\"margin-right:20px;\"><div class=\"ult-just-icon-wrapper  \"><div class=\"align-icon\" style=\"text-align:center;\">\n<div class=\"aio-icon none \"  style=\"color:#ea5045;font-size:30px;display:inline-block;\">\n\t<i class=\"Defaults-envelope-o\"><\/i>\n<\/div><\/div><\/div>\n<\/div><span  data-ultimate-target='#list-icon-wrap-6317 .uavc-list-desc'  data-responsive-json-new='{\"font-size\":\"\",\"line-height\":\"\"}'  class=\"uavc-list-desc ult-responsive\" style=\"\"><a href=\"mailto:info@ionisos.com\">info@ionisos.com<\/a><\/span><\/div><\/li><\/ul><\/div>[\/vc_column][vc_column width=&#8221;1\/3&#8243;][vc_column_text]<strong>Asukoha omadused<\/strong><\/p>\n<a href=\"\/et\/meie-tegevused\/beeta-tootlus\/\" target=\"_self\" class=\"button custom small \" style=\"background-color: #EA5045; border-color: #EA5045;border-radius: 2px;\">elektronkiire<\/a>[\/vc_column_text][vc_raw_html]Jm5ic3A7DQo8dGFibGUgYm9yZGVyPSIxIiB3aWR0aD0iMTAwJSI+DQo8dGJvZHk+DQo8dHI+DQo8dGQ+TGlpazo8L3RkPg0KPHRkPkVsZWt0cm9ua2lpcmd1c2Uga2lpcmVuZHVzPC90ZD4NCjwvdHI+DQo8dHI+DQo8dGQ+MS4gamEgMi4gam9vbmUgZW5lcmdpYTo8L3RkPg0KPHRkPjEsNSAtIDMsMCBNZVYsIDIyMCBrVzwvdGQ+DQo8L3RyPg0KPHRyPg0KPHRkPkvDtXJnZWltIGthYWJsaXRlIC8gdG9ydWRlIGzDpGJpbcO1w7V0OjwvdGQ+DQo8dGQ+NDAgbW08L3RkPg0KPC90cj4NCjwvdGJvZHk+DQo8L3RhYmxlPg0K[\/vc_raw_html][\/vc_column][vc_column text_color=&#8221;light&#8221; text_align=&#8221;center&#8221; width=&#8221;1\/3&#8243;]<div class=\" ubtn-ctn-left \"><a class=\"ubtn-link ult-adjust-bottom-margin ubtn-left ubtn-large \" title='Contact' rel='' href = \"https:\/\/www.ionisos.com\/contact\/\" ><button type=\"button\" id=\"ubtn-3948\" class=\"ubtn ult-adjust-bottom-margin ult-responsive ubtn-large ubtn-no-hover-bg  none  ubtn-sep-icon ubtn-sep-icon-bottom-push  ubtn-left   tooltip-69ed458617bf4\"  data-hover=\"\" data-border-color=\"\" data-bg=\"#ea5045\" data-hover-bg=\"\" data-border-hover=\"\" data-shadow-hover=\"\" data-shadow-click=\"none\" data-shadow=\"\" data-shd-shadow=\"\"  data-ultimate-target='#ubtn-3948'  data-responsive-json-new='{\"font-size\":\"\",\"line-height\":\"\"}'  style=\"font-weight:normal;border:none;background: #ea5045;color: #ffffff;\"><span class=\"ubtn-data ubtn-icon\"><i class=\"Defaults-envelope-o\" style=\"font-size:32px;color:;\"><\/i><\/span><span class=\"ubtn-hover\" style=\"background-color:\"><\/span><span class=\"ubtn-data ubtn-text \" >V\u00f5tke \u00fchendust meie ekspertide meeskonnaga, et saada lisateavet meie pakkumiste kohta<\/span><\/button><\/a><\/div>[\/vc_column][\/vc_row][vc_row][vc_column width=&#8221;1\/1&#8243;]<div class=\"spacer\" style=\"height: 60px;\"><\/div>[vc_column_text]<strong>Sertifikaadid<\/strong>[\/vc_column_text][vc_row_inner][vc_column_inner width=&#8221;1\/6&#8243;]<div class=\" ubtn-ctn-left \"><a class=\"ubtn-link ult-adjust-bottom-margin ubtn-left ubtn-normal \"  rel='' href = \"https:\/\/www.ionisos.com\/wp-content\/uploads\/2024\/09\/DIN-EN-ISO-9001_2015_eng.pdf\" target='_blank'><button type=\"button\" id=\"ubtn-4263\" class=\"ubtn ult-adjust-bottom-margin ult-responsive ubtn-normal ubtn-no-hover-bg  none  ubtn-left   tooltip-69ed458617c5a\"  data-hover=\"\" data-border-color=\"\" data-bg=\"#e0e0e0\" data-hover-bg=\"\" data-border-hover=\"\" data-shadow-hover=\"\" data-shadow-click=\"none\" data-shadow=\"\" data-shd-shadow=\"\"  data-ultimate-target='#ubtn-4263'  data-responsive-json-new='{\"font-size\":\"\",\"line-height\":\"\"}'  style=\"font-weight:normal;border:none;background: #e0e0e0;color: #000000;\"><span class=\"ubtn-hover\" style=\"background-color:\"><\/span><span class=\"ubtn-data ubtn-text \" >ISO 9001 sertifikaat<\/span><\/button><\/a><\/div>[\/vc_column_inner][vc_column_inner width=&#8221;1\/6&#8243;]<div class=\" ubtn-ctn-left \"><a class=\"ubtn-link ult-adjust-bottom-margin ubtn-left ubtn-normal \"  rel='' href = \"https:\/\/www.ionisos.com\/wp-content\/uploads\/2025\/02\/ISO_45001-FRE-C696997-0-20250227.pdf\" target='_blank'><button type=\"button\" id=\"ubtn-1978\" class=\"ubtn ult-adjust-bottom-margin ult-responsive ubtn-normal ubtn-no-hover-bg  none  ubtn-left   tooltip-69ed458617c83\"  data-hover=\"\" data-border-color=\"\" data-bg=\"#e0e0e0\" data-hover-bg=\"\" data-border-hover=\"\" data-shadow-hover=\"\" data-shadow-click=\"none\" data-shadow=\"\" data-shd-shadow=\"\"  data-ultimate-target='#ubtn-1978'  data-responsive-json-new='{\"font-size\":\"\",\"line-height\":\"\"}'  style=\"font-weight:normal;border:none;background: #e0e0e0;color: #000000;\"><span class=\"ubtn-hover\" style=\"background-color:\"><\/span><span class=\"ubtn-data ubtn-text \" >ISO 45001 sertifikaat<\/span><\/button><\/a><\/div>[\/vc_column_inner][vc_column_inner width=&#8221;1\/6&#8243;]<div class=\" ubtn-ctn-left \"><a class=\"ubtn-link ult-adjust-bottom-margin ubtn-left ubtn-normal \"  rel='' href = \"https:\/\/www.ionisos.com\/wp-content\/uploads\/2024\/09\/62189ms50001_en.pdf\" target='_blank'><button type=\"button\" id=\"ubtn-6301\" class=\"ubtn ult-adjust-bottom-margin ult-responsive ubtn-normal ubtn-no-hover-bg  none  ubtn-left   tooltip-69ed458617ca6\"  data-hover=\"\" data-border-color=\"\" data-bg=\"#e0e0e0\" data-hover-bg=\"\" data-border-hover=\"\" data-shadow-hover=\"\" data-shadow-click=\"none\" data-shadow=\"\" data-shd-shadow=\"\"  data-ultimate-target='#ubtn-6301'  data-responsive-json-new='{\"font-size\":\"\",\"line-height\":\"\"}'  style=\"font-weight:normal;border:none;background: #e0e0e0;color: #000000;\"><span class=\"ubtn-hover\" style=\"background-color:\"><\/span><span class=\"ubtn-data ubtn-text \" >ISO 50001 sertifikaat<\/span><\/button><\/a><\/div>[\/vc_column_inner][vc_column_inner width=&#8221;1\/6&#8243;][\/vc_column_inner][vc_column_inner width=&#8221;1\/6&#8243;][\/vc_column_inner][vc_column_inner width=&#8221;1\/6&#8243;][\/vc_column_inner][\/vc_row_inner][\/vc_column][\/vc_row][vc_row][vc_column width=&#8221;1\/1&#8243;]<div class=\"spacer\" style=\"height: 20px;\"><\/div><div class=\" ubtn-ctn-center \"><a class=\"ubtn-link ult-adjust-bottom-margin ubtn-center ubtn-large \" title='Contact' rel='' href = \"https:\/\/www.ionisos.com\/nos-sites\/\" ><button type=\"button\" id=\"ubtn-3761\" class=\"ubtn ult-adjust-bottom-margin ult-responsive ubtn-large ubtn-no-hover-bg  none  ubtn-sep-icon ubtn-sep-icon-at-left  ubtn-center   tooltip-69ed458617ce1\"  data-hover=\"\" data-border-color=\"\" data-bg=\"#707070\" data-hover-bg=\"\" data-border-hover=\"\" data-shadow-hover=\"\" data-shadow-click=\"none\" data-shadow=\"\" data-shd-shadow=\"\"  data-ultimate-target='#ubtn-3761'  data-responsive-json-new='{\"font-size\":\"\",\"line-height\":\"\"}'  style=\"font-weight:normal;border:none;background: #707070;color: #ffffff;\"><span class=\"ubtn-data ubtn-icon\"><i class=\"Defaults-chevron-left\" style=\"font-size:20px;color:;\"><\/i><\/span><span class=\"ubtn-hover\" style=\"background-color:\"><\/span><span class=\"ubtn-data ubtn-text \" >Tagasi saitide nimekirja juurde<\/span><\/button><\/a><\/div><div class=\"spacer\" style=\"height: 60px;\"><\/div>[\/vc_column][\/vc_row]<\/p>\n","protected":false},"excerpt":{"rendered":"<p>[vc_row bg_image=&#8221;24154&#8243; bg_repeat=&#8221;no-repeat&#8221; text_color=&#8221;light&#8221; text_align=&#8221;center&#8221; top_padding=&#8221;100&#8243; bottom_padding=&#8221;100&#8243;][vc_column width=&#8221;1\/1&#8243;][\/vc_column][\/vc_row][vc_row][vc_column width=&#8221;1\/1&#8243;][vc_raw_html]PGlmcmFtZSBzcmM9Imh0dHBzOi8vd3d3Lmdvb2dsZS5jb20vbWFwcy9lbWJlZD9wYj0hMW0xOCExbTEyITFtMyExZDI1MDAuMzUyMjkxMDQzNTA3ITJkMTQuMzM5Njk2ODc3NTc2MzUhM2Q1MS4xOTQxNTk5MzM1MzcwMTYhMm0zITFmMCEyZjAhM2YwITNtMiExaTEwMjQhMmk3NjghNGYxMy4xITNtMyExbTIhMXMweDQ3MDg1NDZmYWQxOWNhZWYlM0EweGMyNTU3NzFhZWYwNjU5ODIhMnNJb25pc29zJTIwLSUyMEJhdXR6ZW4hNWUwITNtMiExc2ZyITJzZnIhNHYxNzAzMDg1NTMxMzMxITVtMiExc2ZyITJzZnIiIHdpZHRoPSIxMDAlIiBoZWlnaHQ9IjMwMCIgc3R5bGU9ImJvcmRlcjowOyIgYWxsb3dmdWxsc2NyZWVuPSIiIGxvYWRpbmc9ImxhenkiIHJlZmVycmVycG9saWN5PSJuby1yZWZlcnJlci13aGVuLWRvd25ncmFkZSI+PC9pZnJhbWU+[\/vc_raw_html][\/vc_column][\/vc_row][vc_row][vc_column width=&#8221;1\/3&#8243;][vc_column_text]Aadress Nikolaus-Otto-Stra\u00dfe 5 02625 Bautzen SAKSA[\/vc_column_text][\/vc_column][vc_column width=&#8221;1\/3&#8243;][vc_column_text]Asukoha omadused [\/vc_column_text][vc_raw_html]Jm5ic3A7DQo8dGFibGUgYm9yZGVyPSIxIiB3aWR0aD0iMTAwJSI+DQo8dGJvZHk+DQo8dHI+DQo8dGQ+TGlpazo8L3RkPg0KPHRkPkVsZWt0cm9ua2lpcmd1c2Uga2lpcmVuZHVzPC90ZD4NCjwvdHI+DQo8dHI+DQo8dGQ+MS4gamEgMi4gam9vbmUgZW5lcmdpYTo8L3RkPg0KPHRkPjEsNSAtIDMsMCBNZVYsIDIyMCBrVzwvdGQ+DQo8L3RyPg0KPHRyPg0KPHRkPkvDtXJnZWltIGthYWJsaXRlIC8gdG9ydWRlIGzDpGJpbcO1w7V0OjwvdGQ+DQo8dGQ+NDAgbW08L3RkPg0KPC90cj4NCjwvdGJvZHk+DQo8L3RhYmxlPg0K[\/vc_raw_html][\/vc_column][vc_column text_color=&#8221;light&#8221; text_align=&#8221;center&#8221; width=&#8221;1\/3&#8243;][\/vc_column][\/vc_row][vc_row][vc_column width=&#8221;1\/1&#8243;][vc_column_text]Sertifikaadid[\/vc_column_text][vc_row_inner][vc_column_inner width=&#8221;1\/6&#8243;][\/vc_column_inner][vc_column_inner width=&#8221;1\/6&#8243;][\/vc_column_inner][vc_column_inner width=&#8221;1\/6&#8243;][\/vc_column_inner][vc_column_inner width=&#8221;1\/6&#8243;][\/vc_column_inner][vc_column_inner width=&#8221;1\/6&#8243;][\/vc_column_inner][vc_column_inner width=&#8221;1\/6&#8243;][\/vc_column_inner][\/vc_row_inner][\/vc_column][\/vc_row][vc_row][vc_column width=&#8221;1\/1&#8243;][\/vc_column][\/vc_row]<\/p>\n","protected":false},"author":1,"featured_media":0,"parent":17042,"menu_order":0,"comment_status":"closed","ping_status":"closed","template":"","meta":{"inline_featured_image":false,"footnotes":""},"class_list":["post-26678","page","type-page","status-publish","hentry"],"yoast_head":"<!-- This site is optimized with the Yoast SEO plugin v26.3 - https:\/\/yoast.com\/wordpress\/plugins\/seo\/ -->\n<title>Bautzen - Ionisos<\/title>\n<meta name=\"description\" content=\"Ionisose tehas Bautzenis (Saksimaa - Saksamaa) on spetsialiseerunud elektronkiirega ristseotamisele.\" \/>\n<meta name=\"robots\" content=\"index, follow, max-snippet:-1, max-image-preview:large, max-video-preview:-1\" \/>\n<link rel=\"canonical\" href=\"https:\/\/www.ionisos.com\/et\/meie-asukohad\/bautzen\/\" \/>\n<meta property=\"og:locale\" content=\"et_EE\" \/>\n<meta property=\"og:type\" content=\"article\" \/>\n<meta property=\"og:title\" content=\"Bautzen - Ionisos\" \/>\n<meta property=\"og:description\" content=\"Ionisose tehas Bautzenis (Saksimaa - Saksamaa) on spetsialiseerunud elektronkiirega ristseotamisele.\" \/>\n<meta property=\"og:url\" content=\"https:\/\/www.ionisos.com\/et\/meie-asukohad\/bautzen\/\" \/>\n<meta property=\"og:site_name\" content=\"Ionisos\" \/>\n<meta property=\"article:modified_time\" content=\"2025-04-22T10:11:41+00:00\" \/>\n<meta name=\"twitter:card\" content=\"summary_large_image\" \/>\n<meta name=\"twitter:label1\" content=\"Est. reading time\" \/>\n\t<meta name=\"twitter:data1\" content=\"1 minut\" \/>\n<script type=\"application\/ld+json\" class=\"yoast-schema-graph\">{\"@context\":\"https:\/\/schema.org\",\"@graph\":[{\"@type\":\"WebPage\",\"@id\":\"https:\/\/www.ionisos.com\/et\/meie-asukohad\/bautzen\/\",\"url\":\"https:\/\/www.ionisos.com\/et\/meie-asukohad\/bautzen\/\",\"name\":\"Bautzen - Ionisos\",\"isPartOf\":{\"@id\":\"https:\/\/www.ionisos.com\/#website\"},\"datePublished\":\"2025-04-22T09:37:03+00:00\",\"dateModified\":\"2025-04-22T10:11:41+00:00\",\"description\":\"Ionisose tehas Bautzenis (Saksimaa - Saksamaa) on spetsialiseerunud elektronkiirega ristseotamisele.\",\"breadcrumb\":{\"@id\":\"https:\/\/www.ionisos.com\/et\/meie-asukohad\/bautzen\/#breadcrumb\"},\"inLanguage\":\"et\",\"potentialAction\":[{\"@type\":\"ReadAction\",\"target\":[\"https:\/\/www.ionisos.com\/et\/meie-asukohad\/bautzen\/\"]}]},{\"@type\":\"BreadcrumbList\",\"@id\":\"https:\/\/www.ionisos.com\/et\/meie-asukohad\/bautzen\/#breadcrumb\",\"itemListElement\":[{\"@type\":\"ListItem\",\"position\":1,\"name\":\"Accueil\",\"item\":\"https:\/\/www.ionisos.com\/et\/\"},{\"@type\":\"ListItem\",\"position\":2,\"name\":\"Meie asukohad\",\"item\":\"https:\/\/www.ionisos.com\/et\/meie-asukohad\/\"},{\"@type\":\"ListItem\",\"position\":3,\"name\":\"Bautzen\"}]},{\"@type\":\"WebSite\",\"@id\":\"https:\/\/www.ionisos.com\/#website\",\"url\":\"https:\/\/www.ionisos.com\/\",\"name\":\"Ionisos\",\"description\":\"Ionisation par \u00e9lectrons acc\u00e9l\u00e9r\u00e9s, rayons gamma, rayons X et oxyde d&#039;\u00e9thyl\u00e8ne\",\"potentialAction\":[{\"@type\":\"SearchAction\",\"target\":{\"@type\":\"EntryPoint\",\"urlTemplate\":\"https:\/\/www.ionisos.com\/?s={search_term_string}\"},\"query-input\":{\"@type\":\"PropertyValueSpecification\",\"valueRequired\":true,\"valueName\":\"search_term_string\"}}],\"inLanguage\":\"et\"}]}<\/script>\n<!-- \/ Yoast SEO plugin. -->","yoast_head_json":{"title":"Bautzen - Ionisos","description":"Ionisose tehas Bautzenis (Saksimaa - Saksamaa) on spetsialiseerunud elektronkiirega ristseotamisele.","robots":{"index":"index","follow":"follow","max-snippet":"max-snippet:-1","max-image-preview":"max-image-preview:large","max-video-preview":"max-video-preview:-1"},"canonical":"https:\/\/www.ionisos.com\/et\/meie-asukohad\/bautzen\/","og_locale":"et_EE","og_type":"article","og_title":"Bautzen - Ionisos","og_description":"Ionisose tehas Bautzenis (Saksimaa - Saksamaa) on spetsialiseerunud elektronkiirega ristseotamisele.","og_url":"https:\/\/www.ionisos.com\/et\/meie-asukohad\/bautzen\/","og_site_name":"Ionisos","article_modified_time":"2025-04-22T10:11:41+00:00","twitter_card":"summary_large_image","twitter_misc":{"Est. reading time":"1 minut"},"schema":{"@context":"https:\/\/schema.org","@graph":[{"@type":"WebPage","@id":"https:\/\/www.ionisos.com\/et\/meie-asukohad\/bautzen\/","url":"https:\/\/www.ionisos.com\/et\/meie-asukohad\/bautzen\/","name":"Bautzen - Ionisos","isPartOf":{"@id":"https:\/\/www.ionisos.com\/#website"},"datePublished":"2025-04-22T09:37:03+00:00","dateModified":"2025-04-22T10:11:41+00:00","description":"Ionisose tehas Bautzenis (Saksimaa - Saksamaa) on spetsialiseerunud elektronkiirega ristseotamisele.","breadcrumb":{"@id":"https:\/\/www.ionisos.com\/et\/meie-asukohad\/bautzen\/#breadcrumb"},"inLanguage":"et","potentialAction":[{"@type":"ReadAction","target":["https:\/\/www.ionisos.com\/et\/meie-asukohad\/bautzen\/"]}]},{"@type":"BreadcrumbList","@id":"https:\/\/www.ionisos.com\/et\/meie-asukohad\/bautzen\/#breadcrumb","itemListElement":[{"@type":"ListItem","position":1,"name":"Accueil","item":"https:\/\/www.ionisos.com\/et\/"},{"@type":"ListItem","position":2,"name":"Meie asukohad","item":"https:\/\/www.ionisos.com\/et\/meie-asukohad\/"},{"@type":"ListItem","position":3,"name":"Bautzen"}]},{"@type":"WebSite","@id":"https:\/\/www.ionisos.com\/#website","url":"https:\/\/www.ionisos.com\/","name":"Ionisos","description":"Ionisation par \u00e9lectrons acc\u00e9l\u00e9r\u00e9s, rayons gamma, rayons X et oxyde d&#039;\u00e9thyl\u00e8ne","potentialAction":[{"@type":"SearchAction","target":{"@type":"EntryPoint","urlTemplate":"https:\/\/www.ionisos.com\/?s={search_term_string}"},"query-input":{"@type":"PropertyValueSpecification","valueRequired":true,"valueName":"search_term_string"}}],"inLanguage":"et"}]}},"_links":{"self":[{"href":"https:\/\/www.ionisos.com\/et\/wp-json\/wp\/v2\/pages\/26678","targetHints":{"allow":["GET"]}}],"collection":[{"href":"https:\/\/www.ionisos.com\/et\/wp-json\/wp\/v2\/pages"}],"about":[{"href":"https:\/\/www.ionisos.com\/et\/wp-json\/wp\/v2\/types\/page"}],"author":[{"embeddable":true,"href":"https:\/\/www.ionisos.com\/et\/wp-json\/wp\/v2\/users\/1"}],"replies":[{"embeddable":true,"href":"https:\/\/www.ionisos.com\/et\/wp-json\/wp\/v2\/comments?post=26678"}],"version-history":[{"count":12,"href":"https:\/\/www.ionisos.com\/et\/wp-json\/wp\/v2\/pages\/26678\/revisions"}],"predecessor-version":[{"id":26690,"href":"https:\/\/www.ionisos.com\/et\/wp-json\/wp\/v2\/pages\/26678\/revisions\/26690"}],"up":[{"embeddable":true,"href":"https:\/\/www.ionisos.com\/et\/wp-json\/wp\/v2\/pages\/17042"}],"wp:attachment":[{"href":"https:\/\/www.ionisos.com\/et\/wp-json\/wp\/v2\/media?parent=26678"}],"curies":[{"name":"wp","href":"https:\/\/api.w.org\/{rel}","templated":true}]}}