 {"id":24733,"date":"2025-04-17T11:43:14","date_gmt":"2025-04-17T09:43:14","guid":{"rendered":"https:\/\/www.ionisos.com\/?page_id=24733"},"modified":"2025-04-17T11:43:14","modified_gmt":"2025-04-17T09:43:14","slug":"rontgenkiirguse-tootlemine","status":"publish","type":"page","link":"https:\/\/www.ionisos.com\/et\/meie-tegevused\/rontgenkiirguse-tootlemine\/","title":{"rendered":"R\u00f6ntgenkiirguse t\u00f6\u00f6tlemine"},"content":{"rendered":"<p>[vc_row bg_image=&#8221;15639&#8243; bg_repeat=&#8221;no-repeat&#8221; text_color=&#8221;light&#8221; text_align=&#8221;center&#8221; top_padding=&#8221;100&#8243; bottom_padding=&#8221;100&#8243;][vc_column width=&#8221;1\/1&#8243;]<h1 class=\"headline font-special fontsize-xxxl fontweight-inherit lh-inherit align-center transform-uppercase \" style=\"margin: 0;\">R\u00f6ntgenkiirguse <strong>steriliseerimine<\/strong><\/h1>[\/vc_column][\/vc_row][vc_row][vc_column column_center=&#8221;true&#8221; width=&#8221;1\/1&#8243;]<div class=\"spacer\" style=\"height: 40px;\"><\/div>[\/vc_column][\/vc_row][vc_row][vc_column column_center=&#8221;true&#8221; width=&#8221;1\/6&#8243;]<div class=\"single_image wpb_content_element align-center    \" data-animation=\"none\" data-delay=\"0\"><img loading=\"lazy\" decoding=\"async\" width=\"150\" height=\"150\" src=\"https:\/\/www.ionisos.com\/wp-content\/uploads\/2023\/12\/X-Ray-cercle-150x150.png\" class=\"attachment-thumbnail\" alt=\"Traitement par rayons X\" srcset=\"https:\/\/www.ionisos.com\/wp-content\/uploads\/2023\/12\/X-Ray-cercle-150x150.png 150w, https:\/\/www.ionisos.com\/wp-content\/uploads\/2023\/12\/X-Ray-cercle-300x300.png 300w, https:\/\/www.ionisos.com\/wp-content\/uploads\/2023\/12\/X-Ray-cercle-80x80.png 80w, https:\/\/www.ionisos.com\/wp-content\/uploads\/2023\/12\/X-Ray-cercle.png 417w\" sizes=\"auto, (max-width: 150px) 100vw, 150px\" \/><\/div>[\/vc_column][vc_column column_center=&#8221;true&#8221; width=&#8221;5\/6&#8243;][vc_column_text]<\/p>\n<p style=\"text-align: center;\"><span style=\"font-family: Abel; font-size: 25px;\">Ioniseerimisprotsess, mida rakendatakse seadmes, seisneb <strong>toodete kokkupuutes r\u00f6ntgenkiirgusega<\/strong>, mis on toodetud k\u00f5rge v\u00f5imsusega elektronkiirendi poolt.<\/span><\/p>\n<p>[\/vc_column_text][\/vc_column][\/vc_row][vc_row][vc_column column_center=&#8221;true&#8221; width=&#8221;1\/1&#8243;]<div class=\"spacer\" style=\"height: 80px;\"><\/div>[\/vc_column][\/vc_row][vc_row][vc_column width=&#8221;1\/2&#8243;]<div class=\"video-embed  wpb_content_element\"><iframe loading=\"lazy\" title=\"Ionisos - St\u00e9rilisation par rayons X\" width=\"1161\" height=\"653\" src=\"https:\/\/www.youtube.com\/embed\/P0SIPI78Q3A?feature=oembed\" frameborder=\"0\" allow=\"accelerometer; autoplay; clipboard-write; encrypted-media; gyroscope; picture-in-picture; web-share\" referrerpolicy=\"strict-origin-when-cross-origin\" allowfullscreen><\/iframe><\/div>[\/vc_column][vc_column width=&#8221;1\/2&#8243;][vc_column_text]<strong>P\u00f5hiprintsiibid:<\/strong> r\u00f6ntgenkiired, mida tuntakse meditsiinilise pildistamise valdkonnas, m\u00e4ngivad samuti olulist rolli t\u00e4ppist\u00f6\u00f6tluse steriliseerimises. Need toodetakse elektronide kiirendamise kaudu, mis l\u00f6\u00f6vad metallist sihtm\u00e4rki ja toodavad k\u00f5rge energia r\u00f6ntgenkiiri.<\/p>\n<p><strong>R\u00f6ntgenkiirte omadused steriliseerimises:<\/strong><\/p>\n<ul>\n<li><strong>R\u00f6ntgenkiirte energia:<\/strong> steriliseerimiseks kasutatavad r\u00f6ntgenkiired omavad tavaliselt energiat vahemikus 5 kuni 7 MeV, v\u00f5imaldades s\u00fcgavat ja \u00fchtlast materjalide l\u00e4bitungimist.<\/li>\n<li><strong>Steriliseerimisprotsess:<\/strong> steriliseeritavad esemed puutuvad kokku r\u00f6ntgenkiirgusega spetsiaalselt loodud kambris. Automatiseeritud s\u00fcsteem tagab toodete t\u00e4pset liikumist r\u00f6ntgenkiirel, tagades \u00fchtlase ja kontrollitud kokkupuute.<\/li>\n<\/ul>\n<p><strong>R\u00f6ntgenkiirte steriliseerimise eelised:<\/strong><\/p>\n<ul>\n<li><strong>T\u00f5husus ja \u00fchtlus:<\/strong> t\u00e4nu oma k\u00f5rgele energiale tungivad r\u00f6ntgenkiired efektiivselt erinevatesse materjalidesse, tagades \u00fchtlase steriliseerimise.<\/li>\n<li><strong>Paindlikkus:<\/strong> sobib laia tooteportfelliga, sealhulgas neile, mis on tundlikud teiste steriliseerimismeetodite suhtes.<\/li>\n<li><strong>Ohutus ja keskkond:<\/strong> see tehnoloogia v\u00e4hendab keskkonna- ja ohutusriske, mis on seotud keemiliste ainete v\u00f5i radioaktiivsete allikate kasutamisega.<\/li>\n<\/ul>\n<p>[\/vc_column_text][\/vc_column][\/vc_row][vc_row][vc_column width=&#8221;1\/1&#8243;]<div class=\"spacer\" style=\"height: 80px;\"><\/div>[vc_column_text]<\/p>\n<h3>Steriliseerimisprotsess<\/h3>\n<p>[\/vc_column_text]<div class=\"spacer\" style=\"height: 30px;\"><\/div>[\/vc_column][\/vc_row][vc_row][vc_column width=&#8221;1\/5&#8243;]<div class=\"single_image wpb_content_element align-center    \" data-animation=\"none\" data-delay=\"0\"><img loading=\"lazy\" decoding=\"async\" width=\"150\" height=\"150\" src=\"https:\/\/www.ionisos.com\/wp-content\/uploads\/2024\/03\/box-150x150.png\" class=\"attachment-thumbnail\" alt=\"\" srcset=\"https:\/\/www.ionisos.com\/wp-content\/uploads\/2024\/03\/box-150x150.png 150w, https:\/\/www.ionisos.com\/wp-content\/uploads\/2024\/03\/box-300x300.png 300w, https:\/\/www.ionisos.com\/wp-content\/uploads\/2024\/03\/box-80x80.png 80w, https:\/\/www.ionisos.com\/wp-content\/uploads\/2024\/03\/box-500x500.png 500w, https:\/\/www.ionisos.com\/wp-content\/uploads\/2024\/03\/box.png 512w\" sizes=\"auto, (max-width: 150px) 100vw, 150px\" \/><\/div>[vc_column_text]<\/p>\n<p style=\"text-align: center;\"><span style=\"color: #ef9e1c;\"><strong>Ettevalmistus ja paigutamine<\/strong><\/span><\/p>\n<p style=\"text-align: center;\">Tooted valmistatakse ette ja paigutatakse steriliseerimisruumi.<\/p>\n<p>[\/vc_column_text][\/vc_column][vc_column width=&#8221;1\/5&#8243;][\/vc_column][vc_column width=&#8221;1\/5&#8243;]<div class=\"single_image wpb_content_element align-center    \" data-animation=\"none\" data-delay=\"0\"><img loading=\"lazy\" decoding=\"async\" width=\"150\" height=\"150\" src=\"https:\/\/www.ionisos.com\/wp-content\/uploads\/2024\/03\/water-waves-150x150.png\" class=\"attachment-thumbnail\" alt=\"\" srcset=\"https:\/\/www.ionisos.com\/wp-content\/uploads\/2024\/03\/water-waves-150x150.png 150w, https:\/\/www.ionisos.com\/wp-content\/uploads\/2024\/03\/water-waves-300x300.png 300w, https:\/\/www.ionisos.com\/wp-content\/uploads\/2024\/03\/water-waves-80x80.png 80w, https:\/\/www.ionisos.com\/wp-content\/uploads\/2024\/03\/water-waves-500x500.png 500w, https:\/\/www.ionisos.com\/wp-content\/uploads\/2024\/03\/water-waves.png 512w\" sizes=\"auto, (max-width: 150px) 100vw, 150px\" \/><\/div>[vc_column_text]<\/p>\n<p style=\"text-align: center;\"><span style=\"color: #ef9e1c;\"><strong>Ravi<\/strong><\/span><\/p>\n<p style=\"text-align: center;\">Tooted on eksponeeritud X-kiirgusele. Kiirguse kestus ja intensiivsus on rangelt kontrollitud, et tagada t\u00f5hus steriliseerimine, s\u00e4ilitades samal ajal toote terviklikkuse.<\/p>\n<p>[\/vc_column_text][\/vc_column][vc_column width=&#8221;1\/5&#8243;][\/vc_column][vc_column width=&#8221;1\/5&#8243;]<div class=\"single_image wpb_content_element align-center    \" data-animation=\"none\" data-delay=\"0\"><img loading=\"lazy\" decoding=\"async\" width=\"150\" height=\"150\" src=\"https:\/\/www.ionisos.com\/wp-content\/uploads\/2024\/03\/quality-150x150.png\" class=\"attachment-thumbnail\" alt=\"\" srcset=\"https:\/\/www.ionisos.com\/wp-content\/uploads\/2024\/03\/quality-150x150.png 150w, https:\/\/www.ionisos.com\/wp-content\/uploads\/2024\/03\/quality-300x300.png 300w, https:\/\/www.ionisos.com\/wp-content\/uploads\/2024\/03\/quality-80x80.png 80w, https:\/\/www.ionisos.com\/wp-content\/uploads\/2024\/03\/quality-500x500.png 500w, https:\/\/www.ionisos.com\/wp-content\/uploads\/2024\/03\/quality.png 512w\" sizes=\"auto, (max-width: 150px) 100vw, 150px\" \/><\/div>[vc_column_text]<\/p>\n<p style=\"text-align: center;\"><span style=\"color: #ef9e1c;\"><strong>Kvaliteedikontroll<\/strong><\/span><\/p>\n<p style=\"text-align: center;\">Kiirguse j\u00e4rgselt l\u00e4bib iga partiikvaliteedi range kontrolli, et tagada steriliseerimise efektiivsus.<\/p>\n<p>[\/vc_column_text][\/vc_column][\/vc_row][vc_row][vc_column width=&#8221;1\/1&#8243;]<div class=\"spacer\" style=\"height: 80px;\"><\/div>[vc_column_text]<\/p>\n<p style=\"text-align: center;\"><span style=\"font-family: Abel;\"><span style=\"font-size: 25px;\">Meie X-kiirguse t\u00f6\u00f6tlemise keskus<\/span><\/span><\/p>\n<p>[\/vc_column_text]<div class=\"spacer\" style=\"height: 30px;\"><\/div>[\/vc_column][\/vc_row][vc_row][vc_column width=&#8221;1\/3&#8243;][\/vc_column][vc_column width=&#8221;1\/3&#8243;]<a href=\"https:\/\/www.ionisos.com\/nos-sites\/henriville\/\" target=\"_self\" class=\"button custom full \" style=\"background-color: #ef9e1c; border-color: #ef9e1c;border-radius: 2px;\"><strong>HENRIVILLE<\/strong><br \/>\nPrantsusmaa<\/a>[\/vc_column][vc_column width=&#8221;1\/3&#8243;][\/vc_column][\/vc_row][vc_row][vc_column width=&#8221;1\/1&#8243;]<div class=\"spacer\" style=\"height: 40px;\"><\/div>[\/vc_column][\/vc_row][vc_row bg_color=&#8221;#515151&#8243; text_color=&#8221;light&#8221; text_align=&#8221;center&#8221; top_padding=&#8221;40&#8243; bottom_padding=&#8221;40&#8243;][vc_column column_center=&#8221;true&#8221; width=&#8221;2\/3&#8243;][vc_column_text]<\/p>\n<h3 style=\"text-align: left;\">Ionisos pakub ka ioniseerivate kiirguste t\u00f6\u00f6tlemist ja et\u00fcleenoksiidi t\u00f6\u00f6tlemist.<\/h3>\n<p>[\/vc_column_text][\/vc_column][vc_column width=&#8221;1\/3&#8243;][vc_row_inner][vc_column_inner width=&#8221;1\/3&#8243;]<div class=\"single_image wpb_content_element align-center    \" data-animation=\"none\" data-delay=\"0\"><a href=\"https:\/\/www.ionisos.com\/et\/meie-tegevused\/gamma-tootlus\/\" target=\"_self\"><img loading=\"lazy\" decoding=\"async\" width=\"150\" height=\"150\" src=\"https:\/\/www.ionisos.com\/wp-content\/uploads\/2024\/03\/Gamma-150x150.png\" class=\"attachment-thumbnail\" alt=\"Traitement gamma\" srcset=\"https:\/\/www.ionisos.com\/wp-content\/uploads\/2024\/03\/Gamma-150x150.png 150w, https:\/\/www.ionisos.com\/wp-content\/uploads\/2024\/03\/Gamma-300x300.png 300w, https:\/\/www.ionisos.com\/wp-content\/uploads\/2024\/03\/Gamma-1024x1024.png 1024w, https:\/\/www.ionisos.com\/wp-content\/uploads\/2024\/03\/Gamma-768x768.png 768w, https:\/\/www.ionisos.com\/wp-content\/uploads\/2024\/03\/Gamma-1536x1536.png 1536w, https:\/\/www.ionisos.com\/wp-content\/uploads\/2024\/03\/Gamma-2048x2048.png 2048w, https:\/\/www.ionisos.com\/wp-content\/uploads\/2024\/03\/Gamma-80x80.png 80w, https:\/\/www.ionisos.com\/wp-content\/uploads\/2024\/03\/Gamma-500x500.png 500w, https:\/\/www.ionisos.com\/wp-content\/uploads\/2024\/03\/Gamma-1000x1000.png 1000w\" sizes=\"auto, (max-width: 150px) 100vw, 150px\" \/><\/a><\/div>[\/vc_column_inner][vc_column_inner width=&#8221;1\/3&#8243;]<div class=\"single_image wpb_content_element align-center    \" data-animation=\"none\" data-delay=\"0\"><a href=\"https:\/\/www.ionisos.com\/et\/elektronkiire-tootlemine\/\" target=\"_self\"><img loading=\"lazy\" decoding=\"async\" width=\"150\" height=\"150\" src=\"https:\/\/www.ionisos.com\/wp-content\/uploads\/2024\/03\/Ebeam-150x150.png\" class=\"attachment-thumbnail\" alt=\"Traitement par faisceau d&#039;\u00e9lectrons\" srcset=\"https:\/\/www.ionisos.com\/wp-content\/uploads\/2024\/03\/Ebeam-150x150.png 150w, https:\/\/www.ionisos.com\/wp-content\/uploads\/2024\/03\/Ebeam-300x300.png 300w, https:\/\/www.ionisos.com\/wp-content\/uploads\/2024\/03\/Ebeam-1024x1024.png 1024w, https:\/\/www.ionisos.com\/wp-content\/uploads\/2024\/03\/Ebeam-768x768.png 768w, https:\/\/www.ionisos.com\/wp-content\/uploads\/2024\/03\/Ebeam-1536x1536.png 1536w, https:\/\/www.ionisos.com\/wp-content\/uploads\/2024\/03\/Ebeam-2048x2048.png 2048w, https:\/\/www.ionisos.com\/wp-content\/uploads\/2024\/03\/Ebeam-80x80.png 80w, https:\/\/www.ionisos.com\/wp-content\/uploads\/2024\/03\/Ebeam-500x500.png 500w, https:\/\/www.ionisos.com\/wp-content\/uploads\/2024\/03\/Ebeam-1000x1000.png 1000w\" sizes=\"auto, (max-width: 150px) 100vw, 150px\" \/><\/a><\/div>[\/vc_column_inner][vc_column_inner width=&#8221;1\/3&#8243;]<div class=\"single_image wpb_content_element align-center    \" data-animation=\"none\" data-delay=\"0\"><a href=\"https:\/\/www.ionisos.com\/nos-activites\/loxyde-dethylene\/\" target=\"_self\"><img loading=\"lazy\" decoding=\"async\" width=\"150\" height=\"150\" src=\"https:\/\/www.ionisos.com\/wp-content\/uploads\/2024\/03\/EO-150x150.png\" class=\"attachment-thumbnail\" alt=\"Traitement par oxyde d&#039;\u00e9thyl\u00e8ne\" srcset=\"https:\/\/www.ionisos.com\/wp-content\/uploads\/2024\/03\/EO-150x150.png 150w, https:\/\/www.ionisos.com\/wp-content\/uploads\/2024\/03\/EO-300x300.png 300w, https:\/\/www.ionisos.com\/wp-content\/uploads\/2024\/03\/EO-1024x1024.png 1024w, https:\/\/www.ionisos.com\/wp-content\/uploads\/2024\/03\/EO-768x768.png 768w, https:\/\/www.ionisos.com\/wp-content\/uploads\/2024\/03\/EO-1536x1536.png 1536w, https:\/\/www.ionisos.com\/wp-content\/uploads\/2024\/03\/EO-2048x2048.png 2048w, https:\/\/www.ionisos.com\/wp-content\/uploads\/2024\/03\/EO-80x80.png 80w, https:\/\/www.ionisos.com\/wp-content\/uploads\/2024\/03\/EO-500x500.png 500w, https:\/\/www.ionisos.com\/wp-content\/uploads\/2024\/03\/EO-1000x1000.png 1000w\" sizes=\"auto, (max-width: 150px) 100vw, 150px\" \/><\/a><\/div>[\/vc_column_inner][\/vc_row_inner][\/vc_column][\/vc_row]<\/p>\n","protected":false},"excerpt":{"rendered":"<p>[vc_row bg_image=&#8221;15639&#8243; bg_repeat=&#8221;no-repeat&#8221; text_color=&#8221;light&#8221; text_align=&#8221;center&#8221; top_padding=&#8221;100&#8243; bottom_padding=&#8221;100&#8243;][vc_column width=&#8221;1\/1&#8243;][\/vc_column][\/vc_row][vc_row][vc_column column_center=&#8221;true&#8221; width=&#8221;1\/1&#8243;][\/vc_column][\/vc_row][vc_row][vc_column column_center=&#8221;true&#8221; width=&#8221;1\/6&#8243;][\/vc_column][vc_column column_center=&#8221;true&#8221; width=&#8221;5\/6&#8243;][vc_column_text] Ioniseerimisprotsess, mida rakendatakse seadmes, seisneb toodete kokkupuutes r\u00f6ntgenkiirgusega, mis on toodetud k\u00f5rge v\u00f5imsusega elektronkiirendi poolt. [\/vc_column_text][\/vc_column][\/vc_row][vc_row][vc_column column_center=&#8221;true&#8221; width=&#8221;1\/1&#8243;][\/vc_column][\/vc_row][vc_row][vc_column width=&#8221;1\/2&#8243;][\/vc_column][vc_column width=&#8221;1\/2&#8243;][vc_column_text]P\u00f5hiprintsiibid: r\u00f6ntgenkiired, mida tuntakse meditsiinilise pildistamise valdkonnas, m\u00e4ngivad samuti olulist rolli t\u00e4ppist\u00f6\u00f6tluse steriliseerimises. Need toodetakse elektronide kiirendamise kaudu, mis l\u00f6\u00f6vad metallist sihtm\u00e4rki ja toodavad k\u00f5rge energia r\u00f6ntgenkiiri. R\u00f6ntgenkiirte omadused steriliseerimises: R\u00f6ntgenkiirte energia: steriliseerimiseks kasutatavad r\u00f6ntgenkiired omavad tavaliselt energiat vahemikus 5 kuni 7 MeV, v\u00f5imaldades s\u00fcgavat ja \u00fchtlast materjalide l\u00e4bitungimist. Steriliseerimisprotsess: steriliseeritavad esemed puutuvad kokku r\u00f6ntgenkiirgusega spetsiaalselt loodud kambris. Automatiseeritud s\u00fcsteem tagab toodete t\u00e4pset liikumist r\u00f6ntgenkiirel, tagades \u00fchtlase ja kontrollitud kokkupuute. R\u00f6ntgenkiirte steriliseerimise eelised: T\u00f5husus ja \u00fchtlus: t\u00e4nu oma k\u00f5rgele energiale tungivad r\u00f6ntgenkiired efektiivselt erinevatesse materjalidesse, tagades \u00fchtlase steriliseerimise. Paindlikkus: sobib laia tooteportfelliga, sealhulgas neile, mis on tundlikud teiste steriliseerimismeetodite suhtes. Ohutus ja keskkond: see tehnoloogia v\u00e4hendab keskkonna- ja ohutusriske, mis on seotud keemiliste ainete v\u00f5i radioaktiivsete allikate kasutamisega. [\/vc_column_text][\/vc_column][\/vc_row][vc_row][vc_column width=&#8221;1\/1&#8243;][vc_column_text] Steriliseerimisprotsess [\/vc_column_text][\/vc_column][\/vc_row][vc_row][vc_column width=&#8221;1\/5&#8243;][vc_column_text] Ettevalmistus ja paigutamine Tooted valmistatakse ette ja paigutatakse steriliseerimisruumi. [\/vc_column_text][\/vc_column][vc_column width=&#8221;1\/5&#8243;][\/vc_column][vc_column width=&#8221;1\/5&#8243;][vc_column_text] Ravi Tooted on eksponeeritud X-kiirgusele. Kiirguse kestus ja intensiivsus on rangelt kontrollitud, et tagada t\u00f5hus steriliseerimine, s\u00e4ilitades samal ajal toote terviklikkuse. [\/vc_column_text][\/vc_column][vc_column width=&#8221;1\/5&#8243;][\/vc_column][vc_column width=&#8221;1\/5&#8243;][vc_column_text] Kvaliteedikontroll Kiirguse j\u00e4rgselt l\u00e4bib iga partiikvaliteedi range kontrolli, [&hellip;]<\/p>\n","protected":false},"author":1,"featured_media":0,"parent":17050,"menu_order":0,"comment_status":"closed","ping_status":"closed","template":"","meta":{"inline_featured_image":false,"footnotes":""},"class_list":["post-24733","page","type-page","status-publish","hentry"],"yoast_head":"<!-- This site is optimized with the Yoast SEO plugin v26.3 - https:\/\/yoast.com\/wordpress\/plugins\/seo\/ -->\n<title>R\u00f6ntgenkiirguse t\u00f6\u00f6tlemine - Ionisos<\/title>\n<meta name=\"description\" content=\"Ionisos t\u00f6\u00f6tleb teie tooteid paletid R\u00f6ntgenkiirguse steriliseerimise abil oma Prantsusmaal asuvas rajatises (Henriville - Moselle)\" \/>\n<meta name=\"robots\" content=\"index, follow, max-snippet:-1, max-image-preview:large, max-video-preview:-1\" \/>\n<link rel=\"canonical\" href=\"https:\/\/www.ionisos.com\/et\/meie-tegevused\/rontgenkiirguse-tootlemine\/\" \/>\n<meta property=\"og:locale\" content=\"et_EE\" \/>\n<meta property=\"og:type\" content=\"article\" \/>\n<meta property=\"og:title\" content=\"R\u00f6ntgenkiirguse t\u00f6\u00f6tlemine - Ionisos\" \/>\n<meta property=\"og:description\" content=\"Ionisos t\u00f6\u00f6tleb teie tooteid paletid R\u00f6ntgenkiirguse steriliseerimise abil oma Prantsusmaal asuvas rajatises (Henriville - Moselle)\" \/>\n<meta property=\"og:url\" content=\"https:\/\/www.ionisos.com\/et\/meie-tegevused\/rontgenkiirguse-tootlemine\/\" \/>\n<meta property=\"og:site_name\" content=\"Ionisos\" \/>\n<meta name=\"twitter:card\" content=\"summary_large_image\" \/>\n<meta name=\"twitter:label1\" content=\"Est. reading time\" \/>\n\t<meta name=\"twitter:data1\" content=\"2 minutit\" \/>\n<script type=\"application\/ld+json\" class=\"yoast-schema-graph\">{\"@context\":\"https:\/\/schema.org\",\"@graph\":[{\"@type\":\"WebPage\",\"@id\":\"https:\/\/www.ionisos.com\/et\/meie-tegevused\/rontgenkiirguse-tootlemine\/\",\"url\":\"https:\/\/www.ionisos.com\/et\/meie-tegevused\/rontgenkiirguse-tootlemine\/\",\"name\":\"R\u00f6ntgenkiirguse t\u00f6\u00f6tlemine - Ionisos\",\"isPartOf\":{\"@id\":\"https:\/\/www.ionisos.com\/#website\"},\"datePublished\":\"2025-04-17T09:43:14+00:00\",\"description\":\"Ionisos t\u00f6\u00f6tleb teie tooteid paletid R\u00f6ntgenkiirguse steriliseerimise abil oma Prantsusmaal asuvas rajatises (Henriville - Moselle)\",\"breadcrumb\":{\"@id\":\"https:\/\/www.ionisos.com\/et\/meie-tegevused\/rontgenkiirguse-tootlemine\/#breadcrumb\"},\"inLanguage\":\"et\",\"potentialAction\":[{\"@type\":\"ReadAction\",\"target\":[\"https:\/\/www.ionisos.com\/et\/meie-tegevused\/rontgenkiirguse-tootlemine\/\"]}]},{\"@type\":\"BreadcrumbList\",\"@id\":\"https:\/\/www.ionisos.com\/et\/meie-tegevused\/rontgenkiirguse-tootlemine\/#breadcrumb\",\"itemListElement\":[{\"@type\":\"ListItem\",\"position\":1,\"name\":\"Accueil\",\"item\":\"https:\/\/www.ionisos.com\/et\/\"},{\"@type\":\"ListItem\",\"position\":2,\"name\":\"Meie tegevused\",\"item\":\"https:\/\/www.ionisos.com\/et\/meie-tegevused\/\"},{\"@type\":\"ListItem\",\"position\":3,\"name\":\"R\u00f6ntgenkiirguse t\u00f6\u00f6tlemine\"}]},{\"@type\":\"WebSite\",\"@id\":\"https:\/\/www.ionisos.com\/#website\",\"url\":\"https:\/\/www.ionisos.com\/\",\"name\":\"Ionisos\",\"description\":\"Ionisation par \u00e9lectrons acc\u00e9l\u00e9r\u00e9s, rayons gamma, rayons X et oxyde d&#039;\u00e9thyl\u00e8ne\",\"potentialAction\":[{\"@type\":\"SearchAction\",\"target\":{\"@type\":\"EntryPoint\",\"urlTemplate\":\"https:\/\/www.ionisos.com\/?s={search_term_string}\"},\"query-input\":{\"@type\":\"PropertyValueSpecification\",\"valueRequired\":true,\"valueName\":\"search_term_string\"}}],\"inLanguage\":\"et\"}]}<\/script>\n<!-- \/ Yoast SEO plugin. -->","yoast_head_json":{"title":"R\u00f6ntgenkiirguse t\u00f6\u00f6tlemine - Ionisos","description":"Ionisos t\u00f6\u00f6tleb teie tooteid paletid R\u00f6ntgenkiirguse steriliseerimise abil oma Prantsusmaal asuvas rajatises (Henriville - Moselle)","robots":{"index":"index","follow":"follow","max-snippet":"max-snippet:-1","max-image-preview":"max-image-preview:large","max-video-preview":"max-video-preview:-1"},"canonical":"https:\/\/www.ionisos.com\/et\/meie-tegevused\/rontgenkiirguse-tootlemine\/","og_locale":"et_EE","og_type":"article","og_title":"R\u00f6ntgenkiirguse t\u00f6\u00f6tlemine - Ionisos","og_description":"Ionisos t\u00f6\u00f6tleb teie tooteid paletid R\u00f6ntgenkiirguse steriliseerimise abil oma Prantsusmaal asuvas rajatises (Henriville - Moselle)","og_url":"https:\/\/www.ionisos.com\/et\/meie-tegevused\/rontgenkiirguse-tootlemine\/","og_site_name":"Ionisos","twitter_card":"summary_large_image","twitter_misc":{"Est. reading time":"2 minutit"},"schema":{"@context":"https:\/\/schema.org","@graph":[{"@type":"WebPage","@id":"https:\/\/www.ionisos.com\/et\/meie-tegevused\/rontgenkiirguse-tootlemine\/","url":"https:\/\/www.ionisos.com\/et\/meie-tegevused\/rontgenkiirguse-tootlemine\/","name":"R\u00f6ntgenkiirguse t\u00f6\u00f6tlemine - Ionisos","isPartOf":{"@id":"https:\/\/www.ionisos.com\/#website"},"datePublished":"2025-04-17T09:43:14+00:00","description":"Ionisos t\u00f6\u00f6tleb teie tooteid paletid R\u00f6ntgenkiirguse steriliseerimise abil oma Prantsusmaal asuvas rajatises (Henriville - Moselle)","breadcrumb":{"@id":"https:\/\/www.ionisos.com\/et\/meie-tegevused\/rontgenkiirguse-tootlemine\/#breadcrumb"},"inLanguage":"et","potentialAction":[{"@type":"ReadAction","target":["https:\/\/www.ionisos.com\/et\/meie-tegevused\/rontgenkiirguse-tootlemine\/"]}]},{"@type":"BreadcrumbList","@id":"https:\/\/www.ionisos.com\/et\/meie-tegevused\/rontgenkiirguse-tootlemine\/#breadcrumb","itemListElement":[{"@type":"ListItem","position":1,"name":"Accueil","item":"https:\/\/www.ionisos.com\/et\/"},{"@type":"ListItem","position":2,"name":"Meie tegevused","item":"https:\/\/www.ionisos.com\/et\/meie-tegevused\/"},{"@type":"ListItem","position":3,"name":"R\u00f6ntgenkiirguse t\u00f6\u00f6tlemine"}]},{"@type":"WebSite","@id":"https:\/\/www.ionisos.com\/#website","url":"https:\/\/www.ionisos.com\/","name":"Ionisos","description":"Ionisation par \u00e9lectrons acc\u00e9l\u00e9r\u00e9s, rayons gamma, rayons X et oxyde d&#039;\u00e9thyl\u00e8ne","potentialAction":[{"@type":"SearchAction","target":{"@type":"EntryPoint","urlTemplate":"https:\/\/www.ionisos.com\/?s={search_term_string}"},"query-input":{"@type":"PropertyValueSpecification","valueRequired":true,"valueName":"search_term_string"}}],"inLanguage":"et"}]}},"_links":{"self":[{"href":"https:\/\/www.ionisos.com\/et\/wp-json\/wp\/v2\/pages\/24733","targetHints":{"allow":["GET"]}}],"collection":[{"href":"https:\/\/www.ionisos.com\/et\/wp-json\/wp\/v2\/pages"}],"about":[{"href":"https:\/\/www.ionisos.com\/et\/wp-json\/wp\/v2\/types\/page"}],"author":[{"embeddable":true,"href":"https:\/\/www.ionisos.com\/et\/wp-json\/wp\/v2\/users\/1"}],"replies":[{"embeddable":true,"href":"https:\/\/www.ionisos.com\/et\/wp-json\/wp\/v2\/comments?post=24733"}],"version-history":[{"count":6,"href":"https:\/\/www.ionisos.com\/et\/wp-json\/wp\/v2\/pages\/24733\/revisions"}],"predecessor-version":[{"id":26650,"href":"https:\/\/www.ionisos.com\/et\/wp-json\/wp\/v2\/pages\/24733\/revisions\/26650"}],"up":[{"embeddable":true,"href":"https:\/\/www.ionisos.com\/et\/wp-json\/wp\/v2\/pages\/17050"}],"wp:attachment":[{"href":"https:\/\/www.ionisos.com\/et\/wp-json\/wp\/v2\/media?parent=24733"}],"curies":[{"name":"wp","href":"https:\/\/api.w.org\/{rel}","templated":true}]}}