 {"id":24426,"date":"2025-04-16T16:38:18","date_gmt":"2025-04-16T14:38:18","guid":{"rendered":"https:\/\/www.ionisos.com\/?page_id=24426"},"modified":"2025-04-16T16:38:18","modified_gmt":"2025-04-16T14:38:18","slug":"meie-vaartused","status":"publish","type":"page","link":"https:\/\/www.ionisos.com\/et\/meie-vaartused\/","title":{"rendered":"Meie v\u00e4\u00e4rtused"},"content":{"rendered":"<p>[vc_row bg_image=&#8221;24427&#8243; bg_repeat=&#8221;no-repeat&#8221; text_color=&#8221;light&#8221; text_align=&#8221;center&#8221; top_padding=&#8221;100&#8243; bottom_padding=&#8221;100&#8243;][vc_column width=&#8221;1\/1&#8243;]<h1 class=\"headline font-special fontsize-xxxl fontweight-inherit lh-inherit align-center transform-uppercase \" style=\"margin: 0;\">Meie <strong>v\u00e4\u00e4rtused<\/strong><\/h1>[\/vc_column][\/vc_row][vc_row text_align=&#8221;center&#8221;][vc_column width=&#8221;1\/1&#8243;]<div class=\"spacer\" style=\"height: 40px;\"><\/div><h2 class=\"headline font-special fontsize-l fontweight-700 lh-inherit align-center transform-uppercase \" style=\"margin: 0 0 40px 0;\">Tervislikuma ja turvalisema tuleviku suunas<\/h2>[vc_column_text]Ionisosel on kindel visioon aidata kaasa tervislikuma ja turvalisema maailma loomisele. See ambitsioon, mis on meie ettev\u00f5tte s\u00fcdames, kajastub igas tegevuses ja otsuses, olles meie algusaegadest saadik ellu viidud vaimu ja v\u00e4\u00e4rtustega.<\/p>\n<p>Meie missioon, visioon ja v\u00e4\u00e4rtused ei ole ainult ideaalid, vaid need on Ionisos&#8217;e olemus. Need eristavad meid, m\u00e4\u00e4ratlevad meid ja juhivad meid. Meie s\u00fcgavam veendumus on, et t\u00e4nu meie pingutustele teeme me maailmas t\u00f5elise muutuse.[\/vc_column_text][\/vc_column][\/vc_row][vc_row][vc_column width=&#8221;1\/1&#8243;]<div class=\"spacer\" style=\"height: 100px;\"><\/div>[\/vc_column][\/vc_row][vc_row bg_position=&#8221;left top&#8221;][vc_column width=&#8221;1\/1&#8243;][vc_column_text]<\/p>\n<p style=\"text-align: center;\"><strong><span style=\"font-family: Abel; font-size: 25px;\">Avastage meie v\u00e4\u00e4rtused<\/span><\/strong><\/p>\n<p>[\/vc_column_text][vc_row_inner][vc_column_inner width=&#8221;1\/3&#8243;][vc_column_text]<\/p>\n<p style=\"text-align: center;\"><span style=\"color: #ae3c60; font-size: 16px;\"><strong>KVALITEET &#8211; TURVALISUS &#8211; KESKKOND<\/strong><\/span><\/p>\n<ul>\n<li>Ma teen oma t\u00f6\u00f6d turvaliselt<\/li>\n<li>Ma panen kvaliteedi igasse tegevusse<\/li>\n<li>Ma piirang oma m\u00f5ju keskkonnale<\/li>\n<\/ul>\n<p>[\/vc_column_text][\/vc_column_inner][vc_column_inner width=&#8221;1\/3&#8243;][vc_column_text]<\/p>\n<p style=\"text-align: center;\"><span style=\"color: #df473c; font-size: 16px;\"><strong>KOOST\u00d6\u00d6<\/strong><\/span><\/p>\n<ul>\n<li>Ma teen koost\u00f6\u00f6d heas usus<\/li>\n<li>Jagamine oma oskusi<\/li>\n<li>Panustan grupi tulemuslikkusse<\/li>\n<\/ul>\n<p>[\/vc_column_text][\/vc_column_inner][vc_column_inner width=&#8221;1\/3&#8243;][vc_column_text]<\/p>\n<p style=\"text-align: center;\"><span style=\"color: #f3c33c; font-size: 16px;\"><strong>TIPPTASE<\/strong><\/span><\/p>\n<ul>\n<li>Olen oma t\u00f6\u00f6s n\u00f5udlik<\/li>\n<li>Parandan pidevalt ja j\u00e4tkusuutlikult<\/li>\n<li>V\u00f5tan eeskujuliku hoiaku<\/li>\n<\/ul>\n<p>[\/vc_column_text][\/vc_column_inner][\/vc_row_inner]<div class=\"spacer\" style=\"height: 100px;\"><\/div>[vc_row_inner][vc_column_inner width=&#8221;1\/3&#8243;][vc_column_text]<\/p>\n<p style=\"text-align: center;\"><span style=\"color: #255e79; font-size: 16px;\"><strong>REAGEERIMISV\u00d5IME<\/strong><\/span><\/p>\n<ul>\n<li>Ma pakun lahendusi<\/li>\n<li>Ma austan t\u00e4htaegu<\/li>\n<li>Ma t\u00f6\u00f6tan paindlikult<\/li>\n<\/ul>\n<p>[\/vc_column_text][\/vc_column_inner][vc_column_inner width=&#8221;1\/3&#8243;][vc_column_text]<\/p>\n<p style=\"text-align: center;\"><span style=\"color: #267778; font-size: 16px;\"><strong>ETTEV\u00d5TLIKUS<\/strong><\/span><\/p>\n<ul>\n<li>Ma vastutan oma tegude eest<\/li>\n<li>Olen muutuste liikumapanev j\u00f5ud<\/li>\n<li>Esindan gruppi<\/li>\n<\/ul>\n<p>[\/vc_column_text][\/vc_column_inner][vc_column_inner width=&#8221;1\/3&#8243;][vc_column_text]<\/p>\n<p style=\"text-align: center;\"><span style=\"color: #82b4bb; font-size: 16px;\"><strong>INTEGRITEET<\/strong><\/span><\/p>\n<ul>\n<li>J\u00e4rgnen grupi reeglitele<\/li>\n<li>Toimin ausalt<\/li>\n<li>Ma austan oma kohustusi<\/li>\n<\/ul>\n<p>[\/vc_column_text][\/vc_column_inner][\/vc_row_inner][\/vc_column][\/vc_row][vc_row][vc_column width=&#8221;1\/1&#8243;]<div class=\"spacer\" style=\"height: 40px;\"><\/div>[\/vc_column][\/vc_row][vc_row bg_color=&#8221;#0b2677&#8243; text_color=&#8221;light&#8221; text_align=&#8221;center&#8221; top_padding=&#8221;40&#8243; bottom_padding=&#8221;40&#8243;][vc_column width=&#8221;2\/3&#8243;]<div class=\"spacer\" style=\"height: 5px;\"><\/div>[vc_column_text]<\/p>\n<h3 style=\"text-align: left;\">Kas meie v\u00e4\u00e4rtused k\u00f5netavad teid? Miks mitte liituda meiega?<\/h3>\n<p>[\/vc_column_text][\/vc_column][vc_column width=&#8221;1\/3&#8243;]<a href=\"https:\/\/www.hellowork.com\/fr-fr\/entreprises\/ionisos-95285.html\" target=\"_blank\" class=\"button color-8 medium \" style=\"border-radius: 2px;\">Avastage meie t\u00f6\u00f6pakkumised<\/a>[\/vc_column][\/vc_row]<\/p>\n","protected":false},"excerpt":{"rendered":"<p>[vc_row bg_image=&#8221;24427&#8243; bg_repeat=&#8221;no-repeat&#8221; text_color=&#8221;light&#8221; text_align=&#8221;center&#8221; top_padding=&#8221;100&#8243; bottom_padding=&#8221;100&#8243;][vc_column width=&#8221;1\/1&#8243;][\/vc_column][\/vc_row][vc_row text_align=&#8221;center&#8221;][vc_column width=&#8221;1\/1&#8243;][vc_column_text]Ionisosel on kindel visioon aidata kaasa tervislikuma ja turvalisema maailma loomisele. See ambitsioon, mis on meie ettev\u00f5tte s\u00fcdames, kajastub igas tegevuses ja otsuses, olles meie algusaegadest saadik ellu viidud vaimu ja v\u00e4\u00e4rtustega. Meie missioon, visioon ja v\u00e4\u00e4rtused ei ole ainult ideaalid, vaid need on Ionisos&#8217;e olemus. Need eristavad meid, m\u00e4\u00e4ratlevad meid ja juhivad meid. Meie s\u00fcgavam veendumus on, et t\u00e4nu meie pingutustele teeme me maailmas t\u00f5elise muutuse.[\/vc_column_text][\/vc_column][\/vc_row][vc_row][vc_column width=&#8221;1\/1&#8243;][\/vc_column][\/vc_row][vc_row bg_position=&#8221;left top&#8221;][vc_column width=&#8221;1\/1&#8243;][vc_column_text] Avastage meie v\u00e4\u00e4rtused [\/vc_column_text][vc_row_inner][vc_column_inner width=&#8221;1\/3&#8243;][vc_column_text] KVALITEET &#8211; TURVALISUS &#8211; KESKKOND Ma teen oma t\u00f6\u00f6d turvaliselt Ma panen kvaliteedi igasse tegevusse Ma piirang oma m\u00f5ju keskkonnale [\/vc_column_text][\/vc_column_inner][vc_column_inner width=&#8221;1\/3&#8243;][vc_column_text] KOOST\u00d6\u00d6 Ma teen koost\u00f6\u00f6d heas usus Jagamine oma oskusi Panustan grupi tulemuslikkusse [\/vc_column_text][\/vc_column_inner][vc_column_inner width=&#8221;1\/3&#8243;][vc_column_text] TIPPTASE Olen oma t\u00f6\u00f6s n\u00f5udlik Parandan pidevalt ja j\u00e4tkusuutlikult V\u00f5tan eeskujuliku hoiaku [\/vc_column_text][\/vc_column_inner][\/vc_row_inner][vc_row_inner][vc_column_inner width=&#8221;1\/3&#8243;][vc_column_text] REAGEERIMISV\u00d5IME Ma pakun lahendusi Ma austan t\u00e4htaegu Ma t\u00f6\u00f6tan paindlikult [\/vc_column_text][\/vc_column_inner][vc_column_inner width=&#8221;1\/3&#8243;][vc_column_text] ETTEV\u00d5TLIKUS Ma vastutan oma tegude eest Olen muutuste liikumapanev j\u00f5ud Esindan gruppi [\/vc_column_text][\/vc_column_inner][vc_column_inner width=&#8221;1\/3&#8243;][vc_column_text] INTEGRITEET J\u00e4rgnen grupi reeglitele Toimin ausalt Ma austan oma kohustusi [\/vc_column_text][\/vc_column_inner][\/vc_row_inner][\/vc_column][\/vc_row][vc_row][vc_column width=&#8221;1\/1&#8243;][\/vc_column][\/vc_row][vc_row bg_color=&#8221;#0b2677&#8243; text_color=&#8221;light&#8221; text_align=&#8221;center&#8221; top_padding=&#8221;40&#8243; bottom_padding=&#8221;40&#8243;][vc_column width=&#8221;2\/3&#8243;][vc_column_text] Kas meie v\u00e4\u00e4rtused k\u00f5netavad teid? Miks mitte liituda meiega? [\/vc_column_text][\/vc_column][vc_column width=&#8221;1\/3&#8243;][\/vc_column][\/vc_row]<\/p>\n","protected":false},"author":1,"featured_media":0,"parent":0,"menu_order":0,"comment_status":"open","ping_status":"open","template":"","meta":{"inline_featured_image":false,"footnotes":""},"class_list":["post-24426","page","type-page","status-publish","hentry"],"yoast_head":"<!-- This site is optimized with the Yoast SEO plugin v26.3 - https:\/\/yoast.com\/wordpress\/plugins\/seo\/ -->\n<title>IONISOS, gammasteriliseerimine, e-beam, r\u00f6ntgenkiirgus ja et\u00fcleenoksiid<\/title>\n<meta name=\"description\" content=\"Ionisos Group on spetsialiseerunud steriliseerimisele, konserveerimisele ja ristsidumisele juba \u00fcle 60 aasta.\" \/>\n<meta name=\"robots\" content=\"index, follow, max-snippet:-1, max-image-preview:large, max-video-preview:-1\" \/>\n<link rel=\"canonical\" href=\"https:\/\/www.ionisos.com\/et\/meie-vaartused\/\" \/>\n<meta property=\"og:locale\" content=\"et_EE\" \/>\n<meta property=\"og:type\" content=\"article\" \/>\n<meta property=\"og:title\" content=\"IONISOS, gammasteriliseerimine, e-beam, r\u00f6ntgenkiirgus ja et\u00fcleenoksiid\" \/>\n<meta property=\"og:description\" content=\"Ionisos Group on spetsialiseerunud steriliseerimisele, konserveerimisele ja ristsidumisele juba \u00fcle 60 aasta.\" \/>\n<meta property=\"og:url\" content=\"https:\/\/www.ionisos.com\/et\/meie-vaartused\/\" \/>\n<meta property=\"og:site_name\" content=\"Ionisos\" \/>\n<meta name=\"twitter:card\" content=\"summary_large_image\" \/>\n<meta name=\"twitter:label1\" content=\"Est. reading time\" \/>\n\t<meta name=\"twitter:data1\" content=\"2 minutit\" \/>\n<script type=\"application\/ld+json\" class=\"yoast-schema-graph\">{\"@context\":\"https:\/\/schema.org\",\"@graph\":[{\"@type\":\"WebPage\",\"@id\":\"https:\/\/www.ionisos.com\/et\/meie-vaartused\/\",\"url\":\"https:\/\/www.ionisos.com\/et\/meie-vaartused\/\",\"name\":\"IONISOS, gammasteriliseerimine, e-beam, r\u00f6ntgenkiirgus ja et\u00fcleenoksiid\",\"isPartOf\":{\"@id\":\"https:\/\/www.ionisos.com\/#website\"},\"datePublished\":\"2025-04-16T14:38:18+00:00\",\"description\":\"Ionisos Group on spetsialiseerunud steriliseerimisele, konserveerimisele ja ristsidumisele juba \u00fcle 60 aasta.\",\"breadcrumb\":{\"@id\":\"https:\/\/www.ionisos.com\/et\/meie-vaartused\/#breadcrumb\"},\"inLanguage\":\"et\",\"potentialAction\":[{\"@type\":\"ReadAction\",\"target\":[\"https:\/\/www.ionisos.com\/et\/meie-vaartused\/\"]}]},{\"@type\":\"BreadcrumbList\",\"@id\":\"https:\/\/www.ionisos.com\/et\/meie-vaartused\/#breadcrumb\",\"itemListElement\":[{\"@type\":\"ListItem\",\"position\":1,\"name\":\"Accueil\",\"item\":\"https:\/\/www.ionisos.com\/et\/\"},{\"@type\":\"ListItem\",\"position\":2,\"name\":\"Meie v\u00e4\u00e4rtused\"}]},{\"@type\":\"WebSite\",\"@id\":\"https:\/\/www.ionisos.com\/#website\",\"url\":\"https:\/\/www.ionisos.com\/\",\"name\":\"Ionisos\",\"description\":\"Ionisation par \u00e9lectrons acc\u00e9l\u00e9r\u00e9s, rayons gamma, rayons X et oxyde d&#039;\u00e9thyl\u00e8ne\",\"potentialAction\":[{\"@type\":\"SearchAction\",\"target\":{\"@type\":\"EntryPoint\",\"urlTemplate\":\"https:\/\/www.ionisos.com\/?s={search_term_string}\"},\"query-input\":{\"@type\":\"PropertyValueSpecification\",\"valueRequired\":true,\"valueName\":\"search_term_string\"}}],\"inLanguage\":\"et\"}]}<\/script>\n<!-- \/ Yoast SEO plugin. -->","yoast_head_json":{"title":"IONISOS, gammasteriliseerimine, e-beam, r\u00f6ntgenkiirgus ja et\u00fcleenoksiid","description":"Ionisos Group on spetsialiseerunud steriliseerimisele, konserveerimisele ja ristsidumisele juba \u00fcle 60 aasta.","robots":{"index":"index","follow":"follow","max-snippet":"max-snippet:-1","max-image-preview":"max-image-preview:large","max-video-preview":"max-video-preview:-1"},"canonical":"https:\/\/www.ionisos.com\/et\/meie-vaartused\/","og_locale":"et_EE","og_type":"article","og_title":"IONISOS, gammasteriliseerimine, e-beam, r\u00f6ntgenkiirgus ja et\u00fcleenoksiid","og_description":"Ionisos Group on spetsialiseerunud steriliseerimisele, konserveerimisele ja ristsidumisele juba \u00fcle 60 aasta.","og_url":"https:\/\/www.ionisos.com\/et\/meie-vaartused\/","og_site_name":"Ionisos","twitter_card":"summary_large_image","twitter_misc":{"Est. reading time":"2 minutit"},"schema":{"@context":"https:\/\/schema.org","@graph":[{"@type":"WebPage","@id":"https:\/\/www.ionisos.com\/et\/meie-vaartused\/","url":"https:\/\/www.ionisos.com\/et\/meie-vaartused\/","name":"IONISOS, gammasteriliseerimine, e-beam, r\u00f6ntgenkiirgus ja et\u00fcleenoksiid","isPartOf":{"@id":"https:\/\/www.ionisos.com\/#website"},"datePublished":"2025-04-16T14:38:18+00:00","description":"Ionisos Group on spetsialiseerunud steriliseerimisele, konserveerimisele ja ristsidumisele juba \u00fcle 60 aasta.","breadcrumb":{"@id":"https:\/\/www.ionisos.com\/et\/meie-vaartused\/#breadcrumb"},"inLanguage":"et","potentialAction":[{"@type":"ReadAction","target":["https:\/\/www.ionisos.com\/et\/meie-vaartused\/"]}]},{"@type":"BreadcrumbList","@id":"https:\/\/www.ionisos.com\/et\/meie-vaartused\/#breadcrumb","itemListElement":[{"@type":"ListItem","position":1,"name":"Accueil","item":"https:\/\/www.ionisos.com\/et\/"},{"@type":"ListItem","position":2,"name":"Meie v\u00e4\u00e4rtused"}]},{"@type":"WebSite","@id":"https:\/\/www.ionisos.com\/#website","url":"https:\/\/www.ionisos.com\/","name":"Ionisos","description":"Ionisation par \u00e9lectrons acc\u00e9l\u00e9r\u00e9s, rayons gamma, rayons X et oxyde d&#039;\u00e9thyl\u00e8ne","potentialAction":[{"@type":"SearchAction","target":{"@type":"EntryPoint","urlTemplate":"https:\/\/www.ionisos.com\/?s={search_term_string}"},"query-input":{"@type":"PropertyValueSpecification","valueRequired":true,"valueName":"search_term_string"}}],"inLanguage":"et"}]}},"_links":{"self":[{"href":"https:\/\/www.ionisos.com\/et\/wp-json\/wp\/v2\/pages\/24426","targetHints":{"allow":["GET"]}}],"collection":[{"href":"https:\/\/www.ionisos.com\/et\/wp-json\/wp\/v2\/pages"}],"about":[{"href":"https:\/\/www.ionisos.com\/et\/wp-json\/wp\/v2\/types\/page"}],"author":[{"embeddable":true,"href":"https:\/\/www.ionisos.com\/et\/wp-json\/wp\/v2\/users\/1"}],"replies":[{"embeddable":true,"href":"https:\/\/www.ionisos.com\/et\/wp-json\/wp\/v2\/comments?post=24426"}],"version-history":[{"count":7,"href":"https:\/\/www.ionisos.com\/et\/wp-json\/wp\/v2\/pages\/24426\/revisions"}],"predecessor-version":[{"id":26608,"href":"https:\/\/www.ionisos.com\/et\/wp-json\/wp\/v2\/pages\/24426\/revisions\/26608"}],"wp:attachment":[{"href":"https:\/\/www.ionisos.com\/et\/wp-json\/wp\/v2\/media?parent=24426"}],"curies":[{"name":"wp","href":"https:\/\/api.w.org\/{rel}","templated":true}]}}