 {"id":22398,"date":"2025-04-23T12:02:03","date_gmt":"2025-04-23T10:02:03","guid":{"rendered":"https:\/\/www.ionisos.com\/?page_id=22398"},"modified":"2025-04-24T11:08:00","modified_gmt":"2025-04-24T09:08:00","slug":"kvaliteedinoue","status":"publish","type":"page","link":"https:\/\/www.ionisos.com\/et\/kvaliteedinoue\/","title":{"rendered":"Kvaliteedin\u00f5ue"},"content":{"rendered":"<p>[vc_row bg_image=&#8221;22439&#8243; bg_repeat=&#8221;no-repeat&#8221; text_color=&#8221;light&#8221; text_align=&#8221;center&#8221; top_padding=&#8221;100&#8243; bottom_padding=&#8221;100&#8243;][vc_column width=&#8221;1\/1&#8243;]<h1 class=\"headline font-special fontsize-xxxl fontweight-inherit lh-inherit align-center transform-uppercase \" style=\"margin: 0;\"><strong>Hea p\u00f5hjus nr 2<\/strong><br \/>\nKvaliteedin\u00f5ue<\/h1>[\/vc_column][\/vc_row][vc_row][vc_column width=&#8221;1\/1&#8243;]<div class=\"spacer\" style=\"height: 60px;\"><\/div>[vc_column_text]<\/p>\n<h2>Kvaliteet on Ionisose keskmes k\u00f5iges, mida me teeme, ja me teeme k\u00f5ik endast oleneva, et seda iga p\u00e4ev tugevdada:<\/h2>\n<p>[\/vc_column_text]<div class=\"spacer\" style=\"height: 40px;\"><\/div>[\/vc_column][\/vc_row][vc_row text_align=&#8221;center&#8221;][vc_column width=&#8221;1\/4&#8243;]<h3 class=\"headline font-inherit fontsize-inherit fontweight-inherit lh-inherit align-center transform-inherit \" style=\"margin: 0 0 20px 0; color: #1e73be;\"><strong>Kvaliteet<\/strong><\/h3><div class=\"single_image wpb_content_element align-center    \" data-animation=\"none\" data-delay=\"0\"><img loading=\"lazy\" decoding=\"async\" class=\"\" src=\"https:\/\/www.ionisos.com\/wp-content\/uploads\/2022\/08\/high-quality-72x72.png\" width=\"72\" height=\"72\" alt=\"high-quality\" title=\"high-quality\" \/><\/div>[vc_column_text]<\/p>\n<p style=\"text-align: center;\">Kvaliteet ja tipptase on Ionisose DNA osa \u2014 nii meie klientide kui ka t\u00f6\u00f6tajate suhtes.<\/p>\n<p>[\/vc_column_text][\/vc_column][vc_column width=&#8221;1\/4&#8243;]<h3 class=\"headline font-inherit fontsize-inherit fontweight-inherit lh-inherit align-center transform-inherit \" style=\"margin: 0 0 20px 0; color: #1e73be;\"><strong>Koolitus<\/strong><\/h3><div class=\"single_image wpb_content_element align-center    \" data-animation=\"none\" data-delay=\"0\"><img loading=\"lazy\" decoding=\"async\" class=\"\" src=\"https:\/\/www.ionisos.com\/wp-content\/uploads\/2022\/08\/machine-learning-72x72.png\" width=\"72\" height=\"72\" alt=\"machine-learning\" title=\"machine-learning\" \/><\/div>[vc_column_text]<\/p>\n<p style=\"text-align: center;\">Meie t\u00f6\u00f6tajatel on v\u00f5imalus pidevalt \u00f5ppida t\u00e4nu meie sisemisele digitaalsele koolitusplatvormile. Juhid ja tugifunktsioonide t\u00f6\u00f6tajad saavad samuti osa v\u00f5tta spetsiaalsetest koolitustest.<\/p>\n<p>[\/vc_column_text][\/vc_column][vc_column width=&#8221;1\/4&#8243;]<h3 class=\"headline font-inherit fontsize-inherit fontweight-inherit lh-inherit align-center transform-inherit \" style=\"margin: 0 0 20px 0; color: #1e73be;\"><strong>Turvalisus<\/strong><br \/>\n<\/h3><div class=\"single_image wpb_content_element align-center    \" data-animation=\"none\" data-delay=\"0\"><img loading=\"lazy\" decoding=\"async\" class=\"\" src=\"https:\/\/www.ionisos.com\/wp-content\/uploads\/2022\/08\/safe-72x72.png\" width=\"72\" height=\"72\" alt=\"safe\" title=\"safe\" \/><\/div>[vc_column_text]<\/p>\n<p style=\"text-align: center;\">Kvaliteet on tihedalt seotud ohutusega ning see on k\u00f5igi meie tegevuste keskmes, et tagada turvaline t\u00f6\u00f6keskkond ja saavutada null \u00f5nnetust.<\/p>\n<p>[\/vc_column_text][\/vc_column][vc_column width=&#8221;1\/4&#8243;]<h3 class=\"headline font-inherit fontsize-inherit fontweight-inherit lh-inherit align-center transform-inherit \" style=\"margin: 0 0 20px 0; color: #1e73be;\"><strong>\u00dclemaailmne \u00f5igusnormide j\u00e4rgimine<\/strong><\/h3><div class=\"single_image wpb_content_element align-center    \" data-animation=\"none\" data-delay=\"0\"><img loading=\"lazy\" decoding=\"async\" class=\"\" src=\"https:\/\/www.ionisos.com\/wp-content\/uploads\/2023\/02\/compliant-72x72.png\" width=\"72\" height=\"72\" alt=\"compliant\" title=\"compliant\" \/><\/div>[vc_column_text]<\/p>\n<p style=\"text-align: center;\">Meie kvaliteedis\u00fcsteem vastab standardite ISO 13485 ja 14001, GMP ning FDA n\u00f5uetele meditsiiniseadmete ja farmaatsiatoodete osas. K\u00f5ik meie sertifikaadid leiad <a href=\"https:\/\/www.ionisos.com\/et\/kvaliteet\/\">siit<\/a>.<\/p>\n<p>[\/vc_column_text][\/vc_column][\/vc_row][vc_row][vc_column width=&#8221;1\/1&#8243;]<div class=\"spacer\" style=\"height: 100px;\"><\/div>[vc_column_text]Kl\u00f5psake erinevatel rubriikidel, et teada saada, mis teeb Ionisost v\u00f5rdlusalusena t\u00f6\u00f6andja![\/vc_column_text]<div class=\"spacer\" style=\"height: 20px;\"><\/div>[\/vc_column][\/vc_row][vc_row][vc_column width=&#8221;1\/5&#8243;]<div class=\" ubtn-ctn-center \"><a class=\"ubtn-link ult-adjust-bottom-margin ubtn-center ubtn-custom \" title='Tugev p\u00fchendumus meie t\u00f6\u00f6tajatele' rel='' href = \"https:\/\/www.ionisos.com\/et\/tugev-puhendumine-meie-tootajatele\/\" ><button type=\"button\" id=\"ubtn-2685\" class=\"ubtn ult-adjust-bottom-margin ult-responsive ubtn-custom ubtn-fade-bg  none  ubtn-center   tooltip-69d444352b38c\"  data-hover=\"\" data-border-color=\"\" data-bg=\"#f38250\" data-hover-bg=\"#f25d1d\" data-border-hover=\"\" data-shadow-hover=\"\" data-shadow-click=\"none\" data-shadow=\"\" data-shd-shadow=\"\"  data-ultimate-target='#ubtn-2685'  data-responsive-json-new='{\"font-size\":\"\",\"line-height\":\"\"}'  style=\"font-weight:normal;width:500px;min-height:100px;padding:20px 50px;border:none;background: #f38250;color: #ffffff;\"><span class=\"ubtn-hover\" style=\"background-color:#f25d1d\"><\/span><span class=\"ubtn-data ubtn-text \" ><strong>Tugev p\u00fchendumine meie t\u00f6\u00f6tajatele<\/strong><\/span><\/button><\/a><\/div>[\/vc_column][vc_column width=&#8221;1\/5&#8243;]<div class=\" ubtn-ctn-center \"><a class=\"ubtn-link ult-adjust-bottom-margin ubtn-center ubtn-custom \" title='Kvaliteedin\u00f5ue' rel='' href = \"https:\/\/www.ionisos.com\/et\/kvaliteedinoue\/\" ><button type=\"button\" id=\"ubtn-1864\" class=\"ubtn ult-adjust-bottom-margin ult-responsive ubtn-custom ubtn-fade-bg  none  ubtn-center   tooltip-69d444352b3dd\"  data-hover=\"\" data-border-color=\"\" data-bg=\"#d3b83f\" data-hover-bg=\"#d3ac00\" data-border-hover=\"\" data-shadow-hover=\"\" data-shadow-click=\"none\" data-shadow=\"\" data-shd-shadow=\"\"  data-ultimate-target='#ubtn-1864'  data-responsive-json-new='{\"font-size\":\"\",\"line-height\":\"\"}'  style=\"font-weight:normal;width:500px;min-height:100px;padding:20px 50px;border:none;background: #d3b83f;color: #ffffff;\"><span class=\"ubtn-hover\" style=\"background-color:#d3ac00\"><\/span><span class=\"ubtn-data ubtn-text \" ><strong>Kvaliteedin\u00f5ue<\/strong><\/span><\/button><\/a><\/div>[\/vc_column][vc_column width=&#8221;1\/5&#8243;]<div class=\" ubtn-ctn-center \"><a class=\"ubtn-link ult-adjust-bottom-margin ubtn-center ubtn-custom \" title='Vastutustundlik t\u00f6\u00f6andja' rel='' href = \"https:\/\/www.ionisos.com\/et\/vastutustundlik-tooandja\/\" ><button type=\"button\" id=\"ubtn-2031\" class=\"ubtn ult-adjust-bottom-margin ult-responsive ubtn-custom ubtn-fade-bg  none  ubtn-center   tooltip-69d444352b40e\"  data-hover=\"\" data-border-color=\"\" data-bg=\"#98ca69\" data-hover-bg=\"#7ec938\" data-border-hover=\"\" data-shadow-hover=\"\" data-shadow-click=\"none\" data-shadow=\"\" data-shd-shadow=\"\"  data-ultimate-target='#ubtn-2031'  data-responsive-json-new='{\"font-size\":\"\",\"line-height\":\"\"}'  style=\"font-weight:normal;width:500px;min-height:100px;padding:20px 50px;border:none;background: #98ca69;color: #ffffff;\"><span class=\"ubtn-hover\" style=\"background-color:#7ec938\"><\/span><span class=\"ubtn-data ubtn-text \" ><strong>vastutustundlik t\u00f6\u00f6andja<\/strong><\/span><\/button><\/a><\/div>[\/vc_column][vc_column width=&#8221;1\/5&#8243;]<div class=\" ubtn-ctn-center \"><a class=\"ubtn-link ult-adjust-bottom-margin ubtn-center ubtn-custom \" title='Mitmekesisuse austamine' rel='' href = \"https:\/\/www.ionisos.com\/et\/mitmekesisuse-austamine\/\" ><button type=\"button\" id=\"ubtn-9511\" class=\"ubtn ult-adjust-bottom-margin ult-responsive ubtn-custom ubtn-fade-bg  none  ubtn-center   tooltip-69d444352b437\"  data-hover=\"\" data-border-color=\"\" data-bg=\"#da5457\" data-hover-bg=\"#d82023\" data-border-hover=\"\" data-shadow-hover=\"\" data-shadow-click=\"none\" data-shadow=\"\" data-shd-shadow=\"\"  data-ultimate-target='#ubtn-9511'  data-responsive-json-new='{\"font-size\":\"\",\"line-height\":\"\"}'  style=\"font-weight:normal;width:500px;min-height:100px;padding:20px 50px;border:none;background: #da5457;color: #ffffff;\"><span class=\"ubtn-hover\" style=\"background-color:#d82023\"><\/span><span class=\"ubtn-data ubtn-text \" ><strong>Kohtumine mitmekesisusega<\/strong><\/span><\/button><\/a><\/div>[\/vc_column][vc_column width=&#8221;1\/5&#8243;]<div class=\" ubtn-ctn-center \"><a class=\"ubtn-link ult-adjust-bottom-margin ubtn-center ubtn-custom \" title='Eelised' rel='' href = \"https:\/\/www.ionisos.com\/et\/eelised\/\" ><button type=\"button\" id=\"ubtn-1607\" class=\"ubtn ult-adjust-bottom-margin ult-responsive ubtn-custom ubtn-fade-bg  none  ubtn-center   tooltip-69d444352b45d\"  data-hover=\"\" data-border-color=\"\" data-bg=\"#38b4d6\" data-hover-bg=\"#00a7d6\" data-border-hover=\"\" data-shadow-hover=\"\" data-shadow-click=\"none\" data-shadow=\"\" data-shd-shadow=\"\"  data-ultimate-target='#ubtn-1607'  data-responsive-json-new='{\"font-size\":\"\",\"line-height\":\"\"}'  style=\"font-weight:normal;width:500px;min-height:100px;padding:20px 50px;border:none;background: #38b4d6;color: #ffffff;\"><span class=\"ubtn-hover\" style=\"background-color:#00a7d6\"><\/span><span class=\"ubtn-data ubtn-text \" ><strong>Eelised<\/strong><\/span><\/button><\/a><\/div>[\/vc_column][\/vc_row][vc_row text_align=&#8221;center&#8221;][vc_column width=&#8221;1\/1&#8243;]<div class=\"spacer\" style=\"height: 60px;\"><\/div><a href=\"https:\/\/www.hellowork.com\/fr-fr\/entreprises\/ionisos-95285.html\" target=\"_self\" class=\"button color-1 large \" style=\"border-radius: 2px;\">Vaata k\u00f5iki meie pakkumisi<\/a><div class=\"spacer\" style=\"height: 100px;\"><\/div>[\/vc_column][\/vc_row]<\/p>\n","protected":false},"excerpt":{"rendered":"<p>[vc_row bg_image=&#8221;22439&#8243; bg_repeat=&#8221;no-repeat&#8221; text_color=&#8221;light&#8221; text_align=&#8221;center&#8221; top_padding=&#8221;100&#8243; bottom_padding=&#8221;100&#8243;][vc_column width=&#8221;1\/1&#8243;][\/vc_column][\/vc_row][vc_row][vc_column width=&#8221;1\/1&#8243;][vc_column_text] Kvaliteet on Ionisose keskmes k\u00f5iges, mida me teeme, ja me teeme k\u00f5ik endast oleneva, et seda iga p\u00e4ev tugevdada: [\/vc_column_text][\/vc_column][\/vc_row][vc_row text_align=&#8221;center&#8221;][vc_column width=&#8221;1\/4&#8243;][vc_column_text] Kvaliteet ja tipptase on Ionisose DNA osa \u2014 nii meie klientide kui ka t\u00f6\u00f6tajate suhtes. [\/vc_column_text][\/vc_column][vc_column width=&#8221;1\/4&#8243;][vc_column_text] Meie t\u00f6\u00f6tajatel on v\u00f5imalus pidevalt \u00f5ppida t\u00e4nu meie sisemisele digitaalsele koolitusplatvormile. Juhid ja tugifunktsioonide t\u00f6\u00f6tajad saavad samuti osa v\u00f5tta spetsiaalsetest koolitustest. [\/vc_column_text][\/vc_column][vc_column width=&#8221;1\/4&#8243;][vc_column_text] Kvaliteet on tihedalt seotud ohutusega ning see on k\u00f5igi meie tegevuste keskmes, et tagada turvaline t\u00f6\u00f6keskkond ja saavutada null \u00f5nnetust. [\/vc_column_text][\/vc_column][vc_column width=&#8221;1\/4&#8243;][vc_column_text] Meie kvaliteedis\u00fcsteem vastab standardite ISO 13485 ja 14001, GMP ning FDA n\u00f5uetele meditsiiniseadmete ja farmaatsiatoodete osas. K\u00f5ik meie sertifikaadid leiad siit. [\/vc_column_text][\/vc_column][\/vc_row][vc_row][vc_column width=&#8221;1\/1&#8243;][vc_column_text]Kl\u00f5psake erinevatel rubriikidel, et teada saada, mis teeb Ionisost v\u00f5rdlusalusena t\u00f6\u00f6andja![\/vc_column_text][\/vc_column][\/vc_row][vc_row][vc_column width=&#8221;1\/5&#8243;][\/vc_column][vc_column width=&#8221;1\/5&#8243;][\/vc_column][vc_column width=&#8221;1\/5&#8243;][\/vc_column][vc_column width=&#8221;1\/5&#8243;][\/vc_column][vc_column width=&#8221;1\/5&#8243;][\/vc_column][\/vc_row][vc_row text_align=&#8221;center&#8221;][vc_column width=&#8221;1\/1&#8243;][\/vc_column][\/vc_row]<\/p>\n","protected":false},"author":1,"featured_media":0,"parent":0,"menu_order":0,"comment_status":"closed","ping_status":"closed","template":"","meta":{"inline_featured_image":false,"footnotes":""},"class_list":["post-22398","page","type-page","status-publish","hentry"],"yoast_head":"<!-- This site is optimized with the Yoast SEO plugin v26.3 - https:\/\/yoast.com\/wordpress\/plugins\/seo\/ -->\n<title>Kvaliteedin\u00f5ue - Ionisos<\/title>\n<meta name=\"description\" content=\"Ionisos, mis on spetsialiseerunud steriliseerimisele gammaionisatsiooni, e-kiirguse, r\u00f6ntgenikiirguse ja et\u00fcleenoksiidi abil, omab 12 tegevuskohta Euroopas.\" \/>\n<meta name=\"robots\" content=\"index, follow, max-snippet:-1, max-image-preview:large, max-video-preview:-1\" \/>\n<link rel=\"canonical\" href=\"https:\/\/www.ionisos.com\/et\/kvaliteedinoue\/\" \/>\n<meta property=\"og:locale\" content=\"et_EE\" \/>\n<meta property=\"og:type\" content=\"article\" \/>\n<meta property=\"og:title\" content=\"Kvaliteedin\u00f5ue - Ionisos\" \/>\n<meta property=\"og:description\" content=\"Ionisos, mis on spetsialiseerunud steriliseerimisele gammaionisatsiooni, e-kiirguse, r\u00f6ntgenikiirguse ja et\u00fcleenoksiidi abil, omab 12 tegevuskohta Euroopas.\" \/>\n<meta property=\"og:url\" content=\"https:\/\/www.ionisos.com\/et\/kvaliteedinoue\/\" \/>\n<meta property=\"og:site_name\" content=\"Ionisos\" \/>\n<meta property=\"article:modified_time\" content=\"2025-04-24T09:08:00+00:00\" \/>\n<meta name=\"twitter:card\" content=\"summary_large_image\" \/>\n<meta name=\"twitter:label1\" content=\"Est. reading time\" \/>\n\t<meta name=\"twitter:data1\" content=\"2 minutit\" \/>\n<script type=\"application\/ld+json\" class=\"yoast-schema-graph\">{\"@context\":\"https:\/\/schema.org\",\"@graph\":[{\"@type\":\"WebPage\",\"@id\":\"https:\/\/www.ionisos.com\/et\/kvaliteedinoue\/\",\"url\":\"https:\/\/www.ionisos.com\/et\/kvaliteedinoue\/\",\"name\":\"Kvaliteedin\u00f5ue - Ionisos\",\"isPartOf\":{\"@id\":\"https:\/\/www.ionisos.com\/#website\"},\"datePublished\":\"2025-04-23T10:02:03+00:00\",\"dateModified\":\"2025-04-24T09:08:00+00:00\",\"description\":\"Ionisos, mis on spetsialiseerunud steriliseerimisele gammaionisatsiooni, e-kiirguse, r\u00f6ntgenikiirguse ja et\u00fcleenoksiidi abil, omab 12 tegevuskohta Euroopas.\",\"breadcrumb\":{\"@id\":\"https:\/\/www.ionisos.com\/et\/kvaliteedinoue\/#breadcrumb\"},\"inLanguage\":\"et\",\"potentialAction\":[{\"@type\":\"ReadAction\",\"target\":[\"https:\/\/www.ionisos.com\/et\/kvaliteedinoue\/\"]}]},{\"@type\":\"BreadcrumbList\",\"@id\":\"https:\/\/www.ionisos.com\/et\/kvaliteedinoue\/#breadcrumb\",\"itemListElement\":[{\"@type\":\"ListItem\",\"position\":1,\"name\":\"Accueil\",\"item\":\"https:\/\/www.ionisos.com\/et\/\"},{\"@type\":\"ListItem\",\"position\":2,\"name\":\"Kvaliteedin\u00f5ue\"}]},{\"@type\":\"WebSite\",\"@id\":\"https:\/\/www.ionisos.com\/#website\",\"url\":\"https:\/\/www.ionisos.com\/\",\"name\":\"Ionisos\",\"description\":\"Ionisation par \u00e9lectrons acc\u00e9l\u00e9r\u00e9s, rayons gamma, rayons X et oxyde d&#039;\u00e9thyl\u00e8ne\",\"potentialAction\":[{\"@type\":\"SearchAction\",\"target\":{\"@type\":\"EntryPoint\",\"urlTemplate\":\"https:\/\/www.ionisos.com\/?s={search_term_string}\"},\"query-input\":{\"@type\":\"PropertyValueSpecification\",\"valueRequired\":true,\"valueName\":\"search_term_string\"}}],\"inLanguage\":\"et\"}]}<\/script>\n<!-- \/ Yoast SEO plugin. -->","yoast_head_json":{"title":"Kvaliteedin\u00f5ue - Ionisos","description":"Ionisos, mis on spetsialiseerunud steriliseerimisele gammaionisatsiooni, e-kiirguse, r\u00f6ntgenikiirguse ja et\u00fcleenoksiidi abil, omab 12 tegevuskohta Euroopas.","robots":{"index":"index","follow":"follow","max-snippet":"max-snippet:-1","max-image-preview":"max-image-preview:large","max-video-preview":"max-video-preview:-1"},"canonical":"https:\/\/www.ionisos.com\/et\/kvaliteedinoue\/","og_locale":"et_EE","og_type":"article","og_title":"Kvaliteedin\u00f5ue - Ionisos","og_description":"Ionisos, mis on spetsialiseerunud steriliseerimisele gammaionisatsiooni, e-kiirguse, r\u00f6ntgenikiirguse ja et\u00fcleenoksiidi abil, omab 12 tegevuskohta Euroopas.","og_url":"https:\/\/www.ionisos.com\/et\/kvaliteedinoue\/","og_site_name":"Ionisos","article_modified_time":"2025-04-24T09:08:00+00:00","twitter_card":"summary_large_image","twitter_misc":{"Est. reading time":"2 minutit"},"schema":{"@context":"https:\/\/schema.org","@graph":[{"@type":"WebPage","@id":"https:\/\/www.ionisos.com\/et\/kvaliteedinoue\/","url":"https:\/\/www.ionisos.com\/et\/kvaliteedinoue\/","name":"Kvaliteedin\u00f5ue - Ionisos","isPartOf":{"@id":"https:\/\/www.ionisos.com\/#website"},"datePublished":"2025-04-23T10:02:03+00:00","dateModified":"2025-04-24T09:08:00+00:00","description":"Ionisos, mis on spetsialiseerunud steriliseerimisele gammaionisatsiooni, e-kiirguse, r\u00f6ntgenikiirguse ja et\u00fcleenoksiidi abil, omab 12 tegevuskohta Euroopas.","breadcrumb":{"@id":"https:\/\/www.ionisos.com\/et\/kvaliteedinoue\/#breadcrumb"},"inLanguage":"et","potentialAction":[{"@type":"ReadAction","target":["https:\/\/www.ionisos.com\/et\/kvaliteedinoue\/"]}]},{"@type":"BreadcrumbList","@id":"https:\/\/www.ionisos.com\/et\/kvaliteedinoue\/#breadcrumb","itemListElement":[{"@type":"ListItem","position":1,"name":"Accueil","item":"https:\/\/www.ionisos.com\/et\/"},{"@type":"ListItem","position":2,"name":"Kvaliteedin\u00f5ue"}]},{"@type":"WebSite","@id":"https:\/\/www.ionisos.com\/#website","url":"https:\/\/www.ionisos.com\/","name":"Ionisos","description":"Ionisation par \u00e9lectrons acc\u00e9l\u00e9r\u00e9s, rayons gamma, rayons X et oxyde d&#039;\u00e9thyl\u00e8ne","potentialAction":[{"@type":"SearchAction","target":{"@type":"EntryPoint","urlTemplate":"https:\/\/www.ionisos.com\/?s={search_term_string}"},"query-input":{"@type":"PropertyValueSpecification","valueRequired":true,"valueName":"search_term_string"}}],"inLanguage":"et"}]}},"_links":{"self":[{"href":"https:\/\/www.ionisos.com\/et\/wp-json\/wp\/v2\/pages\/22398","targetHints":{"allow":["GET"]}}],"collection":[{"href":"https:\/\/www.ionisos.com\/et\/wp-json\/wp\/v2\/pages"}],"about":[{"href":"https:\/\/www.ionisos.com\/et\/wp-json\/wp\/v2\/types\/page"}],"author":[{"embeddable":true,"href":"https:\/\/www.ionisos.com\/et\/wp-json\/wp\/v2\/users\/1"}],"replies":[{"embeddable":true,"href":"https:\/\/www.ionisos.com\/et\/wp-json\/wp\/v2\/comments?post=22398"}],"version-history":[{"count":10,"href":"https:\/\/www.ionisos.com\/et\/wp-json\/wp\/v2\/pages\/22398\/revisions"}],"predecessor-version":[{"id":26834,"href":"https:\/\/www.ionisos.com\/et\/wp-json\/wp\/v2\/pages\/22398\/revisions\/26834"}],"wp:attachment":[{"href":"https:\/\/www.ionisos.com\/et\/wp-json\/wp\/v2\/media?parent=22398"}],"curies":[{"name":"wp","href":"https:\/\/api.w.org\/{rel}","templated":true}]}}