 {"id":22089,"date":"2025-04-24T10:50:16","date_gmt":"2025-04-24T08:50:16","guid":{"rendered":"https:\/\/www.ionisos.com\/?page_id=22089"},"modified":"2025-04-24T11:25:25","modified_gmt":"2025-04-24T09:25:25","slug":"eelised","status":"publish","type":"page","link":"https:\/\/www.ionisos.com\/et\/eelised\/","title":{"rendered":"Eelised"},"content":{"rendered":"<p>[vc_row bg_image=&#8221;22373&#8243; bg_repeat=&#8221;no-repeat&#8221; text_color=&#8221;light&#8221; text_align=&#8221;center&#8221; top_padding=&#8221;100&#8243; bottom_padding=&#8221;100&#8243;][vc_column width=&#8221;1\/1&#8243;]<h1 class=\"headline font-special fontsize-xxxl fontweight-inherit lh-inherit align-center transform-uppercase \" style=\"margin: 0;\"><strong>Hea p\u00f5hjus nr 5<\/strong><br \/>\nEelised<\/h1>[\/vc_column][\/vc_row][vc_row][vc_column width=&#8221;1\/1&#8243;]<div class=\"spacer\" style=\"height: 60px;\"><\/div>[vc_column_text]<\/p>\n<h2>T\u00f6\u00f6tamine Ionisoses t\u00e4hendab ka j\u00e4rgmiste eeliste nautimist:<\/h2>\n<p>[\/vc_column_text][vc_row_inner][vc_column_inner width=&#8221;1\/2&#8243;][vc_column_text]<\/p>\n<ul>\n<li>T\u00f6\u00f6 turvalises keskkonnas<\/li>\n<li>Soodne palgapoliitika (aastaintervjuu k\u00f5ikide ametikohtade puhul)<\/li>\n<li>Tervise- ja kindlustuss\u00fcsteemid<\/li>\n<li>Kasumiosaluse skeemid<\/li>\n<li>Toidutalongid<\/li>\n<\/ul>\n<p>[\/vc_column_text][\/vc_column_inner][vc_column_inner width=&#8221;1\/2&#8243;][vc_column_text]<\/p>\n<ul>\n<li>3 p\u00e4eva kodukontorit n\u00e4dalas (sobivate ametikohtade puhul)<\/li>\n<li>J\u00e4tkuv sisemine digitaalse koolituse s\u00fcsteem<\/li>\n<li>Juhtide ja tugifunktsioonide koolitused<\/li>\n<li>Soositud sisemine liikuvus<\/li>\n<li>T\u00f6\u00f6tajate esindusorganisatsioon (CSE)<\/li>\n<\/ul>\n<p>[\/vc_column_text][\/vc_column_inner][\/vc_row_inner][\/vc_column][\/vc_row][vc_row][vc_column width=&#8221;1\/1&#8243;]<div class=\"spacer\" style=\"height: 100px;\"><\/div>[vc_column_text]Kl\u00f5psake erinevatel rubriikidel, et teada saada, mis teeb Ionisost v\u00f5rdlusalusena t\u00f6\u00f6andja![\/vc_column_text]<div class=\"spacer\" style=\"height: 20px;\"><\/div>[\/vc_column][\/vc_row][vc_row][vc_column width=&#8221;1\/5&#8243;]<div class=\" ubtn-ctn-center \"><a class=\"ubtn-link ult-adjust-bottom-margin ubtn-center ubtn-custom \" title='Tugev p\u00fchendumus meie t\u00f6\u00f6tajatele' rel='' href = \"https:\/\/www.ionisos.com\/et\/tugev-puhendumine-meie-tootajatele\/\" ><button type=\"button\" id=\"ubtn-2558\" class=\"ubtn ult-adjust-bottom-margin ult-responsive ubtn-custom ubtn-fade-bg  none  ubtn-center   tooltip-69d443d93878a\"  data-hover=\"\" data-border-color=\"\" data-bg=\"#f38250\" data-hover-bg=\"#f25d1d\" data-border-hover=\"\" data-shadow-hover=\"\" data-shadow-click=\"none\" data-shadow=\"\" data-shd-shadow=\"\"  data-ultimate-target='#ubtn-2558'  data-responsive-json-new='{\"font-size\":\"\",\"line-height\":\"\"}'  style=\"font-weight:normal;width:500px;min-height:100px;padding:20px 50px;border:none;background: #f38250;color: #ffffff;\"><span class=\"ubtn-hover\" style=\"background-color:#f25d1d\"><\/span><span class=\"ubtn-data ubtn-text \" ><strong>Tugev p\u00fchendumine meie t\u00f6\u00f6tajatele<\/strong><\/span><\/button><\/a><\/div>[\/vc_column][vc_column width=&#8221;1\/5&#8243;]<div class=\" ubtn-ctn-center \"><a class=\"ubtn-link ult-adjust-bottom-margin ubtn-center ubtn-custom \" title='Kvaliteedin\u00f5ue' rel='' href = \"https:\/\/www.ionisos.com\/et\/kvaliteedinoue\/\" ><button type=\"button\" id=\"ubtn-9092\" class=\"ubtn ult-adjust-bottom-margin ult-responsive ubtn-custom ubtn-fade-bg  none  ubtn-center   tooltip-69d443d9387be\"  data-hover=\"\" data-border-color=\"\" data-bg=\"#d3b83f\" data-hover-bg=\"#d3ac00\" data-border-hover=\"\" data-shadow-hover=\"\" data-shadow-click=\"none\" data-shadow=\"\" data-shd-shadow=\"\"  data-ultimate-target='#ubtn-9092'  data-responsive-json-new='{\"font-size\":\"\",\"line-height\":\"\"}'  style=\"font-weight:normal;width:500px;min-height:100px;padding:20px 50px;border:none;background: #d3b83f;color: #ffffff;\"><span class=\"ubtn-hover\" style=\"background-color:#d3ac00\"><\/span><span class=\"ubtn-data ubtn-text \" ><strong>Kvaliteedin\u00f5ue<\/strong><\/span><\/button><\/a><\/div>[\/vc_column][vc_column width=&#8221;1\/5&#8243;]<div class=\" ubtn-ctn-center \"><a class=\"ubtn-link ult-adjust-bottom-margin ubtn-center ubtn-custom \" title='Vastutustundlik t\u00f6\u00f6andja' rel='' href = \"https:\/\/www.ionisos.com\/et\/vastutustundlik-tooandja\/\" ><button type=\"button\" id=\"ubtn-1915\" class=\"ubtn ult-adjust-bottom-margin ult-responsive ubtn-custom ubtn-fade-bg  none  ubtn-center   tooltip-69d443d9387df\"  data-hover=\"\" data-border-color=\"\" data-bg=\"#98ca69\" data-hover-bg=\"#7ec938\" data-border-hover=\"\" data-shadow-hover=\"\" data-shadow-click=\"none\" data-shadow=\"\" data-shd-shadow=\"\"  data-ultimate-target='#ubtn-1915'  data-responsive-json-new='{\"font-size\":\"\",\"line-height\":\"\"}'  style=\"font-weight:normal;width:500px;min-height:100px;padding:20px 50px;border:none;background: #98ca69;color: #ffffff;\"><span class=\"ubtn-hover\" style=\"background-color:#7ec938\"><\/span><span class=\"ubtn-data ubtn-text \" ><strong>Vastutustundlik t\u00f6\u00f6andja<\/strong><\/span><\/button><\/a><\/div>[\/vc_column][vc_column width=&#8221;1\/5&#8243;]<div class=\" ubtn-ctn-center \"><a class=\"ubtn-link ult-adjust-bottom-margin ubtn-center ubtn-custom \" title='Mitmekesisuse austamine' rel='' href = \"https:\/\/www.ionisos.com\/et\/mitmekesisuse-austamine\/\" ><button type=\"button\" id=\"ubtn-2931\" class=\"ubtn ult-adjust-bottom-margin ult-responsive ubtn-custom ubtn-fade-bg  none  ubtn-center   tooltip-69d443d9387fb\"  data-hover=\"\" data-border-color=\"\" data-bg=\"#da5457\" data-hover-bg=\"#d82023\" data-border-hover=\"\" data-shadow-hover=\"\" data-shadow-click=\"none\" data-shadow=\"\" data-shd-shadow=\"\"  data-ultimate-target='#ubtn-2931'  data-responsive-json-new='{\"font-size\":\"\",\"line-height\":\"\"}'  style=\"font-weight:normal;width:500px;min-height:100px;padding:20px 50px;border:none;background: #da5457;color: #ffffff;\"><span class=\"ubtn-hover\" style=\"background-color:#d82023\"><\/span><span class=\"ubtn-data ubtn-text \" ><strong>Kohtumine mitmekesisusega<\/strong><\/span><\/button><\/a><\/div>[\/vc_column][vc_column width=&#8221;1\/5&#8243;]<div class=\" ubtn-ctn-center \"><a class=\"ubtn-link ult-adjust-bottom-margin ubtn-center ubtn-custom \" title='Eelised' rel='' href = \"https:\/\/www.ionisos.com\/et\/eelised\/\" ><button type=\"button\" id=\"ubtn-5626\" class=\"ubtn ult-adjust-bottom-margin ult-responsive ubtn-custom ubtn-fade-bg  none  ubtn-center   tooltip-69d443d938814\"  data-hover=\"\" data-border-color=\"\" data-bg=\"#38b4d6\" data-hover-bg=\"#00a7d6\" data-border-hover=\"\" data-shadow-hover=\"\" data-shadow-click=\"none\" data-shadow=\"\" data-shd-shadow=\"\"  data-ultimate-target='#ubtn-5626'  data-responsive-json-new='{\"font-size\":\"\",\"line-height\":\"\"}'  style=\"font-weight:normal;width:500px;min-height:100px;padding:20px 50px;border:none;background: #38b4d6;color: #ffffff;\"><span class=\"ubtn-hover\" style=\"background-color:#00a7d6\"><\/span><span class=\"ubtn-data ubtn-text \" ><strong>Eelised<\/strong><\/span><\/button><\/a><\/div>[\/vc_column][\/vc_row][vc_row text_align=&#8221;center&#8221;][vc_column width=&#8221;1\/1&#8243;]<div class=\"spacer\" style=\"height: 60px;\"><\/div><a href=\"https:\/\/www.hellowork.com\/fr-fr\/entreprises\/ionisos-95285.html\" target=\"_self\" class=\"button color-1 large \" style=\"border-radius: 2px;\">Vaata k\u00f5iki meie pakkumisi<\/a><div class=\"spacer\" style=\"height: 100px;\"><\/div>[\/vc_column][\/vc_row]<\/p>\n","protected":false},"excerpt":{"rendered":"<p>[vc_row bg_image=&#8221;22373&#8243; bg_repeat=&#8221;no-repeat&#8221; text_color=&#8221;light&#8221; text_align=&#8221;center&#8221; top_padding=&#8221;100&#8243; bottom_padding=&#8221;100&#8243;][vc_column width=&#8221;1\/1&#8243;][\/vc_column][\/vc_row][vc_row][vc_column width=&#8221;1\/1&#8243;][vc_column_text] T\u00f6\u00f6tamine Ionisoses t\u00e4hendab ka j\u00e4rgmiste eeliste nautimist: [\/vc_column_text][vc_row_inner][vc_column_inner width=&#8221;1\/2&#8243;][vc_column_text] T\u00f6\u00f6 turvalises keskkonnas Soodne palgapoliitika (aastaintervjuu k\u00f5ikide ametikohtade puhul) Tervise- ja kindlustuss\u00fcsteemid Kasumiosaluse skeemid Toidutalongid [\/vc_column_text][\/vc_column_inner][vc_column_inner width=&#8221;1\/2&#8243;][vc_column_text] 3 p\u00e4eva kodukontorit n\u00e4dalas (sobivate ametikohtade puhul) J\u00e4tkuv sisemine digitaalse koolituse s\u00fcsteem Juhtide ja tugifunktsioonide koolitused Soositud sisemine liikuvus T\u00f6\u00f6tajate esindusorganisatsioon (CSE) [\/vc_column_text][\/vc_column_inner][\/vc_row_inner][\/vc_column][\/vc_row][vc_row][vc_column width=&#8221;1\/1&#8243;][vc_column_text]Kl\u00f5psake erinevatel rubriikidel, et teada saada, mis teeb Ionisost v\u00f5rdlusalusena t\u00f6\u00f6andja![\/vc_column_text][\/vc_column][\/vc_row][vc_row][vc_column width=&#8221;1\/5&#8243;][\/vc_column][vc_column width=&#8221;1\/5&#8243;][\/vc_column][vc_column width=&#8221;1\/5&#8243;][\/vc_column][vc_column width=&#8221;1\/5&#8243;][\/vc_column][vc_column width=&#8221;1\/5&#8243;][\/vc_column][\/vc_row][vc_row text_align=&#8221;center&#8221;][vc_column width=&#8221;1\/1&#8243;][\/vc_column][\/vc_row]<\/p>\n","protected":false},"author":1,"featured_media":0,"parent":0,"menu_order":0,"comment_status":"closed","ping_status":"closed","template":"","meta":{"inline_featured_image":false,"footnotes":""},"class_list":["post-22089","page","type-page","status-publish","hentry"],"yoast_head":"<!-- This site is optimized with the Yoast SEO plugin v26.3 - https:\/\/yoast.com\/wordpress\/plugins\/seo\/ -->\n<title>Eelised - Ionisos<\/title>\n<meta name=\"description\" content=\"Ionisos, mis on spetsialiseerunud steriliseerimisele gammaionisatsiooni, e-kiirguse, r\u00f6ntgenikiirguse ja et\u00fcleenoksiidi abil, omab 12 tegevuskohta Euroopas.\" \/>\n<meta name=\"robots\" content=\"index, follow, max-snippet:-1, max-image-preview:large, max-video-preview:-1\" \/>\n<link rel=\"canonical\" href=\"https:\/\/www.ionisos.com\/et\/eelised\/\" \/>\n<meta property=\"og:locale\" content=\"et_EE\" \/>\n<meta property=\"og:type\" content=\"article\" \/>\n<meta property=\"og:title\" content=\"Eelised - Ionisos\" \/>\n<meta property=\"og:description\" content=\"Ionisos, mis on spetsialiseerunud steriliseerimisele gammaionisatsiooni, e-kiirguse, r\u00f6ntgenikiirguse ja et\u00fcleenoksiidi abil, omab 12 tegevuskohta Euroopas.\" \/>\n<meta property=\"og:url\" content=\"https:\/\/www.ionisos.com\/et\/eelised\/\" \/>\n<meta property=\"og:site_name\" content=\"Ionisos\" \/>\n<meta property=\"article:modified_time\" content=\"2025-04-24T09:25:25+00:00\" \/>\n<meta name=\"twitter:card\" content=\"summary_large_image\" \/>\n<meta name=\"twitter:label1\" content=\"Est. reading time\" \/>\n\t<meta name=\"twitter:data1\" content=\"1 minut\" \/>\n<script type=\"application\/ld+json\" class=\"yoast-schema-graph\">{\"@context\":\"https:\/\/schema.org\",\"@graph\":[{\"@type\":\"WebPage\",\"@id\":\"https:\/\/www.ionisos.com\/et\/eelised\/\",\"url\":\"https:\/\/www.ionisos.com\/et\/eelised\/\",\"name\":\"Eelised - Ionisos\",\"isPartOf\":{\"@id\":\"https:\/\/www.ionisos.com\/#website\"},\"datePublished\":\"2025-04-24T08:50:16+00:00\",\"dateModified\":\"2025-04-24T09:25:25+00:00\",\"description\":\"Ionisos, mis on spetsialiseerunud steriliseerimisele gammaionisatsiooni, e-kiirguse, r\u00f6ntgenikiirguse ja et\u00fcleenoksiidi abil, omab 12 tegevuskohta Euroopas.\",\"breadcrumb\":{\"@id\":\"https:\/\/www.ionisos.com\/et\/eelised\/#breadcrumb\"},\"inLanguage\":\"et\",\"potentialAction\":[{\"@type\":\"ReadAction\",\"target\":[\"https:\/\/www.ionisos.com\/et\/eelised\/\"]}]},{\"@type\":\"BreadcrumbList\",\"@id\":\"https:\/\/www.ionisos.com\/et\/eelised\/#breadcrumb\",\"itemListElement\":[{\"@type\":\"ListItem\",\"position\":1,\"name\":\"Accueil\",\"item\":\"https:\/\/www.ionisos.com\/et\/\"},{\"@type\":\"ListItem\",\"position\":2,\"name\":\"Eelised\"}]},{\"@type\":\"WebSite\",\"@id\":\"https:\/\/www.ionisos.com\/#website\",\"url\":\"https:\/\/www.ionisos.com\/\",\"name\":\"Ionisos\",\"description\":\"Ionisation par \u00e9lectrons acc\u00e9l\u00e9r\u00e9s, rayons gamma, rayons X et oxyde d&#039;\u00e9thyl\u00e8ne\",\"potentialAction\":[{\"@type\":\"SearchAction\",\"target\":{\"@type\":\"EntryPoint\",\"urlTemplate\":\"https:\/\/www.ionisos.com\/?s={search_term_string}\"},\"query-input\":{\"@type\":\"PropertyValueSpecification\",\"valueRequired\":true,\"valueName\":\"search_term_string\"}}],\"inLanguage\":\"et\"}]}<\/script>\n<!-- \/ Yoast SEO plugin. -->","yoast_head_json":{"title":"Eelised - Ionisos","description":"Ionisos, mis on spetsialiseerunud steriliseerimisele gammaionisatsiooni, e-kiirguse, r\u00f6ntgenikiirguse ja et\u00fcleenoksiidi abil, omab 12 tegevuskohta Euroopas.","robots":{"index":"index","follow":"follow","max-snippet":"max-snippet:-1","max-image-preview":"max-image-preview:large","max-video-preview":"max-video-preview:-1"},"canonical":"https:\/\/www.ionisos.com\/et\/eelised\/","og_locale":"et_EE","og_type":"article","og_title":"Eelised - Ionisos","og_description":"Ionisos, mis on spetsialiseerunud steriliseerimisele gammaionisatsiooni, e-kiirguse, r\u00f6ntgenikiirguse ja et\u00fcleenoksiidi abil, omab 12 tegevuskohta Euroopas.","og_url":"https:\/\/www.ionisos.com\/et\/eelised\/","og_site_name":"Ionisos","article_modified_time":"2025-04-24T09:25:25+00:00","twitter_card":"summary_large_image","twitter_misc":{"Est. reading time":"1 minut"},"schema":{"@context":"https:\/\/schema.org","@graph":[{"@type":"WebPage","@id":"https:\/\/www.ionisos.com\/et\/eelised\/","url":"https:\/\/www.ionisos.com\/et\/eelised\/","name":"Eelised - Ionisos","isPartOf":{"@id":"https:\/\/www.ionisos.com\/#website"},"datePublished":"2025-04-24T08:50:16+00:00","dateModified":"2025-04-24T09:25:25+00:00","description":"Ionisos, mis on spetsialiseerunud steriliseerimisele gammaionisatsiooni, e-kiirguse, r\u00f6ntgenikiirguse ja et\u00fcleenoksiidi abil, omab 12 tegevuskohta Euroopas.","breadcrumb":{"@id":"https:\/\/www.ionisos.com\/et\/eelised\/#breadcrumb"},"inLanguage":"et","potentialAction":[{"@type":"ReadAction","target":["https:\/\/www.ionisos.com\/et\/eelised\/"]}]},{"@type":"BreadcrumbList","@id":"https:\/\/www.ionisos.com\/et\/eelised\/#breadcrumb","itemListElement":[{"@type":"ListItem","position":1,"name":"Accueil","item":"https:\/\/www.ionisos.com\/et\/"},{"@type":"ListItem","position":2,"name":"Eelised"}]},{"@type":"WebSite","@id":"https:\/\/www.ionisos.com\/#website","url":"https:\/\/www.ionisos.com\/","name":"Ionisos","description":"Ionisation par \u00e9lectrons acc\u00e9l\u00e9r\u00e9s, rayons gamma, rayons X et oxyde d&#039;\u00e9thyl\u00e8ne","potentialAction":[{"@type":"SearchAction","target":{"@type":"EntryPoint","urlTemplate":"https:\/\/www.ionisos.com\/?s={search_term_string}"},"query-input":{"@type":"PropertyValueSpecification","valueRequired":true,"valueName":"search_term_string"}}],"inLanguage":"et"}]}},"_links":{"self":[{"href":"https:\/\/www.ionisos.com\/et\/wp-json\/wp\/v2\/pages\/22089","targetHints":{"allow":["GET"]}}],"collection":[{"href":"https:\/\/www.ionisos.com\/et\/wp-json\/wp\/v2\/pages"}],"about":[{"href":"https:\/\/www.ionisos.com\/et\/wp-json\/wp\/v2\/types\/page"}],"author":[{"embeddable":true,"href":"https:\/\/www.ionisos.com\/et\/wp-json\/wp\/v2\/users\/1"}],"replies":[{"embeddable":true,"href":"https:\/\/www.ionisos.com\/et\/wp-json\/wp\/v2\/comments?post=22089"}],"version-history":[{"count":12,"href":"https:\/\/www.ionisos.com\/et\/wp-json\/wp\/v2\/pages\/22089\/revisions"}],"predecessor-version":[{"id":26840,"href":"https:\/\/www.ionisos.com\/et\/wp-json\/wp\/v2\/pages\/22089\/revisions\/26840"}],"wp:attachment":[{"href":"https:\/\/www.ionisos.com\/et\/wp-json\/wp\/v2\/media?parent=22089"}],"curies":[{"name":"wp","href":"https:\/\/api.w.org\/{rel}","templated":true}]}}