 {"id":22073,"date":"2025-04-24T10:32:20","date_gmt":"2025-04-24T08:32:20","guid":{"rendered":"https:\/\/www.ionisos.com\/?page_id=22073"},"modified":"2025-04-24T11:21:15","modified_gmt":"2025-04-24T09:21:15","slug":"mitmekesisuse-austamine","status":"publish","type":"page","link":"https:\/\/www.ionisos.com\/et\/mitmekesisuse-austamine\/","title":{"rendered":"Mitmekesisuse austamine"},"content":{"rendered":"<p>[vc_row bg_image=&#8221;22216&#8243; bg_repeat=&#8221;no-repeat&#8221; text_color=&#8221;light&#8221; text_align=&#8221;center&#8221; top_padding=&#8221;100&#8243; bottom_padding=&#8221;100&#8243;][vc_column width=&#8221;1\/1&#8243;]<h1 class=\"headline font-special fontsize-xxxl fontweight-inherit lh-inherit align-center transform-uppercase \" style=\"margin: 0;\"><strong>Hea p\u00f5hjus nr 4<\/strong><br \/>\nMitmekesisuse austamine<\/h1>[\/vc_column][\/vc_row][vc_row][vc_column width=&#8221;1\/1&#8243;]<div class=\"spacer\" style=\"height: 60px;\"><\/div>[vc_column_text]<\/p>\n<h2>Mitmekesisus \u2013 meie personalipoliitika oluline kohustus<\/h2>\n<p>Ionisos on igasuguse diskrimineerimise vastu ja tagab k\u00f5igile v\u00f5rdsed v\u00f5imalused, kaasamise ja mitmekesisuse. K\u00f5ik on meie Grupis teretulnud.<\/p>\n<p>Meie erinevused peegeldavad maailma, kus me elame, ning v\u00f5imaldavad meil omandada laiemat vaadet, mitmekesistada ideid ja astuda v\u00e4lja tavap\u00e4rasest m\u00f5tlemisest. Paljusus t\u00e4hendab ka paremat arusaamist k\u00f5igi meie sidusr\u00fchmade vajadustest, eriti rahvusvahelises ja n\u00f5udlikus keskkonnas. Seet\u00f5ttu v\u00f5imaldab meie t\u00f6\u00f6tajate oskuste, vaatenurkade, t\u00f6\u00f6- ja m\u00f5tteviiside mitmekesisus Ionisosel kiiremini areneda.[\/vc_column_text]<div class=\"spacer\" style=\"height: 40px;\"><\/div>[\/vc_column][\/vc_row][vc_row][vc_column width=&#8221;1\/5&#8243;]<div class=\"single_image wpb_content_element align-center    \" data-animation=\"none\" data-delay=\"0\"><img loading=\"lazy\" decoding=\"async\" class=\"\" src=\"https:\/\/www.ionisos.com\/wp-content\/uploads\/2022\/08\/workers-72x72.png\" width=\"72\" height=\"72\" alt=\"workers\" title=\"workers\" \/><\/div>[vc_column_text]<\/p>\n<p style=\"text-align: center;\">280 t\u00f6\u00f6tajat viies Euroopa riigis<\/p>\n<p>[\/vc_column_text][\/vc_column][vc_column width=&#8221;1\/5&#8243;]<div class=\"single_image wpb_content_element align-center    \" data-animation=\"none\" data-delay=\"0\"><img loading=\"lazy\" decoding=\"async\" class=\"\" src=\"https:\/\/www.ionisos.com\/wp-content\/uploads\/2022\/08\/businesswoman-72x72.png\" width=\"72\" height=\"72\" alt=\"businesswoman\" title=\"businesswoman\" \/><\/div>[vc_column_text]<\/p>\n<p style=\"text-align: center;\">50% naisjuhte<\/p>\n<p>[\/vc_column_text][\/vc_column][vc_column width=&#8221;1\/5&#8243;]<div class=\"single_image wpb_content_element align-center    \" data-animation=\"none\" data-delay=\"0\"><img loading=\"lazy\" decoding=\"async\" class=\"\" src=\"https:\/\/www.ionisos.com\/wp-content\/uploads\/2022\/09\/diversity-72x72.png\" width=\"72\" height=\"72\" alt=\"diversity\" title=\"diversity\" \/><\/div>[vc_column_text]<\/p>\n<p style=\"text-align: center;\">Standardiseeritud personaliprotsessid v\u00e4rbamiseks ja tulemuslikkuse hindamiseks<\/p>\n<p>[\/vc_column_text][\/vc_column][vc_column width=&#8221;1\/5&#8243;]<div class=\"single_image wpb_content_element align-center    \" data-animation=\"none\" data-delay=\"0\"><img loading=\"lazy\" decoding=\"async\" class=\"\" src=\"https:\/\/www.ionisos.com\/wp-content\/uploads\/2022\/08\/contract-1-72x72.png\" width=\"72\" height=\"72\" alt=\"contract (1)\" title=\"contract (1)\" \/><\/div>[vc_column_text]<\/p>\n<p style=\"text-align: center;\">Hea k\u00e4itumise ja sisemise eetika koodeks<\/p>\n<p>[\/vc_column_text][\/vc_column][vc_column width=&#8221;1\/5&#8243;]<div class=\"single_image wpb_content_element align-center    \" data-animation=\"none\" data-delay=\"0\"><img loading=\"lazy\" decoding=\"async\" class=\"\" src=\"https:\/\/www.ionisos.com\/wp-content\/uploads\/2022\/09\/online-lesson-72x72.png\" width=\"72\" height=\"72\" alt=\"online-lesson\" title=\"online-lesson\" \/><\/div>[vc_column_text]<\/p>\n<p style=\"text-align: center;\">K\u00f5igile Ionisose t\u00f6\u00f6tajatele avatud eetikaalane koolitus<\/p>\n<p>[\/vc_column_text][\/vc_column][\/vc_row][vc_row][vc_column width=&#8221;1\/1&#8243;]<div class=\"spacer\" style=\"height: 100px;\"><\/div>[vc_column_text]Kl\u00f5psake erinevatel rubriikidel, et teada saada, mis teeb Ionisost v\u00f5rdlusalusena t\u00f6\u00f6andja![\/vc_column_text]<div class=\"spacer\" style=\"height: 20px;\"><\/div>[\/vc_column][\/vc_row][vc_row][vc_column width=&#8221;1\/5&#8243;]<div class=\" ubtn-ctn-center \"><a class=\"ubtn-link ult-adjust-bottom-margin ubtn-center ubtn-custom \" title='Tugev p\u00fchendumus meie t\u00f6\u00f6tajatele' rel='' href = \"https:\/\/www.ionisos.com\/et\/tugev-puhendumine-meie-tootajatele\/\" ><button type=\"button\" id=\"ubtn-2935\" class=\"ubtn ult-adjust-bottom-margin ult-responsive ubtn-custom ubtn-fade-bg  none  ubtn-center   tooltip-69d443b3abfac\"  data-hover=\"\" data-border-color=\"\" data-bg=\"#f38250\" data-hover-bg=\"#f25d1d\" data-border-hover=\"\" data-shadow-hover=\"\" data-shadow-click=\"none\" data-shadow=\"\" data-shd-shadow=\"\"  data-ultimate-target='#ubtn-2935'  data-responsive-json-new='{\"font-size\":\"\",\"line-height\":\"\"}'  style=\"font-weight:normal;width:500px;min-height:100px;padding:20px 50px;border:none;background: #f38250;color: #ffffff;\"><span class=\"ubtn-hover\" style=\"background-color:#f25d1d\"><\/span><span class=\"ubtn-data ubtn-text \" ><strong>Tugev p\u00fchendumine meie t\u00f6\u00f6tajatele<\/strong><\/span><\/button><\/a><\/div>[\/vc_column][vc_column width=&#8221;1\/5&#8243;]<div class=\" ubtn-ctn-center \"><a class=\"ubtn-link ult-adjust-bottom-margin ubtn-center ubtn-custom \" title='Kvaliteedin\u00f5ue' rel='' href = \"https:\/\/www.ionisos.com\/et\/kvaliteedinoue\/\" ><button type=\"button\" id=\"ubtn-6019\" class=\"ubtn ult-adjust-bottom-margin ult-responsive ubtn-custom ubtn-fade-bg  none  ubtn-center   tooltip-69d443b3abff3\"  data-hover=\"\" data-border-color=\"\" data-bg=\"#d3b83f\" data-hover-bg=\"#d3ac00\" data-border-hover=\"\" data-shadow-hover=\"\" data-shadow-click=\"none\" data-shadow=\"\" data-shd-shadow=\"\"  data-ultimate-target='#ubtn-6019'  data-responsive-json-new='{\"font-size\":\"\",\"line-height\":\"\"}'  style=\"font-weight:normal;width:500px;min-height:100px;padding:20px 50px;border:none;background: #d3b83f;color: #ffffff;\"><span class=\"ubtn-hover\" style=\"background-color:#d3ac00\"><\/span><span class=\"ubtn-data ubtn-text \" ><strong>Kvaliteedin\u00f5ue<\/strong><\/span><\/button><\/a><\/div>[\/vc_column][vc_column width=&#8221;1\/5&#8243;]<div class=\" ubtn-ctn-center \"><a class=\"ubtn-link ult-adjust-bottom-margin ubtn-center ubtn-custom \" title='Vastutustundlik t\u00f6\u00f6andja' rel='' href = \"https:\/\/www.ionisos.com\/et\/vastutustundlik-tooandja\/\" ><button type=\"button\" id=\"ubtn-6205\" class=\"ubtn ult-adjust-bottom-margin ult-responsive ubtn-custom ubtn-fade-bg  none  ubtn-center   tooltip-69d443b3ac015\"  data-hover=\"\" data-border-color=\"\" data-bg=\"#98ca69\" data-hover-bg=\"#7ec938\" data-border-hover=\"\" data-shadow-hover=\"\" data-shadow-click=\"none\" data-shadow=\"\" data-shd-shadow=\"\"  data-ultimate-target='#ubtn-6205'  data-responsive-json-new='{\"font-size\":\"\",\"line-height\":\"\"}'  style=\"font-weight:normal;width:500px;min-height:100px;padding:20px 50px;border:none;background: #98ca69;color: #ffffff;\"><span class=\"ubtn-hover\" style=\"background-color:#7ec938\"><\/span><span class=\"ubtn-data ubtn-text \" ><strong>Vastutustundlik t\u00f6\u00f6andja<\/strong><\/span><\/button><\/a><\/div>[\/vc_column][vc_column width=&#8221;1\/5&#8243;]<div class=\" ubtn-ctn-center \"><a class=\"ubtn-link ult-adjust-bottom-margin ubtn-center ubtn-custom \" title='Mitmekesisuse austamine' rel='' href = \"https:\/\/www.ionisos.com\/et\/mitmekesisuse-austamine\/\" ><button type=\"button\" id=\"ubtn-3213\" class=\"ubtn ult-adjust-bottom-margin ult-responsive ubtn-custom ubtn-fade-bg  none  ubtn-center   tooltip-69d443b3ac035\"  data-hover=\"\" data-border-color=\"\" data-bg=\"#da5457\" data-hover-bg=\"#d82023\" data-border-hover=\"\" data-shadow-hover=\"\" data-shadow-click=\"none\" data-shadow=\"\" data-shd-shadow=\"\"  data-ultimate-target='#ubtn-3213'  data-responsive-json-new='{\"font-size\":\"\",\"line-height\":\"\"}'  style=\"font-weight:normal;width:500px;min-height:100px;padding:20px 50px;border:none;background: #da5457;color: #ffffff;\"><span class=\"ubtn-hover\" style=\"background-color:#d82023\"><\/span><span class=\"ubtn-data ubtn-text \" ><strong>Kohtumine mitmekesisusega<\/strong><\/span><\/button><\/a><\/div>[\/vc_column][vc_column width=&#8221;1\/5&#8243;]<div class=\" ubtn-ctn-center \"><a class=\"ubtn-link ult-adjust-bottom-margin ubtn-center ubtn-custom \" title='Eelised' rel='' href = \"https:\/\/www.ionisos.com\/et\/eelised\/\" ><button type=\"button\" id=\"ubtn-9870\" class=\"ubtn ult-adjust-bottom-margin ult-responsive ubtn-custom ubtn-fade-bg  none  ubtn-center   tooltip-69d443b3ac04f\"  data-hover=\"\" data-border-color=\"\" data-bg=\"#38b4d6\" data-hover-bg=\"#00a7d6\" data-border-hover=\"\" data-shadow-hover=\"\" data-shadow-click=\"none\" data-shadow=\"\" data-shd-shadow=\"\"  data-ultimate-target='#ubtn-9870'  data-responsive-json-new='{\"font-size\":\"\",\"line-height\":\"\"}'  style=\"font-weight:normal;width:500px;min-height:100px;padding:20px 50px;border:none;background: #38b4d6;color: #ffffff;\"><span class=\"ubtn-hover\" style=\"background-color:#00a7d6\"><\/span><span class=\"ubtn-data ubtn-text \" ><strong>Eelised<\/strong><\/span><\/button><\/a><\/div>[\/vc_column][\/vc_row][vc_row text_align=&#8221;center&#8221;][vc_column width=&#8221;1\/1&#8243;]<div class=\"spacer\" style=\"height: 60px;\"><\/div><a href=\"https:\/\/www.hellowork.com\/fr-fr\/entreprises\/ionisos-95285.html\" target=\"_self\" class=\"button color-1 large \" style=\"border-radius: 2px;\">Vaata k\u00f5iki meie pakkumisi<\/a><div class=\"spacer\" style=\"height: 100px;\"><\/div>[\/vc_column][\/vc_row]<\/p>\n","protected":false},"excerpt":{"rendered":"<p>[vc_row bg_image=&#8221;22216&#8243; bg_repeat=&#8221;no-repeat&#8221; text_color=&#8221;light&#8221; text_align=&#8221;center&#8221; top_padding=&#8221;100&#8243; bottom_padding=&#8221;100&#8243;][vc_column width=&#8221;1\/1&#8243;][\/vc_column][\/vc_row][vc_row][vc_column width=&#8221;1\/1&#8243;][vc_column_text] Mitmekesisus \u2013 meie personalipoliitika oluline kohustus Ionisos on igasuguse diskrimineerimise vastu ja tagab k\u00f5igile v\u00f5rdsed v\u00f5imalused, kaasamise ja mitmekesisuse. K\u00f5ik on meie Grupis teretulnud. Meie erinevused peegeldavad maailma, kus me elame, ning v\u00f5imaldavad meil omandada laiemat vaadet, mitmekesistada ideid ja astuda v\u00e4lja tavap\u00e4rasest m\u00f5tlemisest. Paljusus t\u00e4hendab ka paremat arusaamist k\u00f5igi meie sidusr\u00fchmade vajadustest, eriti rahvusvahelises ja n\u00f5udlikus keskkonnas. Seet\u00f5ttu v\u00f5imaldab meie t\u00f6\u00f6tajate oskuste, vaatenurkade, t\u00f6\u00f6- ja m\u00f5tteviiside mitmekesisus Ionisosel kiiremini areneda.[\/vc_column_text][\/vc_column][\/vc_row][vc_row][vc_column width=&#8221;1\/5&#8243;][vc_column_text] 280 t\u00f6\u00f6tajat viies Euroopa riigis [\/vc_column_text][\/vc_column][vc_column width=&#8221;1\/5&#8243;][vc_column_text] 50% naisjuhte [\/vc_column_text][\/vc_column][vc_column width=&#8221;1\/5&#8243;][vc_column_text] Standardiseeritud personaliprotsessid v\u00e4rbamiseks ja tulemuslikkuse hindamiseks [\/vc_column_text][\/vc_column][vc_column width=&#8221;1\/5&#8243;][vc_column_text] Hea k\u00e4itumise ja sisemise eetika koodeks [\/vc_column_text][\/vc_column][vc_column width=&#8221;1\/5&#8243;][vc_column_text] K\u00f5igile Ionisose t\u00f6\u00f6tajatele avatud eetikaalane koolitus [\/vc_column_text][\/vc_column][\/vc_row][vc_row][vc_column width=&#8221;1\/1&#8243;][vc_column_text]Kl\u00f5psake erinevatel rubriikidel, et teada saada, mis teeb Ionisost v\u00f5rdlusalusena t\u00f6\u00f6andja![\/vc_column_text][\/vc_column][\/vc_row][vc_row][vc_column width=&#8221;1\/5&#8243;][\/vc_column][vc_column width=&#8221;1\/5&#8243;][\/vc_column][vc_column width=&#8221;1\/5&#8243;][\/vc_column][vc_column width=&#8221;1\/5&#8243;][\/vc_column][vc_column width=&#8221;1\/5&#8243;][\/vc_column][\/vc_row][vc_row text_align=&#8221;center&#8221;][vc_column width=&#8221;1\/1&#8243;][\/vc_column][\/vc_row]<\/p>\n","protected":false},"author":1,"featured_media":0,"parent":0,"menu_order":0,"comment_status":"closed","ping_status":"closed","template":"","meta":{"inline_featured_image":false,"footnotes":""},"class_list":["post-22073","page","type-page","status-publish","hentry"],"yoast_head":"<!-- This site is optimized with the Yoast SEO plugin v26.3 - https:\/\/yoast.com\/wordpress\/plugins\/seo\/ -->\n<title>Mitmekesisuse austamine - Ionisos<\/title>\n<meta name=\"description\" content=\"Ionisos, mis on spetsialiseerunud steriliseerimisele gammaionisatsiooni, e-kiirguse, r\u00f6ntgenikiirguse ja et\u00fcleenoksiidi abil, omab 12 tegevuskohta Euroopas.\" \/>\n<meta name=\"robots\" content=\"index, follow, max-snippet:-1, max-image-preview:large, max-video-preview:-1\" \/>\n<link rel=\"canonical\" href=\"https:\/\/www.ionisos.com\/et\/mitmekesisuse-austamine\/\" \/>\n<meta property=\"og:locale\" content=\"et_EE\" \/>\n<meta property=\"og:type\" content=\"article\" \/>\n<meta property=\"og:title\" content=\"Mitmekesisuse austamine - Ionisos\" \/>\n<meta property=\"og:description\" content=\"Ionisos, mis on spetsialiseerunud steriliseerimisele gammaionisatsiooni, e-kiirguse, r\u00f6ntgenikiirguse ja et\u00fcleenoksiidi abil, omab 12 tegevuskohta Euroopas.\" \/>\n<meta property=\"og:url\" content=\"https:\/\/www.ionisos.com\/et\/mitmekesisuse-austamine\/\" \/>\n<meta property=\"og:site_name\" content=\"Ionisos\" \/>\n<meta property=\"article:modified_time\" content=\"2025-04-24T09:21:15+00:00\" \/>\n<meta name=\"twitter:card\" content=\"summary_large_image\" \/>\n<meta name=\"twitter:label1\" content=\"Est. reading time\" \/>\n\t<meta name=\"twitter:data1\" content=\"2 minutit\" \/>\n<script type=\"application\/ld+json\" class=\"yoast-schema-graph\">{\"@context\":\"https:\/\/schema.org\",\"@graph\":[{\"@type\":\"WebPage\",\"@id\":\"https:\/\/www.ionisos.com\/et\/mitmekesisuse-austamine\/\",\"url\":\"https:\/\/www.ionisos.com\/et\/mitmekesisuse-austamine\/\",\"name\":\"Mitmekesisuse austamine - Ionisos\",\"isPartOf\":{\"@id\":\"https:\/\/www.ionisos.com\/#website\"},\"datePublished\":\"2025-04-24T08:32:20+00:00\",\"dateModified\":\"2025-04-24T09:21:15+00:00\",\"description\":\"Ionisos, mis on spetsialiseerunud steriliseerimisele gammaionisatsiooni, e-kiirguse, r\u00f6ntgenikiirguse ja et\u00fcleenoksiidi abil, omab 12 tegevuskohta Euroopas.\",\"breadcrumb\":{\"@id\":\"https:\/\/www.ionisos.com\/et\/mitmekesisuse-austamine\/#breadcrumb\"},\"inLanguage\":\"et\",\"potentialAction\":[{\"@type\":\"ReadAction\",\"target\":[\"https:\/\/www.ionisos.com\/et\/mitmekesisuse-austamine\/\"]}]},{\"@type\":\"BreadcrumbList\",\"@id\":\"https:\/\/www.ionisos.com\/et\/mitmekesisuse-austamine\/#breadcrumb\",\"itemListElement\":[{\"@type\":\"ListItem\",\"position\":1,\"name\":\"Accueil\",\"item\":\"https:\/\/www.ionisos.com\/et\/\"},{\"@type\":\"ListItem\",\"position\":2,\"name\":\"Mitmekesisuse austamine\"}]},{\"@type\":\"WebSite\",\"@id\":\"https:\/\/www.ionisos.com\/#website\",\"url\":\"https:\/\/www.ionisos.com\/\",\"name\":\"Ionisos\",\"description\":\"Ionisation par \u00e9lectrons acc\u00e9l\u00e9r\u00e9s, rayons gamma, rayons X et oxyde d&#039;\u00e9thyl\u00e8ne\",\"potentialAction\":[{\"@type\":\"SearchAction\",\"target\":{\"@type\":\"EntryPoint\",\"urlTemplate\":\"https:\/\/www.ionisos.com\/?s={search_term_string}\"},\"query-input\":{\"@type\":\"PropertyValueSpecification\",\"valueRequired\":true,\"valueName\":\"search_term_string\"}}],\"inLanguage\":\"et\"}]}<\/script>\n<!-- \/ Yoast SEO plugin. -->","yoast_head_json":{"title":"Mitmekesisuse austamine - Ionisos","description":"Ionisos, mis on spetsialiseerunud steriliseerimisele gammaionisatsiooni, e-kiirguse, r\u00f6ntgenikiirguse ja et\u00fcleenoksiidi abil, omab 12 tegevuskohta Euroopas.","robots":{"index":"index","follow":"follow","max-snippet":"max-snippet:-1","max-image-preview":"max-image-preview:large","max-video-preview":"max-video-preview:-1"},"canonical":"https:\/\/www.ionisos.com\/et\/mitmekesisuse-austamine\/","og_locale":"et_EE","og_type":"article","og_title":"Mitmekesisuse austamine - Ionisos","og_description":"Ionisos, mis on spetsialiseerunud steriliseerimisele gammaionisatsiooni, e-kiirguse, r\u00f6ntgenikiirguse ja et\u00fcleenoksiidi abil, omab 12 tegevuskohta Euroopas.","og_url":"https:\/\/www.ionisos.com\/et\/mitmekesisuse-austamine\/","og_site_name":"Ionisos","article_modified_time":"2025-04-24T09:21:15+00:00","twitter_card":"summary_large_image","twitter_misc":{"Est. reading time":"2 minutit"},"schema":{"@context":"https:\/\/schema.org","@graph":[{"@type":"WebPage","@id":"https:\/\/www.ionisos.com\/et\/mitmekesisuse-austamine\/","url":"https:\/\/www.ionisos.com\/et\/mitmekesisuse-austamine\/","name":"Mitmekesisuse austamine - Ionisos","isPartOf":{"@id":"https:\/\/www.ionisos.com\/#website"},"datePublished":"2025-04-24T08:32:20+00:00","dateModified":"2025-04-24T09:21:15+00:00","description":"Ionisos, mis on spetsialiseerunud steriliseerimisele gammaionisatsiooni, e-kiirguse, r\u00f6ntgenikiirguse ja et\u00fcleenoksiidi abil, omab 12 tegevuskohta Euroopas.","breadcrumb":{"@id":"https:\/\/www.ionisos.com\/et\/mitmekesisuse-austamine\/#breadcrumb"},"inLanguage":"et","potentialAction":[{"@type":"ReadAction","target":["https:\/\/www.ionisos.com\/et\/mitmekesisuse-austamine\/"]}]},{"@type":"BreadcrumbList","@id":"https:\/\/www.ionisos.com\/et\/mitmekesisuse-austamine\/#breadcrumb","itemListElement":[{"@type":"ListItem","position":1,"name":"Accueil","item":"https:\/\/www.ionisos.com\/et\/"},{"@type":"ListItem","position":2,"name":"Mitmekesisuse austamine"}]},{"@type":"WebSite","@id":"https:\/\/www.ionisos.com\/#website","url":"https:\/\/www.ionisos.com\/","name":"Ionisos","description":"Ionisation par \u00e9lectrons acc\u00e9l\u00e9r\u00e9s, rayons gamma, rayons X et oxyde d&#039;\u00e9thyl\u00e8ne","potentialAction":[{"@type":"SearchAction","target":{"@type":"EntryPoint","urlTemplate":"https:\/\/www.ionisos.com\/?s={search_term_string}"},"query-input":{"@type":"PropertyValueSpecification","valueRequired":true,"valueName":"search_term_string"}}],"inLanguage":"et"}]}},"_links":{"self":[{"href":"https:\/\/www.ionisos.com\/et\/wp-json\/wp\/v2\/pages\/22073","targetHints":{"allow":["GET"]}}],"collection":[{"href":"https:\/\/www.ionisos.com\/et\/wp-json\/wp\/v2\/pages"}],"about":[{"href":"https:\/\/www.ionisos.com\/et\/wp-json\/wp\/v2\/types\/page"}],"author":[{"embeddable":true,"href":"https:\/\/www.ionisos.com\/et\/wp-json\/wp\/v2\/users\/1"}],"replies":[{"embeddable":true,"href":"https:\/\/www.ionisos.com\/et\/wp-json\/wp\/v2\/comments?post=22073"}],"version-history":[{"count":9,"href":"https:\/\/www.ionisos.com\/et\/wp-json\/wp\/v2\/pages\/22073\/revisions"}],"predecessor-version":[{"id":26838,"href":"https:\/\/www.ionisos.com\/et\/wp-json\/wp\/v2\/pages\/22073\/revisions\/26838"}],"wp:attachment":[{"href":"https:\/\/www.ionisos.com\/et\/wp-json\/wp\/v2\/media?parent=22073"}],"curies":[{"name":"wp","href":"https:\/\/api.w.org\/{rel}","templated":true}]}}