 {"id":22056,"date":"2025-04-24T10:06:29","date_gmt":"2025-04-24T08:06:29","guid":{"rendered":"https:\/\/www.ionisos.com\/?page_id=22056"},"modified":"2025-04-24T11:16:10","modified_gmt":"2025-04-24T09:16:10","slug":"vastutustundlik-tooandja","status":"publish","type":"page","link":"https:\/\/www.ionisos.com\/et\/vastutustundlik-tooandja\/","title":{"rendered":"Vastutustundlik t\u00f6\u00f6andja"},"content":{"rendered":"<p>[vc_row bg_image=&#8221;22152&#8243; bg_repeat=&#8221;no-repeat&#8221; text_color=&#8221;light&#8221; text_align=&#8221;center&#8221; top_padding=&#8221;100&#8243; bottom_padding=&#8221;100&#8243;][vc_column width=&#8221;1\/1&#8243;]<h1 class=\"headline font-special fontsize-xxxl fontweight-inherit lh-inherit align-center transform-uppercase \" style=\"margin: 0;\"><strong>Hea p\u00f5hjus nr 3<\/strong><br \/>\nVastutustundlik t\u00f6\u00f6andja<\/h1>[\/vc_column][\/vc_row][vc_row][vc_column width=&#8221;1\/1&#8243;]<div class=\"spacer\" style=\"height: 60px;\"><\/div>[vc_column_text]<\/p>\n<p style=\"text-align: left;\"><span style=\"font-family: Abel; font-size: 25px;\">Tugev s\u00e4\u00e4stva arengu poliitika<\/span><\/p>\n<p>Ettev\u00f5tete sotsiaalne vastutus (CSR) t\u00e4hendab sotsiaalsete ja keskkonnak\u00fcsimuste integreerimist ettev\u00f5tte \u00e4ritegevusse ja suhetesse k\u00f5igi sidusr\u00fchmadega. J\u00e4tkusuutliku l\u00e4henemise rakendamiseks oleme s\u00f5nastanud j\u00e4tkusuutlikud kohustused k\u00f5igi oma sidusr\u00fchmade ees ja oleme p\u00fchendunud nende igap\u00e4evasele t\u00e4itmisele.[\/vc_column_text]<div class=\"spacer\" style=\"height: 40px;\"><\/div>[\/vc_column][\/vc_row][vc_row][vc_column width=&#8221;1\/4&#8243;]<h3 class=\"headline font-inherit fontsize-inherit fontweight-inherit lh-inherit align-center transform-inherit \" style=\"margin: 0 0 20px 0; color: #1e73be;\"><strong>T\u00f6\u00f6tajad<\/strong><br \/>\n<\/h3><div class=\"minti_list wpb_content_element color-grey circlearrow\" style=\"\">\n<ul>\n<li>Loome suurep\u00e4rase keskkonna t\u00f6\u00f6tamiseks<\/li>\n<li>T\u00f6\u00f6tame ohutult<\/li>\n<li>S\u00e4ilitame t\u00f5hususe ja t\u00e4iustame pidevalt oma protsesse ning tavasid<\/li>\n<li>Arendame oskusi ja edendame professionaalset arengut<\/li>\n<li>Lubame t\u00f6\u00f6j\u00f5u ettev\u00f5ttesisest karj\u00e4\u00e4ri ning piirame voolavust<\/li>\n<li>Kaasame t\u00f6\u00f6tajaid<\/li>\n<li>Edendame ettev\u00f5tte v\u00e4\u00e4rtusi<\/li>\n<\/ul>\n<\/div>[\/vc_column][vc_column width=&#8221;1\/4&#8243;]<h3 class=\"headline font-inherit fontsize-inherit fontweight-inherit lh-inherit align-center transform-inherit \" style=\"margin: 0 0 20px 0; color: #1e73be;\"><strong>Kliendid<\/strong><br \/>\n<\/h3><div class=\"minti_list wpb_content_element color-grey circlearrow\" style=\"\">\n<ul>\n<li>Kuuleme oma kliente<\/li>\n<li>Arendame ja v\u00e4\u00e4rtustame teenuspakkumist<\/li>\n<li>Keskendume pikaajalistele kokkulepetele<\/li>\n<li>Tagame teenuse kvaliteedi<\/li>\n<li>Suurendame oma tootmisv\u00f5imsust, et rahuldada klientide kasvavat n\u00f5udlust<\/li>\n<li>Oleme innovaatilised<\/li>\n<\/ul>\n<\/div>[\/vc_column][vc_column width=&#8221;1\/4&#8243;]<h3 class=\"headline font-inherit fontsize-inherit fontweight-inherit lh-inherit align-center transform-inherit \" style=\"margin: 0 0 20px 0; color: #1e73be;\"><strong>Ametiasutused<\/strong><\/h3><div class=\"minti_list wpb_content_element color-grey circlearrow\" style=\"\">\n<ul>\n<li>Toimime eetiliselt<\/li>\n<li>J\u00e4rgime regulatsioone ning eeskirju<\/li>\n<li>Suhtleme aktiivselt ja avatult<\/li>\n<li>Tagame normatiivse ja regulatiivse vastavuse<\/li>\n<\/ul>\n<\/div>[\/vc_column][vc_column width=&#8221;1\/4&#8243;]<h3 class=\"headline font-inherit fontsize-inherit fontweight-inherit lh-inherit align-center transform-inherit \" style=\"margin: 0 0 20px 0; color: #1e73be;\"><strong>Keskkond<\/strong><\/h3><div class=\"minti_list wpb_content_element color-grey circlearrow\" style=\"\">\n<ul>\n<li>V\u00e4hendame oma m\u00f5ju \u00fcmbritsevale keskkonnale<\/li>\n<li>Edendame igap\u00e4evaselt &#8220;Rohelist&#8221; m\u00f5tlemist ja tegevusi<\/li>\n<li>Juhime t\u00f6\u00f6stusprojekte s\u00e4\u00e4stval viisil arvestades m\u00f5ju keskkonale<\/li>\n<li>Arvestame kohalikke olusid<\/li>\n<li>Reostusohu v\u00e4ltimine<\/li>\n<\/ul>\n<\/div>[\/vc_column][\/vc_row][vc_row][vc_column width=&#8221;1\/1&#8243;]<div class=\"spacer\" style=\"height: 60px;\"><\/div><div class=\"testimonial-wrap wpb_content_element\"><div class=\"testimonial\">Grupi Presidendina olen kogu juhtkonna nimel isiklikult p\u00fchendunud kasutama k\u00f5igi nende kohustuste t\u00e4itmiseks vajalikke inim-, tehnilisi ja organisatsioonilisi ressursse.<\/div><div class=\"testimonial-author\"><div class=\"testimonial-img\"><img decoding=\"async\" src=\"https:\/\/www.ionisos.com\/wp-content\/uploads\/2022\/08\/chherkens-150x150.jpg\" alt=\"\" \/><\/div>Christoph Herkens<span>President<\/span><\/div><\/div>[\/vc_column][\/vc_row][vc_row][vc_column width=&#8221;1\/1&#8243;]<div class=\"spacer\" style=\"height: 100px;\"><\/div>[vc_column_text]Kl\u00f5psake erinevatel rubriikidel, et teada saada, mis teeb Ionisost referentst\u00f6\u00f6andja![\/vc_column_text]<div class=\"spacer\" style=\"height: 20px;\"><\/div>[\/vc_column][\/vc_row][vc_row][vc_column width=&#8221;1\/5&#8243;]<div class=\" ubtn-ctn-center \"><a class=\"ubtn-link ult-adjust-bottom-margin ubtn-center ubtn-custom \" title='Tugev p\u00fchendumus meie t\u00f6\u00f6tajatele' rel='' href = \"https:\/\/www.ionisos.com\/et\/tugev-puhendumine-meie-tootajatele\/\" ><button type=\"button\" id=\"ubtn-7244\" class=\"ubtn ult-adjust-bottom-margin ult-responsive ubtn-custom ubtn-fade-bg  none  ubtn-center   tooltip-69d444550175c\"  data-hover=\"\" data-border-color=\"\" data-bg=\"#f38250\" data-hover-bg=\"#f25d1d\" data-border-hover=\"\" data-shadow-hover=\"\" data-shadow-click=\"none\" data-shadow=\"\" data-shd-shadow=\"\"  data-ultimate-target='#ubtn-7244'  data-responsive-json-new='{\"font-size\":\"\",\"line-height\":\"\"}'  style=\"font-weight:normal;width:500px;min-height:100px;padding:20px 50px;border:none;background: #f38250;color: #ffffff;\"><span class=\"ubtn-hover\" style=\"background-color:#f25d1d\"><\/span><span class=\"ubtn-data ubtn-text \" ><strong>Tugev p\u00fchendumine meie t\u00f6\u00f6tajatele<\/strong>.<\/span><\/button><\/a><\/div>[\/vc_column][vc_column width=&#8221;1\/5&#8243;]<div class=\" ubtn-ctn-center \"><a class=\"ubtn-link ult-adjust-bottom-margin ubtn-center ubtn-custom \" title='Kvaliteedin\u00f5ue' rel='' href = \"https:\/\/www.ionisos.com\/et\/kvaliteedinoue\/\" ><button type=\"button\" id=\"ubtn-7487\" class=\"ubtn ult-adjust-bottom-margin ult-responsive ubtn-custom ubtn-fade-bg  none  ubtn-center   tooltip-69d4445501798\"  data-hover=\"\" data-border-color=\"\" data-bg=\"#d3b83f\" data-hover-bg=\"#d3ac00\" data-border-hover=\"\" data-shadow-hover=\"\" data-shadow-click=\"none\" data-shadow=\"\" data-shd-shadow=\"\"  data-ultimate-target='#ubtn-7487'  data-responsive-json-new='{\"font-size\":\"\",\"line-height\":\"\"}'  style=\"font-weight:normal;width:500px;min-height:100px;padding:20px 50px;border:none;background: #d3b83f;color: #ffffff;\"><span class=\"ubtn-hover\" style=\"background-color:#d3ac00\"><\/span><span class=\"ubtn-data ubtn-text \" ><strong>Kvaliteedin\u00f5ue<\/strong><\/span><\/button><\/a><\/div>[\/vc_column][vc_column width=&#8221;1\/5&#8243;]<div class=\" ubtn-ctn-center \"><a class=\"ubtn-link ult-adjust-bottom-margin ubtn-center ubtn-custom \" title='Vastutustundlik t\u00f6\u00f6andja' rel='' href = \"https:\/\/www.ionisos.com\/et\/vastutustundlik-tooandja\/\" ><button type=\"button\" id=\"ubtn-3789\" class=\"ubtn ult-adjust-bottom-margin ult-responsive ubtn-custom ubtn-fade-bg  none  ubtn-center   tooltip-69d44455017b6\"  data-hover=\"\" data-border-color=\"\" data-bg=\"#98ca69\" data-hover-bg=\"#7ec938\" data-border-hover=\"\" data-shadow-hover=\"\" data-shadow-click=\"none\" data-shadow=\"\" data-shd-shadow=\"\"  data-ultimate-target='#ubtn-3789'  data-responsive-json-new='{\"font-size\":\"\",\"line-height\":\"\"}'  style=\"font-weight:normal;width:500px;min-height:100px;padding:20px 50px;border:none;background: #98ca69;color: #ffffff;\"><span class=\"ubtn-hover\" style=\"background-color:#7ec938\"><\/span><span class=\"ubtn-data ubtn-text \" ><strong>Vastutustundlik t\u00f6\u00f6andja<\/strong><\/span><\/button><\/a><\/div>[\/vc_column][vc_column width=&#8221;1\/5&#8243;]<div class=\" ubtn-ctn-center \"><a class=\"ubtn-link ult-adjust-bottom-margin ubtn-center ubtn-custom \" title='Mitmekesisuse austamine' rel='' href = \"https:\/\/www.ionisos.com\/et\/mitmekesisuse-austamine\/\" ><button type=\"button\" id=\"ubtn-2816\" class=\"ubtn ult-adjust-bottom-margin ult-responsive ubtn-custom ubtn-fade-bg  none  ubtn-center   tooltip-69d44455017d1\"  data-hover=\"\" data-border-color=\"\" data-bg=\"#da5457\" data-hover-bg=\"#d82023\" data-border-hover=\"\" data-shadow-hover=\"\" data-shadow-click=\"none\" data-shadow=\"\" data-shd-shadow=\"\"  data-ultimate-target='#ubtn-2816'  data-responsive-json-new='{\"font-size\":\"\",\"line-height\":\"\"}'  style=\"font-weight:normal;width:500px;min-height:100px;padding:20px 50px;border:none;background: #da5457;color: #ffffff;\"><span class=\"ubtn-hover\" style=\"background-color:#d82023\"><\/span><span class=\"ubtn-data ubtn-text \" ><strong>Kohtumine mitmekesisusega<\/strong><\/span><\/button><\/a><\/div>[\/vc_column][vc_column width=&#8221;1\/5&#8243;]<div class=\" ubtn-ctn-center \"><a class=\"ubtn-link ult-adjust-bottom-margin ubtn-center ubtn-custom \" title='Eelised' rel='' href = \"https:\/\/www.ionisos.com\/et\/eelised\/\" ><button type=\"button\" id=\"ubtn-7774\" class=\"ubtn ult-adjust-bottom-margin ult-responsive ubtn-custom ubtn-fade-bg  none  ubtn-center   tooltip-69d44455017ec\"  data-hover=\"\" data-border-color=\"\" data-bg=\"#38b4d6\" data-hover-bg=\"#00a7d6\" data-border-hover=\"\" data-shadow-hover=\"\" data-shadow-click=\"none\" data-shadow=\"\" data-shd-shadow=\"\"  data-ultimate-target='#ubtn-7774'  data-responsive-json-new='{\"font-size\":\"\",\"line-height\":\"\"}'  style=\"font-weight:normal;width:500px;min-height:100px;padding:20px 50px;border:none;background: #38b4d6;color: #ffffff;\"><span class=\"ubtn-hover\" style=\"background-color:#00a7d6\"><\/span><span class=\"ubtn-data ubtn-text \" ><strong>Eelised<\/strong><\/span><\/button><\/a><\/div>[\/vc_column][\/vc_row][vc_row text_align=&#8221;center&#8221;][vc_column width=&#8221;1\/1&#8243;]<div class=\"spacer\" style=\"height: 60px;\"><\/div><a href=\"https:\/\/www.hellowork.com\/fr-fr\/entreprises\/ionisos-95285.html\" target=\"_self\" class=\"button color-1 large \" style=\"border-radius: 2px;\">Vaata k\u00f5iki meie pakkumisi<\/a><div class=\"spacer\" style=\"height: 100px;\"><\/div>[\/vc_column][\/vc_row]<\/p>\n","protected":false},"excerpt":{"rendered":"<p>[vc_row bg_image=&#8221;22152&#8243; bg_repeat=&#8221;no-repeat&#8221; text_color=&#8221;light&#8221; text_align=&#8221;center&#8221; top_padding=&#8221;100&#8243; bottom_padding=&#8221;100&#8243;][vc_column width=&#8221;1\/1&#8243;][\/vc_column][\/vc_row][vc_row][vc_column width=&#8221;1\/1&#8243;][vc_column_text] Tugev s\u00e4\u00e4stva arengu poliitika Ettev\u00f5tete sotsiaalne vastutus (CSR) t\u00e4hendab sotsiaalsete ja keskkonnak\u00fcsimuste integreerimist ettev\u00f5tte \u00e4ritegevusse ja suhetesse k\u00f5igi sidusr\u00fchmadega. J\u00e4tkusuutliku l\u00e4henemise rakendamiseks oleme s\u00f5nastanud j\u00e4tkusuutlikud kohustused k\u00f5igi oma sidusr\u00fchmade ees ja oleme p\u00fchendunud nende igap\u00e4evasele t\u00e4itmisele.[\/vc_column_text][\/vc_column][\/vc_row][vc_row][vc_column width=&#8221;1\/4&#8243;][\/vc_column][vc_column width=&#8221;1\/4&#8243;][\/vc_column][vc_column width=&#8221;1\/4&#8243;][\/vc_column][vc_column width=&#8221;1\/4&#8243;][\/vc_column][\/vc_row][vc_row][vc_column width=&#8221;1\/1&#8243;][\/vc_column][\/vc_row][vc_row][vc_column width=&#8221;1\/1&#8243;][vc_column_text]Kl\u00f5psake erinevatel rubriikidel, et teada saada, mis teeb Ionisost referentst\u00f6\u00f6andja![\/vc_column_text][\/vc_column][\/vc_row][vc_row][vc_column width=&#8221;1\/5&#8243;][\/vc_column][vc_column width=&#8221;1\/5&#8243;][\/vc_column][vc_column width=&#8221;1\/5&#8243;][\/vc_column][vc_column width=&#8221;1\/5&#8243;][\/vc_column][vc_column width=&#8221;1\/5&#8243;][\/vc_column][\/vc_row][vc_row text_align=&#8221;center&#8221;][vc_column width=&#8221;1\/1&#8243;][\/vc_column][\/vc_row]<\/p>\n","protected":false},"author":1,"featured_media":0,"parent":0,"menu_order":0,"comment_status":"closed","ping_status":"closed","template":"","meta":{"inline_featured_image":false,"footnotes":""},"class_list":["post-22056","page","type-page","status-publish","hentry"],"yoast_head":"<!-- This site is optimized with the Yoast SEO plugin v26.3 - https:\/\/yoast.com\/wordpress\/plugins\/seo\/ -->\n<title>Vastutustundlik t\u00f6\u00f6andja - Ionisos<\/title>\n<meta name=\"description\" content=\"Ionisos, mis on spetsialiseerunud steriliseerimisele gammaionisatsiooni, e-kiirguse, r\u00f6ntgenikiirguse ja et\u00fcleenoksiidi abil, omab 12 tegevuskohta Euroopas.\" \/>\n<meta name=\"robots\" content=\"index, follow, max-snippet:-1, max-image-preview:large, max-video-preview:-1\" \/>\n<link rel=\"canonical\" href=\"https:\/\/www.ionisos.com\/et\/vastutustundlik-tooandja\/\" \/>\n<meta property=\"og:locale\" content=\"et_EE\" \/>\n<meta property=\"og:type\" content=\"article\" \/>\n<meta property=\"og:title\" content=\"Vastutustundlik t\u00f6\u00f6andja - Ionisos\" \/>\n<meta property=\"og:description\" content=\"Ionisos, mis on spetsialiseerunud steriliseerimisele gammaionisatsiooni, e-kiirguse, r\u00f6ntgenikiirguse ja et\u00fcleenoksiidi abil, omab 12 tegevuskohta Euroopas.\" \/>\n<meta property=\"og:url\" content=\"https:\/\/www.ionisos.com\/et\/vastutustundlik-tooandja\/\" \/>\n<meta property=\"og:site_name\" content=\"Ionisos\" \/>\n<meta property=\"article:modified_time\" content=\"2025-04-24T09:16:10+00:00\" \/>\n<meta name=\"twitter:card\" content=\"summary_large_image\" \/>\n<meta name=\"twitter:label1\" content=\"Est. reading time\" \/>\n\t<meta name=\"twitter:data1\" content=\"2 minutit\" \/>\n<script type=\"application\/ld+json\" class=\"yoast-schema-graph\">{\"@context\":\"https:\/\/schema.org\",\"@graph\":[{\"@type\":\"WebPage\",\"@id\":\"https:\/\/www.ionisos.com\/et\/vastutustundlik-tooandja\/\",\"url\":\"https:\/\/www.ionisos.com\/et\/vastutustundlik-tooandja\/\",\"name\":\"Vastutustundlik t\u00f6\u00f6andja - Ionisos\",\"isPartOf\":{\"@id\":\"https:\/\/www.ionisos.com\/#website\"},\"datePublished\":\"2025-04-24T08:06:29+00:00\",\"dateModified\":\"2025-04-24T09:16:10+00:00\",\"description\":\"Ionisos, mis on spetsialiseerunud steriliseerimisele gammaionisatsiooni, e-kiirguse, r\u00f6ntgenikiirguse ja et\u00fcleenoksiidi abil, omab 12 tegevuskohta Euroopas.\",\"breadcrumb\":{\"@id\":\"https:\/\/www.ionisos.com\/et\/vastutustundlik-tooandja\/#breadcrumb\"},\"inLanguage\":\"et\",\"potentialAction\":[{\"@type\":\"ReadAction\",\"target\":[\"https:\/\/www.ionisos.com\/et\/vastutustundlik-tooandja\/\"]}]},{\"@type\":\"BreadcrumbList\",\"@id\":\"https:\/\/www.ionisos.com\/et\/vastutustundlik-tooandja\/#breadcrumb\",\"itemListElement\":[{\"@type\":\"ListItem\",\"position\":1,\"name\":\"Accueil\",\"item\":\"https:\/\/www.ionisos.com\/et\/\"},{\"@type\":\"ListItem\",\"position\":2,\"name\":\"Vastutustundlik t\u00f6\u00f6andja\"}]},{\"@type\":\"WebSite\",\"@id\":\"https:\/\/www.ionisos.com\/#website\",\"url\":\"https:\/\/www.ionisos.com\/\",\"name\":\"Ionisos\",\"description\":\"Ionisation par \u00e9lectrons acc\u00e9l\u00e9r\u00e9s, rayons gamma, rayons X et oxyde d&#039;\u00e9thyl\u00e8ne\",\"potentialAction\":[{\"@type\":\"SearchAction\",\"target\":{\"@type\":\"EntryPoint\",\"urlTemplate\":\"https:\/\/www.ionisos.com\/?s={search_term_string}\"},\"query-input\":{\"@type\":\"PropertyValueSpecification\",\"valueRequired\":true,\"valueName\":\"search_term_string\"}}],\"inLanguage\":\"et\"}]}<\/script>\n<!-- \/ Yoast SEO plugin. -->","yoast_head_json":{"title":"Vastutustundlik t\u00f6\u00f6andja - Ionisos","description":"Ionisos, mis on spetsialiseerunud steriliseerimisele gammaionisatsiooni, e-kiirguse, r\u00f6ntgenikiirguse ja et\u00fcleenoksiidi abil, omab 12 tegevuskohta Euroopas.","robots":{"index":"index","follow":"follow","max-snippet":"max-snippet:-1","max-image-preview":"max-image-preview:large","max-video-preview":"max-video-preview:-1"},"canonical":"https:\/\/www.ionisos.com\/et\/vastutustundlik-tooandja\/","og_locale":"et_EE","og_type":"article","og_title":"Vastutustundlik t\u00f6\u00f6andja - Ionisos","og_description":"Ionisos, mis on spetsialiseerunud steriliseerimisele gammaionisatsiooni, e-kiirguse, r\u00f6ntgenikiirguse ja et\u00fcleenoksiidi abil, omab 12 tegevuskohta Euroopas.","og_url":"https:\/\/www.ionisos.com\/et\/vastutustundlik-tooandja\/","og_site_name":"Ionisos","article_modified_time":"2025-04-24T09:16:10+00:00","twitter_card":"summary_large_image","twitter_misc":{"Est. reading time":"2 minutit"},"schema":{"@context":"https:\/\/schema.org","@graph":[{"@type":"WebPage","@id":"https:\/\/www.ionisos.com\/et\/vastutustundlik-tooandja\/","url":"https:\/\/www.ionisos.com\/et\/vastutustundlik-tooandja\/","name":"Vastutustundlik t\u00f6\u00f6andja - Ionisos","isPartOf":{"@id":"https:\/\/www.ionisos.com\/#website"},"datePublished":"2025-04-24T08:06:29+00:00","dateModified":"2025-04-24T09:16:10+00:00","description":"Ionisos, mis on spetsialiseerunud steriliseerimisele gammaionisatsiooni, e-kiirguse, r\u00f6ntgenikiirguse ja et\u00fcleenoksiidi abil, omab 12 tegevuskohta Euroopas.","breadcrumb":{"@id":"https:\/\/www.ionisos.com\/et\/vastutustundlik-tooandja\/#breadcrumb"},"inLanguage":"et","potentialAction":[{"@type":"ReadAction","target":["https:\/\/www.ionisos.com\/et\/vastutustundlik-tooandja\/"]}]},{"@type":"BreadcrumbList","@id":"https:\/\/www.ionisos.com\/et\/vastutustundlik-tooandja\/#breadcrumb","itemListElement":[{"@type":"ListItem","position":1,"name":"Accueil","item":"https:\/\/www.ionisos.com\/et\/"},{"@type":"ListItem","position":2,"name":"Vastutustundlik t\u00f6\u00f6andja"}]},{"@type":"WebSite","@id":"https:\/\/www.ionisos.com\/#website","url":"https:\/\/www.ionisos.com\/","name":"Ionisos","description":"Ionisation par \u00e9lectrons acc\u00e9l\u00e9r\u00e9s, rayons gamma, rayons X et oxyde d&#039;\u00e9thyl\u00e8ne","potentialAction":[{"@type":"SearchAction","target":{"@type":"EntryPoint","urlTemplate":"https:\/\/www.ionisos.com\/?s={search_term_string}"},"query-input":{"@type":"PropertyValueSpecification","valueRequired":true,"valueName":"search_term_string"}}],"inLanguage":"et"}]}},"_links":{"self":[{"href":"https:\/\/www.ionisos.com\/et\/wp-json\/wp\/v2\/pages\/22056","targetHints":{"allow":["GET"]}}],"collection":[{"href":"https:\/\/www.ionisos.com\/et\/wp-json\/wp\/v2\/pages"}],"about":[{"href":"https:\/\/www.ionisos.com\/et\/wp-json\/wp\/v2\/types\/page"}],"author":[{"embeddable":true,"href":"https:\/\/www.ionisos.com\/et\/wp-json\/wp\/v2\/users\/1"}],"replies":[{"embeddable":true,"href":"https:\/\/www.ionisos.com\/et\/wp-json\/wp\/v2\/comments?post=22056"}],"version-history":[{"count":9,"href":"https:\/\/www.ionisos.com\/et\/wp-json\/wp\/v2\/pages\/22056\/revisions"}],"predecessor-version":[{"id":26836,"href":"https:\/\/www.ionisos.com\/et\/wp-json\/wp\/v2\/pages\/22056\/revisions\/26836"}],"wp:attachment":[{"href":"https:\/\/www.ionisos.com\/et\/wp-json\/wp\/v2\/media?parent=22056"}],"curies":[{"name":"wp","href":"https:\/\/api.w.org\/{rel}","templated":true}]}}