 {"id":21953,"date":"2025-04-24T09:33:37","date_gmt":"2025-04-24T07:33:37","guid":{"rendered":"https:\/\/www.ionisos.com\/?page_id=21953"},"modified":"2025-04-24T11:32:21","modified_gmt":"2025-04-24T09:32:21","slug":"miks-meiega-liituda","status":"publish","type":"page","link":"https:\/\/www.ionisos.com\/et\/miks-meiega-liituda\/","title":{"rendered":"Miks meiega liituda"},"content":{"rendered":"<p>[vc_row bg_image=&#8221;22339&#8243; bg_repeat=&#8221;no-repeat&#8221; text_color=&#8221;light&#8221; text_align=&#8221;center&#8221; top_padding=&#8221;100&#8243; bottom_padding=&#8221;100&#8243;][vc_column width=&#8221;1\/1&#8243;]<h1 class=\"headline font-special fontsize-xxxl fontweight-inherit lh-inherit align-center transform-uppercase \" style=\"margin: 0;\"><strong>5 head p\u00f5hjust<\/strong><br \/>\nmeie juurde liitumiseks<\/h1>[\/vc_column][\/vc_row][vc_row][vc_column width=&#8221;1\/1&#8243;]<div class=\"spacer\" style=\"height: 60px;\"><\/div>[\/vc_column][\/vc_row][vc_row][vc_column width=&#8221;1\/1&#8243;][vc_column_text]Ionisos grupp t\u00e4na t\u00e4hendab rohkem kui <strong>300 t\u00f6\u00f6tajat<\/strong> 5 <strong>riigis<\/strong>, kogukond, mis on rikkalik oma ekspertteadmiste, karj\u00e4\u00e4ride ja profiilide mitmekesisuses. Selleks, et s\u00e4ilitada meie edu tagav kollektiivne d\u00fcnaamika, meie <strong>inimressursside poliitika<\/strong> eelistab ametioskuste ja juhtimisv\u00f5imekuste arendamist ning \u00fchise kultuuri tugevdamist.<\/p>\n<p>Ionisos gruppiga liitumine t\u00e4hendab karj\u00e4\u00e4ri tegemist hooliva, t\u00f5husa, p\u00fchendunud t\u00f6\u00f6andja k\u00f5rval, kes hoolib oma t\u00f6\u00f6tajate heaolust. Just nemad r\u00e4\u00e4givad sellest k\u00f5ige paremini:[\/vc_column_text]<div class=\"spacer\" style=\"height: 10px;\"><\/div>[\/vc_column][\/vc_row][vc_row][vc_column width=&#8221;1\/3&#8243;]<div class=\"testimonial-wrap wpb_content_element\"><div class=\"testimonial\">Mida ma k\u00f5ige rohkem hindan Ionisoses, on lihtne horisontaalne ja vertikaalne suhtlus, mis minu jaoks on suur tugevus. T\u00f6\u00f6tajad on reageerimisv\u00f5imelised ja kaasatud, et pakkuda ideid ja lahendusi.<\/p>\n<p>See on d\u00fcnaamiline ettev\u00f5te, mis p\u00fc\u00fcdleb pideva t\u00e4iustamise poole, omades juhtimist ja pikaajalist visiooni.<\/p>\n<p><strong>Ionisos v\u00e4\u00e4rtused<\/strong>: p\u00fchendumus, juhtimine, tipptase, reageerimisv\u00f5ime.<\/div><div class=\"testimonial-author\"><div class=\"testimonial-img\"><img decoding=\"async\" src=\"https:\/\/www.ionisos.com\/wp-content\/uploads\/2022\/08\/Frane-1-150x150.jpg\" alt=\"\" \/><\/div>Frane Akwangou<span>HSE juht - Sabl\u00e9-sur-Sarthe (Prantsusmaa)<\/span><\/div><\/div>[\/vc_column][vc_column width=&#8221;1\/3&#8243;]<div class=\"testimonial-wrap wpb_content_element\"><div class=\"testimonial\">Ionisos on tugev struktuur pikaajalise tegevuse jaoks, samal ajal olles avatud innovatsioonile.<\/p>\n<p>Mulle meeldib t\u00e4helepanu sellele, et meil on t\u00f6\u00f6tingimused, mis v\u00f5imaldavad meil olla head ja t\u00f5husad.<\/p>\n<p><strong>Ionisos v\u00e4\u00e4rtused<\/strong>: ausus, kvaliteet, koost\u00f6\u00f6.<\/div><div class=\"testimonial-author\"><div class=\"testimonial-img\"><img decoding=\"async\" src=\"https:\/\/www.ionisos.com\/wp-content\/uploads\/2022\/08\/Sophie-150x150.jpg\" alt=\"Sophie Rouif Ionisos\" \/><\/div>Sophie Rouif<span>R&amp;D ekspert - Civrieux d&#039;Azergues (Prantsusmaa)<\/span><\/div><\/div>[\/vc_column][vc_column width=&#8221;1\/3&#8243;]<div class=\"testimonial-wrap wpb_content_element\"><div class=\"testimonial\">Ma olen uhke, kui r\u00e4\u00e4gin Ionisosest oma s\u00f5pradele, see on erinev valdkond, millele inimesed pole harjunud, ja kolleegid on alati valmis aitama.<\/p>\n<p>Ettev\u00f5te on l\u00e4bipaistev, solidaarne, motiveeriv ja kliendile orienteeritud.<\/p>\n<p><strong>Ionisos v\u00e4\u00e4rtused<\/strong>: kvaliteet, ohutus, koost\u00f6\u00f6.<\/div><div class=\"testimonial-author\"><div class=\"testimonial-img\"><img decoding=\"async\" src=\"https:\/\/www.ionisos.com\/wp-content\/uploads\/2022\/08\/Aire-Lempu-Ionisos-150x150.jpg\" alt=\"Aire Lempu Ionisos\" \/><\/div>Aire Lempu<span>Kvaliteedi- ja ohutushaldur - Tallinn (Eestis)<\/span><\/div><\/div>[\/vc_column][\/vc_row][vc_row][vc_column width=&#8221;1\/1&#8243;]<div class=\"spacer\" style=\"height: 100px;\"><\/div>[vc_column_text]Kl\u00f5psake erinevatel rubriikidel, et teada saada, mis teeb Ionisost v\u00f5rdlusalusena t\u00f6\u00f6andja![\/vc_column_text]<div class=\"spacer\" style=\"height: 20px;\"><\/div>[\/vc_column][\/vc_row][vc_row][vc_column width=&#8221;1\/5&#8243;]<div class=\" ubtn-ctn-center \"><a class=\"ubtn-link ult-adjust-bottom-margin ubtn-center ubtn-custom \" title='Tugev p\u00fchendumus meie t\u00f6\u00f6tajatele' rel='' href = \"https:\/\/www.ionisos.com\/et\/tugev-puhendumine-meie-tootajatele\/\" ><button type=\"button\" id=\"ubtn-3277\" class=\"ubtn ult-adjust-bottom-margin ult-responsive ubtn-custom ubtn-fade-bg  none  ubtn-center   tooltip-69d42d0dca863\"  data-hover=\"\" data-border-color=\"\" data-bg=\"#f38250\" data-hover-bg=\"#f25d1d\" data-border-hover=\"\" data-shadow-hover=\"\" data-shadow-click=\"none\" data-shadow=\"\" data-shd-shadow=\"\"  data-ultimate-target='#ubtn-3277'  data-responsive-json-new='{\"font-size\":\"\",\"line-height\":\"\"}'  style=\"font-weight:normal;width:500px;min-height:100px;padding:20px 50px;border:none;background: #f38250;color: #ffffff;\"><span class=\"ubtn-hover\" style=\"background-color:#f25d1d\"><\/span><span class=\"ubtn-data ubtn-text \" ><strong>Tugev p\u00fchendumine meie t\u00f6\u00f6tajatele<\/strong><\/span><\/button><\/a><\/div>[\/vc_column][vc_column width=&#8221;1\/5&#8243;]<div class=\" ubtn-ctn-center \"><a class=\"ubtn-link ult-adjust-bottom-margin ubtn-center ubtn-custom \" title='Kvaliteedin\u00f5ue' rel='' href = \"https:\/\/www.ionisos.com\/et\/kvaliteedinoue\/\" ><button type=\"button\" id=\"ubtn-5619\" class=\"ubtn ult-adjust-bottom-margin ult-responsive ubtn-custom ubtn-fade-bg  none  ubtn-center   tooltip-69d42d0dca8a7\"  data-hover=\"\" data-border-color=\"\" data-bg=\"#d3b83f\" data-hover-bg=\"#d3ac00\" data-border-hover=\"\" data-shadow-hover=\"\" data-shadow-click=\"none\" data-shadow=\"\" data-shd-shadow=\"\"  data-ultimate-target='#ubtn-5619'  data-responsive-json-new='{\"font-size\":\"\",\"line-height\":\"\"}'  style=\"font-weight:normal;width:500px;min-height:100px;padding:20px 50px;border:none;background: #d3b83f;color: #ffffff;\"><span class=\"ubtn-hover\" style=\"background-color:#d3ac00\"><\/span><span class=\"ubtn-data ubtn-text \" ><strong>Kvaliteedin\u00f5ue<\/strong><\/span><\/button><\/a><\/div>[\/vc_column][vc_column width=&#8221;1\/5&#8243;]<div class=\" ubtn-ctn-center \"><a class=\"ubtn-link ult-adjust-bottom-margin ubtn-center ubtn-custom \" title='Vastutustundlik t\u00f6\u00f6andja' rel='' href = \"https:\/\/www.ionisos.com\/et\/vastutustundlik-tooandja\/\" ><button type=\"button\" id=\"ubtn-8439\" class=\"ubtn ult-adjust-bottom-margin ult-responsive ubtn-custom ubtn-fade-bg  none  ubtn-center   tooltip-69d42d0dca8d1\"  data-hover=\"\" data-border-color=\"\" data-bg=\"#98ca69\" data-hover-bg=\"#7ec938\" data-border-hover=\"\" data-shadow-hover=\"\" data-shadow-click=\"none\" data-shadow=\"\" data-shd-shadow=\"\"  data-ultimate-target='#ubtn-8439'  data-responsive-json-new='{\"font-size\":\"\",\"line-height\":\"\"}'  style=\"font-weight:normal;width:500px;min-height:100px;padding:20px 50px;border:none;background: #98ca69;color: #ffffff;\"><span class=\"ubtn-hover\" style=\"background-color:#7ec938\"><\/span><span class=\"ubtn-data ubtn-text \" ><strong>Vastutustundlik t\u00f6\u00f6andja<\/strong><\/span><\/button><\/a><\/div>[\/vc_column][vc_column width=&#8221;1\/5&#8243;]<div class=\" ubtn-ctn-center \"><a class=\"ubtn-link ult-adjust-bottom-margin ubtn-center ubtn-custom \" title='Mitmekesisuse austamine' rel='' href = \"https:\/\/www.ionisos.com\/et\/mitmekesisuse-austamine\/\" ><button type=\"button\" id=\"ubtn-2457\" class=\"ubtn ult-adjust-bottom-margin ult-responsive ubtn-custom ubtn-fade-bg  none  ubtn-center   tooltip-69d42d0dca8f5\"  data-hover=\"\" data-border-color=\"\" data-bg=\"#da5457\" data-hover-bg=\"#d82023\" data-border-hover=\"\" data-shadow-hover=\"\" data-shadow-click=\"none\" data-shadow=\"\" data-shd-shadow=\"\"  data-ultimate-target='#ubtn-2457'  data-responsive-json-new='{\"font-size\":\"\",\"line-height\":\"\"}'  style=\"font-weight:normal;width:500px;min-height:100px;padding:20px 50px;border:none;background: #da5457;color: #ffffff;\"><span class=\"ubtn-hover\" style=\"background-color:#d82023\"><\/span><span class=\"ubtn-data ubtn-text \" ><strong>Kohtumine mitmekesisusega<\/strong><\/span><\/button><\/a><\/div>[\/vc_column][vc_column width=&#8221;1\/5&#8243;]<div class=\" ubtn-ctn-center \"><a class=\"ubtn-link ult-adjust-bottom-margin ubtn-center ubtn-custom \" title='Eelised' rel='' href = \"https:\/\/www.ionisos.com\/et\/eelised\/\" ><button type=\"button\" id=\"ubtn-9458\" class=\"ubtn ult-adjust-bottom-margin ult-responsive ubtn-custom ubtn-fade-bg  none  ubtn-center   tooltip-69d42d0dca910\"  data-hover=\"\" data-border-color=\"\" data-bg=\"#38b4d6\" data-hover-bg=\"#00a7d6\" data-border-hover=\"\" data-shadow-hover=\"\" data-shadow-click=\"none\" data-shadow=\"\" data-shd-shadow=\"\"  data-ultimate-target='#ubtn-9458'  data-responsive-json-new='{\"font-size\":\"\",\"line-height\":\"\"}'  style=\"font-weight:normal;width:500px;min-height:100px;padding:20px 50px;border:none;background: #38b4d6;color: #ffffff;\"><span class=\"ubtn-hover\" style=\"background-color:#00a7d6\"><\/span><span class=\"ubtn-data ubtn-text \" ><strong>Eelised<\/strong><\/span><\/button><\/a><\/div>[\/vc_column][\/vc_row][vc_row text_align=&#8221;center&#8221;][vc_column width=&#8221;1\/1&#8243;]<div class=\"spacer\" style=\"height: 60px;\"><\/div><a href=\"https:\/\/www.hellowork.com\/fr-fr\/entreprises\/ionisos-95285.html\" target=\"_self\" class=\"button color-1 large \" style=\"border-radius: 2px;\">Vaata k\u00f5iki meie pakkumisi<\/a><div class=\"spacer\" style=\"height: 100px;\"><\/div>[\/vc_column][\/vc_row]<\/p>\n","protected":false},"excerpt":{"rendered":"<p>[vc_row bg_image=&#8221;22339&#8243; bg_repeat=&#8221;no-repeat&#8221; text_color=&#8221;light&#8221; text_align=&#8221;center&#8221; top_padding=&#8221;100&#8243; bottom_padding=&#8221;100&#8243;][vc_column width=&#8221;1\/1&#8243;][\/vc_column][\/vc_row][vc_row][vc_column width=&#8221;1\/1&#8243;][\/vc_column][\/vc_row][vc_row][vc_column width=&#8221;1\/1&#8243;][vc_column_text]Ionisos grupp t\u00e4na t\u00e4hendab rohkem kui 300 t\u00f6\u00f6tajat 5 riigis, kogukond, mis on rikkalik oma ekspertteadmiste, karj\u00e4\u00e4ride ja profiilide mitmekesisuses. Selleks, et s\u00e4ilitada meie edu tagav kollektiivne d\u00fcnaamika, meie inimressursside poliitika eelistab ametioskuste ja juhtimisv\u00f5imekuste arendamist ning \u00fchise kultuuri tugevdamist. Ionisos gruppiga liitumine t\u00e4hendab karj\u00e4\u00e4ri tegemist hooliva, t\u00f5husa, p\u00fchendunud t\u00f6\u00f6andja k\u00f5rval, kes hoolib oma t\u00f6\u00f6tajate heaolust. Just nemad r\u00e4\u00e4givad sellest k\u00f5ige paremini:[\/vc_column_text][\/vc_column][\/vc_row][vc_row][vc_column width=&#8221;1\/3&#8243;][\/vc_column][vc_column width=&#8221;1\/3&#8243;][\/vc_column][vc_column width=&#8221;1\/3&#8243;][\/vc_column][\/vc_row][vc_row][vc_column width=&#8221;1\/1&#8243;][vc_column_text]Kl\u00f5psake erinevatel rubriikidel, et teada saada, mis teeb Ionisost v\u00f5rdlusalusena t\u00f6\u00f6andja![\/vc_column_text][\/vc_column][\/vc_row][vc_row][vc_column width=&#8221;1\/5&#8243;][\/vc_column][vc_column width=&#8221;1\/5&#8243;][\/vc_column][vc_column width=&#8221;1\/5&#8243;][\/vc_column][vc_column width=&#8221;1\/5&#8243;][\/vc_column][vc_column width=&#8221;1\/5&#8243;][\/vc_column][\/vc_row][vc_row text_align=&#8221;center&#8221;][vc_column width=&#8221;1\/1&#8243;][\/vc_column][\/vc_row]<\/p>\n","protected":false},"author":1,"featured_media":0,"parent":0,"menu_order":0,"comment_status":"closed","ping_status":"closed","template":"","meta":{"inline_featured_image":false,"footnotes":""},"class_list":["post-21953","page","type-page","status-publish","hentry"],"yoast_head":"<!-- This site is optimized with the Yoast SEO plugin v26.3 - https:\/\/yoast.com\/wordpress\/plugins\/seo\/ -->\n<title>Miks meiega liituda - Ionisos<\/title>\n<meta name=\"description\" content=\"Ionisos, mis on spetsialiseerunud steriliseerimisele gammaionisatsiooni, e-kiirguse, r\u00f6ntgenikiirguse ja et\u00fcleenoksiidi abil, omab 12 tegevuskohta Euroopas.\" \/>\n<meta name=\"robots\" content=\"index, follow, max-snippet:-1, max-image-preview:large, max-video-preview:-1\" \/>\n<link rel=\"canonical\" href=\"https:\/\/www.ionisos.com\/et\/miks-meiega-liituda\/\" \/>\n<meta property=\"og:locale\" content=\"et_EE\" \/>\n<meta property=\"og:type\" content=\"article\" \/>\n<meta property=\"og:title\" content=\"Miks meiega liituda - Ionisos\" \/>\n<meta property=\"og:description\" content=\"Ionisos, mis on spetsialiseerunud steriliseerimisele gammaionisatsiooni, e-kiirguse, r\u00f6ntgenikiirguse ja et\u00fcleenoksiidi abil, omab 12 tegevuskohta Euroopas.\" \/>\n<meta property=\"og:url\" content=\"https:\/\/www.ionisos.com\/et\/miks-meiega-liituda\/\" \/>\n<meta property=\"og:site_name\" content=\"Ionisos\" \/>\n<meta property=\"article:modified_time\" content=\"2025-04-24T09:32:21+00:00\" \/>\n<meta name=\"twitter:card\" content=\"summary_large_image\" \/>\n<meta name=\"twitter:label1\" content=\"Est. reading time\" \/>\n\t<meta name=\"twitter:data1\" content=\"2 minutit\" \/>\n<script type=\"application\/ld+json\" class=\"yoast-schema-graph\">{\"@context\":\"https:\/\/schema.org\",\"@graph\":[{\"@type\":\"WebPage\",\"@id\":\"https:\/\/www.ionisos.com\/et\/miks-meiega-liituda\/\",\"url\":\"https:\/\/www.ionisos.com\/et\/miks-meiega-liituda\/\",\"name\":\"Miks meiega liituda - Ionisos\",\"isPartOf\":{\"@id\":\"https:\/\/www.ionisos.com\/#website\"},\"datePublished\":\"2025-04-24T07:33:37+00:00\",\"dateModified\":\"2025-04-24T09:32:21+00:00\",\"description\":\"Ionisos, mis on spetsialiseerunud steriliseerimisele gammaionisatsiooni, e-kiirguse, r\u00f6ntgenikiirguse ja et\u00fcleenoksiidi abil, omab 12 tegevuskohta Euroopas.\",\"breadcrumb\":{\"@id\":\"https:\/\/www.ionisos.com\/et\/miks-meiega-liituda\/#breadcrumb\"},\"inLanguage\":\"et\",\"potentialAction\":[{\"@type\":\"ReadAction\",\"target\":[\"https:\/\/www.ionisos.com\/et\/miks-meiega-liituda\/\"]}]},{\"@type\":\"BreadcrumbList\",\"@id\":\"https:\/\/www.ionisos.com\/et\/miks-meiega-liituda\/#breadcrumb\",\"itemListElement\":[{\"@type\":\"ListItem\",\"position\":1,\"name\":\"Accueil\",\"item\":\"https:\/\/www.ionisos.com\/et\/\"},{\"@type\":\"ListItem\",\"position\":2,\"name\":\"Miks meiega liituda\"}]},{\"@type\":\"WebSite\",\"@id\":\"https:\/\/www.ionisos.com\/#website\",\"url\":\"https:\/\/www.ionisos.com\/\",\"name\":\"Ionisos\",\"description\":\"Ionisation par \u00e9lectrons acc\u00e9l\u00e9r\u00e9s, rayons gamma, rayons X et oxyde d&#039;\u00e9thyl\u00e8ne\",\"potentialAction\":[{\"@type\":\"SearchAction\",\"target\":{\"@type\":\"EntryPoint\",\"urlTemplate\":\"https:\/\/www.ionisos.com\/?s={search_term_string}\"},\"query-input\":{\"@type\":\"PropertyValueSpecification\",\"valueRequired\":true,\"valueName\":\"search_term_string\"}}],\"inLanguage\":\"et\"}]}<\/script>\n<!-- \/ Yoast SEO plugin. -->","yoast_head_json":{"title":"Miks meiega liituda - Ionisos","description":"Ionisos, mis on spetsialiseerunud steriliseerimisele gammaionisatsiooni, e-kiirguse, r\u00f6ntgenikiirguse ja et\u00fcleenoksiidi abil, omab 12 tegevuskohta Euroopas.","robots":{"index":"index","follow":"follow","max-snippet":"max-snippet:-1","max-image-preview":"max-image-preview:large","max-video-preview":"max-video-preview:-1"},"canonical":"https:\/\/www.ionisos.com\/et\/miks-meiega-liituda\/","og_locale":"et_EE","og_type":"article","og_title":"Miks meiega liituda - Ionisos","og_description":"Ionisos, mis on spetsialiseerunud steriliseerimisele gammaionisatsiooni, e-kiirguse, r\u00f6ntgenikiirguse ja et\u00fcleenoksiidi abil, omab 12 tegevuskohta Euroopas.","og_url":"https:\/\/www.ionisos.com\/et\/miks-meiega-liituda\/","og_site_name":"Ionisos","article_modified_time":"2025-04-24T09:32:21+00:00","twitter_card":"summary_large_image","twitter_misc":{"Est. reading time":"2 minutit"},"schema":{"@context":"https:\/\/schema.org","@graph":[{"@type":"WebPage","@id":"https:\/\/www.ionisos.com\/et\/miks-meiega-liituda\/","url":"https:\/\/www.ionisos.com\/et\/miks-meiega-liituda\/","name":"Miks meiega liituda - Ionisos","isPartOf":{"@id":"https:\/\/www.ionisos.com\/#website"},"datePublished":"2025-04-24T07:33:37+00:00","dateModified":"2025-04-24T09:32:21+00:00","description":"Ionisos, mis on spetsialiseerunud steriliseerimisele gammaionisatsiooni, e-kiirguse, r\u00f6ntgenikiirguse ja et\u00fcleenoksiidi abil, omab 12 tegevuskohta Euroopas.","breadcrumb":{"@id":"https:\/\/www.ionisos.com\/et\/miks-meiega-liituda\/#breadcrumb"},"inLanguage":"et","potentialAction":[{"@type":"ReadAction","target":["https:\/\/www.ionisos.com\/et\/miks-meiega-liituda\/"]}]},{"@type":"BreadcrumbList","@id":"https:\/\/www.ionisos.com\/et\/miks-meiega-liituda\/#breadcrumb","itemListElement":[{"@type":"ListItem","position":1,"name":"Accueil","item":"https:\/\/www.ionisos.com\/et\/"},{"@type":"ListItem","position":2,"name":"Miks meiega liituda"}]},{"@type":"WebSite","@id":"https:\/\/www.ionisos.com\/#website","url":"https:\/\/www.ionisos.com\/","name":"Ionisos","description":"Ionisation par \u00e9lectrons acc\u00e9l\u00e9r\u00e9s, rayons gamma, rayons X et oxyde d&#039;\u00e9thyl\u00e8ne","potentialAction":[{"@type":"SearchAction","target":{"@type":"EntryPoint","urlTemplate":"https:\/\/www.ionisos.com\/?s={search_term_string}"},"query-input":{"@type":"PropertyValueSpecification","valueRequired":true,"valueName":"search_term_string"}}],"inLanguage":"et"}]}},"_links":{"self":[{"href":"https:\/\/www.ionisos.com\/et\/wp-json\/wp\/v2\/pages\/21953","targetHints":{"allow":["GET"]}}],"collection":[{"href":"https:\/\/www.ionisos.com\/et\/wp-json\/wp\/v2\/pages"}],"about":[{"href":"https:\/\/www.ionisos.com\/et\/wp-json\/wp\/v2\/types\/page"}],"author":[{"embeddable":true,"href":"https:\/\/www.ionisos.com\/et\/wp-json\/wp\/v2\/users\/1"}],"replies":[{"embeddable":true,"href":"https:\/\/www.ionisos.com\/et\/wp-json\/wp\/v2\/comments?post=21953"}],"version-history":[{"count":15,"href":"https:\/\/www.ionisos.com\/et\/wp-json\/wp\/v2\/pages\/21953\/revisions"}],"predecessor-version":[{"id":26844,"href":"https:\/\/www.ionisos.com\/et\/wp-json\/wp\/v2\/pages\/21953\/revisions\/26844"}],"wp:attachment":[{"href":"https:\/\/www.ionisos.com\/et\/wp-json\/wp\/v2\/media?parent=21953"}],"curies":[{"name":"wp","href":"https:\/\/api.w.org\/{rel}","templated":true}]}}