 {"id":19165,"date":"2025-04-23T10:19:30","date_gmt":"2025-04-23T08:19:30","guid":{"rendered":"https:\/\/www.ionisos.com\/?page_id=19165"},"modified":"2025-10-09T16:38:33","modified_gmt":"2025-10-09T14:38:33","slug":"jatkusuutlikkus","status":"publish","type":"page","link":"https:\/\/www.ionisos.com\/et\/jatkusuutlikkus\/","title":{"rendered":"J\u00e4tkusuutlikkus"},"content":{"rendered":"<p>[vc_row bg_image=&#8221;24540&#8243; bg_repeat=&#8221;no-repeat&#8221; text_color=&#8221;light&#8221; text_align=&#8221;center&#8221; top_padding=&#8221;100&#8243; bottom_padding=&#8221;100&#8243;][vc_column width=&#8221;1\/1&#8243;]<h1 class=\"headline font-special fontsize-xxxl fontweight-inherit lh-inherit align-center transform-uppercase \" style=\"margin: 0 0 20px 0;\"><strong>J\u00e4tkusuutlik areng<\/strong><\/h1>[\/vc_column][\/vc_row][vc_row][vc_column width=&#8221;1\/1&#8243;]<div class=\"spacer\" style=\"height: 60px;\"><\/div>[vc_column_text]<\/p>\n<p style=\"text-align: left;\"><span style=\"font-family: Abel; font-size: 25px;\">Tugev <strong>j\u00e4tkusuutliku arengu<\/strong> poliitika<\/span><\/p>\n<p>Ionisos on Euroopa juhtiv meditsiiniseadmete steriliseerimise ettev\u00f5te, millel on 11 tipptasemel tehnoloogiaid \u2013 gammakiired, elektronkiired, et\u00fcleenoksiid ja peagi ka r\u00f6ntgenikiirgus \u2013 kasutavat tootmiskohta \u00fcle kogu Euroopa. Meie p\u00fchendumus j\u00e4tkusuutlikule arengule on meie tegevuse keskmes, eesm\u00e4rgiga kaitsta keskkonda ja elurikkust ning tagada meie t\u00f6\u00f6tajatele parimad t\u00f6\u00f6tingimused. Samuti osaleme pol\u00fcmeeride omaduste parandamiseks ristsidumise alases tegevuses, n\u00e4idates \u00fcles pidevat p\u00fchendumust innovatsioonile ja keskkonnateadlikkusele.[\/vc_column_text]<div class=\"spacer\" style=\"height: 40px;\"><\/div><div class=\"single_image wpb_content_element align-center    \" data-animation=\"none\" data-delay=\"0\"><img loading=\"lazy\" decoding=\"async\" width=\"300\" height=\"181\" src=\"https:\/\/www.ionisos.com\/wp-content\/uploads\/2025\/03\/SBTI-300x181.jpg\" class=\"attachment-medium\" alt=\"\" srcset=\"https:\/\/www.ionisos.com\/wp-content\/uploads\/2025\/03\/SBTI-300x181.jpg 300w, https:\/\/www.ionisos.com\/wp-content\/uploads\/2025\/03\/SBTI-1024x618.jpg 1024w, https:\/\/www.ionisos.com\/wp-content\/uploads\/2025\/03\/SBTI-768x464.jpg 768w, https:\/\/www.ionisos.com\/wp-content\/uploads\/2025\/03\/SBTI.jpg 1280w\" sizes=\"auto, (max-width: 300px) 100vw, 300px\" \/><\/div>[vc_column_text]<\/p>\n<p style=\"text-align: left;\"><span style=\"font-family: Abel; font-size: 25px;\">Ionisos on liitunud <strong>Science Based Targets Initiative<\/strong> (SBTI) algatusega ja on v\u00f5tnud kohustuseks <strong>v\u00e4hendada oma s\u00fcsinikuheidet 42% v\u00f5rra aastaks 2030<\/strong><\/span><\/p>\n<p data-start=\"438\" data-end=\"698\">Liitudes selle algatusega, kohustume v\u00e4hendama oma kasvuhoonegaaside heitkoguseid 42% v\u00f5rra aastaks 2030 v\u00f5rreldes 2021. aasta tasemega, koosk\u00f5las Pariisi kokkuleppe eesm\u00e4rgiga piirata \u00fcleilmset soojenemist 1,5\u00b0C-ni.<\/p>\n<p data-start=\"700\" data-end=\"880\">See kohustus on osa meie pidevast l\u00e4henemisest oma keskkonnam\u00f5ju v\u00e4hendamisele ja kestlikumate lahenduste pakkumisele oma klientidele ja partneritele.<\/p>\n<p data-start=\"882\" data-end=\"1128\">Usume, et t\u00f6\u00f6stusel on v\u00f5tmeroll \u00fcleminekul kestlikumale tulevikule. Seep\u00e4rast j\u00e4tkame investeerimist uuenduslikesse tehnoloogiatesse ja praktikatesse, et saavutada oma kliimaeesm\u00e4rgid.<\/p>\n<p>[\/vc_column_text]<div class=\"spacer\" style=\"height: 40px;\"><\/div>[\/vc_column][\/vc_row][vc_row bg_color=&#8221;#f3f3f3&#8243;][vc_column width=&#8221;1\/1&#8243;]<div class=\"spacer\" style=\"height: 40px;\"><\/div><h3 class=\"headline font-inherit fontsize-l fontweight-inherit lh-inherit align-left transform-inherit \" style=\"margin: 0 0 20px 0;\">Meie j\u00e4tkusuutlikkuse poliitika keskendub 3 peamisele valdkonnale<\/h3><div class=\"spacer\" style=\"height: 40px;\"><\/div>[vc_row_inner][vc_column_inner width=&#8221;1\/3&#8243;]<div class=\"iconbox  wpb_content_element iconbox-style-2 icon-color-greyscale color-dark clearfix\"><div class=\"iconbox-icon\"><img src='https:\/\/www.ionisos.com\/wp-content\/uploads\/2024\/01\/partners.png' class='iconimg' alt='Juhtimine' \/><\/div><div class=\"iconbox-content\"><h3>Juhtimine<\/h3><p>J\u00e4tkusuutlikkuse juhtimine on suunatud Ionisose strateegia, v\u00f5tmetulemusn\u00e4itajate (KPI-de) ja tegevuskava m\u00e4\u00e4ratlemisele, tegevuste edenemise regulaarsele j\u00e4lgimisele ning pidevale parendamisele.<\/p>\n<p>2021. aastal l\u00f5i Ionisos p\u00fchendatud valdkondadevahelise meeskonna, mis on t\u00e4ielikult integreeritud organisatsiooni, et arendada j\u00e4tkusuutlikkuse strateegiat. Meeskonda juhib j\u00e4tkusuutlikkuse direktor, kes annab aru otse juhatuse esimehele.<\/p><\/div><\/div>[\/vc_column_inner][vc_column_inner width=&#8221;1\/3&#8243;]<div class=\"iconbox  wpb_content_element iconbox-style-2 icon-color-greyscale color-dark clearfix\"><div class=\"iconbox-icon\"><img src='https:\/\/www.ionisos.com\/wp-content\/uploads\/2024\/01\/quality.png' class='iconimg' alt='Sotsiaalne' \/><\/div><div class=\"iconbox-content\"><h3>Sotsiaalne<\/h3><p>J\u00e4tkusuutlik areng ei puuduta ainult keskkonnakaitset v\u00f5i kestvate partnerluste s\u00e4ilitamist, vaid sama palju ka inimesi.<\/p>\n<p>T\u00f5epoolest, just inimesed osutavad teenuseid meie klientidele ja loovad seel\u00e4bi v\u00e4\u00e4rtust. Seet\u00f5ttu on \u00fcheks grupi prioriteediks v\u00f5tta k\u00f5ik vajalikud meetmed, et t\u00f6\u00f6tajad saaksid oma panuse anda, avaldada m\u00f5ju, areneda ja end t\u00f6\u00f6l h\u00e4sti tunda.<\/p><\/div><\/div>[\/vc_column_inner][vc_column_inner width=&#8221;1\/3&#8243;]<div class=\"iconbox  wpb_content_element iconbox-style-2 icon-color-greyscale color-dark clearfix\"><div class=\"iconbox-icon\"><img src='https:\/\/www.ionisos.com\/wp-content\/uploads\/2024\/01\/planet-earth.png' class='iconimg' alt='Keskkond' \/><\/div><div class=\"iconbox-content\"><h3>Keskkond<\/h3><p>Me pingutame pidevalt, et v\u00e4hendada meie keskkonnam\u00f5ju. Olgu see siis meie rajatiste energiat\u00f5hususe parandamine v\u00f5i igap\u00e4evaste harjumuste muutmine, me arvestame oma m\u00f5ju eluts\u00fckli seisukohalt ning v\u00f5tame olulisi samme selle v\u00e4hendamiseks.<\/p><\/div><\/div>[\/vc_column_inner][\/vc_row_inner]<div class=\"spacer\" style=\"height: 40px;\"><\/div>[\/vc_column][\/vc_row][vc_row bg_color=&#8221;#0b2677&#8243; text_color=&#8221;light&#8221; text_align=&#8221;center&#8221; top_padding=&#8221;40&#8243; bottom_padding=&#8221;40&#8243;][vc_column width=&#8221;1\/2&#8243;]<div class=\"spacer\" style=\"height: 5px;\"><\/div>[vc_column_text]<\/p>\n<h3 style=\"text-align: left;\">Konsulteerige meie viimast j\u00e4tkusuutlikkuse aruannet<\/h3>\n<p>[\/vc_column_text][\/vc_column][vc_column width=&#8221;1\/4&#8243;]<a href=\"https:\/\/www.ionisos.com\/wp-content\/uploads\/2025\/09\/ET-Ionisos_2024_Sustainability_Report_250718_VF.pdf\" target=\"_self\" class=\"button color-8 large \" style=\"border-radius: 2px;\">J\u00e4tkusuutlikkuse aruanne 2024 (eesti keel)<\/a>[\/vc_column][vc_column width=&#8221;1\/4&#8243;]<a href=\"https:\/\/www.ionisos.com\/wp-content\/uploads\/2025\/08\/Ionisos_2024_Sustainability_Report.pdf\" target=\"_self\" class=\"button color-8 large \" style=\"border-radius: 2px;\">J\u00e4tkusuutlikkuse aruanne 2024 (inglise keel)<\/a>[\/vc_column][\/vc_row]<\/p>\n","protected":false},"excerpt":{"rendered":"<p>[vc_row bg_image=&#8221;24540&#8243; bg_repeat=&#8221;no-repeat&#8221; text_color=&#8221;light&#8221; text_align=&#8221;center&#8221; top_padding=&#8221;100&#8243; bottom_padding=&#8221;100&#8243;][vc_column width=&#8221;1\/1&#8243;][\/vc_column][\/vc_row][vc_row][vc_column width=&#8221;1\/1&#8243;][vc_column_text] Tugev j\u00e4tkusuutliku arengu poliitika Ionisos on Euroopa juhtiv meditsiiniseadmete steriliseerimise ettev\u00f5te, millel on 11 tipptasemel tehnoloogiaid \u2013 gammakiired, elektronkiired, et\u00fcleenoksiid ja peagi ka r\u00f6ntgenikiirgus \u2013 kasutavat tootmiskohta \u00fcle kogu Euroopa. Meie p\u00fchendumus j\u00e4tkusuutlikule arengule on meie tegevuse keskmes, eesm\u00e4rgiga kaitsta keskkonda ja elurikkust ning tagada meie t\u00f6\u00f6tajatele parimad t\u00f6\u00f6tingimused. Samuti osaleme pol\u00fcmeeride omaduste parandamiseks ristsidumise alases tegevuses, n\u00e4idates \u00fcles pidevat p\u00fchendumust innovatsioonile ja keskkonnateadlikkusele.[\/vc_column_text][vc_column_text] Ionisos on liitunud Science Based Targets Initiative (SBTI) algatusega ja on v\u00f5tnud kohustuseks v\u00e4hendada oma s\u00fcsinikuheidet 42% v\u00f5rra aastaks 2030 Liitudes selle algatusega, kohustume v\u00e4hendama oma kasvuhoonegaaside heitkoguseid 42% v\u00f5rra aastaks 2030 v\u00f5rreldes 2021. aasta tasemega, koosk\u00f5las Pariisi kokkuleppe eesm\u00e4rgiga piirata \u00fcleilmset soojenemist 1,5\u00b0C-ni. See kohustus on osa meie pidevast l\u00e4henemisest oma keskkonnam\u00f5ju v\u00e4hendamisele ja kestlikumate lahenduste pakkumisele oma klientidele ja partneritele. Usume, et t\u00f6\u00f6stusel on v\u00f5tmeroll \u00fcleminekul kestlikumale tulevikule. Seep\u00e4rast j\u00e4tkame investeerimist uuenduslikesse tehnoloogiatesse ja praktikatesse, et saavutada oma kliimaeesm\u00e4rgid. [\/vc_column_text][\/vc_column][\/vc_row][vc_row bg_color=&#8221;#f3f3f3&#8243;][vc_column width=&#8221;1\/1&#8243;][vc_row_inner][vc_column_inner width=&#8221;1\/3&#8243;][\/vc_column_inner][vc_column_inner width=&#8221;1\/3&#8243;][\/vc_column_inner][vc_column_inner width=&#8221;1\/3&#8243;][\/vc_column_inner][\/vc_row_inner][\/vc_column][\/vc_row][vc_row bg_color=&#8221;#0b2677&#8243; text_color=&#8221;light&#8221; text_align=&#8221;center&#8221; top_padding=&#8221;40&#8243; bottom_padding=&#8221;40&#8243;][vc_column width=&#8221;1\/2&#8243;][vc_column_text] Konsulteerige meie viimast j\u00e4tkusuutlikkuse aruannet [\/vc_column_text][\/vc_column][vc_column width=&#8221;1\/4&#8243;][\/vc_column][vc_column width=&#8221;1\/4&#8243;][\/vc_column][\/vc_row]<\/p>\n","protected":false},"author":1,"featured_media":0,"parent":0,"menu_order":0,"comment_status":"closed","ping_status":"open","template":"","meta":{"inline_featured_image":false,"footnotes":""},"class_list":["post-19165","page","type-page","status-publish","hentry"],"yoast_head":"<!-- This site is optimized with the Yoast SEO plugin v26.3 - https:\/\/yoast.com\/wordpress\/plugins\/seo\/ -->\n<title>IONISOS, meie kohustused<\/title>\n<meta name=\"description\" content=\"IONISOS, meie kohustused\" \/>\n<meta name=\"robots\" content=\"index, follow, max-snippet:-1, max-image-preview:large, max-video-preview:-1\" \/>\n<link rel=\"canonical\" href=\"https:\/\/www.ionisos.com\/et\/jatkusuutlikkus\/\" \/>\n<meta property=\"og:locale\" content=\"et_EE\" \/>\n<meta property=\"og:type\" content=\"article\" \/>\n<meta property=\"og:title\" content=\"IONISOS, meie kohustused\" \/>\n<meta property=\"og:description\" content=\"IONISOS, meie kohustused\" \/>\n<meta property=\"og:url\" content=\"https:\/\/www.ionisos.com\/et\/jatkusuutlikkus\/\" \/>\n<meta property=\"og:site_name\" content=\"Ionisos\" \/>\n<meta property=\"article:modified_time\" content=\"2025-10-09T14:38:33+00:00\" \/>\n<meta name=\"twitter:card\" content=\"summary_large_image\" \/>\n<meta name=\"twitter:label1\" content=\"Est. reading time\" \/>\n\t<meta name=\"twitter:data1\" content=\"3 minutit\" \/>\n<script type=\"application\/ld+json\" class=\"yoast-schema-graph\">{\"@context\":\"https:\/\/schema.org\",\"@graph\":[{\"@type\":\"WebPage\",\"@id\":\"https:\/\/www.ionisos.com\/et\/jatkusuutlikkus\/\",\"url\":\"https:\/\/www.ionisos.com\/et\/jatkusuutlikkus\/\",\"name\":\"IONISOS, meie kohustused\",\"isPartOf\":{\"@id\":\"https:\/\/www.ionisos.com\/#website\"},\"datePublished\":\"2025-04-23T08:19:30+00:00\",\"dateModified\":\"2025-10-09T14:38:33+00:00\",\"description\":\"IONISOS, meie kohustused\",\"breadcrumb\":{\"@id\":\"https:\/\/www.ionisos.com\/et\/jatkusuutlikkus\/#breadcrumb\"},\"inLanguage\":\"et\",\"potentialAction\":[{\"@type\":\"ReadAction\",\"target\":[\"https:\/\/www.ionisos.com\/et\/jatkusuutlikkus\/\"]}]},{\"@type\":\"BreadcrumbList\",\"@id\":\"https:\/\/www.ionisos.com\/et\/jatkusuutlikkus\/#breadcrumb\",\"itemListElement\":[{\"@type\":\"ListItem\",\"position\":1,\"name\":\"Accueil\",\"item\":\"https:\/\/www.ionisos.com\/et\/\"},{\"@type\":\"ListItem\",\"position\":2,\"name\":\"J\u00e4tkusuutlikkus\"}]},{\"@type\":\"WebSite\",\"@id\":\"https:\/\/www.ionisos.com\/#website\",\"url\":\"https:\/\/www.ionisos.com\/\",\"name\":\"Ionisos\",\"description\":\"Ionisation par \u00e9lectrons acc\u00e9l\u00e9r\u00e9s, rayons gamma, rayons X et oxyde d&#039;\u00e9thyl\u00e8ne\",\"potentialAction\":[{\"@type\":\"SearchAction\",\"target\":{\"@type\":\"EntryPoint\",\"urlTemplate\":\"https:\/\/www.ionisos.com\/?s={search_term_string}\"},\"query-input\":{\"@type\":\"PropertyValueSpecification\",\"valueRequired\":true,\"valueName\":\"search_term_string\"}}],\"inLanguage\":\"et\"}]}<\/script>\n<!-- \/ Yoast SEO plugin. -->","yoast_head_json":{"title":"IONISOS, meie kohustused","description":"IONISOS, meie kohustused","robots":{"index":"index","follow":"follow","max-snippet":"max-snippet:-1","max-image-preview":"max-image-preview:large","max-video-preview":"max-video-preview:-1"},"canonical":"https:\/\/www.ionisos.com\/et\/jatkusuutlikkus\/","og_locale":"et_EE","og_type":"article","og_title":"IONISOS, meie kohustused","og_description":"IONISOS, meie kohustused","og_url":"https:\/\/www.ionisos.com\/et\/jatkusuutlikkus\/","og_site_name":"Ionisos","article_modified_time":"2025-10-09T14:38:33+00:00","twitter_card":"summary_large_image","twitter_misc":{"Est. reading time":"3 minutit"},"schema":{"@context":"https:\/\/schema.org","@graph":[{"@type":"WebPage","@id":"https:\/\/www.ionisos.com\/et\/jatkusuutlikkus\/","url":"https:\/\/www.ionisos.com\/et\/jatkusuutlikkus\/","name":"IONISOS, meie kohustused","isPartOf":{"@id":"https:\/\/www.ionisos.com\/#website"},"datePublished":"2025-04-23T08:19:30+00:00","dateModified":"2025-10-09T14:38:33+00:00","description":"IONISOS, meie kohustused","breadcrumb":{"@id":"https:\/\/www.ionisos.com\/et\/jatkusuutlikkus\/#breadcrumb"},"inLanguage":"et","potentialAction":[{"@type":"ReadAction","target":["https:\/\/www.ionisos.com\/et\/jatkusuutlikkus\/"]}]},{"@type":"BreadcrumbList","@id":"https:\/\/www.ionisos.com\/et\/jatkusuutlikkus\/#breadcrumb","itemListElement":[{"@type":"ListItem","position":1,"name":"Accueil","item":"https:\/\/www.ionisos.com\/et\/"},{"@type":"ListItem","position":2,"name":"J\u00e4tkusuutlikkus"}]},{"@type":"WebSite","@id":"https:\/\/www.ionisos.com\/#website","url":"https:\/\/www.ionisos.com\/","name":"Ionisos","description":"Ionisation par \u00e9lectrons acc\u00e9l\u00e9r\u00e9s, rayons gamma, rayons X et oxyde d&#039;\u00e9thyl\u00e8ne","potentialAction":[{"@type":"SearchAction","target":{"@type":"EntryPoint","urlTemplate":"https:\/\/www.ionisos.com\/?s={search_term_string}"},"query-input":{"@type":"PropertyValueSpecification","valueRequired":true,"valueName":"search_term_string"}}],"inLanguage":"et"}]}},"_links":{"self":[{"href":"https:\/\/www.ionisos.com\/et\/wp-json\/wp\/v2\/pages\/19165","targetHints":{"allow":["GET"]}}],"collection":[{"href":"https:\/\/www.ionisos.com\/et\/wp-json\/wp\/v2\/pages"}],"about":[{"href":"https:\/\/www.ionisos.com\/et\/wp-json\/wp\/v2\/types\/page"}],"author":[{"embeddable":true,"href":"https:\/\/www.ionisos.com\/et\/wp-json\/wp\/v2\/users\/1"}],"replies":[{"embeddable":true,"href":"https:\/\/www.ionisos.com\/et\/wp-json\/wp\/v2\/comments?post=19165"}],"version-history":[{"count":7,"href":"https:\/\/www.ionisos.com\/et\/wp-json\/wp\/v2\/pages\/19165\/revisions"}],"predecessor-version":[{"id":27393,"href":"https:\/\/www.ionisos.com\/et\/wp-json\/wp\/v2\/pages\/19165\/revisions\/27393"}],"wp:attachment":[{"href":"https:\/\/www.ionisos.com\/et\/wp-json\/wp\/v2\/media?parent=19165"}],"curies":[{"name":"wp","href":"https:\/\/api.w.org\/{rel}","templated":true}]}}