 {"id":17099,"date":"2017-11-14T17:13:27","date_gmt":"2017-11-14T16:13:27","guid":{"rendered":"https:\/\/www.ionisos.com\/?page_id=17099"},"modified":"2017-11-20T16:21:37","modified_gmt":"2017-11-20T15:21:37","slug":"kiirgusvananemine","status":"publish","type":"page","link":"https:\/\/www.ionisos.com\/et\/grupp\/uurimis-ja-arendustegevus\/kiirgusvananemine\/","title":{"rendered":"Kiirgusvananemine"},"content":{"rendered":"<p>[vc_row type=&#8221;full_width_section&#8221; bg_image=&#8221;16936&#8243; bg_repeat=&#8221;no-repeat&#8221; text_color=&#8221;light&#8221; text_align=&#8221;center&#8221; top_padding=&#8221;100&#8243; bottom_padding=&#8221;100&#8243;][vc_column width=&#8221;1\/1&#8243;]<h1 class=\"headline font-special fontsize-xxxl fontweight-inherit lh-inherit align-center transform-uppercase \" style=\"margin: 0;\">Kiirgusvananemine<strong><\/h1>[\/vc_column][\/vc_row][vc_row][vc_column width=&#8221;1\/1&#8243;]<div class=\"spacer\" style=\"height: 40px;\"><\/div>[\/vc_column][\/vc_row][vc_row][vc_column width=&#8221;1\/2&#8243;][vc_column_text]Doosi m\u00f5ju: erinevaid annuse v\u00e4\u00e4rtusi saab testida ja\/v\u00f5i suurendada[\/vc_column_text]<a href=\"https:\/\/www.ionisos.com\/wp-content\/uploads\/2017\/09\/Agre\u0301ment-Ionisos-CIR-2015-2016-2017-1.pdf\" target=\"_blank\" class=\"button color-2 small \" style=\"border-radius: 2px;\">Teadusuuringute maksukrediit (CIR)<\/a>[\/vc_column][vc_column width=&#8221;1\/2&#8243;][vc_column_text]Doosikiiruse m\u00f5ju: tooted v\u00f5ivad kokku puutuda erinevate doosikiiruse tasemetega<br \/>\n[\/vc_column_text]<a href=\"https:\/\/indico.cern.ch\/event\/70039\/contributions\/1236236\/subcontributions\/111048\/attachments\/1030524\/1467591\/S_ROUIF_Modes_expo_Ionisos.pdf\" target=\"_blank\" class=\"button color-2 small \" style=\"border-radius: 2px;\">Kokkupuute re\u017eiim kiirguse all <\/a><a href=\"https:\/\/www.ionisos.com\/wp-content\/uploads\/2017\/09\/irradiation-facilities-web-cern-ch-3.pdf\" target=\"_blank\" class=\"button color-2 small \" style=\"border-radius: 2px;\">Ionisose kiiritusseadme omadused (\u00fcles loetletud CERNi poolt)<\/a>[\/vc_column][\/vc_row][vc_row][vc_column][vc_column_text]<\/strong>[\/vc_column_text][\/vc_column][\/vc_row]]<\/p>\n","protected":false},"excerpt":{"rendered":"<p>[vc_row type=&#8221;full_width_section&#8221; bg_image=&#8221;16936&#8243; bg_repeat=&#8221;no-repeat&#8221; text_color=&#8221;light&#8221; text_align=&#8221;center&#8221; top_padding=&#8221;100&#8243; bottom_padding=&#8221;100&#8243;][vc_column width=&#8221;1\/1&#8243;][\/vc_column][\/vc_row][vc_row][vc_column width=&#8221;1\/1&#8243;][\/vc_column][\/vc_row][vc_row][vc_column width=&#8221;1\/2&#8243;][vc_column_text]Doosi m\u00f5ju: erinevaid annuse v\u00e4\u00e4rtusi saab testida ja\/v\u00f5i suurendada[\/vc_column_text][\/vc_column][vc_column width=&#8221;1\/2&#8243;][vc_column_text]Doosikiiruse m\u00f5ju: tooted v\u00f5ivad kokku puutuda erinevate doosikiiruse tasemetega [\/vc_column_text][\/vc_column][\/vc_row][vc_row][vc_column][vc_column_text][\/vc_column_text][\/vc_column][\/vc_row]]<\/p>\n","protected":false},"author":1,"featured_media":0,"parent":17046,"menu_order":0,"comment_status":"closed","ping_status":"closed","template":"","meta":{"inline_featured_image":false,"footnotes":""},"class_list":["post-17099","page","type-page","status-publish","hentry"],"yoast_head":"<!-- This site is optimized with the Yoast SEO plugin v26.3 - https:\/\/yoast.com\/wordpress\/plugins\/seo\/ -->\n<title>Kiirgusvananemine - Ionisos<\/title>\n<meta name=\"robots\" content=\"index, follow, max-snippet:-1, max-image-preview:large, max-video-preview:-1\" \/>\n<link rel=\"canonical\" href=\"https:\/\/www.ionisos.com\/et\/grupp\/uurimis-ja-arendustegevus\/kiirgusvananemine\/\" \/>\n<meta property=\"og:locale\" content=\"et_EE\" \/>\n<meta property=\"og:type\" content=\"article\" \/>\n<meta property=\"og:title\" content=\"Kiirgusvananemine - Ionisos\" \/>\n<meta property=\"og:description\" content=\"[vc_row type=&#8221;full_width_section&#8221; bg_image=&#8221;16936&#8243; bg_repeat=&#8221;no-repeat&#8221; text_color=&#8221;light&#8221; text_align=&#8221;center&#8221; top_padding=&#8221;100&#8243; bottom_padding=&#8221;100&#8243;][vc_column width=&#8221;1\/1&#8243;][\/vc_column][\/vc_row][vc_row][vc_column width=&#8221;1\/1&#8243;][\/vc_column][\/vc_row][vc_row][vc_column width=&#8221;1\/2&#8243;][vc_column_text]Doosi m\u00f5ju: erinevaid annuse v\u00e4\u00e4rtusi saab testida ja\/v\u00f5i suurendada[\/vc_column_text][\/vc_column][vc_column width=&#8221;1\/2&#8243;][vc_column_text]Doosikiiruse m\u00f5ju: tooted v\u00f5ivad kokku puutuda erinevate doosikiiruse tasemetega [\/vc_column_text][\/vc_column][\/vc_row][vc_row][vc_column][vc_column_text][\/vc_column_text][\/vc_column][\/vc_row]]\" \/>\n<meta property=\"og:url\" content=\"https:\/\/www.ionisos.com\/et\/grupp\/uurimis-ja-arendustegevus\/kiirgusvananemine\/\" \/>\n<meta property=\"og:site_name\" content=\"Ionisos\" \/>\n<meta property=\"article:modified_time\" content=\"2017-11-20T15:21:37+00:00\" \/>\n<meta name=\"twitter:card\" content=\"summary_large_image\" \/>\n<meta name=\"twitter:label1\" content=\"Est. reading time\" \/>\n\t<meta name=\"twitter:data1\" content=\"1 minut\" \/>\n<script type=\"application\/ld+json\" class=\"yoast-schema-graph\">{\"@context\":\"https:\/\/schema.org\",\"@graph\":[{\"@type\":\"WebPage\",\"@id\":\"https:\/\/www.ionisos.com\/et\/grupp\/uurimis-ja-arendustegevus\/kiirgusvananemine\/\",\"url\":\"https:\/\/www.ionisos.com\/et\/grupp\/uurimis-ja-arendustegevus\/kiirgusvananemine\/\",\"name\":\"Kiirgusvananemine - Ionisos\",\"isPartOf\":{\"@id\":\"https:\/\/www.ionisos.com\/#website\"},\"datePublished\":\"2017-11-14T16:13:27+00:00\",\"dateModified\":\"2017-11-20T15:21:37+00:00\",\"breadcrumb\":{\"@id\":\"https:\/\/www.ionisos.com\/et\/grupp\/uurimis-ja-arendustegevus\/kiirgusvananemine\/#breadcrumb\"},\"inLanguage\":\"et\",\"potentialAction\":[{\"@type\":\"ReadAction\",\"target\":[\"https:\/\/www.ionisos.com\/et\/grupp\/uurimis-ja-arendustegevus\/kiirgusvananemine\/\"]}]},{\"@type\":\"BreadcrumbList\",\"@id\":\"https:\/\/www.ionisos.com\/et\/grupp\/uurimis-ja-arendustegevus\/kiirgusvananemine\/#breadcrumb\",\"itemListElement\":[{\"@type\":\"ListItem\",\"position\":1,\"name\":\"Accueil\",\"item\":\"https:\/\/www.ionisos.com\/et\/\"},{\"@type\":\"ListItem\",\"position\":2,\"name\":\"Ionisos\",\"item\":\"https:\/\/www.ionisos.com\/et\/grupp\/\"},{\"@type\":\"ListItem\",\"position\":3,\"name\":\"Uurimis- ja arendustegevus\",\"item\":\"https:\/\/www.ionisos.com\/et\/grupp\/uurimis-ja-arendustegevus\/\"},{\"@type\":\"ListItem\",\"position\":4,\"name\":\"Kiirgusvananemine\"}]},{\"@type\":\"WebSite\",\"@id\":\"https:\/\/www.ionisos.com\/#website\",\"url\":\"https:\/\/www.ionisos.com\/\",\"name\":\"Ionisos\",\"description\":\"Ionisation par \u00e9lectrons acc\u00e9l\u00e9r\u00e9s, rayons gamma, rayons X et oxyde d&#039;\u00e9thyl\u00e8ne\",\"potentialAction\":[{\"@type\":\"SearchAction\",\"target\":{\"@type\":\"EntryPoint\",\"urlTemplate\":\"https:\/\/www.ionisos.com\/?s={search_term_string}\"},\"query-input\":{\"@type\":\"PropertyValueSpecification\",\"valueRequired\":true,\"valueName\":\"search_term_string\"}}],\"inLanguage\":\"et\"}]}<\/script>\n<!-- \/ Yoast SEO plugin. -->","yoast_head_json":{"title":"Kiirgusvananemine - Ionisos","robots":{"index":"index","follow":"follow","max-snippet":"max-snippet:-1","max-image-preview":"max-image-preview:large","max-video-preview":"max-video-preview:-1"},"canonical":"https:\/\/www.ionisos.com\/et\/grupp\/uurimis-ja-arendustegevus\/kiirgusvananemine\/","og_locale":"et_EE","og_type":"article","og_title":"Kiirgusvananemine - Ionisos","og_description":"[vc_row type=&#8221;full_width_section&#8221; bg_image=&#8221;16936&#8243; bg_repeat=&#8221;no-repeat&#8221; text_color=&#8221;light&#8221; text_align=&#8221;center&#8221; top_padding=&#8221;100&#8243; bottom_padding=&#8221;100&#8243;][vc_column width=&#8221;1\/1&#8243;][\/vc_column][\/vc_row][vc_row][vc_column width=&#8221;1\/1&#8243;][\/vc_column][\/vc_row][vc_row][vc_column width=&#8221;1\/2&#8243;][vc_column_text]Doosi m\u00f5ju: erinevaid annuse v\u00e4\u00e4rtusi saab testida ja\/v\u00f5i suurendada[\/vc_column_text][\/vc_column][vc_column width=&#8221;1\/2&#8243;][vc_column_text]Doosikiiruse m\u00f5ju: tooted v\u00f5ivad kokku puutuda erinevate doosikiiruse tasemetega [\/vc_column_text][\/vc_column][\/vc_row][vc_row][vc_column][vc_column_text][\/vc_column_text][\/vc_column][\/vc_row]]","og_url":"https:\/\/www.ionisos.com\/et\/grupp\/uurimis-ja-arendustegevus\/kiirgusvananemine\/","og_site_name":"Ionisos","article_modified_time":"2017-11-20T15:21:37+00:00","twitter_card":"summary_large_image","twitter_misc":{"Est. reading time":"1 minut"},"schema":{"@context":"https:\/\/schema.org","@graph":[{"@type":"WebPage","@id":"https:\/\/www.ionisos.com\/et\/grupp\/uurimis-ja-arendustegevus\/kiirgusvananemine\/","url":"https:\/\/www.ionisos.com\/et\/grupp\/uurimis-ja-arendustegevus\/kiirgusvananemine\/","name":"Kiirgusvananemine - Ionisos","isPartOf":{"@id":"https:\/\/www.ionisos.com\/#website"},"datePublished":"2017-11-14T16:13:27+00:00","dateModified":"2017-11-20T15:21:37+00:00","breadcrumb":{"@id":"https:\/\/www.ionisos.com\/et\/grupp\/uurimis-ja-arendustegevus\/kiirgusvananemine\/#breadcrumb"},"inLanguage":"et","potentialAction":[{"@type":"ReadAction","target":["https:\/\/www.ionisos.com\/et\/grupp\/uurimis-ja-arendustegevus\/kiirgusvananemine\/"]}]},{"@type":"BreadcrumbList","@id":"https:\/\/www.ionisos.com\/et\/grupp\/uurimis-ja-arendustegevus\/kiirgusvananemine\/#breadcrumb","itemListElement":[{"@type":"ListItem","position":1,"name":"Accueil","item":"https:\/\/www.ionisos.com\/et\/"},{"@type":"ListItem","position":2,"name":"Ionisos","item":"https:\/\/www.ionisos.com\/et\/grupp\/"},{"@type":"ListItem","position":3,"name":"Uurimis- ja arendustegevus","item":"https:\/\/www.ionisos.com\/et\/grupp\/uurimis-ja-arendustegevus\/"},{"@type":"ListItem","position":4,"name":"Kiirgusvananemine"}]},{"@type":"WebSite","@id":"https:\/\/www.ionisos.com\/#website","url":"https:\/\/www.ionisos.com\/","name":"Ionisos","description":"Ionisation par \u00e9lectrons acc\u00e9l\u00e9r\u00e9s, rayons gamma, rayons X et oxyde d&#039;\u00e9thyl\u00e8ne","potentialAction":[{"@type":"SearchAction","target":{"@type":"EntryPoint","urlTemplate":"https:\/\/www.ionisos.com\/?s={search_term_string}"},"query-input":{"@type":"PropertyValueSpecification","valueRequired":true,"valueName":"search_term_string"}}],"inLanguage":"et"}]}},"_links":{"self":[{"href":"https:\/\/www.ionisos.com\/et\/wp-json\/wp\/v2\/pages\/17099","targetHints":{"allow":["GET"]}}],"collection":[{"href":"https:\/\/www.ionisos.com\/et\/wp-json\/wp\/v2\/pages"}],"about":[{"href":"https:\/\/www.ionisos.com\/et\/wp-json\/wp\/v2\/types\/page"}],"author":[{"embeddable":true,"href":"https:\/\/www.ionisos.com\/et\/wp-json\/wp\/v2\/users\/1"}],"replies":[{"embeddable":true,"href":"https:\/\/www.ionisos.com\/et\/wp-json\/wp\/v2\/comments?post=17099"}],"version-history":[{"count":1,"href":"https:\/\/www.ionisos.com\/et\/wp-json\/wp\/v2\/pages\/17099\/revisions"}],"predecessor-version":[{"id":17100,"href":"https:\/\/www.ionisos.com\/et\/wp-json\/wp\/v2\/pages\/17099\/revisions\/17100"}],"up":[{"embeddable":true,"href":"https:\/\/www.ionisos.com\/et\/wp-json\/wp\/v2\/pages\/17046"}],"wp:attachment":[{"href":"https:\/\/www.ionisos.com\/et\/wp-json\/wp\/v2\/media?parent=17099"}],"curies":[{"name":"wp","href":"https:\/\/api.w.org\/{rel}","templated":true}]}}