 {"id":17097,"date":"2017-11-14T17:12:48","date_gmt":"2017-11-14T16:12:48","guid":{"rendered":"https:\/\/www.ionisos.com\/?page_id=17097"},"modified":"2017-11-20T16:47:27","modified_gmt":"2017-11-20T15:47:27","slug":"kiirguskeemia","status":"publish","type":"page","link":"https:\/\/www.ionisos.com\/et\/grupp\/uurimis-ja-arendustegevus\/kiirguskeemia\/","title":{"rendered":"Kiirguskeemia"},"content":{"rendered":"<p>[vc_row type=&#8221;full_width_section&#8221; bg_image=&#8221;16934&#8243; bg_repeat=&#8221;no-repeat&#8221; text_color=&#8221;light&#8221; text_align=&#8221;center&#8221; top_padding=&#8221;100&#8243; bottom_padding=&#8221;100&#8243;][vc_column width=&#8221;1\/1&#8243;]<h1 class=\"headline font-special fontsize-xxxl fontweight-inherit lh-inherit align-center transform-uppercase \" style=\"margin: 0;\"><strong>Kiirguskeemia<strong><\/h1>[\/vc_column][\/vc_row][vc_row][vc_column width=&#8221;1\/1&#8243;]<div class=\"spacer\" style=\"height: 40px;\"><\/div>[\/vc_column][\/vc_row][vc_row][vc_column width=&#8221;1\/4&#8243;]<div class=\"flexslider wpb_content_element\"><ul class=\"slides\"><li><img decoding=\"async\" src=\"https:\/\/www.ionisos.com\/wp-content\/uploads\/2017\/09\/unnamed.gif\" alt=\"\" \/><\/li><li><img decoding=\"async\" src=\"https:\/\/www.ionisos.com\/wp-content\/uploads\/2017\/09\/unnamed-1.gif\" alt=\"\" \/><\/li><\/ul><\/div>[\/vc_column][vc_column width=&#8221;3\/4&#8243;][vc_tta_accordion][vc_tta_section title=&#8221;Pol\u00fcmerisatsioon&#8221; tab_id=&#8221;1505383076365-0bed47fa-26fb&#8221;][vc_column_text]Pol\u00fcmerisatsioon v\u00f5imaldab k\u00f5vastamist v\u00f5i ristsidumist tiheda pol\u00fcmeervaikude kolmem\u00f5\u00f5tmelise v\u00f5rgustiku j\u00e4rgi, mis on ette n\u00e4htud komposiitosade v\u00f5i parkettide valmistamiseks v\u00f5i p\u00e4randobjektide taastamiseks. <strong> Asjaomased sektorid<\/strong><strong>:<\/strong> komposiidid, aeronautika-kosmoset\u00f6\u00f6stus, puit, restaureerimine. <strong>Rakenduste n\u00e4ited<\/strong><strong>:<\/strong> Komposiitkestad ja -paagid, parkettp\u00f5randad jne. [\/vc_column_text][\/vc_tta_section][vc_tta_section title=&#8221;Ristsidumine &#8221; tab_id=&#8221;1505383059304-b1d05335-a5af&#8221;][vc_column_text]Ristsidumine v\u00f5imaldab termoplastilist t\u00fc\u00fcpi pol\u00fcmeeris luua kolmem\u00f5\u00f5tmelise v\u00f5rgustiku, mis ei ole nii tihe kui termo-v\u00f5i kiirgusk\u00f5veneva pol\u00fcmeeri oma, kuid plastmaterjali omaduste parandamiseks piisav <strong>Asjaomased valdkonnad<\/strong><strong>:<\/strong> elektrotehnika, autot\u00f6\u00f6stus, torud, kaablid, pakendid, t\u00f6\u00f6stus \u00fcldiselt<strong> Rakenduste n\u00e4ited:<\/strong><\/strong><\/strong><\/p>\n<ul>\n<li>ristseotud pol\u00fcamiidist (PA) elektrilised osad, mis asendavad termok\u00f5venevaid vaike: ristsidumine annab PA-le vajaliku vastupanu elektrikaartele ja selle tootmissagedus on suurem kui PA-l<\/li>\n<li>mootori kapoti all olevad \u00f5hukanalid, kinnitusdetailid<\/li>\n<li>keemilise vastupidavusega ja parendatud takistusomadustega pakendid<\/li>\n<li>ristseotud pol\u00fcet\u00fcleentorud (PER C) p\u00f5randak\u00fctte ja koduse vees\u00fcsteemi jaoks<\/li>\n<li>ristseotud PE kestaga kaabel, millel on t\u00e4iustatud keemiline, termiline ja tulekindlus<\/li>\n<li>ristseotud h\u00fcdrogeel luuasendajate v\u00f5i t\u00e4iteainete valmistamiseks<\/li>\n<\/ul>\n<p>[\/vc_column_text][\/vc_tta_section][vc_tta_section title=&#8221;Pookimine&#8221; tab_id=&#8221;1505383059323-bc266715-ea46&#8243;][vc_column_text]Pookimine v\u00f5imaldab substraadi funktsionaliseerimist v\u00e4hemalt \u00fchest bifunktsionaalsest molekulist, kusjuures \u00fcks funktsioonidest on see, mida sellele soovitakse anda, ja teine v\u00f5imaldab substraadile kinnitamist. [insaturation de type fonction m\u00e9thacryliique ou vinylique donnant une r\u00e9action covalente (permanente) d&#8217;addition par mode radicalaire] <strong>Asjaomased valdkonnad:<\/strong>tekstiilid, komposiidid, keemia ja pol\u00fcmeerid. <strong>N\u00e4ited rakenduste kohta:<\/strong><\/p>\n<ul>\n<li>h\u00fcdrofoobne vaik, mis on poogitud liimkatte h\u00fcdrofiilsesse molekuli<\/li>\n<li>tuleaeglusteid sisaldav linane kangas<\/li>\n<\/ul>\n<p>[\/vc_column_text][\/vc_tta_section][\/vc_tta_accordion][\/vc_column][\/vc_row][vc_row][vc_column width=&#8221;1\/1&#8243;]<div class=\"spacer\" style=\"height: 40px;\"><\/div>[\/vc_column][\/vc_row][vc_row][vc_column width=&#8221;1\/2&#8243;][vc_column_text]<\/p>\n<p style=\"text-align: left;\">Ionisos pakub testimisteenuseid oma klientidele, kes soovivad seda tehnoloogiat kasutada<\/p>\n<p>[\/vc_column_text]<a href=\"https:\/\/www.ionisos.com\/wp-content\/uploads\/2017\/09\/Agre%CC%81ment-Ionisos-CIR-2015-2016-2017-1.pdf\" target=\"_blank\" class=\"button color-2 small \" style=\"border-radius: 2px;\">Teadusuuringute maksukrediit (CIR)<\/a>[\/vc_column][vc_column width=&#8221;1\/2&#8243;][vc_column_text]Ionisos arendab oma teadmisi selles tehnoloogias, viies l\u00e4bi isiklikke projekte ja tehes koost\u00f6\u00f6d instituutide, laborite v\u00f5i uurimiskeskustega. [\/vc_column_text]<a href=\"https:\/\/www.researchgate.net\/profile\/Sophie_Rouif\/publications\" target=\"_blank\" class=\"button color-2 small \" style=\"border-radius: 2px;\">Teaduslikud v\u00e4ljaanded<\/a><a href=\"http:\/\/\" target=\"_self\" class=\"button color-2 small \" style=\"border-radius: 2px;\"> BIONICOMP projekt (DGCIS link tulekul)<\/a>[\/vc_column][\/vc_row][vc_row][vc_column width=&#8221;1\/1&#8243;]<div class=\"spacer\" style=\"height: 40px;\"><\/div>[\/vc_column][\/vc_row]<\/p>\n","protected":false},"excerpt":{"rendered":"<p>[vc_row type=&#8221;full_width_section&#8221; bg_image=&#8221;16934&#8243; bg_repeat=&#8221;no-repeat&#8221; text_color=&#8221;light&#8221; text_align=&#8221;center&#8221; top_padding=&#8221;100&#8243; bottom_padding=&#8221;100&#8243;][vc_column width=&#8221;1\/1&#8243;][\/vc_column][\/vc_row][vc_row][vc_column width=&#8221;1\/1&#8243;][\/vc_column][\/vc_row][vc_row][vc_column width=&#8221;1\/4&#8243;][\/vc_column][vc_column width=&#8221;3\/4&#8243;][vc_tta_accordion][vc_tta_section title=&#8221;Pol\u00fcmerisatsioon&#8221; tab_id=&#8221;1505383076365-0bed47fa-26fb&#8221;][vc_column_text]Pol\u00fcmerisatsioon v\u00f5imaldab k\u00f5vastamist v\u00f5i ristsidumist tiheda pol\u00fcmeervaikude kolmem\u00f5\u00f5tmelise v\u00f5rgustiku j\u00e4rgi, mis on ette n\u00e4htud komposiitosade v\u00f5i parkettide valmistamiseks v\u00f5i p\u00e4randobjektide taastamiseks. Asjaomased sektorid: komposiidid, aeronautika-kosmoset\u00f6\u00f6stus, puit, restaureerimine. Rakenduste n\u00e4ited: Komposiitkestad ja -paagid, parkettp\u00f5randad jne. [\/vc_column_text][\/vc_tta_section][vc_tta_section title=&#8221;Ristsidumine &#8221; tab_id=&#8221;1505383059304-b1d05335-a5af&#8221;][vc_column_text]Ristsidumine v\u00f5imaldab termoplastilist t\u00fc\u00fcpi pol\u00fcmeeris luua kolmem\u00f5\u00f5tmelise v\u00f5rgustiku, mis ei ole nii tihe kui termo-v\u00f5i kiirgusk\u00f5veneva pol\u00fcmeeri oma, kuid plastmaterjali omaduste parandamiseks piisav Asjaomased valdkonnad: elektrotehnika, autot\u00f6\u00f6stus, torud, kaablid, pakendid, t\u00f6\u00f6stus \u00fcldiselt Rakenduste n\u00e4ited: ristseotud pol\u00fcamiidist (PA) elektrilised osad, mis asendavad termok\u00f5venevaid vaike: ristsidumine annab PA-le vajaliku vastupanu elektrikaartele ja selle tootmissagedus on suurem kui PA-l mootori kapoti all olevad \u00f5hukanalid, kinnitusdetailid keemilise vastupidavusega ja parendatud takistusomadustega pakendid ristseotud pol\u00fcet\u00fcleentorud (PER C) p\u00f5randak\u00fctte ja koduse vees\u00fcsteemi jaoks ristseotud PE kestaga kaabel, millel on t\u00e4iustatud keemiline, termiline ja tulekindlus ristseotud h\u00fcdrogeel luuasendajate v\u00f5i t\u00e4iteainete valmistamiseks [\/vc_column_text][\/vc_tta_section][vc_tta_section title=&#8221;Pookimine&#8221; tab_id=&#8221;1505383059323-bc266715-ea46&#8243;][vc_column_text]Pookimine v\u00f5imaldab substraadi funktsionaliseerimist v\u00e4hemalt \u00fchest bifunktsionaalsest molekulist, kusjuures \u00fcks funktsioonidest on see, mida sellele soovitakse anda, ja teine v\u00f5imaldab substraadile kinnitamist. [insaturation de type fonction m\u00e9thacryliique ou vinylique donnant une r\u00e9action covalente (permanente) d&#8217;addition par mode radicalaire] Asjaomased valdkonnad:tekstiilid, komposiidid, keemia ja pol\u00fcmeerid. N\u00e4ited rakenduste kohta: h\u00fcdrofoobne vaik, mis on poogitud liimkatte h\u00fcdrofiilsesse [&hellip;]<\/p>\n","protected":false},"author":1,"featured_media":0,"parent":17046,"menu_order":0,"comment_status":"closed","ping_status":"closed","template":"","meta":{"inline_featured_image":false,"footnotes":""},"class_list":["post-17097","page","type-page","status-publish","hentry"],"yoast_head":"<!-- This site is optimized with the Yoast SEO plugin v26.3 - https:\/\/yoast.com\/wordpress\/plugins\/seo\/ -->\n<title>Kiirguskeemia - Ionisos<\/title>\n<meta name=\"robots\" content=\"index, follow, max-snippet:-1, max-image-preview:large, max-video-preview:-1\" \/>\n<link rel=\"canonical\" href=\"https:\/\/www.ionisos.com\/et\/grupp\/uurimis-ja-arendustegevus\/kiirguskeemia\/\" \/>\n<meta property=\"og:locale\" content=\"et_EE\" \/>\n<meta property=\"og:type\" content=\"article\" \/>\n<meta property=\"og:title\" content=\"Kiirguskeemia - Ionisos\" \/>\n<meta property=\"og:description\" content=\"[vc_row type=&#8221;full_width_section&#8221; bg_image=&#8221;16934&#8243; bg_repeat=&#8221;no-repeat&#8221; text_color=&#8221;light&#8221; text_align=&#8221;center&#8221; top_padding=&#8221;100&#8243; bottom_padding=&#8221;100&#8243;][vc_column width=&#8221;1\/1&#8243;][\/vc_column][\/vc_row][vc_row][vc_column width=&#8221;1\/1&#8243;][\/vc_column][\/vc_row][vc_row][vc_column width=&#8221;1\/4&#8243;][\/vc_column][vc_column width=&#8221;3\/4&#8243;][vc_tta_accordion][vc_tta_section title=&#8221;Pol\u00fcmerisatsioon&#8221; tab_id=&#8221;1505383076365-0bed47fa-26fb&#8221;][vc_column_text]Pol\u00fcmerisatsioon v\u00f5imaldab k\u00f5vastamist v\u00f5i ristsidumist tiheda pol\u00fcmeervaikude kolmem\u00f5\u00f5tmelise v\u00f5rgustiku j\u00e4rgi, mis on ette n\u00e4htud komposiitosade v\u00f5i parkettide valmistamiseks v\u00f5i p\u00e4randobjektide taastamiseks. Asjaomased sektorid: komposiidid, aeronautika-kosmoset\u00f6\u00f6stus, puit, restaureerimine. Rakenduste n\u00e4ited: Komposiitkestad ja -paagid, parkettp\u00f5randad jne. [\/vc_column_text][\/vc_tta_section][vc_tta_section title=&#8221;Ristsidumine &#8221; tab_id=&#8221;1505383059304-b1d05335-a5af&#8221;][vc_column_text]Ristsidumine v\u00f5imaldab termoplastilist t\u00fc\u00fcpi pol\u00fcmeeris luua kolmem\u00f5\u00f5tmelise v\u00f5rgustiku, mis ei ole nii tihe kui termo-v\u00f5i kiirgusk\u00f5veneva pol\u00fcmeeri oma, kuid plastmaterjali omaduste parandamiseks piisav Asjaomased valdkonnad: elektrotehnika, autot\u00f6\u00f6stus, torud, kaablid, pakendid, t\u00f6\u00f6stus \u00fcldiselt Rakenduste n\u00e4ited: ristseotud pol\u00fcamiidist (PA) elektrilised osad, mis asendavad termok\u00f5venevaid vaike: ristsidumine annab PA-le vajaliku vastupanu elektrikaartele ja selle tootmissagedus on suurem kui PA-l mootori kapoti all olevad \u00f5hukanalid, kinnitusdetailid keemilise vastupidavusega ja parendatud takistusomadustega pakendid ristseotud pol\u00fcet\u00fcleentorud (PER C) p\u00f5randak\u00fctte ja koduse vees\u00fcsteemi jaoks ristseotud PE kestaga kaabel, millel on t\u00e4iustatud keemiline, termiline ja tulekindlus ristseotud h\u00fcdrogeel luuasendajate v\u00f5i t\u00e4iteainete valmistamiseks [\/vc_column_text][\/vc_tta_section][vc_tta_section title=&#8221;Pookimine&#8221; tab_id=&#8221;1505383059323-bc266715-ea46&#8243;][vc_column_text]Pookimine v\u00f5imaldab substraadi funktsionaliseerimist v\u00e4hemalt \u00fchest bifunktsionaalsest molekulist, kusjuures \u00fcks funktsioonidest on see, mida sellele soovitakse anda, ja teine v\u00f5imaldab substraadile kinnitamist. [insaturation de type fonction m\u00e9thacryliique ou vinylique donnant une r\u00e9action covalente (permanente) d&#8217;addition par mode radicalaire] Asjaomased valdkonnad:tekstiilid, komposiidid, keemia ja pol\u00fcmeerid. N\u00e4ited rakenduste kohta: h\u00fcdrofoobne vaik, mis on poogitud liimkatte h\u00fcdrofiilsesse [&hellip;]\" \/>\n<meta property=\"og:url\" content=\"https:\/\/www.ionisos.com\/et\/grupp\/uurimis-ja-arendustegevus\/kiirguskeemia\/\" \/>\n<meta property=\"og:site_name\" content=\"Ionisos\" \/>\n<meta property=\"article:modified_time\" content=\"2017-11-20T15:47:27+00:00\" \/>\n<meta name=\"twitter:card\" content=\"summary_large_image\" \/>\n<meta name=\"twitter:label1\" content=\"Est. reading time\" \/>\n\t<meta name=\"twitter:data1\" content=\"3 minutit\" \/>\n<script type=\"application\/ld+json\" class=\"yoast-schema-graph\">{\"@context\":\"https:\/\/schema.org\",\"@graph\":[{\"@type\":\"WebPage\",\"@id\":\"https:\/\/www.ionisos.com\/et\/grupp\/uurimis-ja-arendustegevus\/kiirguskeemia\/\",\"url\":\"https:\/\/www.ionisos.com\/et\/grupp\/uurimis-ja-arendustegevus\/kiirguskeemia\/\",\"name\":\"Kiirguskeemia - Ionisos\",\"isPartOf\":{\"@id\":\"https:\/\/www.ionisos.com\/#website\"},\"datePublished\":\"2017-11-14T16:12:48+00:00\",\"dateModified\":\"2017-11-20T15:47:27+00:00\",\"breadcrumb\":{\"@id\":\"https:\/\/www.ionisos.com\/et\/grupp\/uurimis-ja-arendustegevus\/kiirguskeemia\/#breadcrumb\"},\"inLanguage\":\"et\",\"potentialAction\":[{\"@type\":\"ReadAction\",\"target\":[\"https:\/\/www.ionisos.com\/et\/grupp\/uurimis-ja-arendustegevus\/kiirguskeemia\/\"]}]},{\"@type\":\"BreadcrumbList\",\"@id\":\"https:\/\/www.ionisos.com\/et\/grupp\/uurimis-ja-arendustegevus\/kiirguskeemia\/#breadcrumb\",\"itemListElement\":[{\"@type\":\"ListItem\",\"position\":1,\"name\":\"Accueil\",\"item\":\"https:\/\/www.ionisos.com\/et\/\"},{\"@type\":\"ListItem\",\"position\":2,\"name\":\"Ionisos\",\"item\":\"https:\/\/www.ionisos.com\/et\/grupp\/\"},{\"@type\":\"ListItem\",\"position\":3,\"name\":\"Uurimis- ja arendustegevus\",\"item\":\"https:\/\/www.ionisos.com\/et\/grupp\/uurimis-ja-arendustegevus\/\"},{\"@type\":\"ListItem\",\"position\":4,\"name\":\"Kiirguskeemia\"}]},{\"@type\":\"WebSite\",\"@id\":\"https:\/\/www.ionisos.com\/#website\",\"url\":\"https:\/\/www.ionisos.com\/\",\"name\":\"Ionisos\",\"description\":\"Ionisation par \u00e9lectrons acc\u00e9l\u00e9r\u00e9s, rayons gamma, rayons X et oxyde d&#039;\u00e9thyl\u00e8ne\",\"potentialAction\":[{\"@type\":\"SearchAction\",\"target\":{\"@type\":\"EntryPoint\",\"urlTemplate\":\"https:\/\/www.ionisos.com\/?s={search_term_string}\"},\"query-input\":{\"@type\":\"PropertyValueSpecification\",\"valueRequired\":true,\"valueName\":\"search_term_string\"}}],\"inLanguage\":\"et\"}]}<\/script>\n<!-- \/ Yoast SEO plugin. -->","yoast_head_json":{"title":"Kiirguskeemia - Ionisos","robots":{"index":"index","follow":"follow","max-snippet":"max-snippet:-1","max-image-preview":"max-image-preview:large","max-video-preview":"max-video-preview:-1"},"canonical":"https:\/\/www.ionisos.com\/et\/grupp\/uurimis-ja-arendustegevus\/kiirguskeemia\/","og_locale":"et_EE","og_type":"article","og_title":"Kiirguskeemia - Ionisos","og_description":"[vc_row type=&#8221;full_width_section&#8221; bg_image=&#8221;16934&#8243; bg_repeat=&#8221;no-repeat&#8221; text_color=&#8221;light&#8221; text_align=&#8221;center&#8221; top_padding=&#8221;100&#8243; bottom_padding=&#8221;100&#8243;][vc_column width=&#8221;1\/1&#8243;][\/vc_column][\/vc_row][vc_row][vc_column width=&#8221;1\/1&#8243;][\/vc_column][\/vc_row][vc_row][vc_column width=&#8221;1\/4&#8243;][\/vc_column][vc_column width=&#8221;3\/4&#8243;][vc_tta_accordion][vc_tta_section title=&#8221;Pol\u00fcmerisatsioon&#8221; tab_id=&#8221;1505383076365-0bed47fa-26fb&#8221;][vc_column_text]Pol\u00fcmerisatsioon v\u00f5imaldab k\u00f5vastamist v\u00f5i ristsidumist tiheda pol\u00fcmeervaikude kolmem\u00f5\u00f5tmelise v\u00f5rgustiku j\u00e4rgi, mis on ette n\u00e4htud komposiitosade v\u00f5i parkettide valmistamiseks v\u00f5i p\u00e4randobjektide taastamiseks. Asjaomased sektorid: komposiidid, aeronautika-kosmoset\u00f6\u00f6stus, puit, restaureerimine. Rakenduste n\u00e4ited: Komposiitkestad ja -paagid, parkettp\u00f5randad jne. [\/vc_column_text][\/vc_tta_section][vc_tta_section title=&#8221;Ristsidumine &#8221; tab_id=&#8221;1505383059304-b1d05335-a5af&#8221;][vc_column_text]Ristsidumine v\u00f5imaldab termoplastilist t\u00fc\u00fcpi pol\u00fcmeeris luua kolmem\u00f5\u00f5tmelise v\u00f5rgustiku, mis ei ole nii tihe kui termo-v\u00f5i kiirgusk\u00f5veneva pol\u00fcmeeri oma, kuid plastmaterjali omaduste parandamiseks piisav Asjaomased valdkonnad: elektrotehnika, autot\u00f6\u00f6stus, torud, kaablid, pakendid, t\u00f6\u00f6stus \u00fcldiselt Rakenduste n\u00e4ited: ristseotud pol\u00fcamiidist (PA) elektrilised osad, mis asendavad termok\u00f5venevaid vaike: ristsidumine annab PA-le vajaliku vastupanu elektrikaartele ja selle tootmissagedus on suurem kui PA-l mootori kapoti all olevad \u00f5hukanalid, kinnitusdetailid keemilise vastupidavusega ja parendatud takistusomadustega pakendid ristseotud pol\u00fcet\u00fcleentorud (PER C) p\u00f5randak\u00fctte ja koduse vees\u00fcsteemi jaoks ristseotud PE kestaga kaabel, millel on t\u00e4iustatud keemiline, termiline ja tulekindlus ristseotud h\u00fcdrogeel luuasendajate v\u00f5i t\u00e4iteainete valmistamiseks [\/vc_column_text][\/vc_tta_section][vc_tta_section title=&#8221;Pookimine&#8221; tab_id=&#8221;1505383059323-bc266715-ea46&#8243;][vc_column_text]Pookimine v\u00f5imaldab substraadi funktsionaliseerimist v\u00e4hemalt \u00fchest bifunktsionaalsest molekulist, kusjuures \u00fcks funktsioonidest on see, mida sellele soovitakse anda, ja teine v\u00f5imaldab substraadile kinnitamist. [insaturation de type fonction m\u00e9thacryliique ou vinylique donnant une r\u00e9action covalente (permanente) d&#8217;addition par mode radicalaire] Asjaomased valdkonnad:tekstiilid, komposiidid, keemia ja pol\u00fcmeerid. N\u00e4ited rakenduste kohta: h\u00fcdrofoobne vaik, mis on poogitud liimkatte h\u00fcdrofiilsesse [&hellip;]","og_url":"https:\/\/www.ionisos.com\/et\/grupp\/uurimis-ja-arendustegevus\/kiirguskeemia\/","og_site_name":"Ionisos","article_modified_time":"2017-11-20T15:47:27+00:00","twitter_card":"summary_large_image","twitter_misc":{"Est. reading time":"3 minutit"},"schema":{"@context":"https:\/\/schema.org","@graph":[{"@type":"WebPage","@id":"https:\/\/www.ionisos.com\/et\/grupp\/uurimis-ja-arendustegevus\/kiirguskeemia\/","url":"https:\/\/www.ionisos.com\/et\/grupp\/uurimis-ja-arendustegevus\/kiirguskeemia\/","name":"Kiirguskeemia - Ionisos","isPartOf":{"@id":"https:\/\/www.ionisos.com\/#website"},"datePublished":"2017-11-14T16:12:48+00:00","dateModified":"2017-11-20T15:47:27+00:00","breadcrumb":{"@id":"https:\/\/www.ionisos.com\/et\/grupp\/uurimis-ja-arendustegevus\/kiirguskeemia\/#breadcrumb"},"inLanguage":"et","potentialAction":[{"@type":"ReadAction","target":["https:\/\/www.ionisos.com\/et\/grupp\/uurimis-ja-arendustegevus\/kiirguskeemia\/"]}]},{"@type":"BreadcrumbList","@id":"https:\/\/www.ionisos.com\/et\/grupp\/uurimis-ja-arendustegevus\/kiirguskeemia\/#breadcrumb","itemListElement":[{"@type":"ListItem","position":1,"name":"Accueil","item":"https:\/\/www.ionisos.com\/et\/"},{"@type":"ListItem","position":2,"name":"Ionisos","item":"https:\/\/www.ionisos.com\/et\/grupp\/"},{"@type":"ListItem","position":3,"name":"Uurimis- ja arendustegevus","item":"https:\/\/www.ionisos.com\/et\/grupp\/uurimis-ja-arendustegevus\/"},{"@type":"ListItem","position":4,"name":"Kiirguskeemia"}]},{"@type":"WebSite","@id":"https:\/\/www.ionisos.com\/#website","url":"https:\/\/www.ionisos.com\/","name":"Ionisos","description":"Ionisation par \u00e9lectrons acc\u00e9l\u00e9r\u00e9s, rayons gamma, rayons X et oxyde d&#039;\u00e9thyl\u00e8ne","potentialAction":[{"@type":"SearchAction","target":{"@type":"EntryPoint","urlTemplate":"https:\/\/www.ionisos.com\/?s={search_term_string}"},"query-input":{"@type":"PropertyValueSpecification","valueRequired":true,"valueName":"search_term_string"}}],"inLanguage":"et"}]}},"_links":{"self":[{"href":"https:\/\/www.ionisos.com\/et\/wp-json\/wp\/v2\/pages\/17097","targetHints":{"allow":["GET"]}}],"collection":[{"href":"https:\/\/www.ionisos.com\/et\/wp-json\/wp\/v2\/pages"}],"about":[{"href":"https:\/\/www.ionisos.com\/et\/wp-json\/wp\/v2\/types\/page"}],"author":[{"embeddable":true,"href":"https:\/\/www.ionisos.com\/et\/wp-json\/wp\/v2\/users\/1"}],"replies":[{"embeddable":true,"href":"https:\/\/www.ionisos.com\/et\/wp-json\/wp\/v2\/comments?post=17097"}],"version-history":[{"count":3,"href":"https:\/\/www.ionisos.com\/et\/wp-json\/wp\/v2\/pages\/17097\/revisions"}],"predecessor-version":[{"id":17255,"href":"https:\/\/www.ionisos.com\/et\/wp-json\/wp\/v2\/pages\/17097\/revisions\/17255"}],"up":[{"embeddable":true,"href":"https:\/\/www.ionisos.com\/et\/wp-json\/wp\/v2\/pages\/17046"}],"wp:attachment":[{"href":"https:\/\/www.ionisos.com\/et\/wp-json\/wp\/v2\/media?parent=17097"}],"curies":[{"name":"wp","href":"https:\/\/api.w.org\/{rel}","templated":true}]}}