 {"id":17095,"date":"2017-11-14T17:12:12","date_gmt":"2017-11-14T16:12:12","guid":{"rendered":"https:\/\/www.ionisos.com\/?page_id=17095"},"modified":"2019-02-11T13:16:03","modified_gmt":"2019-02-11T12:16:03","slug":"materjalide-sobivus","status":"publish","type":"page","link":"https:\/\/www.ionisos.com\/et\/grupp\/uurimis-ja-arendustegevus\/materjalide-sobivus\/","title":{"rendered":"Materjalide sobivus"},"content":{"rendered":"<p>[vc_row bg_image=&#8221;16931&#8243; bg_repeat=&#8221;no-repeat&#8221; text_color=&#8221;light&#8221; text_align=&#8221;center&#8221; top_padding=&#8221;100&#8243; bottom_padding=&#8221;100&#8243;][vc_column width=&#8221;1\/1&#8243;]<h1 class=\"headline font-special fontsize-xxxl fontweight-inherit lh-inherit align-center transform-uppercase \" style=\"margin: 0;\"><strong>Materjalide sobivus<\/strong><\/h1>[\/vc_column][\/vc_row][vc_row][vc_column width=&#8221;1\/1&#8243;]<div class=\"spacer\" style=\"height: 40px;\"><\/div>[\/vc_column][\/vc_row][vc_row][vc_column width=&#8221;1\/1&#8243;]<div class=\"single_image wpb_content_element align-center    \" data-animation=\"none\" data-delay=\"0\"><img loading=\"lazy\" decoding=\"async\" width=\"1242\" height=\"733\" src=\"https:\/\/www.ionisos.com\/wp-content\/uploads\/2017\/11\/Capture-d\u2019e\u0301cran-2017-11-20-a\u0300-14.34.24.png\" class=\"attachment-full\" alt=\"\" srcset=\"https:\/\/www.ionisos.com\/wp-content\/uploads\/2017\/11\/Capture-d\u2019e\u0301cran-2017-11-20-a\u0300-14.34.24.png 1242w, https:\/\/www.ionisos.com\/wp-content\/uploads\/2017\/11\/Capture-d\u2019e\u0301cran-2017-11-20-a\u0300-14.34.24-300x177.png 300w, https:\/\/www.ionisos.com\/wp-content\/uploads\/2017\/11\/Capture-d\u2019e\u0301cran-2017-11-20-a\u0300-14.34.24-768x453.png 768w, https:\/\/www.ionisos.com\/wp-content\/uploads\/2017\/11\/Capture-d\u2019e\u0301cran-2017-11-20-a\u0300-14.34.24-1024x604.png 1024w\" sizes=\"auto, (max-width: 1242px) 100vw, 1242px\" \/><\/div>[\/vc_column][\/vc_row][vc_row][vc_column width=&#8221;1\/1&#8243;]<div class=\"spacer\" style=\"height: 40px;\"><\/div>[\/vc_column][\/vc_row][vc_row][vc_column width=&#8221;1\/1&#8243;][vc_tta_accordion][vc_tta_section title=&#8221;Metalle&#8221; tab_id=&#8221;1505383076365-0bed47fa-26fb&#8221;][vc_column_text]<\/p>\n<ul>\n<li><strong>Metalle<\/strong>\u00a0ei muudeta kiiritava steriliseerimise teel, sest kogu energia hajub ilma aktiveerumisohuta (Viide:\u00a0<em>Manual on Radiation Sterilization of Medical and Biological Materials<\/em>, Technical Reports series n\u00b0149, p.182, IAEA, Vienna, 1973). <a href=\"http:\/\/www.iaea.org\/inis\/collection\/NCLCollectionStore\/_Public\/05\/105\/5105679.pdf\">Rohkem teavet<\/a><\/li>\n<li>Et\u00fcleenoksiid ei adsorbeeru metallidel (Ref.: Sterilisation of biomaterials and medical devices, toimetanud Sophie Lerouge ja Anne Simmons, WP Woodhead Publishing, 2012).<\/li>\n<\/ul>\n<p>[\/vc_column_text][\/vc_tta_section][vc_tta_section title=&#8221;Klaas&#8221; tab_id=&#8221;1505383059304-b1d05335-a5af&#8221;][vc_column_text]<\/p>\n<ul>\n<li><strong>Klaas<\/strong> v\u00e4rvub kiirguse all juba v\u00e4ga v\u00e4ikeste dooside puhul (m\u00f5ni kGy).<\/li>\n<li>Et\u00fcleenoksiid adsorbeerub klaasil v\u00e4ga v\u00e4hesel m\u00e4\u00e4ral (Ref.: Sterilisation of biomaterials and medical devices, toimetanud Sophie Lerouge ja Anne Simmons, WP Woodhead Publishing, 2012).<\/li>\n<\/ul>\n<p>[\/vc_column_text]<div class=\"single_image wpb_content_element align-center    \" data-animation=\"none\" data-delay=\"0\"><img loading=\"lazy\" decoding=\"async\" width=\"1920\" height=\"1080\" src=\"https:\/\/www.ionisos.com\/wp-content\/uploads\/2017\/09\/verre-bruni-1.jpg\" class=\"attachment-full\" alt=\"\" srcset=\"https:\/\/www.ionisos.com\/wp-content\/uploads\/2017\/09\/verre-bruni-1.jpg 1920w, https:\/\/www.ionisos.com\/wp-content\/uploads\/2017\/09\/verre-bruni-1-300x169.jpg 300w, https:\/\/www.ionisos.com\/wp-content\/uploads\/2017\/09\/verre-bruni-1-768x432.jpg 768w, https:\/\/www.ionisos.com\/wp-content\/uploads\/2017\/09\/verre-bruni-1-1024x576.jpg 1024w, https:\/\/www.ionisos.com\/wp-content\/uploads\/2017\/09\/verre-bruni-1-1000x563.jpg 1000w, https:\/\/www.ionisos.com\/wp-content\/uploads\/2017\/09\/verre-bruni-1-200x113.jpg 200w\" sizes=\"auto, (max-width: 1920px) 100vw, 1920px\" \/><\/div>[\/vc_tta_section][vc_tta_section title=&#8221;Ioniseeriv kiirgus&#8221; tab_id=&#8221;1505383150543-154daab4-6c83&#8243;][vc_column_text]Ioniseeriv kiirgus &#8211; Et\u00fcleenoksiid:<\/p>\n<ul>\n<li>Neeldumisega seotud sobivus (p\u00f6\u00f6rata t\u00e4helepanu poorsusele)<\/li>\n<li>T\u00f6\u00f6tlemistingimustega seotud sobivus<\/li>\n<\/ul>\n<p>[\/vc_column_text][\/vc_tta_section][vc_tta_section title=&#8221;S\u00fcd*&#8221; tab_id=&#8221;1505383059323-bc266715-ea46&#8243;]<div class=\"single_image wpb_content_element align-left    \" data-animation=\"none\" data-delay=\"0\"><img loading=\"lazy\" decoding=\"async\" width=\"1377\" height=\"959\" src=\"https:\/\/www.ionisos.com\/wp-content\/uploads\/2017\/09\/Sans-titre.png\" class=\"attachment-full\" alt=\"\" srcset=\"https:\/\/www.ionisos.com\/wp-content\/uploads\/2017\/09\/Sans-titre.png 1377w, https:\/\/www.ionisos.com\/wp-content\/uploads\/2017\/09\/Sans-titre-300x209.png 300w, https:\/\/www.ionisos.com\/wp-content\/uploads\/2017\/09\/Sans-titre-768x535.png 768w, https:\/\/www.ionisos.com\/wp-content\/uploads\/2017\/09\/Sans-titre-1024x713.png 1024w, https:\/\/www.ionisos.com\/wp-content\/uploads\/2017\/09\/Sans-titre-200x139.png 200w\" sizes=\"auto, (max-width: 1377px) 100vw, 1377px\" \/><\/div>[\/vc_tta_section][\/vc_tta_accordion][\/vc_column][\/vc_row][vc_row][vc_column width=&#8221;1\/1&#8243;]<div class=\"spacer\" style=\"height: 40px;\"><\/div>[vc_column_text]<span style=\"color: #333333;\"><strong>Kiiritava steriliseerimise puhul ja teades, et materjal on \u00fcldiselt formuleeritud (risk, mis on seotud ekstraheeritavuse ja neoformeeritusega), on tungivalt soovitatav l\u00e4bi viia<u> eelnevad katsed<\/u>.<\/strong><\/span> <span style=\"color: #333333;\">Oma kiirguskatsete l\u00e4biviimiseks on Ionisos saanud\u00a0<span style=\"color: #0000ff;\"><a style=\"color: #0000ff;\" href=\"https:\/\/www.ionisos.com\/wp-content\/uploads\/2017\/09\/Agre\u0301ment-Ionisos-CIR-2015-2016-2017-1.pdf\">teadusuuringute maksukrediiti\u00a0<\/a><\/span><\/span>[\/vc_column_text]<div class=\"spacer\" style=\"height: 40px;\"><\/div>[\/vc_column][\/vc_row]<\/p>\n","protected":false},"excerpt":{"rendered":"<p>[vc_row bg_image=&#8221;16931&#8243; bg_repeat=&#8221;no-repeat&#8221; text_color=&#8221;light&#8221; text_align=&#8221;center&#8221; top_padding=&#8221;100&#8243; bottom_padding=&#8221;100&#8243;][vc_column width=&#8221;1\/1&#8243;][\/vc_column][\/vc_row][vc_row][vc_column width=&#8221;1\/1&#8243;][\/vc_column][\/vc_row][vc_row][vc_column width=&#8221;1\/1&#8243;][\/vc_column][\/vc_row][vc_row][vc_column width=&#8221;1\/1&#8243;][\/vc_column][\/vc_row][vc_row][vc_column width=&#8221;1\/1&#8243;][vc_tta_accordion][vc_tta_section title=&#8221;Metalle&#8221; tab_id=&#8221;1505383076365-0bed47fa-26fb&#8221;][vc_column_text] Metalle\u00a0ei muudeta kiiritava steriliseerimise teel, sest kogu energia hajub ilma aktiveerumisohuta (Viide:\u00a0Manual on Radiation Sterilization of Medical and Biological Materials, Technical Reports series n\u00b0149, p.182, IAEA, Vienna, 1973). Rohkem teavet Et\u00fcleenoksiid ei adsorbeeru metallidel (Ref.: Sterilisation of biomaterials and medical devices, toimetanud Sophie Lerouge ja Anne Simmons, WP Woodhead Publishing, 2012). [\/vc_column_text][\/vc_tta_section][vc_tta_section title=&#8221;Klaas&#8221; tab_id=&#8221;1505383059304-b1d05335-a5af&#8221;][vc_column_text] Klaas v\u00e4rvub kiirguse all juba v\u00e4ga v\u00e4ikeste dooside puhul (m\u00f5ni kGy). Et\u00fcleenoksiid adsorbeerub klaasil v\u00e4ga v\u00e4hesel m\u00e4\u00e4ral (Ref.: Sterilisation of biomaterials and medical devices, toimetanud Sophie Lerouge ja Anne Simmons, WP Woodhead Publishing, 2012). [\/vc_column_text][\/vc_tta_section][vc_tta_section title=&#8221;Ioniseeriv kiirgus&#8221; tab_id=&#8221;1505383150543-154daab4-6c83&#8243;][vc_column_text]Ioniseeriv kiirgus &#8211; Et\u00fcleenoksiid: Neeldumisega seotud sobivus (p\u00f6\u00f6rata t\u00e4helepanu poorsusele) T\u00f6\u00f6tlemistingimustega seotud sobivus [\/vc_column_text][\/vc_tta_section][vc_tta_section title=&#8221;S\u00fcd*&#8221; tab_id=&#8221;1505383059323-bc266715-ea46&#8243;][\/vc_tta_section][\/vc_tta_accordion][\/vc_column][\/vc_row][vc_row][vc_column width=&#8221;1\/1&#8243;][vc_column_text]Kiiritava steriliseerimise puhul ja teades, et materjal on \u00fcldiselt formuleeritud (risk, mis on seotud ekstraheeritavuse ja neoformeeritusega), on tungivalt soovitatav l\u00e4bi viia eelnevad katsed. Oma kiirguskatsete l\u00e4biviimiseks on Ionisos saanud\u00a0teadusuuringute maksukrediiti\u00a0[\/vc_column_text][\/vc_column][\/vc_row]<\/p>\n","protected":false},"author":1,"featured_media":0,"parent":17046,"menu_order":0,"comment_status":"closed","ping_status":"closed","template":"","meta":{"inline_featured_image":false,"footnotes":""},"class_list":["post-17095","page","type-page","status-publish","hentry"],"yoast_head":"<!-- This site is optimized with the Yoast SEO plugin v26.3 - https:\/\/yoast.com\/wordpress\/plugins\/seo\/ -->\n<title>Materjalide sobivus - Ionisos<\/title>\n<meta name=\"robots\" content=\"index, follow, max-snippet:-1, max-image-preview:large, max-video-preview:-1\" \/>\n<link rel=\"canonical\" href=\"https:\/\/www.ionisos.com\/et\/grupp\/uurimis-ja-arendustegevus\/materjalide-sobivus\/\" \/>\n<meta property=\"og:locale\" content=\"et_EE\" \/>\n<meta property=\"og:type\" content=\"article\" \/>\n<meta property=\"og:title\" content=\"Materjalide sobivus - Ionisos\" \/>\n<meta property=\"og:description\" content=\"[vc_row bg_image=&#8221;16931&#8243; bg_repeat=&#8221;no-repeat&#8221; text_color=&#8221;light&#8221; text_align=&#8221;center&#8221; top_padding=&#8221;100&#8243; bottom_padding=&#8221;100&#8243;][vc_column width=&#8221;1\/1&#8243;][\/vc_column][\/vc_row][vc_row][vc_column width=&#8221;1\/1&#8243;][\/vc_column][\/vc_row][vc_row][vc_column width=&#8221;1\/1&#8243;][\/vc_column][\/vc_row][vc_row][vc_column width=&#8221;1\/1&#8243;][\/vc_column][\/vc_row][vc_row][vc_column width=&#8221;1\/1&#8243;][vc_tta_accordion][vc_tta_section title=&#8221;Metalle&#8221; tab_id=&#8221;1505383076365-0bed47fa-26fb&#8221;][vc_column_text] Metalle\u00a0ei muudeta kiiritava steriliseerimise teel, sest kogu energia hajub ilma aktiveerumisohuta (Viide:\u00a0Manual on Radiation Sterilization of Medical and Biological Materials, Technical Reports series n\u00b0149, p.182, IAEA, Vienna, 1973). Rohkem teavet Et\u00fcleenoksiid ei adsorbeeru metallidel (Ref.: Sterilisation of biomaterials and medical devices, toimetanud Sophie Lerouge ja Anne Simmons, WP Woodhead Publishing, 2012). [\/vc_column_text][\/vc_tta_section][vc_tta_section title=&#8221;Klaas&#8221; tab_id=&#8221;1505383059304-b1d05335-a5af&#8221;][vc_column_text] Klaas v\u00e4rvub kiirguse all juba v\u00e4ga v\u00e4ikeste dooside puhul (m\u00f5ni kGy). Et\u00fcleenoksiid adsorbeerub klaasil v\u00e4ga v\u00e4hesel m\u00e4\u00e4ral (Ref.: Sterilisation of biomaterials and medical devices, toimetanud Sophie Lerouge ja Anne Simmons, WP Woodhead Publishing, 2012). [\/vc_column_text][\/vc_tta_section][vc_tta_section title=&#8221;Ioniseeriv kiirgus&#8221; tab_id=&#8221;1505383150543-154daab4-6c83&#8243;][vc_column_text]Ioniseeriv kiirgus &#8211; Et\u00fcleenoksiid: Neeldumisega seotud sobivus (p\u00f6\u00f6rata t\u00e4helepanu poorsusele) T\u00f6\u00f6tlemistingimustega seotud sobivus [\/vc_column_text][\/vc_tta_section][vc_tta_section title=&#8221;S\u00fcd*&#8221; tab_id=&#8221;1505383059323-bc266715-ea46&#8243;][\/vc_tta_section][\/vc_tta_accordion][\/vc_column][\/vc_row][vc_row][vc_column width=&#8221;1\/1&#8243;][vc_column_text]Kiiritava steriliseerimise puhul ja teades, et materjal on \u00fcldiselt formuleeritud (risk, mis on seotud ekstraheeritavuse ja neoformeeritusega), on tungivalt soovitatav l\u00e4bi viia eelnevad katsed. Oma kiirguskatsete l\u00e4biviimiseks on Ionisos saanud\u00a0teadusuuringute maksukrediiti\u00a0[\/vc_column_text][\/vc_column][\/vc_row]\" \/>\n<meta property=\"og:url\" content=\"https:\/\/www.ionisos.com\/et\/grupp\/uurimis-ja-arendustegevus\/materjalide-sobivus\/\" \/>\n<meta property=\"og:site_name\" content=\"Ionisos\" \/>\n<meta property=\"article:modified_time\" content=\"2019-02-11T12:16:03+00:00\" \/>\n<meta name=\"twitter:card\" content=\"summary_large_image\" \/>\n<meta name=\"twitter:label1\" content=\"Est. reading time\" \/>\n\t<meta name=\"twitter:data1\" content=\"2 minutit\" \/>\n<script type=\"application\/ld+json\" class=\"yoast-schema-graph\">{\"@context\":\"https:\/\/schema.org\",\"@graph\":[{\"@type\":\"WebPage\",\"@id\":\"https:\/\/www.ionisos.com\/et\/grupp\/uurimis-ja-arendustegevus\/materjalide-sobivus\/\",\"url\":\"https:\/\/www.ionisos.com\/et\/grupp\/uurimis-ja-arendustegevus\/materjalide-sobivus\/\",\"name\":\"Materjalide sobivus - Ionisos\",\"isPartOf\":{\"@id\":\"https:\/\/www.ionisos.com\/#website\"},\"datePublished\":\"2017-11-14T16:12:12+00:00\",\"dateModified\":\"2019-02-11T12:16:03+00:00\",\"breadcrumb\":{\"@id\":\"https:\/\/www.ionisos.com\/et\/grupp\/uurimis-ja-arendustegevus\/materjalide-sobivus\/#breadcrumb\"},\"inLanguage\":\"et\",\"potentialAction\":[{\"@type\":\"ReadAction\",\"target\":[\"https:\/\/www.ionisos.com\/et\/grupp\/uurimis-ja-arendustegevus\/materjalide-sobivus\/\"]}]},{\"@type\":\"BreadcrumbList\",\"@id\":\"https:\/\/www.ionisos.com\/et\/grupp\/uurimis-ja-arendustegevus\/materjalide-sobivus\/#breadcrumb\",\"itemListElement\":[{\"@type\":\"ListItem\",\"position\":1,\"name\":\"Accueil\",\"item\":\"https:\/\/www.ionisos.com\/et\/\"},{\"@type\":\"ListItem\",\"position\":2,\"name\":\"Ionisos\",\"item\":\"https:\/\/www.ionisos.com\/et\/grupp\/\"},{\"@type\":\"ListItem\",\"position\":3,\"name\":\"Uurimis- ja arendustegevus\",\"item\":\"https:\/\/www.ionisos.com\/et\/grupp\/uurimis-ja-arendustegevus\/\"},{\"@type\":\"ListItem\",\"position\":4,\"name\":\"Materjalide sobivus\"}]},{\"@type\":\"WebSite\",\"@id\":\"https:\/\/www.ionisos.com\/#website\",\"url\":\"https:\/\/www.ionisos.com\/\",\"name\":\"Ionisos\",\"description\":\"Ionisation par \u00e9lectrons acc\u00e9l\u00e9r\u00e9s, rayons gamma, rayons X et oxyde d&#039;\u00e9thyl\u00e8ne\",\"potentialAction\":[{\"@type\":\"SearchAction\",\"target\":{\"@type\":\"EntryPoint\",\"urlTemplate\":\"https:\/\/www.ionisos.com\/?s={search_term_string}\"},\"query-input\":{\"@type\":\"PropertyValueSpecification\",\"valueRequired\":true,\"valueName\":\"search_term_string\"}}],\"inLanguage\":\"et\"}]}<\/script>\n<!-- \/ Yoast SEO plugin. -->","yoast_head_json":{"title":"Materjalide sobivus - Ionisos","robots":{"index":"index","follow":"follow","max-snippet":"max-snippet:-1","max-image-preview":"max-image-preview:large","max-video-preview":"max-video-preview:-1"},"canonical":"https:\/\/www.ionisos.com\/et\/grupp\/uurimis-ja-arendustegevus\/materjalide-sobivus\/","og_locale":"et_EE","og_type":"article","og_title":"Materjalide sobivus - Ionisos","og_description":"[vc_row bg_image=&#8221;16931&#8243; bg_repeat=&#8221;no-repeat&#8221; text_color=&#8221;light&#8221; text_align=&#8221;center&#8221; top_padding=&#8221;100&#8243; bottom_padding=&#8221;100&#8243;][vc_column width=&#8221;1\/1&#8243;][\/vc_column][\/vc_row][vc_row][vc_column width=&#8221;1\/1&#8243;][\/vc_column][\/vc_row][vc_row][vc_column width=&#8221;1\/1&#8243;][\/vc_column][\/vc_row][vc_row][vc_column width=&#8221;1\/1&#8243;][\/vc_column][\/vc_row][vc_row][vc_column width=&#8221;1\/1&#8243;][vc_tta_accordion][vc_tta_section title=&#8221;Metalle&#8221; tab_id=&#8221;1505383076365-0bed47fa-26fb&#8221;][vc_column_text] Metalle\u00a0ei muudeta kiiritava steriliseerimise teel, sest kogu energia hajub ilma aktiveerumisohuta (Viide:\u00a0Manual on Radiation Sterilization of Medical and Biological Materials, Technical Reports series n\u00b0149, p.182, IAEA, Vienna, 1973). Rohkem teavet Et\u00fcleenoksiid ei adsorbeeru metallidel (Ref.: Sterilisation of biomaterials and medical devices, toimetanud Sophie Lerouge ja Anne Simmons, WP Woodhead Publishing, 2012). [\/vc_column_text][\/vc_tta_section][vc_tta_section title=&#8221;Klaas&#8221; tab_id=&#8221;1505383059304-b1d05335-a5af&#8221;][vc_column_text] Klaas v\u00e4rvub kiirguse all juba v\u00e4ga v\u00e4ikeste dooside puhul (m\u00f5ni kGy). Et\u00fcleenoksiid adsorbeerub klaasil v\u00e4ga v\u00e4hesel m\u00e4\u00e4ral (Ref.: Sterilisation of biomaterials and medical devices, toimetanud Sophie Lerouge ja Anne Simmons, WP Woodhead Publishing, 2012). [\/vc_column_text][\/vc_tta_section][vc_tta_section title=&#8221;Ioniseeriv kiirgus&#8221; tab_id=&#8221;1505383150543-154daab4-6c83&#8243;][vc_column_text]Ioniseeriv kiirgus &#8211; Et\u00fcleenoksiid: Neeldumisega seotud sobivus (p\u00f6\u00f6rata t\u00e4helepanu poorsusele) T\u00f6\u00f6tlemistingimustega seotud sobivus [\/vc_column_text][\/vc_tta_section][vc_tta_section title=&#8221;S\u00fcd*&#8221; tab_id=&#8221;1505383059323-bc266715-ea46&#8243;][\/vc_tta_section][\/vc_tta_accordion][\/vc_column][\/vc_row][vc_row][vc_column width=&#8221;1\/1&#8243;][vc_column_text]Kiiritava steriliseerimise puhul ja teades, et materjal on \u00fcldiselt formuleeritud (risk, mis on seotud ekstraheeritavuse ja neoformeeritusega), on tungivalt soovitatav l\u00e4bi viia eelnevad katsed. Oma kiirguskatsete l\u00e4biviimiseks on Ionisos saanud\u00a0teadusuuringute maksukrediiti\u00a0[\/vc_column_text][\/vc_column][\/vc_row]","og_url":"https:\/\/www.ionisos.com\/et\/grupp\/uurimis-ja-arendustegevus\/materjalide-sobivus\/","og_site_name":"Ionisos","article_modified_time":"2019-02-11T12:16:03+00:00","twitter_card":"summary_large_image","twitter_misc":{"Est. reading time":"2 minutit"},"schema":{"@context":"https:\/\/schema.org","@graph":[{"@type":"WebPage","@id":"https:\/\/www.ionisos.com\/et\/grupp\/uurimis-ja-arendustegevus\/materjalide-sobivus\/","url":"https:\/\/www.ionisos.com\/et\/grupp\/uurimis-ja-arendustegevus\/materjalide-sobivus\/","name":"Materjalide sobivus - Ionisos","isPartOf":{"@id":"https:\/\/www.ionisos.com\/#website"},"datePublished":"2017-11-14T16:12:12+00:00","dateModified":"2019-02-11T12:16:03+00:00","breadcrumb":{"@id":"https:\/\/www.ionisos.com\/et\/grupp\/uurimis-ja-arendustegevus\/materjalide-sobivus\/#breadcrumb"},"inLanguage":"et","potentialAction":[{"@type":"ReadAction","target":["https:\/\/www.ionisos.com\/et\/grupp\/uurimis-ja-arendustegevus\/materjalide-sobivus\/"]}]},{"@type":"BreadcrumbList","@id":"https:\/\/www.ionisos.com\/et\/grupp\/uurimis-ja-arendustegevus\/materjalide-sobivus\/#breadcrumb","itemListElement":[{"@type":"ListItem","position":1,"name":"Accueil","item":"https:\/\/www.ionisos.com\/et\/"},{"@type":"ListItem","position":2,"name":"Ionisos","item":"https:\/\/www.ionisos.com\/et\/grupp\/"},{"@type":"ListItem","position":3,"name":"Uurimis- ja arendustegevus","item":"https:\/\/www.ionisos.com\/et\/grupp\/uurimis-ja-arendustegevus\/"},{"@type":"ListItem","position":4,"name":"Materjalide sobivus"}]},{"@type":"WebSite","@id":"https:\/\/www.ionisos.com\/#website","url":"https:\/\/www.ionisos.com\/","name":"Ionisos","description":"Ionisation par \u00e9lectrons acc\u00e9l\u00e9r\u00e9s, rayons gamma, rayons X et oxyde d&#039;\u00e9thyl\u00e8ne","potentialAction":[{"@type":"SearchAction","target":{"@type":"EntryPoint","urlTemplate":"https:\/\/www.ionisos.com\/?s={search_term_string}"},"query-input":{"@type":"PropertyValueSpecification","valueRequired":true,"valueName":"search_term_string"}}],"inLanguage":"et"}]}},"_links":{"self":[{"href":"https:\/\/www.ionisos.com\/et\/wp-json\/wp\/v2\/pages\/17095","targetHints":{"allow":["GET"]}}],"collection":[{"href":"https:\/\/www.ionisos.com\/et\/wp-json\/wp\/v2\/pages"}],"about":[{"href":"https:\/\/www.ionisos.com\/et\/wp-json\/wp\/v2\/types\/page"}],"author":[{"embeddable":true,"href":"https:\/\/www.ionisos.com\/et\/wp-json\/wp\/v2\/users\/1"}],"replies":[{"embeddable":true,"href":"https:\/\/www.ionisos.com\/et\/wp-json\/wp\/v2\/comments?post=17095"}],"version-history":[{"count":4,"href":"https:\/\/www.ionisos.com\/et\/wp-json\/wp\/v2\/pages\/17095\/revisions"}],"predecessor-version":[{"id":17683,"href":"https:\/\/www.ionisos.com\/et\/wp-json\/wp\/v2\/pages\/17095\/revisions\/17683"}],"up":[{"embeddable":true,"href":"https:\/\/www.ionisos.com\/et\/wp-json\/wp\/v2\/pages\/17046"}],"wp:attachment":[{"href":"https:\/\/www.ionisos.com\/et\/wp-json\/wp\/v2\/media?parent=17095"}],"curies":[{"name":"wp","href":"https:\/\/api.w.org\/{rel}","templated":true}]}}