 {"id":17077,"date":"2017-11-14T17:05:29","date_gmt":"2017-11-14T16:05:29","guid":{"rendered":"https:\/\/www.ionisos.com\/?page_id=17077"},"modified":"2020-05-13T16:50:52","modified_gmt":"2020-05-13T14:50:52","slug":"ristsidumine","status":"publish","type":"page","link":"https:\/\/www.ionisos.com\/et\/meie-tegevused\/ristsidumine\/","title":{"rendered":"Ristsidumine"},"content":{"rendered":"<p>[vc_row bg_image=&#8221;16365&#8243; bg_repeat=&#8221;no-repeat&#8221; text_color=&#8221;light&#8221; text_align=&#8221;center&#8221; top_padding=&#8221;100&#8243; bottom_padding=&#8221;100&#8243;][vc_column width=&#8221;1\/1&#8243;]<h1 class=\"headline font-special fontsize-xxxl fontweight-inherit lh-inherit align-center transform-uppercase \" style=\"margin: 0;\"><strong>Ristsidumine<\/strong><\/h1>[\/vc_column][\/vc_row][vc_row][vc_column width=&#8221;1\/1&#8243;]<div class=\"spacer\" style=\"height: 40px;\"><\/div>[vc_column_text]<\/p>\n<p style=\"text-align: center;\"><span style=\"font-family: Abel; font-size: 25px;\">Ionisos Grupp pakub t\u00f6\u00f6tlemist, mis on kohandatud vastavalt <strong>koostisosadele<\/strong> ja <strong>tehnilistele plastmaterjalidele,<\/strong> et parandada nende v\u00f5imekust.<\/span><\/p>\n<p>[\/vc_column_text]<div class=\"spacer\" style=\"height: 40px;\"><\/div>[\/vc_column][\/vc_row][vc_row][vc_column width=&#8221;1\/2&#8243;]<div class=\"flexslider wpb_content_element\"><ul class=\"slides\"><li><img decoding=\"async\" src=\"https:\/\/www.ionisos.com\/wp-content\/uploads\/2017\/06\/Rohr-2.jpg\" alt=\"\" \/><\/li><li><img decoding=\"async\" src=\"https:\/\/www.ionisos.com\/wp-content\/uploads\/2017\/06\/Kabel-2.jpg\" alt=\"\" \/><\/li><\/ul><\/div>[\/vc_column][vc_column width=&#8221;1\/2&#8243;]<div class=\"minti_list wpb_content_element color-accent plus\" style=\"padding-left: 10px;\">Ionisatsioon:<\/p>\n<ul>\n<li>alustab torude v\u00f5i kaablite termoplastiliste materjalide ristsidumist, et parandada nende reageerimist temperatuurile, h\u00f5\u00f5rdumisele ja tulele,<\/li>\n<li>parandab termoplastikust kilede mehaanilisi omadusi,<\/li>\n<li>v\u00f5imaldab vaikude k\u00fclmk\u00f5vastumist,<\/li>\n<li>v\u00f5imaldab tehniliste plastosade ristsidumist, et parandada nende keemilist ja termilist vastupidavust,<\/li>\n<li>v\u00f5imaldab tekstiilide pookimist.<\/li>\n<\/ul>\n<\/div>[\/vc_column][\/vc_row][vc_row][vc_column width=&#8221;1\/1&#8243;]<div class=\"spacer\" style=\"height: 40px;\"><\/div>[\/vc_column][\/vc_row][vc_row bg_color=&#8221;#0b2677&#8243; text_color=&#8221;light&#8221; text_align=&#8221;center&#8221; top_padding=&#8221;40&#8243; bottom_padding=&#8221;40&#8243;][vc_column width=&#8221;2\/3&#8243;]<div class=\"spacer\" style=\"height: 5px;\"><\/div>[vc_column_text]<\/p>\n<h3 style=\"text-align: left;\">Ionisos pakub ka steriliseerimis- ja s\u00e4ilitusteenuseid.<\/h3>\n<p>[\/vc_column_text][\/vc_column][vc_column width=&#8221;1\/3&#8243;][vc_row_inner][vc_column_inner width=&#8221;1\/2&#8243;]<a href=\"\/nos-activites\/steriliser\/\" target=\"_self\" class=\"button color-8 medium \" style=\"border-radius: 2px;\">Steriliseerimine<\/a>[\/vc_column_inner][vc_column_inner width=&#8221;1\/2&#8243;]<a href=\"\/nos-activites\/conserver\/\" target=\"_self\" class=\"button color-8 medium \" style=\"border-radius: 2px;\">S\u00e4ilitamine<\/a>[\/vc_column_inner][\/vc_row_inner][\/vc_column][\/vc_row][vc_row][vc_column width=&#8221;1\/1&#8243;]<div class=\"spacer\" style=\"height: 60px;\"><\/div>[\/vc_column][\/vc_row]<\/p>\n","protected":false},"excerpt":{"rendered":"<p>[vc_row bg_image=&#8221;16365&#8243; bg_repeat=&#8221;no-repeat&#8221; text_color=&#8221;light&#8221; text_align=&#8221;center&#8221; top_padding=&#8221;100&#8243; bottom_padding=&#8221;100&#8243;][vc_column width=&#8221;1\/1&#8243;][\/vc_column][\/vc_row][vc_row][vc_column width=&#8221;1\/1&#8243;][vc_column_text] Ionisos Grupp pakub t\u00f6\u00f6tlemist, mis on kohandatud vastavalt koostisosadele ja tehnilistele plastmaterjalidele, et parandada nende v\u00f5imekust. [\/vc_column_text][\/vc_column][\/vc_row][vc_row][vc_column width=&#8221;1\/2&#8243;][\/vc_column][vc_column width=&#8221;1\/2&#8243;][\/vc_column][\/vc_row][vc_row][vc_column width=&#8221;1\/1&#8243;][\/vc_column][\/vc_row][vc_row bg_color=&#8221;#0b2677&#8243; text_color=&#8221;light&#8221; text_align=&#8221;center&#8221; top_padding=&#8221;40&#8243; bottom_padding=&#8221;40&#8243;][vc_column width=&#8221;2\/3&#8243;][vc_column_text] Ionisos pakub ka steriliseerimis- ja s\u00e4ilitusteenuseid. [\/vc_column_text][\/vc_column][vc_column width=&#8221;1\/3&#8243;][vc_row_inner][vc_column_inner width=&#8221;1\/2&#8243;][\/vc_column_inner][vc_column_inner width=&#8221;1\/2&#8243;][\/vc_column_inner][\/vc_row_inner][\/vc_column][\/vc_row][vc_row][vc_column width=&#8221;1\/1&#8243;][\/vc_column][\/vc_row]<\/p>\n","protected":false},"author":1,"featured_media":0,"parent":17050,"menu_order":0,"comment_status":"closed","ping_status":"closed","template":"","meta":{"inline_featured_image":false,"footnotes":""},"class_list":["post-17077","page","type-page","status-publish","hentry"],"yoast_head":"<!-- This site is optimized with the Yoast SEO plugin v26.3 - https:\/\/yoast.com\/wordpress\/plugins\/seo\/ -->\n<title>Ristsidumine - Ionisos<\/title>\n<meta name=\"robots\" content=\"index, follow, max-snippet:-1, max-image-preview:large, max-video-preview:-1\" \/>\n<link rel=\"canonical\" href=\"https:\/\/www.ionisos.com\/et\/meie-tegevused\/ristsidumine\/\" \/>\n<meta property=\"og:locale\" content=\"et_EE\" \/>\n<meta property=\"og:type\" content=\"article\" \/>\n<meta property=\"og:title\" content=\"Ristsidumine - Ionisos\" \/>\n<meta property=\"og:description\" content=\"[vc_row bg_image=&#8221;16365&#8243; bg_repeat=&#8221;no-repeat&#8221; text_color=&#8221;light&#8221; text_align=&#8221;center&#8221; top_padding=&#8221;100&#8243; bottom_padding=&#8221;100&#8243;][vc_column width=&#8221;1\/1&#8243;][\/vc_column][\/vc_row][vc_row][vc_column width=&#8221;1\/1&#8243;][vc_column_text] Ionisos Grupp pakub t\u00f6\u00f6tlemist, mis on kohandatud vastavalt koostisosadele ja tehnilistele plastmaterjalidele, et parandada nende v\u00f5imekust. [\/vc_column_text][\/vc_column][\/vc_row][vc_row][vc_column width=&#8221;1\/2&#8243;][\/vc_column][vc_column width=&#8221;1\/2&#8243;][\/vc_column][\/vc_row][vc_row][vc_column width=&#8221;1\/1&#8243;][\/vc_column][\/vc_row][vc_row bg_color=&#8221;#0b2677&#8243; text_color=&#8221;light&#8221; text_align=&#8221;center&#8221; top_padding=&#8221;40&#8243; bottom_padding=&#8221;40&#8243;][vc_column width=&#8221;2\/3&#8243;][vc_column_text] Ionisos pakub ka steriliseerimis- ja s\u00e4ilitusteenuseid. [\/vc_column_text][\/vc_column][vc_column width=&#8221;1\/3&#8243;][vc_row_inner][vc_column_inner width=&#8221;1\/2&#8243;][\/vc_column_inner][vc_column_inner width=&#8221;1\/2&#8243;][\/vc_column_inner][\/vc_row_inner][\/vc_column][\/vc_row][vc_row][vc_column width=&#8221;1\/1&#8243;][\/vc_column][\/vc_row]\" \/>\n<meta property=\"og:url\" content=\"https:\/\/www.ionisos.com\/et\/meie-tegevused\/ristsidumine\/\" \/>\n<meta property=\"og:site_name\" content=\"Ionisos\" \/>\n<meta property=\"article:modified_time\" content=\"2020-05-13T14:50:52+00:00\" \/>\n<meta name=\"twitter:card\" content=\"summary_large_image\" \/>\n<meta name=\"twitter:label1\" content=\"Est. reading time\" \/>\n\t<meta name=\"twitter:data1\" content=\"1 minut\" \/>\n<script type=\"application\/ld+json\" class=\"yoast-schema-graph\">{\"@context\":\"https:\/\/schema.org\",\"@graph\":[{\"@type\":\"WebPage\",\"@id\":\"https:\/\/www.ionisos.com\/et\/meie-tegevused\/ristsidumine\/\",\"url\":\"https:\/\/www.ionisos.com\/et\/meie-tegevused\/ristsidumine\/\",\"name\":\"Ristsidumine - Ionisos\",\"isPartOf\":{\"@id\":\"https:\/\/www.ionisos.com\/#website\"},\"datePublished\":\"2017-11-14T16:05:29+00:00\",\"dateModified\":\"2020-05-13T14:50:52+00:00\",\"breadcrumb\":{\"@id\":\"https:\/\/www.ionisos.com\/et\/meie-tegevused\/ristsidumine\/#breadcrumb\"},\"inLanguage\":\"et\",\"potentialAction\":[{\"@type\":\"ReadAction\",\"target\":[\"https:\/\/www.ionisos.com\/et\/meie-tegevused\/ristsidumine\/\"]}]},{\"@type\":\"BreadcrumbList\",\"@id\":\"https:\/\/www.ionisos.com\/et\/meie-tegevused\/ristsidumine\/#breadcrumb\",\"itemListElement\":[{\"@type\":\"ListItem\",\"position\":1,\"name\":\"Accueil\",\"item\":\"https:\/\/www.ionisos.com\/et\/\"},{\"@type\":\"ListItem\",\"position\":2,\"name\":\"Meie tegevused\",\"item\":\"https:\/\/www.ionisos.com\/et\/meie-tegevused\/\"},{\"@type\":\"ListItem\",\"position\":3,\"name\":\"Ristsidumine\"}]},{\"@type\":\"WebSite\",\"@id\":\"https:\/\/www.ionisos.com\/#website\",\"url\":\"https:\/\/www.ionisos.com\/\",\"name\":\"Ionisos\",\"description\":\"Ionisation par \u00e9lectrons acc\u00e9l\u00e9r\u00e9s, rayons gamma, rayons X et oxyde d&#039;\u00e9thyl\u00e8ne\",\"potentialAction\":[{\"@type\":\"SearchAction\",\"target\":{\"@type\":\"EntryPoint\",\"urlTemplate\":\"https:\/\/www.ionisos.com\/?s={search_term_string}\"},\"query-input\":{\"@type\":\"PropertyValueSpecification\",\"valueRequired\":true,\"valueName\":\"search_term_string\"}}],\"inLanguage\":\"et\"}]}<\/script>\n<!-- \/ Yoast SEO plugin. -->","yoast_head_json":{"title":"Ristsidumine - Ionisos","robots":{"index":"index","follow":"follow","max-snippet":"max-snippet:-1","max-image-preview":"max-image-preview:large","max-video-preview":"max-video-preview:-1"},"canonical":"https:\/\/www.ionisos.com\/et\/meie-tegevused\/ristsidumine\/","og_locale":"et_EE","og_type":"article","og_title":"Ristsidumine - Ionisos","og_description":"[vc_row bg_image=&#8221;16365&#8243; bg_repeat=&#8221;no-repeat&#8221; text_color=&#8221;light&#8221; text_align=&#8221;center&#8221; top_padding=&#8221;100&#8243; bottom_padding=&#8221;100&#8243;][vc_column width=&#8221;1\/1&#8243;][\/vc_column][\/vc_row][vc_row][vc_column width=&#8221;1\/1&#8243;][vc_column_text] Ionisos Grupp pakub t\u00f6\u00f6tlemist, mis on kohandatud vastavalt koostisosadele ja tehnilistele plastmaterjalidele, et parandada nende v\u00f5imekust. [\/vc_column_text][\/vc_column][\/vc_row][vc_row][vc_column width=&#8221;1\/2&#8243;][\/vc_column][vc_column width=&#8221;1\/2&#8243;][\/vc_column][\/vc_row][vc_row][vc_column width=&#8221;1\/1&#8243;][\/vc_column][\/vc_row][vc_row bg_color=&#8221;#0b2677&#8243; text_color=&#8221;light&#8221; text_align=&#8221;center&#8221; top_padding=&#8221;40&#8243; bottom_padding=&#8221;40&#8243;][vc_column width=&#8221;2\/3&#8243;][vc_column_text] Ionisos pakub ka steriliseerimis- ja s\u00e4ilitusteenuseid. [\/vc_column_text][\/vc_column][vc_column width=&#8221;1\/3&#8243;][vc_row_inner][vc_column_inner width=&#8221;1\/2&#8243;][\/vc_column_inner][vc_column_inner width=&#8221;1\/2&#8243;][\/vc_column_inner][\/vc_row_inner][\/vc_column][\/vc_row][vc_row][vc_column width=&#8221;1\/1&#8243;][\/vc_column][\/vc_row]","og_url":"https:\/\/www.ionisos.com\/et\/meie-tegevused\/ristsidumine\/","og_site_name":"Ionisos","article_modified_time":"2020-05-13T14:50:52+00:00","twitter_card":"summary_large_image","twitter_misc":{"Est. reading time":"1 minut"},"schema":{"@context":"https:\/\/schema.org","@graph":[{"@type":"WebPage","@id":"https:\/\/www.ionisos.com\/et\/meie-tegevused\/ristsidumine\/","url":"https:\/\/www.ionisos.com\/et\/meie-tegevused\/ristsidumine\/","name":"Ristsidumine - Ionisos","isPartOf":{"@id":"https:\/\/www.ionisos.com\/#website"},"datePublished":"2017-11-14T16:05:29+00:00","dateModified":"2020-05-13T14:50:52+00:00","breadcrumb":{"@id":"https:\/\/www.ionisos.com\/et\/meie-tegevused\/ristsidumine\/#breadcrumb"},"inLanguage":"et","potentialAction":[{"@type":"ReadAction","target":["https:\/\/www.ionisos.com\/et\/meie-tegevused\/ristsidumine\/"]}]},{"@type":"BreadcrumbList","@id":"https:\/\/www.ionisos.com\/et\/meie-tegevused\/ristsidumine\/#breadcrumb","itemListElement":[{"@type":"ListItem","position":1,"name":"Accueil","item":"https:\/\/www.ionisos.com\/et\/"},{"@type":"ListItem","position":2,"name":"Meie tegevused","item":"https:\/\/www.ionisos.com\/et\/meie-tegevused\/"},{"@type":"ListItem","position":3,"name":"Ristsidumine"}]},{"@type":"WebSite","@id":"https:\/\/www.ionisos.com\/#website","url":"https:\/\/www.ionisos.com\/","name":"Ionisos","description":"Ionisation par \u00e9lectrons acc\u00e9l\u00e9r\u00e9s, rayons gamma, rayons X et oxyde d&#039;\u00e9thyl\u00e8ne","potentialAction":[{"@type":"SearchAction","target":{"@type":"EntryPoint","urlTemplate":"https:\/\/www.ionisos.com\/?s={search_term_string}"},"query-input":{"@type":"PropertyValueSpecification","valueRequired":true,"valueName":"search_term_string"}}],"inLanguage":"et"}]}},"_links":{"self":[{"href":"https:\/\/www.ionisos.com\/et\/wp-json\/wp\/v2\/pages\/17077","targetHints":{"allow":["GET"]}}],"collection":[{"href":"https:\/\/www.ionisos.com\/et\/wp-json\/wp\/v2\/pages"}],"about":[{"href":"https:\/\/www.ionisos.com\/et\/wp-json\/wp\/v2\/types\/page"}],"author":[{"embeddable":true,"href":"https:\/\/www.ionisos.com\/et\/wp-json\/wp\/v2\/users\/1"}],"replies":[{"embeddable":true,"href":"https:\/\/www.ionisos.com\/et\/wp-json\/wp\/v2\/comments?post=17077"}],"version-history":[{"count":4,"href":"https:\/\/www.ionisos.com\/et\/wp-json\/wp\/v2\/pages\/17077\/revisions"}],"predecessor-version":[{"id":18758,"href":"https:\/\/www.ionisos.com\/et\/wp-json\/wp\/v2\/pages\/17077\/revisions\/18758"}],"up":[{"embeddable":true,"href":"https:\/\/www.ionisos.com\/et\/wp-json\/wp\/v2\/pages\/17050"}],"wp:attachment":[{"href":"https:\/\/www.ionisos.com\/et\/wp-json\/wp\/v2\/media?parent=17077"}],"curies":[{"name":"wp","href":"https:\/\/api.w.org\/{rel}","templated":true}]}}