 {"id":17063,"date":"2017-11-14T16:30:00","date_gmt":"2017-11-14T15:30:00","guid":{"rendered":"https:\/\/www.ionisos.com\/?page_id=17063"},"modified":"2017-11-14T17:37:18","modified_gmt":"2017-11-14T16:37:18","slug":"tehniline-seminar","status":"publish","type":"page","link":"https:\/\/www.ionisos.com\/et\/tehniline-seminar\/","title":{"rendered":"Tehniline seminar"},"content":{"rendered":"<p>[vc_row bg_image=&#8221;15874&#8243; bg_repeat=&#8221;no-repeat&#8221; text_color=&#8221;light&#8221; text_align=&#8221;center&#8221; top_padding=&#8221;100&#8243; bottom_padding=&#8221;100&#8243;][vc_column width=&#8221;1\/1&#8243;]<h1 class=\"headline font-special fontsize-xxxl fontweight-inherit lh-inherit align-center transform-uppercase \" style=\"margin: 0;\"><strong>Tehniline seminar<\/strong> 2017<\/h1>[\/vc_column][\/vc_row][vc_row][vc_column width=&#8221;1\/1&#8243;]<div class=\"spacer\" style=\"height: 60px;\"><\/div>[\/vc_column][\/vc_row][vc_row][vc_column width=&#8221;1\/2&#8243;]<div class=\"single_image wpb_content_element align-right    \" data-animation=\"none\" data-delay=\"0\"><img loading=\"lazy\" decoding=\"async\" width=\"300\" height=\"73\" src=\"https:\/\/www.ionisos.com\/wp-content\/uploads\/2017\/03\/IONISOS-logo-QUADRI-300x73.jpg\" class=\"attachment-medium\" alt=\"\" srcset=\"https:\/\/www.ionisos.com\/wp-content\/uploads\/2017\/03\/IONISOS-logo-QUADRI-300x73.jpg 300w, https:\/\/www.ionisos.com\/wp-content\/uploads\/2017\/03\/IONISOS-logo-QUADRI-768x187.jpg 768w, https:\/\/www.ionisos.com\/wp-content\/uploads\/2017\/03\/IONISOS-logo-QUADRI-200x49.jpg 200w, https:\/\/www.ionisos.com\/wp-content\/uploads\/2017\/03\/IONISOS-logo-QUADRI.jpg 800w\" sizes=\"auto, (max-width: 300px) 100vw, 300px\" \/><\/div>[\/vc_column][vc_column width=&#8221;1\/2&#8243;]<div class=\"single_image wpb_content_element align-left    \" data-animation=\"none\" data-delay=\"0\"><img loading=\"lazy\" decoding=\"async\" width=\"300\" height=\"73\" src=\"https:\/\/www.ionisos.com\/wp-content\/uploads\/2017\/03\/logo-sterylene-1-300x73.jpg\" class=\"attachment-medium\" alt=\"\" srcset=\"https:\/\/www.ionisos.com\/wp-content\/uploads\/2017\/03\/logo-sterylene-1-300x73.jpg 300w, https:\/\/www.ionisos.com\/wp-content\/uploads\/2017\/03\/logo-sterylene-1-768x186.jpg 768w, https:\/\/www.ionisos.com\/wp-content\/uploads\/2017\/03\/logo-sterylene-1-200x49.jpg 200w, https:\/\/www.ionisos.com\/wp-content\/uploads\/2017\/03\/logo-sterylene-1.jpg 800w\" sizes=\"auto, (max-width: 300px) 100vw, 300px\" \/><\/div>[\/vc_column][\/vc_row][vc_row][vc_column width=&#8221;1\/1&#8243;]<div class=\"spacer\" style=\"height: 60px;\"><\/div>[\/vc_column][\/vc_row][vc_row bg_color=&#8221;#0b2677&#8243; text_color=&#8221;light&#8221; top_padding=&#8221;40&#8243; bottom_padding=&#8221;40&#8243;][vc_column width=&#8221;1\/1&#8243;][vc_column_text]<\/p>\n<h2 style=\"text-align: center;\">Toimub 19. oktoobril 2017 ja k\u00e4sitletakse j\u00e4rgmiseid teemasid:<\/h2>\n<h4 style=\"text-align: center;\">steriliseerimistehnikad, rakendused tervishoiu- ja kosmeetikatoodetele, toodete iseloomustamine p\u00e4rast steriliseerimist, biosobivuse hindamine<\/h4>\n<p>[\/vc_column_text][\/vc_column][\/vc_row][vc_row][vc_column width=&#8221;1\/1&#8243;][vc_column_text]<\/p>\n<h2 style=\"text-align: center;\"><\/h2>\n<h4 style=\"text-align: justify;\">Toimumiskoht:&#160;LE MANS<\/h4>\n<p style=\"text-align: justify;\">(Hotell Concordia)<\/p>\n<h4 style=\"text-align: justify;\">EESM\u00c4RK<\/h4>\n<p style=\"text-align: justify;\">S\u00f5ltumata sellest, kas tegutsete meditsiini-, farmaatsia-, veterinaaria- v\u00f5i kosmeetikavaldkonnas, tuleb teil aeg-ajalt v\u00f5i pidevalt kokku puutuda toodete v\u00f5i nende osade steriliseerimise v\u00f5i isegi saastest puhastamisega.<\/p>\n<p style=\"text-align: justify;\">Sellel seminaril on teil v\u00f5imalus tutvuda p\u00f5hjalikult steriliseerimistehnoloogiatega (ioniseeriv kiirgus, et\u00fcleenpksiid) ja meetmetega, mida rakendatakse t\u00f6\u00f6tlemise kvaliteedi ja vajadusel ka toote steriilsuse tagamiseks (steriilsed meditsiiniseadmed ja implantaadid).<\/p>\n<p style=\"text-align: justify;\">Programmis pakutakse ka l\u00e4henemisviisi valikutele ja steriliseerimistingimuste valikuv\u00f5imalusi ja kindlaksm\u00e4\u00e4ramist v\u00f5i isegi nende prognoosimist erinevate steriliseerimist h\u00f5lmavate valdkondade ekspertide etteastete alusel, k\u00e4sitledes materjalide valideerimist, steriilsete toodete pakendi valikut, toodete\/materjalide koostoimet ja biosobivust.<\/p>\n<p style=\"text-align: justify;\">P\u00e4ev l\u00f5peb aruteluga meditsiiniseadmete valmistamiseks kasutatavate materjalide funktsionaliseerimise v\u00f5imaluste kohta erinevate meetodite abil, v\u00f5ttes arvesse steriliseerimistoiminguid.<\/p>\n<p>[\/vc_column_text][vc_column_text]<a href=\"\/wp-content\/uploads\/2017\/10\/programme-19-oct.pdf\" target=\"_blank\" class=\"button color-3 medium \" style=\"border-radius: 2px;\">Vaadake programmi<\/a>&#160;<a href=\"\/wp-content\/uploads\/2017\/09\/inscription.pdf\" target=\"_blank\" class=\"button color-2 medium \" style=\"border-radius: 2px;\">Soovin osaleda<\/a><a href=\"mailto:info@ionisos.fr\" target=\"_self\" class=\"button color-3 medium \" style=\"border-radius: 2px;\">V\u00f5tke \u00fchendust<\/a>[\/vc_column_text][\/vc_column][\/vc_row][vc_row][vc_column width=&#8221;1\/1&#8243;]<div class=\"spacer\" style=\"height: 60px;\"><\/div>[\/vc_column][\/vc_row]]<\/p>\n","protected":false},"excerpt":{"rendered":"<p>[vc_row bg_image=&#8221;15874&#8243; bg_repeat=&#8221;no-repeat&#8221; text_color=&#8221;light&#8221; text_align=&#8221;center&#8221; top_padding=&#8221;100&#8243; bottom_padding=&#8221;100&#8243;][vc_column width=&#8221;1\/1&#8243;][\/vc_column][\/vc_row][vc_row][vc_column width=&#8221;1\/1&#8243;][\/vc_column][\/vc_row][vc_row][vc_column width=&#8221;1\/2&#8243;][\/vc_column][vc_column width=&#8221;1\/2&#8243;][\/vc_column][\/vc_row][vc_row][vc_column width=&#8221;1\/1&#8243;][\/vc_column][\/vc_row][vc_row bg_color=&#8221;#0b2677&#8243; text_color=&#8221;light&#8221; top_padding=&#8221;40&#8243; bottom_padding=&#8221;40&#8243;][vc_column width=&#8221;1\/1&#8243;][vc_column_text] Toimub 19. oktoobril 2017 ja k\u00e4sitletakse j\u00e4rgmiseid teemasid: steriliseerimistehnikad, rakendused tervishoiu- ja kosmeetikatoodetele, toodete iseloomustamine p\u00e4rast steriliseerimist, biosobivuse hindamine [\/vc_column_text][\/vc_column][\/vc_row][vc_row][vc_column width=&#8221;1\/1&#8243;][vc_column_text] Toimumiskoht:&#160;LE MANS (Hotell Concordia) EESM\u00c4RK S\u00f5ltumata sellest, kas tegutsete meditsiini-, farmaatsia-, veterinaaria- v\u00f5i kosmeetikavaldkonnas, tuleb teil aeg-ajalt v\u00f5i pidevalt kokku puutuda toodete v\u00f5i nende osade steriliseerimise v\u00f5i isegi saastest puhastamisega. Sellel seminaril on teil v\u00f5imalus tutvuda p\u00f5hjalikult steriliseerimistehnoloogiatega (ioniseeriv kiirgus, et\u00fcleenpksiid) ja meetmetega, mida rakendatakse t\u00f6\u00f6tlemise kvaliteedi ja vajadusel ka toote steriilsuse tagamiseks (steriilsed meditsiiniseadmed ja implantaadid). Programmis pakutakse ka l\u00e4henemisviisi valikutele ja steriliseerimistingimuste valikuv\u00f5imalusi ja kindlaksm\u00e4\u00e4ramist v\u00f5i isegi nende prognoosimist erinevate steriliseerimist h\u00f5lmavate valdkondade ekspertide etteastete alusel, k\u00e4sitledes materjalide valideerimist, steriilsete toodete pakendi valikut, toodete\/materjalide koostoimet ja biosobivust. P\u00e4ev l\u00f5peb aruteluga meditsiiniseadmete valmistamiseks kasutatavate materjalide funktsionaliseerimise v\u00f5imaluste kohta erinevate meetodite abil, v\u00f5ttes arvesse steriliseerimistoiminguid. [\/vc_column_text][vc_column_text]&#160;[\/vc_column_text][\/vc_column][\/vc_row][vc_row][vc_column width=&#8221;1\/1&#8243;][\/vc_column][\/vc_row]]<\/p>\n","protected":false},"author":1,"featured_media":0,"parent":0,"menu_order":0,"comment_status":"closed","ping_status":"closed","template":"","meta":{"inline_featured_image":false,"footnotes":""},"class_list":["post-17063","page","type-page","status-publish","hentry"],"yoast_head":"<!-- This site is optimized with the Yoast SEO plugin v26.3 - https:\/\/yoast.com\/wordpress\/plugins\/seo\/ -->\n<title>Tehniline seminar - Ionisos<\/title>\n<meta name=\"robots\" content=\"index, follow, max-snippet:-1, max-image-preview:large, max-video-preview:-1\" \/>\n<link rel=\"canonical\" href=\"https:\/\/www.ionisos.com\/et\/tehniline-seminar\/\" \/>\n<meta property=\"og:locale\" content=\"et_EE\" \/>\n<meta property=\"og:type\" content=\"article\" \/>\n<meta property=\"og:title\" content=\"Tehniline seminar - Ionisos\" \/>\n<meta property=\"og:description\" content=\"[vc_row bg_image=&#8221;15874&#8243; bg_repeat=&#8221;no-repeat&#8221; text_color=&#8221;light&#8221; text_align=&#8221;center&#8221; top_padding=&#8221;100&#8243; bottom_padding=&#8221;100&#8243;][vc_column width=&#8221;1\/1&#8243;][\/vc_column][\/vc_row][vc_row][vc_column width=&#8221;1\/1&#8243;][\/vc_column][\/vc_row][vc_row][vc_column width=&#8221;1\/2&#8243;][\/vc_column][vc_column width=&#8221;1\/2&#8243;][\/vc_column][\/vc_row][vc_row][vc_column width=&#8221;1\/1&#8243;][\/vc_column][\/vc_row][vc_row bg_color=&#8221;#0b2677&#8243; text_color=&#8221;light&#8221; top_padding=&#8221;40&#8243; bottom_padding=&#8221;40&#8243;][vc_column width=&#8221;1\/1&#8243;][vc_column_text] Toimub 19. oktoobril 2017 ja k\u00e4sitletakse j\u00e4rgmiseid teemasid: steriliseerimistehnikad, rakendused tervishoiu- ja kosmeetikatoodetele, toodete iseloomustamine p\u00e4rast steriliseerimist, biosobivuse hindamine [\/vc_column_text][\/vc_column][\/vc_row][vc_row][vc_column width=&#8221;1\/1&#8243;][vc_column_text] Toimumiskoht:&#160;LE MANS (Hotell Concordia) EESM\u00c4RK S\u00f5ltumata sellest, kas tegutsete meditsiini-, farmaatsia-, veterinaaria- v\u00f5i kosmeetikavaldkonnas, tuleb teil aeg-ajalt v\u00f5i pidevalt kokku puutuda toodete v\u00f5i nende osade steriliseerimise v\u00f5i isegi saastest puhastamisega. Sellel seminaril on teil v\u00f5imalus tutvuda p\u00f5hjalikult steriliseerimistehnoloogiatega (ioniseeriv kiirgus, et\u00fcleenpksiid) ja meetmetega, mida rakendatakse t\u00f6\u00f6tlemise kvaliteedi ja vajadusel ka toote steriilsuse tagamiseks (steriilsed meditsiiniseadmed ja implantaadid). Programmis pakutakse ka l\u00e4henemisviisi valikutele ja steriliseerimistingimuste valikuv\u00f5imalusi ja kindlaksm\u00e4\u00e4ramist v\u00f5i isegi nende prognoosimist erinevate steriliseerimist h\u00f5lmavate valdkondade ekspertide etteastete alusel, k\u00e4sitledes materjalide valideerimist, steriilsete toodete pakendi valikut, toodete\/materjalide koostoimet ja biosobivust. P\u00e4ev l\u00f5peb aruteluga meditsiiniseadmete valmistamiseks kasutatavate materjalide funktsionaliseerimise v\u00f5imaluste kohta erinevate meetodite abil, v\u00f5ttes arvesse steriliseerimistoiminguid. [\/vc_column_text][vc_column_text]&#160;[\/vc_column_text][\/vc_column][\/vc_row][vc_row][vc_column width=&#8221;1\/1&#8243;][\/vc_column][\/vc_row]]\" \/>\n<meta property=\"og:url\" content=\"https:\/\/www.ionisos.com\/et\/tehniline-seminar\/\" \/>\n<meta property=\"og:site_name\" content=\"Ionisos\" \/>\n<meta property=\"article:modified_time\" content=\"2017-11-14T16:37:18+00:00\" \/>\n<meta name=\"twitter:card\" content=\"summary_large_image\" \/>\n<meta name=\"twitter:label1\" content=\"Est. reading time\" \/>\n\t<meta name=\"twitter:data1\" content=\"2 minutit\" \/>\n<script type=\"application\/ld+json\" class=\"yoast-schema-graph\">{\"@context\":\"https:\/\/schema.org\",\"@graph\":[{\"@type\":\"WebPage\",\"@id\":\"https:\/\/www.ionisos.com\/et\/tehniline-seminar\/\",\"url\":\"https:\/\/www.ionisos.com\/et\/tehniline-seminar\/\",\"name\":\"Tehniline seminar - Ionisos\",\"isPartOf\":{\"@id\":\"https:\/\/www.ionisos.com\/#website\"},\"datePublished\":\"2017-11-14T15:30:00+00:00\",\"dateModified\":\"2017-11-14T16:37:18+00:00\",\"breadcrumb\":{\"@id\":\"https:\/\/www.ionisos.com\/et\/tehniline-seminar\/#breadcrumb\"},\"inLanguage\":\"et\",\"potentialAction\":[{\"@type\":\"ReadAction\",\"target\":[\"https:\/\/www.ionisos.com\/et\/tehniline-seminar\/\"]}]},{\"@type\":\"BreadcrumbList\",\"@id\":\"https:\/\/www.ionisos.com\/et\/tehniline-seminar\/#breadcrumb\",\"itemListElement\":[{\"@type\":\"ListItem\",\"position\":1,\"name\":\"Accueil\",\"item\":\"https:\/\/www.ionisos.com\/et\/\"},{\"@type\":\"ListItem\",\"position\":2,\"name\":\"Tehniline seminar\"}]},{\"@type\":\"WebSite\",\"@id\":\"https:\/\/www.ionisos.com\/#website\",\"url\":\"https:\/\/www.ionisos.com\/\",\"name\":\"Ionisos\",\"description\":\"Ionisation par \u00e9lectrons acc\u00e9l\u00e9r\u00e9s, rayons gamma, rayons X et oxyde d&#039;\u00e9thyl\u00e8ne\",\"potentialAction\":[{\"@type\":\"SearchAction\",\"target\":{\"@type\":\"EntryPoint\",\"urlTemplate\":\"https:\/\/www.ionisos.com\/?s={search_term_string}\"},\"query-input\":{\"@type\":\"PropertyValueSpecification\",\"valueRequired\":true,\"valueName\":\"search_term_string\"}}],\"inLanguage\":\"et\"}]}<\/script>\n<!-- \/ Yoast SEO plugin. -->","yoast_head_json":{"title":"Tehniline seminar - Ionisos","robots":{"index":"index","follow":"follow","max-snippet":"max-snippet:-1","max-image-preview":"max-image-preview:large","max-video-preview":"max-video-preview:-1"},"canonical":"https:\/\/www.ionisos.com\/et\/tehniline-seminar\/","og_locale":"et_EE","og_type":"article","og_title":"Tehniline seminar - Ionisos","og_description":"[vc_row bg_image=&#8221;15874&#8243; bg_repeat=&#8221;no-repeat&#8221; text_color=&#8221;light&#8221; text_align=&#8221;center&#8221; top_padding=&#8221;100&#8243; bottom_padding=&#8221;100&#8243;][vc_column width=&#8221;1\/1&#8243;][\/vc_column][\/vc_row][vc_row][vc_column width=&#8221;1\/1&#8243;][\/vc_column][\/vc_row][vc_row][vc_column width=&#8221;1\/2&#8243;][\/vc_column][vc_column width=&#8221;1\/2&#8243;][\/vc_column][\/vc_row][vc_row][vc_column width=&#8221;1\/1&#8243;][\/vc_column][\/vc_row][vc_row bg_color=&#8221;#0b2677&#8243; text_color=&#8221;light&#8221; top_padding=&#8221;40&#8243; bottom_padding=&#8221;40&#8243;][vc_column width=&#8221;1\/1&#8243;][vc_column_text] Toimub 19. oktoobril 2017 ja k\u00e4sitletakse j\u00e4rgmiseid teemasid: steriliseerimistehnikad, rakendused tervishoiu- ja kosmeetikatoodetele, toodete iseloomustamine p\u00e4rast steriliseerimist, biosobivuse hindamine [\/vc_column_text][\/vc_column][\/vc_row][vc_row][vc_column width=&#8221;1\/1&#8243;][vc_column_text] Toimumiskoht:&#160;LE MANS (Hotell Concordia) EESM\u00c4RK S\u00f5ltumata sellest, kas tegutsete meditsiini-, farmaatsia-, veterinaaria- v\u00f5i kosmeetikavaldkonnas, tuleb teil aeg-ajalt v\u00f5i pidevalt kokku puutuda toodete v\u00f5i nende osade steriliseerimise v\u00f5i isegi saastest puhastamisega. Sellel seminaril on teil v\u00f5imalus tutvuda p\u00f5hjalikult steriliseerimistehnoloogiatega (ioniseeriv kiirgus, et\u00fcleenpksiid) ja meetmetega, mida rakendatakse t\u00f6\u00f6tlemise kvaliteedi ja vajadusel ka toote steriilsuse tagamiseks (steriilsed meditsiiniseadmed ja implantaadid). Programmis pakutakse ka l\u00e4henemisviisi valikutele ja steriliseerimistingimuste valikuv\u00f5imalusi ja kindlaksm\u00e4\u00e4ramist v\u00f5i isegi nende prognoosimist erinevate steriliseerimist h\u00f5lmavate valdkondade ekspertide etteastete alusel, k\u00e4sitledes materjalide valideerimist, steriilsete toodete pakendi valikut, toodete\/materjalide koostoimet ja biosobivust. P\u00e4ev l\u00f5peb aruteluga meditsiiniseadmete valmistamiseks kasutatavate materjalide funktsionaliseerimise v\u00f5imaluste kohta erinevate meetodite abil, v\u00f5ttes arvesse steriliseerimistoiminguid. [\/vc_column_text][vc_column_text]&#160;[\/vc_column_text][\/vc_column][\/vc_row][vc_row][vc_column width=&#8221;1\/1&#8243;][\/vc_column][\/vc_row]]","og_url":"https:\/\/www.ionisos.com\/et\/tehniline-seminar\/","og_site_name":"Ionisos","article_modified_time":"2017-11-14T16:37:18+00:00","twitter_card":"summary_large_image","twitter_misc":{"Est. reading time":"2 minutit"},"schema":{"@context":"https:\/\/schema.org","@graph":[{"@type":"WebPage","@id":"https:\/\/www.ionisos.com\/et\/tehniline-seminar\/","url":"https:\/\/www.ionisos.com\/et\/tehniline-seminar\/","name":"Tehniline seminar - Ionisos","isPartOf":{"@id":"https:\/\/www.ionisos.com\/#website"},"datePublished":"2017-11-14T15:30:00+00:00","dateModified":"2017-11-14T16:37:18+00:00","breadcrumb":{"@id":"https:\/\/www.ionisos.com\/et\/tehniline-seminar\/#breadcrumb"},"inLanguage":"et","potentialAction":[{"@type":"ReadAction","target":["https:\/\/www.ionisos.com\/et\/tehniline-seminar\/"]}]},{"@type":"BreadcrumbList","@id":"https:\/\/www.ionisos.com\/et\/tehniline-seminar\/#breadcrumb","itemListElement":[{"@type":"ListItem","position":1,"name":"Accueil","item":"https:\/\/www.ionisos.com\/et\/"},{"@type":"ListItem","position":2,"name":"Tehniline seminar"}]},{"@type":"WebSite","@id":"https:\/\/www.ionisos.com\/#website","url":"https:\/\/www.ionisos.com\/","name":"Ionisos","description":"Ionisation par \u00e9lectrons acc\u00e9l\u00e9r\u00e9s, rayons gamma, rayons X et oxyde d&#039;\u00e9thyl\u00e8ne","potentialAction":[{"@type":"SearchAction","target":{"@type":"EntryPoint","urlTemplate":"https:\/\/www.ionisos.com\/?s={search_term_string}"},"query-input":{"@type":"PropertyValueSpecification","valueRequired":true,"valueName":"search_term_string"}}],"inLanguage":"et"}]}},"_links":{"self":[{"href":"https:\/\/www.ionisos.com\/et\/wp-json\/wp\/v2\/pages\/17063","targetHints":{"allow":["GET"]}}],"collection":[{"href":"https:\/\/www.ionisos.com\/et\/wp-json\/wp\/v2\/pages"}],"about":[{"href":"https:\/\/www.ionisos.com\/et\/wp-json\/wp\/v2\/types\/page"}],"author":[{"embeddable":true,"href":"https:\/\/www.ionisos.com\/et\/wp-json\/wp\/v2\/users\/1"}],"replies":[{"embeddable":true,"href":"https:\/\/www.ionisos.com\/et\/wp-json\/wp\/v2\/comments?post=17063"}],"version-history":[{"count":1,"href":"https:\/\/www.ionisos.com\/et\/wp-json\/wp\/v2\/pages\/17063\/revisions"}],"predecessor-version":[{"id":17064,"href":"https:\/\/www.ionisos.com\/et\/wp-json\/wp\/v2\/pages\/17063\/revisions\/17064"}],"wp:attachment":[{"href":"https:\/\/www.ionisos.com\/et\/wp-json\/wp\/v2\/media?parent=17063"}],"curies":[{"name":"wp","href":"https:\/\/api.w.org\/{rel}","templated":true}]}}