 {"id":17061,"date":"2017-11-14T16:28:48","date_gmt":"2017-11-14T15:28:48","guid":{"rendered":"https:\/\/www.ionisos.com\/?page_id=17061"},"modified":"2025-04-16T16:19:36","modified_gmt":"2025-04-16T14:19:36","slug":"meie-lugu","status":"publish","type":"page","link":"https:\/\/www.ionisos.com\/et\/grupp\/meie-lugu\/","title":{"rendered":"Meie lugu"},"content":{"rendered":"<p>[vc_row bg_image=&#8221;24450&#8243; bg_repeat=&#8221;no-repeat&#8221; text_color=&#8221;light&#8221; text_align=&#8221;center&#8221; top_padding=&#8221;100&#8243; bottom_padding=&#8221;100&#8243;][vc_column width=&#8221;1\/1&#8243;]<h1 class=\"headline font-special fontsize-xxxl fontweight-inherit lh-inherit align-center transform-uppercase \" style=\"margin: 0;\">Meie <strong>ajalugu<\/strong><\/h1>[\/vc_column][\/vc_row][vc_row text_align=&#8221;center&#8221;][vc_column width=&#8221;1\/1&#8243;]<div class=\"spacer\" style=\"height: 40px;\"><\/div>[vc_column_text]<\/p>\n<p style=\"text-align: center;\"><span style=\"font-family: Abel; font-size: 25px;\">Ionisos on spetsialiseerunud <strong>steriliseerimisele<\/strong> ja <strong>ristsidestamisele<\/strong> juba <strong>\u00fcle 60 aasta<\/strong><\/span><\/p>\n<p>[\/vc_column_text][\/vc_column][\/vc_row][vc_row][vc_column width=&#8221;1\/1&#8243;]<div class=\"spacer\" style=\"height: 40px;\"><\/div>[\/vc_column][\/vc_row][vc_row][vc_column width=&#8221;1\/4&#8243;][vc_column_text]<\/p>\n<h2><span style=\"color: #333399;\"><strong>1956<\/strong><\/span><\/h2>\n<p>[\/vc_column_text][\/vc_column][vc_column width=&#8221;3\/4&#8243;]<div class=\"minti_list wpb_content_element color-grey circle\" style=\"\">\n<ul>\n<li><b><i>Centre Lyonnais d&#8217;Application Atomique<\/i><\/b> asutamine \u2013 maailma esimene ettev\u00f5te, mis tegeles toodete t\u00f6\u00f6tlemisega ioniseeriva kiirguse abil.<\/li>\n<\/ul>\n<\/div>[\/vc_column][\/vc_row][vc_row][vc_column width=&#8221;1\/1&#8243;]<div class=\"spacer\" style=\"height: 40px;\"><\/div>[\/vc_column][\/vc_row][vc_row][vc_column width=&#8221;1\/4&#8243;][vc_column_text]<\/p>\n<h2><span style=\"color: #333399;\"><strong>1958<\/strong><\/span><\/h2>\n<p>[\/vc_column_text][\/vc_column][vc_column width=&#8221;3\/4&#8243;]<div class=\"minti_list wpb_content_element color-grey circle\" style=\"\">\n<ul>\n<li>Ain&#8217;i prefektuuri m\u00e4\u00e4rus, mis lubab esimese gamma-kiirgusel p\u00f5hineva steriliseerimis\u00fcksuse rajamist Dagneux\u2019s.<\/li>\n<\/ul>\n<\/div>[\/vc_column][\/vc_row][vc_row][vc_column width=&#8221;1\/1&#8243;]<div class=\"spacer\" style=\"height: 40px;\"><\/div>[\/vc_column][\/vc_row][vc_row][vc_column width=&#8221;1\/4&#8243;][vc_column_text]<\/p>\n<h2><span style=\"color: #333399;\"><strong>1961<\/strong><\/span><\/h2>\n<p>[\/vc_column_text][\/vc_column][vc_column width=&#8221;3\/4&#8243;]<div class=\"minti_list wpb_content_element color-grey circle\" style=\"\">\n<ul>\n<li><b><i>Centre Lyonnais d&#8217;Application <\/i><\/b><strong><i>Atomique<\/i><\/strong> saab nimeks <b><i>Conservatome<\/i><\/b>.<\/li>\n<li>Dagneux\u2019 (D1) steriliseerimis\u00fcksuse avamine.<\/li>\n<\/ul>\n<\/div>[\/vc_column][\/vc_row][vc_row][vc_column width=&#8221;1\/1&#8243;]<div class=\"spacer\" style=\"height: 40px;\"><\/div>[\/vc_column][\/vc_row][vc_row][vc_column width=&#8221;1\/4&#8243;][vc_column_text]<\/p>\n<h2><span style=\"color: #333399;\"><strong>1962<\/strong><\/span><\/h2>\n<p>[\/vc_column_text][\/vc_column][vc_column width=&#8221;3\/4&#8243;]<div class=\"minti_list wpb_content_element color-grey circle\" style=\"\">\n<ul>\n<li>Teise steriliseerimis\u00fcksuse avamine Dagneux\u2019s (D2).<\/li>\n<\/ul>\n<\/div>[\/vc_column][\/vc_row][vc_row][vc_column width=&#8221;1\/1&#8243;]<div class=\"spacer\" style=\"height: 40px;\"><\/div>[\/vc_column][\/vc_row][vc_row][vc_column width=&#8221;1\/4&#8243;][vc_column_text]<\/p>\n<h2><span style=\"color: #333399;\"><strong>1972<\/strong><\/span><\/h2>\n<p>[\/vc_column_text][\/vc_column][vc_column width=&#8221;3\/4&#8243;]<div class=\"minti_list wpb_content_element color-grey circle\" style=\"\">\n<ul>\n<li>Kolmanda, oluliselt suurema v\u00f5imsusega steriliseerimis\u00fcksuse avamine (D3).<\/li>\n<\/ul>\n<\/div>[\/vc_column][\/vc_row][vc_row][vc_column width=&#8221;1\/1&#8243;]<div class=\"spacer\" style=\"height: 40px;\"><\/div>[\/vc_column][\/vc_row][vc_row][vc_column width=&#8221;1\/4&#8243;][vc_column_text]<\/p>\n<h2><span style=\"color: #333399;\"><strong>1978<\/strong><\/span><\/h2>\n<p>[\/vc_column_text][\/vc_column][vc_column width=&#8221;3\/4&#8243;]<div class=\"minti_list wpb_content_element color-grey circle\" style=\"\">\n<ul>\n<li>M\u00e4\u00e4rus, mis lubab ettev\u00f5ttel <b><i>Conservatome<\/i><\/b> suurendada D3 nime kandva kiiritusallika maksimaalset t\u00f6\u00f6v\u00f5imsust.<\/li>\n<\/ul>\n<\/div>[\/vc_column][\/vc_row][vc_row][vc_column width=&#8221;1\/1&#8243;]<div class=\"spacer\" style=\"height: 40px;\"><\/div>[\/vc_column][\/vc_row][vc_row][vc_column width=&#8221;1\/4&#8243;][vc_column_text]<\/p>\n<h2><span style=\"color: #333399;\"><strong>1992<\/strong><\/span><\/h2>\n<p>[\/vc_column_text][\/vc_column][vc_column width=&#8221;3\/4&#8243;]<div class=\"minti_list wpb_content_element color-grey circle\" style=\"\">\n<ul>\n<li>Uue gammakiirgusega steriliseerimis\u00fcksuse avamine <strong>Sabl\u00e9-sur-Sarthe\u2019is<\/strong>.<\/li>\n<\/ul>\n<\/div>[\/vc_column][\/vc_row][vc_row][vc_column width=&#8221;1\/1&#8243;]<div class=\"spacer\" style=\"height: 40px;\"><\/div>[\/vc_column][\/vc_row][vc_row][vc_column width=&#8221;1\/4&#8243;][vc_column_text]<\/p>\n<h2><span style=\"color: #333399;\"><strong>1993<\/strong><\/span><\/h2>\n<p>[\/vc_column_text][\/vc_column][vc_column width=&#8221;3\/4&#8243;]<div class=\"minti_list wpb_content_element color-grey circle\" style=\"\">\n<ul>\n<li><b><i>Ionisos Grupp<\/i><\/b> loodi p\u00e4rast <b><i>Conservatome<\/i><\/b> \u00fchinemist <i>AMPHYTRIONiga<\/i>, mille Pouzauges\u2019i \u00fcksus, rajatud 1989. aastal, oli esimene Euroopa steriliseerimis\u00fcksus, mis oli m\u00f5eldud toiduainet\u00f6\u00f6stusele.<\/li>\n<\/ul>\n<\/div>[\/vc_column][\/vc_row][vc_row][vc_column width=&#8221;1\/1&#8243;]<div class=\"spacer\" style=\"height: 40px;\"><\/div>[\/vc_column][\/vc_row][vc_row][vc_column width=&#8221;1\/4&#8243;][vc_column_text]<\/p>\n<h2><span style=\"color: #333399;\"><strong>1997<\/strong><\/span><\/h2>\n<p>[\/vc_column_text][\/vc_column][vc_column width=&#8221;3\/4&#8243;]<div class=\"minti_list wpb_content_element color-grey circle\" style=\"\">\n<ul>\n<li><b>Ionisos Grupp<\/b> soetab ettev\u00f5tte <i>CARIC<\/i> <strong>Chaumesnil\u2019is<\/strong>, et omandada teine tehnoloogia ioniseerivate kiirguste valdkonnas: kiirendatud elektronid (b\u00e9ta-ravi, tuntud ka kui <em>ebeam<\/em>).<\/li>\n<\/ul>\n<\/div>[\/vc_column][\/vc_row][vc_row][vc_column width=&#8221;1\/1&#8243;]<div class=\"spacer\" style=\"height: 40px;\"><\/div>[\/vc_column][\/vc_row][vc_row][vc_column width=&#8221;1\/4&#8243;][vc_column_text]<\/p>\n<h2><span style=\"color: #333399;\"><strong>2004<\/strong><\/span><\/h2>\n<p>[\/vc_column_text][\/vc_column][vc_column width=&#8221;3\/4&#8243;]<div class=\"minti_list wpb_content_element color-grey circle\" style=\"\">\n<ul>\n<li>Ionisos Grupp omandab kolmanda steriliseerimise tehnoloogia, avades oma esimese et\u00fcleenioksiidi t\u00f6\u00f6tlemise \u00fcksuse <strong>Gien\u2019is<\/strong> l\u00e4bi oma t\u00fctarettev\u00f5tte <i>STERYLENE<\/i>.<\/li>\n<\/ul>\n<\/div>[\/vc_column][\/vc_row][vc_row][vc_column width=&#8221;1\/1&#8243;]<div class=\"spacer\" style=\"height: 40px;\"><\/div>[\/vc_column][\/vc_row][vc_row][vc_column width=&#8221;1\/4&#8243;][vc_column_text]<\/p>\n<h2><span style=\"color: #333399;\"><strong>2007<\/strong><\/span><\/h2>\n<p>[\/vc_column_text][\/vc_column][vc_column width=&#8221;3\/4&#8243;]<div class=\"minti_list wpb_content_element color-grey circle\" style=\"\">\n<ul>\n<li>Ionisos alustab oma Euroopa arendustegevust, omandades ettev\u00f5tte <i>IONMED<\/i>, mis on spetsialiseerunud beeta-ravi valdkonnale <strong>Hispaanias<\/strong>.<\/li>\n<\/ul>\n<\/div>[\/vc_column][\/vc_row][vc_row][vc_column width=&#8221;1\/1&#8243;]<div class=\"spacer\" style=\"height: 40px;\"><\/div>[\/vc_column][\/vc_row][vc_row][vc_column width=&#8221;1\/4&#8243;][vc_column_text]<\/p>\n<h2><span style=\"color: #333399;\"><strong>2016<\/strong><\/span><\/h2>\n<p>[\/vc_column_text][\/vc_column][vc_column width=&#8221;3\/4&#8243;]<div class=\"minti_list wpb_content_element color-grey circle\" style=\"\">\n<ul>\n<li>Ionisos j\u00e4tkab oma Euroopa laienemist, liites ettev\u00f5tte <i>IONISOS GmbH<\/i> (endine <i>LEONI STUDER GmbH<\/i>), mis asub Bautzenis, <strong>Saksamaal<\/strong> ja on spetsialiseerunud retsikuleerimisele.<\/li>\n<\/ul>\n<\/div>[\/vc_column][\/vc_row][vc_row][vc_column width=&#8221;1\/1&#8243;]<div class=\"spacer\" style=\"height: 40px;\"><\/div>[\/vc_column][\/vc_row][vc_row][vc_column width=&#8221;1\/4&#8243;][vc_column_text]<\/p>\n<h2><span style=\"color: #333399;\"><strong>2017<\/strong><\/span><\/h2>\n<p>[\/vc_column_text][\/vc_column][vc_column width=&#8221;3\/4&#8243;]<div class=\"minti_list wpb_content_element color-grey circle\" style=\"\">\n<ul>\n<li>Ionisos tugevdab oma positsiooni Prantsusmaa turul, liites ettev\u00f5tte <i>STERMED<\/i>, mis asub Lyonist l\u00e4hedal ja on spetsialiseerunud et\u00fcleenioksiidi t\u00f6\u00f6tlemisele.<\/li>\n<li>Ionisos kuulutab v\u00e4lja ettev\u00f5tte <em>Scandinavian Clinics Estonia<\/em> omandamise. Asutatud 2005. aastal ja paikneb Harju maakonnas <strong>Eestis<\/strong>, Scandinavian Clinics Estonia on Balti riikide gamma-kiirgusega steriliseerimise spetsialist.<\/li>\n<\/ul>\n<\/div>[\/vc_column][\/vc_row][vc_row][vc_column width=&#8221;1\/1&#8243;]<div class=\"spacer\" style=\"height: 40px;\"><\/div>[\/vc_column][\/vc_row][vc_row][vc_column width=&#8221;1\/4&#8243;][vc_column_text]<\/p>\n<h2><span style=\"color: #333399;\"><strong>2018-2019<\/strong><\/span><\/h2>\n<p>[\/vc_column_text][\/vc_column][vc_column width=&#8221;3\/4&#8243;]<div class=\"minti_list wpb_content_element color-grey circle\" style=\"\">\n<ul>\n<li><em><strong>Sabl\u00e9-sur-Sarthe<\/strong><\/em>: suurendatakse t\u00f6\u00f6deldud ja t\u00f6\u00f6tlemata toodete ladustamisv\u00f5imekust, parandatakse logistilisi vooge.<\/li>\n<\/ul>\n<\/div>[\/vc_column][\/vc_row][vc_row][vc_column width=&#8221;1\/1&#8243;]<div class=\"spacer\" style=\"height: 40px;\"><\/div>[\/vc_column][\/vc_row][vc_row][vc_column width=&#8221;1\/4&#8243;][vc_column_text]<\/p>\n<h2><span style=\"color: #333399;\"><strong>2020<\/strong><\/span><\/h2>\n<p>[\/vc_column_text][\/vc_column][vc_column width=&#8221;3\/4&#8243;]<div class=\"minti_list wpb_content_element color-grey circle\" style=\"\">\n<ul>\n<li><em><strong>Eestis<\/strong><\/em>: lao mahutavuse suurendamine kohapeal.<\/li>\n<\/ul>\n<\/div>[\/vc_column][\/vc_row][vc_row][vc_column width=&#8221;1\/1&#8243;]<div class=\"spacer\" style=\"height: 40px;\"><\/div>[\/vc_column][\/vc_row][vc_row][vc_column width=&#8221;1\/4&#8243;][vc_column_text]<\/p>\n<h2><span style=\"color: #333399;\"><strong>2023<\/strong><\/span><\/h2>\n<p>[\/vc_column_text][\/vc_column][vc_column width=&#8221;3\/4&#8243;]<div class=\"minti_list wpb_content_element color-grey circle\" style=\"\">\n<ul>\n<li>Ionisos j\u00e4tkab oma kasvu Euroopas, omandades carve-out&#8217;i tehinguga osa Studer Cable&#8217;i, mis asub D\u00e4nikenis, <strong>\u0160veitsis<\/strong>, beeta-kiirgusega steriliseerimise ja retsikuleerimise tegevustest.<\/li>\n<li>Ionisos k\u00e4ivitas oma esimese <strong>r\u00f6ntgenkiirte<\/strong> tehnoloogiat kasutava objekti, mis asub Prantsusmaal, Henrivilles.<\/li>\n<\/ul>\n<\/div>[\/vc_column][\/vc_row][vc_row][vc_column width=&#8221;1\/1&#8243;][\/vc_column][\/vc_row][vc_row][vc_column width=&#8221;1\/1&#8243;]<div class=\"spacer\" style=\"height: 40px;\"><\/div>[\/vc_column][\/vc_row][vc_row bg_color=&#8221;#f4f4f4&#8243; top_padding=&#8221;50&#8243; bottom_padding=&#8221;50&#8243; bg_position=&#8221;center center&#8221;][vc_column width=&#8221;1\/4&#8243;]<div class=\"counter clearfix wpb_content_element\"><div class=\"counter-number\" style=\"color:  !important;\">11<\/div><span class=\"counter-title\">Tootmis\u00fcksused<\/span><\/div>[\/vc_column][vc_column width=&#8221;1\/4&#8243;]<div class=\"counter clearfix wpb_content_element\"><div class=\"counter-number\" style=\"color:  !important;\">280<\/div><span class=\"counter-title\">T\u00f6\u00f6tajad<\/span><\/div>[\/vc_column][vc_column width=&#8221;1\/4&#8243;]<div class=\"counter clearfix wpb_content_element\"><div class=\"counter-number\" style=\"color:  !important;\">5<\/div><span class=\"counter-title\">Riigid maailmas<\/span><\/div>[\/vc_column][vc_column width=&#8221;1\/4&#8243;]<div class=\"counter clearfix wpb_content_element\"><div class=\"counter-number\" style=\"color:  !important;\">1956<\/div><span class=\"counter-title\">Loodud aastal<\/span><\/div>[\/vc_column][\/vc_row][vc_row bg_color=&#8221;#0b2677&#8243; text_color=&#8221;light&#8221; text_align=&#8221;center&#8221; top_padding=&#8221;40&#8243; bottom_padding=&#8221;40&#8243;][vc_column width=&#8221;2\/3&#8243;]<div class=\"spacer\" style=\"height: 5px;\"><\/div>[vc_column_text]<\/p>\n<h3 style=\"text-align: left;\">Lisateabe saamiseks Ionisos grupi kohta<\/h3>\n<p>[\/vc_column_text][\/vc_column][vc_column width=&#8221;1\/3&#8243;]<a href=\"\/le-groupe\/\" target=\"_self\" class=\"button color-8 medium \" style=\"border-radius: 2px;\">Ionisos<\/a>[\/vc_column][\/vc_row]<\/p>\n","protected":false},"excerpt":{"rendered":"<p>[vc_row bg_image=&#8221;24450&#8243; bg_repeat=&#8221;no-repeat&#8221; text_color=&#8221;light&#8221; text_align=&#8221;center&#8221; top_padding=&#8221;100&#8243; bottom_padding=&#8221;100&#8243;][vc_column width=&#8221;1\/1&#8243;][\/vc_column][\/vc_row][vc_row text_align=&#8221;center&#8221;][vc_column width=&#8221;1\/1&#8243;][vc_column_text] Ionisos on spetsialiseerunud steriliseerimisele ja ristsidestamisele juba \u00fcle 60 aasta [\/vc_column_text][\/vc_column][\/vc_row][vc_row][vc_column width=&#8221;1\/1&#8243;][\/vc_column][\/vc_row][vc_row][vc_column width=&#8221;1\/4&#8243;][vc_column_text] 1956 [\/vc_column_text][\/vc_column][vc_column width=&#8221;3\/4&#8243;][\/vc_column][\/vc_row][vc_row][vc_column width=&#8221;1\/1&#8243;][\/vc_column][\/vc_row][vc_row][vc_column width=&#8221;1\/4&#8243;][vc_column_text] 1958 [\/vc_column_text][\/vc_column][vc_column width=&#8221;3\/4&#8243;][\/vc_column][\/vc_row][vc_row][vc_column width=&#8221;1\/1&#8243;][\/vc_column][\/vc_row][vc_row][vc_column width=&#8221;1\/4&#8243;][vc_column_text] 1961 [\/vc_column_text][\/vc_column][vc_column width=&#8221;3\/4&#8243;][\/vc_column][\/vc_row][vc_row][vc_column width=&#8221;1\/1&#8243;][\/vc_column][\/vc_row][vc_row][vc_column width=&#8221;1\/4&#8243;][vc_column_text] 1962 [\/vc_column_text][\/vc_column][vc_column width=&#8221;3\/4&#8243;][\/vc_column][\/vc_row][vc_row][vc_column width=&#8221;1\/1&#8243;][\/vc_column][\/vc_row][vc_row][vc_column width=&#8221;1\/4&#8243;][vc_column_text] 1972 [\/vc_column_text][\/vc_column][vc_column width=&#8221;3\/4&#8243;][\/vc_column][\/vc_row][vc_row][vc_column width=&#8221;1\/1&#8243;][\/vc_column][\/vc_row][vc_row][vc_column width=&#8221;1\/4&#8243;][vc_column_text] 1978 [\/vc_column_text][\/vc_column][vc_column width=&#8221;3\/4&#8243;][\/vc_column][\/vc_row][vc_row][vc_column width=&#8221;1\/1&#8243;][\/vc_column][\/vc_row][vc_row][vc_column width=&#8221;1\/4&#8243;][vc_column_text] 1992 [\/vc_column_text][\/vc_column][vc_column width=&#8221;3\/4&#8243;][\/vc_column][\/vc_row][vc_row][vc_column width=&#8221;1\/1&#8243;][\/vc_column][\/vc_row][vc_row][vc_column width=&#8221;1\/4&#8243;][vc_column_text] 1993 [\/vc_column_text][\/vc_column][vc_column width=&#8221;3\/4&#8243;][\/vc_column][\/vc_row][vc_row][vc_column width=&#8221;1\/1&#8243;][\/vc_column][\/vc_row][vc_row][vc_column width=&#8221;1\/4&#8243;][vc_column_text] 1997 [\/vc_column_text][\/vc_column][vc_column width=&#8221;3\/4&#8243;][\/vc_column][\/vc_row][vc_row][vc_column width=&#8221;1\/1&#8243;][\/vc_column][\/vc_row][vc_row][vc_column width=&#8221;1\/4&#8243;][vc_column_text] 2004 [\/vc_column_text][\/vc_column][vc_column width=&#8221;3\/4&#8243;][\/vc_column][\/vc_row][vc_row][vc_column width=&#8221;1\/1&#8243;][\/vc_column][\/vc_row][vc_row][vc_column width=&#8221;1\/4&#8243;][vc_column_text] 2007 [\/vc_column_text][\/vc_column][vc_column width=&#8221;3\/4&#8243;][\/vc_column][\/vc_row][vc_row][vc_column width=&#8221;1\/1&#8243;][\/vc_column][\/vc_row][vc_row][vc_column width=&#8221;1\/4&#8243;][vc_column_text] 2016 [\/vc_column_text][\/vc_column][vc_column width=&#8221;3\/4&#8243;][\/vc_column][\/vc_row][vc_row][vc_column width=&#8221;1\/1&#8243;][\/vc_column][\/vc_row][vc_row][vc_column width=&#8221;1\/4&#8243;][vc_column_text] 2017 [\/vc_column_text][\/vc_column][vc_column width=&#8221;3\/4&#8243;][\/vc_column][\/vc_row][vc_row][vc_column width=&#8221;1\/1&#8243;][\/vc_column][\/vc_row][vc_row][vc_column width=&#8221;1\/4&#8243;][vc_column_text] 2018-2019 [\/vc_column_text][\/vc_column][vc_column width=&#8221;3\/4&#8243;][\/vc_column][\/vc_row][vc_row][vc_column width=&#8221;1\/1&#8243;][\/vc_column][\/vc_row][vc_row][vc_column width=&#8221;1\/4&#8243;][vc_column_text] 2020 [\/vc_column_text][\/vc_column][vc_column width=&#8221;3\/4&#8243;][\/vc_column][\/vc_row][vc_row][vc_column width=&#8221;1\/1&#8243;][\/vc_column][\/vc_row][vc_row][vc_column width=&#8221;1\/4&#8243;][vc_column_text] 2023 [\/vc_column_text][\/vc_column][vc_column width=&#8221;3\/4&#8243;][\/vc_column][\/vc_row][vc_row][vc_column width=&#8221;1\/1&#8243;][\/vc_column][\/vc_row][vc_row][vc_column width=&#8221;1\/1&#8243;][\/vc_column][\/vc_row][vc_row bg_color=&#8221;#f4f4f4&#8243; top_padding=&#8221;50&#8243; bottom_padding=&#8221;50&#8243; bg_position=&#8221;center center&#8221;][vc_column width=&#8221;1\/4&#8243;][\/vc_column][vc_column width=&#8221;1\/4&#8243;][\/vc_column][vc_column width=&#8221;1\/4&#8243;][\/vc_column][vc_column width=&#8221;1\/4&#8243;][\/vc_column][\/vc_row][vc_row bg_color=&#8221;#0b2677&#8243; text_color=&#8221;light&#8221; text_align=&#8221;center&#8221; top_padding=&#8221;40&#8243; bottom_padding=&#8221;40&#8243;][vc_column width=&#8221;2\/3&#8243;][vc_column_text] Lisateabe saamiseks Ionisos grupi kohta [\/vc_column_text][\/vc_column][vc_column width=&#8221;1\/3&#8243;][\/vc_column][\/vc_row]<\/p>\n","protected":false},"author":1,"featured_media":0,"parent":17040,"menu_order":0,"comment_status":"closed","ping_status":"closed","template":"","meta":{"inline_featured_image":false,"footnotes":""},"class_list":["post-17061","page","type-page","status-publish","hentry"],"yoast_head":"<!-- This site is optimized with the Yoast SEO plugin v26.3 - https:\/\/yoast.com\/wordpress\/plugins\/seo\/ -->\n<title>IONISOS, gammasteriliseerimine, e-beam, r\u00f6ntgenikiirgus ja et\u00fcleenoksiidsteriliseerimine.<\/title>\n<meta name=\"description\" content=\"IONISOS on spetsialist gamma-, elektronkiire- (ebeam) ja r\u00f6ntgenkiirguse steriliseerimise ning et\u00fcleenoksiidi steriliseerimise alal, omades 12 t\u00f6\u00f6tlemiskeskust Prantsusmaal ja Euroopas. Avastage meie teenused ja eelised.\" \/>\n<meta name=\"robots\" content=\"index, follow, max-snippet:-1, max-image-preview:large, max-video-preview:-1\" \/>\n<link rel=\"canonical\" href=\"https:\/\/www.ionisos.com\/le-groupe\/notre-histoire\/\" \/>\n<meta property=\"og:locale\" content=\"et_EE\" \/>\n<meta property=\"og:type\" content=\"article\" \/>\n<meta property=\"og:title\" content=\"IONISOS, gammasteriliseerimine, e-beam, r\u00f6ntgenikiirgus ja et\u00fcleenoksiidsteriliseerimine.\" \/>\n<meta property=\"og:description\" content=\"IONISOS on spetsialist gamma-, elektronkiire- (ebeam) ja r\u00f6ntgenkiirguse steriliseerimise ning et\u00fcleenoksiidi steriliseerimise alal, omades 12 t\u00f6\u00f6tlemiskeskust Prantsusmaal ja Euroopas. Avastage meie teenused ja eelised.\" \/>\n<meta property=\"og:url\" content=\"https:\/\/www.ionisos.com\/le-groupe\/notre-histoire\/\" \/>\n<meta property=\"og:site_name\" content=\"Ionisos\" \/>\n<meta property=\"article:modified_time\" content=\"2025-04-16T14:19:36+00:00\" \/>\n<meta name=\"twitter:card\" content=\"summary_large_image\" \/>\n<meta name=\"twitter:label1\" content=\"Est. reading time\" \/>\n\t<meta name=\"twitter:data1\" content=\"3 minutit\" \/>\n<script type=\"application\/ld+json\" class=\"yoast-schema-graph\">{\"@context\":\"https:\/\/schema.org\",\"@graph\":[{\"@type\":\"WebPage\",\"@id\":\"https:\/\/www.ionisos.com\/le-groupe\/notre-histoire\/\",\"url\":\"https:\/\/www.ionisos.com\/le-groupe\/notre-histoire\/\",\"name\":\"IONISOS, gammasteriliseerimine, e-beam, r\u00f6ntgenikiirgus ja et\u00fcleenoksiidsteriliseerimine.\",\"isPartOf\":{\"@id\":\"https:\/\/www.ionisos.com\/#website\"},\"datePublished\":\"2017-11-14T15:28:48+00:00\",\"dateModified\":\"2025-04-16T14:19:36+00:00\",\"description\":\"IONISOS on spetsialist gamma-, elektronkiire- (ebeam) ja r\u00f6ntgenkiirguse steriliseerimise ning et\u00fcleenoksiidi steriliseerimise alal, omades 12 t\u00f6\u00f6tlemiskeskust Prantsusmaal ja Euroopas. Avastage meie teenused ja eelised.\",\"breadcrumb\":{\"@id\":\"https:\/\/www.ionisos.com\/le-groupe\/notre-histoire\/#breadcrumb\"},\"inLanguage\":\"et\",\"potentialAction\":[{\"@type\":\"ReadAction\",\"target\":[\"https:\/\/www.ionisos.com\/le-groupe\/notre-histoire\/\"]}]},{\"@type\":\"BreadcrumbList\",\"@id\":\"https:\/\/www.ionisos.com\/le-groupe\/notre-histoire\/#breadcrumb\",\"itemListElement\":[{\"@type\":\"ListItem\",\"position\":1,\"name\":\"Accueil\",\"item\":\"https:\/\/www.ionisos.com\/et\/\"},{\"@type\":\"ListItem\",\"position\":2,\"name\":\"Ionisos\",\"item\":\"https:\/\/www.ionisos.com\/et\/grupp\/\"},{\"@type\":\"ListItem\",\"position\":3,\"name\":\"Meie lugu\"}]},{\"@type\":\"WebSite\",\"@id\":\"https:\/\/www.ionisos.com\/#website\",\"url\":\"https:\/\/www.ionisos.com\/\",\"name\":\"Ionisos\",\"description\":\"Ionisation par \u00e9lectrons acc\u00e9l\u00e9r\u00e9s, rayons gamma, rayons X et oxyde d&#039;\u00e9thyl\u00e8ne\",\"potentialAction\":[{\"@type\":\"SearchAction\",\"target\":{\"@type\":\"EntryPoint\",\"urlTemplate\":\"https:\/\/www.ionisos.com\/?s={search_term_string}\"},\"query-input\":{\"@type\":\"PropertyValueSpecification\",\"valueRequired\":true,\"valueName\":\"search_term_string\"}}],\"inLanguage\":\"et\"}]}<\/script>\n<!-- \/ Yoast SEO plugin. -->","yoast_head_json":{"title":"IONISOS, gammasteriliseerimine, e-beam, r\u00f6ntgenikiirgus ja et\u00fcleenoksiidsteriliseerimine.","description":"IONISOS on spetsialist gamma-, elektronkiire- (ebeam) ja r\u00f6ntgenkiirguse steriliseerimise ning et\u00fcleenoksiidi steriliseerimise alal, omades 12 t\u00f6\u00f6tlemiskeskust Prantsusmaal ja Euroopas. Avastage meie teenused ja eelised.","robots":{"index":"index","follow":"follow","max-snippet":"max-snippet:-1","max-image-preview":"max-image-preview:large","max-video-preview":"max-video-preview:-1"},"canonical":"https:\/\/www.ionisos.com\/le-groupe\/notre-histoire\/","og_locale":"et_EE","og_type":"article","og_title":"IONISOS, gammasteriliseerimine, e-beam, r\u00f6ntgenikiirgus ja et\u00fcleenoksiidsteriliseerimine.","og_description":"IONISOS on spetsialist gamma-, elektronkiire- (ebeam) ja r\u00f6ntgenkiirguse steriliseerimise ning et\u00fcleenoksiidi steriliseerimise alal, omades 12 t\u00f6\u00f6tlemiskeskust Prantsusmaal ja Euroopas. Avastage meie teenused ja eelised.","og_url":"https:\/\/www.ionisos.com\/le-groupe\/notre-histoire\/","og_site_name":"Ionisos","article_modified_time":"2025-04-16T14:19:36+00:00","twitter_card":"summary_large_image","twitter_misc":{"Est. reading time":"3 minutit"},"schema":{"@context":"https:\/\/schema.org","@graph":[{"@type":"WebPage","@id":"https:\/\/www.ionisos.com\/le-groupe\/notre-histoire\/","url":"https:\/\/www.ionisos.com\/le-groupe\/notre-histoire\/","name":"IONISOS, gammasteriliseerimine, e-beam, r\u00f6ntgenikiirgus ja et\u00fcleenoksiidsteriliseerimine.","isPartOf":{"@id":"https:\/\/www.ionisos.com\/#website"},"datePublished":"2017-11-14T15:28:48+00:00","dateModified":"2025-04-16T14:19:36+00:00","description":"IONISOS on spetsialist gamma-, elektronkiire- (ebeam) ja r\u00f6ntgenkiirguse steriliseerimise ning et\u00fcleenoksiidi steriliseerimise alal, omades 12 t\u00f6\u00f6tlemiskeskust Prantsusmaal ja Euroopas. Avastage meie teenused ja eelised.","breadcrumb":{"@id":"https:\/\/www.ionisos.com\/le-groupe\/notre-histoire\/#breadcrumb"},"inLanguage":"et","potentialAction":[{"@type":"ReadAction","target":["https:\/\/www.ionisos.com\/le-groupe\/notre-histoire\/"]}]},{"@type":"BreadcrumbList","@id":"https:\/\/www.ionisos.com\/le-groupe\/notre-histoire\/#breadcrumb","itemListElement":[{"@type":"ListItem","position":1,"name":"Accueil","item":"https:\/\/www.ionisos.com\/et\/"},{"@type":"ListItem","position":2,"name":"Ionisos","item":"https:\/\/www.ionisos.com\/et\/grupp\/"},{"@type":"ListItem","position":3,"name":"Meie lugu"}]},{"@type":"WebSite","@id":"https:\/\/www.ionisos.com\/#website","url":"https:\/\/www.ionisos.com\/","name":"Ionisos","description":"Ionisation par \u00e9lectrons acc\u00e9l\u00e9r\u00e9s, rayons gamma, rayons X et oxyde d&#039;\u00e9thyl\u00e8ne","potentialAction":[{"@type":"SearchAction","target":{"@type":"EntryPoint","urlTemplate":"https:\/\/www.ionisos.com\/?s={search_term_string}"},"query-input":{"@type":"PropertyValueSpecification","valueRequired":true,"valueName":"search_term_string"}}],"inLanguage":"et"}]}},"_links":{"self":[{"href":"https:\/\/www.ionisos.com\/et\/wp-json\/wp\/v2\/pages\/17061","targetHints":{"allow":["GET"]}}],"collection":[{"href":"https:\/\/www.ionisos.com\/et\/wp-json\/wp\/v2\/pages"}],"about":[{"href":"https:\/\/www.ionisos.com\/et\/wp-json\/wp\/v2\/types\/page"}],"author":[{"embeddable":true,"href":"https:\/\/www.ionisos.com\/et\/wp-json\/wp\/v2\/users\/1"}],"replies":[{"embeddable":true,"href":"https:\/\/www.ionisos.com\/et\/wp-json\/wp\/v2\/comments?post=17061"}],"version-history":[{"count":19,"href":"https:\/\/www.ionisos.com\/et\/wp-json\/wp\/v2\/pages\/17061\/revisions"}],"predecessor-version":[{"id":26601,"href":"https:\/\/www.ionisos.com\/et\/wp-json\/wp\/v2\/pages\/17061\/revisions\/26601"}],"up":[{"embeddable":true,"href":"https:\/\/www.ionisos.com\/et\/wp-json\/wp\/v2\/pages\/17040"}],"wp:attachment":[{"href":"https:\/\/www.ionisos.com\/et\/wp-json\/wp\/v2\/media?parent=17061"}],"curies":[{"name":"wp","href":"https:\/\/api.w.org\/{rel}","templated":true}]}}