 {"id":17057,"date":"2017-11-14T16:25:03","date_gmt":"2017-11-14T15:25:03","guid":{"rendered":"https:\/\/www.ionisos.com\/?page_id=17057"},"modified":"2025-04-17T16:47:55","modified_gmt":"2025-04-17T14:47:55","slug":"gamma-tootlus","status":"publish","type":"page","link":"https:\/\/www.ionisos.com\/et\/meie-tegevused\/gamma-tootlus\/","title":{"rendered":"Gamma-t\u00f6\u00f6tlus"},"content":{"rendered":"<p>[vc_row bg_image=&#8221;15639&#8243; bg_repeat=&#8221;no-repeat&#8221; text_color=&#8221;light&#8221; text_align=&#8221;center&#8221; top_padding=&#8221;100&#8243; bottom_padding=&#8221;100&#8243;][vc_column width=&#8221;1\/1&#8243;]<h1 class=\"headline font-special fontsize-xxxl fontweight-inherit lh-inherit align-center transform-uppercase \" style=\"margin: 0;\">Gamma <strong>t\u00f6\u00f6tlemine<\/strong><\/h1>[\/vc_column][\/vc_row][vc_row][vc_column width=&#8221;1\/1&#8243;]<div class=\"spacer\" style=\"height: 40px;\"><\/div>[vc_column_text]<\/p>\n<p style=\"text-align: center;\"><span style=\"font-family: Abel; font-size: 25px;\">Ioniseerimisprotsess, mis on rakendatud rajatises, seisneb toodete kokkupuutes gamma-kiirgusega, mis on toodetud 60. koobaltiallikaga piiratud aja jooksul.<\/span><\/p>\n<p>[\/vc_column_text]<div class=\"spacer\" style=\"height: 40px;\"><\/div>[\/vc_column][\/vc_row][vc_row][vc_column width=&#8221;1\/2&#8243;]<div class=\"video-embed  wpb_content_element\"><iframe loading=\"lazy\" title=\"Ionisos - Technologie par rayonnement gamma\" width=\"1161\" height=\"653\" src=\"https:\/\/www.youtube.com\/embed\/lNILZl7pia0?feature=oembed\" frameborder=\"0\" allow=\"accelerometer; autoplay; clipboard-write; encrypted-media; gyroscope; picture-in-picture; web-share\" referrerpolicy=\"strict-origin-when-cross-origin\" allowfullscreen><\/iframe><\/div>[\/vc_column][vc_column width=&#8221;1\/2&#8243;][vc_column_text]<\/p>\n<p style=\"text-align: justify;\">Allikas on pidevalt t\u00f6\u00f6tlemispositsioonil, see t\u00e4hendab, et see hoitakse \u00f5hus t\u00f6\u00f6tlemisrakus.<\/p>\n<p style=\"text-align: justify;\">Automaatne s\u00fcsteem juhib tooted kiirgusruumi, seej\u00e4rel suunab need kiirgusallika ette kindla tee ja sobiva kiiruseni, enne kui need rakust v\u00e4lja viiakse.<\/p>\n<p>[\/vc_column_text]<div class=\"minti_list wpb_content_element color-accent plus\" style=\"padding-left: 10px;\">\n<p>Imendatud annus (konkreetse osakoha jaoks, olenemata selle asukohast ionisaatoris) s\u00f5ltub peamiselt j\u00e4rgmistest teguritest:<\/p>\n<ul>\n<li>allika aktiivsus ja konfiguratsioon,<\/li>\n<li>vahemaa allika ja balanseerimise vahel,<\/li>\n<li>kiiritusaja kestus,<\/li>\n<li>materjalide koostis ja tihedus.<\/li>\n<\/ul>\n<\/div>[\/vc_column][\/vc_row][vc_row][vc_column width=&#8221;1\/1&#8243;]<div class=\"spacer\" style=\"height: 80px;\"><\/div>[vc_column_text]<\/p>\n<p style=\"text-align: center;\"><span style=\"font-family: Abel;\"><span style=\"font-size: 25px;\">Meie gamma t\u00f6\u00f6tlemise keskused<\/span><\/span><\/p>\n<p>[\/vc_column_text]<div class=\"spacer\" style=\"height: 30px;\"><\/div>[\/vc_column][\/vc_row][vc_row][vc_column width=&#8221;1\/4&#8243;]<a href=\"https:\/\/www.ionisos.com\/nos-sites\/dagneux\/\" target=\"_self\" class=\"button custom full \" style=\"background-color: #5996d1; border-color: #5996d1;border-radius: 2px;\"><strong>DAGNEUX<\/strong><br \/>\nPrantsusmaa<\/a>[\/vc_column][vc_column width=&#8221;1\/4&#8243;]<a href=\"https:\/\/www.ionisos.com\/nos-sites\/pouzauges\/\" target=\"_self\" class=\"button custom full \" style=\"background-color: #5996d1; border-color: #5996d1;border-radius: 2px;\"><strong>POUZAUGES<\/strong><br \/>\nPrantsusmaa<\/a>[\/vc_column][vc_column width=&#8221;1\/4&#8243;]<a href=\"https:\/\/www.ionisos.com\/nos-sites\/sable-sur-sarthe\/\" target=\"_self\" class=\"button custom full \" style=\"background-color: #5996d1; border-color: #5996d1;border-radius: 2px;\"><strong>SABLE-SUR-SARTHE<\/strong><br \/>\nPrantsusmaa<\/a>[\/vc_column][vc_column width=&#8221;1\/4&#8243;]<a href=\"https:\/\/www.ionisos.com\/et\/meie-asukohad\/tallinn\/\" target=\"_self\" class=\"button custom full \" style=\"background-color: #5996d1; border-color: #5996d1;border-radius: 2px;\"><strong>TALLINN<\/strong><br \/>\nEesti<\/a>[\/vc_column][\/vc_row][vc_row][vc_column width=&#8221;1\/1&#8243;]<div class=\"spacer\" style=\"height: 40px;\"><\/div>[\/vc_column][\/vc_row][vc_row bg_color=&#8221;#0b2677&#8243; text_color=&#8221;light&#8221; text_align=&#8221;center&#8221; top_padding=&#8221;40&#8243; bottom_padding=&#8221;40&#8243;][vc_column width=&#8221;2\/3&#8243;]<div class=\"spacer\" style=\"height: 5px;\"><\/div>[vc_column_text]<\/p>\n<h3 style=\"text-align: left;\">Ionisos pakub ka beetakiirguse ja et\u00fcleendioksiidi t\u00f6\u00f6tlemist.<\/h3>\n<p>[\/vc_column_text][\/vc_column][vc_column width=&#8221;1\/3&#8243;][vc_column_text]<a href=\"\/et\/elektronkiire-tootlemine\/\" target=\"_self\" class=\"button color-8 medium \" style=\"border-radius: 2px;\">E-beam<\/a> \u00a0 \u00a0 \u00a0 \u00a0<a href=\"\/nos-activites\/loxyde-dethylene\/\" target=\"_self\" class=\"button color-8 medium \" style=\"border-radius: 2px;\">Etyleenoksiid<\/a>[\/vc_column_text][\/vc_column][\/vc_row]<\/p>\n","protected":false},"excerpt":{"rendered":"<p>[vc_row bg_image=&#8221;15639&#8243; bg_repeat=&#8221;no-repeat&#8221; text_color=&#8221;light&#8221; text_align=&#8221;center&#8221; top_padding=&#8221;100&#8243; bottom_padding=&#8221;100&#8243;][vc_column width=&#8221;1\/1&#8243;][\/vc_column][\/vc_row][vc_row][vc_column width=&#8221;1\/1&#8243;][vc_column_text] Ioniseerimisprotsess, mis on rakendatud rajatises, seisneb toodete kokkupuutes gamma-kiirgusega, mis on toodetud 60. koobaltiallikaga piiratud aja jooksul. [\/vc_column_text][\/vc_column][\/vc_row][vc_row][vc_column width=&#8221;1\/2&#8243;][\/vc_column][vc_column width=&#8221;1\/2&#8243;][vc_column_text] Allikas on pidevalt t\u00f6\u00f6tlemispositsioonil, see t\u00e4hendab, et see hoitakse \u00f5hus t\u00f6\u00f6tlemisrakus. Automaatne s\u00fcsteem juhib tooted kiirgusruumi, seej\u00e4rel suunab need kiirgusallika ette kindla tee ja sobiva kiiruseni, enne kui need rakust v\u00e4lja viiakse. [\/vc_column_text][\/vc_column][\/vc_row][vc_row][vc_column width=&#8221;1\/1&#8243;][vc_column_text] Meie gamma t\u00f6\u00f6tlemise keskused [\/vc_column_text][\/vc_column][\/vc_row][vc_row][vc_column width=&#8221;1\/4&#8243;][\/vc_column][vc_column width=&#8221;1\/4&#8243;][\/vc_column][vc_column width=&#8221;1\/4&#8243;][\/vc_column][vc_column width=&#8221;1\/4&#8243;][\/vc_column][\/vc_row][vc_row][vc_column width=&#8221;1\/1&#8243;][\/vc_column][\/vc_row][vc_row bg_color=&#8221;#0b2677&#8243; text_color=&#8221;light&#8221; text_align=&#8221;center&#8221; top_padding=&#8221;40&#8243; bottom_padding=&#8221;40&#8243;][vc_column width=&#8221;2\/3&#8243;][vc_column_text] Ionisos pakub ka beetakiirguse ja et\u00fcleendioksiidi t\u00f6\u00f6tlemist. [\/vc_column_text][\/vc_column][vc_column width=&#8221;1\/3&#8243;][vc_column_text] \u00a0 \u00a0 \u00a0 \u00a0[\/vc_column_text][\/vc_column][\/vc_row]<\/p>\n","protected":false},"author":1,"featured_media":0,"parent":17050,"menu_order":0,"comment_status":"closed","ping_status":"closed","template":"","meta":{"inline_featured_image":false,"footnotes":""},"class_list":["post-17057","page","type-page","status-publish","hentry"],"yoast_head":"<!-- This site is optimized with the Yoast SEO plugin v26.3 - https:\/\/yoast.com\/wordpress\/plugins\/seo\/ -->\n<title>Gamma-t\u00f6\u00f6tlus - Ionisos<\/title>\n<meta name=\"description\" content=\"Ionisos t\u00f6\u00f6tleb teie tooteid (pakendid, meditsiiniseadmed, farmaatsiatooted ja veterinaartooted) gamma kiirituse abil\" \/>\n<meta name=\"robots\" content=\"index, follow, max-snippet:-1, max-image-preview:large, max-video-preview:-1\" \/>\n<link rel=\"canonical\" href=\"https:\/\/www.ionisos.com\/et\/meie-tegevused\/gamma-tootlus\/\" \/>\n<meta property=\"og:locale\" content=\"et_EE\" \/>\n<meta property=\"og:type\" content=\"article\" \/>\n<meta property=\"og:title\" content=\"Gamma-t\u00f6\u00f6tlus - Ionisos\" \/>\n<meta property=\"og:description\" content=\"Ionisos t\u00f6\u00f6tleb teie tooteid (pakendid, meditsiiniseadmed, farmaatsiatooted ja veterinaartooted) gamma kiirituse abil\" \/>\n<meta property=\"og:url\" content=\"https:\/\/www.ionisos.com\/et\/meie-tegevused\/gamma-tootlus\/\" \/>\n<meta property=\"og:site_name\" content=\"Ionisos\" \/>\n<meta property=\"article:modified_time\" content=\"2025-04-17T14:47:55+00:00\" \/>\n<meta name=\"twitter:card\" content=\"summary_large_image\" \/>\n<meta name=\"twitter:label1\" content=\"Est. reading time\" \/>\n\t<meta name=\"twitter:data1\" content=\"2 minutit\" \/>\n<script type=\"application\/ld+json\" class=\"yoast-schema-graph\">{\"@context\":\"https:\/\/schema.org\",\"@graph\":[{\"@type\":\"WebPage\",\"@id\":\"https:\/\/www.ionisos.com\/et\/meie-tegevused\/gamma-tootlus\/\",\"url\":\"https:\/\/www.ionisos.com\/et\/meie-tegevused\/gamma-tootlus\/\",\"name\":\"Gamma-t\u00f6\u00f6tlus - Ionisos\",\"isPartOf\":{\"@id\":\"https:\/\/www.ionisos.com\/#website\"},\"datePublished\":\"2017-11-14T15:25:03+00:00\",\"dateModified\":\"2025-04-17T14:47:55+00:00\",\"description\":\"Ionisos t\u00f6\u00f6tleb teie tooteid (pakendid, meditsiiniseadmed, farmaatsiatooted ja veterinaartooted) gamma kiirituse abil\",\"breadcrumb\":{\"@id\":\"https:\/\/www.ionisos.com\/et\/meie-tegevused\/gamma-tootlus\/#breadcrumb\"},\"inLanguage\":\"et\",\"potentialAction\":[{\"@type\":\"ReadAction\",\"target\":[\"https:\/\/www.ionisos.com\/et\/meie-tegevused\/gamma-tootlus\/\"]}]},{\"@type\":\"BreadcrumbList\",\"@id\":\"https:\/\/www.ionisos.com\/et\/meie-tegevused\/gamma-tootlus\/#breadcrumb\",\"itemListElement\":[{\"@type\":\"ListItem\",\"position\":1,\"name\":\"Accueil\",\"item\":\"https:\/\/www.ionisos.com\/et\/\"},{\"@type\":\"ListItem\",\"position\":2,\"name\":\"Meie tegevused\",\"item\":\"https:\/\/www.ionisos.com\/et\/meie-tegevused\/\"},{\"@type\":\"ListItem\",\"position\":3,\"name\":\"Gamma-t\u00f6\u00f6tlus\"}]},{\"@type\":\"WebSite\",\"@id\":\"https:\/\/www.ionisos.com\/#website\",\"url\":\"https:\/\/www.ionisos.com\/\",\"name\":\"Ionisos\",\"description\":\"Ionisation par \u00e9lectrons acc\u00e9l\u00e9r\u00e9s, rayons gamma, rayons X et oxyde d&#039;\u00e9thyl\u00e8ne\",\"potentialAction\":[{\"@type\":\"SearchAction\",\"target\":{\"@type\":\"EntryPoint\",\"urlTemplate\":\"https:\/\/www.ionisos.com\/?s={search_term_string}\"},\"query-input\":{\"@type\":\"PropertyValueSpecification\",\"valueRequired\":true,\"valueName\":\"search_term_string\"}}],\"inLanguage\":\"et\"}]}<\/script>\n<!-- \/ Yoast SEO plugin. -->","yoast_head_json":{"title":"Gamma-t\u00f6\u00f6tlus - Ionisos","description":"Ionisos t\u00f6\u00f6tleb teie tooteid (pakendid, meditsiiniseadmed, farmaatsiatooted ja veterinaartooted) gamma kiirituse abil","robots":{"index":"index","follow":"follow","max-snippet":"max-snippet:-1","max-image-preview":"max-image-preview:large","max-video-preview":"max-video-preview:-1"},"canonical":"https:\/\/www.ionisos.com\/et\/meie-tegevused\/gamma-tootlus\/","og_locale":"et_EE","og_type":"article","og_title":"Gamma-t\u00f6\u00f6tlus - Ionisos","og_description":"Ionisos t\u00f6\u00f6tleb teie tooteid (pakendid, meditsiiniseadmed, farmaatsiatooted ja veterinaartooted) gamma kiirituse abil","og_url":"https:\/\/www.ionisos.com\/et\/meie-tegevused\/gamma-tootlus\/","og_site_name":"Ionisos","article_modified_time":"2025-04-17T14:47:55+00:00","twitter_card":"summary_large_image","twitter_misc":{"Est. reading time":"2 minutit"},"schema":{"@context":"https:\/\/schema.org","@graph":[{"@type":"WebPage","@id":"https:\/\/www.ionisos.com\/et\/meie-tegevused\/gamma-tootlus\/","url":"https:\/\/www.ionisos.com\/et\/meie-tegevused\/gamma-tootlus\/","name":"Gamma-t\u00f6\u00f6tlus - Ionisos","isPartOf":{"@id":"https:\/\/www.ionisos.com\/#website"},"datePublished":"2017-11-14T15:25:03+00:00","dateModified":"2025-04-17T14:47:55+00:00","description":"Ionisos t\u00f6\u00f6tleb teie tooteid (pakendid, meditsiiniseadmed, farmaatsiatooted ja veterinaartooted) gamma kiirituse abil","breadcrumb":{"@id":"https:\/\/www.ionisos.com\/et\/meie-tegevused\/gamma-tootlus\/#breadcrumb"},"inLanguage":"et","potentialAction":[{"@type":"ReadAction","target":["https:\/\/www.ionisos.com\/et\/meie-tegevused\/gamma-tootlus\/"]}]},{"@type":"BreadcrumbList","@id":"https:\/\/www.ionisos.com\/et\/meie-tegevused\/gamma-tootlus\/#breadcrumb","itemListElement":[{"@type":"ListItem","position":1,"name":"Accueil","item":"https:\/\/www.ionisos.com\/et\/"},{"@type":"ListItem","position":2,"name":"Meie tegevused","item":"https:\/\/www.ionisos.com\/et\/meie-tegevused\/"},{"@type":"ListItem","position":3,"name":"Gamma-t\u00f6\u00f6tlus"}]},{"@type":"WebSite","@id":"https:\/\/www.ionisos.com\/#website","url":"https:\/\/www.ionisos.com\/","name":"Ionisos","description":"Ionisation par \u00e9lectrons acc\u00e9l\u00e9r\u00e9s, rayons gamma, rayons X et oxyde d&#039;\u00e9thyl\u00e8ne","potentialAction":[{"@type":"SearchAction","target":{"@type":"EntryPoint","urlTemplate":"https:\/\/www.ionisos.com\/?s={search_term_string}"},"query-input":{"@type":"PropertyValueSpecification","valueRequired":true,"valueName":"search_term_string"}}],"inLanguage":"et"}]}},"_links":{"self":[{"href":"https:\/\/www.ionisos.com\/et\/wp-json\/wp\/v2\/pages\/17057","targetHints":{"allow":["GET"]}}],"collection":[{"href":"https:\/\/www.ionisos.com\/et\/wp-json\/wp\/v2\/pages"}],"about":[{"href":"https:\/\/www.ionisos.com\/et\/wp-json\/wp\/v2\/types\/page"}],"author":[{"embeddable":true,"href":"https:\/\/www.ionisos.com\/et\/wp-json\/wp\/v2\/users\/1"}],"replies":[{"embeddable":true,"href":"https:\/\/www.ionisos.com\/et\/wp-json\/wp\/v2\/comments?post=17057"}],"version-history":[{"count":8,"href":"https:\/\/www.ionisos.com\/et\/wp-json\/wp\/v2\/pages\/17057\/revisions"}],"predecessor-version":[{"id":26667,"href":"https:\/\/www.ionisos.com\/et\/wp-json\/wp\/v2\/pages\/17057\/revisions\/26667"}],"up":[{"embeddable":true,"href":"https:\/\/www.ionisos.com\/et\/wp-json\/wp\/v2\/pages\/17050"}],"wp:attachment":[{"href":"https:\/\/www.ionisos.com\/et\/wp-json\/wp\/v2\/media?parent=17057"}],"curies":[{"name":"wp","href":"https:\/\/api.w.org\/{rel}","templated":true}]}}