 {"id":17055,"date":"2017-11-14T16:23:27","date_gmt":"2017-11-14T15:23:27","guid":{"rendered":"https:\/\/www.ionisos.com\/?page_id=17055"},"modified":"2025-04-17T17:16:27","modified_gmt":"2025-04-17T15:16:27","slug":"beeta-tootlus","status":"publish","type":"page","link":"https:\/\/www.ionisos.com\/et\/meie-tegevused\/beeta-tootlus\/","title":{"rendered":"E-beami t\u00f6\u00f6tlemine"},"content":{"rendered":"<p>[vc_row bg_image=&#8221;15629&#8243; bg_repeat=&#8221;no-repeat&#8221; text_color=&#8221;light&#8221; text_align=&#8221;center&#8221; top_padding=&#8221;100&#8243; bottom_padding=&#8221;100&#8243;][vc_column width=&#8221;1\/1&#8243;]<h1 class=\"headline font-special fontsize-xxxl fontweight-inherit lh-inherit align-center transform-uppercase \" style=\"margin: 0;\">T\u00f6\u00f6tlus <strong>Ebeam<\/strong><\/h1>[\/vc_column][\/vc_row][vc_row][vc_column width=&#8221;1\/1&#8243;]<div class=\"spacer\" style=\"height: 40px;\"><\/div>[vc_column_text]<\/p>\n<p style=\"text-align: center;\"><span style=\"font-family: Abel; font-size: 25px;\">Rajatises kasutatav ionisatsiooniprotsess seisneb selles, et <strong>t\u00f6\u00f6deldavad tooted juhitakse pidevalt ja reguleeritud kiirusel l\u00e4bi Ebeam-kiirguse<\/strong>, mida tekitab elektronkiirendi.<\/span><\/p>\n<p>\u00a0[\/vc_column_text]<div class=\"spacer\" style=\"height: 40px;\"><\/div>[\/vc_column][\/vc_row][vc_row][vc_column width=&#8221;1\/2&#8243;]<div class=\"video-embed  wpb_content_element\"><iframe loading=\"lazy\" title=\"Ionisos - Technologie par rayonnement b\u00eata\" width=\"1161\" height=\"653\" src=\"https:\/\/www.youtube.com\/embed\/gni0ign70lU?feature=oembed\" frameborder=\"0\" allow=\"accelerometer; autoplay; clipboard-write; encrypted-media; gyroscope; picture-in-picture; web-share\" referrerpolicy=\"strict-origin-when-cross-origin\" allowfullscreen><\/iframe><\/div>[\/vc_column][vc_column width=&#8221;1\/2&#8243;][vc_column_text]<\/p>\n<p style=\"text-align: justify;\">V\u00e4ljutatud elektronidel on ainult \u00fcks energiataset: <strong>9,8 MeV +\/- 0,2.<\/strong><\/p>\n<p style=\"text-align: justify;\"><strong>Automaatne konveiers\u00fcsteem<\/strong> suunab tooted kiirguskambrisse, seej\u00e4rel liigutab neid l\u00e4bi elektronkiire sobiva kiirusega (s\u00f5ltuvalt doosist ja toote omadustest).<\/p>\n<p style=\"text-align: justify;\">T\u00f6\u00f6tlus toimub tavaliselt <strong>kahe l\u00e4bimisega kiire all<\/strong>: \u00fcks l\u00e4bimine karp \u00f5igesti, teine l\u00e4bimine karp pahupidi (kahepoolne t\u00f6\u00f6tlus).<\/p>\n<p>\u00a0[\/vc_column_text]<div class=\"minti_list wpb_content_element color-accent plus\" style=\"padding-left: 10px;\">Toote poolt neelatud doos s\u00f5ltub peamiselt j\u00e4rgmistest teguritest:<\/p>\n<ul>\n<li>elektronkiire v\u00f5imsus ja energia,<\/li>\n<li>kiirus kiire all liikumiseks,<\/li>\n<li>materjalide koostis ja tihedus.<\/li>\n<\/ul>\n<\/div>[vc_tta_accordion style=&#8221;flat&#8221; active_section=&#8221;0&#8243; collapsible_all=&#8221;true&#8221;][vc_tta_section title=&#8221;Tehnika: Ebeam-kiirgus, pakendites&#8221; tab_id=&#8221;1490622542764-db62caec-e48a&#8221;][vc_column_text]<\/p>\n<p style=\"text-align: justify;\">Elektronkiired toodetakse <strong>elektrigeneraatorite abil, mis kasutavad v\u00e4ga l\u00e4bitungivaid<\/strong> k\u00f5rge energiaga elektrone (10 MeV).<\/p>\n<p style=\"text-align: justify;\">T\u00f6\u00f6tlus toimub pidevalt; see on <strong>kiire<\/strong>, kiiritamise kestus on vaid m\u00f5ni sekund.<\/p>\n<p style=\"text-align: justify;\">Doos, mida v\u00e4ljendatakse \u00fchikutes kiloGray (kGy), on p\u00f6\u00f6rdv\u00f5rdelises seoses konveieri kiirusega elektronkiire all.<\/p>\n<p style=\"text-align: justify;\">P\u00e4rast pakendite eelnevat valideerimist on konveieri kiirus ainus vajalik kontrollparameeter.<\/p>\n<p style=\"text-align: justify;\"><strong>Turvaline ja korduv t\u00f6\u00f6tlus.<\/strong><\/p>\n<p style=\"text-align: justify;\">Arvutifailid, tootmiskirjete arhiveerimine ja protsessi lihtsus tagavad <strong>t\u00f6\u00f6tluste korduvuse ja ohutuse<\/strong>.<\/p>\n<p style=\"text-align: justify;\">Tegemist on <strong>f\u00fc\u00fcsikalise protsessiga, millel puuduvad j\u00e4\u00e4kefektid ja mis ei p\u00f5hjusta temperatuuri t\u00f5usu<\/strong>.<\/p>\n<p>\u00a0[\/vc_column_text][\/vc_tta_section][\/vc_tta_accordion][\/vc_column][\/vc_row][vc_row][vc_column width=&#8221;1\/1&#8243;]<div class=\"spacer\" style=\"height: 80px;\"><\/div>[vc_column_text]<\/p>\n<p style=\"text-align: center;\"><span style=\"font-family: Abel;\"><span style=\"font-size: 25px;\">Meie Ebeam t\u00f6\u00f6tluskohad<\/span><\/span><\/p>\n<p>\u00a0[\/vc_column_text]<div class=\"spacer\" style=\"height: 30px;\"><\/div>[\/vc_column][\/vc_row][vc_row][vc_column width=&#8221;1\/4&#8243;]<a href=\"https:\/\/www.ionisos.com\/nos-sites\/bautzen\/\" target=\"_self\" class=\"button custom full \" style=\"background-color: #ea5045; border-color: #ea5045;border-radius: 2px;\"><strong>BAUTZEN<\/strong><br \/>\nSaksamaa<\/a>[\/vc_column][vc_column width=&#8221;1\/4&#8243;]<a href=\"https:\/\/www.ionisos.com\/nos-sites\/chaumesnil\/\" target=\"_self\" class=\"button custom full \" style=\"background-color: #ea5045; border-color: #ea5045;border-radius: 2px;\"><strong>CHAUMESNIL<\/strong><br \/>\nPrantsusmaa<\/a>[\/vc_column][vc_column width=&#8221;1\/4&#8243;]<a href=\"https:\/\/www.ionisos.com\/nos-sites\/daniken\/\" target=\"_self\" class=\"button custom full \" style=\"background-color: #ea5045; border-color: #ea5045;border-radius: 2px;\"><strong>D\u00c4NIKEN<\/strong><br \/>\n\u0160veits<\/a>[\/vc_column][vc_column width=&#8221;1\/4&#8243;]<a href=\"https:\/\/www.ionisos.com\/nos-sites\/ionisos-iberica\/\" target=\"_self\" class=\"button custom full \" style=\"background-color: #ea5045; border-color: #ea5045;border-radius: 2px;\"><strong>TARANC\u00d3N<\/strong><br \/>\nHispaania<\/a>[\/vc_column][\/vc_row][vc_row][vc_column width=&#8221;1\/1&#8243;]<div class=\"spacer\" style=\"height: 40px;\"><\/div>[\/vc_column][\/vc_row][vc_row bg_color=&#8221;#0b2677&#8243; text_color=&#8221;light&#8221; text_align=&#8221;center&#8221; top_padding=&#8221;40&#8243; bottom_padding=&#8221;40&#8243;][vc_column width=&#8221;2\/3&#8243;]<div class=\"spacer\" style=\"height: 5px;\"><\/div>[vc_column_text]<\/p>\n<h3 style=\"text-align: left;\">Ionisos pakub samuti t\u00f6\u00f6tlust gammakiirguse ja et\u00fcleenoksiidiga.<\/h3>\n<p>[\/vc_column_text][\/vc_column][vc_column width=&#8221;1\/3&#8243;][vc_column_text]<a href=\"\/et\/meie-tegevused\/gamma-tootlus\/\" target=\"_self\" class=\"button color-8 medium \" style=\"border-radius: 2px;\">Gamma<\/a> \u00a0 \u00a0 \u00a0 \u00a0<a href=\"\/et\/meie-tegevused\/etuleenoksiid\/\" target=\"_self\" class=\"button color-8 medium \" style=\"border-radius: 2px;\">Et\u00fcleenoksiid<\/a>[\/vc_column_text][\/vc_column][\/vc_row]<\/p>\n","protected":false},"excerpt":{"rendered":"<p>[vc_row bg_image=&#8221;15629&#8243; bg_repeat=&#8221;no-repeat&#8221; text_color=&#8221;light&#8221; text_align=&#8221;center&#8221; top_padding=&#8221;100&#8243; bottom_padding=&#8221;100&#8243;][vc_column width=&#8221;1\/1&#8243;][\/vc_column][\/vc_row][vc_row][vc_column width=&#8221;1\/1&#8243;][vc_column_text] Rajatises kasutatav ionisatsiooniprotsess seisneb selles, et t\u00f6\u00f6deldavad tooted juhitakse pidevalt ja reguleeritud kiirusel l\u00e4bi Ebeam-kiirguse, mida tekitab elektronkiirendi. \u00a0[\/vc_column_text][\/vc_column][\/vc_row][vc_row][vc_column width=&#8221;1\/2&#8243;][\/vc_column][vc_column width=&#8221;1\/2&#8243;][vc_column_text] V\u00e4ljutatud elektronidel on ainult \u00fcks energiataset: 9,8 MeV +\/- 0,2. Automaatne konveiers\u00fcsteem suunab tooted kiirguskambrisse, seej\u00e4rel liigutab neid l\u00e4bi elektronkiire sobiva kiirusega (s\u00f5ltuvalt doosist ja toote omadustest). T\u00f6\u00f6tlus toimub tavaliselt kahe l\u00e4bimisega kiire all: \u00fcks l\u00e4bimine karp \u00f5igesti, teine l\u00e4bimine karp pahupidi (kahepoolne t\u00f6\u00f6tlus). \u00a0[\/vc_column_text][vc_tta_accordion style=&#8221;flat&#8221; active_section=&#8221;0&#8243; collapsible_all=&#8221;true&#8221;][vc_tta_section title=&#8221;Tehnika: Ebeam-kiirgus, pakendites&#8221; tab_id=&#8221;1490622542764-db62caec-e48a&#8221;][vc_column_text] Elektronkiired toodetakse elektrigeneraatorite abil, mis kasutavad v\u00e4ga l\u00e4bitungivaid k\u00f5rge energiaga elektrone (10 MeV). T\u00f6\u00f6tlus toimub pidevalt; see on kiire, kiiritamise kestus on vaid m\u00f5ni sekund. Doos, mida v\u00e4ljendatakse \u00fchikutes kiloGray (kGy), on p\u00f6\u00f6rdv\u00f5rdelises seoses konveieri kiirusega elektronkiire all. P\u00e4rast pakendite eelnevat valideerimist on konveieri kiirus ainus vajalik kontrollparameeter. Turvaline ja korduv t\u00f6\u00f6tlus. Arvutifailid, tootmiskirjete arhiveerimine ja protsessi lihtsus tagavad t\u00f6\u00f6tluste korduvuse ja ohutuse. Tegemist on f\u00fc\u00fcsikalise protsessiga, millel puuduvad j\u00e4\u00e4kefektid ja mis ei p\u00f5hjusta temperatuuri t\u00f5usu. \u00a0[\/vc_column_text][\/vc_tta_section][\/vc_tta_accordion][\/vc_column][\/vc_row][vc_row][vc_column width=&#8221;1\/1&#8243;][vc_column_text] Meie Ebeam t\u00f6\u00f6tluskohad \u00a0[\/vc_column_text][\/vc_column][\/vc_row][vc_row][vc_column width=&#8221;1\/4&#8243;][\/vc_column][vc_column width=&#8221;1\/4&#8243;][\/vc_column][vc_column width=&#8221;1\/4&#8243;][\/vc_column][vc_column width=&#8221;1\/4&#8243;][\/vc_column][\/vc_row][vc_row][vc_column width=&#8221;1\/1&#8243;][\/vc_column][\/vc_row][vc_row bg_color=&#8221;#0b2677&#8243; text_color=&#8221;light&#8221; text_align=&#8221;center&#8221; top_padding=&#8221;40&#8243; bottom_padding=&#8221;40&#8243;][vc_column width=&#8221;2\/3&#8243;][vc_column_text] Ionisos pakub samuti t\u00f6\u00f6tlust gammakiirguse ja et\u00fcleenoksiidiga. [\/vc_column_text][\/vc_column][vc_column width=&#8221;1\/3&#8243;][vc_column_text] \u00a0 \u00a0 \u00a0 \u00a0[\/vc_column_text][\/vc_column][\/vc_row]<\/p>\n","protected":false},"author":1,"featured_media":0,"parent":17050,"menu_order":0,"comment_status":"closed","ping_status":"closed","template":"","meta":{"inline_featured_image":false,"footnotes":""},"class_list":["post-17055","page","type-page","status-publish","hentry"],"yoast_head":"<!-- This site is optimized with the Yoast SEO plugin v26.3 - https:\/\/yoast.com\/wordpress\/plugins\/seo\/ -->\n<title>E-beami t\u00f6\u00f6tlemine - Ionisos<\/title>\n<meta name=\"description\" content=\"IONISOS tutvustab oma e-beam t\u00f6\u00f6tlemise teenuseid, meetodit, mis kasutab elektronide kiirte j\u00f5udu kindla ja t\u00f5husa tulemuse saavutamiseks\" \/>\n<meta name=\"robots\" content=\"index, follow, max-snippet:-1, max-image-preview:large, max-video-preview:-1\" \/>\n<link rel=\"canonical\" href=\"https:\/\/www.ionisos.com\/et\/meie-tegevused\/beeta-tootlus\/\" \/>\n<meta property=\"og:locale\" content=\"et_EE\" \/>\n<meta property=\"og:type\" content=\"article\" \/>\n<meta property=\"og:title\" content=\"E-beami t\u00f6\u00f6tlemine - Ionisos\" \/>\n<meta property=\"og:description\" content=\"IONISOS tutvustab oma e-beam t\u00f6\u00f6tlemise teenuseid, meetodit, mis kasutab elektronide kiirte j\u00f5udu kindla ja t\u00f5husa tulemuse saavutamiseks\" \/>\n<meta property=\"og:url\" content=\"https:\/\/www.ionisos.com\/et\/meie-tegevused\/beeta-tootlus\/\" \/>\n<meta property=\"og:site_name\" content=\"Ionisos\" \/>\n<meta property=\"article:modified_time\" content=\"2025-04-17T15:16:27+00:00\" \/>\n<meta name=\"twitter:card\" content=\"summary_large_image\" \/>\n<meta name=\"twitter:label1\" content=\"Est. reading time\" \/>\n\t<meta name=\"twitter:data1\" content=\"2 minutit\" \/>\n<script type=\"application\/ld+json\" class=\"yoast-schema-graph\">{\"@context\":\"https:\/\/schema.org\",\"@graph\":[{\"@type\":\"WebPage\",\"@id\":\"https:\/\/www.ionisos.com\/et\/meie-tegevused\/beeta-tootlus\/\",\"url\":\"https:\/\/www.ionisos.com\/et\/meie-tegevused\/beeta-tootlus\/\",\"name\":\"E-beami t\u00f6\u00f6tlemine - Ionisos\",\"isPartOf\":{\"@id\":\"https:\/\/www.ionisos.com\/#website\"},\"datePublished\":\"2017-11-14T15:23:27+00:00\",\"dateModified\":\"2025-04-17T15:16:27+00:00\",\"description\":\"IONISOS tutvustab oma e-beam t\u00f6\u00f6tlemise teenuseid, meetodit, mis kasutab elektronide kiirte j\u00f5udu kindla ja t\u00f5husa tulemuse saavutamiseks\",\"breadcrumb\":{\"@id\":\"https:\/\/www.ionisos.com\/et\/meie-tegevused\/beeta-tootlus\/#breadcrumb\"},\"inLanguage\":\"et\",\"potentialAction\":[{\"@type\":\"ReadAction\",\"target\":[\"https:\/\/www.ionisos.com\/et\/meie-tegevused\/beeta-tootlus\/\"]}]},{\"@type\":\"BreadcrumbList\",\"@id\":\"https:\/\/www.ionisos.com\/et\/meie-tegevused\/beeta-tootlus\/#breadcrumb\",\"itemListElement\":[{\"@type\":\"ListItem\",\"position\":1,\"name\":\"Accueil\",\"item\":\"https:\/\/www.ionisos.com\/et\/\"},{\"@type\":\"ListItem\",\"position\":2,\"name\":\"Meie tegevused\",\"item\":\"https:\/\/www.ionisos.com\/et\/meie-tegevused\/\"},{\"@type\":\"ListItem\",\"position\":3,\"name\":\"E-beami t\u00f6\u00f6tlemine\"}]},{\"@type\":\"WebSite\",\"@id\":\"https:\/\/www.ionisos.com\/#website\",\"url\":\"https:\/\/www.ionisos.com\/\",\"name\":\"Ionisos\",\"description\":\"Ionisation par \u00e9lectrons acc\u00e9l\u00e9r\u00e9s, rayons gamma, rayons X et oxyde d&#039;\u00e9thyl\u00e8ne\",\"potentialAction\":[{\"@type\":\"SearchAction\",\"target\":{\"@type\":\"EntryPoint\",\"urlTemplate\":\"https:\/\/www.ionisos.com\/?s={search_term_string}\"},\"query-input\":{\"@type\":\"PropertyValueSpecification\",\"valueRequired\":true,\"valueName\":\"search_term_string\"}}],\"inLanguage\":\"et\"}]}<\/script>\n<!-- \/ Yoast SEO plugin. -->","yoast_head_json":{"title":"E-beami t\u00f6\u00f6tlemine - Ionisos","description":"IONISOS tutvustab oma e-beam t\u00f6\u00f6tlemise teenuseid, meetodit, mis kasutab elektronide kiirte j\u00f5udu kindla ja t\u00f5husa tulemuse saavutamiseks","robots":{"index":"index","follow":"follow","max-snippet":"max-snippet:-1","max-image-preview":"max-image-preview:large","max-video-preview":"max-video-preview:-1"},"canonical":"https:\/\/www.ionisos.com\/et\/meie-tegevused\/beeta-tootlus\/","og_locale":"et_EE","og_type":"article","og_title":"E-beami t\u00f6\u00f6tlemine - Ionisos","og_description":"IONISOS tutvustab oma e-beam t\u00f6\u00f6tlemise teenuseid, meetodit, mis kasutab elektronide kiirte j\u00f5udu kindla ja t\u00f5husa tulemuse saavutamiseks","og_url":"https:\/\/www.ionisos.com\/et\/meie-tegevused\/beeta-tootlus\/","og_site_name":"Ionisos","article_modified_time":"2025-04-17T15:16:27+00:00","twitter_card":"summary_large_image","twitter_misc":{"Est. reading time":"2 minutit"},"schema":{"@context":"https:\/\/schema.org","@graph":[{"@type":"WebPage","@id":"https:\/\/www.ionisos.com\/et\/meie-tegevused\/beeta-tootlus\/","url":"https:\/\/www.ionisos.com\/et\/meie-tegevused\/beeta-tootlus\/","name":"E-beami t\u00f6\u00f6tlemine - Ionisos","isPartOf":{"@id":"https:\/\/www.ionisos.com\/#website"},"datePublished":"2017-11-14T15:23:27+00:00","dateModified":"2025-04-17T15:16:27+00:00","description":"IONISOS tutvustab oma e-beam t\u00f6\u00f6tlemise teenuseid, meetodit, mis kasutab elektronide kiirte j\u00f5udu kindla ja t\u00f5husa tulemuse saavutamiseks","breadcrumb":{"@id":"https:\/\/www.ionisos.com\/et\/meie-tegevused\/beeta-tootlus\/#breadcrumb"},"inLanguage":"et","potentialAction":[{"@type":"ReadAction","target":["https:\/\/www.ionisos.com\/et\/meie-tegevused\/beeta-tootlus\/"]}]},{"@type":"BreadcrumbList","@id":"https:\/\/www.ionisos.com\/et\/meie-tegevused\/beeta-tootlus\/#breadcrumb","itemListElement":[{"@type":"ListItem","position":1,"name":"Accueil","item":"https:\/\/www.ionisos.com\/et\/"},{"@type":"ListItem","position":2,"name":"Meie tegevused","item":"https:\/\/www.ionisos.com\/et\/meie-tegevused\/"},{"@type":"ListItem","position":3,"name":"E-beami t\u00f6\u00f6tlemine"}]},{"@type":"WebSite","@id":"https:\/\/www.ionisos.com\/#website","url":"https:\/\/www.ionisos.com\/","name":"Ionisos","description":"Ionisation par \u00e9lectrons acc\u00e9l\u00e9r\u00e9s, rayons gamma, rayons X et oxyde d&#039;\u00e9thyl\u00e8ne","potentialAction":[{"@type":"SearchAction","target":{"@type":"EntryPoint","urlTemplate":"https:\/\/www.ionisos.com\/?s={search_term_string}"},"query-input":{"@type":"PropertyValueSpecification","valueRequired":true,"valueName":"search_term_string"}}],"inLanguage":"et"}]}},"_links":{"self":[{"href":"https:\/\/www.ionisos.com\/et\/wp-json\/wp\/v2\/pages\/17055","targetHints":{"allow":["GET"]}}],"collection":[{"href":"https:\/\/www.ionisos.com\/et\/wp-json\/wp\/v2\/pages"}],"about":[{"href":"https:\/\/www.ionisos.com\/et\/wp-json\/wp\/v2\/types\/page"}],"author":[{"embeddable":true,"href":"https:\/\/www.ionisos.com\/et\/wp-json\/wp\/v2\/users\/1"}],"replies":[{"embeddable":true,"href":"https:\/\/www.ionisos.com\/et\/wp-json\/wp\/v2\/comments?post=17055"}],"version-history":[{"count":8,"href":"https:\/\/www.ionisos.com\/et\/wp-json\/wp\/v2\/pages\/17055\/revisions"}],"predecessor-version":[{"id":26676,"href":"https:\/\/www.ionisos.com\/et\/wp-json\/wp\/v2\/pages\/17055\/revisions\/26676"}],"up":[{"embeddable":true,"href":"https:\/\/www.ionisos.com\/et\/wp-json\/wp\/v2\/pages\/17050"}],"wp:attachment":[{"href":"https:\/\/www.ionisos.com\/et\/wp-json\/wp\/v2\/media?parent=17055"}],"curies":[{"name":"wp","href":"https:\/\/api.w.org\/{rel}","templated":true}]}}