 {"id":17052,"date":"2017-11-14T16:20:14","date_gmt":"2017-11-14T15:20:14","guid":{"rendered":"https:\/\/www.ionisos.com\/?page_id=17052"},"modified":"2025-04-17T16:49:28","modified_gmt":"2025-04-17T14:49:28","slug":"etuleenoksiid","status":"publish","type":"page","link":"https:\/\/www.ionisos.com\/et\/meie-tegevused\/etuleenoksiid\/","title":{"rendered":"Et\u00fcleenoksiid"},"content":{"rendered":"<p>[vc_row bg_image=&#8221;18987&#8243; text_color=&#8221;light&#8221; text_align=&#8221;center&#8221; top_padding=&#8221;100&#8243; bottom_padding=&#8221;100&#8243; parallax_content=&#8221;parallax_content_value&#8221;][vc_column width=&#8221;1\/1&#8243;]<h1 class=\"headline font-special fontsize-xxxl fontweight-inherit lh-inherit align-center transform-uppercase \" style=\"margin: 0;\"><strong>et\u00fcleenoksiid<\/strong><\/h1>[\/vc_column][\/vc_row][vc_row][vc_column width=&#8221;1\/1&#8243;]<div class=\"spacer\" style=\"height: 40px;\"><\/div>[vc_column_text]<\/p>\n<p style=\"text-align: center;\"><span style=\"font-family: Abel; font-size: 25px;\">Et\u00fcleenoksiidiga steriliseerimine on viimane v\u00f5imalus toodetele, mis ei talu ioniseerivaid kiirgusi. See on laialdaselt kasutatav meetod meditsiiniseadmete t\u00f6\u00f6tlemiseks t\u00e4nu madalal temperatuuril toimuvale protsessile, mis v\u00e4ldib materjalide deformeerumist v\u00f5i oks\u00fcdeerumist.<\/span><\/p>\n<p>[\/vc_column_text]<div class=\"spacer\" style=\"height: 20px;\"><\/div>[\/vc_column][\/vc_row][vc_row][vc_column width=&#8221;1\/2&#8243;]<div class=\"video-embed  wpb_content_element\"><iframe loading=\"lazy\" title=\"Ionisos - Technologie de l&#039;oxyde d&#039;\u00e9thyl\u00e8ne\" width=\"1161\" height=\"653\" src=\"https:\/\/www.youtube.com\/embed\/4p3wxIqT5U8?feature=oembed\" frameborder=\"0\" allow=\"accelerometer; autoplay; clipboard-write; encrypted-media; gyroscope; picture-in-picture; web-share\" referrerpolicy=\"strict-origin-when-cross-origin\" allowfullscreen><\/iframe><\/div>[\/vc_column][vc_column width=&#8221;1\/2&#8243;][vc_column_text]<\/p>\n<h3>P\u00f5hiprintsiip<\/h3>\n<p>Ete\u00fcleenoksiid (EO) on t\u00f5hus steriliseeriv gaas, peamiselt t\u00e4nu oma v\u00f5imele alk\u00fcleerida valke ja nukleiinhappeid. See toime kahjustab mikroorganisme (bakterid, viirused, seened) ja muudab nad inaktiivseks.<\/p>\n<h3>Protsessi etapid<\/h3>\n<ol>\n<li><strong>Eelt\u00f6\u00f6tlus ja niisutamine<\/strong> :\n<ul>\n<li style=\"list-style-type: none;\">\n<ul>\n<li>Steriliseeritavad esemed puutuvad esmalt kokku sooja ja niiske keskkonnaga, et muuta need EO-gaasile paremini l\u00e4bitavaks.<\/li>\n<\/ul>\n<\/li>\n<\/ul>\n<p>&nbsp;<\/li>\n<li><strong>EO-gaasi sisseviimine<\/strong> :\n<ul>\n<li style=\"list-style-type: none;\">\n<ul>\n<li>Seej\u00e4rel juhitakse steriliseerimiskambrisse ete\u00fcleenoksiid.<\/li>\n<li>Gaasikontsentratsiooni, temperatuuri ja niiskust reguleeritakse t\u00e4pselt, et tagada maksimaalne steriliseerimise efektiivsus.<\/li>\n<\/ul>\n<\/li>\n<\/ul>\n<p>&nbsp;<\/li>\n<li><strong>Kokkupuude<\/strong> :\n<ul>\n<li style=\"list-style-type: none;\">\n<ul>\n<li>Esemed j\u00e4\u00e4vad kambrisse kindlaks ajaks, v\u00f5imaldades EO-gaasil tungida materjalidesse ja need steriliseerida.<\/li>\n<\/ul>\n<\/li>\n<\/ul>\n<p>&nbsp;<\/li>\n<li><strong>Tuulutamine<\/strong> :\n<ul>\n<li>P\u00e4rast kokkupuudet tuulutatakse esemeid, et eemaldada kogu j\u00e4relej\u00e4\u00e4nud EO-gaas.<\/li>\n<\/ul>\n<\/li>\n<\/ol>\n<p>[\/vc_column_text]<div class=\"minti_list wpb_content_element color-accent plus\" style=\"padding-left: 10px;\">\n<p>Et\u00fcleenioksiidi steriliseerimise eelised:<\/p>\n<ul>\n<li>Efektiivne kuumusele ja niiskusele tundlike materjalide puhul.<\/li>\n<li>S\u00fcgav l\u00e4bitungimine, ideaalne keerukate v\u00f5i pakendatud esemete jaoks.<\/li>\n<\/ul>\n<\/div>[\/vc_column][\/vc_row][vc_row][vc_column width=&#8221;1\/1&#8243;]<div class=\"spacer\" style=\"height: 80px;\"><\/div>[vc_column_text]<\/p>\n<p style=\"text-align: center;\"><span style=\"font-family: Abel;\"><span style=\"font-size: 25px;\">Meie et\u00fcleenoksiidiga t\u00f6\u00f6tlemise saidid<\/span><\/span><\/p>\n<p>[\/vc_column_text]<div class=\"spacer\" style=\"height: 30px;\"><\/div>[\/vc_column][\/vc_row][vc_row][vc_column width=&#8221;1\/3&#8243;]<a href=\"https:\/\/www.ionisos.com\/nos-sites\/civrieux-dazergues\/\" target=\"_self\" class=\"button custom full \" style=\"background-color: #21b3aa; border-color: #21b3aa;border-radius: 2px;\"><strong>CIVRIEUX D&#8217;AZERGUES<\/strong> Prantsusmaa<\/a>[\/vc_column][vc_column width=&#8221;1\/3&#8243;]<a href=\"https:\/\/www.ionisos.com\/nos-sites\/cleves\/\" target=\"_self\" class=\"button custom full \" style=\"background-color: #21b3aa; border-color: #21b3aa;border-radius: 2px;\"><strong>CLEVES<\/strong> Saksamaa<\/a>[\/vc_column][vc_column width=&#8221;1\/3&#8243;]<a href=\"https:\/\/www.ionisos.com\/nos-sites\/gien\/\" target=\"_self\" class=\"button custom full \" style=\"background-color: #21b3aa; border-color: #21b3aa;border-radius: 2px;\"><strong>GIEN<\/strong><br \/>\nPrantsusmaa<\/a>[\/vc_column][\/vc_row][vc_row][vc_column width=&#8221;1\/1&#8243;]<div class=\"spacer\" style=\"height: 40px;\"><\/div>[\/vc_column][\/vc_row][vc_row bg_color=&#8221;#0b2677&#8243; text_color=&#8221;light&#8221; text_align=&#8221;center&#8221; top_padding=&#8221;40&#8243; bottom_padding=&#8221;40&#8243;][vc_column width=&#8221;2\/3&#8243;]<div class=\"spacer\" style=\"height: 5px;\"><\/div>[vc_column_text]<\/p>\n<h3 style=\"text-align: left;\">Ionisos pakub ka t\u00f6\u00f6tlemist beetakiirguse ja gamma-kiirguse abil.<\/h3>\n<p>[\/vc_column_text][\/vc_column][vc_column width=&#8221;1\/3&#8243;][vc_column_text]<a href=\"\/et\/elektronkiire-tootlemine\/\" target=\"_self\" class=\"button color-8 medium \" style=\"border-radius: 2px;\">E-Beam<\/a> \u00a0 \u00a0 \u00a0 \u00a0<a href=\"\/et\/meie-tegevused\/gamma-tootlus\/\" target=\"_self\" class=\"button color-8 medium \" style=\"border-radius: 2px;\">Gamma<\/a>[\/vc_column_text][\/vc_column][\/vc_row]<\/p>\n","protected":false},"excerpt":{"rendered":"<p>[vc_row bg_image=&#8221;18987&#8243; text_color=&#8221;light&#8221; text_align=&#8221;center&#8221; top_padding=&#8221;100&#8243; bottom_padding=&#8221;100&#8243; parallax_content=&#8221;parallax_content_value&#8221;][vc_column width=&#8221;1\/1&#8243;][\/vc_column][\/vc_row][vc_row][vc_column width=&#8221;1\/1&#8243;][vc_column_text] Et\u00fcleenoksiidiga steriliseerimine on viimane v\u00f5imalus toodetele, mis ei talu ioniseerivaid kiirgusi. See on laialdaselt kasutatav meetod meditsiiniseadmete t\u00f6\u00f6tlemiseks t\u00e4nu madalal temperatuuril toimuvale protsessile, mis v\u00e4ldib materjalide deformeerumist v\u00f5i oks\u00fcdeerumist. [\/vc_column_text][\/vc_column][\/vc_row][vc_row][vc_column width=&#8221;1\/2&#8243;][\/vc_column][vc_column width=&#8221;1\/2&#8243;][vc_column_text] P\u00f5hiprintsiip Ete\u00fcleenoksiid (EO) on t\u00f5hus steriliseeriv gaas, peamiselt t\u00e4nu oma v\u00f5imele alk\u00fcleerida valke ja nukleiinhappeid. See toime kahjustab mikroorganisme (bakterid, viirused, seened) ja muudab nad inaktiivseks. Protsessi etapid Eelt\u00f6\u00f6tlus ja niisutamine : Steriliseeritavad esemed puutuvad esmalt kokku sooja ja niiske keskkonnaga, et muuta need EO-gaasile paremini l\u00e4bitavaks. &nbsp; EO-gaasi sisseviimine : Seej\u00e4rel juhitakse steriliseerimiskambrisse ete\u00fcleenoksiid. Gaasikontsentratsiooni, temperatuuri ja niiskust reguleeritakse t\u00e4pselt, et tagada maksimaalne steriliseerimise efektiivsus. &nbsp; Kokkupuude : Esemed j\u00e4\u00e4vad kambrisse kindlaks ajaks, v\u00f5imaldades EO-gaasil tungida materjalidesse ja need steriliseerida. &nbsp; Tuulutamine : P\u00e4rast kokkupuudet tuulutatakse esemeid, et eemaldada kogu j\u00e4relej\u00e4\u00e4nud EO-gaas. [\/vc_column_text][\/vc_column][\/vc_row][vc_row][vc_column width=&#8221;1\/1&#8243;][vc_column_text] Meie et\u00fcleenoksiidiga t\u00f6\u00f6tlemise saidid [\/vc_column_text][\/vc_column][\/vc_row][vc_row][vc_column width=&#8221;1\/3&#8243;][\/vc_column][vc_column width=&#8221;1\/3&#8243;][\/vc_column][vc_column width=&#8221;1\/3&#8243;][\/vc_column][\/vc_row][vc_row][vc_column width=&#8221;1\/1&#8243;][\/vc_column][\/vc_row][vc_row bg_color=&#8221;#0b2677&#8243; text_color=&#8221;light&#8221; text_align=&#8221;center&#8221; top_padding=&#8221;40&#8243; bottom_padding=&#8221;40&#8243;][vc_column width=&#8221;2\/3&#8243;][vc_column_text] Ionisos pakub ka t\u00f6\u00f6tlemist beetakiirguse ja gamma-kiirguse abil. [\/vc_column_text][\/vc_column][vc_column width=&#8221;1\/3&#8243;][vc_column_text] \u00a0 \u00a0 \u00a0 \u00a0[\/vc_column_text][\/vc_column][\/vc_row]<\/p>\n","protected":false},"author":1,"featured_media":0,"parent":17050,"menu_order":0,"comment_status":"closed","ping_status":"closed","template":"","meta":{"inline_featured_image":false,"footnotes":""},"class_list":["post-17052","page","type-page","status-publish","hentry"],"yoast_head":"<!-- This site is optimized with the Yoast SEO plugin v26.3 - https:\/\/yoast.com\/wordpress\/plugins\/seo\/ -->\n<title>Et\u00fcleenoksiid - Ionisos<\/title>\n<meta name=\"description\" content=\"IONISOS tutvustab oma et\u00fcleenoksiidiga steriliseerimise teenuseid meditsiiniseadmete ja farmaatsiatoodete t\u00f6\u00f6tlemiseks\" \/>\n<meta name=\"robots\" content=\"index, follow, max-snippet:-1, max-image-preview:large, max-video-preview:-1\" \/>\n<link rel=\"canonical\" href=\"https:\/\/www.ionisos.com\/et\/meie-tegevused\/etuleenoksiid\/\" \/>\n<meta property=\"og:locale\" content=\"et_EE\" \/>\n<meta property=\"og:type\" content=\"article\" \/>\n<meta property=\"og:title\" content=\"Et\u00fcleenoksiid - Ionisos\" \/>\n<meta property=\"og:description\" content=\"IONISOS tutvustab oma et\u00fcleenoksiidiga steriliseerimise teenuseid meditsiiniseadmete ja farmaatsiatoodete t\u00f6\u00f6tlemiseks\" \/>\n<meta property=\"og:url\" content=\"https:\/\/www.ionisos.com\/et\/meie-tegevused\/etuleenoksiid\/\" \/>\n<meta property=\"og:site_name\" content=\"Ionisos\" \/>\n<meta property=\"article:modified_time\" content=\"2025-04-17T14:49:28+00:00\" \/>\n<meta name=\"twitter:card\" content=\"summary_large_image\" \/>\n<meta name=\"twitter:label1\" content=\"Est. reading time\" \/>\n\t<meta name=\"twitter:data1\" content=\"2 minutit\" \/>\n<script type=\"application\/ld+json\" class=\"yoast-schema-graph\">{\"@context\":\"https:\/\/schema.org\",\"@graph\":[{\"@type\":\"WebPage\",\"@id\":\"https:\/\/www.ionisos.com\/et\/meie-tegevused\/etuleenoksiid\/\",\"url\":\"https:\/\/www.ionisos.com\/et\/meie-tegevused\/etuleenoksiid\/\",\"name\":\"Et\u00fcleenoksiid - Ionisos\",\"isPartOf\":{\"@id\":\"https:\/\/www.ionisos.com\/#website\"},\"datePublished\":\"2017-11-14T15:20:14+00:00\",\"dateModified\":\"2025-04-17T14:49:28+00:00\",\"description\":\"IONISOS tutvustab oma et\u00fcleenoksiidiga steriliseerimise teenuseid meditsiiniseadmete ja farmaatsiatoodete t\u00f6\u00f6tlemiseks\",\"breadcrumb\":{\"@id\":\"https:\/\/www.ionisos.com\/et\/meie-tegevused\/etuleenoksiid\/#breadcrumb\"},\"inLanguage\":\"et\",\"potentialAction\":[{\"@type\":\"ReadAction\",\"target\":[\"https:\/\/www.ionisos.com\/et\/meie-tegevused\/etuleenoksiid\/\"]}]},{\"@type\":\"BreadcrumbList\",\"@id\":\"https:\/\/www.ionisos.com\/et\/meie-tegevused\/etuleenoksiid\/#breadcrumb\",\"itemListElement\":[{\"@type\":\"ListItem\",\"position\":1,\"name\":\"Accueil\",\"item\":\"https:\/\/www.ionisos.com\/et\/\"},{\"@type\":\"ListItem\",\"position\":2,\"name\":\"Meie tegevused\",\"item\":\"https:\/\/www.ionisos.com\/et\/meie-tegevused\/\"},{\"@type\":\"ListItem\",\"position\":3,\"name\":\"Et\u00fcleenoksiid\"}]},{\"@type\":\"WebSite\",\"@id\":\"https:\/\/www.ionisos.com\/#website\",\"url\":\"https:\/\/www.ionisos.com\/\",\"name\":\"Ionisos\",\"description\":\"Ionisation par \u00e9lectrons acc\u00e9l\u00e9r\u00e9s, rayons gamma, rayons X et oxyde d&#039;\u00e9thyl\u00e8ne\",\"potentialAction\":[{\"@type\":\"SearchAction\",\"target\":{\"@type\":\"EntryPoint\",\"urlTemplate\":\"https:\/\/www.ionisos.com\/?s={search_term_string}\"},\"query-input\":{\"@type\":\"PropertyValueSpecification\",\"valueRequired\":true,\"valueName\":\"search_term_string\"}}],\"inLanguage\":\"et\"}]}<\/script>\n<!-- \/ Yoast SEO plugin. -->","yoast_head_json":{"title":"Et\u00fcleenoksiid - Ionisos","description":"IONISOS tutvustab oma et\u00fcleenoksiidiga steriliseerimise teenuseid meditsiiniseadmete ja farmaatsiatoodete t\u00f6\u00f6tlemiseks","robots":{"index":"index","follow":"follow","max-snippet":"max-snippet:-1","max-image-preview":"max-image-preview:large","max-video-preview":"max-video-preview:-1"},"canonical":"https:\/\/www.ionisos.com\/et\/meie-tegevused\/etuleenoksiid\/","og_locale":"et_EE","og_type":"article","og_title":"Et\u00fcleenoksiid - Ionisos","og_description":"IONISOS tutvustab oma et\u00fcleenoksiidiga steriliseerimise teenuseid meditsiiniseadmete ja farmaatsiatoodete t\u00f6\u00f6tlemiseks","og_url":"https:\/\/www.ionisos.com\/et\/meie-tegevused\/etuleenoksiid\/","og_site_name":"Ionisos","article_modified_time":"2025-04-17T14:49:28+00:00","twitter_card":"summary_large_image","twitter_misc":{"Est. reading time":"2 minutit"},"schema":{"@context":"https:\/\/schema.org","@graph":[{"@type":"WebPage","@id":"https:\/\/www.ionisos.com\/et\/meie-tegevused\/etuleenoksiid\/","url":"https:\/\/www.ionisos.com\/et\/meie-tegevused\/etuleenoksiid\/","name":"Et\u00fcleenoksiid - Ionisos","isPartOf":{"@id":"https:\/\/www.ionisos.com\/#website"},"datePublished":"2017-11-14T15:20:14+00:00","dateModified":"2025-04-17T14:49:28+00:00","description":"IONISOS tutvustab oma et\u00fcleenoksiidiga steriliseerimise teenuseid meditsiiniseadmete ja farmaatsiatoodete t\u00f6\u00f6tlemiseks","breadcrumb":{"@id":"https:\/\/www.ionisos.com\/et\/meie-tegevused\/etuleenoksiid\/#breadcrumb"},"inLanguage":"et","potentialAction":[{"@type":"ReadAction","target":["https:\/\/www.ionisos.com\/et\/meie-tegevused\/etuleenoksiid\/"]}]},{"@type":"BreadcrumbList","@id":"https:\/\/www.ionisos.com\/et\/meie-tegevused\/etuleenoksiid\/#breadcrumb","itemListElement":[{"@type":"ListItem","position":1,"name":"Accueil","item":"https:\/\/www.ionisos.com\/et\/"},{"@type":"ListItem","position":2,"name":"Meie tegevused","item":"https:\/\/www.ionisos.com\/et\/meie-tegevused\/"},{"@type":"ListItem","position":3,"name":"Et\u00fcleenoksiid"}]},{"@type":"WebSite","@id":"https:\/\/www.ionisos.com\/#website","url":"https:\/\/www.ionisos.com\/","name":"Ionisos","description":"Ionisation par \u00e9lectrons acc\u00e9l\u00e9r\u00e9s, rayons gamma, rayons X et oxyde d&#039;\u00e9thyl\u00e8ne","potentialAction":[{"@type":"SearchAction","target":{"@type":"EntryPoint","urlTemplate":"https:\/\/www.ionisos.com\/?s={search_term_string}"},"query-input":{"@type":"PropertyValueSpecification","valueRequired":true,"valueName":"search_term_string"}}],"inLanguage":"et"}]}},"_links":{"self":[{"href":"https:\/\/www.ionisos.com\/et\/wp-json\/wp\/v2\/pages\/17052","targetHints":{"allow":["GET"]}}],"collection":[{"href":"https:\/\/www.ionisos.com\/et\/wp-json\/wp\/v2\/pages"}],"about":[{"href":"https:\/\/www.ionisos.com\/et\/wp-json\/wp\/v2\/types\/page"}],"author":[{"embeddable":true,"href":"https:\/\/www.ionisos.com\/et\/wp-json\/wp\/v2\/users\/1"}],"replies":[{"embeddable":true,"href":"https:\/\/www.ionisos.com\/et\/wp-json\/wp\/v2\/comments?post=17052"}],"version-history":[{"count":11,"href":"https:\/\/www.ionisos.com\/et\/wp-json\/wp\/v2\/pages\/17052\/revisions"}],"predecessor-version":[{"id":26668,"href":"https:\/\/www.ionisos.com\/et\/wp-json\/wp\/v2\/pages\/17052\/revisions\/26668"}],"up":[{"embeddable":true,"href":"https:\/\/www.ionisos.com\/et\/wp-json\/wp\/v2\/pages\/17050"}],"wp:attachment":[{"href":"https:\/\/www.ionisos.com\/et\/wp-json\/wp\/v2\/media?parent=17052"}],"curies":[{"name":"wp","href":"https:\/\/api.w.org\/{rel}","templated":true}]}}