 {"id":17050,"date":"2017-11-14T16:19:01","date_gmt":"2017-11-14T15:19:01","guid":{"rendered":"https:\/\/www.ionisos.com\/?page_id=17050"},"modified":"2025-04-17T16:43:21","modified_gmt":"2025-04-17T14:43:21","slug":"meie-tegevused","status":"publish","type":"page","link":"https:\/\/www.ionisos.com\/et\/meie-tegevused\/","title":{"rendered":"Meie tegevused"},"content":{"rendered":"<p>[vc_row bg_image=&#8221;15566&#8243; bg_repeat=&#8221;no-repeat&#8221; text_color=&#8221;light&#8221; text_align=&#8221;center&#8221; top_padding=&#8221;100&#8243; bottom_padding=&#8221;100&#8243;][vc_column width=&#8221;1\/1&#8243;]<h1 class=\"headline font-special fontsize-xxxl fontweight-inherit lh-inherit align-center transform-uppercase \" style=\"margin: 0;\">Meie <strong>tegevused<\/strong><\/h1>[\/vc_column][\/vc_row][vc_row][vc_column width=&#8221;1\/1&#8243;]<div class=\"spacer\" style=\"height: 40px;\"><\/div>[\/vc_column][\/vc_row][vc_row bg_position=&#8221;left top&#8221;][vc_column width=&#8221;1\/1&#8243;]<h2 class=\"headline font-special fontsize-m fontweight-600 lh-inherit align-center transform-uppercase \" style=\"margin: 0 0 20px 0;\">Funktsioonid<\/h2>[vc_row_inner][vc_column_inner width=&#8221;1\/2&#8243;]<div class=\"iconbox  iconbox-style-8 icon-color-greyscale color-dark clearfix\"><h3>Steriliseerimine<\/h3><i class=\"fa sl-drop boxicon\" style=\"\"><\/i><p><a href=\"\/et\/meie-tegevused\/steriliseerimine\/\" target=\"_self\" class=\"button color-1 small \" style=\"border-radius: 2px;\">Loe rohkem<\/a><\/p><\/div>[\/vc_column_inner][vc_column_inner width=&#8221;1\/2&#8243;]<div class=\"iconbox  iconbox-style-8 icon-color-greyscale color-dark clearfix\"><h3>Retiikuleerimine<\/h3><i class=\"fa sl-layers boxicon\" style=\"\"><\/i><p><a href=\"\/et\/meie-tegevused\/ristsidumine\/\" target=\"_self\" class=\"button color-1 small \" style=\"border-radius: 2px;\">Loe rohkem<\/a><\/p><\/div>[\/vc_column_inner][\/vc_row_inner][\/vc_column][\/vc_row][vc_row][vc_column width=&#8221;1\/1&#8243;]<div class=\"spacer\" style=\"height: 40px;\"><\/div>[\/vc_column][\/vc_row][vc_row][vc_column width=&#8221;2\/3&#8243;]<h2 class=\"headline font-special fontsize-m fontweight-600 lh-inherit align-left transform-uppercase \" style=\"margin: 0 0 20px 0;\">Rakendusvaldkonnad<\/h2>[vc_column_text]Ioonimine saab olla kasutusel <strong>erinevates valdkondades<\/strong>, erinevate <strong>kasutusalade jaoks<\/strong>.[\/vc_column_text][vc_tta_accordion style=&#8221;flat&#8221; active_section=&#8221;0&#8243; collapsible_all=&#8221;true&#8221;][vc_tta_section title=&#8221;Meditsiiniline ja kirurgiline&#8221; tab_id=&#8221;1490695151271-56f9569b-07aa&#8221;][vc_column_text]<\/p>\n<p style=\"text-align: justify;\">\u00dchekordsete <strong>meditsiiniliste ja kirurgiliste seadmete<\/strong> ja <strong>laboritarvikute<\/strong> steriliseerimine toimub hermeetiliste pakendite kaudu, toote pakendamise staadiumis, kui see on paigutatud paletile.<\/p>\n<p style=\"text-align: justify;\">See ei j\u00e4ta <strong>mingeid toksilisi j\u00e4\u00e4ke ioonitud materjalidesse<\/strong> ja v\u00f5imaldab seet\u00f5ttu materjali kohest kasutamist p\u00e4rast steriliseerimist.<\/p>\n<p style=\"text-align: justify;\">Tunnustatud efektiivsusega alates 50ndate aastate algusest, on ioonimine juhtiv steriliseerimisprotsess majanduslikult arenenud riikides.<\/p>\n<p>[\/vc_column_text][\/vc_tta_section][vc_tta_section title=&#8221;Farmaatsiatooted ja kosmeetikatooted&#8221; tab_id=&#8221;1490695151300-493eb754-19d8&#8243;][vc_column_text]<\/p>\n<p style=\"text-align: justify;\">Ioonimine kehtib t\u00fchjade pakendite, toorainete, aga ka l\u00f5pptoodete suhtes.<\/p>\n<p style=\"text-align: justify;\">See on osa <strong>kvaliteedi tagamise kontseptsioonist<\/strong>, samal viisil nagu laminaarvoogude protsessid, puhaste ruumide tegevused ja protsesside automatiseerimine.<\/p>\n<p>[\/vc_column_text][\/vc_tta_section][vc_tta_section title=&#8221;Plastikute keemia&#8221; tab_id=&#8221;1490695151339-6a8b96a4-75fc&#8221;][vc_column_text]<\/p>\n<p style=\"text-align: justify;\">Ioonimine <strong>parandab pol\u00fcet\u00fcleenkilede mehaanilisi omadusi<\/strong> ja v\u00f5imaldab samal j\u00f5udlusel <strong>v\u00e4hendada paksusi<\/strong> 40\u201360% v\u00f5rra.<\/p>\n<p style=\"text-align: justify;\">See <strong>laiendab termoresistentsete kilede sulamistemperatuuri vahemikke<\/strong>. Seet\u00f5ttu on masinate seadistamine v\u00e4hem keeruline ja kokkusurutuse kvaliteet parem.<\/p>\n<p style=\"text-align: justify;\">K\u00e4imas on mitmed teadusprogrammid, et laiendada ioonimise rakenduste valdkonda pol\u00fcmeeride puhul.<\/p>\n<p>[\/vc_column_text][\/vc_tta_section][\/vc_tta_accordion][\/vc_column][vc_column width=&#8221;1\/3&#8243;]<div class=\"single_image wpb_content_element align-left  animate   \" data-animation=\"fade-in-from-right\" data-delay=\"0\"><img loading=\"lazy\" decoding=\"async\" width=\"800\" height=\"700\" src=\"https:\/\/www.ionisos.com\/wp-content\/uploads\/2017\/03\/Fotolia_92798419_Subscription_Monthly_M-1-1.jpg\" class=\"attachment-full\" alt=\"\" srcset=\"https:\/\/www.ionisos.com\/wp-content\/uploads\/2017\/03\/Fotolia_92798419_Subscription_Monthly_M-1-1.jpg 800w, https:\/\/www.ionisos.com\/wp-content\/uploads\/2017\/03\/Fotolia_92798419_Subscription_Monthly_M-1-1-300x263.jpg 300w, https:\/\/www.ionisos.com\/wp-content\/uploads\/2017\/03\/Fotolia_92798419_Subscription_Monthly_M-1-1-768x672.jpg 768w, https:\/\/www.ionisos.com\/wp-content\/uploads\/2017\/03\/Fotolia_92798419_Subscription_Monthly_M-1-1-200x175.jpg 200w\" sizes=\"auto, (max-width: 800px) 100vw, 800px\" \/><\/div>[\/vc_column][\/vc_row][vc_row][vc_column width=&#8221;1\/1&#8243;]<div class=\"spacer\" style=\"height: 40px;\"><\/div>[\/vc_column][\/vc_row][vc_row bg_color=&#8221;#f4f4f4&#8243; text_align=&#8221;center&#8221; top_padding=&#8221;40&#8243; bottom_padding=&#8221;40&#8243;][vc_column width=&#8221;1\/1&#8243;]<h2 class=\"headline font-special fontsize-m fontweight-600 lh-inherit align-center transform-uppercase \" style=\"margin: 0 0 20px 0;\">Tehnikad<\/h2>[vc_column_text]<a href=\"\/et\/elektronkiire-tootlemine\/\" target=\"_self\" class=\"button custom medium \" style=\"background-color: #ea5045; border-color: #ea5045;border-radius: 2px;\">E-beam<\/a> <a href=\"\/et\/meie-tegevused\/gamma-tootlus\/\" target=\"_self\" class=\"button custom medium \" style=\"background-color: #5996d1; border-color: #5996d1;border-radius: 2px;\">Gamma<\/a> <a href=\"https:\/\/www.ionisos.com\/et\/meie-tegevused\/rontgenkiirguse-tootlemine\/\" target=\"_self\" class=\"button custom medium \" style=\"background-color: #EF9E1C; border-color: #EF9E1C;border-radius: 2px;\">R\u00f6ntgenkiirguse<\/a> <a href=\"\/et\/meie-tegevused\/etuleenoksiid\/\" target=\"_self\" class=\"button custom medium \" style=\"background-color: #21b3aa; border-color: #21b3aa;border-radius: 2px;\">Et\u00fcleenoksiid<\/a>[\/vc_column_text][\/vc_column][\/vc_row][vc_row bg_color=&#8221;#0b2677&#8243; text_color=&#8221;light&#8221; text_align=&#8221;center&#8221; top_padding=&#8221;40&#8243; bottom_padding=&#8221;40&#8243;][vc_column width=&#8221;3\/4&#8243;]<div class=\"spacer\" style=\"height: 5px;\"><\/div>[vc_column_text]<\/p>\n<h3 style=\"text-align: left;\">Ionisos grupp pakub koost\u00f6\u00f6s teadus- ja arendustegevuse programme.<\/h3>\n<p>[\/vc_column_text][\/vc_column][vc_column width=&#8221;1\/4&#8243;]<a href=\"\/et\/grupp\/uurimis-ja-arendustegevus\/\" target=\"_self\" class=\"button color-8 medium \" style=\"border-radius: 2px;\">Loe rohkem<\/a>[\/vc_column][\/vc_row][vc_row][vc_column width=&#8221;1\/1&#8243;]<div class=\"spacer\" style=\"height: 40px;\"><\/div>[vc_column_text]<\/p>\n<p style=\"text-align: center;\"><span style=\"font-family: Abel; font-size: 25px;\">Meditsiinilise varustuse, kosmeetikatoodete, farmaatsiatoodete, pakendi jms steriliseerimise tegevuse t\u00e4iendamiseks v\u00f5ib Ionisos pakkuda mitmeid seotud teenuseid:<\/span><\/p>\n<p>[\/vc_column_text][vc_row_inner][vc_column_inner width=&#8221;1\/2&#8243;]<div class=\"minti_list wpb_content_element color-accent plus\" style=\"padding-left: 10px;\">\n<ul>\n<li>n\u00f5ustamine,<\/li>\n<li>teave seadusandluse kohta,<\/li>\n<li>transport ja tellimuste jaotamine meie tehastest,<\/li>\n<li>k\u00fclmhoidla teenused,<\/li>\n<li>mikrobioloogilised kontrollid.<\/li>\n<\/ul>\n<\/div>[\/vc_column_inner][vc_column_inner width=&#8221;1\/2&#8243;]<div class=\"minti_list wpb_content_element color-accent plus\" style=\"padding-left: 10px;\">\n<ul>\n<li>vastupidavuse katsed,<\/li>\n<li>t\u00f6\u00f6tlemise valideerimine,<\/li>\n<li>soorituse kvalifikatsioon: <a href=\"\/nos-services\/traitement-beta\/\">beeta protsess<\/a>, <a href=\"\/et\/meie-tegevused\/gamma-tootlus\/\">gamma protsess<\/a>, <a href=\"https:\/\/www.ionisos.com\/et\/meie-tegevused\/etuleenoksiid\/\">et\u00fcleenioksiid<\/a><\/li>\n<li>teie t\u00f6\u00f6tajate koolitus meie tehnoloogiate kohta.<\/li>\n<\/ul>\n<\/div>[\/vc_column_inner][\/vc_row_inner]<div class=\"spacer\" style=\"height: 40px;\"><\/div>[\/vc_column][\/vc_row][vc_row bg_color=&#8221;#f4f4f4&#8243;][vc_column width=&#8221;1\/1&#8243;]<div class=\"spacer\" style=\"height: 40px;\"><\/div>[vc_column_text]<\/p>\n<p style=\"text-align: center;\"><span style=\"font-family: Abel; font-size: 25px;\"><strong>Iga t\u00f6\u00f6tlemise puhul<\/strong> viib IONISOS l\u00e4bi:<\/span><\/p>\n<p>[\/vc_column_text][\/vc_column][\/vc_row][vc_row bg_color=&#8221;#f4f4f4&#8243; top_padding=&#8221;40&#8243; bottom_padding=&#8221;40&#8243;][vc_column width=&#8221;1\/3&#8243;]<div class=\"single_image wpb_content_element align-left  animate   \" data-animation=\"fade-in-from-left\" data-delay=\"0\"><img loading=\"lazy\" decoding=\"async\" width=\"800\" height=\"533\" src=\"https:\/\/www.ionisos.com\/wp-content\/uploads\/2017\/03\/Fotolia_43284149_XL.jpg\" class=\"attachment-full\" alt=\"\" srcset=\"https:\/\/www.ionisos.com\/wp-content\/uploads\/2017\/03\/Fotolia_43284149_XL.jpg 800w, https:\/\/www.ionisos.com\/wp-content\/uploads\/2017\/03\/Fotolia_43284149_XL-300x200.jpg 300w, https:\/\/www.ionisos.com\/wp-content\/uploads\/2017\/03\/Fotolia_43284149_XL-768x512.jpg 768w, https:\/\/www.ionisos.com\/wp-content\/uploads\/2017\/03\/Fotolia_43284149_XL-600x400.jpg 600w, https:\/\/www.ionisos.com\/wp-content\/uploads\/2017\/03\/Fotolia_43284149_XL-200x133.jpg 200w\" sizes=\"auto, (max-width: 800px) 100vw, 800px\" \/><\/div>[\/vc_column][vc_column width=&#8221;2\/3&#8243;]<div class=\"minti_list wpb_content_element color-accent plus\" style=\"padding-left: 10px;\">\n<ul>\n<li>t\u00f6\u00f6tlemise arvutatud juhtimine, mis tagab usaldusv\u00e4\u00e4rsuse, j\u00e4lgitavuse ja korduvuse,<\/li>\n<li>annuse kontroll vastavalt kehtivatele eeskirjadele ja ettekirjutustele,<\/li>\n<li>dokumentatsioonij\u00e4lgimine: t\u00f6\u00f6tlemissertifikaadi v\u00e4ljastamine.<\/li>\n<\/ul>\n<\/div><div class=\"spacer\" style=\"height: 40px;\"><\/div>[\/vc_column][\/vc_row][vc_row bg_color=&#8221;#0b2677&#8243; text_color=&#8221;light&#8221; text_align=&#8221;center&#8221; top_padding=&#8221;40&#8243; bottom_padding=&#8221;40&#8243;][vc_column width=&#8221;3\/4&#8243;]<div class=\"spacer\" style=\"height: 5px;\"><\/div>[vc_column_text]<\/p>\n<h3 style=\"text-align: left;\">Kas soovite p\u00f6\u00f6rduda Ionisos&#8217;e poole ioniseerimise taotlusega?<\/h3>\n<p>[\/vc_column_text][\/vc_column][vc_column width=&#8221;1\/4&#8243;]<a href=\"\/et\/contact\/\" target=\"_self\" class=\"button color-8 medium \" style=\"border-radius: 2px;\">V\u00f5ta meiega \u00fchendust<\/a>[\/vc_column][\/vc_row][vc_row][vc_column width=&#8221;1\/1&#8243;][\/vc_column][\/vc_row]<\/p>\n","protected":false},"excerpt":{"rendered":"<p>[vc_row bg_image=&#8221;15566&#8243; bg_repeat=&#8221;no-repeat&#8221; text_color=&#8221;light&#8221; text_align=&#8221;center&#8221; top_padding=&#8221;100&#8243; bottom_padding=&#8221;100&#8243;][vc_column width=&#8221;1\/1&#8243;][\/vc_column][\/vc_row][vc_row][vc_column width=&#8221;1\/1&#8243;][\/vc_column][\/vc_row][vc_row bg_position=&#8221;left top&#8221;][vc_column width=&#8221;1\/1&#8243;][vc_row_inner][vc_column_inner width=&#8221;1\/2&#8243;][\/vc_column_inner][vc_column_inner width=&#8221;1\/2&#8243;][\/vc_column_inner][\/vc_row_inner][\/vc_column][\/vc_row][vc_row][vc_column width=&#8221;1\/1&#8243;][\/vc_column][\/vc_row][vc_row][vc_column width=&#8221;2\/3&#8243;][vc_column_text]Ioonimine saab olla kasutusel erinevates valdkondades, erinevate kasutusalade jaoks.[\/vc_column_text][vc_tta_accordion style=&#8221;flat&#8221; active_section=&#8221;0&#8243; collapsible_all=&#8221;true&#8221;][vc_tta_section title=&#8221;Meditsiiniline ja kirurgiline&#8221; tab_id=&#8221;1490695151271-56f9569b-07aa&#8221;][vc_column_text] \u00dchekordsete meditsiiniliste ja kirurgiliste seadmete ja laboritarvikute steriliseerimine toimub hermeetiliste pakendite kaudu, toote pakendamise staadiumis, kui see on paigutatud paletile. See ei j\u00e4ta mingeid toksilisi j\u00e4\u00e4ke ioonitud materjalidesse ja v\u00f5imaldab seet\u00f5ttu materjali kohest kasutamist p\u00e4rast steriliseerimist. Tunnustatud efektiivsusega alates 50ndate aastate algusest, on ioonimine juhtiv steriliseerimisprotsess majanduslikult arenenud riikides. [\/vc_column_text][\/vc_tta_section][vc_tta_section title=&#8221;Farmaatsiatooted ja kosmeetikatooted&#8221; tab_id=&#8221;1490695151300-493eb754-19d8&#8243;][vc_column_text] Ioonimine kehtib t\u00fchjade pakendite, toorainete, aga ka l\u00f5pptoodete suhtes. See on osa kvaliteedi tagamise kontseptsioonist, samal viisil nagu laminaarvoogude protsessid, puhaste ruumide tegevused ja protsesside automatiseerimine. [\/vc_column_text][\/vc_tta_section][vc_tta_section title=&#8221;Plastikute keemia&#8221; tab_id=&#8221;1490695151339-6a8b96a4-75fc&#8221;][vc_column_text] Ioonimine parandab pol\u00fcet\u00fcleenkilede mehaanilisi omadusi ja v\u00f5imaldab samal j\u00f5udlusel v\u00e4hendada paksusi 40\u201360% v\u00f5rra. See laiendab termoresistentsete kilede sulamistemperatuuri vahemikke. Seet\u00f5ttu on masinate seadistamine v\u00e4hem keeruline ja kokkusurutuse kvaliteet parem. K\u00e4imas on mitmed teadusprogrammid, et laiendada ioonimise rakenduste valdkonda pol\u00fcmeeride puhul. [\/vc_column_text][\/vc_tta_section][\/vc_tta_accordion][\/vc_column][vc_column width=&#8221;1\/3&#8243;][\/vc_column][\/vc_row][vc_row][vc_column width=&#8221;1\/1&#8243;][\/vc_column][\/vc_row][vc_row bg_color=&#8221;#f4f4f4&#8243; text_align=&#8221;center&#8221; top_padding=&#8221;40&#8243; bottom_padding=&#8221;40&#8243;][vc_column width=&#8221;1\/1&#8243;][vc_column_text] [\/vc_column_text][\/vc_column][\/vc_row][vc_row bg_color=&#8221;#0b2677&#8243; text_color=&#8221;light&#8221; text_align=&#8221;center&#8221; top_padding=&#8221;40&#8243; bottom_padding=&#8221;40&#8243;][vc_column width=&#8221;3\/4&#8243;][vc_column_text] Ionisos grupp pakub koost\u00f6\u00f6s teadus- ja arendustegevuse programme. [\/vc_column_text][\/vc_column][vc_column width=&#8221;1\/4&#8243;][\/vc_column][\/vc_row][vc_row][vc_column width=&#8221;1\/1&#8243;][vc_column_text] Meditsiinilise varustuse, kosmeetikatoodete, farmaatsiatoodete, pakendi jms steriliseerimise tegevuse t\u00e4iendamiseks v\u00f5ib Ionisos pakkuda mitmeid seotud teenuseid: [\/vc_column_text][vc_row_inner][vc_column_inner width=&#8221;1\/2&#8243;][\/vc_column_inner][vc_column_inner width=&#8221;1\/2&#8243;][\/vc_column_inner][\/vc_row_inner][\/vc_column][\/vc_row][vc_row bg_color=&#8221;#f4f4f4&#8243;][vc_column [&hellip;]<\/p>\n","protected":false},"author":1,"featured_media":0,"parent":0,"menu_order":0,"comment_status":"closed","ping_status":"closed","template":"","meta":{"inline_featured_image":false,"footnotes":""},"class_list":["post-17050","page","type-page","status-publish","hentry"],"yoast_head":"<!-- This site is optimized with the Yoast SEO plugin v26.3 - https:\/\/yoast.com\/wordpress\/plugins\/seo\/ -->\n<title>Meie tegevused - Ionisos<\/title>\n<meta name=\"description\" content=\"Iga p\u00e4ev aitab ioniseerimine p\u00e4\u00e4sta elusid, hoida tervist ja kaitsta keskkonda.\" \/>\n<meta name=\"robots\" content=\"index, follow, max-snippet:-1, max-image-preview:large, max-video-preview:-1\" \/>\n<link rel=\"canonical\" href=\"https:\/\/www.ionisos.com\/et\/meie-tegevused\/\" \/>\n<meta property=\"og:locale\" content=\"et_EE\" \/>\n<meta property=\"og:type\" content=\"article\" \/>\n<meta property=\"og:title\" content=\"Meie tegevused - Ionisos\" \/>\n<meta property=\"og:description\" content=\"Iga p\u00e4ev aitab ioniseerimine p\u00e4\u00e4sta elusid, hoida tervist ja kaitsta keskkonda.\" \/>\n<meta property=\"og:url\" content=\"https:\/\/www.ionisos.com\/et\/meie-tegevused\/\" \/>\n<meta property=\"og:site_name\" content=\"Ionisos\" \/>\n<meta property=\"article:modified_time\" content=\"2025-04-17T14:43:21+00:00\" \/>\n<meta name=\"twitter:card\" content=\"summary_large_image\" \/>\n<meta name=\"twitter:label1\" content=\"Est. reading time\" \/>\n\t<meta name=\"twitter:data1\" content=\"3 minutit\" \/>\n<script type=\"application\/ld+json\" class=\"yoast-schema-graph\">{\"@context\":\"https:\/\/schema.org\",\"@graph\":[{\"@type\":\"WebPage\",\"@id\":\"https:\/\/www.ionisos.com\/et\/meie-tegevused\/\",\"url\":\"https:\/\/www.ionisos.com\/et\/meie-tegevused\/\",\"name\":\"Meie tegevused - Ionisos\",\"isPartOf\":{\"@id\":\"https:\/\/www.ionisos.com\/#website\"},\"datePublished\":\"2017-11-14T15:19:01+00:00\",\"dateModified\":\"2025-04-17T14:43:21+00:00\",\"description\":\"Iga p\u00e4ev aitab ioniseerimine p\u00e4\u00e4sta elusid, hoida tervist ja kaitsta keskkonda.\",\"breadcrumb\":{\"@id\":\"https:\/\/www.ionisos.com\/et\/meie-tegevused\/#breadcrumb\"},\"inLanguage\":\"et\",\"potentialAction\":[{\"@type\":\"ReadAction\",\"target\":[\"https:\/\/www.ionisos.com\/et\/meie-tegevused\/\"]}]},{\"@type\":\"BreadcrumbList\",\"@id\":\"https:\/\/www.ionisos.com\/et\/meie-tegevused\/#breadcrumb\",\"itemListElement\":[{\"@type\":\"ListItem\",\"position\":1,\"name\":\"Accueil\",\"item\":\"https:\/\/www.ionisos.com\/et\/\"},{\"@type\":\"ListItem\",\"position\":2,\"name\":\"Meie tegevused\"}]},{\"@type\":\"WebSite\",\"@id\":\"https:\/\/www.ionisos.com\/#website\",\"url\":\"https:\/\/www.ionisos.com\/\",\"name\":\"Ionisos\",\"description\":\"Ionisation par \u00e9lectrons acc\u00e9l\u00e9r\u00e9s, rayons gamma, rayons X et oxyde d&#039;\u00e9thyl\u00e8ne\",\"potentialAction\":[{\"@type\":\"SearchAction\",\"target\":{\"@type\":\"EntryPoint\",\"urlTemplate\":\"https:\/\/www.ionisos.com\/?s={search_term_string}\"},\"query-input\":{\"@type\":\"PropertyValueSpecification\",\"valueRequired\":true,\"valueName\":\"search_term_string\"}}],\"inLanguage\":\"et\"}]}<\/script>\n<!-- \/ Yoast SEO plugin. -->","yoast_head_json":{"title":"Meie tegevused - Ionisos","description":"Iga p\u00e4ev aitab ioniseerimine p\u00e4\u00e4sta elusid, hoida tervist ja kaitsta keskkonda.","robots":{"index":"index","follow":"follow","max-snippet":"max-snippet:-1","max-image-preview":"max-image-preview:large","max-video-preview":"max-video-preview:-1"},"canonical":"https:\/\/www.ionisos.com\/et\/meie-tegevused\/","og_locale":"et_EE","og_type":"article","og_title":"Meie tegevused - Ionisos","og_description":"Iga p\u00e4ev aitab ioniseerimine p\u00e4\u00e4sta elusid, hoida tervist ja kaitsta keskkonda.","og_url":"https:\/\/www.ionisos.com\/et\/meie-tegevused\/","og_site_name":"Ionisos","article_modified_time":"2025-04-17T14:43:21+00:00","twitter_card":"summary_large_image","twitter_misc":{"Est. reading time":"3 minutit"},"schema":{"@context":"https:\/\/schema.org","@graph":[{"@type":"WebPage","@id":"https:\/\/www.ionisos.com\/et\/meie-tegevused\/","url":"https:\/\/www.ionisos.com\/et\/meie-tegevused\/","name":"Meie tegevused - Ionisos","isPartOf":{"@id":"https:\/\/www.ionisos.com\/#website"},"datePublished":"2017-11-14T15:19:01+00:00","dateModified":"2025-04-17T14:43:21+00:00","description":"Iga p\u00e4ev aitab ioniseerimine p\u00e4\u00e4sta elusid, hoida tervist ja kaitsta keskkonda.","breadcrumb":{"@id":"https:\/\/www.ionisos.com\/et\/meie-tegevused\/#breadcrumb"},"inLanguage":"et","potentialAction":[{"@type":"ReadAction","target":["https:\/\/www.ionisos.com\/et\/meie-tegevused\/"]}]},{"@type":"BreadcrumbList","@id":"https:\/\/www.ionisos.com\/et\/meie-tegevused\/#breadcrumb","itemListElement":[{"@type":"ListItem","position":1,"name":"Accueil","item":"https:\/\/www.ionisos.com\/et\/"},{"@type":"ListItem","position":2,"name":"Meie tegevused"}]},{"@type":"WebSite","@id":"https:\/\/www.ionisos.com\/#website","url":"https:\/\/www.ionisos.com\/","name":"Ionisos","description":"Ionisation par \u00e9lectrons acc\u00e9l\u00e9r\u00e9s, rayons gamma, rayons X et oxyde d&#039;\u00e9thyl\u00e8ne","potentialAction":[{"@type":"SearchAction","target":{"@type":"EntryPoint","urlTemplate":"https:\/\/www.ionisos.com\/?s={search_term_string}"},"query-input":{"@type":"PropertyValueSpecification","valueRequired":true,"valueName":"search_term_string"}}],"inLanguage":"et"}]}},"_links":{"self":[{"href":"https:\/\/www.ionisos.com\/et\/wp-json\/wp\/v2\/pages\/17050","targetHints":{"allow":["GET"]}}],"collection":[{"href":"https:\/\/www.ionisos.com\/et\/wp-json\/wp\/v2\/pages"}],"about":[{"href":"https:\/\/www.ionisos.com\/et\/wp-json\/wp\/v2\/types\/page"}],"author":[{"embeddable":true,"href":"https:\/\/www.ionisos.com\/et\/wp-json\/wp\/v2\/users\/1"}],"replies":[{"embeddable":true,"href":"https:\/\/www.ionisos.com\/et\/wp-json\/wp\/v2\/comments?post=17050"}],"version-history":[{"count":13,"href":"https:\/\/www.ionisos.com\/et\/wp-json\/wp\/v2\/pages\/17050\/revisions"}],"predecessor-version":[{"id":26665,"href":"https:\/\/www.ionisos.com\/et\/wp-json\/wp\/v2\/pages\/17050\/revisions\/26665"}],"wp:attachment":[{"href":"https:\/\/www.ionisos.com\/et\/wp-json\/wp\/v2\/media?parent=17050"}],"curies":[{"name":"wp","href":"https:\/\/api.w.org\/{rel}","templated":true}]}}