 {"id":17048,"date":"2017-11-14T16:16:56","date_gmt":"2017-11-14T15:16:56","guid":{"rendered":"https:\/\/www.ionisos.com\/?page_id=17048"},"modified":"2021-11-29T09:25:05","modified_gmt":"2021-11-29T08:25:05","slug":"kvaliteet","status":"publish","type":"page","link":"https:\/\/www.ionisos.com\/et\/kvaliteet\/","title":{"rendered":"Kvaliteet"},"content":{"rendered":"<p>[vc_row bg_image=&#8221;15518&#8243; bg_repeat=&#8221;no-repeat&#8221; text_color=&#8221;light&#8221; text_align=&#8221;center&#8221; top_padding=&#8221;100&#8243; bottom_padding=&#8221;100&#8243;][vc_column width=&#8221;1\/1&#8243;]<h1 class=\"headline font-special fontsize-xxxl fontweight-inherit lh-inherit align-center transform-uppercase \" style=\"margin: 0;\"><strong>Kvaliteet<\/strong><\/h1>[\/vc_column][\/vc_row][vc_row top_padding=&#8221;50&#8243; bottom_padding=&#8221;30&#8243;][vc_column width=&#8221;1\/1&#8243;][vc_column_text]<\/p>\n<p style=\"text-align: center;\"><span style=\"font-family: Abel; font-size: 35px;\">Meie <strong>kvaliteedipoliitika<\/strong><\/span><\/p>\n<p>[\/vc_column_text][\/vc_column][\/vc_row][vc_row text_align=&#8221;center&#8221;][vc_column width=&#8221;1\/1&#8243;]<div class=\"spacer\" style=\"height: 40px;\"><\/div>[vc_row_inner][vc_column_inner width=&#8221;3\/4&#8243;][vc_column_text]<\/p>\n<p style=\"text-align: left;\"><span style=\"font-family: Abel; font-size: 25px;\">Grupi <strong>kvaliteedi-, tervise-, ohutus- ja keskkonnapoliitika<\/strong><\/span><\/p>\n<p style=\"text-align: justify;\">Klientide rahulolu, teenuste kvaliteet, ohutus k\u00f5iges ja keskkonnakaitset puudutavad tegevused j\u00e4\u00e4vad meie huvide keskmesse.<\/p>\n<p style=\"text-align: justify;\">IONISOS Grupp soovib arendada oma teenuste osutamist ioniseerivate ja et\u00fcleenoksiidit\u00f6\u00f6tluste alal j\u00e4rgmiselt:<\/p>\n<ul>\n<li style=\"text-align: justify;\">Parandades sooritust ja t\u00f5stes olemasolevate kohtade j\u00f5udlust,<\/li>\n<li style=\"text-align: justify;\">Omandades uusi tegevuskohti ja t\u00f6\u00f6tades v\u00e4lja asukohtade \u00fclese \u2019grupi\u2019 m\u00f5iste.<\/li>\n<\/ul>\n<p>[\/vc_column_text][\/vc_column_inner][\/vc_row_inner]<div class=\"spacer\" style=\"height: 40px;\"><\/div>[\/vc_column][\/vc_row][vc_row type=&#8221;full_width_section&#8221; bg_color=&#8221;#00804d&#8221; text_color=&#8221;light&#8221; text_align=&#8221;center&#8221; top_padding=&#8221;40&#8243; bottom_padding=&#8221;40&#8243;][vc_column width=&#8221;1\/1&#8243;][vc_column_text]<\/p>\n<h4 style=\"text-align: center;\">IONISOS Grupi strateegia suundumused on m\u00e4\u00e4ratletud vastavalt allpool esitatud kuuele sambale:<\/h4>\n<p>[\/vc_column_text][\/vc_column][\/vc_row][vc_row][vc_column width=&#8221;1\/1&#8243;]<div class=\"spacer\" style=\"height: 40px;\"><\/div>[\/vc_column][\/vc_row][vc_row][vc_column width=&#8221;1\/1&#8243;][vc_row_inner][vc_column_inner width=&#8221;1\/3&#8243;]<div class=\"minti_list wpb_content_element color-accent checkbox\" style=\"padding-left: 10px;\"><strong>Kliendirahulolu:<\/strong><\/p>\n<ul>\n<li>Klientide ja nende vajaduste tundmine<\/li>\n<li>Olemasolek ja hea klienditeeninduse tagamine<\/li>\n<\/ul>\n<\/div>[\/vc_column_inner][vc_column_inner width=&#8221;1\/3&#8243;]<div class=\"minti_list wpb_content_element color-accent checkbox\" style=\"padding-left: 10px;\"><strong>Ionisos grupi koost\u00f6\u00f6partnerid:<\/strong><\/p>\n<ul>\n<li>Meie n\u00f5uetele vastavad p\u00e4devused<\/li>\n<li>Soodsate t\u00f6\u00f6tingimuste tagamine<\/li>\n<\/ul>\n<\/div>[\/vc_column_inner][vc_column_inner width=&#8221;1\/3&#8243;]<div class=\"minti_list wpb_content_element color-accent checkbox\" style=\"padding-left: 10px;\"><strong>Partnerlus meie tarnijatega:<\/strong><\/p>\n<ul>\n<li>Ostude ja teenuste kontrollimine<\/li>\n<li>Kriitiliste ostude kindlustamine<\/li>\n<\/ul>\n<\/div>[\/vc_column_inner][\/vc_row_inner]<div class=\"spacer\" style=\"height: 40px;\"><\/div>[vc_row_inner][vc_column_inner width=&#8221;1\/3&#8243;]<div class=\"minti_list wpb_content_element color-accent checkbox\" style=\"padding-left: 10px;\"><strong>Kvaliteet:<\/strong><\/p>\n<ul>\n<li>Kvaliteetsete teenuste osutamine<\/li>\n<li>K\u00f5igi grupi t\u00f6\u00f6kohtade haldamine \u00fche juhtimiss\u00fcsteemi all<\/li>\n<\/ul>\n<\/div>[\/vc_column_inner][vc_column_inner width=&#8221;1\/3&#8243;]<div class=\"minti_list wpb_content_element color-accent checkbox\" style=\"padding-left: 10px;\"><strong>H\u00fcgieen ja ohutus:<\/strong><\/p>\n<ul>\n<li>\u00d5nnetuste v\u00e4ltimine ja nende tagaj\u00e4rgede v\u00e4hendamine<\/li>\n<li>Seadmete kasutamine t\u00e4ies ohutuses<\/li>\n<\/ul>\n<\/div>[\/vc_column_inner][vc_column_inner width=&#8221;1\/3&#8243;]<div class=\"minti_list wpb_content_element color-accent checkbox\" style=\"padding-left: 10px;\"><strong>Keskkond:<\/strong><\/p>\n<ul>\n<li>T\u00f6\u00f6kohtade \u00f6koloogilise jalaj\u00e4lje v\u00e4hendamine<\/li>\n<li>Saastumisriski v\u00e4ltimine<\/li>\n<\/ul>\n<\/div>[\/vc_column_inner][\/vc_row_inner][\/vc_column][\/vc_row][vc_row][vc_column width=&#8221;1\/1&#8243;]<div class=\"spacer\" style=\"height: 20px;\"><\/div>[\/vc_column][\/vc_row][vc_row top_padding=&#8221;40&#8243; bottom_padding=&#8221;40&#8243;][vc_column width=&#8221;1\/1&#8243;][vc_column_text]<\/p>\n<blockquote>\n<p style=\"text-align: justify;\">\u201eIonisos Grupi juhina v\u00f5tan endale enda ja kogu ettev\u00f5tte juhatuse nimel kohustuse s\u00e4ilitada ja optimeerida pidevat t\u00e4iustamisprotsessi, t\u00f6\u00f6tades v\u00e4lja t\u00f5husa juhtimiss\u00fcsteemi, mis h\u00f5lmab kvaliteeti, h\u00fcgieeni, t\u00f6\u00f6ohutust ja keskkonnakaitset, tuginedes ISO 9001, ISO 13485, ISO 11137 \/ 11135 ja BPF standarditele kvaliteedi osas, OHSAS 18001 standardile t\u00f6\u00f6ohutuse osas ja ISO 14001 standardile keskkonnakaitse osas. Ma v\u00f5tan endale kohustuse kehtestada selle strateegia elluviimiseks vajalikud k\u00f5ik inimlikud, organisatsioonilised ja tehnilised vahendid.<\/p>\n<p style=\"text-align: justify;\">Arvestan k\u00f5igi osalusega.\u201c <strong>M. HERKENS<\/strong><\/p>\n<\/blockquote>\n<p>[\/vc_column_text]<a href=\"https:\/\/www.ionisos.com\/wp-content\/uploads\/2021\/11\/Pages-de-Company-Policy-5-5Estonie.pdf\" target=\"_blank\" class=\"button color-2 medium \" style=\"border-radius: 2px;\">Grupi poliitika allalaadimine<\/a>[\/vc_column][\/vc_row][vc_row][vc_column width=&#8221;1\/1&#8243;]<div class=\"spacer\" style=\"height: 40px;\"><\/div>[\/vc_column][\/vc_row][vc_row bg_color=&#8221;#f4f4f4&#8243; top_padding=&#8221;50&#8243; bottom_padding=&#8221;30&#8243;][vc_column width=&#8221;1\/1&#8243;][vc_column_text]<\/p>\n<p style=\"text-align: center;\"><span style=\"font-family: Abel; font-size: 35px;\">Meie\u00a0<b>kvaliteedisertifikaadid <\/b><\/span><\/p>\n<p>[\/vc_column_text]<div class=\"spacer\" style=\"height: 40px;\"><\/div>[vc_column_text]<\/p>\n<p style=\"text-align: center;\"><span style=\"font-family: Abel; font-size: 25px;\"><strong>IONISOS t\u00f6\u00f6kohtadel<\/strong> rakendatavad tehnikad on sertifitseeritud:<\/span><\/p>\n<p style=\"text-align: center;\"><em>Saate sertifikaadid alla laadida, kl\u00f5psates allolevatel linkidel<\/em><\/p>\n<p>[\/vc_column_text][vc_row_inner][vc_column_inner width=&#8221;1\/6&#8243;][\/vc_column_inner][vc_column_inner width=&#8221;1\/6&#8243;][\/vc_column_inner][vc_column_inner width=&#8221;1\/6&#8243;]<a href=\"https:\/\/www.ionisos.com\/wp-content\/uploads\/2021\/07\/ISO-13485-30418-4-site.pdf\" target=\"_blank\" class=\"button color-3 medium \" style=\"border-radius: 2px;\">ISO 11137\/13485<\/a>[\/vc_column_inner][vc_column_inner width=&#8221;1\/6&#8243;][\/vc_column_inner][vc_column_inner][\/vc_column_inner][\/vc_row_inner][vc_row_inner][vc_column_inner width=&#8221;1\/2&#8243;]<div class=\"minti_list wpb_content_element color-grey checkbox\" style=\"padding-left: 10px;\"><strong>BPF sertifikaadid<\/strong>:<\/p>\n<ul>\n<li><a href=\"https:\/\/www.ionisos.com\/wp-content\/uploads\/2021\/04\/Certificat-GMP-veterinaire-Chaumesnil.pdf\" target=\"_blank\" rel=\"noopener noreferrer\">Chaumesnil<\/a><\/li>\n<li><a href=\"https:\/\/www.ionisos.com\/wp-content\/uploads\/2021\/01\/Dagneux-Certificat-BPF-ANSM-2020.pdf\">Dagneux<\/a><\/li>\n<li><a href=\"https:\/\/www.ionisos.com\/wp-content\/uploads\/2020\/03\/Certificat-BPF-GMP-Pouzauges-ANSES-validit\u00e9-2023-08-23.pdf\">Pouzauges<\/a><\/li>\n<li><a href=\"https:\/\/www.ionisos.com\/wp-content\/uploads\/2020\/03\/2018-2021-Certificat-de-conformit\u00e9-Sabl\u00e9-BPF-ANSM.pdf\" target=\"_blank\" rel=\"noopener noreferrer\">Sable sur Sarthe<\/a><\/li>\n<\/ul>\n<\/div>[\/vc_column_inner][vc_column_inner width=&#8221;1\/2&#8243;]<div class=\"spacer\" style=\"height: 40px;\"><\/div><div class=\"minti_list wpb_content_element color-grey checkbox\" style=\"padding-left: 10px;\">\n<ul>\n<li><a href=\"\/wp-content\/uploads\/2017\/03\/AFSSAPS-2011-08-LETTRE-Autorisation-LAB-PHARMA.pdf\" target=\"_blank\" rel=\"noopener noreferrer\">11.08.2011: Dagneux\u2019 tehase farmaatsiaettev\u00f5tte luba<\/a><\/li>\n<li><a href=\"\/wp-content\/uploads\/2017\/03\/autorisation-veto-pouzauges.pdf\" target=\"_blank\" rel=\"noopener noreferrer\">Pouzauges\u2019i tehase veterinaar- ja farmaatsiaettev\u00f5tte luba<\/a><\/li>\n<li><a href=\"\/wp-content\/uploads\/2017\/03\/anses-veto-dagneux.pdf\" target=\"_blank\" rel=\"noopener noreferrer\">Dagneux\u2019 tehase veterinaar- ja farmaatsiaettev\u00f5tte luba<\/a><\/li>\n<\/ul>\n<\/div>[\/vc_column_inner][\/vc_row_inner]<div class=\"spacer\" style=\"height: 40px;\"><\/div>[\/vc_column][\/vc_row]<\/p>\n","protected":false},"excerpt":{"rendered":"<p>[vc_row bg_image=&#8221;15518&#8243; bg_repeat=&#8221;no-repeat&#8221; text_color=&#8221;light&#8221; text_align=&#8221;center&#8221; top_padding=&#8221;100&#8243; bottom_padding=&#8221;100&#8243;][vc_column width=&#8221;1\/1&#8243;][\/vc_column][\/vc_row][vc_row top_padding=&#8221;50&#8243; bottom_padding=&#8221;30&#8243;][vc_column width=&#8221;1\/1&#8243;][vc_column_text] Meie kvaliteedipoliitika [\/vc_column_text][\/vc_column][\/vc_row][vc_row text_align=&#8221;center&#8221;][vc_column width=&#8221;1\/1&#8243;][vc_row_inner][vc_column_inner width=&#8221;3\/4&#8243;][vc_column_text] Grupi kvaliteedi-, tervise-, ohutus- ja keskkonnapoliitika Klientide rahulolu, teenuste kvaliteet, ohutus k\u00f5iges ja keskkonnakaitset puudutavad tegevused j\u00e4\u00e4vad meie huvide keskmesse. IONISOS Grupp soovib arendada oma teenuste osutamist ioniseerivate ja et\u00fcleenoksiidit\u00f6\u00f6tluste alal j\u00e4rgmiselt: Parandades sooritust ja t\u00f5stes olemasolevate kohtade j\u00f5udlust, Omandades uusi tegevuskohti ja t\u00f6\u00f6tades v\u00e4lja asukohtade \u00fclese \u2019grupi\u2019 m\u00f5iste. [\/vc_column_text][\/vc_column_inner][\/vc_row_inner][\/vc_column][\/vc_row][vc_row type=&#8221;full_width_section&#8221; bg_color=&#8221;#00804d&#8221; text_color=&#8221;light&#8221; text_align=&#8221;center&#8221; top_padding=&#8221;40&#8243; bottom_padding=&#8221;40&#8243;][vc_column width=&#8221;1\/1&#8243;][vc_column_text] IONISOS Grupi strateegia suundumused on m\u00e4\u00e4ratletud vastavalt allpool esitatud kuuele sambale: [\/vc_column_text][\/vc_column][\/vc_row][vc_row][vc_column width=&#8221;1\/1&#8243;][\/vc_column][\/vc_row][vc_row][vc_column width=&#8221;1\/1&#8243;][vc_row_inner][vc_column_inner width=&#8221;1\/3&#8243;][\/vc_column_inner][vc_column_inner width=&#8221;1\/3&#8243;][\/vc_column_inner][vc_column_inner width=&#8221;1\/3&#8243;][\/vc_column_inner][\/vc_row_inner][vc_row_inner][vc_column_inner width=&#8221;1\/3&#8243;][\/vc_column_inner][vc_column_inner width=&#8221;1\/3&#8243;][\/vc_column_inner][vc_column_inner width=&#8221;1\/3&#8243;][\/vc_column_inner][\/vc_row_inner][\/vc_column][\/vc_row][vc_row][vc_column width=&#8221;1\/1&#8243;][\/vc_column][\/vc_row][vc_row top_padding=&#8221;40&#8243; bottom_padding=&#8221;40&#8243;][vc_column width=&#8221;1\/1&#8243;][vc_column_text] \u201eIonisos Grupi juhina v\u00f5tan endale enda ja kogu ettev\u00f5tte juhatuse nimel kohustuse s\u00e4ilitada ja optimeerida pidevat t\u00e4iustamisprotsessi, t\u00f6\u00f6tades v\u00e4lja t\u00f5husa juhtimiss\u00fcsteemi, mis h\u00f5lmab kvaliteeti, h\u00fcgieeni, t\u00f6\u00f6ohutust ja keskkonnakaitset, tuginedes ISO 9001, ISO 13485, ISO 11137 \/ 11135 ja BPF standarditele kvaliteedi osas, OHSAS 18001 standardile t\u00f6\u00f6ohutuse osas ja ISO 14001 standardile keskkonnakaitse osas. Ma v\u00f5tan endale kohustuse kehtestada selle strateegia elluviimiseks vajalikud k\u00f5ik inimlikud, organisatsioonilised ja tehnilised vahendid. Arvestan k\u00f5igi osalusega.\u201c M. HERKENS [\/vc_column_text][\/vc_column][\/vc_row][vc_row][vc_column width=&#8221;1\/1&#8243;][\/vc_column][\/vc_row][vc_row bg_color=&#8221;#f4f4f4&#8243; top_padding=&#8221;50&#8243; bottom_padding=&#8221;30&#8243;][vc_column width=&#8221;1\/1&#8243;][vc_column_text] Meie\u00a0kvaliteedisertifikaadid [\/vc_column_text][vc_column_text] IONISOS t\u00f6\u00f6kohtadel rakendatavad tehnikad on sertifitseeritud: Saate sertifikaadid alla laadida, kl\u00f5psates allolevatel linkidel [\/vc_column_text][vc_row_inner][vc_column_inner width=&#8221;1\/6&#8243;][\/vc_column_inner][vc_column_inner width=&#8221;1\/6&#8243;][\/vc_column_inner][vc_column_inner width=&#8221;1\/6&#8243;][\/vc_column_inner][vc_column_inner width=&#8221;1\/6&#8243;][\/vc_column_inner][vc_column_inner][\/vc_column_inner][\/vc_row_inner][vc_row_inner][vc_column_inner width=&#8221;1\/2&#8243;][\/vc_column_inner][vc_column_inner width=&#8221;1\/2&#8243;][\/vc_column_inner][\/vc_row_inner][\/vc_column][\/vc_row]<\/p>\n","protected":false},"author":1,"featured_media":0,"parent":0,"menu_order":0,"comment_status":"closed","ping_status":"closed","template":"","meta":{"inline_featured_image":false,"footnotes":""},"class_list":["post-17048","page","type-page","status-publish","hentry"],"yoast_head":"<!-- This site is optimized with the Yoast SEO plugin v26.3 - https:\/\/yoast.com\/wordpress\/plugins\/seo\/ -->\n<title>Kvaliteet - Ionisos<\/title>\n<meta name=\"robots\" content=\"index, follow, max-snippet:-1, max-image-preview:large, max-video-preview:-1\" \/>\n<link rel=\"canonical\" href=\"https:\/\/www.ionisos.com\/et\/kvaliteet\/\" \/>\n<meta property=\"og:locale\" content=\"et_EE\" \/>\n<meta property=\"og:type\" content=\"article\" \/>\n<meta property=\"og:title\" content=\"Kvaliteet - Ionisos\" \/>\n<meta property=\"og:description\" content=\"[vc_row bg_image=&#8221;15518&#8243; bg_repeat=&#8221;no-repeat&#8221; text_color=&#8221;light&#8221; text_align=&#8221;center&#8221; top_padding=&#8221;100&#8243; bottom_padding=&#8221;100&#8243;][vc_column width=&#8221;1\/1&#8243;][\/vc_column][\/vc_row][vc_row top_padding=&#8221;50&#8243; bottom_padding=&#8221;30&#8243;][vc_column width=&#8221;1\/1&#8243;][vc_column_text] Meie kvaliteedipoliitika [\/vc_column_text][\/vc_column][\/vc_row][vc_row text_align=&#8221;center&#8221;][vc_column width=&#8221;1\/1&#8243;][vc_row_inner][vc_column_inner width=&#8221;3\/4&#8243;][vc_column_text] Grupi kvaliteedi-, tervise-, ohutus- ja keskkonnapoliitika Klientide rahulolu, teenuste kvaliteet, ohutus k\u00f5iges ja keskkonnakaitset puudutavad tegevused j\u00e4\u00e4vad meie huvide keskmesse. IONISOS Grupp soovib arendada oma teenuste osutamist ioniseerivate ja et\u00fcleenoksiidit\u00f6\u00f6tluste alal j\u00e4rgmiselt: Parandades sooritust ja t\u00f5stes olemasolevate kohtade j\u00f5udlust, Omandades uusi tegevuskohti ja t\u00f6\u00f6tades v\u00e4lja asukohtade \u00fclese \u2019grupi\u2019 m\u00f5iste. [\/vc_column_text][\/vc_column_inner][\/vc_row_inner][\/vc_column][\/vc_row][vc_row type=&#8221;full_width_section&#8221; bg_color=&#8221;#00804d&#8221; text_color=&#8221;light&#8221; text_align=&#8221;center&#8221; top_padding=&#8221;40&#8243; bottom_padding=&#8221;40&#8243;][vc_column width=&#8221;1\/1&#8243;][vc_column_text] IONISOS Grupi strateegia suundumused on m\u00e4\u00e4ratletud vastavalt allpool esitatud kuuele sambale: [\/vc_column_text][\/vc_column][\/vc_row][vc_row][vc_column width=&#8221;1\/1&#8243;][\/vc_column][\/vc_row][vc_row][vc_column width=&#8221;1\/1&#8243;][vc_row_inner][vc_column_inner width=&#8221;1\/3&#8243;][\/vc_column_inner][vc_column_inner width=&#8221;1\/3&#8243;][\/vc_column_inner][vc_column_inner width=&#8221;1\/3&#8243;][\/vc_column_inner][\/vc_row_inner][vc_row_inner][vc_column_inner width=&#8221;1\/3&#8243;][\/vc_column_inner][vc_column_inner width=&#8221;1\/3&#8243;][\/vc_column_inner][vc_column_inner width=&#8221;1\/3&#8243;][\/vc_column_inner][\/vc_row_inner][\/vc_column][\/vc_row][vc_row][vc_column width=&#8221;1\/1&#8243;][\/vc_column][\/vc_row][vc_row top_padding=&#8221;40&#8243; bottom_padding=&#8221;40&#8243;][vc_column width=&#8221;1\/1&#8243;][vc_column_text] \u201eIonisos Grupi juhina v\u00f5tan endale enda ja kogu ettev\u00f5tte juhatuse nimel kohustuse s\u00e4ilitada ja optimeerida pidevat t\u00e4iustamisprotsessi, t\u00f6\u00f6tades v\u00e4lja t\u00f5husa juhtimiss\u00fcsteemi, mis h\u00f5lmab kvaliteeti, h\u00fcgieeni, t\u00f6\u00f6ohutust ja keskkonnakaitset, tuginedes ISO 9001, ISO 13485, ISO 11137 \/ 11135 ja BPF standarditele kvaliteedi osas, OHSAS 18001 standardile t\u00f6\u00f6ohutuse osas ja ISO 14001 standardile keskkonnakaitse osas. Ma v\u00f5tan endale kohustuse kehtestada selle strateegia elluviimiseks vajalikud k\u00f5ik inimlikud, organisatsioonilised ja tehnilised vahendid. Arvestan k\u00f5igi osalusega.\u201c M. HERKENS [\/vc_column_text][\/vc_column][\/vc_row][vc_row][vc_column width=&#8221;1\/1&#8243;][\/vc_column][\/vc_row][vc_row bg_color=&#8221;#f4f4f4&#8243; top_padding=&#8221;50&#8243; bottom_padding=&#8221;30&#8243;][vc_column width=&#8221;1\/1&#8243;][vc_column_text] Meie\u00a0kvaliteedisertifikaadid [\/vc_column_text][vc_column_text] IONISOS t\u00f6\u00f6kohtadel rakendatavad tehnikad on sertifitseeritud: Saate sertifikaadid alla laadida, kl\u00f5psates allolevatel linkidel [\/vc_column_text][vc_row_inner][vc_column_inner width=&#8221;1\/6&#8243;][\/vc_column_inner][vc_column_inner width=&#8221;1\/6&#8243;][\/vc_column_inner][vc_column_inner width=&#8221;1\/6&#8243;][\/vc_column_inner][vc_column_inner width=&#8221;1\/6&#8243;][\/vc_column_inner][vc_column_inner][\/vc_column_inner][\/vc_row_inner][vc_row_inner][vc_column_inner width=&#8221;1\/2&#8243;][\/vc_column_inner][vc_column_inner width=&#8221;1\/2&#8243;][\/vc_column_inner][\/vc_row_inner][\/vc_column][\/vc_row]\" \/>\n<meta property=\"og:url\" content=\"https:\/\/www.ionisos.com\/et\/kvaliteet\/\" \/>\n<meta property=\"og:site_name\" content=\"Ionisos\" \/>\n<meta property=\"article:modified_time\" content=\"2021-11-29T08:25:05+00:00\" \/>\n<meta name=\"twitter:card\" content=\"summary_large_image\" \/>\n<meta name=\"twitter:label1\" content=\"Est. reading time\" \/>\n\t<meta name=\"twitter:data1\" content=\"4 minutit\" \/>\n<script type=\"application\/ld+json\" class=\"yoast-schema-graph\">{\"@context\":\"https:\/\/schema.org\",\"@graph\":[{\"@type\":\"WebPage\",\"@id\":\"https:\/\/www.ionisos.com\/et\/kvaliteet\/\",\"url\":\"https:\/\/www.ionisos.com\/et\/kvaliteet\/\",\"name\":\"Kvaliteet - Ionisos\",\"isPartOf\":{\"@id\":\"https:\/\/www.ionisos.com\/#website\"},\"datePublished\":\"2017-11-14T15:16:56+00:00\",\"dateModified\":\"2021-11-29T08:25:05+00:00\",\"breadcrumb\":{\"@id\":\"https:\/\/www.ionisos.com\/et\/kvaliteet\/#breadcrumb\"},\"inLanguage\":\"et\",\"potentialAction\":[{\"@type\":\"ReadAction\",\"target\":[\"https:\/\/www.ionisos.com\/et\/kvaliteet\/\"]}]},{\"@type\":\"BreadcrumbList\",\"@id\":\"https:\/\/www.ionisos.com\/et\/kvaliteet\/#breadcrumb\",\"itemListElement\":[{\"@type\":\"ListItem\",\"position\":1,\"name\":\"Accueil\",\"item\":\"https:\/\/www.ionisos.com\/et\/\"},{\"@type\":\"ListItem\",\"position\":2,\"name\":\"Kvaliteet\"}]},{\"@type\":\"WebSite\",\"@id\":\"https:\/\/www.ionisos.com\/#website\",\"url\":\"https:\/\/www.ionisos.com\/\",\"name\":\"Ionisos\",\"description\":\"Ionisation par \u00e9lectrons acc\u00e9l\u00e9r\u00e9s, rayons gamma, rayons X et oxyde d&#039;\u00e9thyl\u00e8ne\",\"potentialAction\":[{\"@type\":\"SearchAction\",\"target\":{\"@type\":\"EntryPoint\",\"urlTemplate\":\"https:\/\/www.ionisos.com\/?s={search_term_string}\"},\"query-input\":{\"@type\":\"PropertyValueSpecification\",\"valueRequired\":true,\"valueName\":\"search_term_string\"}}],\"inLanguage\":\"et\"}]}<\/script>\n<!-- \/ Yoast SEO plugin. -->","yoast_head_json":{"title":"Kvaliteet - Ionisos","robots":{"index":"index","follow":"follow","max-snippet":"max-snippet:-1","max-image-preview":"max-image-preview:large","max-video-preview":"max-video-preview:-1"},"canonical":"https:\/\/www.ionisos.com\/et\/kvaliteet\/","og_locale":"et_EE","og_type":"article","og_title":"Kvaliteet - Ionisos","og_description":"[vc_row bg_image=&#8221;15518&#8243; bg_repeat=&#8221;no-repeat&#8221; text_color=&#8221;light&#8221; text_align=&#8221;center&#8221; top_padding=&#8221;100&#8243; bottom_padding=&#8221;100&#8243;][vc_column width=&#8221;1\/1&#8243;][\/vc_column][\/vc_row][vc_row top_padding=&#8221;50&#8243; bottom_padding=&#8221;30&#8243;][vc_column width=&#8221;1\/1&#8243;][vc_column_text] Meie kvaliteedipoliitika [\/vc_column_text][\/vc_column][\/vc_row][vc_row text_align=&#8221;center&#8221;][vc_column width=&#8221;1\/1&#8243;][vc_row_inner][vc_column_inner width=&#8221;3\/4&#8243;][vc_column_text] Grupi kvaliteedi-, tervise-, ohutus- ja keskkonnapoliitika Klientide rahulolu, teenuste kvaliteet, ohutus k\u00f5iges ja keskkonnakaitset puudutavad tegevused j\u00e4\u00e4vad meie huvide keskmesse. IONISOS Grupp soovib arendada oma teenuste osutamist ioniseerivate ja et\u00fcleenoksiidit\u00f6\u00f6tluste alal j\u00e4rgmiselt: Parandades sooritust ja t\u00f5stes olemasolevate kohtade j\u00f5udlust, Omandades uusi tegevuskohti ja t\u00f6\u00f6tades v\u00e4lja asukohtade \u00fclese \u2019grupi\u2019 m\u00f5iste. [\/vc_column_text][\/vc_column_inner][\/vc_row_inner][\/vc_column][\/vc_row][vc_row type=&#8221;full_width_section&#8221; bg_color=&#8221;#00804d&#8221; text_color=&#8221;light&#8221; text_align=&#8221;center&#8221; top_padding=&#8221;40&#8243; bottom_padding=&#8221;40&#8243;][vc_column width=&#8221;1\/1&#8243;][vc_column_text] IONISOS Grupi strateegia suundumused on m\u00e4\u00e4ratletud vastavalt allpool esitatud kuuele sambale: [\/vc_column_text][\/vc_column][\/vc_row][vc_row][vc_column width=&#8221;1\/1&#8243;][\/vc_column][\/vc_row][vc_row][vc_column width=&#8221;1\/1&#8243;][vc_row_inner][vc_column_inner width=&#8221;1\/3&#8243;][\/vc_column_inner][vc_column_inner width=&#8221;1\/3&#8243;][\/vc_column_inner][vc_column_inner width=&#8221;1\/3&#8243;][\/vc_column_inner][\/vc_row_inner][vc_row_inner][vc_column_inner width=&#8221;1\/3&#8243;][\/vc_column_inner][vc_column_inner width=&#8221;1\/3&#8243;][\/vc_column_inner][vc_column_inner width=&#8221;1\/3&#8243;][\/vc_column_inner][\/vc_row_inner][\/vc_column][\/vc_row][vc_row][vc_column width=&#8221;1\/1&#8243;][\/vc_column][\/vc_row][vc_row top_padding=&#8221;40&#8243; bottom_padding=&#8221;40&#8243;][vc_column width=&#8221;1\/1&#8243;][vc_column_text] \u201eIonisos Grupi juhina v\u00f5tan endale enda ja kogu ettev\u00f5tte juhatuse nimel kohustuse s\u00e4ilitada ja optimeerida pidevat t\u00e4iustamisprotsessi, t\u00f6\u00f6tades v\u00e4lja t\u00f5husa juhtimiss\u00fcsteemi, mis h\u00f5lmab kvaliteeti, h\u00fcgieeni, t\u00f6\u00f6ohutust ja keskkonnakaitset, tuginedes ISO 9001, ISO 13485, ISO 11137 \/ 11135 ja BPF standarditele kvaliteedi osas, OHSAS 18001 standardile t\u00f6\u00f6ohutuse osas ja ISO 14001 standardile keskkonnakaitse osas. Ma v\u00f5tan endale kohustuse kehtestada selle strateegia elluviimiseks vajalikud k\u00f5ik inimlikud, organisatsioonilised ja tehnilised vahendid. Arvestan k\u00f5igi osalusega.\u201c M. HERKENS [\/vc_column_text][\/vc_column][\/vc_row][vc_row][vc_column width=&#8221;1\/1&#8243;][\/vc_column][\/vc_row][vc_row bg_color=&#8221;#f4f4f4&#8243; top_padding=&#8221;50&#8243; bottom_padding=&#8221;30&#8243;][vc_column width=&#8221;1\/1&#8243;][vc_column_text] Meie\u00a0kvaliteedisertifikaadid [\/vc_column_text][vc_column_text] IONISOS t\u00f6\u00f6kohtadel rakendatavad tehnikad on sertifitseeritud: Saate sertifikaadid alla laadida, kl\u00f5psates allolevatel linkidel [\/vc_column_text][vc_row_inner][vc_column_inner width=&#8221;1\/6&#8243;][\/vc_column_inner][vc_column_inner width=&#8221;1\/6&#8243;][\/vc_column_inner][vc_column_inner width=&#8221;1\/6&#8243;][\/vc_column_inner][vc_column_inner width=&#8221;1\/6&#8243;][\/vc_column_inner][vc_column_inner][\/vc_column_inner][\/vc_row_inner][vc_row_inner][vc_column_inner width=&#8221;1\/2&#8243;][\/vc_column_inner][vc_column_inner width=&#8221;1\/2&#8243;][\/vc_column_inner][\/vc_row_inner][\/vc_column][\/vc_row]","og_url":"https:\/\/www.ionisos.com\/et\/kvaliteet\/","og_site_name":"Ionisos","article_modified_time":"2021-11-29T08:25:05+00:00","twitter_card":"summary_large_image","twitter_misc":{"Est. reading time":"4 minutit"},"schema":{"@context":"https:\/\/schema.org","@graph":[{"@type":"WebPage","@id":"https:\/\/www.ionisos.com\/et\/kvaliteet\/","url":"https:\/\/www.ionisos.com\/et\/kvaliteet\/","name":"Kvaliteet - Ionisos","isPartOf":{"@id":"https:\/\/www.ionisos.com\/#website"},"datePublished":"2017-11-14T15:16:56+00:00","dateModified":"2021-11-29T08:25:05+00:00","breadcrumb":{"@id":"https:\/\/www.ionisos.com\/et\/kvaliteet\/#breadcrumb"},"inLanguage":"et","potentialAction":[{"@type":"ReadAction","target":["https:\/\/www.ionisos.com\/et\/kvaliteet\/"]}]},{"@type":"BreadcrumbList","@id":"https:\/\/www.ionisos.com\/et\/kvaliteet\/#breadcrumb","itemListElement":[{"@type":"ListItem","position":1,"name":"Accueil","item":"https:\/\/www.ionisos.com\/et\/"},{"@type":"ListItem","position":2,"name":"Kvaliteet"}]},{"@type":"WebSite","@id":"https:\/\/www.ionisos.com\/#website","url":"https:\/\/www.ionisos.com\/","name":"Ionisos","description":"Ionisation par \u00e9lectrons acc\u00e9l\u00e9r\u00e9s, rayons gamma, rayons X et oxyde d&#039;\u00e9thyl\u00e8ne","potentialAction":[{"@type":"SearchAction","target":{"@type":"EntryPoint","urlTemplate":"https:\/\/www.ionisos.com\/?s={search_term_string}"},"query-input":{"@type":"PropertyValueSpecification","valueRequired":true,"valueName":"search_term_string"}}],"inLanguage":"et"}]}},"_links":{"self":[{"href":"https:\/\/www.ionisos.com\/et\/wp-json\/wp\/v2\/pages\/17048","targetHints":{"allow":["GET"]}}],"collection":[{"href":"https:\/\/www.ionisos.com\/et\/wp-json\/wp\/v2\/pages"}],"about":[{"href":"https:\/\/www.ionisos.com\/et\/wp-json\/wp\/v2\/types\/page"}],"author":[{"embeddable":true,"href":"https:\/\/www.ionisos.com\/et\/wp-json\/wp\/v2\/users\/1"}],"replies":[{"embeddable":true,"href":"https:\/\/www.ionisos.com\/et\/wp-json\/wp\/v2\/comments?post=17048"}],"version-history":[{"count":18,"href":"https:\/\/www.ionisos.com\/et\/wp-json\/wp\/v2\/pages\/17048\/revisions"}],"predecessor-version":[{"id":19359,"href":"https:\/\/www.ionisos.com\/et\/wp-json\/wp\/v2\/pages\/17048\/revisions\/19359"}],"wp:attachment":[{"href":"https:\/\/www.ionisos.com\/et\/wp-json\/wp\/v2\/media?parent=17048"}],"curies":[{"name":"wp","href":"https:\/\/api.w.org\/{rel}","templated":true}]}}