 {"id":17046,"date":"2017-11-14T15:43:32","date_gmt":"2017-11-14T14:43:32","guid":{"rendered":"https:\/\/www.ionisos.com\/?page_id=17046"},"modified":"2017-11-20T18:04:31","modified_gmt":"2017-11-20T17:04:31","slug":"uurimis-ja-arendustegevus","status":"publish","type":"page","link":"https:\/\/www.ionisos.com\/et\/grupp\/uurimis-ja-arendustegevus\/","title":{"rendered":"Uurimis- ja arendustegevus"},"content":{"rendered":"<p>[vc_row bg_image=&#8221;15563&#8243; bg_repeat=&#8221;no-repeat&#8221; text_color=&#8221;light&#8221; text_align=&#8221;center&#8221; top_padding=&#8221;100&#8243; bottom_padding=&#8221;100&#8243;][vc_column width=&#8221;1\/1&#8243;]<h1 class=\"headline font-special fontsize-xxxl fontweight-inherit lh-inherit align-center transform-uppercase \" style=\"margin: 0;\"><strong>Uurimis-<\/strong> ja <strong>arendustegevus<\/strong><\/h1>[\/vc_column][\/vc_row][vc_row text_align=&#8221;center&#8221;][vc_column width=&#8221;1\/1&#8243;]<div class=\"spacer\" style=\"height: 40px;\"><\/div>[vc_column_text]<\/p>\n<p style=\"text-align: center;\"><span style=\"font-family: Abel; font-size: 25px;\">Ionisose teadus- ja arendustegevuse osakond pakub oma materjalide alaseid teadmisi ioniseeriva kiirguse (steriliseerimine, t\u00f6\u00f6stus, tuumaenergia) erinevates valdkondades ja eelk\u00f5ige j\u00e4rgmistel teemadel:\u00a0<\/span><\/p>\n<p>[\/vc_column_text][\/vc_column][\/vc_row][vc_row top_padding=&#8221;100&#8243; bottom_padding=&#8221;80&#8243; bg_position=&#8221;left top&#8221;][vc_column width=&#8221;1\/3&#8243;]<div onclick=\"location.href='\/le-groupe\/recherche-developpement\/compatibilite-materiaux\/';\" style=\"cursor:pointer;\"><div class=\"iconbox  wpb_content_element iconbox-style-4 icon-color-accent color-dark clearfix\"><div class=\"iconbox-icon\"><i class=\"fa sl-chemistry boxicon\" style=\"\"><\/i><\/div><div class=\"iconbox-content\"><h3>Materjalide <\/h3><p>Eelnevad teadmised materjalide perekondade k\u00e4itumise kohta steriliseerivate t\u00f6\u00f6tluste k\u00e4igus aitavad valida sobivat meetodit v\u00f5i suunata materjalide valimist juba meditsiiniseadme v\u00e4ljat\u00f6\u00f6tamisel.<\/p>\n<p style=\"text-align: center;\"><a href=\"\/\/et\/grupp\/uurimis-ja-arendustegevus\/materjalide-sobivus\/\" target=\"_blank\" class=\"button color-4 small \" style=\"border-radius: 2px;\">Rohkem teavet<\/a>\n<\/p><\/div><\/div><\/div>[\/vc_column][vc_column width=&#8221;1\/3&#8243;]<div onclick=\"location.href='\/le-groupe\/recherche-developpement\/chimie-sous-rayonnements\/';\" style=\"cursor:pointer;\"><div class=\"iconbox  wpb_content_element iconbox-style-4 icon-color-accent color-dark clearfix\"><div class=\"iconbox-icon\"><i class=\"fa sl-eye boxicon\" style=\"\"><\/i><\/div><div class=\"iconbox-content\"><h3>Kiirgus v\u00f5imaldab<\/h3><p>Ioniseeriv kiirgus v\u00f5imaldab k\u00e4ivitada pol\u00fcliitumise reaktsioone pol\u00fcmeerides ilma keemilise v\u00f5i fotokeemilise katal\u00fcsaatori lisamiseta. See v\u00f5ib aidata kaasa huvitavatele materjalide parendamistele.<\/p>\n<p style=\"text-align: center;\"><a href=\"\/et\/grupp\/uurimis-ja-arendustegevus\/kiirguskeemia\/\" target=\"_blank\" class=\"button color-4 small \" style=\"border-radius: 2px;\">Rohkem teavet<\/a>\n<\/p><\/div><\/div><\/div>[\/vc_column][vc_column width=&#8221;1\/3&#8243;]<div onclick=\"location.href='\/le-groupe\/recherche-developpement\/vieillissement-radiatif\/';\" style=\"cursor:pointer;\"><div class=\"iconbox  wpb_content_element iconbox-style-4 icon-color-accent color-dark clearfix\"><div class=\"iconbox-icon\"><i class=\"fa sl-globe boxicon\" style=\"\"><\/i><\/div><div class=\"iconbox-content\"><h3>V\u00f5imaldavad<\/h3><p>Meie seadmed v\u00f5imaldavad viia l\u00e4bi katseid nende materjalide ja komponentide ioniseeriva kiirguse t\u00f5ttu vananemise asjus, mida k\u00e4itatakse tuumakeskkonnas v\u00f5i konkreetsetes sektorites nagu tuumaf\u00fc\u00fcsika, kosmoset\u00f6\u00f6stus vms.<\/p>\n<p style=\"text-align: center;\"><a href=\"\/et\/grupp\/uurimis-ja-arendustegevus\/kiirgusvananemine\/\" target=\"_blank\" class=\"button color-4 small \" style=\"border-radius: 2px;\">Rohkem teavet<\/a>\n<\/p><\/div><\/div><\/div>[\/vc_column][\/vc_row][vc_row][vc_column width=&#8221;1\/1&#8243;]<div class=\"spacer\" style=\"height: 40px;\"><\/div>[\/vc_column][\/vc_row][vc_row bg_color=&#8221;#0b2677&#8243; text_color=&#8221;light&#8221; text_align=&#8221;center&#8221; top_padding=&#8221;40&#8243; bottom_padding=&#8221;40&#8243;][vc_column width=&#8221;3\/4&#8243;]<div class=\"spacer\" style=\"height: 5px;\"><\/div>[vc_column_text]<\/p>\n<h3 style=\"text-align: left;\">Rohkem teavet meie uurimis- ja arendustegevuse kohta<\/h3>\n<p>[\/vc_column_text][\/vc_column][vc_column width=&#8221;1\/4&#8243;]<a href=\"\/contact\/\" target=\"_self\" class=\"button color-8 medium \" style=\"border-radius: 2px;\">V\u00f5tke \u00fchendust<\/a>[\/vc_column][\/vc_row]<\/p>\n","protected":false},"excerpt":{"rendered":"<p>[vc_row bg_image=&#8221;15563&#8243; bg_repeat=&#8221;no-repeat&#8221; text_color=&#8221;light&#8221; text_align=&#8221;center&#8221; top_padding=&#8221;100&#8243; bottom_padding=&#8221;100&#8243;][vc_column width=&#8221;1\/1&#8243;][\/vc_column][\/vc_row][vc_row text_align=&#8221;center&#8221;][vc_column width=&#8221;1\/1&#8243;][vc_column_text] Ionisose teadus- ja arendustegevuse osakond pakub oma materjalide alaseid teadmisi ioniseeriva kiirguse (steriliseerimine, t\u00f6\u00f6stus, tuumaenergia) erinevates valdkondades ja eelk\u00f5ige j\u00e4rgmistel teemadel:\u00a0 [\/vc_column_text][\/vc_column][\/vc_row][vc_row top_padding=&#8221;100&#8243; bottom_padding=&#8221;80&#8243; bg_position=&#8221;left top&#8221;][vc_column width=&#8221;1\/3&#8243;][\/vc_column][vc_column width=&#8221;1\/3&#8243;][\/vc_column][vc_column width=&#8221;1\/3&#8243;][\/vc_column][\/vc_row][vc_row][vc_column width=&#8221;1\/1&#8243;][\/vc_column][\/vc_row][vc_row bg_color=&#8221;#0b2677&#8243; text_color=&#8221;light&#8221; text_align=&#8221;center&#8221; top_padding=&#8221;40&#8243; bottom_padding=&#8221;40&#8243;][vc_column width=&#8221;3\/4&#8243;][vc_column_text] Rohkem teavet meie uurimis- ja arendustegevuse kohta [\/vc_column_text][\/vc_column][vc_column width=&#8221;1\/4&#8243;][\/vc_column][\/vc_row]<\/p>\n","protected":false},"author":1,"featured_media":0,"parent":17040,"menu_order":0,"comment_status":"closed","ping_status":"closed","template":"","meta":{"inline_featured_image":false,"footnotes":""},"class_list":["post-17046","page","type-page","status-publish","hentry"],"yoast_head":"<!-- This site is optimized with the Yoast SEO plugin v26.3 - https:\/\/yoast.com\/wordpress\/plugins\/seo\/ -->\n<title>Uurimis- ja arendustegevus - Ionisos<\/title>\n<meta name=\"robots\" content=\"index, follow, max-snippet:-1, max-image-preview:large, max-video-preview:-1\" \/>\n<link rel=\"canonical\" href=\"https:\/\/www.ionisos.com\/et\/grupp\/uurimis-ja-arendustegevus\/\" \/>\n<meta property=\"og:locale\" content=\"et_EE\" \/>\n<meta property=\"og:type\" content=\"article\" \/>\n<meta property=\"og:title\" content=\"Uurimis- ja arendustegevus - Ionisos\" \/>\n<meta property=\"og:description\" content=\"[vc_row bg_image=&#8221;15563&#8243; bg_repeat=&#8221;no-repeat&#8221; text_color=&#8221;light&#8221; text_align=&#8221;center&#8221; top_padding=&#8221;100&#8243; bottom_padding=&#8221;100&#8243;][vc_column width=&#8221;1\/1&#8243;][\/vc_column][\/vc_row][vc_row text_align=&#8221;center&#8221;][vc_column width=&#8221;1\/1&#8243;][vc_column_text] Ionisose teadus- ja arendustegevuse osakond pakub oma materjalide alaseid teadmisi ioniseeriva kiirguse (steriliseerimine, t\u00f6\u00f6stus, tuumaenergia) erinevates valdkondades ja eelk\u00f5ige j\u00e4rgmistel teemadel:\u00a0 [\/vc_column_text][\/vc_column][\/vc_row][vc_row top_padding=&#8221;100&#8243; bottom_padding=&#8221;80&#8243; bg_position=&#8221;left top&#8221;][vc_column width=&#8221;1\/3&#8243;][\/vc_column][vc_column width=&#8221;1\/3&#8243;][\/vc_column][vc_column width=&#8221;1\/3&#8243;][\/vc_column][\/vc_row][vc_row][vc_column width=&#8221;1\/1&#8243;][\/vc_column][\/vc_row][vc_row bg_color=&#8221;#0b2677&#8243; text_color=&#8221;light&#8221; text_align=&#8221;center&#8221; top_padding=&#8221;40&#8243; bottom_padding=&#8221;40&#8243;][vc_column width=&#8221;3\/4&#8243;][vc_column_text] Rohkem teavet meie uurimis- ja arendustegevuse kohta [\/vc_column_text][\/vc_column][vc_column width=&#8221;1\/4&#8243;][\/vc_column][\/vc_row]\" \/>\n<meta property=\"og:url\" content=\"https:\/\/www.ionisos.com\/et\/grupp\/uurimis-ja-arendustegevus\/\" \/>\n<meta property=\"og:site_name\" content=\"Ionisos\" \/>\n<meta property=\"article:modified_time\" content=\"2017-11-20T17:04:31+00:00\" \/>\n<meta name=\"twitter:card\" content=\"summary_large_image\" \/>\n<meta name=\"twitter:label1\" content=\"Est. reading time\" \/>\n\t<meta name=\"twitter:data1\" content=\"2 minutit\" \/>\n<script type=\"application\/ld+json\" class=\"yoast-schema-graph\">{\"@context\":\"https:\/\/schema.org\",\"@graph\":[{\"@type\":\"WebPage\",\"@id\":\"https:\/\/www.ionisos.com\/et\/grupp\/uurimis-ja-arendustegevus\/\",\"url\":\"https:\/\/www.ionisos.com\/et\/grupp\/uurimis-ja-arendustegevus\/\",\"name\":\"Uurimis- ja arendustegevus - Ionisos\",\"isPartOf\":{\"@id\":\"https:\/\/www.ionisos.com\/#website\"},\"datePublished\":\"2017-11-14T14:43:32+00:00\",\"dateModified\":\"2017-11-20T17:04:31+00:00\",\"breadcrumb\":{\"@id\":\"https:\/\/www.ionisos.com\/et\/grupp\/uurimis-ja-arendustegevus\/#breadcrumb\"},\"inLanguage\":\"et\",\"potentialAction\":[{\"@type\":\"ReadAction\",\"target\":[\"https:\/\/www.ionisos.com\/et\/grupp\/uurimis-ja-arendustegevus\/\"]}]},{\"@type\":\"BreadcrumbList\",\"@id\":\"https:\/\/www.ionisos.com\/et\/grupp\/uurimis-ja-arendustegevus\/#breadcrumb\",\"itemListElement\":[{\"@type\":\"ListItem\",\"position\":1,\"name\":\"Accueil\",\"item\":\"https:\/\/www.ionisos.com\/et\/\"},{\"@type\":\"ListItem\",\"position\":2,\"name\":\"Ionisos\",\"item\":\"https:\/\/www.ionisos.com\/et\/grupp\/\"},{\"@type\":\"ListItem\",\"position\":3,\"name\":\"Uurimis- ja arendustegevus\"}]},{\"@type\":\"WebSite\",\"@id\":\"https:\/\/www.ionisos.com\/#website\",\"url\":\"https:\/\/www.ionisos.com\/\",\"name\":\"Ionisos\",\"description\":\"Ionisation par \u00e9lectrons acc\u00e9l\u00e9r\u00e9s, rayons gamma, rayons X et oxyde d&#039;\u00e9thyl\u00e8ne\",\"potentialAction\":[{\"@type\":\"SearchAction\",\"target\":{\"@type\":\"EntryPoint\",\"urlTemplate\":\"https:\/\/www.ionisos.com\/?s={search_term_string}\"},\"query-input\":{\"@type\":\"PropertyValueSpecification\",\"valueRequired\":true,\"valueName\":\"search_term_string\"}}],\"inLanguage\":\"et\"}]}<\/script>\n<!-- \/ Yoast SEO plugin. -->","yoast_head_json":{"title":"Uurimis- ja arendustegevus - Ionisos","robots":{"index":"index","follow":"follow","max-snippet":"max-snippet:-1","max-image-preview":"max-image-preview:large","max-video-preview":"max-video-preview:-1"},"canonical":"https:\/\/www.ionisos.com\/et\/grupp\/uurimis-ja-arendustegevus\/","og_locale":"et_EE","og_type":"article","og_title":"Uurimis- ja arendustegevus - Ionisos","og_description":"[vc_row bg_image=&#8221;15563&#8243; bg_repeat=&#8221;no-repeat&#8221; text_color=&#8221;light&#8221; text_align=&#8221;center&#8221; top_padding=&#8221;100&#8243; bottom_padding=&#8221;100&#8243;][vc_column width=&#8221;1\/1&#8243;][\/vc_column][\/vc_row][vc_row text_align=&#8221;center&#8221;][vc_column width=&#8221;1\/1&#8243;][vc_column_text] Ionisose teadus- ja arendustegevuse osakond pakub oma materjalide alaseid teadmisi ioniseeriva kiirguse (steriliseerimine, t\u00f6\u00f6stus, tuumaenergia) erinevates valdkondades ja eelk\u00f5ige j\u00e4rgmistel teemadel:\u00a0 [\/vc_column_text][\/vc_column][\/vc_row][vc_row top_padding=&#8221;100&#8243; bottom_padding=&#8221;80&#8243; bg_position=&#8221;left top&#8221;][vc_column width=&#8221;1\/3&#8243;][\/vc_column][vc_column width=&#8221;1\/3&#8243;][\/vc_column][vc_column width=&#8221;1\/3&#8243;][\/vc_column][\/vc_row][vc_row][vc_column width=&#8221;1\/1&#8243;][\/vc_column][\/vc_row][vc_row bg_color=&#8221;#0b2677&#8243; text_color=&#8221;light&#8221; text_align=&#8221;center&#8221; top_padding=&#8221;40&#8243; bottom_padding=&#8221;40&#8243;][vc_column width=&#8221;3\/4&#8243;][vc_column_text] Rohkem teavet meie uurimis- ja arendustegevuse kohta [\/vc_column_text][\/vc_column][vc_column width=&#8221;1\/4&#8243;][\/vc_column][\/vc_row]","og_url":"https:\/\/www.ionisos.com\/et\/grupp\/uurimis-ja-arendustegevus\/","og_site_name":"Ionisos","article_modified_time":"2017-11-20T17:04:31+00:00","twitter_card":"summary_large_image","twitter_misc":{"Est. reading time":"2 minutit"},"schema":{"@context":"https:\/\/schema.org","@graph":[{"@type":"WebPage","@id":"https:\/\/www.ionisos.com\/et\/grupp\/uurimis-ja-arendustegevus\/","url":"https:\/\/www.ionisos.com\/et\/grupp\/uurimis-ja-arendustegevus\/","name":"Uurimis- ja arendustegevus - Ionisos","isPartOf":{"@id":"https:\/\/www.ionisos.com\/#website"},"datePublished":"2017-11-14T14:43:32+00:00","dateModified":"2017-11-20T17:04:31+00:00","breadcrumb":{"@id":"https:\/\/www.ionisos.com\/et\/grupp\/uurimis-ja-arendustegevus\/#breadcrumb"},"inLanguage":"et","potentialAction":[{"@type":"ReadAction","target":["https:\/\/www.ionisos.com\/et\/grupp\/uurimis-ja-arendustegevus\/"]}]},{"@type":"BreadcrumbList","@id":"https:\/\/www.ionisos.com\/et\/grupp\/uurimis-ja-arendustegevus\/#breadcrumb","itemListElement":[{"@type":"ListItem","position":1,"name":"Accueil","item":"https:\/\/www.ionisos.com\/et\/"},{"@type":"ListItem","position":2,"name":"Ionisos","item":"https:\/\/www.ionisos.com\/et\/grupp\/"},{"@type":"ListItem","position":3,"name":"Uurimis- ja arendustegevus"}]},{"@type":"WebSite","@id":"https:\/\/www.ionisos.com\/#website","url":"https:\/\/www.ionisos.com\/","name":"Ionisos","description":"Ionisation par \u00e9lectrons acc\u00e9l\u00e9r\u00e9s, rayons gamma, rayons X et oxyde d&#039;\u00e9thyl\u00e8ne","potentialAction":[{"@type":"SearchAction","target":{"@type":"EntryPoint","urlTemplate":"https:\/\/www.ionisos.com\/?s={search_term_string}"},"query-input":{"@type":"PropertyValueSpecification","valueRequired":true,"valueName":"search_term_string"}}],"inLanguage":"et"}]}},"_links":{"self":[{"href":"https:\/\/www.ionisos.com\/et\/wp-json\/wp\/v2\/pages\/17046","targetHints":{"allow":["GET"]}}],"collection":[{"href":"https:\/\/www.ionisos.com\/et\/wp-json\/wp\/v2\/pages"}],"about":[{"href":"https:\/\/www.ionisos.com\/et\/wp-json\/wp\/v2\/types\/page"}],"author":[{"embeddable":true,"href":"https:\/\/www.ionisos.com\/et\/wp-json\/wp\/v2\/users\/1"}],"replies":[{"embeddable":true,"href":"https:\/\/www.ionisos.com\/et\/wp-json\/wp\/v2\/comments?post=17046"}],"version-history":[{"count":3,"href":"https:\/\/www.ionisos.com\/et\/wp-json\/wp\/v2\/pages\/17046\/revisions"}],"predecessor-version":[{"id":17269,"href":"https:\/\/www.ionisos.com\/et\/wp-json\/wp\/v2\/pages\/17046\/revisions\/17269"}],"up":[{"embeddable":true,"href":"https:\/\/www.ionisos.com\/et\/wp-json\/wp\/v2\/pages\/17040"}],"wp:attachment":[{"href":"https:\/\/www.ionisos.com\/et\/wp-json\/wp\/v2\/media?parent=17046"}],"curies":[{"name":"wp","href":"https:\/\/api.w.org\/{rel}","templated":true}]}}