 {"id":17042,"date":"2017-11-14T15:36:46","date_gmt":"2017-11-14T14:36:46","guid":{"rendered":"https:\/\/www.ionisos.com\/?page_id=17042"},"modified":"2026-03-16T18:14:30","modified_gmt":"2026-03-16T17:14:30","slug":"meie-asukohad","status":"publish","type":"page","link":"https:\/\/www.ionisos.com\/et\/meie-asukohad\/","title":{"rendered":"Meie asukohad"},"content":{"rendered":"<p>[vc_row bg_color=&#8221;#bcdcd2&#8243; top_padding=&#8221;100&#8243; bottom_padding=&#8221;50&#8243;][vc_column width=&#8221;3\/5&#8243;][vc_column_text]<\/p>\n<h1><span style=\"color: #153c32; font-size: 40px;\"><strong>MEIE ASUKOHAD<\/strong><\/span><\/h1>\n<div style=\"color: #153c32; font-size: 16px;\">\n<p>Meie v\u00f5rgustik ulatub \u00fcle Euroopa, omades 10 strateegiliselt paigutatud asukohta 5 riigis, sealhulgas Prantsusmaal, Saksamaal, Hispaanias, \u0160veitsis ja Eestis.<\/p>\n<p>Meie meeskonnad, mis koosnevad 300 p\u00fchendunud professionaalist, t\u00f6\u00f6tavad v\u00e4simatult, et tagada teie meditsiiniseadmete kvaliteet ja ohutus. Iga asukoht on varustatud tipptasemel tehnoloogiatega, sealhulgas gammakiirguse, beetakiirguse (tuntud ka kui kiirendatud elektronid) ja et\u00fcleenoksiidiga, mis peegeldab meie p\u00fchendumust innovatsioonile ja tipptasemele. Meie uus, peagi valmiv asukoht Henriville&#8217;is Prantsusmaal lisab meie juba rikkalikku portfelli r\u00f6ntgenikiirguse tehnoloogia.<\/p>\n<p>Avastage iga meie asukoha, nende ainulaadse tehnoloogia ja sertifikaatide kohta l\u00e4hemalt, kl\u00f5psates iga\u00fchega seotud noolel.<\/p>\n<\/div>\n<p>[\/vc_column_text]<a href=\"mailto:info@ionisos.com\" target=\"_blank\" class=\"button custom medium \" style=\"background-color: #e69a40; border-color: #e69a40;border-radius: 2px;\"><i class='fa fa-regular fa-envelope'><\/i>Contactez-nous<\/a>[\/vc_column][vc_column width=&#8221;2\/5&#8243;][\/vc_column][\/vc_row][vc_row][vc_column width=&#8221;1\/1&#8243;]<div class=\"spacer\" style=\"height: 60px;\"><\/div>[\/vc_column][\/vc_row][vc_row][vc_column width=&#8221;1\/5&#8243;][vc_column_text]<span style=\"color: #153c32; font-size: 20px;\"><strong>Kleve, Saksamaa<\/strong><\/span><br \/>\n<em><span style=\"color: #21b3aa;\">Et\u00fcleenoksiid<\/span><\/em>[\/vc_column_text][\/vc_column][vc_column width=&#8221;1\/5&#8243;]<div class=\"ult-just-icon-wrapper  \"><div class=\"align-icon\" style=\"text-align:center;\">\n<a class=\"aio-tooltip 69ed31b877871\" href = \"\"    data-toggle=\"tooltip\" data-placement=\"\" title=\"\"><div class=\"aio-icon none \"  style=\"color:&#8221;#21b3aa&#8221;;font-size:&#8221;32&#8243;px;display:inline-block;\">\n\t<i class=\"&#8221;Defaults-chevron-right&#8221;\"><\/i>\n<\/div><\/a><\/div><\/div>]&#8211;&gt;&#8221; icon_animation=&#8221;pulse&#8221;][\/vc_column][vc_column width=&#8221;1\/5&#8243;][\/vc_column][vc_column width=&#8221;1\/5&#8243;][vc_column_text]<span style=\"color: #153c32; font-size: 20px;\"><strong>Henriville, Prantsusmaa<\/strong><\/span><br \/>\n<em><span style=\"color: #ef9e1c;\">R\u00f6ntgenikiirgus<\/span><\/em>[\/vc_column_text][\/vc_column][vc_column width=&#8221;1\/5&#8243;]<div class=\"ult-just-icon-wrapper  \"><div class=\"align-icon\" style=\"text-align:center;\">\n<a class=\"aio-tooltip 69ed31b8778f0\" href = \"https:\/\/www.ionisos.com\/et\/meie-asukohad\/henriville\/\"    data-toggle=\"tooltip\" data-placement=\"\" title=\"\"><div class=\"aio-icon none \" data-animation=\"pulse\" data-animation-delay=\"03\" style=\"color:#ef9e1c;font-size:32px;display:inline-block;\">\n\t<i class=\"Defaults-chevron-right\"><\/i>\n<\/div><\/a><\/div><\/div>[\/vc_column][\/vc_row][vc_row][vc_column width=&#8221;1\/1&#8243;]<div class=\"divider divider1\" style='margin:40px 0 40px 0 !important;'><\/div>[\/vc_column][\/vc_row][vc_row][vc_column width=&#8221;1\/5&#8243;][vc_column_text]<span style=\"color: #153c32; font-size: 20px;\"><strong>Pouzauges, Prantsusmaa<\/strong><\/span><br \/>\n<em><span style=\"color: #5996d1;\">Gamma<\/span><\/em>[\/vc_column_text][\/vc_column][vc_column width=&#8221;1\/5&#8243;]<div class=\"ult-just-icon-wrapper  \"><div class=\"align-icon\" style=\"text-align:center;\">\n<a class=\"aio-tooltip 69ed31b877960\" href = \"https:\/\/www.ionisos.com\/et\/meie-asukohad\/pouzauges\/\"    data-toggle=\"tooltip\" data-placement=\"\" title=\"\"><div class=\"aio-icon none \" data-animation=\"pulse\" data-animation-delay=\"03\" style=\"color:#5996d1;font-size:32px;display:inline-block;\">\n\t<i class=\"Defaults-chevron-right\"><\/i>\n<\/div><\/a><\/div><\/div>[\/vc_column][vc_column width=&#8221;1\/5&#8243;][\/vc_column][vc_column width=&#8221;1\/5&#8243;][vc_column_text]<span style=\"color: #153c32; font-size: 20px;\"><strong>Sabl\u00e9-sur-Sarthe, Prantsusmaa<\/strong><\/span><br \/>\n<em><span style=\"color: #5996d1;\">Gamma<\/span><\/em>[\/vc_column_text][\/vc_column][vc_column width=&#8221;1\/5&#8243;]<div class=\"ult-just-icon-wrapper  \"><div class=\"align-icon\" style=\"text-align:center;\">\n<a class=\"aio-tooltip 69ed31b87798d\" href = \"https:\/\/www.ionisos.com\/et\/meie-asukohad\/sable-sur-sarthe\/\"    data-toggle=\"tooltip\" data-placement=\"\" title=\"\"><div class=\"aio-icon none \" data-animation=\"pulse\" data-animation-delay=\"03\" style=\"color:#5996d1;font-size:32px;display:inline-block;\">\n\t<i class=\"Defaults-chevron-right\"><\/i>\n<\/div><\/a><\/div><\/div>[\/vc_column][\/vc_row][vc_row][vc_column width=&#8221;1\/1&#8243;]<div class=\"divider divider1\" style='margin:40px 0 40px 0 !important;'><\/div>[\/vc_column][\/vc_row][vc_row][vc_column width=&#8221;1\/5&#8243;][vc_column_text]<span style=\"color: #153c32; font-size: 20px;\"><strong>Dagneux, Prantsusmaa<\/strong><\/span><br \/>\n<em><span style=\"color: #5996d1;\">Gamma<\/span><\/em>[\/vc_column_text][\/vc_column][vc_column width=&#8221;1\/5&#8243;]<div class=\"ult-just-icon-wrapper  \"><div class=\"align-icon\" style=\"text-align:center;\">\n<a class=\"aio-tooltip 69ed31b8779d8\" href = \"https:\/\/www.ionisos.com\/et\/meie-asukohad\/dagneux\/\"    data-toggle=\"tooltip\" data-placement=\"\" title=\"\"><div class=\"aio-icon none \" data-animation=\"pulse\" data-animation-delay=\"03\" style=\"color:#5996d1;font-size:32px;display:inline-block;\">\n\t<i class=\"Defaults-chevron-right\"><\/i>\n<\/div><\/a><\/div><\/div>[\/vc_column][vc_column width=&#8221;1\/5&#8243;][\/vc_column][vc_column width=&#8221;1\/5&#8243;][vc_column_text]<span style=\"color: #153c32; font-size: 20px;\"><strong>Tallinn, Eesti<\/strong><\/span><br \/>\n<em><span style=\"color: #5996d1;\">Gamma<\/span><\/em>[\/vc_column_text][\/vc_column][vc_column width=&#8221;1\/5&#8243;]<div class=\"ult-just-icon-wrapper  \"><div class=\"align-icon\" style=\"text-align:center;\">\n<a class=\"aio-tooltip 69ed31b877a03\" href = \"https:\/\/www.ionisos.com\/et\/meie-asukohad\/tallinn\/\"    data-toggle=\"tooltip\" data-placement=\"\" title=\"\"><div class=\"aio-icon none \" data-animation=\"pulse\" data-animation-delay=\"03\" style=\"color:#5996d1;font-size:32px;display:inline-block;\">\n\t<i class=\"Defaults-chevron-right\"><\/i>\n<\/div><\/a><\/div><\/div>[\/vc_column][\/vc_row][vc_row][vc_column width=&#8221;1\/1&#8243;]<div class=\"divider divider1\" style='margin:40px 0 40px 0 !important;'><\/div>[\/vc_column][\/vc_row][vc_row][vc_column width=&#8221;1\/5&#8243;][vc_column_text]<span style=\"color: #153c32; font-size: 20px;\"><strong>D\u00e4niken, \u0160veits<\/strong><\/span><br \/>\n<em><span style=\"color: #ea5045;\">Elektronkiirgus<\/span><\/em>[\/vc_column_text][\/vc_column][vc_column width=&#8221;1\/5&#8243;]<div class=\"ult-just-icon-wrapper  \"><div class=\"align-icon\" style=\"text-align:center;\">\n<a class=\"aio-tooltip 69ed31b877a37\" href = \"https:\/\/www.ionisos.com\/et\/meie-asukohad\/daniken\/\"    data-toggle=\"tooltip\" data-placement=\"\" title=\"\"><div class=\"aio-icon none \" data-animation=\"pulse\" data-animation-delay=\"03\" style=\"color:#ea5045;font-size:32px;display:inline-block;\">\n\t<i class=\"Defaults-chevron-right\"><\/i>\n<\/div><\/a><\/div><\/div>[\/vc_column][vc_column width=&#8221;1\/5&#8243;][\/vc_column][vc_column width=&#8221;1\/5&#8243;][vc_column_text]<span style=\"color: #153c32; font-size: 20px;\"><strong>Taranc\u00f3n, Hispaania<\/strong><\/span><br \/>\n<em><span style=\"color: #ea5045;\">Elektronkiirgus<\/span><\/em>[\/vc_column_text][\/vc_column][vc_column width=&#8221;1\/5&#8243;]<div class=\"ult-just-icon-wrapper  \"><div class=\"align-icon\" style=\"text-align:center;\">\n<a class=\"aio-tooltip 69ed31b877a4d\" href = \"https:\/\/www.ionisos.com\/et\/meie-asukohad\/tarancon\/\"    data-toggle=\"tooltip\" data-placement=\"\" title=\"\"><div class=\"aio-icon none \" data-animation=\"pulse\" data-animation-delay=\"03\" style=\"color:#ea5045;font-size:32px;display:inline-block;\">\n\t<i class=\"Defaults-chevron-right\"><\/i>\n<\/div><\/a><\/div><\/div>[\/vc_column][\/vc_row][vc_row][vc_column width=&#8221;1\/1&#8243;]<div class=\"divider divider1\" style='margin:40px 0 40px 0 !important;'><\/div>[\/vc_column][\/vc_row][vc_row][vc_column width=&#8221;1\/5&#8243;][vc_column_text]<span style=\"color: #153c32; font-size: 20px;\"><strong>Bautzen, Saksamaa<\/strong><\/span><br \/>\n<em><span style=\"color: #ea5045;\">Elektronkiirgus<\/span><\/em>[\/vc_column_text][\/vc_column][vc_column width=&#8221;1\/5&#8243;]<div class=\"ult-just-icon-wrapper  \"><div class=\"align-icon\" style=\"text-align:center;\">\n<a class=\"aio-tooltip 69ed31b877a73\" href = \"https:\/\/www.ionisos.com\/et\/meie-asukohad\/bautzen\/\"    data-toggle=\"tooltip\" data-placement=\"\" title=\"\"><div class=\"aio-icon none \" data-animation=\"pulse\" data-animation-delay=\"03\" style=\"color:#ea5045;font-size:32px;display:inline-block;\">\n\t<i class=\"Defaults-chevron-right\"><\/i>\n<\/div><\/a><\/div><\/div>[\/vc_column][vc_column width=&#8221;1\/5&#8243;][\/vc_column][vc_column width=&#8221;1\/5&#8243;][vc_column_text]<span style=\"color: #153c32; font-size: 20px;\"><strong>Chaumesnil, Prantsusmaa<\/strong><\/span><br \/>\n<em><span style=\"color: #ea5045;\">Elektronkiirgus<\/span><\/em>[\/vc_column_text][\/vc_column][vc_column width=&#8221;1\/5&#8243;]<div class=\"ult-just-icon-wrapper  \"><div class=\"align-icon\" style=\"text-align:center;\">\n<a class=\"aio-tooltip 69ed31b877a89\" href = \"https:\/\/www.ionisos.com\/et\/meie-asukohad\/chaumesnil\/\"    data-toggle=\"tooltip\" data-placement=\"\" title=\"\"><div class=\"aio-icon none \" data-animation=\"pulse\" data-animation-delay=\"03\" style=\"color:#ea5045;font-size:32px;display:inline-block;\">\n\t<i class=\"Defaults-chevron-right\"><\/i>\n<\/div><\/a><\/div><\/div>[\/vc_column][\/vc_row][vc_row][vc_column width=&#8221;1\/1&#8243;]<div class=\"spacer\" style=\"height: 40px;\"><\/div>[\/vc_column][\/vc_row]<\/p>\n","protected":false},"excerpt":{"rendered":"<p>[vc_row bg_color=&#8221;#bcdcd2&#8243; top_padding=&#8221;100&#8243; bottom_padding=&#8221;50&#8243;][vc_column width=&#8221;3\/5&#8243;][vc_column_text] MEIE ASUKOHAD Meie v\u00f5rgustik ulatub \u00fcle Euroopa, omades 10 strateegiliselt paigutatud asukohta 5 riigis, sealhulgas Prantsusmaal, Saksamaal, Hispaanias, \u0160veitsis ja Eestis. Meie meeskonnad, mis koosnevad 300 p\u00fchendunud professionaalist, t\u00f6\u00f6tavad v\u00e4simatult, et tagada teie meditsiiniseadmete kvaliteet ja ohutus. Iga asukoht on varustatud tipptasemel tehnoloogiatega, sealhulgas gammakiirguse, beetakiirguse (tuntud ka kui kiirendatud elektronid) ja et\u00fcleenoksiidiga, mis peegeldab meie p\u00fchendumust innovatsioonile ja tipptasemele. Meie uus, peagi valmiv asukoht Henriville&#8217;is Prantsusmaal lisab meie juba rikkalikku portfelli r\u00f6ntgenikiirguse tehnoloogia. Avastage iga meie asukoha, nende ainulaadse tehnoloogia ja sertifikaatide kohta l\u00e4hemalt, kl\u00f5psates iga\u00fchega seotud noolel. [\/vc_column_text][\/vc_column][vc_column width=&#8221;2\/5&#8243;][\/vc_column][\/vc_row][vc_row][vc_column width=&#8221;1\/1&#8243;][\/vc_column][\/vc_row][vc_row][vc_column width=&#8221;1\/5&#8243;][vc_column_text]Kleve, Saksamaa Et\u00fcleenoksiid[\/vc_column_text][\/vc_column][vc_column width=&#8221;1\/5&#8243;]]&#8211;&gt;&#8221; icon_animation=&#8221;pulse&#8221;][\/vc_column][vc_column width=&#8221;1\/5&#8243;][\/vc_column][vc_column width=&#8221;1\/5&#8243;][vc_column_text]Henriville, Prantsusmaa R\u00f6ntgenikiirgus[\/vc_column_text][\/vc_column][vc_column width=&#8221;1\/5&#8243;][\/vc_column][\/vc_row][vc_row][vc_column width=&#8221;1\/1&#8243;][\/vc_column][\/vc_row][vc_row][vc_column width=&#8221;1\/5&#8243;][vc_column_text]Pouzauges, Prantsusmaa Gamma[\/vc_column_text][\/vc_column][vc_column width=&#8221;1\/5&#8243;][\/vc_column][vc_column width=&#8221;1\/5&#8243;][\/vc_column][vc_column width=&#8221;1\/5&#8243;][vc_column_text]Sabl\u00e9-sur-Sarthe, Prantsusmaa Gamma[\/vc_column_text][\/vc_column][vc_column width=&#8221;1\/5&#8243;][\/vc_column][\/vc_row][vc_row][vc_column width=&#8221;1\/1&#8243;][\/vc_column][\/vc_row][vc_row][vc_column width=&#8221;1\/5&#8243;][vc_column_text]Dagneux, Prantsusmaa Gamma[\/vc_column_text][\/vc_column][vc_column width=&#8221;1\/5&#8243;][\/vc_column][vc_column width=&#8221;1\/5&#8243;][\/vc_column][vc_column width=&#8221;1\/5&#8243;][vc_column_text]Tallinn, Eesti Gamma[\/vc_column_text][\/vc_column][vc_column width=&#8221;1\/5&#8243;][\/vc_column][\/vc_row][vc_row][vc_column width=&#8221;1\/1&#8243;][\/vc_column][\/vc_row][vc_row][vc_column width=&#8221;1\/5&#8243;][vc_column_text]D\u00e4niken, \u0160veits Elektronkiirgus[\/vc_column_text][\/vc_column][vc_column width=&#8221;1\/5&#8243;][\/vc_column][vc_column width=&#8221;1\/5&#8243;][\/vc_column][vc_column width=&#8221;1\/5&#8243;][vc_column_text]Taranc\u00f3n, Hispaania Elektronkiirgus[\/vc_column_text][\/vc_column][vc_column width=&#8221;1\/5&#8243;][\/vc_column][\/vc_row][vc_row][vc_column width=&#8221;1\/1&#8243;][\/vc_column][\/vc_row][vc_row][vc_column width=&#8221;1\/5&#8243;][vc_column_text]Bautzen, Saksamaa Elektronkiirgus[\/vc_column_text][\/vc_column][vc_column width=&#8221;1\/5&#8243;][\/vc_column][vc_column width=&#8221;1\/5&#8243;][\/vc_column][vc_column width=&#8221;1\/5&#8243;][vc_column_text]Chaumesnil, Prantsusmaa Elektronkiirgus[\/vc_column_text][\/vc_column][vc_column width=&#8221;1\/5&#8243;][\/vc_column][\/vc_row][vc_row][vc_column width=&#8221;1\/1&#8243;][\/vc_column][\/vc_row]<\/p>\n","protected":false},"author":1,"featured_media":21471,"parent":0,"menu_order":0,"comment_status":"closed","ping_status":"closed","template":"","meta":{"inline_featured_image":false,"footnotes":""},"class_list":["post-17042","page","type-page","status-publish","has-post-thumbnail","hentry"],"yoast_head":"<!-- This site is optimized with the Yoast SEO plugin v26.3 - https:\/\/yoast.com\/wordpress\/plugins\/seo\/ -->\n<title>Meie asukohad - Ionisos<\/title>\n<meta name=\"description\" content=\"IONISOS grupp kasutab nelja tehnoloogiat, mis on jaotatud 10 t\u00f6\u00f6stus\u00fcksusele Prantsusmaal, Hispaanias, Saksamaal, Eestis ja \u0160veitsis.\" \/>\n<meta name=\"robots\" content=\"index, follow, max-snippet:-1, max-image-preview:large, max-video-preview:-1\" \/>\n<link rel=\"canonical\" href=\"https:\/\/www.ionisos.com\/et\/meie-asukohad\/\" \/>\n<meta property=\"og:locale\" content=\"et_EE\" \/>\n<meta property=\"og:type\" content=\"article\" \/>\n<meta property=\"og:title\" content=\"Meie asukohad - Ionisos\" \/>\n<meta property=\"og:description\" content=\"IONISOS grupp kasutab nelja tehnoloogiat, mis on jaotatud 10 t\u00f6\u00f6stus\u00fcksusele Prantsusmaal, Hispaanias, Saksamaal, Eestis ja \u0160veitsis.\" \/>\n<meta property=\"og:url\" content=\"https:\/\/www.ionisos.com\/et\/meie-asukohad\/\" \/>\n<meta property=\"og:site_name\" content=\"Ionisos\" \/>\n<meta property=\"article:modified_time\" content=\"2026-03-16T17:14:30+00:00\" \/>\n<meta property=\"og:image\" content=\"https:\/\/www.ionisos.com\/wp-content\/uploads\/2021\/03\/exterieur-IONISOS-reduit-2.jpg\" \/>\n\t<meta property=\"og:image:width\" content=\"892\" \/>\n\t<meta property=\"og:image:height\" content=\"647\" \/>\n\t<meta property=\"og:image:type\" content=\"image\/jpeg\" \/>\n<meta name=\"twitter:card\" content=\"summary_large_image\" \/>\n<meta name=\"twitter:label1\" content=\"Est. reading time\" \/>\n\t<meta name=\"twitter:data1\" content=\"2 minutit\" \/>\n<script type=\"application\/ld+json\" class=\"yoast-schema-graph\">{\"@context\":\"https:\/\/schema.org\",\"@graph\":[{\"@type\":\"WebPage\",\"@id\":\"https:\/\/www.ionisos.com\/et\/meie-asukohad\/\",\"url\":\"https:\/\/www.ionisos.com\/et\/meie-asukohad\/\",\"name\":\"Meie asukohad - Ionisos\",\"isPartOf\":{\"@id\":\"https:\/\/www.ionisos.com\/#website\"},\"primaryImageOfPage\":{\"@id\":\"https:\/\/www.ionisos.com\/et\/meie-asukohad\/#primaryimage\"},\"image\":{\"@id\":\"https:\/\/www.ionisos.com\/et\/meie-asukohad\/#primaryimage\"},\"thumbnailUrl\":\"https:\/\/www.ionisos.com\/wp-content\/uploads\/2021\/03\/exterieur-IONISOS-reduit-2.jpg\",\"datePublished\":\"2017-11-14T14:36:46+00:00\",\"dateModified\":\"2026-03-16T17:14:30+00:00\",\"description\":\"IONISOS grupp kasutab nelja tehnoloogiat, mis on jaotatud 10 t\u00f6\u00f6stus\u00fcksusele Prantsusmaal, Hispaanias, Saksamaal, Eestis ja \u0160veitsis.\",\"breadcrumb\":{\"@id\":\"https:\/\/www.ionisos.com\/et\/meie-asukohad\/#breadcrumb\"},\"inLanguage\":\"et\",\"potentialAction\":[{\"@type\":\"ReadAction\",\"target\":[\"https:\/\/www.ionisos.com\/et\/meie-asukohad\/\"]}]},{\"@type\":\"ImageObject\",\"inLanguage\":\"et\",\"@id\":\"https:\/\/www.ionisos.com\/et\/meie-asukohad\/#primaryimage\",\"url\":\"https:\/\/www.ionisos.com\/wp-content\/uploads\/2021\/03\/exterieur-IONISOS-reduit-2.jpg\",\"contentUrl\":\"https:\/\/www.ionisos.com\/wp-content\/uploads\/2021\/03\/exterieur-IONISOS-reduit-2.jpg\",\"width\":892,\"height\":647},{\"@type\":\"BreadcrumbList\",\"@id\":\"https:\/\/www.ionisos.com\/et\/meie-asukohad\/#breadcrumb\",\"itemListElement\":[{\"@type\":\"ListItem\",\"position\":1,\"name\":\"Accueil\",\"item\":\"https:\/\/www.ionisos.com\/et\/\"},{\"@type\":\"ListItem\",\"position\":2,\"name\":\"Meie asukohad\"}]},{\"@type\":\"WebSite\",\"@id\":\"https:\/\/www.ionisos.com\/#website\",\"url\":\"https:\/\/www.ionisos.com\/\",\"name\":\"Ionisos\",\"description\":\"Ionisation par \u00e9lectrons acc\u00e9l\u00e9r\u00e9s, rayons gamma, rayons X et oxyde d&#039;\u00e9thyl\u00e8ne\",\"potentialAction\":[{\"@type\":\"SearchAction\",\"target\":{\"@type\":\"EntryPoint\",\"urlTemplate\":\"https:\/\/www.ionisos.com\/?s={search_term_string}\"},\"query-input\":{\"@type\":\"PropertyValueSpecification\",\"valueRequired\":true,\"valueName\":\"search_term_string\"}}],\"inLanguage\":\"et\"}]}<\/script>\n<!-- \/ Yoast SEO plugin. -->","yoast_head_json":{"title":"Meie asukohad - Ionisos","description":"IONISOS grupp kasutab nelja tehnoloogiat, mis on jaotatud 10 t\u00f6\u00f6stus\u00fcksusele Prantsusmaal, Hispaanias, Saksamaal, Eestis ja \u0160veitsis.","robots":{"index":"index","follow":"follow","max-snippet":"max-snippet:-1","max-image-preview":"max-image-preview:large","max-video-preview":"max-video-preview:-1"},"canonical":"https:\/\/www.ionisos.com\/et\/meie-asukohad\/","og_locale":"et_EE","og_type":"article","og_title":"Meie asukohad - Ionisos","og_description":"IONISOS grupp kasutab nelja tehnoloogiat, mis on jaotatud 10 t\u00f6\u00f6stus\u00fcksusele Prantsusmaal, Hispaanias, Saksamaal, Eestis ja \u0160veitsis.","og_url":"https:\/\/www.ionisos.com\/et\/meie-asukohad\/","og_site_name":"Ionisos","article_modified_time":"2026-03-16T17:14:30+00:00","og_image":[{"width":892,"height":647,"url":"https:\/\/www.ionisos.com\/wp-content\/uploads\/2021\/03\/exterieur-IONISOS-reduit-2.jpg","type":"image\/jpeg"}],"twitter_card":"summary_large_image","twitter_misc":{"Est. reading time":"2 minutit"},"schema":{"@context":"https:\/\/schema.org","@graph":[{"@type":"WebPage","@id":"https:\/\/www.ionisos.com\/et\/meie-asukohad\/","url":"https:\/\/www.ionisos.com\/et\/meie-asukohad\/","name":"Meie asukohad - Ionisos","isPartOf":{"@id":"https:\/\/www.ionisos.com\/#website"},"primaryImageOfPage":{"@id":"https:\/\/www.ionisos.com\/et\/meie-asukohad\/#primaryimage"},"image":{"@id":"https:\/\/www.ionisos.com\/et\/meie-asukohad\/#primaryimage"},"thumbnailUrl":"https:\/\/www.ionisos.com\/wp-content\/uploads\/2021\/03\/exterieur-IONISOS-reduit-2.jpg","datePublished":"2017-11-14T14:36:46+00:00","dateModified":"2026-03-16T17:14:30+00:00","description":"IONISOS grupp kasutab nelja tehnoloogiat, mis on jaotatud 10 t\u00f6\u00f6stus\u00fcksusele Prantsusmaal, Hispaanias, Saksamaal, Eestis ja \u0160veitsis.","breadcrumb":{"@id":"https:\/\/www.ionisos.com\/et\/meie-asukohad\/#breadcrumb"},"inLanguage":"et","potentialAction":[{"@type":"ReadAction","target":["https:\/\/www.ionisos.com\/et\/meie-asukohad\/"]}]},{"@type":"ImageObject","inLanguage":"et","@id":"https:\/\/www.ionisos.com\/et\/meie-asukohad\/#primaryimage","url":"https:\/\/www.ionisos.com\/wp-content\/uploads\/2021\/03\/exterieur-IONISOS-reduit-2.jpg","contentUrl":"https:\/\/www.ionisos.com\/wp-content\/uploads\/2021\/03\/exterieur-IONISOS-reduit-2.jpg","width":892,"height":647},{"@type":"BreadcrumbList","@id":"https:\/\/www.ionisos.com\/et\/meie-asukohad\/#breadcrumb","itemListElement":[{"@type":"ListItem","position":1,"name":"Accueil","item":"https:\/\/www.ionisos.com\/et\/"},{"@type":"ListItem","position":2,"name":"Meie asukohad"}]},{"@type":"WebSite","@id":"https:\/\/www.ionisos.com\/#website","url":"https:\/\/www.ionisos.com\/","name":"Ionisos","description":"Ionisation par \u00e9lectrons acc\u00e9l\u00e9r\u00e9s, rayons gamma, rayons X et oxyde d&#039;\u00e9thyl\u00e8ne","potentialAction":[{"@type":"SearchAction","target":{"@type":"EntryPoint","urlTemplate":"https:\/\/www.ionisos.com\/?s={search_term_string}"},"query-input":{"@type":"PropertyValueSpecification","valueRequired":true,"valueName":"search_term_string"}}],"inLanguage":"et"}]}},"_links":{"self":[{"href":"https:\/\/www.ionisos.com\/et\/wp-json\/wp\/v2\/pages\/17042","targetHints":{"allow":["GET"]}}],"collection":[{"href":"https:\/\/www.ionisos.com\/et\/wp-json\/wp\/v2\/pages"}],"about":[{"href":"https:\/\/www.ionisos.com\/et\/wp-json\/wp\/v2\/types\/page"}],"author":[{"embeddable":true,"href":"https:\/\/www.ionisos.com\/et\/wp-json\/wp\/v2\/users\/1"}],"replies":[{"embeddable":true,"href":"https:\/\/www.ionisos.com\/et\/wp-json\/wp\/v2\/comments?post=17042"}],"version-history":[{"count":22,"href":"https:\/\/www.ionisos.com\/et\/wp-json\/wp\/v2\/pages\/17042\/revisions"}],"predecessor-version":[{"id":27891,"href":"https:\/\/www.ionisos.com\/et\/wp-json\/wp\/v2\/pages\/17042\/revisions\/27891"}],"wp:featuredmedia":[{"embeddable":true,"href":"https:\/\/www.ionisos.com\/et\/wp-json\/wp\/v2\/media\/21471"}],"wp:attachment":[{"href":"https:\/\/www.ionisos.com\/et\/wp-json\/wp\/v2\/media?parent=17042"}],"curies":[{"name":"wp","href":"https:\/\/api.w.org\/{rel}","templated":true}]}}