 {"id":17040,"date":"2017-11-14T15:34:34","date_gmt":"2017-11-14T14:34:34","guid":{"rendered":"https:\/\/www.ionisos.com\/?page_id=17040"},"modified":"2025-04-17T16:51:07","modified_gmt":"2025-04-17T14:51:07","slug":"grupp","status":"publish","type":"page","link":"https:\/\/www.ionisos.com\/et\/grupp\/","title":{"rendered":"Ionisos"},"content":{"rendered":"<p>[vc_row bg_image=&#8221;15459&#8243; bg_repeat=&#8221;no-repeat&#8221; text_color=&#8221;light&#8221; text_align=&#8221;center&#8221; top_padding=&#8221;100&#8243; bottom_padding=&#8221;100&#8243;][vc_column width=&#8221;1\/1&#8243;]<h1 class=\"headline font-special fontsize-xxxl fontweight-inherit lh-inherit align-center transform-uppercase \" style=\"margin: 0;\">Ionisose kontsern<\/h1>[\/vc_column][\/vc_row][vc_row text_align=&#8221;center&#8221;][vc_column width=&#8221;1\/1&#8243;]<div class=\"spacer\" style=\"height: 40px;\"><\/div>[vc_column_text]<\/p>\n<p style=\"text-align: center;\"><span style=\"font-family: Abel; font-size: 25px;\">IONISOS on k\u00fclmsteriliseerimise teenusepakkuja<\/span><span style=\"font-family: Abel; font-size: 25px;\"> t\u00e4nu <strong>neljale t\u00e4iendavale tehnoloogiale<\/strong>:<\/span><\/p>\n<p>[\/vc_column_text][vc_column_text]<a href=\"\/et\/elektronkiire-tootlemine\/\" target=\"_self\" class=\"button custom medium \" style=\"background-color: #ea5045; border-color: #ea5045;border-radius: 2px;\">E-beam<\/a><a href=\"\/et\/meie-tegevused\/gamma-tootlus\/\" target=\"_self\" class=\"button custom medium \" style=\"background-color: #5996d1; border-color: #5996d1;border-radius: 2px;\">Gamma<\/a><a href=\"https:\/\/www.ionisos.com\/et\/meie-tegevused\/rontgenkiirguse-tootlemine\/\" target=\"_self\" class=\"button custom medium \" style=\"background-color: #EF9E1C; border-color: #EF9E1C;border-radius: 2px;\">R\u00f6ntgenikiired<\/a><a href=\"\/et\/meie-tegevused\/etuleenoksiid\/\" target=\"_self\" class=\"button custom medium \" style=\"background-color: #21b3aa; border-color: #21b3aa;border-radius: 2px;\">Et\u00fcleenoksiid<\/a>[\/vc_column_text][\/vc_column][\/vc_row][vc_row][vc_column width=&#8221;1\/1&#8243;]<div class=\"spacer\" style=\"height: 60px;\"><\/div>[\/vc_column][\/vc_row][vc_row bg_position=&#8221;left top&#8221;][vc_column width=&#8221;1\/1&#8243;]<h2 class=\"headline font-special fontsize-l fontweight-700 lh-inherit align-center transform-uppercase \" style=\"margin: 0 0 40px 0;\">Nende peamised rakendused on:<\/h2>[vc_row_inner][vc_column_inner width=&#8221;1\/2&#8243;]<div class=\"iconbox  iconbox-style-8 icon-color-greyscale color-dark clearfix\"><h3>Steriliseerimine<\/h3><i class=\"fa sl-drop boxicon\" style=\"\"><\/i><p><a href=\"\/et\/meie-tegevused\/steriliseerimine\/\" target=\"_self\" class=\"button color-1 small \" style=\"border-radius: 2px;\">Loe l\u00e4hemalt<\/a>\n<\/p><\/div>[\/vc_column_inner][vc_column_inner width=&#8221;1\/2&#8243;]<div class=\"iconbox  iconbox-style-8 icon-color-greyscale color-dark clearfix\"><h3>Ristsidestamine<\/h3><i class=\"fa sl-layers boxicon\" style=\"\"><\/i><p><a href=\"\/et\/meie-tegevused\/ristsidumine\/\" target=\"_self\" class=\"button color-1 small \" style=\"border-radius: 2px;\">Loe l\u00e4hemalt<\/a><\/p><\/div>[\/vc_column_inner][\/vc_row_inner][\/vc_column][\/vc_row][vc_row][vc_column width=&#8221;1\/4&#8243;]<div class=\"single_image wpb_content_element align-left    \" data-animation=\"none\" data-delay=\"0\"><img loading=\"lazy\" decoding=\"async\" width=\"900\" height=\"500\" src=\"https:\/\/www.ionisos.com\/wp-content\/uploads\/2017\/03\/Probetas2014-1.jpg\" class=\"attachment-full\" alt=\"\" srcset=\"https:\/\/www.ionisos.com\/wp-content\/uploads\/2017\/03\/Probetas2014-1.jpg 900w, https:\/\/www.ionisos.com\/wp-content\/uploads\/2017\/03\/Probetas2014-1-300x167.jpg 300w, https:\/\/www.ionisos.com\/wp-content\/uploads\/2017\/03\/Probetas2014-1-768x427.jpg 768w, https:\/\/www.ionisos.com\/wp-content\/uploads\/2017\/03\/Probetas2014-1-200x111.jpg 200w\" sizes=\"auto, (max-width: 900px) 100vw, 900px\" \/><\/div>[\/vc_column][vc_column width=&#8221;3\/4&#8243;][vc_column_text]<\/p>\n<h4 style=\"text-align: left;\">Ionisatsiooni p\u00f5him\u00f5te seisneb seadmete v\u00f5i tooraine steriliseerimises, s\u00e4ilitamises ja desinfitseerimises, aidates kaitsta keskkonda ja tervist.<\/h4>\n<h4 style=\"text-align: left;\">Ionisatsioon on tuntud juba 60 aastat, kuid selle t\u00f6\u00f6stuslik areng algas umbes 20 aastat tagasi.<\/h4>\n<p style=\"text-align: left;\">Gammafootonid ja kiirendatud elektronid<strong> tapavad bakterid, p\u00e4rmid, hallitused, seened, viirused<\/strong> ja <strong>garanteerivad t\u00f6\u00f6deldud toote steriilsuse<\/strong>.<\/p>\n<p style=\"text-align: left;\">Ionisatsioon toimub ilma temperatuuri t\u00f5usuta ega keemiliste lisandite lisamiseta, l\u00e4bi hermeetilise pakendi.<\/p>\n<p>[\/vc_column_text][\/vc_column][\/vc_row][vc_row][vc_column width=&#8221;1\/1&#8243;]<div class=\"spacer\" style=\"height: 40px;\"><\/div>[\/vc_column][\/vc_row][vc_row bg_color=&#8221;#0b2677&#8243; text_color=&#8221;light&#8221; text_align=&#8221;center&#8221; top_padding=&#8221;40&#8243; bottom_padding=&#8221;40&#8243;][vc_column width=&#8221;2\/3&#8243;]<div class=\"spacer\" style=\"height: 5px;\"><\/div>[vc_column_text]<\/p>\n<h3 style=\"text-align: left;\">Kuidas meie ionisatsiooniprotsess t\u00f6\u00f6tab<\/h3>\n<p>[\/vc_column_text][\/vc_column][vc_column width=&#8221;1\/3&#8243;]<a href=\"\/et\/meie-tegevused\/\" target=\"_self\" class=\"button color-8 medium \" style=\"border-radius: 2px;\">Kl\u00f5psake siia<\/a>[\/vc_column][\/vc_row]<\/p>\n","protected":false},"excerpt":{"rendered":"<p>[vc_row bg_image=&#8221;15459&#8243; bg_repeat=&#8221;no-repeat&#8221; text_color=&#8221;light&#8221; text_align=&#8221;center&#8221; top_padding=&#8221;100&#8243; bottom_padding=&#8221;100&#8243;][vc_column width=&#8221;1\/1&#8243;][\/vc_column][\/vc_row][vc_row text_align=&#8221;center&#8221;][vc_column width=&#8221;1\/1&#8243;][vc_column_text] IONISOS on k\u00fclmsteriliseerimise teenusepakkuja t\u00e4nu neljale t\u00e4iendavale tehnoloogiale: [\/vc_column_text][vc_column_text][\/vc_column_text][\/vc_column][\/vc_row][vc_row][vc_column width=&#8221;1\/1&#8243;][\/vc_column][\/vc_row][vc_row bg_position=&#8221;left top&#8221;][vc_column width=&#8221;1\/1&#8243;][vc_row_inner][vc_column_inner width=&#8221;1\/2&#8243;][\/vc_column_inner][vc_column_inner width=&#8221;1\/2&#8243;][\/vc_column_inner][\/vc_row_inner][\/vc_column][\/vc_row][vc_row][vc_column width=&#8221;1\/4&#8243;][\/vc_column][vc_column width=&#8221;3\/4&#8243;][vc_column_text] Ionisatsiooni p\u00f5him\u00f5te seisneb seadmete v\u00f5i tooraine steriliseerimises, s\u00e4ilitamises ja desinfitseerimises, aidates kaitsta keskkonda ja tervist. Ionisatsioon on tuntud juba 60 aastat, kuid selle t\u00f6\u00f6stuslik areng algas umbes 20 aastat tagasi. Gammafootonid ja kiirendatud elektronid tapavad bakterid, p\u00e4rmid, hallitused, seened, viirused ja garanteerivad t\u00f6\u00f6deldud toote steriilsuse. Ionisatsioon toimub ilma temperatuuri t\u00f5usuta ega keemiliste lisandite lisamiseta, l\u00e4bi hermeetilise pakendi. [\/vc_column_text][\/vc_column][\/vc_row][vc_row][vc_column width=&#8221;1\/1&#8243;][\/vc_column][\/vc_row][vc_row bg_color=&#8221;#0b2677&#8243; text_color=&#8221;light&#8221; text_align=&#8221;center&#8221; top_padding=&#8221;40&#8243; bottom_padding=&#8221;40&#8243;][vc_column width=&#8221;2\/3&#8243;][vc_column_text] Kuidas meie ionisatsiooniprotsess t\u00f6\u00f6tab [\/vc_column_text][\/vc_column][vc_column width=&#8221;1\/3&#8243;][\/vc_column][\/vc_row]<\/p>\n","protected":false},"author":1,"featured_media":0,"parent":0,"menu_order":0,"comment_status":"open","ping_status":"open","template":"","meta":{"inline_featured_image":false,"footnotes":""},"class_list":["post-17040","page","type-page","status-publish","hentry"],"yoast_head":"<!-- This site is optimized with the Yoast SEO plugin v26.3 - https:\/\/yoast.com\/wordpress\/plugins\/seo\/ -->\n<title>IONISOS \u2013 gammakiirguse, elektronkiire, r\u00f6ntgenikiirguse ja et\u00fcleenoksiidi steriliseerimine<\/title>\n<meta name=\"description\" content=\"Ionisose kontsern on \u00fcle 60 aasta spetsialiseerunud steriliseerimisele, s\u00e4ilitamisele ja ristsidestamisele.\" \/>\n<meta name=\"robots\" content=\"index, follow, max-snippet:-1, max-image-preview:large, max-video-preview:-1\" \/>\n<link rel=\"canonical\" href=\"https:\/\/www.ionisos.com\/et\/grupp\/\" \/>\n<meta property=\"og:locale\" content=\"et_EE\" \/>\n<meta property=\"og:type\" content=\"article\" \/>\n<meta property=\"og:title\" content=\"IONISOS \u2013 gammakiirguse, elektronkiire, r\u00f6ntgenikiirguse ja et\u00fcleenoksiidi steriliseerimine\" \/>\n<meta property=\"og:description\" content=\"Ionisose kontsern on \u00fcle 60 aasta spetsialiseerunud steriliseerimisele, s\u00e4ilitamisele ja ristsidestamisele.\" \/>\n<meta property=\"og:url\" content=\"https:\/\/www.ionisos.com\/et\/grupp\/\" \/>\n<meta property=\"og:site_name\" content=\"Ionisos\" \/>\n<meta property=\"article:modified_time\" content=\"2025-04-17T14:51:07+00:00\" \/>\n<meta name=\"twitter:card\" content=\"summary_large_image\" \/>\n<meta name=\"twitter:label1\" content=\"Est. reading time\" \/>\n\t<meta name=\"twitter:data1\" content=\"2 minutit\" \/>\n<script type=\"application\/ld+json\" class=\"yoast-schema-graph\">{\"@context\":\"https:\/\/schema.org\",\"@graph\":[{\"@type\":\"WebPage\",\"@id\":\"https:\/\/www.ionisos.com\/et\/grupp\/\",\"url\":\"https:\/\/www.ionisos.com\/et\/grupp\/\",\"name\":\"IONISOS \u2013 gammakiirguse, elektronkiire, r\u00f6ntgenikiirguse ja et\u00fcleenoksiidi steriliseerimine\",\"isPartOf\":{\"@id\":\"https:\/\/www.ionisos.com\/#website\"},\"datePublished\":\"2017-11-14T14:34:34+00:00\",\"dateModified\":\"2025-04-17T14:51:07+00:00\",\"description\":\"Ionisose kontsern on \u00fcle 60 aasta spetsialiseerunud steriliseerimisele, s\u00e4ilitamisele ja ristsidestamisele.\",\"breadcrumb\":{\"@id\":\"https:\/\/www.ionisos.com\/et\/grupp\/#breadcrumb\"},\"inLanguage\":\"et\",\"potentialAction\":[{\"@type\":\"ReadAction\",\"target\":[\"https:\/\/www.ionisos.com\/et\/grupp\/\"]}]},{\"@type\":\"BreadcrumbList\",\"@id\":\"https:\/\/www.ionisos.com\/et\/grupp\/#breadcrumb\",\"itemListElement\":[{\"@type\":\"ListItem\",\"position\":1,\"name\":\"Accueil\",\"item\":\"https:\/\/www.ionisos.com\/et\/\"},{\"@type\":\"ListItem\",\"position\":2,\"name\":\"Ionisos\"}]},{\"@type\":\"WebSite\",\"@id\":\"https:\/\/www.ionisos.com\/#website\",\"url\":\"https:\/\/www.ionisos.com\/\",\"name\":\"Ionisos\",\"description\":\"Ionisation par \u00e9lectrons acc\u00e9l\u00e9r\u00e9s, rayons gamma, rayons X et oxyde d&#039;\u00e9thyl\u00e8ne\",\"potentialAction\":[{\"@type\":\"SearchAction\",\"target\":{\"@type\":\"EntryPoint\",\"urlTemplate\":\"https:\/\/www.ionisos.com\/?s={search_term_string}\"},\"query-input\":{\"@type\":\"PropertyValueSpecification\",\"valueRequired\":true,\"valueName\":\"search_term_string\"}}],\"inLanguage\":\"et\"}]}<\/script>\n<!-- \/ Yoast SEO plugin. -->","yoast_head_json":{"title":"IONISOS \u2013 gammakiirguse, elektronkiire, r\u00f6ntgenikiirguse ja et\u00fcleenoksiidi steriliseerimine","description":"Ionisose kontsern on \u00fcle 60 aasta spetsialiseerunud steriliseerimisele, s\u00e4ilitamisele ja ristsidestamisele.","robots":{"index":"index","follow":"follow","max-snippet":"max-snippet:-1","max-image-preview":"max-image-preview:large","max-video-preview":"max-video-preview:-1"},"canonical":"https:\/\/www.ionisos.com\/et\/grupp\/","og_locale":"et_EE","og_type":"article","og_title":"IONISOS \u2013 gammakiirguse, elektronkiire, r\u00f6ntgenikiirguse ja et\u00fcleenoksiidi steriliseerimine","og_description":"Ionisose kontsern on \u00fcle 60 aasta spetsialiseerunud steriliseerimisele, s\u00e4ilitamisele ja ristsidestamisele.","og_url":"https:\/\/www.ionisos.com\/et\/grupp\/","og_site_name":"Ionisos","article_modified_time":"2025-04-17T14:51:07+00:00","twitter_card":"summary_large_image","twitter_misc":{"Est. reading time":"2 minutit"},"schema":{"@context":"https:\/\/schema.org","@graph":[{"@type":"WebPage","@id":"https:\/\/www.ionisos.com\/et\/grupp\/","url":"https:\/\/www.ionisos.com\/et\/grupp\/","name":"IONISOS \u2013 gammakiirguse, elektronkiire, r\u00f6ntgenikiirguse ja et\u00fcleenoksiidi steriliseerimine","isPartOf":{"@id":"https:\/\/www.ionisos.com\/#website"},"datePublished":"2017-11-14T14:34:34+00:00","dateModified":"2025-04-17T14:51:07+00:00","description":"Ionisose kontsern on \u00fcle 60 aasta spetsialiseerunud steriliseerimisele, s\u00e4ilitamisele ja ristsidestamisele.","breadcrumb":{"@id":"https:\/\/www.ionisos.com\/et\/grupp\/#breadcrumb"},"inLanguage":"et","potentialAction":[{"@type":"ReadAction","target":["https:\/\/www.ionisos.com\/et\/grupp\/"]}]},{"@type":"BreadcrumbList","@id":"https:\/\/www.ionisos.com\/et\/grupp\/#breadcrumb","itemListElement":[{"@type":"ListItem","position":1,"name":"Accueil","item":"https:\/\/www.ionisos.com\/et\/"},{"@type":"ListItem","position":2,"name":"Ionisos"}]},{"@type":"WebSite","@id":"https:\/\/www.ionisos.com\/#website","url":"https:\/\/www.ionisos.com\/","name":"Ionisos","description":"Ionisation par \u00e9lectrons acc\u00e9l\u00e9r\u00e9s, rayons gamma, rayons X et oxyde d&#039;\u00e9thyl\u00e8ne","potentialAction":[{"@type":"SearchAction","target":{"@type":"EntryPoint","urlTemplate":"https:\/\/www.ionisos.com\/?s={search_term_string}"},"query-input":{"@type":"PropertyValueSpecification","valueRequired":true,"valueName":"search_term_string"}}],"inLanguage":"et"}]}},"_links":{"self":[{"href":"https:\/\/www.ionisos.com\/et\/wp-json\/wp\/v2\/pages\/17040","targetHints":{"allow":["GET"]}}],"collection":[{"href":"https:\/\/www.ionisos.com\/et\/wp-json\/wp\/v2\/pages"}],"about":[{"href":"https:\/\/www.ionisos.com\/et\/wp-json\/wp\/v2\/types\/page"}],"author":[{"embeddable":true,"href":"https:\/\/www.ionisos.com\/et\/wp-json\/wp\/v2\/users\/1"}],"replies":[{"embeddable":true,"href":"https:\/\/www.ionisos.com\/et\/wp-json\/wp\/v2\/comments?post=17040"}],"version-history":[{"count":14,"href":"https:\/\/www.ionisos.com\/et\/wp-json\/wp\/v2\/pages\/17040\/revisions"}],"predecessor-version":[{"id":26669,"href":"https:\/\/www.ionisos.com\/et\/wp-json\/wp\/v2\/pages\/17040\/revisions\/26669"}],"wp:attachment":[{"href":"https:\/\/www.ionisos.com\/et\/wp-json\/wp\/v2\/media?parent=17040"}],"curies":[{"name":"wp","href":"https:\/\/api.w.org\/{rel}","templated":true}]}}