 {"id":27536,"date":"2025-10-23T18:16:17","date_gmt":"2025-10-23T16:16:17","guid":{"rendered":"https:\/\/www.ionisos.com\/radiacion-ionizante\/"},"modified":"2025-10-23T18:16:21","modified_gmt":"2025-10-23T16:16:21","slug":"radiacion-ionizante","status":"publish","type":"page","link":"https:\/\/www.ionisos.com\/es\/radiacion-ionizante\/","title":{"rendered":"Radiaci\u00f3n ionizante"},"content":{"rendered":"<p>[vc_row bg_image=&#8221;16355&#8243; bg_repeat=&#8221;no-repeat&#8221; text_color=&#8221;light&#8221; text_align=&#8221;center&#8221; top_padding=&#8221;80&#8243; bottom_padding=&#8221;80&#8243;][vc_column width=&#8221;1\/1&#8243;]<h1 class=\"headline font-special fontsize-xxl fontweight-inherit lh-inherit align-center transform-uppercase \" style=\"margin: 0;\">Radiaci\u00f3n ionizante : Descubra nuestro servicio de esterilizaci\u00f3n a medida<\/h1>[\/vc_column][\/vc_row][vc_row top_padding=&#8221;80&#8243; bottom_padding=&#8221;80&#8243;][vc_column width=&#8221;1\/1&#8243;][vc_column_text]<\/p>\n<p style=\"text-align: center;\">Un <strong>rayonnement ionizante<\/strong> es una emisi\u00f3n de energ\u00eda que tiene la particularidad de transformar los \u00e1tomos que atraviesa en iones.<\/p>\n<p style=\"text-align: center;\">Este tipo de radiaci\u00f3n se utiliza desde los a\u00f1os 60 para la esterilizaci\u00f3n industrial, ya que el proceso de ionizaci\u00f3n permite desorganizar las mol\u00e9culas de los microorganismos presentes sobre y dentro de los objetos.<\/p>\n<p style=\"text-align: center;\">El grupo IONISOS le presenta en detalle las ventajas de esta t\u00e9cnica, as\u00ed como sus servicios de esterilizaci\u00f3n beta y gamma para satisfacer todas sus necesidades.<\/p>\n<p>[\/vc_column_text][\/vc_column][\/vc_row][vc_row type=&#8221;full_width_section&#8221; bg_color=&#8221;#f7f7f7&#8243;][vc_column column_padding=&#8221;padding-6&#8243; column_center=&#8221;true&#8221; width=&#8221;2\/3&#8243;][vc_column_text el_class=&#8221;h2presta&#8221;]<\/p>\n<h2><a href=\"https:\/\/www.ionisos.com\/technique-de-sterilisation\/\">T\u00e9cnica de esterilizaci\u00f3n<\/a> : \u00bfpor qu\u00e9 optar por la esterilizaci\u00f3n por ionizaci\u00f3n?<\/h2>\n<p> La <strong>esterilizaci\u00f3n por radiaciones ionizantes<\/strong> es una de las t\u00e9cnicas de esterilizaci\u00f3n m\u00e1s utilizadas por la industria, especialmente en los sectores farmac\u00e9utico y m\u00e9dico.<\/p>\n<p>En realidad, agrupa 3 t\u00e9cnicas distintas: rayos X, gamma y beta. IONISOS ofrece sus servicios para las dos \u00faltimas. Estos rayos son de naturaleza diferente, pero todos tienen la particularidad de transformar \u00e1tomos y mol\u00e9culas en iones al atravesarlos gracias a sus <a href=\"https:\/\/www.ionisos.com\/particule-ionisante\/\">part\u00edculas ionizantes<\/a>, lo que permite destruir los agentes pat\u00f3genos presentes.<\/p>\n<p>\u00bfLa principal ventaja de este tipo de esterilizaci\u00f3n? Permite tratar los productos directamente en su embalaje final a temperatura ambiente, sin a\u00f1adir productos qu\u00edmicos. Una vez finalizado el tratamiento, los productos est\u00e1n inmediatamente disponibles con las verificaciones habituales, ya que no se requiere ninguna fase de post-tratamiento para eliminar posibles residuos, como ocurre con el tratamiento con \u00f3xido de etileno.<\/p>\n<p>Adem\u00e1s, es posible esterilizar una carga completa, envasada por paquetes o palets, en apenas unas horas.<\/p>\n<p>Por \u00faltimo, este m\u00e9todo de esterilizaci\u00f3n es compatible con una amplia gama de pol\u00edmeros y materiales pl\u00e1sticos, as\u00ed como con metales y l\u00edquidos.[\/vc_column_text][\/vc_column][vc_column bg_image=&#8221;16882&#8243; column_center=&#8221;true&#8221; width=&#8221;1\/3&#8243;]<div class=\"spacer\" style=\"height: 250px;\"><\/div>[\/vc_column][\/vc_row][vc_row type=&#8221;full_width_section&#8221; bg_color=&#8221;#f1f1f1&#8243;][vc_column bg_image=&#8221;15460&#8243; column_center=&#8221;true&#8221; width=&#8221;1\/3&#8243;]<div class=\"spacer\" style=\"height: 250px;\"><\/div>[\/vc_column][vc_column column_padding=&#8221;padding-6&#8243; column_center=&#8221;true&#8221; width=&#8221;2\/3&#8243;][vc_column_text el_class=&#8221;h2presta&#8221;]<\/p>\n<h2>\u00bfC\u00f3mo funciona el tratamiento por rayos ionizantes?<\/h2>\n<p>El proceso de <strong>esterilizaci\u00f3n por rayos ionizantes<\/strong> var\u00eda seg\u00fan el m\u00e9todo aplicado. En cuanto a las t\u00e9cnicas ofrecidas por IONISOS (beta y gamma), la esterilizaci\u00f3n se realiza de la siguiente manera:<\/p>\n<p><strong>Esterilizaci\u00f3n por rayos gamma<\/strong>: los productos, envasados en cajas o palets, se colocan en un sistema de transporte autom\u00e1tico que avanza a cierta velocidad para que los productos reciban una dosis de tratamiento predeterminada seg\u00fan la naturaleza de los productos, su microbiolog\u00eda, densidad y propiedades. Los productos atraviesan una celda de hormig\u00f3n y pasan cerca de una fuente de cobalto 60 que emite los rayos gamma.<\/p>\n<p><strong>Esterilizaci\u00f3n por rayos beta<\/strong>: los productos se envasan por paquetes y tambi\u00e9n se cargan en un sistema de transporte autom\u00e1tico para pasar por un haz de electrones acelerados. Cada paquete se expone a una dosis determinada de radiaci\u00f3n durante unos segundos; un giro autom\u00e1tico permite tratar los paquetes en ambas caras, primero del derecho y luego del rev\u00e9s.<\/p>\n<p>Los controles sobre los productos tratados los realiza IONISOS despu\u00e9s del tratamiento y antes de la entrega, al igual que las pruebas de validaci\u00f3n de esterilizaci\u00f3n previas al tratamiento, que permiten determinar la dosis de exposici\u00f3n.<br \/>[\/vc_column_text][\/vc_column][\/vc_row][vc_row type=&#8221;full_width_section&#8221; bg_color=&#8221;#f7f7f7&#8243;][vc_column column_padding=&#8221;padding-6&#8243; column_center=&#8221;true&#8221; width=&#8221;2\/3&#8243;][vc_column_text el_class=&#8221;h2presta&#8221;]<\/p>\n<h3>Acompa\u00f1amiento personalizado con IONISOS<\/h3>\n<p>IONISOS cuenta con 7 centros de <strong>tratamiento por ionizaci\u00f3n<\/strong> ubicados en Francia y Europa: 4 para gamma y 3 para beta.<\/p>\n<p>Nuestras distintas infraestructuras nos permiten atender todos los vol\u00famenes de pedido y adaptarnos a sus necesidades para una entrega r\u00e1pida.<\/p>\n<p>Elegir IONISOS tambi\u00e9n significa beneficiarse de un seguimiento personalizado con un interlocutor dedicado para un servicio de alta calidad. Esta persona podr\u00e1 responder a todas sus preguntas y, sobre todo, orientarlo hacia la t\u00e9cnica m\u00e1s adecuada para sus productos, garantizando una seguridad sanitaria \u00f3ptima.<\/p>\n<p>[\/vc_column_text][\/vc_column][vc_column bg_image=&#8221;17697&#8243; column_center=&#8221;true&#8221; width=&#8221;1\/3&#8243;]<div class=\"spacer\" style=\"height: 250px;\"><\/div>[\/vc_column][\/vc_row][vc_row type=&#8221;full_width_section&#8221; bg_color=&#8221;#f1f1f1&#8243;][vc_column bg_image=&#8221;21447&#8243; column_center=&#8221;true&#8221; width=&#8221;1\/3&#8243;]<div class=\"spacer\" style=\"height: 250px;\"><\/div>[\/vc_column][vc_column column_padding=&#8221;padding-6&#8243; column_center=&#8221;true&#8221; width=&#8221;2\/3&#8243;][vc_column_text el_class=&#8221;h2presta&#8221;]<\/p>\n<h2>Qui\u00e9n es IONISOS, experto en radiaci\u00f3n ionizante<\/h2>\n<p>La historia de IONISOS se remonta a 1956, cuando se cre\u00f3 el Centre Lyonnais d\u2019Application Atomique. Fue la primera empresa especializada en la esterilizaci\u00f3n mediante <strong>radiaci\u00f3n ionizante<\/strong>. Cinco a\u00f1os m\u00e1s tarde, se inaugur\u00f3 el primer centro de tratamiento con rayos gamma.<\/p>\n<p>En 1997, la empresa, que ya se hab\u00eda convertido en IONISOS, comenz\u00f3 a utilizar un nuevo tipo de radiaci\u00f3n. El uso del haz de electrones, tambi\u00e9n llamado ebeam, se complement\u00f3 en 2004 con el tratamiento con \u00f3xido de etileno o EtO.<\/p>\n<p>Recientemente, se ha incorporado una nueva t\u00e9cnica a las fuentes de radiaci\u00f3n ionizante ya utilizadas. IONISOS ahora tambi\u00e9n utiliza las propiedades de los rayos X para la esterilizaci\u00f3n.<\/p>\n<p>Con una s\u00f3lida experiencia en el campo de la esterilizaci\u00f3n industrial, IONISOS ofrece un acompa\u00f1amiento personalizado a todos sus clientes. El grupo dispone de 12 centros de tratamiento, cada uno dedicado a una t\u00e9cnica espec\u00edfica, y se basa en valores clave: innovaci\u00f3n, calidad y reactividad.<\/p>\n<p>[\/vc_column_text][\/vc_column][\/vc_row][vc_row type=&#8221;full_width_section&#8221; bg_color=&#8221;#f7f7f7&#8243;][vc_column column_padding=&#8221;padding-6&#8243; column_center=&#8221;true&#8221; width=&#8221;2\/3&#8243;][vc_column_text el_class=&#8221;h2presta&#8221;]<\/p>\n<h2>\u00bfPor qu\u00e9 utilizar la esterilizaci\u00f3n con rayos X?<\/h2>\n<p>Diferentes fuentes de energ\u00eda producen radiaci\u00f3n ionizante, cada una con caracter\u00edsticas espec\u00edficas. La <strong>esterilizaci\u00f3n por radiaci\u00f3n X<\/strong> ofrece ventajas claras para la industria:<\/p>\n<ul>\n<li>tratamiento de productos ya embalados;<\/li>\n<li>esterilizaci\u00f3n en fr\u00edo y sin aditivos qu\u00edmicos;<\/li>\n<li>excelente relaci\u00f3n entre tasa de penetraci\u00f3n y velocidad de tratamiento;<\/li>\n<li>sin residuos ni tiempos de espera tras el tratamiento;<\/li>\n<li>sin modificaci\u00f3n de las propiedades de los productos.<\/li>\n<\/ul>\n<p>Estas ventajas son especialmente relevantes para las industrias m\u00e9dica, farmac\u00e9utica y veterinaria, as\u00ed como para los profesionales del sector cosm\u00e9tico. Adem\u00e1s, el tratamiento con rayos X ofrece una soluci\u00f3n para productos incompatibles con otras fuentes de radiaci\u00f3n ionizante.<\/p>\n<p>[\/vc_column_text][\/vc_column][vc_column bg_image=&#8221;23316&#8243; column_center=&#8221;true&#8221; width=&#8221;1\/3&#8243;]<div class=\"spacer\" style=\"height: 250px;\"><\/div>[\/vc_column][\/vc_row][vc_row type=&#8221;full_width_section&#8221; bg_color=&#8221;#f1f1f1&#8243;][vc_column bg_image=&#8221;24775&#8243; column_center=&#8221;true&#8221; width=&#8221;1\/3&#8243;]<div class=\"spacer\" style=\"height: 250px;\"><\/div>[\/vc_column][vc_column column_padding=&#8221;padding-6&#8243; column_center=&#8221;true&#8221; width=&#8221;2\/3&#8243;][vc_column_text el_class=&#8221;h2presta&#8221;]<\/p>\n<h2>\u00bfCu\u00e1les son las ventajas de nuestro centro de tratamiento con radiaci\u00f3n X?<\/h2>\n<p>En 2025, IONISOS inaugurar\u00e1 un nuevo centro de <strong>esterilizaci\u00f3n industrial con rayos X<\/strong>. Este centro est\u00e1 ubicado en Henriville, en Mosela, muy cerca de las fronteras con Alemania, B\u00e9lgica y Pa\u00edses Bajos. Esta ubicaci\u00f3n estrat\u00e9gica facilita el acceso de las empresas europeas a un servicio de esterilizaci\u00f3n industrial de vanguardia.<\/p>\n<p>[\/vc_column_text][\/vc_column][\/vc_row][vc_row type=&#8221;full_width_section&#8221; bg_color=&#8221;#f7f7f7&#8243;][vc_column column_padding=&#8221;padding-6&#8243; column_center=&#8221;true&#8221; width=&#8221;2\/3&#8243;][vc_column_text el_class=&#8221;h2presta&#8221;]<\/p>\n<h2>\u00bfQu\u00e9 es la certificaci\u00f3n BREEAM obtenida por el nuevo centro de IONISOS?<\/h2>\n<p>Desde 1990, la <strong>certificaci\u00f3n BREEAM<\/strong> eval\u00faa el desempe\u00f1o ambiental de los edificios industriales, terciarios o residenciales. Existen varios niveles de certificaci\u00f3n: IONISOS ha obtenido la menci\u00f3n \u00ab Excelente \u00bb.<\/p>\n<p>Se examinan numerosos criterios:<\/p>\n<ul>\n<li>uso de materiales de construcci\u00f3n ecol\u00f3gicos y duraderos (desde la obtenci\u00f3n hasta la gesti\u00f3n de residuos);<\/li>\n<li>rendimiento energ\u00e9tico global (sistemas de calefacci\u00f3n, aire acondicionado y ventilaci\u00f3n, iluminaci\u00f3n, equipos inform\u00e1ticos y electrodom\u00e9sticos&#8230;);<\/li>\n<li>emisiones de gases de efecto invernadero (GEI);<\/li>\n<li>calidad del aire interior;<\/li>\n<li>gesti\u00f3n del agua (consumo, instalaciones sanitarias, recuperaci\u00f3n de agua de lluvia, evacuaci\u00f3n de aguas residuales\u2026);<\/li>\n<li>integraci\u00f3n ambiental (espacios verdes, protecci\u00f3n de la biodiversidad, resiliencia frente al cambio clim\u00e1tico\u2026).<\/li>\n<\/ul>\n<p>El desarrollo sostenible est\u00e1 en el coraz\u00f3n de la pol\u00edtica del grupo IONISOS, que adem\u00e1s forma parte de la iniciativa Science Based Targets Initiative (SBTi), que ayuda a las empresas a reducir sus emisiones de carbono. IONISOS demuestra as\u00ed que es posible combinar tecnolog\u00eda de esterilizaci\u00f3n de vanguardia con un enfoque de responsabilidad social corporativa.<\/p>\n<p>[\/vc_column_text][\/vc_column][vc_column column_center=&#8221;true&#8221; width=&#8221;1\/3&#8243;]<div class=\"single_image wpb_content_element align-left    \" data-animation=\"none\" data-delay=\"0\"><img loading=\"lazy\" decoding=\"async\" width=\"1280\" height=\"773\" src=\"https:\/\/www.ionisos.com\/wp-content\/uploads\/2025\/03\/SBTI.jpg\" class=\"attachment-full\" alt=\"\" srcset=\"https:\/\/www.ionisos.com\/wp-content\/uploads\/2025\/03\/SBTI.jpg 1280w, https:\/\/www.ionisos.com\/wp-content\/uploads\/2025\/03\/SBTI-300x181.jpg 300w, https:\/\/www.ionisos.com\/wp-content\/uploads\/2025\/03\/SBTI-1024x618.jpg 1024w, https:\/\/www.ionisos.com\/wp-content\/uploads\/2025\/03\/SBTI-768x464.jpg 768w\" sizes=\"auto, (max-width: 1280px) 100vw, 1280px\" \/><\/div>[\/vc_column][\/vc_row][vc_row bg_color=&#8221;#0b2677&#8243; text_color=&#8221;light&#8221; text_align=&#8221;center&#8221; top_padding=&#8221;40&#8243; bottom_padding=&#8221;40&#8243;][vc_column width=&#8221;2\/3&#8243;]<div class=\"spacer\" style=\"height: 5px;\"><\/div>[vc_column_text el_class=&#8221;cta&#8221;]\u00a1Cont\u00e1ctenos hoy mismo para aprovechar lo mejor de la esterilizaci\u00f3n industrial!<br \/>[\/vc_column_text][\/vc_column][vc_column width=&#8221;1\/3&#8243;][vc_row_inner][vc_column_inner]<a href=\"\/es\/contacto\/\" target=\"_self\" class=\"button color-8 medium \" style=\"border-radius: 2px;\">Cont\u00e1ctenos<\/a>[\/vc_column_inner][\/vc_row_inner][\/vc_column][\/vc_row]<\/p>\n","protected":false},"excerpt":{"rendered":"<p>[vc_row bg_image=&#8221;16355&#8243; bg_repeat=&#8221;no-repeat&#8221; text_color=&#8221;light&#8221; text_align=&#8221;center&#8221; top_padding=&#8221;80&#8243; bottom_padding=&#8221;80&#8243;][vc_column width=&#8221;1\/1&#8243;][\/vc_column][\/vc_row][vc_row top_padding=&#8221;80&#8243; bottom_padding=&#8221;80&#8243;][vc_column width=&#8221;1\/1&#8243;][vc_column_text] Un rayonnement ionizante es una emisi\u00f3n de energ\u00eda que tiene la particularidad de transformar los \u00e1tomos que atraviesa en iones. Este tipo de radiaci\u00f3n se utiliza desde los a\u00f1os 60 para la esterilizaci\u00f3n industrial, ya que el proceso de ionizaci\u00f3n permite desorganizar las mol\u00e9culas de los microorganismos presentes sobre y dentro de los objetos. El grupo IONISOS le presenta en detalle las ventajas de esta t\u00e9cnica, as\u00ed como sus servicios de esterilizaci\u00f3n beta y gamma para satisfacer todas sus necesidades. [\/vc_column_text][\/vc_column][\/vc_row][vc_row type=&#8221;full_width_section&#8221; bg_color=&#8221;#f7f7f7&#8243;][vc_column column_padding=&#8221;padding-6&#8243; column_center=&#8221;true&#8221; width=&#8221;2\/3&#8243;][vc_column_text el_class=&#8221;h2presta&#8221;] T\u00e9cnica de esterilizaci\u00f3n : \u00bfpor qu\u00e9 optar por la esterilizaci\u00f3n por ionizaci\u00f3n? La esterilizaci\u00f3n por radiaciones ionizantes es una de las t\u00e9cnicas de esterilizaci\u00f3n m\u00e1s utilizadas por la industria, especialmente en los sectores farmac\u00e9utico y m\u00e9dico. En realidad, agrupa 3 t\u00e9cnicas distintas: rayos X, gamma y beta. IONISOS ofrece sus servicios para las dos \u00faltimas. Estos rayos son de naturaleza diferente, pero todos tienen la particularidad de transformar \u00e1tomos y mol\u00e9culas en iones al atravesarlos gracias a sus part\u00edculas ionizantes, lo que permite destruir los agentes pat\u00f3genos presentes. \u00bfLa principal ventaja de este tipo de esterilizaci\u00f3n? Permite tratar los productos directamente en [&hellip;]<\/p>\n","protected":false},"author":4,"featured_media":0,"parent":0,"menu_order":0,"comment_status":"closed","ping_status":"open","template":"","meta":{"inline_featured_image":false,"footnotes":""},"class_list":["post-27536","page","type-page","status-publish","hentry"],"yoast_head":"<!-- This site is optimized with the Yoast SEO plugin v26.3 - https:\/\/yoast.com\/wordpress\/plugins\/seo\/ -->\n<title>Radiaci\u00f3n ionizante: un servicio de esterilizaci\u00f3n a medida<\/title>\n<meta name=\"description\" content=\"La esterilizaci\u00f3n por radiaci\u00f3n ionizante es un m\u00e9todo seguro y eficaz para el tratamiento de una amplia gama de productos. IONISOS, especialista en esterilizaci\u00f3n beta y gamma, le explica el principio de la ionizaci\u00f3n y sus ventajas para los profesionales.\" \/>\n<meta name=\"robots\" content=\"index, follow, max-snippet:-1, max-image-preview:large, max-video-preview:-1\" \/>\n<link rel=\"canonical\" href=\"https:\/\/www.ionisos.com\/rayonnement-ionisant\/\" \/>\n<meta property=\"og:locale\" content=\"es_ES\" \/>\n<meta property=\"og:type\" content=\"article\" \/>\n<meta property=\"og:title\" content=\"Radiaci\u00f3n ionizante: un servicio de esterilizaci\u00f3n a medida\" \/>\n<meta property=\"og:description\" content=\"La esterilizaci\u00f3n por radiaci\u00f3n ionizante es un m\u00e9todo seguro y eficaz para el tratamiento de una amplia gama de productos. IONISOS, especialista en esterilizaci\u00f3n beta y gamma, le explica el principio de la ionizaci\u00f3n y sus ventajas para los profesionales.\" \/>\n<meta property=\"og:url\" content=\"https:\/\/www.ionisos.com\/rayonnement-ionisant\/\" \/>\n<meta property=\"og:site_name\" content=\"Ionisos\" \/>\n<meta property=\"article:modified_time\" content=\"2025-10-23T16:16:21+00:00\" \/>\n<meta name=\"twitter:card\" content=\"summary_large_image\" \/>\n<meta name=\"twitter:label1\" content=\"Tiempo de lectura\" \/>\n\t<meta name=\"twitter:data1\" content=\"8 minutos\" \/>\n<script type=\"application\/ld+json\" class=\"yoast-schema-graph\">{\"@context\":\"https:\/\/schema.org\",\"@graph\":[{\"@type\":\"WebPage\",\"@id\":\"https:\/\/www.ionisos.com\/rayonnement-ionisant\/\",\"url\":\"https:\/\/www.ionisos.com\/rayonnement-ionisant\/\",\"name\":\"Radiaci\u00f3n ionizante: un servicio de esterilizaci\u00f3n a medida\",\"isPartOf\":{\"@id\":\"https:\/\/www.ionisos.com\/#website\"},\"datePublished\":\"2025-10-23T16:16:17+00:00\",\"dateModified\":\"2025-10-23T16:16:21+00:00\",\"description\":\"La esterilizaci\u00f3n por radiaci\u00f3n ionizante es un m\u00e9todo seguro y eficaz para el tratamiento de una amplia gama de productos. IONISOS, especialista en esterilizaci\u00f3n beta y gamma, le explica el principio de la ionizaci\u00f3n y sus ventajas para los profesionales.\",\"breadcrumb\":{\"@id\":\"https:\/\/www.ionisos.com\/rayonnement-ionisant\/#breadcrumb\"},\"inLanguage\":\"es\",\"potentialAction\":[{\"@type\":\"ReadAction\",\"target\":[\"https:\/\/www.ionisos.com\/rayonnement-ionisant\/\"]}]},{\"@type\":\"BreadcrumbList\",\"@id\":\"https:\/\/www.ionisos.com\/rayonnement-ionisant\/#breadcrumb\",\"itemListElement\":[{\"@type\":\"ListItem\",\"position\":1,\"name\":\"Accueil\",\"item\":\"https:\/\/www.ionisos.com\/es\/\"},{\"@type\":\"ListItem\",\"position\":2,\"name\":\"Radiaci\u00f3n ionizante\"}]},{\"@type\":\"WebSite\",\"@id\":\"https:\/\/www.ionisos.com\/#website\",\"url\":\"https:\/\/www.ionisos.com\/\",\"name\":\"Ionisos\",\"description\":\"Ionisation par \u00e9lectrons acc\u00e9l\u00e9r\u00e9s, rayons gamma, rayons X et oxyde d&#039;\u00e9thyl\u00e8ne\",\"potentialAction\":[{\"@type\":\"SearchAction\",\"target\":{\"@type\":\"EntryPoint\",\"urlTemplate\":\"https:\/\/www.ionisos.com\/?s={search_term_string}\"},\"query-input\":{\"@type\":\"PropertyValueSpecification\",\"valueRequired\":true,\"valueName\":\"search_term_string\"}}],\"inLanguage\":\"es\"}]}<\/script>\n<!-- \/ Yoast SEO plugin. -->","yoast_head_json":{"title":"Radiaci\u00f3n ionizante: un servicio de esterilizaci\u00f3n a medida","description":"La esterilizaci\u00f3n por radiaci\u00f3n ionizante es un m\u00e9todo seguro y eficaz para el tratamiento de una amplia gama de productos. IONISOS, especialista en esterilizaci\u00f3n beta y gamma, le explica el principio de la ionizaci\u00f3n y sus ventajas para los profesionales.","robots":{"index":"index","follow":"follow","max-snippet":"max-snippet:-1","max-image-preview":"max-image-preview:large","max-video-preview":"max-video-preview:-1"},"canonical":"https:\/\/www.ionisos.com\/rayonnement-ionisant\/","og_locale":"es_ES","og_type":"article","og_title":"Radiaci\u00f3n ionizante: un servicio de esterilizaci\u00f3n a medida","og_description":"La esterilizaci\u00f3n por radiaci\u00f3n ionizante es un m\u00e9todo seguro y eficaz para el tratamiento de una amplia gama de productos. IONISOS, especialista en esterilizaci\u00f3n beta y gamma, le explica el principio de la ionizaci\u00f3n y sus ventajas para los profesionales.","og_url":"https:\/\/www.ionisos.com\/rayonnement-ionisant\/","og_site_name":"Ionisos","article_modified_time":"2025-10-23T16:16:21+00:00","twitter_card":"summary_large_image","twitter_misc":{"Tiempo de lectura":"8 minutos"},"schema":{"@context":"https:\/\/schema.org","@graph":[{"@type":"WebPage","@id":"https:\/\/www.ionisos.com\/rayonnement-ionisant\/","url":"https:\/\/www.ionisos.com\/rayonnement-ionisant\/","name":"Radiaci\u00f3n ionizante: un servicio de esterilizaci\u00f3n a medida","isPartOf":{"@id":"https:\/\/www.ionisos.com\/#website"},"datePublished":"2025-10-23T16:16:17+00:00","dateModified":"2025-10-23T16:16:21+00:00","description":"La esterilizaci\u00f3n por radiaci\u00f3n ionizante es un m\u00e9todo seguro y eficaz para el tratamiento de una amplia gama de productos. IONISOS, especialista en esterilizaci\u00f3n beta y gamma, le explica el principio de la ionizaci\u00f3n y sus ventajas para los profesionales.","breadcrumb":{"@id":"https:\/\/www.ionisos.com\/rayonnement-ionisant\/#breadcrumb"},"inLanguage":"es","potentialAction":[{"@type":"ReadAction","target":["https:\/\/www.ionisos.com\/rayonnement-ionisant\/"]}]},{"@type":"BreadcrumbList","@id":"https:\/\/www.ionisos.com\/rayonnement-ionisant\/#breadcrumb","itemListElement":[{"@type":"ListItem","position":1,"name":"Accueil","item":"https:\/\/www.ionisos.com\/es\/"},{"@type":"ListItem","position":2,"name":"Radiaci\u00f3n ionizante"}]},{"@type":"WebSite","@id":"https:\/\/www.ionisos.com\/#website","url":"https:\/\/www.ionisos.com\/","name":"Ionisos","description":"Ionisation par \u00e9lectrons acc\u00e9l\u00e9r\u00e9s, rayons gamma, rayons X et oxyde d&#039;\u00e9thyl\u00e8ne","potentialAction":[{"@type":"SearchAction","target":{"@type":"EntryPoint","urlTemplate":"https:\/\/www.ionisos.com\/?s={search_term_string}"},"query-input":{"@type":"PropertyValueSpecification","valueRequired":true,"valueName":"search_term_string"}}],"inLanguage":"es"}]}},"_links":{"self":[{"href":"https:\/\/www.ionisos.com\/es\/wp-json\/wp\/v2\/pages\/27536","targetHints":{"allow":["GET"]}}],"collection":[{"href":"https:\/\/www.ionisos.com\/es\/wp-json\/wp\/v2\/pages"}],"about":[{"href":"https:\/\/www.ionisos.com\/es\/wp-json\/wp\/v2\/types\/page"}],"author":[{"embeddable":true,"href":"https:\/\/www.ionisos.com\/es\/wp-json\/wp\/v2\/users\/4"}],"replies":[{"embeddable":true,"href":"https:\/\/www.ionisos.com\/es\/wp-json\/wp\/v2\/comments?post=27536"}],"version-history":[{"count":5,"href":"https:\/\/www.ionisos.com\/es\/wp-json\/wp\/v2\/pages\/27536\/revisions"}],"predecessor-version":[{"id":27541,"href":"https:\/\/www.ionisos.com\/es\/wp-json\/wp\/v2\/pages\/27536\/revisions\/27541"}],"wp:attachment":[{"href":"https:\/\/www.ionisos.com\/es\/wp-json\/wp\/v2\/media?parent=27536"}],"curies":[{"name":"wp","href":"https:\/\/api.w.org\/{rel}","templated":true}]}}