 {"id":24732,"date":"2024-03-27T17:02:24","date_gmt":"2024-03-27T16:02:24","guid":{"rendered":"https:\/\/www.ionisos.com\/?page_id=24732"},"modified":"2024-03-27T17:02:24","modified_gmt":"2024-03-27T16:02:24","slug":"tratamiento-con-rayos-x","status":"publish","type":"page","link":"https:\/\/www.ionisos.com\/es\/nuestras-actividades\/tratamiento-con-rayos-x\/","title":{"rendered":"Tratamiento con rayos X"},"content":{"rendered":"<p>[vc_row bg_image=&#8221;15639&#8243; bg_repeat=&#8221;no-repeat&#8221; text_color=&#8221;light&#8221; text_align=&#8221;center&#8221; top_padding=&#8221;100&#8243; bottom_padding=&#8221;100&#8243;][vc_column width=&#8221;1\/1&#8243;]<h1 class=\"headline font-special fontsize-xxxl fontweight-inherit lh-inherit align-center transform-uppercase \" style=\"margin: 0;\">Tratamiento <strong>X-Ray<\/strong><\/h1>[\/vc_column][\/vc_row][vc_row][vc_column column_center=&#8221;true&#8221; width=&#8221;1\/1&#8243;]<div class=\"spacer\" style=\"height: 40px;\"><\/div>[\/vc_column][\/vc_row][vc_row][vc_column column_center=&#8221;true&#8221; width=&#8221;1\/6&#8243;]<div class=\"single_image wpb_content_element align-center    \" data-animation=\"none\" data-delay=\"0\"><img loading=\"lazy\" decoding=\"async\" width=\"150\" height=\"150\" src=\"https:\/\/www.ionisos.com\/wp-content\/uploads\/2023\/12\/X-Ray-cercle-150x150.png\" class=\"attachment-thumbnail\" alt=\"Traitement par rayons X\" srcset=\"https:\/\/www.ionisos.com\/wp-content\/uploads\/2023\/12\/X-Ray-cercle-150x150.png 150w, https:\/\/www.ionisos.com\/wp-content\/uploads\/2023\/12\/X-Ray-cercle-300x300.png 300w, https:\/\/www.ionisos.com\/wp-content\/uploads\/2023\/12\/X-Ray-cercle-80x80.png 80w, https:\/\/www.ionisos.com\/wp-content\/uploads\/2023\/12\/X-Ray-cercle.png 417w\" sizes=\"auto, (max-width: 150px) 100vw, 150px\" \/><\/div>[\/vc_column][vc_column column_center=&#8221;true&#8221; width=&#8221;5\/6&#8243;][vc_column_text]<\/p>\n<p style=\"text-align: center;\"><span style=\"font-family: Abel; font-size: 25px;\">El proceso de ionizaci\u00f3n implementado en la instalaci\u00f3n consiste en <strong>exponer los productos a tratar a la radiaci\u00f3n X <\/strong>emitida por un acelerador de electrones de alta potencia.<\/span><\/p>\n<p>[\/vc_column_text][\/vc_column][\/vc_row][vc_row][vc_column column_center=&#8221;true&#8221; width=&#8221;1\/1&#8243;]<div class=\"spacer\" style=\"height: 80px;\"><\/div>[\/vc_column][\/vc_row][vc_row][vc_column width=&#8221;1\/2&#8243;]<div class=\"video-embed  wpb_content_element\"><iframe loading=\"lazy\" title=\"Ionisos - St\u00e9rilisation par rayons X\" width=\"1161\" height=\"653\" src=\"https:\/\/www.youtube.com\/embed\/P0SIPI78Q3A?feature=oembed\" frameborder=\"0\" allow=\"accelerometer; autoplay; clipboard-write; encrypted-media; gyroscope; picture-in-picture; web-share\" referrerpolicy=\"strict-origin-when-cross-origin\" allowfullscreen><\/iframe><\/div>[\/vc_column][vc_column width=&#8221;1\/2&#8243;][vc_column_text]<strong>Principios fundamentales:<\/strong> los rayos X, conocidos por su uso en la imagenolog\u00eda m\u00e9dica, tambi\u00e9n desempe\u00f1an un papel crucial en la esterilizaci\u00f3n de alta precisi\u00f3n. Se generan mediante la aceleraci\u00f3n de electrones que, al impactar en un objetivo met\u00e1lico, producen rayos X de alta energ\u00eda.<\/p>\n<p><strong>Caracter\u00edsticas de los rayos X en esterilizaci\u00f3n:<\/strong><\/p>\n<ul>\n<li><strong>Energ\u00eda de los rayos X:<\/strong> los rayos X utilizados para la esterilizaci\u00f3n generalmente tienen una energ\u00eda que var\u00eda entre 5 y 7 MeV, lo que permite una penetraci\u00f3n profunda y uniforme de los materiales.<\/li>\n<li><strong>Proceso de esterilizaci\u00f3n:<\/strong> Los objetos a esterilizar se exponen a los rayos X en una c\u00e1mara especialmente dise\u00f1ada. Un sistema automatizado asegura un movimiento preciso de los productos a trav\u00e9s del haz de rayos X, garantizando una exposici\u00f3n uniforme y controlada.<\/li>\n<\/ul>\n<p><strong>Ventajas de la esterilizaci\u00f3n por rayos X:<\/strong><\/p>\n<ul>\n<li><strong>Eficiencia y Uniformidad:<\/strong> gracias a su alta energ\u00eda, los rayos X penetran eficazmente en diversos tipos de materiales, asegurando una esterilizaci\u00f3n homog\u00e9nea.<\/li>\n<li><strong>Flexibilidad:<\/strong> adecuados para una amplia gama de productos, incluidos aquellos sensibles a otros m\u00e9todos de esterilizaci\u00f3n.<\/li>\n<li><strong>Seguridad y medio ambiente:<\/strong> esta tecnolog\u00eda minimiza los riesgos ambientales y de seguridad asociados con el uso de productos qu\u00edmicos o fuentes radiactivas.<\/li>\n<\/ul>\n<p>[\/vc_column_text][\/vc_column][\/vc_row][vc_row][vc_column width=&#8221;1\/1&#8243;]<div class=\"spacer\" style=\"height: 80px;\"><\/div>[vc_column_text]<\/p>\n<h3>Proceso de Esterilizaci\u00f3n<\/h3>\n<p>[\/vc_column_text]<div class=\"spacer\" style=\"height: 30px;\"><\/div>[\/vc_column][\/vc_row][vc_row][vc_column width=&#8221;1\/5&#8243;]<div class=\"single_image wpb_content_element align-center    \" data-animation=\"none\" data-delay=\"0\"><img loading=\"lazy\" decoding=\"async\" width=\"150\" height=\"150\" src=\"https:\/\/www.ionisos.com\/wp-content\/uploads\/2024\/03\/box-150x150.png\" class=\"attachment-thumbnail\" alt=\"\" srcset=\"https:\/\/www.ionisos.com\/wp-content\/uploads\/2024\/03\/box-150x150.png 150w, https:\/\/www.ionisos.com\/wp-content\/uploads\/2024\/03\/box-300x300.png 300w, https:\/\/www.ionisos.com\/wp-content\/uploads\/2024\/03\/box-80x80.png 80w, https:\/\/www.ionisos.com\/wp-content\/uploads\/2024\/03\/box-500x500.png 500w, https:\/\/www.ionisos.com\/wp-content\/uploads\/2024\/03\/box.png 512w\" sizes=\"auto, (max-width: 150px) 100vw, 150px\" \/><\/div>[vc_column_text]<\/p>\n<p style=\"text-align: center;\"><span style=\"color: #ef9e1c;\"><strong>Preparaci\u00f3n y posicionamiento<\/strong><\/span><\/p>\n<p style=\"text-align: center;\">Los productos se preparan y se posicionan en la c\u00e1mara de esterilizaci\u00f3n.<\/p>\n<p>[\/vc_column_text][\/vc_column][vc_column width=&#8221;1\/5&#8243;][\/vc_column][vc_column width=&#8221;1\/5&#8243;]<div class=\"single_image wpb_content_element align-center    \" data-animation=\"none\" data-delay=\"0\"><img loading=\"lazy\" decoding=\"async\" width=\"150\" height=\"150\" src=\"https:\/\/www.ionisos.com\/wp-content\/uploads\/2024\/03\/water-waves-150x150.png\" class=\"attachment-thumbnail\" alt=\"\" srcset=\"https:\/\/www.ionisos.com\/wp-content\/uploads\/2024\/03\/water-waves-150x150.png 150w, https:\/\/www.ionisos.com\/wp-content\/uploads\/2024\/03\/water-waves-300x300.png 300w, https:\/\/www.ionisos.com\/wp-content\/uploads\/2024\/03\/water-waves-80x80.png 80w, https:\/\/www.ionisos.com\/wp-content\/uploads\/2024\/03\/water-waves-500x500.png 500w, https:\/\/www.ionisos.com\/wp-content\/uploads\/2024\/03\/water-waves.png 512w\" sizes=\"auto, (max-width: 150px) 100vw, 150px\" \/><\/div>[vc_column_text]<\/p>\n<p style=\"text-align: center;\"><span style=\"color: #ef9e1c;\"><strong>Tratamiento<\/strong><\/span><\/p>\n<p style=\"text-align: center;\">Los productos son expuestos a los rayos X. La duraci\u00f3n y la intensidad de la exposici\u00f3n se controlan rigurosamente para asegurar una esterilizaci\u00f3n eficaz, preservando al mismo tiempo la integridad del producto.<\/p>\n<p>[\/vc_column_text][\/vc_column][vc_column width=&#8221;1\/5&#8243;][\/vc_column][vc_column width=&#8221;1\/5&#8243;]<div class=\"single_image wpb_content_element align-center    \" data-animation=\"none\" data-delay=\"0\"><img loading=\"lazy\" decoding=\"async\" width=\"150\" height=\"150\" src=\"https:\/\/www.ionisos.com\/wp-content\/uploads\/2024\/03\/quality-150x150.png\" class=\"attachment-thumbnail\" alt=\"\" srcset=\"https:\/\/www.ionisos.com\/wp-content\/uploads\/2024\/03\/quality-150x150.png 150w, https:\/\/www.ionisos.com\/wp-content\/uploads\/2024\/03\/quality-300x300.png 300w, https:\/\/www.ionisos.com\/wp-content\/uploads\/2024\/03\/quality-80x80.png 80w, https:\/\/www.ionisos.com\/wp-content\/uploads\/2024\/03\/quality-500x500.png 500w, https:\/\/www.ionisos.com\/wp-content\/uploads\/2024\/03\/quality.png 512w\" sizes=\"auto, (max-width: 150px) 100vw, 150px\" \/><\/div>[vc_column_text]<\/p>\n<p style=\"text-align: center;\"><span style=\"color: #ef9e1c;\"><strong>Control de calidad<\/strong><\/span><\/p>\n<p style=\"text-align: center;\">Despu\u00e9s de la irradiaci\u00f3n, cada lote pasa por un control de calidad riguroso para garantizar la efectividad de la esterilizaci\u00f3n.<\/p>\n<p>[\/vc_column_text][\/vc_column][\/vc_row][vc_row][vc_column width=&#8221;1\/1&#8243;]<div class=\"spacer\" style=\"height: 80px;\"><\/div>[vc_column_text]<\/p>\n<p style=\"text-align: center;\"><span style=\"font-family: Abel;\"><span style=\"font-size: 25px;\">Nuestro sitio de tratamiento con rayos X<\/span><\/span><\/p>\n<p>[\/vc_column_text]<div class=\"spacer\" style=\"height: 30px;\"><\/div>[\/vc_column][\/vc_row][vc_row][vc_column width=&#8221;1\/3&#8243;][\/vc_column][vc_column width=&#8221;1\/3&#8243;]<a href=\"https:\/\/www.ionisos.com\/nos-sites\/henriville\/\" target=\"_self\" class=\"button custom full \" style=\"background-color: #ef9e1c; border-color: #ef9e1c;border-radius: 2px;\"><strong>HENRIVILLE<\/strong><br \/>\nFrance<\/a>[\/vc_column][vc_column width=&#8221;1\/3&#8243;][\/vc_column][\/vc_row][vc_row][vc_column width=&#8221;1\/1&#8243;]<div class=\"spacer\" style=\"height: 40px;\"><\/div>[\/vc_column][\/vc_row][vc_row bg_color=&#8221;#515151&#8243; text_color=&#8221;light&#8221; text_align=&#8221;center&#8221; top_padding=&#8221;40&#8243; bottom_padding=&#8221;40&#8243;][vc_column column_center=&#8221;true&#8221; width=&#8221;2\/3&#8243;][vc_column_text]<\/p>\n<h3 style=\"text-align: left;\">Ionisos tambi\u00e9n ofrece tratamiento mediante radiaciones ionizantes y \u00f3xido de etileno.<\/h3>\n<p>[\/vc_column_text][\/vc_column][vc_column width=&#8221;1\/3&#8243;][vc_row_inner][vc_column_inner width=&#8221;1\/3&#8243;]<div class=\"single_image wpb_content_element align-center    \" data-animation=\"none\" data-delay=\"0\"><a href=\"https:\/\/www.ionisos.com\/es\/nuestras-actividades\/tratamiento-gamma\/\" target=\"_self\"><img loading=\"lazy\" decoding=\"async\" width=\"150\" height=\"150\" src=\"https:\/\/www.ionisos.com\/wp-content\/uploads\/2024\/03\/Gamma-150x150.png\" class=\"attachment-thumbnail\" alt=\"Traitement gamma\" srcset=\"https:\/\/www.ionisos.com\/wp-content\/uploads\/2024\/03\/Gamma-150x150.png 150w, https:\/\/www.ionisos.com\/wp-content\/uploads\/2024\/03\/Gamma-300x300.png 300w, https:\/\/www.ionisos.com\/wp-content\/uploads\/2024\/03\/Gamma-1024x1024.png 1024w, https:\/\/www.ionisos.com\/wp-content\/uploads\/2024\/03\/Gamma-768x768.png 768w, https:\/\/www.ionisos.com\/wp-content\/uploads\/2024\/03\/Gamma-1536x1536.png 1536w, https:\/\/www.ionisos.com\/wp-content\/uploads\/2024\/03\/Gamma-2048x2048.png 2048w, https:\/\/www.ionisos.com\/wp-content\/uploads\/2024\/03\/Gamma-80x80.png 80w, https:\/\/www.ionisos.com\/wp-content\/uploads\/2024\/03\/Gamma-500x500.png 500w, https:\/\/www.ionisos.com\/wp-content\/uploads\/2024\/03\/Gamma-1000x1000.png 1000w\" sizes=\"auto, (max-width: 150px) 100vw, 150px\" \/><\/a><\/div>[\/vc_column_inner][vc_column_inner width=&#8221;1\/3&#8243;]<div class=\"single_image wpb_content_element align-center    \" data-animation=\"none\" data-delay=\"0\"><a href=\"https:\/\/www.ionisos.com\/es\/nuestras-actividades\/tratamiento-beta\/\" target=\"_self\"><img loading=\"lazy\" decoding=\"async\" width=\"150\" height=\"150\" src=\"https:\/\/www.ionisos.com\/wp-content\/uploads\/2024\/03\/Ebeam-150x150.png\" class=\"attachment-thumbnail\" alt=\"Traitement par faisceau d&#039;\u00e9lectrons\" srcset=\"https:\/\/www.ionisos.com\/wp-content\/uploads\/2024\/03\/Ebeam-150x150.png 150w, https:\/\/www.ionisos.com\/wp-content\/uploads\/2024\/03\/Ebeam-300x300.png 300w, https:\/\/www.ionisos.com\/wp-content\/uploads\/2024\/03\/Ebeam-1024x1024.png 1024w, https:\/\/www.ionisos.com\/wp-content\/uploads\/2024\/03\/Ebeam-768x768.png 768w, https:\/\/www.ionisos.com\/wp-content\/uploads\/2024\/03\/Ebeam-1536x1536.png 1536w, https:\/\/www.ionisos.com\/wp-content\/uploads\/2024\/03\/Ebeam-2048x2048.png 2048w, https:\/\/www.ionisos.com\/wp-content\/uploads\/2024\/03\/Ebeam-80x80.png 80w, https:\/\/www.ionisos.com\/wp-content\/uploads\/2024\/03\/Ebeam-500x500.png 500w, https:\/\/www.ionisos.com\/wp-content\/uploads\/2024\/03\/Ebeam-1000x1000.png 1000w\" sizes=\"auto, (max-width: 150px) 100vw, 150px\" \/><\/a><\/div>[\/vc_column_inner][vc_column_inner width=&#8221;1\/3&#8243;]<div class=\"single_image wpb_content_element align-center    \" data-animation=\"none\" data-delay=\"0\"><a href=\"https:\/\/www.ionisos.com\/es\/nuestras-actividades\/oxido-de-etileno\/\" target=\"_self\"><img loading=\"lazy\" decoding=\"async\" width=\"150\" height=\"150\" src=\"https:\/\/www.ionisos.com\/wp-content\/uploads\/2024\/03\/EO-150x150.png\" class=\"attachment-thumbnail\" alt=\"Traitement par oxyde d&#039;\u00e9thyl\u00e8ne\" srcset=\"https:\/\/www.ionisos.com\/wp-content\/uploads\/2024\/03\/EO-150x150.png 150w, https:\/\/www.ionisos.com\/wp-content\/uploads\/2024\/03\/EO-300x300.png 300w, https:\/\/www.ionisos.com\/wp-content\/uploads\/2024\/03\/EO-1024x1024.png 1024w, https:\/\/www.ionisos.com\/wp-content\/uploads\/2024\/03\/EO-768x768.png 768w, https:\/\/www.ionisos.com\/wp-content\/uploads\/2024\/03\/EO-1536x1536.png 1536w, https:\/\/www.ionisos.com\/wp-content\/uploads\/2024\/03\/EO-2048x2048.png 2048w, https:\/\/www.ionisos.com\/wp-content\/uploads\/2024\/03\/EO-80x80.png 80w, https:\/\/www.ionisos.com\/wp-content\/uploads\/2024\/03\/EO-500x500.png 500w, https:\/\/www.ionisos.com\/wp-content\/uploads\/2024\/03\/EO-1000x1000.png 1000w\" sizes=\"auto, (max-width: 150px) 100vw, 150px\" \/><\/a><\/div>[\/vc_column_inner][\/vc_row_inner][\/vc_column][\/vc_row]<\/p>\n","protected":false},"excerpt":{"rendered":"<p>[vc_row bg_image=&#8221;15639&#8243; bg_repeat=&#8221;no-repeat&#8221; text_color=&#8221;light&#8221; text_align=&#8221;center&#8221; top_padding=&#8221;100&#8243; bottom_padding=&#8221;100&#8243;][vc_column width=&#8221;1\/1&#8243;][\/vc_column][\/vc_row][vc_row][vc_column column_center=&#8221;true&#8221; width=&#8221;1\/1&#8243;][\/vc_column][\/vc_row][vc_row][vc_column column_center=&#8221;true&#8221; width=&#8221;1\/6&#8243;][\/vc_column][vc_column column_center=&#8221;true&#8221; width=&#8221;5\/6&#8243;][vc_column_text] El proceso de ionizaci\u00f3n implementado en la instalaci\u00f3n consiste en exponer los productos a tratar a la radiaci\u00f3n X emitida por un acelerador de electrones de alta potencia. [\/vc_column_text][\/vc_column][\/vc_row][vc_row][vc_column column_center=&#8221;true&#8221; width=&#8221;1\/1&#8243;][\/vc_column][\/vc_row][vc_row][vc_column width=&#8221;1\/2&#8243;][\/vc_column][vc_column width=&#8221;1\/2&#8243;][vc_column_text]Principios fundamentales: los rayos X, conocidos por su uso en la imagenolog\u00eda m\u00e9dica, tambi\u00e9n desempe\u00f1an un papel crucial en la esterilizaci\u00f3n de alta precisi\u00f3n. Se generan mediante la aceleraci\u00f3n de electrones que, al impactar en un objetivo met\u00e1lico, producen rayos X de alta energ\u00eda. Caracter\u00edsticas de los rayos X en esterilizaci\u00f3n: Energ\u00eda de los rayos X: los rayos X utilizados para la esterilizaci\u00f3n generalmente tienen una energ\u00eda que var\u00eda entre 5 y 7 MeV, lo que permite una penetraci\u00f3n profunda y uniforme de los materiales. Proceso de esterilizaci\u00f3n: Los objetos a esterilizar se exponen a los rayos X en una c\u00e1mara especialmente dise\u00f1ada. Un sistema automatizado asegura un movimiento preciso de los productos a trav\u00e9s del haz de rayos X, garantizando una exposici\u00f3n uniforme y controlada. Ventajas de la esterilizaci\u00f3n por rayos X: Eficiencia y Uniformidad: gracias a su alta energ\u00eda, los rayos X penetran eficazmente en diversos tipos de materiales, asegurando una esterilizaci\u00f3n [&hellip;]<\/p>\n","protected":false},"author":1,"featured_media":0,"parent":16443,"menu_order":0,"comment_status":"closed","ping_status":"closed","template":"","meta":{"inline_featured_image":false,"footnotes":""},"class_list":["post-24732","page","type-page","status-publish","hentry"],"yoast_head":"<!-- This site is optimized with the Yoast SEO plugin v26.3 - https:\/\/yoast.com\/wordpress\/plugins\/seo\/ -->\n<title>Tratamiento con rayos X - Ionisos<\/title>\n<meta name=\"description\" content=\"Ionisos esteriliza sus paletas de productos mediante radiaci\u00f3n X en su sitio en Francia (Henriville - Mosela).\" \/>\n<meta name=\"robots\" content=\"index, follow, max-snippet:-1, max-image-preview:large, max-video-preview:-1\" \/>\n<link rel=\"canonical\" href=\"https:\/\/www.ionisos.com\/es\/nuestras-actividades\/tratamiento-con-rayos-x\/\" \/>\n<meta property=\"og:locale\" content=\"es_ES\" \/>\n<meta property=\"og:type\" content=\"article\" \/>\n<meta property=\"og:title\" content=\"Tratamiento con rayos X - Ionisos\" \/>\n<meta property=\"og:description\" content=\"Ionisos esteriliza sus paletas de productos mediante radiaci\u00f3n X en su sitio en Francia (Henriville - Mosela).\" \/>\n<meta property=\"og:url\" content=\"https:\/\/www.ionisos.com\/es\/nuestras-actividades\/tratamiento-con-rayos-x\/\" \/>\n<meta property=\"og:site_name\" content=\"Ionisos\" \/>\n<meta name=\"twitter:card\" content=\"summary_large_image\" \/>\n<meta name=\"twitter:label1\" content=\"Tiempo de lectura\" \/>\n\t<meta name=\"twitter:data1\" content=\"3 minutos\" \/>\n<script type=\"application\/ld+json\" class=\"yoast-schema-graph\">{\"@context\":\"https:\/\/schema.org\",\"@graph\":[{\"@type\":\"WebPage\",\"@id\":\"https:\/\/www.ionisos.com\/es\/nuestras-actividades\/tratamiento-con-rayos-x\/\",\"url\":\"https:\/\/www.ionisos.com\/es\/nuestras-actividades\/tratamiento-con-rayos-x\/\",\"name\":\"Tratamiento con rayos X - Ionisos\",\"isPartOf\":{\"@id\":\"https:\/\/www.ionisos.com\/#website\"},\"datePublished\":\"2024-03-27T16:02:24+00:00\",\"description\":\"Ionisos esteriliza sus paletas de productos mediante radiaci\u00f3n X en su sitio en Francia (Henriville - Mosela).\",\"breadcrumb\":{\"@id\":\"https:\/\/www.ionisos.com\/es\/nuestras-actividades\/tratamiento-con-rayos-x\/#breadcrumb\"},\"inLanguage\":\"es\",\"potentialAction\":[{\"@type\":\"ReadAction\",\"target\":[\"https:\/\/www.ionisos.com\/es\/nuestras-actividades\/tratamiento-con-rayos-x\/\"]}]},{\"@type\":\"BreadcrumbList\",\"@id\":\"https:\/\/www.ionisos.com\/es\/nuestras-actividades\/tratamiento-con-rayos-x\/#breadcrumb\",\"itemListElement\":[{\"@type\":\"ListItem\",\"position\":1,\"name\":\"Accueil\",\"item\":\"https:\/\/www.ionisos.com\/es\/\"},{\"@type\":\"ListItem\",\"position\":2,\"name\":\"Nuestras actividades\",\"item\":\"https:\/\/www.ionisos.com\/es\/nuestras-actividades\/\"},{\"@type\":\"ListItem\",\"position\":3,\"name\":\"Tratamiento con rayos X\"}]},{\"@type\":\"WebSite\",\"@id\":\"https:\/\/www.ionisos.com\/#website\",\"url\":\"https:\/\/www.ionisos.com\/\",\"name\":\"Ionisos\",\"description\":\"Ionisation par \u00e9lectrons acc\u00e9l\u00e9r\u00e9s, rayons gamma, rayons X et oxyde d&#039;\u00e9thyl\u00e8ne\",\"potentialAction\":[{\"@type\":\"SearchAction\",\"target\":{\"@type\":\"EntryPoint\",\"urlTemplate\":\"https:\/\/www.ionisos.com\/?s={search_term_string}\"},\"query-input\":{\"@type\":\"PropertyValueSpecification\",\"valueRequired\":true,\"valueName\":\"search_term_string\"}}],\"inLanguage\":\"es\"}]}<\/script>\n<!-- \/ Yoast SEO plugin. -->","yoast_head_json":{"title":"Tratamiento con rayos X - Ionisos","description":"Ionisos esteriliza sus paletas de productos mediante radiaci\u00f3n X en su sitio en Francia (Henriville - Mosela).","robots":{"index":"index","follow":"follow","max-snippet":"max-snippet:-1","max-image-preview":"max-image-preview:large","max-video-preview":"max-video-preview:-1"},"canonical":"https:\/\/www.ionisos.com\/es\/nuestras-actividades\/tratamiento-con-rayos-x\/","og_locale":"es_ES","og_type":"article","og_title":"Tratamiento con rayos X - Ionisos","og_description":"Ionisos esteriliza sus paletas de productos mediante radiaci\u00f3n X en su sitio en Francia (Henriville - Mosela).","og_url":"https:\/\/www.ionisos.com\/es\/nuestras-actividades\/tratamiento-con-rayos-x\/","og_site_name":"Ionisos","twitter_card":"summary_large_image","twitter_misc":{"Tiempo de lectura":"3 minutos"},"schema":{"@context":"https:\/\/schema.org","@graph":[{"@type":"WebPage","@id":"https:\/\/www.ionisos.com\/es\/nuestras-actividades\/tratamiento-con-rayos-x\/","url":"https:\/\/www.ionisos.com\/es\/nuestras-actividades\/tratamiento-con-rayos-x\/","name":"Tratamiento con rayos X - Ionisos","isPartOf":{"@id":"https:\/\/www.ionisos.com\/#website"},"datePublished":"2024-03-27T16:02:24+00:00","description":"Ionisos esteriliza sus paletas de productos mediante radiaci\u00f3n X en su sitio en Francia (Henriville - Mosela).","breadcrumb":{"@id":"https:\/\/www.ionisos.com\/es\/nuestras-actividades\/tratamiento-con-rayos-x\/#breadcrumb"},"inLanguage":"es","potentialAction":[{"@type":"ReadAction","target":["https:\/\/www.ionisos.com\/es\/nuestras-actividades\/tratamiento-con-rayos-x\/"]}]},{"@type":"BreadcrumbList","@id":"https:\/\/www.ionisos.com\/es\/nuestras-actividades\/tratamiento-con-rayos-x\/#breadcrumb","itemListElement":[{"@type":"ListItem","position":1,"name":"Accueil","item":"https:\/\/www.ionisos.com\/es\/"},{"@type":"ListItem","position":2,"name":"Nuestras actividades","item":"https:\/\/www.ionisos.com\/es\/nuestras-actividades\/"},{"@type":"ListItem","position":3,"name":"Tratamiento con rayos X"}]},{"@type":"WebSite","@id":"https:\/\/www.ionisos.com\/#website","url":"https:\/\/www.ionisos.com\/","name":"Ionisos","description":"Ionisation par \u00e9lectrons acc\u00e9l\u00e9r\u00e9s, rayons gamma, rayons X et oxyde d&#039;\u00e9thyl\u00e8ne","potentialAction":[{"@type":"SearchAction","target":{"@type":"EntryPoint","urlTemplate":"https:\/\/www.ionisos.com\/?s={search_term_string}"},"query-input":{"@type":"PropertyValueSpecification","valueRequired":true,"valueName":"search_term_string"}}],"inLanguage":"es"}]}},"_links":{"self":[{"href":"https:\/\/www.ionisos.com\/es\/wp-json\/wp\/v2\/pages\/24732","targetHints":{"allow":["GET"]}}],"collection":[{"href":"https:\/\/www.ionisos.com\/es\/wp-json\/wp\/v2\/pages"}],"about":[{"href":"https:\/\/www.ionisos.com\/es\/wp-json\/wp\/v2\/types\/page"}],"author":[{"embeddable":true,"href":"https:\/\/www.ionisos.com\/es\/wp-json\/wp\/v2\/users\/1"}],"replies":[{"embeddable":true,"href":"https:\/\/www.ionisos.com\/es\/wp-json\/wp\/v2\/comments?post=24732"}],"version-history":[{"count":3,"href":"https:\/\/www.ionisos.com\/es\/wp-json\/wp\/v2\/pages\/24732\/revisions"}],"predecessor-version":[{"id":24837,"href":"https:\/\/www.ionisos.com\/es\/wp-json\/wp\/v2\/pages\/24732\/revisions\/24837"}],"up":[{"embeddable":true,"href":"https:\/\/www.ionisos.com\/es\/wp-json\/wp\/v2\/pages\/16443"}],"wp:attachment":[{"href":"https:\/\/www.ionisos.com\/es\/wp-json\/wp\/v2\/media?parent=24732"}],"curies":[{"name":"wp","href":"https:\/\/api.w.org\/{rel}","templated":true}]}}