 {"id":24387,"date":"2023-12-29T10:36:05","date_gmt":"2023-12-29T09:36:05","guid":{"rendered":"https:\/\/www.ionisos.com\/nuestros-sitios\/pouzauges\/"},"modified":"2025-10-08T09:48:00","modified_gmt":"2025-10-08T07:48:00","slug":"pouzauges","status":"publish","type":"page","link":"https:\/\/www.ionisos.com\/es\/nuestros-sitios\/pouzauges\/","title":{"rendered":"Pouzauges"},"content":{"rendered":"<p>[vc_row bg_image=&#8221;24215&#8243; bg_repeat=&#8221;no-repeat&#8221; text_color=&#8221;light&#8221; text_align=&#8221;center&#8221; top_padding=&#8221;100&#8243; bottom_padding=&#8221;100&#8243;][vc_column width=&#8221;1\/1&#8243;]<h1 class=\"headline font-special fontsize-xxxl fontweight-inherit lh-inherit align-center transform-uppercase \" style=\"margin: 0;\"><strong>Pouzauges<\/strong><\/h1>[\/vc_column][\/vc_row][vc_row][vc_column width=&#8221;1\/1&#8243;]<div class=\"spacer\" style=\"height: 60px;\"><\/div>[vc_raw_html]PGlmcmFtZSBzdHlsZT0iYm9yZGVyOiAwOyIgc3JjPSJodHRwczovL3d3dy5nb29nbGUuY29tL21hcHMvZW1iZWQ\/cGI9ITFtMTghMW0xMiExbTMhMWQyNzMyLjY3MzU0ODA0Nzk3MDYhMmQtMC44NDMxMjcyMjE5Mjk3NDQ5ITNkNDYuNzcxMzMwODQ1MjgwMjghMm0zITFmMCEyZjAhM2YwITNtMiExaTEwMjQhMmk3NjghNGYxMy4xITNtMyExbTIhMXMweDQ4MDZmNzhjZmM1OWVjNGQlM0EweGE4NDNmNmM5OGMzMzIxMGYhMnNJb25pc29zJTIwLSUyMFBvdXphdWdlcyE1ZTAhM20yITFzZnIhMnNmciE0djE3MDM3NjkzMzk5NzIhNW0yITFzZnIhMnNmciIgd2lkdGg9IjEwMCUiIGhlaWdodD0iMzAwIiBhbGxvd2Z1bGxzY3JlZW49ImFsbG93ZnVsbHNjcmVlbiI+PC9pZnJhbWU+[\/vc_raw_html]<div class=\"spacer\" style=\"height: 60px;\"><\/div>[\/vc_column][\/vc_row][vc_row][vc_column width=&#8221;1\/3&#8243;][vc_column_text]<strong>Direcci\u00f3n<\/strong><br \/>31 Rue Ren\u00e9 Truhaut<br \/>85700 Pouzauges<br \/>FRANCIA[\/vc_column_text]<div class=\"uavc-list-icon uavc-list-icon-wrapper ult-adjust-bottom-margin   \"><ul class=\"uavc-list\"><li><div class=\"uavc-list-content\" id=\"list-icon-wrap-8508\">\n<div class=\"uavc-list-icon  \" data-animation=\"\" data-animation-delay=\"03\" style=\"margin-right:20px;\"><div class=\"ult-just-icon-wrapper  \"><div class=\"align-icon\" style=\"text-align:center;\">\n<div class=\"aio-icon none \"  style=\"color:#5996d1;font-size:30px;display:inline-block;\">\n\t<i class=\"Defaults-phone\"><\/i>\n<\/div><\/div><\/div>\n<\/div><span  data-ultimate-target='#list-icon-wrap-8508 .uavc-list-desc'  data-responsive-json-new='{\"font-size\":\"\",\"line-height\":\"\"}'  class=\"uavc-list-desc ult-responsive\" style=\"\">+33 (0) 2 51 91 85 85<\/span><\/div><\/li><li><div class=\"uavc-list-content\" id=\"list-icon-wrap-2229\">\n<div class=\"uavc-list-icon  \" data-animation=\"\" data-animation-delay=\"03\" style=\"margin-right:20px;\"><div class=\"ult-just-icon-wrapper  \"><div class=\"align-icon\" style=\"text-align:center;\">\n<div class=\"aio-icon none \"  style=\"color:#5996d1;font-size:30px;display:inline-block;\">\n\t<i class=\"Defaults-envelope-o\"><\/i>\n<\/div><\/div><\/div>\n<\/div><span  data-ultimate-target='#list-icon-wrap-2229 .uavc-list-desc'  data-responsive-json-new='{\"font-size\":\"\",\"line-height\":\"\"}'  class=\"uavc-list-desc ult-responsive\" style=\"\"><a href=\"mailto:info@ionisos.com\">info@ionisos.com<\/a><\/span><\/div><\/li><\/ul><\/div>[\/vc_column][vc_column width=&#8221;1\/3&#8243;][vc_column_text]<strong>Caracter\u00edsticas del sitio<\/strong><\/p>\n<a href=\"https:\/\/www.ionisos.com\/es\/nuestras-actividades\/tratamiento-gamma\/\" target=\"_self\" class=\"button custom small \" style=\"background-color: #5996d1; border-color: #5996d1;border-radius: 2px;\">Rayos Gamma<\/a>[\/vc_column_text][vc_raw_html]Jm5ic3A7PGJyPjx0YWJsZSBib3JkZXI9IjEiIHdpZHRoPSIxMDAlIj4NCjx0Ym9keT4NCjx0cj4NCjx0ZD5UaXBvOjwvdGQ+DQo8dGQ+SXJyYWRpYWRvcjwvdGQ+DQo8L3RyPg0KPHRyPg0KPHRkPkRpbWVuc2lvbmVzIGRlIHBhbGV0YXM6PC90ZD4NCjx0ZD4xMDAwIHggMTIwMCB4IDE3NTAgbW08L3RkPg0KPC90cj4NCjx0cj4NCjx0ZD5QZXNvIG3DoXhpbW8gZGUgbGFzIHBhbGV0YXM6PC90ZD4NCjx0ZD4xMDAwIGtnPC90ZD4NCjwvdHI+DQo8L3Rib2R5Pg0KPC90YWJsZT4=[\/vc_raw_html][\/vc_column][vc_column text_color=&#8221;light&#8221; text_align=&#8221;center&#8221; width=&#8221;1\/3&#8243;]<div class=\" ubtn-ctn-left \"><a class=\"ubtn-link ult-adjust-bottom-margin ubtn-left ubtn-large \"  rel='' href = \"https:\/\/www.ionisos.com\/es\/contacto\/\" ><button type=\"button\" id=\"ubtn-5776\" class=\"ubtn ult-adjust-bottom-margin ult-responsive ubtn-large ubtn-no-hover-bg  none  ubtn-sep-icon ubtn-sep-icon-bottom-push  ubtn-left   tooltip-69e4b645c9250\"  data-hover=\"\" data-border-color=\"\" data-bg=\"#5996d1\" data-hover-bg=\"\" data-border-hover=\"\" data-shadow-hover=\"\" data-shadow-click=\"none\" data-shadow=\"\" data-shd-shadow=\"\"  data-ultimate-target='#ubtn-5776'  data-responsive-json-new='{\"font-size\":\"\",\"line-height\":\"\"}'  style=\"font-weight:normal;border:none;background: #5996d1;color: #ffffff;\"><span class=\"ubtn-data ubtn-icon\"><i class=\"Defaults-envelope-o\" style=\"font-size:32px;color:;\"><\/i><\/span><span class=\"ubtn-hover\" style=\"background-color:\"><\/span><span class=\"ubtn-data ubtn-text \" >Contacte a nuestros equipos de expertos para obtener m\u00e1s informaci\u00f3n sobre nuestras ofertas<\/span><\/button><\/a><\/div>[\/vc_column][\/vc_row][vc_row][vc_column width=&#8221;1\/1&#8243;]<div class=\"spacer\" style=\"height: 60px;\"><\/div>[vc_column_text]<strong>Certificados<\/strong>[\/vc_column_text][vc_row_inner][vc_column_inner width=&#8221;1\/6&#8243;]<div class=\" ubtn-ctn-left \"><a class=\"ubtn-link ult-adjust-bottom-margin ubtn-left ubtn-normal \"  rel='' href = \"https:\/\/www.ionisos.com\/wp-content\/uploads\/2023\/03\/IONISOS-Pouzauges-Certificat-BPF-GMP-ANSES-ref-18-218463-DFV-23-08-2023-EudraGMP.pdf\" target='_blank'><button type=\"button\" id=\"ubtn-1958\" class=\"ubtn ult-adjust-bottom-margin ult-responsive ubtn-normal ubtn-no-hover-bg  none  ubtn-left   tooltip-69e4b645c929f\"  data-hover=\"\" data-border-color=\"\" data-bg=\"#e0e0e0\" data-hover-bg=\"\" data-border-hover=\"\" data-shadow-hover=\"\" data-shadow-click=\"none\" data-shadow=\"\" data-shd-shadow=\"\"  data-ultimate-target='#ubtn-1958'  data-responsive-json-new='{\"font-size\":\"\",\"line-height\":\"\"}'  style=\"font-weight:normal;border:none;background: #e0e0e0;color: #000000;\"><span class=\"ubtn-hover\" style=\"background-color:\"><\/span><span class=\"ubtn-data ubtn-text \" >Certificado GMP ANSES<\/span><\/button><\/a><\/div>[\/vc_column_inner][vc_column_inner width=&#8221;1\/6&#8243;]<div class=\" ubtn-ctn-left \"><a class=\"ubtn-link ult-adjust-bottom-margin ubtn-left ubtn-normal \"  rel='' href = \"https:\/\/www.ionisos.com\/wp-content\/uploads\/2023\/03\/IONISOS-Pouzauges-Certificat-BPF-GMP-ANSM-ref-22MPO76VFR01-DFV-13-10-2025.pdf\" target='_blank'><button type=\"button\" id=\"ubtn-9639\" class=\"ubtn ult-adjust-bottom-margin ult-responsive ubtn-normal ubtn-no-hover-bg  none  ubtn-left   tooltip-69e4b645c92be\"  data-hover=\"\" data-border-color=\"\" data-bg=\"#e0e0e0\" data-hover-bg=\"\" data-border-hover=\"\" data-shadow-hover=\"\" data-shadow-click=\"none\" data-shadow=\"\" data-shd-shadow=\"\"  data-ultimate-target='#ubtn-9639'  data-responsive-json-new='{\"font-size\":\"\",\"line-height\":\"\"}'  style=\"font-weight:normal;border:none;background: #e0e0e0;color: #000000;\"><span class=\"ubtn-hover\" style=\"background-color:\"><\/span><span class=\"ubtn-data ubtn-text \" >Certificado GMP ANSM<\/span><\/button><\/a><\/div>[\/vc_column_inner][vc_column_inner width=&#8221;1\/6&#8243;]<div class=\" ubtn-ctn-left \"><a class=\"ubtn-link ult-adjust-bottom-margin ubtn-left ubtn-normal \"  rel='' href = \"https:\/\/www.ionisos.com\/wp-content\/uploads\/2025\/06\/9001.pdf\" target='_blank'><button type=\"button\" id=\"ubtn-6249\" class=\"ubtn ult-adjust-bottom-margin ult-responsive ubtn-normal ubtn-no-hover-bg  none  ubtn-left   tooltip-69e4b645c92d8\"  data-hover=\"\" data-border-color=\"\" data-bg=\"#e0e0e0\" data-hover-bg=\"\" data-border-hover=\"\" data-shadow-hover=\"\" data-shadow-click=\"none\" data-shadow=\"\" data-shd-shadow=\"\"  data-ultimate-target='#ubtn-6249'  data-responsive-json-new='{\"font-size\":\"\",\"line-height\":\"\"}'  style=\"font-weight:normal;border:none;background: #e0e0e0;color: #000000;\"><span class=\"ubtn-hover\" style=\"background-color:\"><\/span><span class=\"ubtn-data ubtn-text \" >Certificado ISO 9001<\/span><\/button><\/a><\/div>[\/vc_column_inner][vc_column_inner width=&#8221;1\/6&#8243;]<div class=\" ubtn-ctn-left \"><a class=\"ubtn-link ult-adjust-bottom-margin ubtn-left ubtn-normal \"  rel='' href = \"https:\/\/www.ionisos.com\/wp-content\/uploads\/2025\/06\/13485.pdf\" target='_blank'><button type=\"button\" id=\"ubtn-1689\" class=\"ubtn ult-adjust-bottom-margin ult-responsive ubtn-normal ubtn-no-hover-bg  none  ubtn-left   tooltip-69e4b645c92f1\"  data-hover=\"\" data-border-color=\"\" data-bg=\"#e0e0e0\" data-hover-bg=\"\" data-border-hover=\"\" data-shadow-hover=\"\" data-shadow-click=\"none\" data-shadow=\"\" data-shd-shadow=\"\"  data-ultimate-target='#ubtn-1689'  data-responsive-json-new='{\"font-size\":\"\",\"line-height\":\"\"}'  style=\"font-weight:normal;border:none;background: #e0e0e0;color: #000000;\"><span class=\"ubtn-hover\" style=\"background-color:\"><\/span><span class=\"ubtn-data ubtn-text \" >Certificado ISO 13485<\/span><\/button><\/a><\/div>[\/vc_column_inner][vc_column_inner width=&#8221;1\/6&#8243;]<div class=\" ubtn-ctn-left \"><a class=\"ubtn-link ult-adjust-bottom-margin ubtn-left ubtn-normal \"  rel='' href = \"https:\/\/www.ionisos.com\/wp-content\/uploads\/2025\/06\/13485-NF.pdf\" target='_blank'><button type=\"button\" id=\"ubtn-8415\" class=\"ubtn ult-adjust-bottom-margin ult-responsive ubtn-normal ubtn-no-hover-bg  none  ubtn-left   tooltip-69e4b645c9309\"  data-hover=\"\" data-border-color=\"\" data-bg=\"#e0e0e0\" data-hover-bg=\"\" data-border-hover=\"\" data-shadow-hover=\"\" data-shadow-click=\"none\" data-shadow=\"\" data-shd-shadow=\"\"  data-ultimate-target='#ubtn-8415'  data-responsive-json-new='{\"font-size\":\"\",\"line-height\":\"\"}'  style=\"font-weight:normal;border:none;background: #e0e0e0;color: #000000;\"><span class=\"ubtn-hover\" style=\"background-color:\"><\/span><span class=\"ubtn-data ubtn-text \" >Certificat NF EN ISO 13485<\/span><\/button><\/a><\/div>[\/vc_column_inner][vc_column_inner width=&#8221;1\/6&#8243;]<div class=\" ubtn-ctn-left \"><a class=\"ubtn-link ult-adjust-bottom-margin ubtn-left ubtn-normal \"  rel='' href = \"https:\/\/www.ionisos.com\/wp-content\/uploads\/2021\/12\/Certificat-14001-tous-sites-09122021.pdf\" target='_blank'><button type=\"button\" id=\"ubtn-5953\" class=\"ubtn ult-adjust-bottom-margin ult-responsive ubtn-normal ubtn-no-hover-bg  none  ubtn-left   tooltip-69e4b645c9320\"  data-hover=\"\" data-border-color=\"\" data-bg=\"#e0e0e0\" data-hover-bg=\"\" data-border-hover=\"\" data-shadow-hover=\"\" data-shadow-click=\"none\" data-shadow=\"\" data-shd-shadow=\"\"  data-ultimate-target='#ubtn-5953'  data-responsive-json-new='{\"font-size\":\"\",\"line-height\":\"\"}'  style=\"font-weight:normal;border:none;background: #e0e0e0;color: #000000;\"><span class=\"ubtn-hover\" style=\"background-color:\"><\/span><span class=\"ubtn-data ubtn-text \" >Certificado ISO 14001<\/span><\/button><\/a><\/div>[\/vc_column_inner][\/vc_row_inner][vc_row_inner][vc_column_inner width=&#8221;1\/6&#8243;]<div class=\" ubtn-ctn-left \"><a class=\"ubtn-link ult-adjust-bottom-margin ubtn-left ubtn-normal \"  rel='' href = \"https:\/\/www.ionisos.com\/wp-content\/uploads\/2025\/02\/ISO_45001-ENG-C696997-0-20250227.pdf\" target='_blank'><button type=\"button\" id=\"ubtn-2615\" class=\"ubtn ult-adjust-bottom-margin ult-responsive ubtn-normal ubtn-no-hover-bg  none  ubtn-left   tooltip-69e4b645c9337\"  data-hover=\"\" data-border-color=\"\" data-bg=\"#e0e0e0\" data-hover-bg=\"\" data-border-hover=\"\" data-shadow-hover=\"\" data-shadow-click=\"none\" data-shadow=\"\" data-shd-shadow=\"\"  data-ultimate-target='#ubtn-2615'  data-responsive-json-new='{\"font-size\":\"\",\"line-height\":\"\"}'  style=\"font-weight:normal;border:none;background: #e0e0e0;color: #000000;\"><span class=\"ubtn-hover\" style=\"background-color:\"><\/span><span class=\"ubtn-data ubtn-text \" >Certificado ISO 45001<\/span><\/button><\/a><\/div>[\/vc_column_inner][vc_column_inner width=&#8221;1\/6&#8243;]<div class=\" ubtn-ctn-left \"><a class=\"ubtn-link ult-adjust-bottom-margin ubtn-left ubtn-normal \"  rel='' href = \"https:\/\/www.ionisos.com\/wp-content\/uploads\/2023\/03\/IONISOS-Pouzauges-Certificat-enregistrement-Japon-ref-BG21000397-DM-DFV-13-04-2027-.pdf\" target='_blank'><button type=\"button\" id=\"ubtn-8773\" class=\"ubtn ult-adjust-bottom-margin ult-responsive ubtn-normal ubtn-no-hover-bg  none  ubtn-left   tooltip-69e4b645c9352\"  data-hover=\"\" data-border-color=\"\" data-bg=\"#e0e0e0\" data-hover-bg=\"\" data-border-hover=\"\" data-shadow-hover=\"\" data-shadow-click=\"none\" data-shadow=\"\" data-shd-shadow=\"\"  data-ultimate-target='#ubtn-8773'  data-responsive-json-new='{\"font-size\":\"\",\"line-height\":\"\"}'  style=\"font-weight:normal;border:none;background: #e0e0e0;color: #000000;\"><span class=\"ubtn-hover\" style=\"background-color:\"><\/span><span class=\"ubtn-data ubtn-text \" >Certificado de registro de Jap\u00f3n<\/span><\/button><\/a><\/div>[\/vc_column_inner][vc_column_inner width=&#8221;1\/6&#8243;]<div class=\" ubtn-ctn-left \"><a class=\"ubtn-link ult-adjust-bottom-margin ubtn-left ubtn-normal \"  rel='' href = \"https:\/\/www.ionisos.com\/wp-content\/uploads\/2025\/10\/miaPrintedVersion_8712376411286218167.pdf\" target='_blank'><button type=\"button\" id=\"ubtn-8138\" class=\"ubtn ult-adjust-bottom-margin ult-responsive ubtn-normal ubtn-no-hover-bg  none  ubtn-left   tooltip-69e4b645c9383\"  data-hover=\"\" data-border-color=\"\" data-bg=\"#e0e0e0\" data-hover-bg=\"\" data-border-hover=\"\" data-shadow-hover=\"\" data-shadow-click=\"none\" data-shadow=\"\" data-shd-shadow=\"\"  data-ultimate-target='#ubtn-8138'  data-responsive-json-new='{\"font-size\":\"\",\"line-height\":\"\"}'  style=\"font-weight:normal;border:none;background: #e0e0e0;color: #000000;\"><span class=\"ubtn-hover\" style=\"background-color:\"><\/span><span class=\"ubtn-data ubtn-text \" >Autorizaci\u00f3n de fabricaci\u00f3n de medicamentos veterinarios<\/span><\/button><\/a><\/div>[\/vc_column_inner][vc_column_inner width=&#8221;1\/6&#8243;]<div class=\" ubtn-ctn-left \"><a class=\"ubtn-link ult-adjust-bottom-margin ubtn-left ubtn-normal \"  rel='' href = \"https:\/\/www.ionisos.com\/wp-content\/uploads\/2023\/03\/IONISOS-Pouzauges-_Certificat-enregistrement-Japon-Medicaments-pour-animaux-DFV-2028-03-02.pdf\" target='_blank'><button type=\"button\" id=\"ubtn-8968\" class=\"ubtn ult-adjust-bottom-margin ult-responsive ubtn-normal ubtn-no-hover-bg  none  ubtn-left   tooltip-69e4b645c93a5\"  data-hover=\"\" data-border-color=\"\" data-bg=\"#e0e0e0\" data-hover-bg=\"\" data-border-hover=\"\" data-shadow-hover=\"\" data-shadow-click=\"none\" data-shadow=\"\" data-shd-shadow=\"\"  data-ultimate-target='#ubtn-8968'  data-responsive-json-new='{\"font-size\":\"\",\"line-height\":\"\"}'  style=\"font-weight:normal;border:none;background: #e0e0e0;color: #000000;\"><span class=\"ubtn-hover\" style=\"background-color:\"><\/span><span class=\"ubtn-data ubtn-text \" >Certificado de registro en Jap\u00f3n - Medicamento para animales<\/span><\/button><\/a><\/div>[\/vc_column_inner][vc_column_inner width=&#8221;1\/6&#8243;][\/vc_column_inner][vc_column_inner width=&#8221;1\/6&#8243;][\/vc_column_inner][\/vc_row_inner][\/vc_column][\/vc_row][vc_row][vc_column width=&#8221;1\/1&#8243;]<div class=\"spacer\" style=\"height: 20px;\"><\/div><div class=\" ubtn-ctn-center \"><a class=\"ubtn-link ult-adjust-bottom-margin ubtn-center ubtn-large \"  rel='' href = \"https:\/\/www.ionisos.com\/es\/nuestros-sitios\/\" ><button type=\"button\" id=\"ubtn-1167\" class=\"ubtn ult-adjust-bottom-margin ult-responsive ubtn-large ubtn-no-hover-bg  none  ubtn-sep-icon ubtn-sep-icon-at-left  ubtn-center   tooltip-69e4b645c93d1\"  data-hover=\"\" data-border-color=\"\" data-bg=\"#707070\" data-hover-bg=\"\" data-border-hover=\"\" data-shadow-hover=\"\" data-shadow-click=\"none\" data-shadow=\"\" data-shd-shadow=\"\"  data-ultimate-target='#ubtn-1167'  data-responsive-json-new='{\"font-size\":\"\",\"line-height\":\"\"}'  style=\"font-weight:normal;border:none;background: #707070;color: #ffffff;\"><span class=\"ubtn-data ubtn-icon\"><i class=\"Defaults-chevron-left\" style=\"font-size:20px;color:;\"><\/i><\/span><span class=\"ubtn-hover\" style=\"background-color:\"><\/span><span class=\"ubtn-data ubtn-text \" >Volver a la lista de sitios<\/span><\/button><\/a><\/div><div class=\"spacer\" style=\"height: 60px;\"><\/div>[\/vc_column][\/vc_row]<\/p>\n","protected":false},"excerpt":{"rendered":"<p>[vc_row bg_image=&#8221;24215&#8243; bg_repeat=&#8221;no-repeat&#8221; text_color=&#8221;light&#8221; text_align=&#8221;center&#8221; top_padding=&#8221;100&#8243; bottom_padding=&#8221;100&#8243;][vc_column width=&#8221;1\/1&#8243;][\/vc_column][\/vc_row][vc_row][vc_column width=&#8221;1\/1&#8243;][vc_raw_html]PGlmcmFtZSBzdHlsZT0iYm9yZGVyOiAwOyIgc3JjPSJodHRwczovL3d3dy5nb29nbGUuY29tL21hcHMvZW1iZWQ\/cGI9ITFtMTghMW0xMiExbTMhMWQyNzMyLjY3MzU0ODA0Nzk3MDYhMmQtMC44NDMxMjcyMjE5Mjk3NDQ5ITNkNDYuNzcxMzMwODQ1MjgwMjghMm0zITFmMCEyZjAhM2YwITNtMiExaTEwMjQhMmk3NjghNGYxMy4xITNtMyExbTIhMXMweDQ4MDZmNzhjZmM1OWVjNGQlM0EweGE4NDNmNmM5OGMzMzIxMGYhMnNJb25pc29zJTIwLSUyMFBvdXphdWdlcyE1ZTAhM20yITFzZnIhMnNmciE0djE3MDM3NjkzMzk5NzIhNW0yITFzZnIhMnNmciIgd2lkdGg9IjEwMCUiIGhlaWdodD0iMzAwIiBhbGxvd2Z1bGxzY3JlZW49ImFsbG93ZnVsbHNjcmVlbiI+PC9pZnJhbWU+[\/vc_raw_html][\/vc_column][\/vc_row][vc_row][vc_column width=&#8221;1\/3&#8243;][vc_column_text]Direcci\u00f3n31 Rue Ren\u00e9 Truhaut85700 PouzaugesFRANCIA[\/vc_column_text][\/vc_column][vc_column width=&#8221;1\/3&#8243;][vc_column_text]Caracter\u00edsticas del sitio [\/vc_column_text][vc_raw_html]Jm5ic3A7PGJyPjx0YWJsZSBib3JkZXI9IjEiIHdpZHRoPSIxMDAlIj4NCjx0Ym9keT4NCjx0cj4NCjx0ZD5UaXBvOjwvdGQ+DQo8dGQ+SXJyYWRpYWRvcjwvdGQ+DQo8L3RyPg0KPHRyPg0KPHRkPkRpbWVuc2lvbmVzIGRlIHBhbGV0YXM6PC90ZD4NCjx0ZD4xMDAwIHggMTIwMCB4IDE3NTAgbW08L3RkPg0KPC90cj4NCjx0cj4NCjx0ZD5QZXNvIG3DoXhpbW8gZGUgbGFzIHBhbGV0YXM6PC90ZD4NCjx0ZD4xMDAwIGtnPC90ZD4NCjwvdHI+DQo8L3Rib2R5Pg0KPC90YWJsZT4=[\/vc_raw_html][\/vc_column][vc_column text_color=&#8221;light&#8221; text_align=&#8221;center&#8221; width=&#8221;1\/3&#8243;][\/vc_column][\/vc_row][vc_row][vc_column width=&#8221;1\/1&#8243;][vc_column_text]Certificados[\/vc_column_text][vc_row_inner][vc_column_inner width=&#8221;1\/6&#8243;][\/vc_column_inner][vc_column_inner width=&#8221;1\/6&#8243;][\/vc_column_inner][vc_column_inner width=&#8221;1\/6&#8243;][\/vc_column_inner][vc_column_inner width=&#8221;1\/6&#8243;][\/vc_column_inner][vc_column_inner width=&#8221;1\/6&#8243;][\/vc_column_inner][vc_column_inner width=&#8221;1\/6&#8243;][\/vc_column_inner][\/vc_row_inner][vc_row_inner][vc_column_inner width=&#8221;1\/6&#8243;][\/vc_column_inner][vc_column_inner width=&#8221;1\/6&#8243;][\/vc_column_inner][vc_column_inner width=&#8221;1\/6&#8243;][\/vc_column_inner][vc_column_inner width=&#8221;1\/6&#8243;][\/vc_column_inner][vc_column_inner width=&#8221;1\/6&#8243;][\/vc_column_inner][vc_column_inner width=&#8221;1\/6&#8243;][\/vc_column_inner][\/vc_row_inner][\/vc_column][\/vc_row][vc_row][vc_column width=&#8221;1\/1&#8243;][\/vc_column][\/vc_row]<\/p>\n","protected":false},"author":1,"featured_media":0,"parent":16438,"menu_order":0,"comment_status":"closed","ping_status":"closed","template":"","meta":{"inline_featured_image":false,"footnotes":""},"class_list":["post-24387","page","type-page","status-publish","hentry"],"yoast_head":"<!-- This site is optimized with the Yoast SEO plugin v26.3 - https:\/\/yoast.com\/wordpress\/plugins\/seo\/ -->\n<title>Pouzauges - Ionisos<\/title>\n<meta name=\"description\" content=\"El sitio de Ionisos en Dagneux (Vend\u00e9e- Francia) est\u00e1 especializado en la esterilizaci\u00f3n mediante radiaci\u00f3n gamma.\" \/>\n<meta name=\"robots\" content=\"index, follow, max-snippet:-1, max-image-preview:large, max-video-preview:-1\" \/>\n<link rel=\"canonical\" href=\"https:\/\/www.ionisos.com\/nos-sites\/pouzauges\/\" \/>\n<meta property=\"og:locale\" content=\"es_ES\" \/>\n<meta property=\"og:type\" content=\"article\" \/>\n<meta property=\"og:title\" content=\"Pouzauges - Ionisos\" \/>\n<meta property=\"og:description\" content=\"El sitio de Ionisos en Dagneux (Vend\u00e9e- Francia) est\u00e1 especializado en la esterilizaci\u00f3n mediante radiaci\u00f3n gamma.\" \/>\n<meta property=\"og:url\" content=\"https:\/\/www.ionisos.com\/nos-sites\/pouzauges\/\" \/>\n<meta property=\"og:site_name\" content=\"Ionisos\" \/>\n<meta property=\"article:modified_time\" content=\"2025-10-08T07:48:00+00:00\" \/>\n<meta name=\"twitter:card\" content=\"summary_large_image\" \/>\n<meta name=\"twitter:label1\" content=\"Tiempo de lectura\" \/>\n\t<meta name=\"twitter:data1\" content=\"2 minutos\" \/>\n<script type=\"application\/ld+json\" class=\"yoast-schema-graph\">{\"@context\":\"https:\/\/schema.org\",\"@graph\":[{\"@type\":\"WebPage\",\"@id\":\"https:\/\/www.ionisos.com\/nos-sites\/pouzauges\/\",\"url\":\"https:\/\/www.ionisos.com\/nos-sites\/pouzauges\/\",\"name\":\"Pouzauges - Ionisos\",\"isPartOf\":{\"@id\":\"https:\/\/www.ionisos.com\/#website\"},\"datePublished\":\"2023-12-29T09:36:05+00:00\",\"dateModified\":\"2025-10-08T07:48:00+00:00\",\"description\":\"El sitio de Ionisos en Dagneux (Vend\u00e9e- Francia) est\u00e1 especializado en la esterilizaci\u00f3n mediante radiaci\u00f3n gamma.\",\"breadcrumb\":{\"@id\":\"https:\/\/www.ionisos.com\/nos-sites\/pouzauges\/#breadcrumb\"},\"inLanguage\":\"es\",\"potentialAction\":[{\"@type\":\"ReadAction\",\"target\":[\"https:\/\/www.ionisos.com\/nos-sites\/pouzauges\/\"]}]},{\"@type\":\"BreadcrumbList\",\"@id\":\"https:\/\/www.ionisos.com\/nos-sites\/pouzauges\/#breadcrumb\",\"itemListElement\":[{\"@type\":\"ListItem\",\"position\":1,\"name\":\"Accueil\",\"item\":\"https:\/\/www.ionisos.com\/es\/\"},{\"@type\":\"ListItem\",\"position\":2,\"name\":\"Nuestros sitios\",\"item\":\"https:\/\/www.ionisos.com\/es\/nuestros-sitios\/\"},{\"@type\":\"ListItem\",\"position\":3,\"name\":\"Pouzauges\"}]},{\"@type\":\"WebSite\",\"@id\":\"https:\/\/www.ionisos.com\/#website\",\"url\":\"https:\/\/www.ionisos.com\/\",\"name\":\"Ionisos\",\"description\":\"Ionisation par \u00e9lectrons acc\u00e9l\u00e9r\u00e9s, rayons gamma, rayons X et oxyde d&#039;\u00e9thyl\u00e8ne\",\"potentialAction\":[{\"@type\":\"SearchAction\",\"target\":{\"@type\":\"EntryPoint\",\"urlTemplate\":\"https:\/\/www.ionisos.com\/?s={search_term_string}\"},\"query-input\":{\"@type\":\"PropertyValueSpecification\",\"valueRequired\":true,\"valueName\":\"search_term_string\"}}],\"inLanguage\":\"es\"}]}<\/script>\n<!-- \/ Yoast SEO plugin. -->","yoast_head_json":{"title":"Pouzauges - Ionisos","description":"El sitio de Ionisos en Dagneux (Vend\u00e9e- Francia) est\u00e1 especializado en la esterilizaci\u00f3n mediante radiaci\u00f3n gamma.","robots":{"index":"index","follow":"follow","max-snippet":"max-snippet:-1","max-image-preview":"max-image-preview:large","max-video-preview":"max-video-preview:-1"},"canonical":"https:\/\/www.ionisos.com\/nos-sites\/pouzauges\/","og_locale":"es_ES","og_type":"article","og_title":"Pouzauges - Ionisos","og_description":"El sitio de Ionisos en Dagneux (Vend\u00e9e- Francia) est\u00e1 especializado en la esterilizaci\u00f3n mediante radiaci\u00f3n gamma.","og_url":"https:\/\/www.ionisos.com\/nos-sites\/pouzauges\/","og_site_name":"Ionisos","article_modified_time":"2025-10-08T07:48:00+00:00","twitter_card":"summary_large_image","twitter_misc":{"Tiempo de lectura":"2 minutos"},"schema":{"@context":"https:\/\/schema.org","@graph":[{"@type":"WebPage","@id":"https:\/\/www.ionisos.com\/nos-sites\/pouzauges\/","url":"https:\/\/www.ionisos.com\/nos-sites\/pouzauges\/","name":"Pouzauges - Ionisos","isPartOf":{"@id":"https:\/\/www.ionisos.com\/#website"},"datePublished":"2023-12-29T09:36:05+00:00","dateModified":"2025-10-08T07:48:00+00:00","description":"El sitio de Ionisos en Dagneux (Vend\u00e9e- Francia) est\u00e1 especializado en la esterilizaci\u00f3n mediante radiaci\u00f3n gamma.","breadcrumb":{"@id":"https:\/\/www.ionisos.com\/nos-sites\/pouzauges\/#breadcrumb"},"inLanguage":"es","potentialAction":[{"@type":"ReadAction","target":["https:\/\/www.ionisos.com\/nos-sites\/pouzauges\/"]}]},{"@type":"BreadcrumbList","@id":"https:\/\/www.ionisos.com\/nos-sites\/pouzauges\/#breadcrumb","itemListElement":[{"@type":"ListItem","position":1,"name":"Accueil","item":"https:\/\/www.ionisos.com\/es\/"},{"@type":"ListItem","position":2,"name":"Nuestros sitios","item":"https:\/\/www.ionisos.com\/es\/nuestros-sitios\/"},{"@type":"ListItem","position":3,"name":"Pouzauges"}]},{"@type":"WebSite","@id":"https:\/\/www.ionisos.com\/#website","url":"https:\/\/www.ionisos.com\/","name":"Ionisos","description":"Ionisation par \u00e9lectrons acc\u00e9l\u00e9r\u00e9s, rayons gamma, rayons X et oxyde d&#039;\u00e9thyl\u00e8ne","potentialAction":[{"@type":"SearchAction","target":{"@type":"EntryPoint","urlTemplate":"https:\/\/www.ionisos.com\/?s={search_term_string}"},"query-input":{"@type":"PropertyValueSpecification","valueRequired":true,"valueName":"search_term_string"}}],"inLanguage":"es"}]}},"_links":{"self":[{"href":"https:\/\/www.ionisos.com\/es\/wp-json\/wp\/v2\/pages\/24387","targetHints":{"allow":["GET"]}}],"collection":[{"href":"https:\/\/www.ionisos.com\/es\/wp-json\/wp\/v2\/pages"}],"about":[{"href":"https:\/\/www.ionisos.com\/es\/wp-json\/wp\/v2\/types\/page"}],"author":[{"embeddable":true,"href":"https:\/\/www.ionisos.com\/es\/wp-json\/wp\/v2\/users\/1"}],"replies":[{"embeddable":true,"href":"https:\/\/www.ionisos.com\/es\/wp-json\/wp\/v2\/comments?post=24387"}],"version-history":[{"count":14,"href":"https:\/\/www.ionisos.com\/es\/wp-json\/wp\/v2\/pages\/24387\/revisions"}],"predecessor-version":[{"id":27369,"href":"https:\/\/www.ionisos.com\/es\/wp-json\/wp\/v2\/pages\/24387\/revisions\/27369"}],"up":[{"embeddable":true,"href":"https:\/\/www.ionisos.com\/es\/wp-json\/wp\/v2\/pages\/16438"}],"wp:attachment":[{"href":"https:\/\/www.ionisos.com\/es\/wp-json\/wp\/v2\/media?parent=24387"}],"curies":[{"name":"wp","href":"https:\/\/api.w.org\/{rel}","templated":true}]}}