 {"id":24352,"date":"2023-12-29T09:46:52","date_gmt":"2023-12-29T08:46:52","guid":{"rendered":"https:\/\/www.ionisos.com\/nuestros-sitios\/daniken\/"},"modified":"2025-06-27T15:47:50","modified_gmt":"2025-06-27T13:47:50","slug":"daniken","status":"publish","type":"page","link":"https:\/\/www.ionisos.com\/es\/nuestros-sitios\/daniken\/","title":{"rendered":"D\u00e4niken"},"content":{"rendered":"<p>[vc_row bg_image=&#8221;24191&#8243; bg_repeat=&#8221;no-repeat&#8221; text_color=&#8221;light&#8221; text_align=&#8221;center&#8221; top_padding=&#8221;100&#8243; bottom_padding=&#8221;100&#8243;][vc_column width=&#8221;1\/1&#8243;]<h1 class=\"headline font-special fontsize-xxxl fontweight-inherit lh-inherit align-center transform-uppercase \" style=\"margin: 0;\"><strong>D\u00e4niken<\/strong><\/h1>[\/vc_column][\/vc_row][vc_row][vc_column width=&#8221;1\/1&#8243;]<div class=\"spacer\" style=\"height: 60px;\"><\/div>[vc_raw_html]PGlmcmFtZSBzdHlsZT0iYm9yZGVyOiAwOyIgc3JjPSJodHRwczovL3d3dy5nb29nbGUuY29tL21hcHMvZW1iZWQ\/cGI9ITFtMTghMW0xMiExbTMhMWQyNzAyLjk2NDU3MzUxMTk5OCEyZDcuOTY1ODgxODc4MDgwNTUyITNkNDcuMzU0MDg5NjA1Mzc4ITJtMyExZjAhMmYwITNmMCEzbTIhMWkxMDI0ITJpNzY4ITRmMTMuMSEzbTMhMW0yITFzMHg0NzkwM2I3YmRhMDE5NmMzJTNBMHg3YTU2NzRiNTVkYzM3NjZkITJzSW9uaXNvcyUyMC0lMjBEJUMzJUE0bmlrZW4hNWUwITNtMiExc2ZyITJzZnIhNHYxNzAzMDkwMTgyMzU3ITVtMiExc2ZyITJzZnIiIHdpZHRoPSIxMDAlIiBoZWlnaHQ9IjMwMCIgYWxsb3dmdWxsc2NyZWVuPSJhbGxvd2Z1bGxzY3JlZW4iPjwvaWZyYW1lPg==[\/vc_raw_html]<div class=\"spacer\" style=\"height: 60px;\"><\/div>[\/vc_column][\/vc_row][vc_row][vc_column width=&#8221;1\/3&#8243;][vc_column_text]<strong>Direcci\u00f3n<\/strong><br \/>\n<span class=\"ui-provider fz b c d e f g h i j k l m n o p q r s t u v w x y z ab ac ae af ag ah ai aj ak\" dir=\"ltr\">Hogenweidstrasse 2<br \/>\n4658 D\u00e4niken<br \/>\nSUIZA<\/span>[\/vc_column_text]<div class=\"uavc-list-icon uavc-list-icon-wrapper ult-adjust-bottom-margin   \"><ul class=\"uavc-list\"><li><div class=\"uavc-list-content\" id=\"list-icon-wrap-5553\">\n<div class=\"uavc-list-icon  \" data-animation=\"\" data-animation-delay=\"03\" style=\"margin-right:20px;\"><div class=\"ult-just-icon-wrapper  \"><div class=\"align-icon\" style=\"text-align:center;\">\n<div class=\"aio-icon none \"  style=\"color:#ea5045;font-size:30px;display:inline-block;\">\n\t<i class=\"Defaults-phone\"><\/i>\n<\/div><\/div><\/div>\n<\/div><span  data-ultimate-target='#list-icon-wrap-5553 .uavc-list-desc'  data-responsive-json-new='{\"font-size\":\"\",\"line-height\":\"\"}'  class=\"uavc-list-desc ult-responsive\" style=\"\">+41 32 560 36 60<\/span><\/div><\/li><li><div class=\"uavc-list-content\" id=\"list-icon-wrap-4248\">\n<div class=\"uavc-list-icon  \" data-animation=\"\" data-animation-delay=\"03\" style=\"margin-right:20px;\"><div class=\"ult-just-icon-wrapper  \"><div class=\"align-icon\" style=\"text-align:center;\">\n<div class=\"aio-icon none \"  style=\"color:#ea5045;font-size:30px;display:inline-block;\">\n\t<i class=\"Defaults-envelope-o\"><\/i>\n<\/div><\/div><\/div>\n<\/div><span  data-ultimate-target='#list-icon-wrap-4248 .uavc-list-desc'  data-responsive-json-new='{\"font-size\":\"\",\"line-height\":\"\"}'  class=\"uavc-list-desc ult-responsive\" style=\"\"><a href=\"mailto:info@ionisos.com\">info@ionisos.com<\/a><\/span><\/div><\/li><\/ul><\/div>[\/vc_column][vc_column width=&#8221;1\/3&#8243;][vc_column_text]<strong>Caracter\u00edsticas del sitio<\/strong><\/p>\n<a href=\"https:\/\/www.ionisos.com\/es\/nuestras-actividades\/tratamiento-beta\/\" target=\"_self\" class=\"button custom small \" style=\"background-color: #EA5045; border-color: #EA5045;border-radius: 2px;\">Rayos Beta<\/a>[\/vc_column_text][vc_raw_html]Jm5ic3A7DQo8dGFibGUgYm9yZGVyPSIxIiB3aWR0aD0iMTAwJSI+DQo8dGJvZHk+DQo8dHI+DQo8dGQ+VGlwbzo8L3RkPg0KPHRkPkViZWFtPC90ZD4NCjwvdHI+DQo8dHI+DQo8dGQ+Tml2ZWwgZGUgZW5lcmfDrWEgb3BlcmFjaW9uYWw6PC90ZD4NCjx0ZD4xMCBNZVYsIDI4IGtXPC90ZD4NCjwvdHI+DQo8dHI+DQo8dGQ+VGlwbyBkZSBoYXo6PC90ZD4NCjx0ZD5WZXJ0aWNhbDwvdGQ+DQo8L3RyPg0KPHRyPg0KPHRkPkRpbWVuc2lvbmVzIGRlIGxhcyBjYWphczo8L3RkPg0KPHRkPjEwMDAgeCAxMjAwIHggNTAwIG1tPC90ZD4NCjwvdHI+DQo8dHI+DQo8dGQ+UGVzbyBtw6F4aW1vIGRlIGxhcyBjYWphczo8L3RkPg0KPHRkPjEyMCBrZzwvdGQ+DQo8L3RyPg0KPC90Ym9keT4NCjwvdGFibGU+[\/vc_raw_html][\/vc_column][vc_column text_color=&#8221;light&#8221; text_align=&#8221;center&#8221; width=&#8221;1\/3&#8243;]<div class=\" ubtn-ctn-left \"><a class=\"ubtn-link ult-adjust-bottom-margin ubtn-left ubtn-large \"  rel='' href = \"https:\/\/www.ionisos.com\/es\/contacto\/\" ><button type=\"button\" id=\"ubtn-1939\" class=\"ubtn ult-adjust-bottom-margin ult-responsive ubtn-large ubtn-no-hover-bg  none  ubtn-sep-icon ubtn-sep-icon-bottom-push  ubtn-left   tooltip-69ded375396da\"  data-hover=\"\" data-border-color=\"\" data-bg=\"#ea5045\" data-hover-bg=\"\" data-border-hover=\"\" data-shadow-hover=\"\" data-shadow-click=\"none\" data-shadow=\"\" data-shd-shadow=\"\"  data-ultimate-target='#ubtn-1939'  data-responsive-json-new='{\"font-size\":\"\",\"line-height\":\"\"}'  style=\"font-weight:normal;border:none;background: #ea5045;color: #ffffff;\"><span class=\"ubtn-data ubtn-icon\"><i class=\"Defaults-envelope-o\" style=\"font-size:32px;color:;\"><\/i><\/span><span class=\"ubtn-hover\" style=\"background-color:\"><\/span><span class=\"ubtn-data ubtn-text \" >Contacte a nuestros equipos de expertos para obtener m\u00e1s informaci\u00f3n sobre nuestras ofertas<\/span><\/button><\/a><\/div>[\/vc_column][\/vc_row][vc_row][vc_column width=&#8221;1\/1&#8243;]<div class=\"spacer\" style=\"height: 60px;\"><\/div>[vc_column_text]<strong>Certificados<\/strong>[\/vc_column_text][vc_row_inner][vc_column_inner width=&#8221;1\/6&#8243;]<div class=\" ubtn-ctn-left \"><a class=\"ubtn-link ult-adjust-bottom-margin ubtn-left ubtn-normal \"  rel='' href = \"https:\/\/www.ionisos.com\/wp-content\/uploads\/2024\/05\/2024_05_02-Swissmedic-Bewilligung.pdf\" target='_blank'><button type=\"button\" id=\"ubtn-4784\" class=\"ubtn ult-adjust-bottom-margin ult-responsive ubtn-normal ubtn-no-hover-bg  none  ubtn-left   tooltip-69ded37539720\"  data-hover=\"\" data-border-color=\"\" data-bg=\"#e0e0e0\" data-hover-bg=\"\" data-border-hover=\"\" data-shadow-hover=\"\" data-shadow-click=\"none\" data-shadow=\"\" data-shd-shadow=\"\"  data-ultimate-target='#ubtn-4784'  data-responsive-json-new='{\"font-size\":\"\",\"line-height\":\"\"}'  style=\"font-weight:normal;border:none;background: #e0e0e0;color: #000000;\"><span class=\"ubtn-hover\" style=\"background-color:\"><\/span><span class=\"ubtn-data ubtn-text \" >Certificacado Swissmedic<\/span><\/button><\/a><\/div>[\/vc_column_inner][vc_column_inner width=&#8221;1\/6&#8243;]<div class=\" ubtn-ctn-left \"><a class=\"ubtn-link ult-adjust-bottom-margin ubtn-left ubtn-normal \"  rel='' href = \"https:\/\/www.ionisos.com\/wp-content\/uploads\/2025\/06\/GMP_MP-EBD_Irradiation_Services_AG-1106784-20250627.pdf\" target='_blank'><button type=\"button\" id=\"ubtn-4560\" class=\"ubtn ult-adjust-bottom-margin ult-responsive ubtn-normal ubtn-no-hover-bg  none  ubtn-left   tooltip-69ded3753973b\"  data-hover=\"\" data-border-color=\"\" data-bg=\"#e0e0e0\" data-hover-bg=\"\" data-border-hover=\"\" data-shadow-hover=\"\" data-shadow-click=\"none\" data-shadow=\"\" data-shd-shadow=\"\"  data-ultimate-target='#ubtn-4560'  data-responsive-json-new='{\"font-size\":\"\",\"line-height\":\"\"}'  style=\"font-weight:normal;border:none;background: #e0e0e0;color: #000000;\"><span class=\"ubtn-hover\" style=\"background-color:\"><\/span><span class=\"ubtn-data ubtn-text \" >Certificacado GMP Swissmedic<\/span><\/button><\/a><\/div>[\/vc_column_inner][vc_column_inner width=&#8221;1\/6&#8243;]<div class=\" ubtn-ctn-left \"><a class=\"ubtn-link ult-adjust-bottom-margin ubtn-left ubtn-normal \"  rel='' href = \"https:\/\/www.ionisos.com\/wp-content\/uploads\/2025\/06\/9001.pdf\" target='_blank'><button type=\"button\" id=\"ubtn-6400\" class=\"ubtn ult-adjust-bottom-margin ult-responsive ubtn-normal ubtn-no-hover-bg  none  ubtn-left   tooltip-69ded37539753\"  data-hover=\"\" data-border-color=\"\" data-bg=\"#e0e0e0\" data-hover-bg=\"\" data-border-hover=\"\" data-shadow-hover=\"\" data-shadow-click=\"none\" data-shadow=\"\" data-shd-shadow=\"\"  data-ultimate-target='#ubtn-6400'  data-responsive-json-new='{\"font-size\":\"\",\"line-height\":\"\"}'  style=\"font-weight:normal;border:none;background: #e0e0e0;color: #000000;\"><span class=\"ubtn-hover\" style=\"background-color:\"><\/span><span class=\"ubtn-data ubtn-text \" >Certificado ISO 9001<\/span><\/button><\/a><\/div>[\/vc_column_inner][vc_column_inner width=&#8221;1\/6&#8243;]<div class=\" ubtn-ctn-left \"><a class=\"ubtn-link ult-adjust-bottom-margin ubtn-left ubtn-normal \"  rel='' href = \"https:\/\/www.ionisos.com\/wp-content\/uploads\/2025\/06\/13485.pdf\" target='_blank'><button type=\"button\" id=\"ubtn-5062\" class=\"ubtn ult-adjust-bottom-margin ult-responsive ubtn-normal ubtn-no-hover-bg  none  ubtn-left   tooltip-69ded3753976c\"  data-hover=\"\" data-border-color=\"\" data-bg=\"#e0e0e0\" data-hover-bg=\"\" data-border-hover=\"\" data-shadow-hover=\"\" data-shadow-click=\"none\" data-shadow=\"\" data-shd-shadow=\"\"  data-ultimate-target='#ubtn-5062'  data-responsive-json-new='{\"font-size\":\"\",\"line-height\":\"\"}'  style=\"font-weight:normal;border:none;background: #e0e0e0;color: #000000;\"><span class=\"ubtn-hover\" style=\"background-color:\"><\/span><span class=\"ubtn-data ubtn-text \" >Certificado ISO 13485<\/span><\/button><\/a><\/div>[\/vc_column_inner][vc_column_inner width=&#8221;1\/6&#8243;]<div class=\" ubtn-ctn-left \"><a class=\"ubtn-link ult-adjust-bottom-margin ubtn-left ubtn-normal \"  rel='' href = \"https:\/\/www.ionisos.com\/wp-content\/uploads\/2025\/02\/ISO_45001-ENG-C696997-0-20250227.pdf\" target='_blank'><button type=\"button\" id=\"ubtn-2442\" class=\"ubtn ult-adjust-bottom-margin ult-responsive ubtn-normal ubtn-no-hover-bg  none  ubtn-left   tooltip-69ded37539783\"  data-hover=\"\" data-border-color=\"\" data-bg=\"#e0e0e0\" data-hover-bg=\"\" data-border-hover=\"\" data-shadow-hover=\"\" data-shadow-click=\"none\" data-shadow=\"\" data-shd-shadow=\"\"  data-ultimate-target='#ubtn-2442'  data-responsive-json-new='{\"font-size\":\"\",\"line-height\":\"\"}'  style=\"font-weight:normal;border:none;background: #e0e0e0;color: #000000;\"><span class=\"ubtn-hover\" style=\"background-color:\"><\/span><span class=\"ubtn-data ubtn-text \" >Certificado ISO 45001<\/span><\/button><\/a><\/div>[\/vc_column_inner][vc_column_inner width=&#8221;1\/6&#8243;]<div class=\" ubtn-ctn-left \"><a class=\"ubtn-link ult-adjust-bottom-margin ubtn-left ubtn-normal \"  rel='' href = \"https:\/\/www.ionisos.com\/wp-content\/uploads\/2024\/06\/ISCC_PLUS_certificate_3090.pdf\" target='_blank'><button type=\"button\" id=\"ubtn-1287\" class=\"ubtn ult-adjust-bottom-margin ult-responsive ubtn-normal ubtn-no-hover-bg  none  ubtn-left   tooltip-69ded37539799\"  data-hover=\"\" data-border-color=\"\" data-bg=\"#e0e0e0\" data-hover-bg=\"\" data-border-hover=\"\" data-shadow-hover=\"\" data-shadow-click=\"none\" data-shadow=\"\" data-shd-shadow=\"\"  data-ultimate-target='#ubtn-1287'  data-responsive-json-new='{\"font-size\":\"\",\"line-height\":\"\"}'  style=\"font-weight:normal;border:none;background: #e0e0e0;color: #000000;\"><span class=\"ubtn-hover\" style=\"background-color:\"><\/span><span class=\"ubtn-data ubtn-text \" >Certificacado ISCC PLUS<\/span><\/button><\/a><\/div>[\/vc_column_inner][\/vc_row_inner][\/vc_column][\/vc_row][vc_row][vc_column width=&#8221;1\/1&#8243;]<div class=\"spacer\" style=\"height: 20px;\"><\/div><div class=\" ubtn-ctn-center \"><a class=\"ubtn-link ult-adjust-bottom-margin ubtn-center ubtn-large \"  rel='' href = \"https:\/\/www.ionisos.com\/es\/nuestros-sitios\/\" ><button type=\"button\" id=\"ubtn-6994\" class=\"ubtn ult-adjust-bottom-margin ult-responsive ubtn-large ubtn-no-hover-bg  none  ubtn-sep-icon ubtn-sep-icon-at-left  ubtn-center   tooltip-69ded375397c0\"  data-hover=\"\" data-border-color=\"\" data-bg=\"#707070\" data-hover-bg=\"\" data-border-hover=\"\" data-shadow-hover=\"\" data-shadow-click=\"none\" data-shadow=\"\" data-shd-shadow=\"\"  data-ultimate-target='#ubtn-6994'  data-responsive-json-new='{\"font-size\":\"\",\"line-height\":\"\"}'  style=\"font-weight:normal;border:none;background: #707070;color: #ffffff;\"><span class=\"ubtn-data ubtn-icon\"><i class=\"Defaults-chevron-left\" style=\"font-size:20px;color:;\"><\/i><\/span><span class=\"ubtn-hover\" style=\"background-color:\"><\/span><span class=\"ubtn-data ubtn-text \" >Volver a la lista de sitios<\/span><\/button><\/a><\/div><div class=\"spacer\" style=\"height: 60px;\"><\/div>[\/vc_column][\/vc_row]<\/p>\n","protected":false},"excerpt":{"rendered":"<p>[vc_row bg_image=&#8221;24191&#8243; bg_repeat=&#8221;no-repeat&#8221; text_color=&#8221;light&#8221; text_align=&#8221;center&#8221; top_padding=&#8221;100&#8243; bottom_padding=&#8221;100&#8243;][vc_column width=&#8221;1\/1&#8243;][\/vc_column][\/vc_row][vc_row][vc_column width=&#8221;1\/1&#8243;][vc_raw_html]PGlmcmFtZSBzdHlsZT0iYm9yZGVyOiAwOyIgc3JjPSJodHRwczovL3d3dy5nb29nbGUuY29tL21hcHMvZW1iZWQ\/cGI9ITFtMTghMW0xMiExbTMhMWQyNzAyLjk2NDU3MzUxMTk5OCEyZDcuOTY1ODgxODc4MDgwNTUyITNkNDcuMzU0MDg5NjA1Mzc4ITJtMyExZjAhMmYwITNmMCEzbTIhMWkxMDI0ITJpNzY4ITRmMTMuMSEzbTMhMW0yITFzMHg0NzkwM2I3YmRhMDE5NmMzJTNBMHg3YTU2NzRiNTVkYzM3NjZkITJzSW9uaXNvcyUyMC0lMjBEJUMzJUE0bmlrZW4hNWUwITNtMiExc2ZyITJzZnIhNHYxNzAzMDkwMTgyMzU3ITVtMiExc2ZyITJzZnIiIHdpZHRoPSIxMDAlIiBoZWlnaHQ9IjMwMCIgYWxsb3dmdWxsc2NyZWVuPSJhbGxvd2Z1bGxzY3JlZW4iPjwvaWZyYW1lPg==[\/vc_raw_html][\/vc_column][\/vc_row][vc_row][vc_column width=&#8221;1\/3&#8243;][vc_column_text]Direcci\u00f3n Hogenweidstrasse 2 4658 D\u00e4niken SUIZA[\/vc_column_text][\/vc_column][vc_column width=&#8221;1\/3&#8243;][vc_column_text]Caracter\u00edsticas del sitio [\/vc_column_text][vc_raw_html]Jm5ic3A7DQo8dGFibGUgYm9yZGVyPSIxIiB3aWR0aD0iMTAwJSI+DQo8dGJvZHk+DQo8dHI+DQo8dGQ+VGlwbzo8L3RkPg0KPHRkPkViZWFtPC90ZD4NCjwvdHI+DQo8dHI+DQo8dGQ+Tml2ZWwgZGUgZW5lcmfDrWEgb3BlcmFjaW9uYWw6PC90ZD4NCjx0ZD4xMCBNZVYsIDI4IGtXPC90ZD4NCjwvdHI+DQo8dHI+DQo8dGQ+VGlwbyBkZSBoYXo6PC90ZD4NCjx0ZD5WZXJ0aWNhbDwvdGQ+DQo8L3RyPg0KPHRyPg0KPHRkPkRpbWVuc2lvbmVzIGRlIGxhcyBjYWphczo8L3RkPg0KPHRkPjEwMDAgeCAxMjAwIHggNTAwIG1tPC90ZD4NCjwvdHI+DQo8dHI+DQo8dGQ+UGVzbyBtw6F4aW1vIGRlIGxhcyBjYWphczo8L3RkPg0KPHRkPjEyMCBrZzwvdGQ+DQo8L3RyPg0KPC90Ym9keT4NCjwvdGFibGU+[\/vc_raw_html][\/vc_column][vc_column text_color=&#8221;light&#8221; text_align=&#8221;center&#8221; width=&#8221;1\/3&#8243;][\/vc_column][\/vc_row][vc_row][vc_column width=&#8221;1\/1&#8243;][vc_column_text]Certificados[\/vc_column_text][vc_row_inner][vc_column_inner width=&#8221;1\/6&#8243;][\/vc_column_inner][vc_column_inner width=&#8221;1\/6&#8243;][\/vc_column_inner][vc_column_inner width=&#8221;1\/6&#8243;][\/vc_column_inner][vc_column_inner width=&#8221;1\/6&#8243;][\/vc_column_inner][vc_column_inner width=&#8221;1\/6&#8243;][\/vc_column_inner][vc_column_inner width=&#8221;1\/6&#8243;][\/vc_column_inner][\/vc_row_inner][\/vc_column][\/vc_row][vc_row][vc_column width=&#8221;1\/1&#8243;][\/vc_column][\/vc_row]<\/p>\n","protected":false},"author":1,"featured_media":0,"parent":16438,"menu_order":0,"comment_status":"closed","ping_status":"closed","template":"","meta":{"inline_featured_image":false,"footnotes":""},"class_list":["post-24352","page","type-page","status-publish","hentry"],"yoast_head":"<!-- This site is optimized with the Yoast SEO plugin v26.3 - https:\/\/yoast.com\/wordpress\/plugins\/seo\/ -->\n<title>D\u00e4niken - Ionisos<\/title>\n<meta name=\"description\" content=\"El sitio de Ionisos en D\u00e4niken (cant\u00f3n de Soleura- distrito de Olten - Suiza) est\u00e1 especializado en la esterilizaci\u00f3n y reticulaci\u00f3n por rayos beta.\" \/>\n<meta name=\"robots\" content=\"index, follow, max-snippet:-1, max-image-preview:large, max-video-preview:-1\" \/>\n<link rel=\"canonical\" href=\"https:\/\/www.ionisos.com\/nos-sites\/daniken\/\" \/>\n<meta property=\"og:locale\" content=\"es_ES\" \/>\n<meta property=\"og:type\" content=\"article\" \/>\n<meta property=\"og:title\" content=\"D\u00e4niken - Ionisos\" \/>\n<meta property=\"og:description\" content=\"El sitio de Ionisos en D\u00e4niken (cant\u00f3n de Soleura- distrito de Olten - Suiza) est\u00e1 especializado en la esterilizaci\u00f3n y reticulaci\u00f3n por rayos beta.\" \/>\n<meta property=\"og:url\" content=\"https:\/\/www.ionisos.com\/nos-sites\/daniken\/\" \/>\n<meta property=\"og:site_name\" content=\"Ionisos\" \/>\n<meta property=\"article:modified_time\" content=\"2025-06-27T13:47:50+00:00\" \/>\n<meta name=\"twitter:card\" content=\"summary_large_image\" \/>\n<meta name=\"twitter:label1\" content=\"Tiempo de lectura\" \/>\n\t<meta name=\"twitter:data1\" content=\"1 minuto\" \/>\n<script type=\"application\/ld+json\" class=\"yoast-schema-graph\">{\"@context\":\"https:\/\/schema.org\",\"@graph\":[{\"@type\":\"WebPage\",\"@id\":\"https:\/\/www.ionisos.com\/nos-sites\/daniken\/\",\"url\":\"https:\/\/www.ionisos.com\/nos-sites\/daniken\/\",\"name\":\"D\u00e4niken - Ionisos\",\"isPartOf\":{\"@id\":\"https:\/\/www.ionisos.com\/#website\"},\"datePublished\":\"2023-12-29T08:46:52+00:00\",\"dateModified\":\"2025-06-27T13:47:50+00:00\",\"description\":\"El sitio de Ionisos en D\u00e4niken (cant\u00f3n de Soleura- distrito de Olten - Suiza) est\u00e1 especializado en la esterilizaci\u00f3n y reticulaci\u00f3n por rayos beta.\",\"breadcrumb\":{\"@id\":\"https:\/\/www.ionisos.com\/nos-sites\/daniken\/#breadcrumb\"},\"inLanguage\":\"es\",\"potentialAction\":[{\"@type\":\"ReadAction\",\"target\":[\"https:\/\/www.ionisos.com\/nos-sites\/daniken\/\"]}]},{\"@type\":\"BreadcrumbList\",\"@id\":\"https:\/\/www.ionisos.com\/nos-sites\/daniken\/#breadcrumb\",\"itemListElement\":[{\"@type\":\"ListItem\",\"position\":1,\"name\":\"Accueil\",\"item\":\"https:\/\/www.ionisos.com\/es\/\"},{\"@type\":\"ListItem\",\"position\":2,\"name\":\"Nuestros sitios\",\"item\":\"https:\/\/www.ionisos.com\/es\/nuestros-sitios\/\"},{\"@type\":\"ListItem\",\"position\":3,\"name\":\"D\u00e4niken\"}]},{\"@type\":\"WebSite\",\"@id\":\"https:\/\/www.ionisos.com\/#website\",\"url\":\"https:\/\/www.ionisos.com\/\",\"name\":\"Ionisos\",\"description\":\"Ionisation par \u00e9lectrons acc\u00e9l\u00e9r\u00e9s, rayons gamma, rayons X et oxyde d&#039;\u00e9thyl\u00e8ne\",\"potentialAction\":[{\"@type\":\"SearchAction\",\"target\":{\"@type\":\"EntryPoint\",\"urlTemplate\":\"https:\/\/www.ionisos.com\/?s={search_term_string}\"},\"query-input\":{\"@type\":\"PropertyValueSpecification\",\"valueRequired\":true,\"valueName\":\"search_term_string\"}}],\"inLanguage\":\"es\"}]}<\/script>\n<!-- \/ Yoast SEO plugin. -->","yoast_head_json":{"title":"D\u00e4niken - Ionisos","description":"El sitio de Ionisos en D\u00e4niken (cant\u00f3n de Soleura- distrito de Olten - Suiza) est\u00e1 especializado en la esterilizaci\u00f3n y reticulaci\u00f3n por rayos beta.","robots":{"index":"index","follow":"follow","max-snippet":"max-snippet:-1","max-image-preview":"max-image-preview:large","max-video-preview":"max-video-preview:-1"},"canonical":"https:\/\/www.ionisos.com\/nos-sites\/daniken\/","og_locale":"es_ES","og_type":"article","og_title":"D\u00e4niken - Ionisos","og_description":"El sitio de Ionisos en D\u00e4niken (cant\u00f3n de Soleura- distrito de Olten - Suiza) est\u00e1 especializado en la esterilizaci\u00f3n y reticulaci\u00f3n por rayos beta.","og_url":"https:\/\/www.ionisos.com\/nos-sites\/daniken\/","og_site_name":"Ionisos","article_modified_time":"2025-06-27T13:47:50+00:00","twitter_card":"summary_large_image","twitter_misc":{"Tiempo de lectura":"1 minuto"},"schema":{"@context":"https:\/\/schema.org","@graph":[{"@type":"WebPage","@id":"https:\/\/www.ionisos.com\/nos-sites\/daniken\/","url":"https:\/\/www.ionisos.com\/nos-sites\/daniken\/","name":"D\u00e4niken - Ionisos","isPartOf":{"@id":"https:\/\/www.ionisos.com\/#website"},"datePublished":"2023-12-29T08:46:52+00:00","dateModified":"2025-06-27T13:47:50+00:00","description":"El sitio de Ionisos en D\u00e4niken (cant\u00f3n de Soleura- distrito de Olten - Suiza) est\u00e1 especializado en la esterilizaci\u00f3n y reticulaci\u00f3n por rayos beta.","breadcrumb":{"@id":"https:\/\/www.ionisos.com\/nos-sites\/daniken\/#breadcrumb"},"inLanguage":"es","potentialAction":[{"@type":"ReadAction","target":["https:\/\/www.ionisos.com\/nos-sites\/daniken\/"]}]},{"@type":"BreadcrumbList","@id":"https:\/\/www.ionisos.com\/nos-sites\/daniken\/#breadcrumb","itemListElement":[{"@type":"ListItem","position":1,"name":"Accueil","item":"https:\/\/www.ionisos.com\/es\/"},{"@type":"ListItem","position":2,"name":"Nuestros sitios","item":"https:\/\/www.ionisos.com\/es\/nuestros-sitios\/"},{"@type":"ListItem","position":3,"name":"D\u00e4niken"}]},{"@type":"WebSite","@id":"https:\/\/www.ionisos.com\/#website","url":"https:\/\/www.ionisos.com\/","name":"Ionisos","description":"Ionisation par \u00e9lectrons acc\u00e9l\u00e9r\u00e9s, rayons gamma, rayons X et oxyde d&#039;\u00e9thyl\u00e8ne","potentialAction":[{"@type":"SearchAction","target":{"@type":"EntryPoint","urlTemplate":"https:\/\/www.ionisos.com\/?s={search_term_string}"},"query-input":{"@type":"PropertyValueSpecification","valueRequired":true,"valueName":"search_term_string"}}],"inLanguage":"es"}]}},"_links":{"self":[{"href":"https:\/\/www.ionisos.com\/es\/wp-json\/wp\/v2\/pages\/24352","targetHints":{"allow":["GET"]}}],"collection":[{"href":"https:\/\/www.ionisos.com\/es\/wp-json\/wp\/v2\/pages"}],"about":[{"href":"https:\/\/www.ionisos.com\/es\/wp-json\/wp\/v2\/types\/page"}],"author":[{"embeddable":true,"href":"https:\/\/www.ionisos.com\/es\/wp-json\/wp\/v2\/users\/1"}],"replies":[{"embeddable":true,"href":"https:\/\/www.ionisos.com\/es\/wp-json\/wp\/v2\/comments?post=24352"}],"version-history":[{"count":12,"href":"https:\/\/www.ionisos.com\/es\/wp-json\/wp\/v2\/pages\/24352\/revisions"}],"predecessor-version":[{"id":27176,"href":"https:\/\/www.ionisos.com\/es\/wp-json\/wp\/v2\/pages\/24352\/revisions\/27176"}],"up":[{"embeddable":true,"href":"https:\/\/www.ionisos.com\/es\/wp-json\/wp\/v2\/pages\/16438"}],"wp:attachment":[{"href":"https:\/\/www.ionisos.com\/es\/wp-json\/wp\/v2\/media?parent=24352"}],"curies":[{"name":"wp","href":"https:\/\/api.w.org\/{rel}","templated":true}]}}