 {"id":24341,"date":"2023-12-29T09:34:20","date_gmt":"2023-12-29T08:34:20","guid":{"rendered":"https:\/\/www.ionisos.com\/nuestros-sitios\/bautzen\/"},"modified":"2025-02-28T15:15:14","modified_gmt":"2025-02-28T14:15:14","slug":"bautzen","status":"publish","type":"page","link":"https:\/\/www.ionisos.com\/es\/nuestros-sitios\/bautzen\/","title":{"rendered":"Bautzen"},"content":{"rendered":"<p>[vc_row bg_image=&#8221;24154&#8243; bg_repeat=&#8221;no-repeat&#8221; text_color=&#8221;light&#8221; text_align=&#8221;center&#8221; top_padding=&#8221;100&#8243; bottom_padding=&#8221;100&#8243;][vc_column width=&#8221;1\/1&#8243;]<h1 class=\"headline font-special fontsize-xxxl fontweight-inherit lh-inherit align-center transform-uppercase \" style=\"margin: 0;\"><strong>Bautzen<\/strong><\/h1>[\/vc_column][\/vc_row][vc_row][vc_column width=&#8221;1\/1&#8243;]<div class=\"spacer\" style=\"height: 60px;\"><\/div>[vc_raw_html]PGlmcmFtZSBzcmM9Imh0dHBzOi8vd3d3Lmdvb2dsZS5jb20vbWFwcy9lbWJlZD9wYj0hMW0xOCExbTEyITFtMyExZDI1MDAuMzUyMjkxMDQzNTA3ITJkMTQuMzM5Njk2ODc3NTc2MzUhM2Q1MS4xOTQxNTk5MzM1MzcwMTYhMm0zITFmMCEyZjAhM2YwITNtMiExaTEwMjQhMmk3NjghNGYxMy4xITNtMyExbTIhMXMweDQ3MDg1NDZmYWQxOWNhZWYlM0EweGMyNTU3NzFhZWYwNjU5ODIhMnNJb25pc29zJTIwLSUyMEJhdXR6ZW4hNWUwITNtMiExc2ZyITJzZnIhNHYxNzAzMDg1NTMxMzMxITVtMiExc2ZyITJzZnIiIHdpZHRoPSIxMDAlIiBoZWlnaHQ9IjMwMCIgc3R5bGU9ImJvcmRlcjowOyIgYWxsb3dmdWxsc2NyZWVuPSIiIGxvYWRpbmc9ImxhenkiIHJlZmVycmVycG9saWN5PSJuby1yZWZlcnJlci13aGVuLWRvd25ncmFkZSI+PC9pZnJhbWU+[\/vc_raw_html]<div class=\"spacer\" style=\"height: 60px;\"><\/div>[\/vc_column][\/vc_row][vc_row][vc_column width=&#8221;1\/3&#8243;][vc_column_text]<strong>Direcci\u00f3n<\/strong><br \/>\nNikolaus-Otto-Stra\u00dfe 5<br \/>\n02625 Bautzen<br \/>\nALEMANIA[\/vc_column_text]<div class=\"uavc-list-icon uavc-list-icon-wrapper ult-adjust-bottom-margin   \"><ul class=\"uavc-list\"><li><div class=\"uavc-list-content\" id=\"list-icon-wrap-8646\">\n<div class=\"uavc-list-icon  \" data-animation=\"\" data-animation-delay=\"03\" style=\"margin-right:20px;\"><div class=\"ult-just-icon-wrapper  \"><div class=\"align-icon\" style=\"text-align:center;\">\n<div class=\"aio-icon none \"  style=\"color:#ea5045;font-size:30px;display:inline-block;\">\n\t<i class=\"Defaults-phone\"><\/i>\n<\/div><\/div><\/div>\n<\/div><span  data-ultimate-target='#list-icon-wrap-8646 .uavc-list-desc'  data-responsive-json-new='{\"font-size\":\"\",\"line-height\":\"\"}'  class=\"uavc-list-desc ult-responsive\" style=\"\">+49 (0) 35937 8838 0<\/span><\/div><\/li><li><div class=\"uavc-list-content\" id=\"list-icon-wrap-5698\">\n<div class=\"uavc-list-icon  \" data-animation=\"\" data-animation-delay=\"03\" style=\"margin-right:20px;\"><div class=\"ult-just-icon-wrapper  \"><div class=\"align-icon\" style=\"text-align:center;\">\n<div class=\"aio-icon none \"  style=\"color:#ea5045;font-size:30px;display:inline-block;\">\n\t<i class=\"Defaults-envelope-o\"><\/i>\n<\/div><\/div><\/div>\n<\/div><span  data-ultimate-target='#list-icon-wrap-5698 .uavc-list-desc'  data-responsive-json-new='{\"font-size\":\"\",\"line-height\":\"\"}'  class=\"uavc-list-desc ult-responsive\" style=\"\"><a href=\"mailto:info@ionisos.com\">info@ionisos.com<\/a><\/span><\/div><\/li><\/ul><\/div>[\/vc_column][vc_column width=&#8221;1\/3&#8243;][vc_column_text]<strong>Caracter\u00edsticas del sitio<\/strong><\/p>\n<a href=\"https:\/\/www.ionisos.com\/es\/nuestras-actividades\/tratamiento-beta\/\" target=\"_self\" class=\"button custom small \" style=\"background-color: #EA5045; border-color: #EA5045;border-radius: 2px;\">Rayos Beta<\/a>[\/vc_column_text][vc_raw_html]PHRhYmxlIHdpZHRoPSIxMDAlIiBib3JkZXI9IjEiPg0KPHRib2R5Pg0KICA8dHI+DQogICAgPHRkPlRpcG86PC90ZD4NCiAgICA8dGQ+SGF6IGRlIGVsZWN0cm9uZXM8L3RkPg0KICA8L3RyPg0KICA8dHI+DQogICAgPHRkPkVuZXJnw61hIGzDrW5lYSAxICYgMjo8L3RkPg0KICAgIDx0ZD4xLDUgLSAzLDAgTWVWLCAyMjAga1c8L3RkPg0KICA8L3RyPg0KICA8dHI+DQogICAgPHRkPkRpw6FtZXRybyBtw6F4aW1vIGRlIGNhYmxlcyAvIHR1YmVyw61hczo8L3RkPg0KICAgIDx0ZD40MCBtbTwvdGQ+DQogIDwvdHI+DQo8L3Rib2R5Pg0KPC90YWJsZT4=[\/vc_raw_html][\/vc_column][vc_column text_color=&#8221;light&#8221; text_align=&#8221;center&#8221; width=&#8221;1\/3&#8243;]<div class=\" ubtn-ctn-left \"><a class=\"ubtn-link ult-adjust-bottom-margin ubtn-left ubtn-large \"  rel='' href = \"https:\/\/www.ionisos.com\/es\/contacto\/\" ><button type=\"button\" id=\"ubtn-6505\" class=\"ubtn ult-adjust-bottom-margin ult-responsive ubtn-large ubtn-no-hover-bg  none  ubtn-sep-icon ubtn-sep-icon-bottom-push  ubtn-left   tooltip-69dc1e1e49c5a\"  data-hover=\"\" data-border-color=\"\" data-bg=\"#ea5045\" data-hover-bg=\"\" data-border-hover=\"\" data-shadow-hover=\"\" data-shadow-click=\"none\" data-shadow=\"\" data-shd-shadow=\"\"  data-ultimate-target='#ubtn-6505'  data-responsive-json-new='{\"font-size\":\"\",\"line-height\":\"\"}'  style=\"font-weight:normal;border:none;background: #ea5045;color: #ffffff;\"><span class=\"ubtn-data ubtn-icon\"><i class=\"Defaults-envelope-o\" style=\"font-size:32px;color:;\"><\/i><\/span><span class=\"ubtn-hover\" style=\"background-color:\"><\/span><span class=\"ubtn-data ubtn-text \" >Contacte a nuestros equipos de expertos para obtener m\u00e1s informaci\u00f3n sobre nuestras ofertas<\/span><\/button><\/a><\/div>[\/vc_column][\/vc_row][vc_row][vc_column width=&#8221;1\/1&#8243;]<div class=\"spacer\" style=\"height: 60px;\"><\/div>[vc_column_text]<strong>Certificados<\/strong>[\/vc_column_text][vc_row_inner][vc_column_inner width=&#8221;1\/6&#8243;]<div class=\" ubtn-ctn-left \"><a class=\"ubtn-link ult-adjust-bottom-margin ubtn-left ubtn-normal \"  rel='' href = \"https:\/\/www.ionisos.com\/wp-content\/uploads\/2024\/09\/DIN-EN-ISO-9001_2015_eng.pdf\" target='_blank'><button type=\"button\" id=\"ubtn-4905\" class=\"ubtn ult-adjust-bottom-margin ult-responsive ubtn-normal ubtn-no-hover-bg  none  ubtn-left   tooltip-69dc1e1e49ca3\"  data-hover=\"\" data-border-color=\"\" data-bg=\"#e0e0e0\" data-hover-bg=\"\" data-border-hover=\"\" data-shadow-hover=\"\" data-shadow-click=\"none\" data-shadow=\"\" data-shd-shadow=\"\"  data-ultimate-target='#ubtn-4905'  data-responsive-json-new='{\"font-size\":\"\",\"line-height\":\"\"}'  style=\"font-weight:normal;border:none;background: #e0e0e0;color: #000000;\"><span class=\"ubtn-hover\" style=\"background-color:\"><\/span><span class=\"ubtn-data ubtn-text \" >Certificado ISO 9001<\/span><\/button><\/a><\/div>[\/vc_column_inner][vc_column_inner width=&#8221;1\/6&#8243;]<div class=\" ubtn-ctn-left \"><a class=\"ubtn-link ult-adjust-bottom-margin ubtn-left ubtn-normal \"  rel='' href = \"https:\/\/www.ionisos.com\/wp-content\/uploads\/2025\/02\/ISO_45001-ENG-C696997-0-20250227.pdf\" target='_blank'><button type=\"button\" id=\"ubtn-4258\" class=\"ubtn ult-adjust-bottom-margin ult-responsive ubtn-normal ubtn-no-hover-bg  none  ubtn-left   tooltip-69dc1e1e49cbf\"  data-hover=\"\" data-border-color=\"\" data-bg=\"#e0e0e0\" data-hover-bg=\"\" data-border-hover=\"\" data-shadow-hover=\"\" data-shadow-click=\"none\" data-shadow=\"\" data-shd-shadow=\"\"  data-ultimate-target='#ubtn-4258'  data-responsive-json-new='{\"font-size\":\"\",\"line-height\":\"\"}'  style=\"font-weight:normal;border:none;background: #e0e0e0;color: #000000;\"><span class=\"ubtn-hover\" style=\"background-color:\"><\/span><span class=\"ubtn-data ubtn-text \" >Certificado ISO 45001<\/span><\/button><\/a><\/div>[\/vc_column_inner][vc_column_inner width=&#8221;1\/6&#8243;]<div class=\" ubtn-ctn-left \"><a class=\"ubtn-link ult-adjust-bottom-margin ubtn-left ubtn-normal \"  rel='' href = \"https:\/\/www.ionisos.com\/wp-content\/uploads\/2024\/09\/62189ms50001_en.pdf\" target='_blank'><button type=\"button\" id=\"ubtn-9575\" class=\"ubtn ult-adjust-bottom-margin ult-responsive ubtn-normal ubtn-no-hover-bg  none  ubtn-left   tooltip-69dc1e1e49cd6\"  data-hover=\"\" data-border-color=\"\" data-bg=\"#e0e0e0\" data-hover-bg=\"\" data-border-hover=\"\" data-shadow-hover=\"\" data-shadow-click=\"none\" data-shadow=\"\" data-shd-shadow=\"\"  data-ultimate-target='#ubtn-9575'  data-responsive-json-new='{\"font-size\":\"\",\"line-height\":\"\"}'  style=\"font-weight:normal;border:none;background: #e0e0e0;color: #000000;\"><span class=\"ubtn-hover\" style=\"background-color:\"><\/span><span class=\"ubtn-data ubtn-text \" >Certificado ISO 50001<\/span><\/button><\/a><\/div>[\/vc_column_inner][vc_column_inner width=&#8221;1\/6&#8243;][\/vc_column_inner][vc_column_inner width=&#8221;1\/6&#8243;][\/vc_column_inner][vc_column_inner width=&#8221;1\/6&#8243;][\/vc_column_inner][\/vc_row_inner][\/vc_column][\/vc_row][vc_row][vc_column width=&#8221;1\/1&#8243;]<div class=\"spacer\" style=\"height: 20px;\"><\/div><div class=\" ubtn-ctn-center \"><a class=\"ubtn-link ult-adjust-bottom-margin ubtn-center ubtn-large \"  rel='' href = \"https:\/\/www.ionisos.com\/es\/nuestros-sitios\/\" ><button type=\"button\" id=\"ubtn-7890\" class=\"ubtn ult-adjust-bottom-margin ult-responsive ubtn-large ubtn-no-hover-bg  none  ubtn-sep-icon ubtn-sep-icon-at-left  ubtn-center   tooltip-69dc1e1e49cff\"  data-hover=\"\" data-border-color=\"\" data-bg=\"#707070\" data-hover-bg=\"\" data-border-hover=\"\" data-shadow-hover=\"\" data-shadow-click=\"none\" data-shadow=\"\" data-shd-shadow=\"\"  data-ultimate-target='#ubtn-7890'  data-responsive-json-new='{\"font-size\":\"\",\"line-height\":\"\"}'  style=\"font-weight:normal;border:none;background: #707070;color: #ffffff;\"><span class=\"ubtn-data ubtn-icon\"><i class=\"Defaults-chevron-left\" style=\"font-size:20px;color:;\"><\/i><\/span><span class=\"ubtn-hover\" style=\"background-color:\"><\/span><span class=\"ubtn-data ubtn-text \" >Volver a la lista de sitios<\/span><\/button><\/a><\/div><div class=\"spacer\" style=\"height: 60px;\"><\/div>[\/vc_column][\/vc_row]<\/p>\n","protected":false},"excerpt":{"rendered":"<p>[vc_row bg_image=&#8221;24154&#8243; bg_repeat=&#8221;no-repeat&#8221; text_color=&#8221;light&#8221; text_align=&#8221;center&#8221; top_padding=&#8221;100&#8243; bottom_padding=&#8221;100&#8243;][vc_column width=&#8221;1\/1&#8243;][\/vc_column][\/vc_row][vc_row][vc_column width=&#8221;1\/1&#8243;][vc_raw_html]PGlmcmFtZSBzcmM9Imh0dHBzOi8vd3d3Lmdvb2dsZS5jb20vbWFwcy9lbWJlZD9wYj0hMW0xOCExbTEyITFtMyExZDI1MDAuMzUyMjkxMDQzNTA3ITJkMTQuMzM5Njk2ODc3NTc2MzUhM2Q1MS4xOTQxNTk5MzM1MzcwMTYhMm0zITFmMCEyZjAhM2YwITNtMiExaTEwMjQhMmk3NjghNGYxMy4xITNtMyExbTIhMXMweDQ3MDg1NDZmYWQxOWNhZWYlM0EweGMyNTU3NzFhZWYwNjU5ODIhMnNJb25pc29zJTIwLSUyMEJhdXR6ZW4hNWUwITNtMiExc2ZyITJzZnIhNHYxNzAzMDg1NTMxMzMxITVtMiExc2ZyITJzZnIiIHdpZHRoPSIxMDAlIiBoZWlnaHQ9IjMwMCIgc3R5bGU9ImJvcmRlcjowOyIgYWxsb3dmdWxsc2NyZWVuPSIiIGxvYWRpbmc9ImxhenkiIHJlZmVycmVycG9saWN5PSJuby1yZWZlcnJlci13aGVuLWRvd25ncmFkZSI+PC9pZnJhbWU+[\/vc_raw_html][\/vc_column][\/vc_row][vc_row][vc_column width=&#8221;1\/3&#8243;][vc_column_text]Direcci\u00f3n Nikolaus-Otto-Stra\u00dfe 5 02625 Bautzen ALEMANIA[\/vc_column_text][\/vc_column][vc_column width=&#8221;1\/3&#8243;][vc_column_text]Caracter\u00edsticas del sitio [\/vc_column_text][vc_raw_html]PHRhYmxlIHdpZHRoPSIxMDAlIiBib3JkZXI9IjEiPg0KPHRib2R5Pg0KICA8dHI+DQogICAgPHRkPlRpcG86PC90ZD4NCiAgICA8dGQ+SGF6IGRlIGVsZWN0cm9uZXM8L3RkPg0KICA8L3RyPg0KICA8dHI+DQogICAgPHRkPkVuZXJnw61hIGzDrW5lYSAxICYgMjo8L3RkPg0KICAgIDx0ZD4xLDUgLSAzLDAgTWVWLCAyMjAga1c8L3RkPg0KICA8L3RyPg0KICA8dHI+DQogICAgPHRkPkRpw6FtZXRybyBtw6F4aW1vIGRlIGNhYmxlcyAvIHR1YmVyw61hczo8L3RkPg0KICAgIDx0ZD40MCBtbTwvdGQ+DQogIDwvdHI+DQo8L3Rib2R5Pg0KPC90YWJsZT4=[\/vc_raw_html][\/vc_column][vc_column text_color=&#8221;light&#8221; text_align=&#8221;center&#8221; width=&#8221;1\/3&#8243;][\/vc_column][\/vc_row][vc_row][vc_column width=&#8221;1\/1&#8243;][vc_column_text]Certificados[\/vc_column_text][vc_row_inner][vc_column_inner width=&#8221;1\/6&#8243;][\/vc_column_inner][vc_column_inner width=&#8221;1\/6&#8243;][\/vc_column_inner][vc_column_inner width=&#8221;1\/6&#8243;][\/vc_column_inner][vc_column_inner width=&#8221;1\/6&#8243;][\/vc_column_inner][vc_column_inner width=&#8221;1\/6&#8243;][\/vc_column_inner][vc_column_inner width=&#8221;1\/6&#8243;][\/vc_column_inner][\/vc_row_inner][\/vc_column][\/vc_row][vc_row][vc_column width=&#8221;1\/1&#8243;][\/vc_column][\/vc_row]<\/p>\n","protected":false},"author":1,"featured_media":0,"parent":16438,"menu_order":0,"comment_status":"closed","ping_status":"closed","template":"","meta":{"inline_featured_image":false,"footnotes":""},"class_list":["post-24341","page","type-page","status-publish","hentry"],"yoast_head":"<!-- This site is optimized with the Yoast SEO plugin v26.3 - https:\/\/yoast.com\/wordpress\/plugins\/seo\/ -->\n<title>Bautzen - Ionisos<\/title>\n<meta name=\"description\" content=\"El sitio de Ionisos en Bautzen (Sajonia - Alemania) est\u00e1 especializado en reticulaci\u00f3n por haz de electrones.\" \/>\n<meta name=\"robots\" content=\"index, follow, max-snippet:-1, max-image-preview:large, max-video-preview:-1\" \/>\n<link rel=\"canonical\" href=\"https:\/\/www.ionisos.com\/nos-sites\/bautzen\/\" \/>\n<meta property=\"og:locale\" content=\"es_ES\" \/>\n<meta property=\"og:type\" content=\"article\" \/>\n<meta property=\"og:title\" content=\"Bautzen - Ionisos\" \/>\n<meta property=\"og:description\" content=\"El sitio de Ionisos en Bautzen (Sajonia - Alemania) est\u00e1 especializado en reticulaci\u00f3n por haz de electrones.\" \/>\n<meta property=\"og:url\" content=\"https:\/\/www.ionisos.com\/nos-sites\/bautzen\/\" \/>\n<meta property=\"og:site_name\" content=\"Ionisos\" \/>\n<meta property=\"article:modified_time\" content=\"2025-02-28T14:15:14+00:00\" \/>\n<meta name=\"twitter:card\" content=\"summary_large_image\" \/>\n<meta name=\"twitter:label1\" content=\"Tiempo de lectura\" \/>\n\t<meta name=\"twitter:data1\" content=\"1 minuto\" \/>\n<script type=\"application\/ld+json\" class=\"yoast-schema-graph\">{\"@context\":\"https:\/\/schema.org\",\"@graph\":[{\"@type\":\"WebPage\",\"@id\":\"https:\/\/www.ionisos.com\/nos-sites\/bautzen\/\",\"url\":\"https:\/\/www.ionisos.com\/nos-sites\/bautzen\/\",\"name\":\"Bautzen - Ionisos\",\"isPartOf\":{\"@id\":\"https:\/\/www.ionisos.com\/#website\"},\"datePublished\":\"2023-12-29T08:34:20+00:00\",\"dateModified\":\"2025-02-28T14:15:14+00:00\",\"description\":\"El sitio de Ionisos en Bautzen (Sajonia - Alemania) est\u00e1 especializado en reticulaci\u00f3n por haz de electrones.\",\"breadcrumb\":{\"@id\":\"https:\/\/www.ionisos.com\/nos-sites\/bautzen\/#breadcrumb\"},\"inLanguage\":\"es\",\"potentialAction\":[{\"@type\":\"ReadAction\",\"target\":[\"https:\/\/www.ionisos.com\/nos-sites\/bautzen\/\"]}]},{\"@type\":\"BreadcrumbList\",\"@id\":\"https:\/\/www.ionisos.com\/nos-sites\/bautzen\/#breadcrumb\",\"itemListElement\":[{\"@type\":\"ListItem\",\"position\":1,\"name\":\"Accueil\",\"item\":\"https:\/\/www.ionisos.com\/es\/\"},{\"@type\":\"ListItem\",\"position\":2,\"name\":\"Nuestros sitios\",\"item\":\"https:\/\/www.ionisos.com\/es\/nuestros-sitios\/\"},{\"@type\":\"ListItem\",\"position\":3,\"name\":\"Bautzen\"}]},{\"@type\":\"WebSite\",\"@id\":\"https:\/\/www.ionisos.com\/#website\",\"url\":\"https:\/\/www.ionisos.com\/\",\"name\":\"Ionisos\",\"description\":\"Ionisation par \u00e9lectrons acc\u00e9l\u00e9r\u00e9s, rayons gamma, rayons X et oxyde d&#039;\u00e9thyl\u00e8ne\",\"potentialAction\":[{\"@type\":\"SearchAction\",\"target\":{\"@type\":\"EntryPoint\",\"urlTemplate\":\"https:\/\/www.ionisos.com\/?s={search_term_string}\"},\"query-input\":{\"@type\":\"PropertyValueSpecification\",\"valueRequired\":true,\"valueName\":\"search_term_string\"}}],\"inLanguage\":\"es\"}]}<\/script>\n<!-- \/ Yoast SEO plugin. -->","yoast_head_json":{"title":"Bautzen - Ionisos","description":"El sitio de Ionisos en Bautzen (Sajonia - Alemania) est\u00e1 especializado en reticulaci\u00f3n por haz de electrones.","robots":{"index":"index","follow":"follow","max-snippet":"max-snippet:-1","max-image-preview":"max-image-preview:large","max-video-preview":"max-video-preview:-1"},"canonical":"https:\/\/www.ionisos.com\/nos-sites\/bautzen\/","og_locale":"es_ES","og_type":"article","og_title":"Bautzen - Ionisos","og_description":"El sitio de Ionisos en Bautzen (Sajonia - Alemania) est\u00e1 especializado en reticulaci\u00f3n por haz de electrones.","og_url":"https:\/\/www.ionisos.com\/nos-sites\/bautzen\/","og_site_name":"Ionisos","article_modified_time":"2025-02-28T14:15:14+00:00","twitter_card":"summary_large_image","twitter_misc":{"Tiempo de lectura":"1 minuto"},"schema":{"@context":"https:\/\/schema.org","@graph":[{"@type":"WebPage","@id":"https:\/\/www.ionisos.com\/nos-sites\/bautzen\/","url":"https:\/\/www.ionisos.com\/nos-sites\/bautzen\/","name":"Bautzen - Ionisos","isPartOf":{"@id":"https:\/\/www.ionisos.com\/#website"},"datePublished":"2023-12-29T08:34:20+00:00","dateModified":"2025-02-28T14:15:14+00:00","description":"El sitio de Ionisos en Bautzen (Sajonia - Alemania) est\u00e1 especializado en reticulaci\u00f3n por haz de electrones.","breadcrumb":{"@id":"https:\/\/www.ionisos.com\/nos-sites\/bautzen\/#breadcrumb"},"inLanguage":"es","potentialAction":[{"@type":"ReadAction","target":["https:\/\/www.ionisos.com\/nos-sites\/bautzen\/"]}]},{"@type":"BreadcrumbList","@id":"https:\/\/www.ionisos.com\/nos-sites\/bautzen\/#breadcrumb","itemListElement":[{"@type":"ListItem","position":1,"name":"Accueil","item":"https:\/\/www.ionisos.com\/es\/"},{"@type":"ListItem","position":2,"name":"Nuestros sitios","item":"https:\/\/www.ionisos.com\/es\/nuestros-sitios\/"},{"@type":"ListItem","position":3,"name":"Bautzen"}]},{"@type":"WebSite","@id":"https:\/\/www.ionisos.com\/#website","url":"https:\/\/www.ionisos.com\/","name":"Ionisos","description":"Ionisation par \u00e9lectrons acc\u00e9l\u00e9r\u00e9s, rayons gamma, rayons X et oxyde d&#039;\u00e9thyl\u00e8ne","potentialAction":[{"@type":"SearchAction","target":{"@type":"EntryPoint","urlTemplate":"https:\/\/www.ionisos.com\/?s={search_term_string}"},"query-input":{"@type":"PropertyValueSpecification","valueRequired":true,"valueName":"search_term_string"}}],"inLanguage":"es"}]}},"_links":{"self":[{"href":"https:\/\/www.ionisos.com\/es\/wp-json\/wp\/v2\/pages\/24341","targetHints":{"allow":["GET"]}}],"collection":[{"href":"https:\/\/www.ionisos.com\/es\/wp-json\/wp\/v2\/pages"}],"about":[{"href":"https:\/\/www.ionisos.com\/es\/wp-json\/wp\/v2\/types\/page"}],"author":[{"embeddable":true,"href":"https:\/\/www.ionisos.com\/es\/wp-json\/wp\/v2\/users\/1"}],"replies":[{"embeddable":true,"href":"https:\/\/www.ionisos.com\/es\/wp-json\/wp\/v2\/comments?post=24341"}],"version-history":[{"count":15,"href":"https:\/\/www.ionisos.com\/es\/wp-json\/wp\/v2\/pages\/24341\/revisions"}],"predecessor-version":[{"id":26233,"href":"https:\/\/www.ionisos.com\/es\/wp-json\/wp\/v2\/pages\/24341\/revisions\/26233"}],"up":[{"embeddable":true,"href":"https:\/\/www.ionisos.com\/es\/wp-json\/wp\/v2\/pages\/16438"}],"wp:attachment":[{"href":"https:\/\/www.ionisos.com\/es\/wp-json\/wp\/v2\/media?parent=24341"}],"curies":[{"name":"wp","href":"https:\/\/api.w.org\/{rel}","templated":true}]}}