 {"id":21952,"date":"2025-11-13T15:59:59","date_gmt":"2025-11-13T14:59:59","guid":{"rendered":"https:\/\/www.ionisos.com\/?page_id=21952"},"modified":"2025-11-13T15:59:59","modified_gmt":"2025-11-13T14:59:59","slug":"por-que-unirse-a-nosotros","status":"publish","type":"page","link":"https:\/\/www.ionisos.com\/es\/por-que-unirse-a-nosotros\/","title":{"rendered":"Por qu\u00e9 unirse a nosotros"},"content":{"rendered":"<p>[vc_row bg_image=&#8221;22339&#8243; bg_repeat=&#8221;no-repeat&#8221; text_color=&#8221;light&#8221; text_align=&#8221;center&#8221; top_padding=&#8221;100&#8243; bottom_padding=&#8221;100&#8243;][vc_column width=&#8221;1\/1&#8243;]<h1 class=\"headline font-special fontsize-xxxl fontweight-inherit lh-inherit align-center transform-uppercase \" style=\"margin: 0;\"><strong>5 buenas razones<\/strong><br \/>\npara unirse a nosotros<\/h1>[\/vc_column][\/vc_row][vc_row][vc_column width=&#8221;1\/1&#8243;]<div class=\"spacer\" style=\"height: 60px;\"><\/div>[\/vc_column][\/vc_row][vc_row][vc_column width=&#8221;1\/1&#8243;][vc_column_text]El Grupo Ionisos hoy en d\u00eda cuenta con m\u00e1s de <strong>300 colaboradores<\/strong> en <strong>5 pa\u00edses<\/strong>, una comunidad rica por la diversidad de sus competencias, trayectorias y perfiles. Con el fin de mantener la din\u00e1mica colectiva que impulsa nuestro \u00e9xito, nuestra <strong>pol\u00edtica de Recursos Humanos<\/strong> prioriza el desarrollo de las competencias t\u00e9cnicas y de gesti\u00f3n, as\u00ed como la consolidaci\u00f3n de una cultura com\u00fan.<\/p>\n<p>Unirse al Grupo Ionisos significa desarrollar tu carrera junto a un empleador atento, eficiente, comprometido y preocupado por el bienestar de sus colaboradores. De hecho, son ellos quienes mejor lo expresan:[\/vc_column_text]<div class=\"spacer\" style=\"height: 10px;\"><\/div>[\/vc_column][\/vc_row][vc_row][vc_column width=&#8221;1\/3&#8243;]<div class=\"testimonial-wrap wpb_content_element\"><div class=\"testimonial\">Lo que m\u00e1s me gusta de Ionisos es la facilidad de intercambio horizontal y vertical, lo que para m\u00ed es un gran punto fuerte. Los empleados son receptivos y participan en la propuesta de ideas y soluciones.<\/p>\n<p>Es una empresa din\u00e1mica, que busca la mejora continua con liderazgo y visi\u00f3n a largo plazo.<\/p>\n<p><strong>Valores de Ionisos:<\/strong> compromiso, liderazgo, excelencia, capacidad de respuesta<\/div><div class=\"testimonial-author\"><div class=\"testimonial-img\"><img decoding=\"async\" src=\"https:\/\/www.ionisos.com\/wp-content\/uploads\/2022\/08\/Frane-1-150x150.jpg\" alt=\"\" \/><\/div>Frane Akwangou<span>Responsable HSE - Sabl\u00e9-sur-Sarthe (Francia)<\/span><\/div><\/div>[\/vc_column][vc_column width=&#8221;1\/3&#8243;]<div class=\"testimonial-wrap wpb_content_element\"><div class=\"testimonial\">Ionisos es una estructura s\u00f3lida para una actividad sostenible, a la vez que abierta a la innovaci\u00f3n.<\/p>\n<p>Me gusta que se preste atenci\u00f3n a que tengamos unas condiciones de trabajo que nos permitan ser buenos y eficientes.<\/p>\n<p><strong>Valores de Ionisos:<\/strong> integridad, calidad, trabajo colaborativo<\/div><div class=\"testimonial-author\"><div class=\"testimonial-img\"><img decoding=\"async\" src=\"https:\/\/www.ionisos.com\/wp-content\/uploads\/2022\/08\/Sophie-150x150.jpg\" alt=\"Sophie Rouif Ionisos\" \/><\/div>Sophie Rouif<span>Experto en I+D - Civrieux d&#039;Azergues (Francia)<\/span><\/div><\/div>[\/vc_column][vc_column width=&#8221;1\/3&#8243;]<div class=\"testimonial-wrap wpb_content_element\"><div class=\"testimonial\">Me siento orgulloso cuando hablo a mis amigos de Ionisos, es un sector diferente al que la gente no est\u00e1 acostumbrada, con compa\u00f1eros que siempre est\u00e1n dispuestos a ayudar.<\/p>\n<p>La empresa es transparente, solidaria, motivadora y orientada al cliente.<\/p>\n<p><strong>Valores de Ionisos:<\/strong> calidad, seguridad, cooperaci\u00f3n<\/div><div class=\"testimonial-author\"><div class=\"testimonial-img\"><img decoding=\"async\" src=\"https:\/\/www.ionisos.com\/wp-content\/uploads\/2022\/08\/Aire-Lempu-Ionisos-150x150.jpg\" alt=\"Aire Lempu Ionisos\" \/><\/div>Aire Lempu<span>Responsable de Calidad y Seguridad - Tallinn (Estonia)<\/span><\/div><\/div>[\/vc_column][\/vc_row][vc_row][vc_column width=&#8221;1\/1&#8243;]<div class=\"spacer\" style=\"height: 100px;\"><\/div>[vc_column_text]Haga clic en las diferentes r\u00fabricas para descubrir lo que hace de Ionisos un empleador de referencia.[\/vc_column_text]<div class=\"spacer\" style=\"height: 20px;\"><\/div>[\/vc_column][\/vc_row][vc_row][vc_column width=&#8221;1\/5&#8243;]<div class=\" ubtn-ctn-center \"><a class=\"ubtn-link ult-adjust-bottom-margin ubtn-center ubtn-custom \" title='Un engagement fort aupr\u00e8s de nos collaborateurs' rel='' href = \"https:\/\/www.ionisos.com\/un-engagement-fort-aupres-de-nos-collaborateurs\/\" ><button type=\"button\" id=\"ubtn-9569\" class=\"ubtn ult-adjust-bottom-margin ult-responsive ubtn-custom ubtn-fade-bg  none  ubtn-center   tooltip-69d443c80b534\"  data-hover=\"\" data-border-color=\"\" data-bg=\"#f38250\" data-hover-bg=\"#f25d1d\" data-border-hover=\"\" data-shadow-hover=\"\" data-shadow-click=\"none\" data-shadow=\"\" data-shd-shadow=\"\"  data-ultimate-target='#ubtn-9569'  data-responsive-json-new='{\"font-size\":\"\",\"line-height\":\"\"}'  style=\"font-weight:normal;width:500px;min-height:100px;padding:20px 50px;border:none;background: #f38250;color: #ffffff;\"><span class=\"ubtn-hover\" style=\"background-color:#f25d1d\"><\/span><span class=\"ubtn-data ubtn-text \" ><strong>Un firme compromiso con nuestros empleados<\/strong><\/span><\/button><\/a><\/div>[\/vc_column][vc_column width=&#8221;1\/5&#8243;]<div class=\" ubtn-ctn-center \"><a class=\"ubtn-link ult-adjust-bottom-margin ubtn-center ubtn-custom \" title='Avantages' rel='' href = \"https:\/\/www.ionisos.com\/une-exigence-qualite\/\" ><button type=\"button\" id=\"ubtn-1398\" class=\"ubtn ult-adjust-bottom-margin ult-responsive ubtn-custom ubtn-fade-bg  none  ubtn-center   tooltip-69d443c80b586\"  data-hover=\"\" data-border-color=\"\" data-bg=\"#d3b83f\" data-hover-bg=\"#d3ac00\" data-border-hover=\"\" data-shadow-hover=\"\" data-shadow-click=\"none\" data-shadow=\"\" data-shd-shadow=\"\"  data-ultimate-target='#ubtn-1398'  data-responsive-json-new='{\"font-size\":\"\",\"line-height\":\"\"}'  style=\"font-weight:normal;width:500px;min-height:100px;padding:20px 50px;border:none;background: #d3b83f;color: #ffffff;\"><span class=\"ubtn-hover\" style=\"background-color:#d3ac00\"><\/span><span class=\"ubtn-data ubtn-text \" ><strong>Un requisito de calidad<\/strong><\/span><\/button><\/a><\/div>[\/vc_column][vc_column width=&#8221;1\/5&#8243;]<div class=\" ubtn-ctn-center \"><a class=\"ubtn-link ult-adjust-bottom-margin ubtn-center ubtn-custom \" title='Un employeur responsable' rel='' href = \"https:\/\/www.ionisos.com\/un-employeur-responsable\/\" ><button type=\"button\" id=\"ubtn-9894\" class=\"ubtn ult-adjust-bottom-margin ult-responsive ubtn-custom ubtn-fade-bg  none  ubtn-center   tooltip-69d443c80b5be\"  data-hover=\"\" data-border-color=\"\" data-bg=\"#98ca69\" data-hover-bg=\"#7ec938\" data-border-hover=\"\" data-shadow-hover=\"\" data-shadow-click=\"none\" data-shadow=\"\" data-shd-shadow=\"\"  data-ultimate-target='#ubtn-9894'  data-responsive-json-new='{\"font-size\":\"\",\"line-height\":\"\"}'  style=\"font-weight:normal;width:500px;min-height:100px;padding:20px 50px;border:none;background: #98ca69;color: #ffffff;\"><span class=\"ubtn-hover\" style=\"background-color:#7ec938\"><\/span><span class=\"ubtn-data ubtn-text \" ><strong>Un empleador responsable<\/strong><\/span><\/button><\/a><\/div>[\/vc_column][vc_column width=&#8221;1\/5&#8243;]<div class=\" ubtn-ctn-center \"><a class=\"ubtn-link ult-adjust-bottom-margin ubtn-center ubtn-custom \" title='Respect de la diversit\u00e9' rel='' href = \"https:\/\/www.ionisos.com\/respect-de-la-diversite\/\" ><button type=\"button\" id=\"ubtn-7290\" class=\"ubtn ult-adjust-bottom-margin ult-responsive ubtn-custom ubtn-fade-bg  none  ubtn-center   tooltip-69d443c80b5eb\"  data-hover=\"\" data-border-color=\"\" data-bg=\"#da5457\" data-hover-bg=\"#d82023\" data-border-hover=\"\" data-shadow-hover=\"\" data-shadow-click=\"none\" data-shadow=\"\" data-shd-shadow=\"\"  data-ultimate-target='#ubtn-7290'  data-responsive-json-new='{\"font-size\":\"\",\"line-height\":\"\"}'  style=\"font-weight:normal;width:500px;min-height:100px;padding:20px 50px;border:none;background: #da5457;color: #ffffff;\"><span class=\"ubtn-hover\" style=\"background-color:#d82023\"><\/span><span class=\"ubtn-data ubtn-text \" ><strong>Respeto de la diversidad<\/strong><\/span><\/button><\/a><\/div>[\/vc_column][vc_column width=&#8221;1\/5&#8243;]<div class=\" ubtn-ctn-center \"><a class=\"ubtn-link ult-adjust-bottom-margin ubtn-center ubtn-custom \" title='Avantages' rel='' href = \"https:\/\/www.ionisos.com\/avantages\/\" ><button type=\"button\" id=\"ubtn-5345\" class=\"ubtn ult-adjust-bottom-margin ult-responsive ubtn-custom ubtn-fade-bg  none  ubtn-center   tooltip-69d443c80b617\"  data-hover=\"\" data-border-color=\"\" data-bg=\"#38b4d6\" data-hover-bg=\"#00a7d6\" data-border-hover=\"\" data-shadow-hover=\"\" data-shadow-click=\"none\" data-shadow=\"\" data-shd-shadow=\"\"  data-ultimate-target='#ubtn-5345'  data-responsive-json-new='{\"font-size\":\"\",\"line-height\":\"\"}'  style=\"font-weight:normal;width:500px;min-height:100px;padding:20px 50px;border:none;background: #38b4d6;color: #ffffff;\"><span class=\"ubtn-hover\" style=\"background-color:#00a7d6\"><\/span><span class=\"ubtn-data ubtn-text \" ><strong>Beneficios<\/strong><\/span><\/button><\/a><\/div>[\/vc_column][\/vc_row][vc_row text_align=&#8221;center&#8221;][vc_column width=&#8221;1\/1&#8243;]<div class=\"spacer\" style=\"height: 60px;\"><\/div><a href=\"http:\/\/\" target=\"_self\" class=\"button color-1 small \" style=\"border-radius: 2px;\">(https:\/\/www.hellowork.com\/fr-fr\/entreprises\/ionisos-95285.html)&#8221; size=&#8221;large&#8221;]Consulte todas nuestras ofertas<\/a><div class=\"spacer\" style=\"height: 100px;\"><\/div>[\/vc_column][\/vc_row]<\/p>\n","protected":false},"excerpt":{"rendered":"<p>[vc_row bg_image=&#8221;22339&#8243; bg_repeat=&#8221;no-repeat&#8221; text_color=&#8221;light&#8221; text_align=&#8221;center&#8221; top_padding=&#8221;100&#8243; bottom_padding=&#8221;100&#8243;][vc_column width=&#8221;1\/1&#8243;][\/vc_column][\/vc_row][vc_row][vc_column width=&#8221;1\/1&#8243;][\/vc_column][\/vc_row][vc_row][vc_column width=&#8221;1\/1&#8243;][vc_column_text]El Grupo Ionisos hoy en d\u00eda cuenta con m\u00e1s de 300 colaboradores en 5 pa\u00edses, una comunidad rica por la diversidad de sus competencias, trayectorias y perfiles. Con el fin de mantener la din\u00e1mica colectiva que impulsa nuestro \u00e9xito, nuestra pol\u00edtica de Recursos Humanos prioriza el desarrollo de las competencias t\u00e9cnicas y de gesti\u00f3n, as\u00ed como la consolidaci\u00f3n de una cultura com\u00fan. Unirse al Grupo Ionisos significa desarrollar tu carrera junto a un empleador atento, eficiente, comprometido y preocupado por el bienestar de sus colaboradores. De hecho, son ellos quienes mejor lo expresan:[\/vc_column_text][\/vc_column][\/vc_row][vc_row][vc_column width=&#8221;1\/3&#8243;][\/vc_column][vc_column width=&#8221;1\/3&#8243;][\/vc_column][vc_column width=&#8221;1\/3&#8243;][\/vc_column][\/vc_row][vc_row][vc_column width=&#8221;1\/1&#8243;][vc_column_text]Haga clic en las diferentes r\u00fabricas para descubrir lo que hace de Ionisos un empleador de referencia.[\/vc_column_text][\/vc_column][\/vc_row][vc_row][vc_column width=&#8221;1\/5&#8243;][\/vc_column][vc_column width=&#8221;1\/5&#8243;][\/vc_column][vc_column width=&#8221;1\/5&#8243;][\/vc_column][vc_column width=&#8221;1\/5&#8243;][\/vc_column][vc_column width=&#8221;1\/5&#8243;][\/vc_column][\/vc_row][vc_row text_align=&#8221;center&#8221;][vc_column width=&#8221;1\/1&#8243;][\/vc_column][\/vc_row]<\/p>\n","protected":false},"author":1,"featured_media":0,"parent":0,"menu_order":0,"comment_status":"closed","ping_status":"closed","template":"","meta":{"inline_featured_image":false,"footnotes":""},"class_list":["post-21952","page","type-page","status-publish","hentry"],"yoast_head":"<!-- This site is optimized with the Yoast SEO plugin v26.3 - https:\/\/yoast.com\/wordpress\/plugins\/seo\/ -->\n<title>Por qu\u00e9 unirse a nosotros - Ionisos<\/title>\n<meta name=\"description\" content=\"Ionisos, especialista en esterilizaci\u00f3n por ionizaci\u00f3n gamma y beta y \u00f3xido de etileno, cuenta con 10 centros en Europa.\" \/>\n<meta name=\"robots\" content=\"index, follow, max-snippet:-1, max-image-preview:large, max-video-preview:-1\" \/>\n<link rel=\"canonical\" href=\"https:\/\/www.ionisos.com\/es\/por-que-unirse-a-nosotros\/\" \/>\n<meta property=\"og:locale\" content=\"es_ES\" \/>\n<meta property=\"og:type\" content=\"article\" \/>\n<meta property=\"og:title\" content=\"Por qu\u00e9 unirse a nosotros - Ionisos\" \/>\n<meta property=\"og:description\" content=\"Ionisos, especialista en esterilizaci\u00f3n por ionizaci\u00f3n gamma y beta y \u00f3xido de etileno, cuenta con 10 centros en Europa.\" \/>\n<meta property=\"og:url\" content=\"https:\/\/www.ionisos.com\/es\/por-que-unirse-a-nosotros\/\" \/>\n<meta property=\"og:site_name\" content=\"Ionisos\" \/>\n<meta name=\"twitter:card\" content=\"summary_large_image\" \/>\n<meta name=\"twitter:label1\" content=\"Tiempo de lectura\" \/>\n\t<meta name=\"twitter:data1\" content=\"3 minutos\" \/>\n<script type=\"application\/ld+json\" class=\"yoast-schema-graph\">{\"@context\":\"https:\/\/schema.org\",\"@graph\":[{\"@type\":\"WebPage\",\"@id\":\"https:\/\/www.ionisos.com\/es\/por-que-unirse-a-nosotros\/\",\"url\":\"https:\/\/www.ionisos.com\/es\/por-que-unirse-a-nosotros\/\",\"name\":\"Por qu\u00e9 unirse a nosotros - Ionisos\",\"isPartOf\":{\"@id\":\"https:\/\/www.ionisos.com\/#website\"},\"datePublished\":\"2025-11-13T14:59:59+00:00\",\"description\":\"Ionisos, especialista en esterilizaci\u00f3n por ionizaci\u00f3n gamma y beta y \u00f3xido de etileno, cuenta con 10 centros en Europa.\",\"breadcrumb\":{\"@id\":\"https:\/\/www.ionisos.com\/es\/por-que-unirse-a-nosotros\/#breadcrumb\"},\"inLanguage\":\"es\",\"potentialAction\":[{\"@type\":\"ReadAction\",\"target\":[\"https:\/\/www.ionisos.com\/es\/por-que-unirse-a-nosotros\/\"]}]},{\"@type\":\"BreadcrumbList\",\"@id\":\"https:\/\/www.ionisos.com\/es\/por-que-unirse-a-nosotros\/#breadcrumb\",\"itemListElement\":[{\"@type\":\"ListItem\",\"position\":1,\"name\":\"Accueil\",\"item\":\"https:\/\/www.ionisos.com\/es\/\"},{\"@type\":\"ListItem\",\"position\":2,\"name\":\"Por qu\u00e9 unirse a nosotros\"}]},{\"@type\":\"WebSite\",\"@id\":\"https:\/\/www.ionisos.com\/#website\",\"url\":\"https:\/\/www.ionisos.com\/\",\"name\":\"Ionisos\",\"description\":\"Ionisation par \u00e9lectrons acc\u00e9l\u00e9r\u00e9s, rayons gamma, rayons X et oxyde d&#039;\u00e9thyl\u00e8ne\",\"potentialAction\":[{\"@type\":\"SearchAction\",\"target\":{\"@type\":\"EntryPoint\",\"urlTemplate\":\"https:\/\/www.ionisos.com\/?s={search_term_string}\"},\"query-input\":{\"@type\":\"PropertyValueSpecification\",\"valueRequired\":true,\"valueName\":\"search_term_string\"}}],\"inLanguage\":\"es\"}]}<\/script>\n<!-- \/ Yoast SEO plugin. -->","yoast_head_json":{"title":"Por qu\u00e9 unirse a nosotros - Ionisos","description":"Ionisos, especialista en esterilizaci\u00f3n por ionizaci\u00f3n gamma y beta y \u00f3xido de etileno, cuenta con 10 centros en Europa.","robots":{"index":"index","follow":"follow","max-snippet":"max-snippet:-1","max-image-preview":"max-image-preview:large","max-video-preview":"max-video-preview:-1"},"canonical":"https:\/\/www.ionisos.com\/es\/por-que-unirse-a-nosotros\/","og_locale":"es_ES","og_type":"article","og_title":"Por qu\u00e9 unirse a nosotros - Ionisos","og_description":"Ionisos, especialista en esterilizaci\u00f3n por ionizaci\u00f3n gamma y beta y \u00f3xido de etileno, cuenta con 10 centros en Europa.","og_url":"https:\/\/www.ionisos.com\/es\/por-que-unirse-a-nosotros\/","og_site_name":"Ionisos","twitter_card":"summary_large_image","twitter_misc":{"Tiempo de lectura":"3 minutos"},"schema":{"@context":"https:\/\/schema.org","@graph":[{"@type":"WebPage","@id":"https:\/\/www.ionisos.com\/es\/por-que-unirse-a-nosotros\/","url":"https:\/\/www.ionisos.com\/es\/por-que-unirse-a-nosotros\/","name":"Por qu\u00e9 unirse a nosotros - Ionisos","isPartOf":{"@id":"https:\/\/www.ionisos.com\/#website"},"datePublished":"2025-11-13T14:59:59+00:00","description":"Ionisos, especialista en esterilizaci\u00f3n por ionizaci\u00f3n gamma y beta y \u00f3xido de etileno, cuenta con 10 centros en Europa.","breadcrumb":{"@id":"https:\/\/www.ionisos.com\/es\/por-que-unirse-a-nosotros\/#breadcrumb"},"inLanguage":"es","potentialAction":[{"@type":"ReadAction","target":["https:\/\/www.ionisos.com\/es\/por-que-unirse-a-nosotros\/"]}]},{"@type":"BreadcrumbList","@id":"https:\/\/www.ionisos.com\/es\/por-que-unirse-a-nosotros\/#breadcrumb","itemListElement":[{"@type":"ListItem","position":1,"name":"Accueil","item":"https:\/\/www.ionisos.com\/es\/"},{"@type":"ListItem","position":2,"name":"Por qu\u00e9 unirse a nosotros"}]},{"@type":"WebSite","@id":"https:\/\/www.ionisos.com\/#website","url":"https:\/\/www.ionisos.com\/","name":"Ionisos","description":"Ionisation par \u00e9lectrons acc\u00e9l\u00e9r\u00e9s, rayons gamma, rayons X et oxyde d&#039;\u00e9thyl\u00e8ne","potentialAction":[{"@type":"SearchAction","target":{"@type":"EntryPoint","urlTemplate":"https:\/\/www.ionisos.com\/?s={search_term_string}"},"query-input":{"@type":"PropertyValueSpecification","valueRequired":true,"valueName":"search_term_string"}}],"inLanguage":"es"}]}},"_links":{"self":[{"href":"https:\/\/www.ionisos.com\/es\/wp-json\/wp\/v2\/pages\/21952","targetHints":{"allow":["GET"]}}],"collection":[{"href":"https:\/\/www.ionisos.com\/es\/wp-json\/wp\/v2\/pages"}],"about":[{"href":"https:\/\/www.ionisos.com\/es\/wp-json\/wp\/v2\/types\/page"}],"author":[{"embeddable":true,"href":"https:\/\/www.ionisos.com\/es\/wp-json\/wp\/v2\/users\/1"}],"replies":[{"embeddable":true,"href":"https:\/\/www.ionisos.com\/es\/wp-json\/wp\/v2\/comments?post=21952"}],"version-history":[{"count":7,"href":"https:\/\/www.ionisos.com\/es\/wp-json\/wp\/v2\/pages\/21952\/revisions"}],"predecessor-version":[{"id":27594,"href":"https:\/\/www.ionisos.com\/es\/wp-json\/wp\/v2\/pages\/21952\/revisions\/27594"}],"wp:attachment":[{"href":"https:\/\/www.ionisos.com\/es\/wp-json\/wp\/v2\/media?parent=21952"}],"curies":[{"name":"wp","href":"https:\/\/api.w.org\/{rel}","templated":true}]}}