 {"id":19164,"date":"2025-10-09T16:49:12","date_gmt":"2025-10-09T14:49:12","guid":{"rendered":"https:\/\/www.ionisos.com\/?page_id=19164"},"modified":"2025-10-09T16:51:24","modified_gmt":"2025-10-09T14:51:24","slug":"sostenibilidad","status":"publish","type":"page","link":"https:\/\/www.ionisos.com\/es\/sostenibilidad\/","title":{"rendered":"Sostenibilidad"},"content":{"rendered":"<p>[vc_row bg_image=&#8221;24540&#8243; bg_repeat=&#8221;no-repeat&#8221; text_color=&#8221;light&#8221; text_align=&#8221;center&#8221; top_padding=&#8221;100&#8243; bottom_padding=&#8221;100&#8243;][vc_column width=&#8221;1\/1&#8243;]<h1 class=\"headline font-special fontsize-xxxl fontweight-inherit lh-inherit align-center transform-uppercase \" style=\"margin: 0 0 20px 0;\"><strong>Desarrollo sostenible<\/strong><\/h1>[\/vc_column][\/vc_row][vc_row][vc_column width=&#8221;1\/1&#8243;]<div class=\"spacer\" style=\"height: 60px;\"><\/div>[vc_column_text]<\/p>\n<p style=\"text-align: left;\"><span style=\"font-family: Abel; font-size: 25px;\">Una pol\u00edtica s\u00f3lida de <strong>desarrollo sostenible<\/strong><\/span><\/p>\n<p>Ionisos es un l\u00edder europeo en la esterilizaci\u00f3n de dispositivos m\u00e9dicos, con 12 sitios en Europa que utilizan tecnolog\u00edas de vanguardia como los rayos gamma, los haces de electrones, los rayos X y el \u00f3xido de etileno. Nuestro compromiso con el desarrollo sostenible est\u00e1 en el centro de nuestras actividades, con el objetivo de proteger el medio ambiente y la biodiversidad, al mismo tiempo que garantizamos condiciones de trabajo \u00f3ptimas para nuestros empleados. Tambi\u00e9n participamos en la reticulaci\u00f3n para mejorar las propiedades de los pol\u00edmeros, lo que demuestra nuestra dedicaci\u00f3n continua a la innovaci\u00f3n y la responsabilidad medioambiental.[\/vc_column_text]<div class=\"spacer\" style=\"height: 40px;\"><\/div><div class=\"single_image wpb_content_element align-center    \" data-animation=\"none\" data-delay=\"0\"><img loading=\"lazy\" decoding=\"async\" width=\"300\" height=\"181\" src=\"https:\/\/www.ionisos.com\/wp-content\/uploads\/2025\/03\/SBTI-300x181.jpg\" class=\"attachment-medium\" alt=\"\" srcset=\"https:\/\/www.ionisos.com\/wp-content\/uploads\/2025\/03\/SBTI-300x181.jpg 300w, https:\/\/www.ionisos.com\/wp-content\/uploads\/2025\/03\/SBTI-1024x618.jpg 1024w, https:\/\/www.ionisos.com\/wp-content\/uploads\/2025\/03\/SBTI-768x464.jpg 768w, https:\/\/www.ionisos.com\/wp-content\/uploads\/2025\/03\/SBTI.jpg 1280w\" sizes=\"auto, (max-width: 300px) 100vw, 300px\" \/><\/div>[vc_column_text]<\/p>\n<p style=\"text-align: left;\"><span style=\"font-family: Abel; font-size: 25px;\">Ionisos se ha unido a la <strong>Science Based Targets Initiative<\/strong> (SBTI) y se compromete a <strong>reducir sus emisiones de carbono en un 42% para 2030<\/strong><\/span><\/p>\n<p data-start=\"438\" data-end=\"698\">Al adherirse a esta iniciativa, nos comprometemos a reducir nuestras emisiones de gases de efecto invernadero en un 42% para 2030, bas\u00e1ndonos en nuestras emisiones de 2021, en l\u00ednea con el objetivo del Acuerdo de Par\u00eds de limitar el calentamiento global a 1,5\u00b0C.<\/p>\n<p data-start=\"700\" data-end=\"880\">Este compromiso forma parte de nuestro proceso continuo de reducci\u00f3n de nuestro impacto ambiental y de desarrollo de soluciones m\u00e1s sostenibles para nuestros clientes y socios.<\/p>\n<p data-start=\"882\" data-end=\"1128\">Estamos convencidos de que la industria tiene un papel clave en la transici\u00f3n hacia un futuro m\u00e1s sostenible. Por ello, seguiremos invirtiendo en tecnolog\u00edas y pr\u00e1cticas innovadoras para alcanzar nuestros objetivos clim\u00e1ticos.<\/p>\n<p>[\/vc_column_text]<div class=\"spacer\" style=\"height: 40px;\"><\/div>[\/vc_column][\/vc_row][vc_row bg_color=&#8221;#f3f3f3&#8243;][vc_column width=&#8221;1\/1&#8243;]<div class=\"spacer\" style=\"height: 40px;\"><\/div><h3 class=\"headline font-inherit fontsize-l fontweight-inherit lh-inherit align-left transform-inherit \" style=\"margin: 0 0 20px 0;\">Nuestra pol\u00edtica de sostenibilidad se basa en tres pilares fundamentales.<\/h3><div class=\"spacer\" style=\"height: 40px;\"><\/div>[vc_row_inner][vc_column_inner width=&#8221;1\/3&#8243;]<div class=\"iconbox  wpb_content_element iconbox-style-2 icon-color-greyscale color-dark clearfix\"><div class=\"iconbox-icon\"><img src='https:\/\/www.ionisos.com\/wp-content\/uploads\/2024\/01\/partners.png' class='iconimg' alt='Gobernanza' \/><\/div><div class=\"iconbox-content\"><h3>Gobernanza<\/h3><p>La gobernanza de la sostenibilidad tiene como objetivo definir la estrategia de Ionisos, los indicadores clave de rendimiento (KPI) y el plan de acci\u00f3n, controlar peri\u00f3dicamente el progreso de las acciones y garantizar una mejora continua.<br \/>\nEn 2021, Ionisos cre\u00f3 un equipo multidisciplinario dedicado, totalmente integrado en la organizaci\u00f3n, para desarrollar la estrategia de sostenibilidad, bajo la direcci\u00f3n de una Directora de Desarrollo Sostenible que informa directamente al presidente.<\/p><\/div><\/div>[\/vc_column_inner][vc_column_inner width=&#8221;1\/3&#8243;]<div class=\"iconbox  wpb_content_element iconbox-style-2 icon-color-greyscale color-dark clearfix\"><div class=\"iconbox-icon\"><img src='https:\/\/www.ionisos.com\/wp-content\/uploads\/2024\/01\/quality.png' class='iconimg' alt='Social' \/><\/div><div class=\"iconbox-content\"><h3>Social<\/h3><p>El desarrollo sostenible no se trata \u00fanicamente de la protecci\u00f3n del medio ambiente o del mantenimiento de asociaciones duraderas, sino tambi\u00e9n \u2014y en igual medida\u2014 de las personas.<br \/>\nDe hecho, son las personas quienes prestan los servicios a nuestros clientes y, de este modo, crean valor. Una de las prioridades del grupo es, por tanto, tomar todas las medidas necesarias para que los empleados puedan contribuir, tener un impacto, desarrollarse y sentirse bien en su trabajo.<\/p><\/div><\/div>[\/vc_column_inner][vc_column_inner width=&#8221;1\/3&#8243;]<div class=\"iconbox  wpb_content_element iconbox-style-2 icon-color-greyscale color-dark clearfix\"><div class=\"iconbox-icon\"><img src='https:\/\/www.ionisos.com\/wp-content\/uploads\/2024\/01\/planet-earth.png' class='iconimg' alt='Medio ambiente' \/><\/div><div class=\"iconbox-content\"><h3>Medio ambiente<\/h3><p>Nos esforzamos continuamente por reducir el impacto negativo que tenemos sobre el medio ambiente. Ya sea mejorando la eficiencia energ\u00e9tica de nuestras instalaciones o modificando nuestros h\u00e1bitos diarios, consideramos nuestro impacto desde una perspectiva de ciclo de vida y tomamos medidas importantes para reducirlo.<\/p><\/div><\/div>[\/vc_column_inner][\/vc_row_inner]<div class=\"spacer\" style=\"height: 40px;\"><\/div>[\/vc_column][\/vc_row][vc_row bg_color=&#8221;#0b2677&#8243; text_color=&#8221;light&#8221; text_align=&#8221;center&#8221; top_padding=&#8221;40&#8243; bottom_padding=&#8221;40&#8243;][vc_column width=&#8221;1\/2&#8243;]<div class=\"spacer\" style=\"height: 5px;\"><\/div>[vc_column_text]<\/p>\n<h3 style=\"text-align: left;\">Consulte nuestro \u00faltimo informe de sostenibilidad<\/h3>\n<p>[\/vc_column_text][\/vc_column][vc_column width=&#8221;1\/4&#8243;]<a href=\"https:\/\/www.ionisos.com\/wp-content\/uploads\/2025\/10\/ES-Ionisos_2024_Sustainability_Report_250718_VF.pdf\" target=\"_blank\" class=\"button color-8 large \" style=\"border-radius: 2px;\">Informe de sostenibilidad 2024 (Espa\u00f1ol)<\/a>[\/vc_column][vc_column width=&#8221;1\/4&#8243;]<a href=\"https:\/\/www.ionisos.com\/wp-content\/uploads\/2025\/08\/Ionisos_2024_Sustainability_Report.pdf\" target=\"_blank\" class=\"button color-8 large \" style=\"border-radius: 2px;\">Informe de sostenibilidad 2024 (Ingl\u00e9s)<\/a>[\/vc_column][\/vc_row][vc_row bg_color=&#8221;#0b2677&#8243; text_color=&#8221;light&#8221; text_align=&#8221;center&#8221; top_padding=&#8221;0&#8243; bottom_padding=&#8221;30&#8243;][vc_column width=&#8221;1\/2&#8243;]<a href=\"https:\/\/www.ionisos.com\/wp-content\/uploads\/2023\/11\/Sustainability-report-2022-1.pdf\" target=\"_blank\" class=\"button color-8 small \" style=\"border-radius: 2px;\">Informe de sostenibilidad 2022<\/a>[\/vc_column][vc_column width=&#8221;1\/2&#8243;]<a href=\"https:\/\/www.ionisos.com\/wp-content\/uploads\/2025\/03\/Sustainability-report-2023.pdf\" target=\"_blank\" class=\"button color-8 small \" style=\"border-radius: 2px;\">Informe de sostenibilidad 2023<\/a>[\/vc_column][\/vc_row]<\/p>\n","protected":false},"excerpt":{"rendered":"<p>[vc_row bg_image=&#8221;24540&#8243; bg_repeat=&#8221;no-repeat&#8221; text_color=&#8221;light&#8221; text_align=&#8221;center&#8221; top_padding=&#8221;100&#8243; bottom_padding=&#8221;100&#8243;][vc_column width=&#8221;1\/1&#8243;][\/vc_column][\/vc_row][vc_row][vc_column width=&#8221;1\/1&#8243;][vc_column_text] Una pol\u00edtica s\u00f3lida de desarrollo sostenible Ionisos es un l\u00edder europeo en la esterilizaci\u00f3n de dispositivos m\u00e9dicos, con 12 sitios en Europa que utilizan tecnolog\u00edas de vanguardia como los rayos gamma, los haces de electrones, los rayos X y el \u00f3xido de etileno. Nuestro compromiso con el desarrollo sostenible est\u00e1 en el centro de nuestras actividades, con el objetivo de proteger el medio ambiente y la biodiversidad, al mismo tiempo que garantizamos condiciones de trabajo \u00f3ptimas para nuestros empleados. Tambi\u00e9n participamos en la reticulaci\u00f3n para mejorar las propiedades de los pol\u00edmeros, lo que demuestra nuestra dedicaci\u00f3n continua a la innovaci\u00f3n y la responsabilidad medioambiental.[\/vc_column_text][vc_column_text] Ionisos se ha unido a la Science Based Targets Initiative (SBTI) y se compromete a reducir sus emisiones de carbono en un 42% para 2030 Al adherirse a esta iniciativa, nos comprometemos a reducir nuestras emisiones de gases de efecto invernadero en un 42% para 2030, bas\u00e1ndonos en nuestras emisiones de 2021, en l\u00ednea con el objetivo del Acuerdo de Par\u00eds de limitar el calentamiento global a 1,5\u00b0C. Este compromiso forma parte de nuestro proceso continuo de reducci\u00f3n de nuestro impacto ambiental y de desarrollo de soluciones [&hellip;]<\/p>\n","protected":false},"author":1,"featured_media":0,"parent":0,"menu_order":0,"comment_status":"closed","ping_status":"open","template":"","meta":{"inline_featured_image":false,"footnotes":""},"class_list":["post-19164","page","type-page","status-publish","hentry"],"yoast_head":"<!-- This site is optimized with the Yoast SEO plugin v26.3 - https:\/\/yoast.com\/wordpress\/plugins\/seo\/ -->\n<title>Ionisos, nuestros compromisos<\/title>\n<meta name=\"description\" content=\"Ionisos, nuestros compromisos\" \/>\n<meta name=\"robots\" content=\"index, follow, max-snippet:-1, max-image-preview:large, max-video-preview:-1\" \/>\n<link rel=\"canonical\" href=\"https:\/\/www.ionisos.com\/es\/sostenibilidad\/\" \/>\n<meta property=\"og:locale\" content=\"es_ES\" \/>\n<meta property=\"og:type\" content=\"article\" \/>\n<meta property=\"og:title\" content=\"Ionisos, nuestros compromisos\" \/>\n<meta property=\"og:description\" content=\"Ionisos, nuestros compromisos\" \/>\n<meta property=\"og:url\" content=\"https:\/\/www.ionisos.com\/es\/sostenibilidad\/\" \/>\n<meta property=\"og:site_name\" content=\"Ionisos\" \/>\n<meta property=\"article:modified_time\" content=\"2025-10-09T14:51:24+00:00\" \/>\n<meta name=\"twitter:card\" content=\"summary_large_image\" \/>\n<meta name=\"twitter:label1\" content=\"Tiempo de lectura\" \/>\n\t<meta name=\"twitter:data1\" content=\"3 minutos\" \/>\n<script type=\"application\/ld+json\" class=\"yoast-schema-graph\">{\"@context\":\"https:\/\/schema.org\",\"@graph\":[{\"@type\":\"WebPage\",\"@id\":\"https:\/\/www.ionisos.com\/es\/sostenibilidad\/\",\"url\":\"https:\/\/www.ionisos.com\/es\/sostenibilidad\/\",\"name\":\"Ionisos, nuestros compromisos\",\"isPartOf\":{\"@id\":\"https:\/\/www.ionisos.com\/#website\"},\"datePublished\":\"2025-10-09T14:49:12+00:00\",\"dateModified\":\"2025-10-09T14:51:24+00:00\",\"description\":\"Ionisos, nuestros compromisos\",\"breadcrumb\":{\"@id\":\"https:\/\/www.ionisos.com\/es\/sostenibilidad\/#breadcrumb\"},\"inLanguage\":\"es\",\"potentialAction\":[{\"@type\":\"ReadAction\",\"target\":[\"https:\/\/www.ionisos.com\/es\/sostenibilidad\/\"]}]},{\"@type\":\"BreadcrumbList\",\"@id\":\"https:\/\/www.ionisos.com\/es\/sostenibilidad\/#breadcrumb\",\"itemListElement\":[{\"@type\":\"ListItem\",\"position\":1,\"name\":\"Accueil\",\"item\":\"https:\/\/www.ionisos.com\/es\/\"},{\"@type\":\"ListItem\",\"position\":2,\"name\":\"Sostenibilidad\"}]},{\"@type\":\"WebSite\",\"@id\":\"https:\/\/www.ionisos.com\/#website\",\"url\":\"https:\/\/www.ionisos.com\/\",\"name\":\"Ionisos\",\"description\":\"Ionisation par \u00e9lectrons acc\u00e9l\u00e9r\u00e9s, rayons gamma, rayons X et oxyde d&#039;\u00e9thyl\u00e8ne\",\"potentialAction\":[{\"@type\":\"SearchAction\",\"target\":{\"@type\":\"EntryPoint\",\"urlTemplate\":\"https:\/\/www.ionisos.com\/?s={search_term_string}\"},\"query-input\":{\"@type\":\"PropertyValueSpecification\",\"valueRequired\":true,\"valueName\":\"search_term_string\"}}],\"inLanguage\":\"es\"}]}<\/script>\n<!-- \/ Yoast SEO plugin. -->","yoast_head_json":{"title":"Ionisos, nuestros compromisos","description":"Ionisos, nuestros compromisos","robots":{"index":"index","follow":"follow","max-snippet":"max-snippet:-1","max-image-preview":"max-image-preview:large","max-video-preview":"max-video-preview:-1"},"canonical":"https:\/\/www.ionisos.com\/es\/sostenibilidad\/","og_locale":"es_ES","og_type":"article","og_title":"Ionisos, nuestros compromisos","og_description":"Ionisos, nuestros compromisos","og_url":"https:\/\/www.ionisos.com\/es\/sostenibilidad\/","og_site_name":"Ionisos","article_modified_time":"2025-10-09T14:51:24+00:00","twitter_card":"summary_large_image","twitter_misc":{"Tiempo de lectura":"3 minutos"},"schema":{"@context":"https:\/\/schema.org","@graph":[{"@type":"WebPage","@id":"https:\/\/www.ionisos.com\/es\/sostenibilidad\/","url":"https:\/\/www.ionisos.com\/es\/sostenibilidad\/","name":"Ionisos, nuestros compromisos","isPartOf":{"@id":"https:\/\/www.ionisos.com\/#website"},"datePublished":"2025-10-09T14:49:12+00:00","dateModified":"2025-10-09T14:51:24+00:00","description":"Ionisos, nuestros compromisos","breadcrumb":{"@id":"https:\/\/www.ionisos.com\/es\/sostenibilidad\/#breadcrumb"},"inLanguage":"es","potentialAction":[{"@type":"ReadAction","target":["https:\/\/www.ionisos.com\/es\/sostenibilidad\/"]}]},{"@type":"BreadcrumbList","@id":"https:\/\/www.ionisos.com\/es\/sostenibilidad\/#breadcrumb","itemListElement":[{"@type":"ListItem","position":1,"name":"Accueil","item":"https:\/\/www.ionisos.com\/es\/"},{"@type":"ListItem","position":2,"name":"Sostenibilidad"}]},{"@type":"WebSite","@id":"https:\/\/www.ionisos.com\/#website","url":"https:\/\/www.ionisos.com\/","name":"Ionisos","description":"Ionisation par \u00e9lectrons acc\u00e9l\u00e9r\u00e9s, rayons gamma, rayons X et oxyde d&#039;\u00e9thyl\u00e8ne","potentialAction":[{"@type":"SearchAction","target":{"@type":"EntryPoint","urlTemplate":"https:\/\/www.ionisos.com\/?s={search_term_string}"},"query-input":{"@type":"PropertyValueSpecification","valueRequired":true,"valueName":"search_term_string"}}],"inLanguage":"es"}]}},"_links":{"self":[{"href":"https:\/\/www.ionisos.com\/es\/wp-json\/wp\/v2\/pages\/19164","targetHints":{"allow":["GET"]}}],"collection":[{"href":"https:\/\/www.ionisos.com\/es\/wp-json\/wp\/v2\/pages"}],"about":[{"href":"https:\/\/www.ionisos.com\/es\/wp-json\/wp\/v2\/types\/page"}],"author":[{"embeddable":true,"href":"https:\/\/www.ionisos.com\/es\/wp-json\/wp\/v2\/users\/1"}],"replies":[{"embeddable":true,"href":"https:\/\/www.ionisos.com\/es\/wp-json\/wp\/v2\/comments?post=19164"}],"version-history":[{"count":8,"href":"https:\/\/www.ionisos.com\/es\/wp-json\/wp\/v2\/pages\/19164\/revisions"}],"predecessor-version":[{"id":27402,"href":"https:\/\/www.ionisos.com\/es\/wp-json\/wp\/v2\/pages\/19164\/revisions\/27402"}],"wp:attachment":[{"href":"https:\/\/www.ionisos.com\/es\/wp-json\/wp\/v2\/media?parent=19164"}],"curies":[{"name":"wp","href":"https:\/\/api.w.org\/{rel}","templated":true}]}}