 {"id":18274,"date":"2017-06-13T10:40:12","date_gmt":"2017-06-13T08:40:12","guid":{"rendered":"https:\/\/www.ionisos.com\/nuestros-sitios\/dagneux\/"},"modified":"2025-06-24T14:45:39","modified_gmt":"2025-06-24T12:45:39","slug":"dagneux","status":"publish","type":"page","link":"https:\/\/www.ionisos.com\/es\/nuestros-sitios\/dagneux\/","title":{"rendered":"Dagneux"},"content":{"rendered":"<p>[vc_row bg_image=&#8221;18267&#8243; bg_repeat=&#8221;no-repeat&#8221; text_color=&#8221;light&#8221; text_align=&#8221;center&#8221; top_padding=&#8221;100&#8243; bottom_padding=&#8221;100&#8243;][vc_column width=&#8221;1\/1&#8243;]<h1 class=\"headline font-special fontsize-xxxl fontweight-inherit lh-inherit align-center transform-uppercase \" style=\"margin: 0;\"><strong>Dagneux <\/strong><\/h1>[\/vc_column][\/vc_row][vc_row][vc_column width=&#8221;1\/1&#8243;]<div class=\"spacer\" style=\"height: 60px;\"><\/div>[vc_raw_html]PGlmcmFtZSBzdHlsZT0iYm9yZGVyOiAwOyIgc3JjPSJodHRwczovL3d3dy5nb29nbGUuY29tL21hcHMvZW1iZWQ\/cGI9ITFtMTghMW0xMiExbTMhMWQyNzc5Ljc3NDM4OTI1NjU3OCEyZDUuMDY4Njk1OTc4MDUzOTY2ITNkNDUuODM1Nzk4OTA4NTY1NjghMm0zITFmMCEyZjAhM2YwITNtMiExaTEwMjQhMmk3NjghNGYxMy4xITNtMyExbTIhMXMweDQ3ZjRiNzZhOGM1MGY4MjclM0EweDZiYTc4YWQ4ZDJjZDg2NjQhMnNJb25pc29zJTIwLSUyMERhZ25ldXghNWUwITNtMiExc2ZyITJzZnIhNHYxNzAzMDg5ODM5ODMxITVtMiExc2ZyITJzZnIiIHdpZHRoPSIxMDAlIiBoZWlnaHQ9IjMwMCIgYWxsb3dmdWxsc2NyZWVuPSJhbGxvd2Z1bGxzY3JlZW4iPjwvaWZyYW1lPg==[\/vc_raw_html]<div class=\"spacer\" style=\"height: 60px;\"><\/div>[\/vc_column][\/vc_row][vc_row][vc_column width=&#8221;1\/3&#8243;][vc_column_text]<strong>Direcci\u00f3n<\/strong><br \/>\nPARC DOMBES COTIERE ACTIVITES<br \/>\n176 Route de Balan<br \/>\n01120 Dagneux<br \/>\nFRANCIA[\/vc_column_text]<div class=\"uavc-list-icon uavc-list-icon-wrapper ult-adjust-bottom-margin   \"><ul class=\"uavc-list\"><li><div class=\"uavc-list-content\" id=\"list-icon-wrap-2715\">\n<div class=\"uavc-list-icon  \" data-animation=\"\" data-animation-delay=\"03\" style=\"margin-right:20px;\"><div class=\"ult-just-icon-wrapper  \"><div class=\"align-icon\" style=\"text-align:center;\">\n<div class=\"aio-icon none \"  style=\"color:#5996d1;font-size:30px;display:inline-block;\">\n\t<i class=\"Defaults-phone\"><\/i>\n<\/div><\/div><\/div>\n<\/div><span  data-ultimate-target='#list-icon-wrap-2715 .uavc-list-desc'  data-responsive-json-new='{\"font-size\":\"\",\"line-height\":\"\"}'  class=\"uavc-list-desc ult-responsive\" style=\"\">+33 (0) 4 78 06 41 14<\/span><\/div><\/li><li><div class=\"uavc-list-content\" id=\"list-icon-wrap-9339\">\n<div class=\"uavc-list-icon  \" data-animation=\"\" data-animation-delay=\"03\" style=\"margin-right:20px;\"><div class=\"ult-just-icon-wrapper  \"><div class=\"align-icon\" style=\"text-align:center;\">\n<div class=\"aio-icon none \"  style=\"color:#5996d1;font-size:30px;display:inline-block;\">\n\t<i class=\"Defaults-envelope-o\"><\/i>\n<\/div><\/div><\/div>\n<\/div><span  data-ultimate-target='#list-icon-wrap-9339 .uavc-list-desc'  data-responsive-json-new='{\"font-size\":\"\",\"line-height\":\"\"}'  class=\"uavc-list-desc ult-responsive\" style=\"\"><a href=\"mailto:info@ionisos.com\">info@ionisos.com<\/a><\/span><\/div><\/li><\/ul><\/div>[\/vc_column][vc_column width=&#8221;1\/3&#8243;][vc_column_text]<strong>Caracter\u00edsticas del sitio<\/strong><\/p>\n<a href=\"https:\/\/www.ionisos.com\/es\/nuestras-actividades\/tratamiento-gamma\/\" target=\"_self\" class=\"button custom small \" style=\"background-color: #5996d1; border-color: #5996d1;border-radius: 2px;\">Rayos Gamma<\/a>[\/vc_column_text][vc_raw_html]PHRhYmxlIGJvcmRlcj0iMSIgd2lkdGg9IjEwMCUiPg0KPHRib2R5Pg0KPHRyPg0KPHRkPlRpcG86PC90ZD4NCjx0ZD5JcnJhZGlhZG9yPC90ZD4NCjwvdHI+DQo8dHI+DQo8dGQ+RGltZW5zaW9uZXMgZGUgcGFsZXRhczo8L3RkPg0KPHRkPjYwMCB4IDQyMCB4IDEyODAgbW08L3RkPg0KPC90cj4NCjx0cj4NCjx0ZD5QZXNvIG3DoXhpbW8gZGUgbGFzIHBhbGV0YXM6PC90ZD4NCjx0ZD4xMjAga2c8L3RkPg0KPC90cj4NCjwvdGJvZHk+DQo8L3RhYmxlPg==[\/vc_raw_html][\/vc_column][vc_column text_color=&#8221;light&#8221; text_align=&#8221;center&#8221; width=&#8221;1\/3&#8243;]<div class=\" ubtn-ctn-left \"><a class=\"ubtn-link ult-adjust-bottom-margin ubtn-left ubtn-large \"  rel='' href = \"https:\/\/www.ionisos.com\/es\/contacto\/\" ><button type=\"button\" id=\"ubtn-9378\" class=\"ubtn ult-adjust-bottom-margin ult-responsive ubtn-large ubtn-no-hover-bg  none  ubtn-sep-icon ubtn-sep-icon-bottom-push  ubtn-left   tooltip-69ea9bfc08209\"  data-hover=\"\" data-border-color=\"\" data-bg=\"#5996d1\" data-hover-bg=\"\" data-border-hover=\"\" data-shadow-hover=\"\" data-shadow-click=\"none\" data-shadow=\"\" data-shd-shadow=\"\"  data-ultimate-target='#ubtn-9378'  data-responsive-json-new='{\"font-size\":\"\",\"line-height\":\"\"}'  style=\"font-weight:normal;border:none;background: #5996d1;color: #ffffff;\"><span class=\"ubtn-data ubtn-icon\"><i class=\"Defaults-envelope-o\" style=\"font-size:32px;color:;\"><\/i><\/span><span class=\"ubtn-hover\" style=\"background-color:\"><\/span><span class=\"ubtn-data ubtn-text \" >Contacte a nuestros equipos de expertos para obtener m\u00e1s informaci\u00f3n sobre nuestras ofertas<\/span><\/button><\/a><\/div>[\/vc_column][\/vc_row][vc_row][vc_column width=&#8221;1\/1&#8243;]<div class=\"spacer\" style=\"height: 60px;\"><\/div>[vc_column_text]<strong>Certificados<\/strong>[\/vc_column_text][vc_row_inner][vc_column_inner width=&#8221;1\/6&#8243;]<div class=\" ubtn-ctn-left \"><a class=\"ubtn-link ult-adjust-bottom-margin ubtn-left ubtn-normal \"  rel='' href = \"https:\/\/www.ionisos.com\/wp-content\/uploads\/2024\/06\/CERTIFICAT-BPF-IONISOS-2210.pdf\" target='_blank'><button type=\"button\" id=\"ubtn-1858\" class=\"ubtn ult-adjust-bottom-margin ult-responsive ubtn-normal ubtn-no-hover-bg  none  ubtn-left   tooltip-69ea9bfc0825b\"  data-hover=\"\" data-border-color=\"\" data-bg=\"#e0e0e0\" data-hover-bg=\"\" data-border-hover=\"\" data-shadow-hover=\"\" data-shadow-click=\"none\" data-shadow=\"\" data-shd-shadow=\"\"  data-ultimate-target='#ubtn-1858'  data-responsive-json-new='{\"font-size\":\"\",\"line-height\":\"\"}'  style=\"font-weight:normal;border:none;background: #e0e0e0;color: #000000;\"><span class=\"ubtn-hover\" style=\"background-color:\"><\/span><span class=\"ubtn-data ubtn-text \" >Certificado GMP ANSES<\/span><\/button><\/a><\/div>[\/vc_column_inner][vc_column_inner width=&#8221;1\/6&#8243;]<div class=\" ubtn-ctn-left \"><a class=\"ubtn-link ult-adjust-bottom-margin ubtn-left ubtn-normal \"  rel='' href = \"https:\/\/www.ionisos.com\/wp-content\/uploads\/2024\/01\/Certificat_cGMP_07122023.pdf\" ><button type=\"button\" id=\"ubtn-6010\" class=\"ubtn ult-adjust-bottom-margin ult-responsive ubtn-normal ubtn-no-hover-bg  none  ubtn-left   tooltip-69ea9bfc0827a\"  data-hover=\"\" data-border-color=\"\" data-bg=\"#e0e0e0\" data-hover-bg=\"\" data-border-hover=\"\" data-shadow-hover=\"\" data-shadow-click=\"none\" data-shadow=\"\" data-shd-shadow=\"\"  data-ultimate-target='#ubtn-6010'  data-responsive-json-new='{\"font-size\":\"\",\"line-height\":\"\"}'  style=\"font-weight:normal;border:none;background: #e0e0e0;color: #000000;\"><span class=\"ubtn-hover\" style=\"background-color:\"><\/span><span class=\"ubtn-data ubtn-text \" >Certificado GMP ANSM<\/span><\/button><\/a><\/div>[\/vc_column_inner][vc_column_inner width=&#8221;1\/6&#8243;]<div class=\" ubtn-ctn-left \"><a class=\"ubtn-link ult-adjust-bottom-margin ubtn-left ubtn-normal \"  rel='' href = \"https:\/\/www.ionisos.com\/wp-content\/uploads\/2023\/03\/IONISOS-Dagneux-Certificat-enregistrement-Japon-ref-BG21000064-DM-DFV-07-08-2027-.pdf\" target='_blank'><button type=\"button\" id=\"ubtn-5993\" class=\"ubtn ult-adjust-bottom-margin ult-responsive ubtn-normal ubtn-no-hover-bg  none  ubtn-left   tooltip-69ea9bfc08293\"  data-hover=\"\" data-border-color=\"\" data-bg=\"#e0e0e0\" data-hover-bg=\"\" data-border-hover=\"\" data-shadow-hover=\"\" data-shadow-click=\"none\" data-shadow=\"\" data-shd-shadow=\"\"  data-ultimate-target='#ubtn-5993'  data-responsive-json-new='{\"font-size\":\"\",\"line-height\":\"\"}'  style=\"font-weight:normal;border:none;background: #e0e0e0;color: #000000;\"><span class=\"ubtn-hover\" style=\"background-color:\"><\/span><span class=\"ubtn-data ubtn-text \" >Certificado de registro de Jap\u00f3n<\/span><\/button><\/a><\/div>[\/vc_column_inner][vc_column_inner width=&#8221;1\/6&#8243;]<div class=\" ubtn-ctn-left \"><a class=\"ubtn-link ult-adjust-bottom-margin ubtn-left ubtn-normal \"  rel='' href = \"https:\/\/www.ionisos.com\/wp-content\/uploads\/2025\/06\/9001.pdf\" target='_blank'><button type=\"button\" id=\"ubtn-9211\" class=\"ubtn ult-adjust-bottom-margin ult-responsive ubtn-normal ubtn-no-hover-bg  none  ubtn-left   tooltip-69ea9bfc082ac\"  data-hover=\"\" data-border-color=\"\" data-bg=\"#e0e0e0\" data-hover-bg=\"\" data-border-hover=\"\" data-shadow-hover=\"\" data-shadow-click=\"none\" data-shadow=\"\" data-shd-shadow=\"\"  data-ultimate-target='#ubtn-9211'  data-responsive-json-new='{\"font-size\":\"\",\"line-height\":\"\"}'  style=\"font-weight:normal;border:none;background: #e0e0e0;color: #000000;\"><span class=\"ubtn-hover\" style=\"background-color:\"><\/span><span class=\"ubtn-data ubtn-text \" >Certificado ISO 9001<\/span><\/button><\/a><\/div>[\/vc_column_inner][vc_column_inner width=&#8221;1\/6&#8243;]<div class=\" ubtn-ctn-left \"><a class=\"ubtn-link ult-adjust-bottom-margin ubtn-left ubtn-normal \"  rel='' href = \"https:\/\/www.ionisos.com\/wp-content\/uploads\/2025\/06\/13485.pdf\" target='_blank'><button type=\"button\" id=\"ubtn-7248\" class=\"ubtn ult-adjust-bottom-margin ult-responsive ubtn-normal ubtn-no-hover-bg  none  ubtn-left   tooltip-69ea9bfc082c4\"  data-hover=\"\" data-border-color=\"\" data-bg=\"#e0e0e0\" data-hover-bg=\"\" data-border-hover=\"\" data-shadow-hover=\"\" data-shadow-click=\"none\" data-shadow=\"\" data-shd-shadow=\"\"  data-ultimate-target='#ubtn-7248'  data-responsive-json-new='{\"font-size\":\"\",\"line-height\":\"\"}'  style=\"font-weight:normal;border:none;background: #e0e0e0;color: #000000;\"><span class=\"ubtn-hover\" style=\"background-color:\"><\/span><span class=\"ubtn-data ubtn-text \" >Certificado ISO 13485<\/span><\/button><\/a><\/div>[\/vc_column_inner][vc_column_inner width=&#8221;1\/6&#8243;]<div class=\" ubtn-ctn-left \"><a class=\"ubtn-link ult-adjust-bottom-margin ubtn-left ubtn-normal \"  rel='' href = \"https:\/\/www.ionisos.com\/wp-content\/uploads\/2025\/06\/13485-NF.pdf\" target='_blank'><button type=\"button\" id=\"ubtn-7776\" class=\"ubtn ult-adjust-bottom-margin ult-responsive ubtn-normal ubtn-no-hover-bg  none  ubtn-left   tooltip-69ea9bfc082db\"  data-hover=\"\" data-border-color=\"\" data-bg=\"#e0e0e0\" data-hover-bg=\"\" data-border-hover=\"\" data-shadow-hover=\"\" data-shadow-click=\"none\" data-shadow=\"\" data-shd-shadow=\"\"  data-ultimate-target='#ubtn-7776'  data-responsive-json-new='{\"font-size\":\"\",\"line-height\":\"\"}'  style=\"font-weight:normal;border:none;background: #e0e0e0;color: #000000;\"><span class=\"ubtn-hover\" style=\"background-color:\"><\/span><span class=\"ubtn-data ubtn-text \" >Certificado NF EN ISO 13485<\/span><\/button><\/a><\/div>[\/vc_column_inner][\/vc_row_inner][vc_row_inner][vc_column_inner width=&#8221;1\/6&#8243;]<div class=\" ubtn-ctn-left \"><a class=\"ubtn-link ult-adjust-bottom-margin ubtn-left ubtn-normal \"  rel='' href = \"https:\/\/www.ionisos.com\/wp-content\/uploads\/2021\/12\/Certificat-14001-tous-sites-09122021.pdf\" target='_blank'><button type=\"button\" id=\"ubtn-1433\" class=\"ubtn ult-adjust-bottom-margin ult-responsive ubtn-normal ubtn-no-hover-bg  none  ubtn-left   tooltip-69ea9bfc082f1\"  data-hover=\"\" data-border-color=\"\" data-bg=\"#e0e0e0\" data-hover-bg=\"\" data-border-hover=\"\" data-shadow-hover=\"\" data-shadow-click=\"none\" data-shadow=\"\" data-shd-shadow=\"\"  data-ultimate-target='#ubtn-1433'  data-responsive-json-new='{\"font-size\":\"\",\"line-height\":\"\"}'  style=\"font-weight:normal;border:none;background: #e0e0e0;color: #000000;\"><span class=\"ubtn-hover\" style=\"background-color:\"><\/span><span class=\"ubtn-data ubtn-text \" >Certificado ISO 14001<\/span><\/button><\/a><\/div>[\/vc_column_inner][vc_column_inner width=&#8221;1\/6&#8243;]<div class=\" ubtn-ctn-left \"><a class=\"ubtn-link ult-adjust-bottom-margin ubtn-left ubtn-normal \"  rel='' href = \"https:\/\/www.ionisos.com\/wp-content\/uploads\/2025\/02\/ISO_45001-ENG-C696997-0-20250227.pdf\" target='_blank'><button type=\"button\" id=\"ubtn-5818\" class=\"ubtn ult-adjust-bottom-margin ult-responsive ubtn-normal ubtn-no-hover-bg  none  ubtn-left   tooltip-69ea9bfc08307\"  data-hover=\"\" data-border-color=\"\" data-bg=\"#e0e0e0\" data-hover-bg=\"\" data-border-hover=\"\" data-shadow-hover=\"\" data-shadow-click=\"none\" data-shadow=\"\" data-shd-shadow=\"\"  data-ultimate-target='#ubtn-5818'  data-responsive-json-new='{\"font-size\":\"\",\"line-height\":\"\"}'  style=\"font-weight:normal;border:none;background: #e0e0e0;color: #000000;\"><span class=\"ubtn-hover\" style=\"background-color:\"><\/span><span class=\"ubtn-data ubtn-text \" >Certificado ISO 45001<\/span><\/button><\/a><\/div>[\/vc_column_inner][vc_column_inner width=&#8221;1\/6&#8243;]<div class=\" ubtn-ctn-left \"><a class=\"ubtn-link ult-adjust-bottom-margin ubtn-left ubtn-normal \"  rel='' href = \"https:\/\/www.ionisos.com\/wp-content\/uploads\/2023\/10\/Autorisation-2023_186_1-Maj-autorisation-MIA-Dagneux.pdf\" target='_blank'><button type=\"button\" id=\"ubtn-8428\" class=\"ubtn ult-adjust-bottom-margin ult-responsive ubtn-normal ubtn-no-hover-bg  none  ubtn-left   tooltip-69ea9bfc0831f\"  data-hover=\"\" data-border-color=\"\" data-bg=\"#e0e0e0\" data-hover-bg=\"\" data-border-hover=\"\" data-shadow-hover=\"\" data-shadow-click=\"none\" data-shadow=\"\" data-shd-shadow=\"\"  data-ultimate-target='#ubtn-8428'  data-responsive-json-new='{\"font-size\":\"\",\"line-height\":\"\"}'  style=\"font-weight:normal;border:none;background: #e0e0e0;color: #000000;\"><span class=\"ubtn-hover\" style=\"background-color:\"><\/span><span class=\"ubtn-data ubtn-text \" >Autorizaci\u00f3n para el tratamiento de medicamentos experimentales<\/span><\/button><\/a><\/div>[\/vc_column_inner][vc_column_inner width=&#8221;1\/6&#8243;]<div class=\" ubtn-ctn-left \"><a class=\"ubtn-link ult-adjust-bottom-margin ubtn-left ubtn-normal \"  rel='' href = \"https:\/\/www.ionisos.com\/wp-content\/uploads\/2025\/03\/Certificate-MedAccred-Medical-Devices-Sterilization-audit-2008243.pdf\" target='_blank'><button type=\"button\" id=\"ubtn-6365\" class=\"ubtn ult-adjust-bottom-margin ult-responsive ubtn-normal ubtn-no-hover-bg  none  ubtn-left   tooltip-69ea9bfc0833c\"  data-hover=\"\" data-border-color=\"\" data-bg=\"#e0e0e0\" data-hover-bg=\"\" data-border-hover=\"\" data-shadow-hover=\"\" data-shadow-click=\"none\" data-shadow=\"\" data-shd-shadow=\"\"  data-ultimate-target='#ubtn-6365'  data-responsive-json-new='{\"font-size\":\"\",\"line-height\":\"\"}'  style=\"font-weight:normal;border:none;background: #e0e0e0;color: #000000;\"><span class=\"ubtn-hover\" style=\"background-color:\"><\/span><span class=\"ubtn-data ubtn-text \" >Certificado MedAccred<\/span><\/button><\/a><\/div>[\/vc_column_inner][vc_column_inner width=&#8221;1\/6&#8243;][\/vc_column_inner][vc_column_inner width=&#8221;1\/6&#8243;][\/vc_column_inner][\/vc_row_inner][\/vc_column][\/vc_row][vc_row][vc_column width=&#8221;1\/1&#8243;]<div class=\"spacer\" style=\"height: 20px;\"><\/div><div class=\" ubtn-ctn-center \"><a class=\"ubtn-link ult-adjust-bottom-margin ubtn-center ubtn-large \"  rel='' href = \"https:\/\/www.ionisos.com\/es\/nuestros-sitios\/\" ><button type=\"button\" id=\"ubtn-2316\" class=\"ubtn ult-adjust-bottom-margin ult-responsive ubtn-large ubtn-no-hover-bg  none  ubtn-sep-icon ubtn-sep-icon-at-left  ubtn-center   tooltip-69ea9bfc083ef\"  data-hover=\"\" data-border-color=\"\" data-bg=\"#707070\" data-hover-bg=\"\" data-border-hover=\"\" data-shadow-hover=\"\" data-shadow-click=\"none\" data-shadow=\"\" data-shd-shadow=\"\"  data-ultimate-target='#ubtn-2316'  data-responsive-json-new='{\"font-size\":\"\",\"line-height\":\"\"}'  style=\"font-weight:normal;border:none;background: #707070;color: #ffffff;\"><span class=\"ubtn-data ubtn-icon\"><i class=\"Defaults-chevron-left\" style=\"font-size:20px;color:;\"><\/i><\/span><span class=\"ubtn-hover\" style=\"background-color:\"><\/span><span class=\"ubtn-data ubtn-text \" >Volver a la lista de sitios<\/span><\/button><\/a><\/div><div class=\"spacer\" style=\"height: 60px;\"><\/div>[\/vc_column][\/vc_row]<\/p>\n","protected":false},"excerpt":{"rendered":"<p>[vc_row bg_image=&#8221;18267&#8243; bg_repeat=&#8221;no-repeat&#8221; text_color=&#8221;light&#8221; text_align=&#8221;center&#8221; top_padding=&#8221;100&#8243; bottom_padding=&#8221;100&#8243;][vc_column width=&#8221;1\/1&#8243;][\/vc_column][\/vc_row][vc_row][vc_column width=&#8221;1\/1&#8243;][vc_raw_html]PGlmcmFtZSBzdHlsZT0iYm9yZGVyOiAwOyIgc3JjPSJodHRwczovL3d3dy5nb29nbGUuY29tL21hcHMvZW1iZWQ\/cGI9ITFtMTghMW0xMiExbTMhMWQyNzc5Ljc3NDM4OTI1NjU3OCEyZDUuMDY4Njk1OTc4MDUzOTY2ITNkNDUuODM1Nzk4OTA4NTY1NjghMm0zITFmMCEyZjAhM2YwITNtMiExaTEwMjQhMmk3NjghNGYxMy4xITNtMyExbTIhMXMweDQ3ZjRiNzZhOGM1MGY4MjclM0EweDZiYTc4YWQ4ZDJjZDg2NjQhMnNJb25pc29zJTIwLSUyMERhZ25ldXghNWUwITNtMiExc2ZyITJzZnIhNHYxNzAzMDg5ODM5ODMxITVtMiExc2ZyITJzZnIiIHdpZHRoPSIxMDAlIiBoZWlnaHQ9IjMwMCIgYWxsb3dmdWxsc2NyZWVuPSJhbGxvd2Z1bGxzY3JlZW4iPjwvaWZyYW1lPg==[\/vc_raw_html][\/vc_column][\/vc_row][vc_row][vc_column width=&#8221;1\/3&#8243;][vc_column_text]Direcci\u00f3n PARC DOMBES COTIERE ACTIVITES 176 Route de Balan 01120 Dagneux FRANCIA[\/vc_column_text][\/vc_column][vc_column width=&#8221;1\/3&#8243;][vc_column_text]Caracter\u00edsticas del sitio [\/vc_column_text][vc_raw_html]PHRhYmxlIGJvcmRlcj0iMSIgd2lkdGg9IjEwMCUiPg0KPHRib2R5Pg0KPHRyPg0KPHRkPlRpcG86PC90ZD4NCjx0ZD5JcnJhZGlhZG9yPC90ZD4NCjwvdHI+DQo8dHI+DQo8dGQ+RGltZW5zaW9uZXMgZGUgcGFsZXRhczo8L3RkPg0KPHRkPjYwMCB4IDQyMCB4IDEyODAgbW08L3RkPg0KPC90cj4NCjx0cj4NCjx0ZD5QZXNvIG3DoXhpbW8gZGUgbGFzIHBhbGV0YXM6PC90ZD4NCjx0ZD4xMjAga2c8L3RkPg0KPC90cj4NCjwvdGJvZHk+DQo8L3RhYmxlPg==[\/vc_raw_html][\/vc_column][vc_column text_color=&#8221;light&#8221; text_align=&#8221;center&#8221; width=&#8221;1\/3&#8243;][\/vc_column][\/vc_row][vc_row][vc_column width=&#8221;1\/1&#8243;][vc_column_text]Certificados[\/vc_column_text][vc_row_inner][vc_column_inner width=&#8221;1\/6&#8243;][\/vc_column_inner][vc_column_inner width=&#8221;1\/6&#8243;][\/vc_column_inner][vc_column_inner width=&#8221;1\/6&#8243;][\/vc_column_inner][vc_column_inner width=&#8221;1\/6&#8243;][\/vc_column_inner][vc_column_inner width=&#8221;1\/6&#8243;][\/vc_column_inner][vc_column_inner width=&#8221;1\/6&#8243;][\/vc_column_inner][\/vc_row_inner][vc_row_inner][vc_column_inner width=&#8221;1\/6&#8243;][\/vc_column_inner][vc_column_inner width=&#8221;1\/6&#8243;][\/vc_column_inner][vc_column_inner width=&#8221;1\/6&#8243;][\/vc_column_inner][vc_column_inner width=&#8221;1\/6&#8243;][\/vc_column_inner][vc_column_inner width=&#8221;1\/6&#8243;][\/vc_column_inner][vc_column_inner width=&#8221;1\/6&#8243;][\/vc_column_inner][\/vc_row_inner][\/vc_column][\/vc_row][vc_row][vc_column width=&#8221;1\/1&#8243;][\/vc_column][\/vc_row]<\/p>\n","protected":false},"author":1,"featured_media":0,"parent":16438,"menu_order":0,"comment_status":"closed","ping_status":"closed","template":"","meta":{"inline_featured_image":false,"footnotes":""},"class_list":["post-18274","page","type-page","status-publish","hentry"],"yoast_head":"<!-- This site is optimized with the Yoast SEO plugin v26.3 - https:\/\/yoast.com\/wordpress\/plugins\/seo\/ -->\n<title>Dagneux - Ionisos<\/title>\n<meta name=\"description\" content=\"El sitio de Ionisos en Dagneux (Ain - Francia) est\u00e1 especializado en la esterilizaci\u00f3n y reticulaci\u00f3n mediante radiaci\u00f3n gamma.\" \/>\n<meta name=\"robots\" content=\"index, follow, max-snippet:-1, max-image-preview:large, max-video-preview:-1\" \/>\n<link rel=\"canonical\" href=\"https:\/\/www.ionisos.com\/nos-sites\/dagneux\/\" \/>\n<meta property=\"og:locale\" content=\"es_ES\" \/>\n<meta property=\"og:type\" content=\"article\" \/>\n<meta property=\"og:title\" content=\"Dagneux - Ionisos\" \/>\n<meta property=\"og:description\" content=\"El sitio de Ionisos en Dagneux (Ain - Francia) est\u00e1 especializado en la esterilizaci\u00f3n y reticulaci\u00f3n mediante radiaci\u00f3n gamma.\" \/>\n<meta property=\"og:url\" content=\"https:\/\/www.ionisos.com\/nos-sites\/dagneux\/\" \/>\n<meta property=\"og:site_name\" content=\"Ionisos\" \/>\n<meta property=\"article:modified_time\" content=\"2025-06-24T12:45:39+00:00\" \/>\n<meta name=\"twitter:card\" content=\"summary_large_image\" \/>\n<meta name=\"twitter:label1\" content=\"Tiempo de lectura\" \/>\n\t<meta name=\"twitter:data1\" content=\"2 minutos\" \/>\n<script type=\"application\/ld+json\" class=\"yoast-schema-graph\">{\"@context\":\"https:\/\/schema.org\",\"@graph\":[{\"@type\":\"WebPage\",\"@id\":\"https:\/\/www.ionisos.com\/nos-sites\/dagneux\/\",\"url\":\"https:\/\/www.ionisos.com\/nos-sites\/dagneux\/\",\"name\":\"Dagneux - Ionisos\",\"isPartOf\":{\"@id\":\"https:\/\/www.ionisos.com\/#website\"},\"datePublished\":\"2017-06-13T08:40:12+00:00\",\"dateModified\":\"2025-06-24T12:45:39+00:00\",\"description\":\"El sitio de Ionisos en Dagneux (Ain - Francia) est\u00e1 especializado en la esterilizaci\u00f3n y reticulaci\u00f3n mediante radiaci\u00f3n gamma.\",\"breadcrumb\":{\"@id\":\"https:\/\/www.ionisos.com\/nos-sites\/dagneux\/#breadcrumb\"},\"inLanguage\":\"es\",\"potentialAction\":[{\"@type\":\"ReadAction\",\"target\":[\"https:\/\/www.ionisos.com\/nos-sites\/dagneux\/\"]}]},{\"@type\":\"BreadcrumbList\",\"@id\":\"https:\/\/www.ionisos.com\/nos-sites\/dagneux\/#breadcrumb\",\"itemListElement\":[{\"@type\":\"ListItem\",\"position\":1,\"name\":\"Accueil\",\"item\":\"https:\/\/www.ionisos.com\/es\/\"},{\"@type\":\"ListItem\",\"position\":2,\"name\":\"Nuestros sitios\",\"item\":\"https:\/\/www.ionisos.com\/es\/nuestros-sitios\/\"},{\"@type\":\"ListItem\",\"position\":3,\"name\":\"Dagneux\"}]},{\"@type\":\"WebSite\",\"@id\":\"https:\/\/www.ionisos.com\/#website\",\"url\":\"https:\/\/www.ionisos.com\/\",\"name\":\"Ionisos\",\"description\":\"Ionisation par \u00e9lectrons acc\u00e9l\u00e9r\u00e9s, rayons gamma, rayons X et oxyde d&#039;\u00e9thyl\u00e8ne\",\"potentialAction\":[{\"@type\":\"SearchAction\",\"target\":{\"@type\":\"EntryPoint\",\"urlTemplate\":\"https:\/\/www.ionisos.com\/?s={search_term_string}\"},\"query-input\":{\"@type\":\"PropertyValueSpecification\",\"valueRequired\":true,\"valueName\":\"search_term_string\"}}],\"inLanguage\":\"es\"}]}<\/script>\n<!-- \/ Yoast SEO plugin. -->","yoast_head_json":{"title":"Dagneux - Ionisos","description":"El sitio de Ionisos en Dagneux (Ain - Francia) est\u00e1 especializado en la esterilizaci\u00f3n y reticulaci\u00f3n mediante radiaci\u00f3n gamma.","robots":{"index":"index","follow":"follow","max-snippet":"max-snippet:-1","max-image-preview":"max-image-preview:large","max-video-preview":"max-video-preview:-1"},"canonical":"https:\/\/www.ionisos.com\/nos-sites\/dagneux\/","og_locale":"es_ES","og_type":"article","og_title":"Dagneux - Ionisos","og_description":"El sitio de Ionisos en Dagneux (Ain - Francia) est\u00e1 especializado en la esterilizaci\u00f3n y reticulaci\u00f3n mediante radiaci\u00f3n gamma.","og_url":"https:\/\/www.ionisos.com\/nos-sites\/dagneux\/","og_site_name":"Ionisos","article_modified_time":"2025-06-24T12:45:39+00:00","twitter_card":"summary_large_image","twitter_misc":{"Tiempo de lectura":"2 minutos"},"schema":{"@context":"https:\/\/schema.org","@graph":[{"@type":"WebPage","@id":"https:\/\/www.ionisos.com\/nos-sites\/dagneux\/","url":"https:\/\/www.ionisos.com\/nos-sites\/dagneux\/","name":"Dagneux - Ionisos","isPartOf":{"@id":"https:\/\/www.ionisos.com\/#website"},"datePublished":"2017-06-13T08:40:12+00:00","dateModified":"2025-06-24T12:45:39+00:00","description":"El sitio de Ionisos en Dagneux (Ain - Francia) est\u00e1 especializado en la esterilizaci\u00f3n y reticulaci\u00f3n mediante radiaci\u00f3n gamma.","breadcrumb":{"@id":"https:\/\/www.ionisos.com\/nos-sites\/dagneux\/#breadcrumb"},"inLanguage":"es","potentialAction":[{"@type":"ReadAction","target":["https:\/\/www.ionisos.com\/nos-sites\/dagneux\/"]}]},{"@type":"BreadcrumbList","@id":"https:\/\/www.ionisos.com\/nos-sites\/dagneux\/#breadcrumb","itemListElement":[{"@type":"ListItem","position":1,"name":"Accueil","item":"https:\/\/www.ionisos.com\/es\/"},{"@type":"ListItem","position":2,"name":"Nuestros sitios","item":"https:\/\/www.ionisos.com\/es\/nuestros-sitios\/"},{"@type":"ListItem","position":3,"name":"Dagneux"}]},{"@type":"WebSite","@id":"https:\/\/www.ionisos.com\/#website","url":"https:\/\/www.ionisos.com\/","name":"Ionisos","description":"Ionisation par \u00e9lectrons acc\u00e9l\u00e9r\u00e9s, rayons gamma, rayons X et oxyde d&#039;\u00e9thyl\u00e8ne","potentialAction":[{"@type":"SearchAction","target":{"@type":"EntryPoint","urlTemplate":"https:\/\/www.ionisos.com\/?s={search_term_string}"},"query-input":{"@type":"PropertyValueSpecification","valueRequired":true,"valueName":"search_term_string"}}],"inLanguage":"es"}]}},"_links":{"self":[{"href":"https:\/\/www.ionisos.com\/es\/wp-json\/wp\/v2\/pages\/18274","targetHints":{"allow":["GET"]}}],"collection":[{"href":"https:\/\/www.ionisos.com\/es\/wp-json\/wp\/v2\/pages"}],"about":[{"href":"https:\/\/www.ionisos.com\/es\/wp-json\/wp\/v2\/types\/page"}],"author":[{"embeddable":true,"href":"https:\/\/www.ionisos.com\/es\/wp-json\/wp\/v2\/users\/1"}],"replies":[{"embeddable":true,"href":"https:\/\/www.ionisos.com\/es\/wp-json\/wp\/v2\/comments?post=18274"}],"version-history":[{"count":30,"href":"https:\/\/www.ionisos.com\/es\/wp-json\/wp\/v2\/pages\/18274\/revisions"}],"predecessor-version":[{"id":27145,"href":"https:\/\/www.ionisos.com\/es\/wp-json\/wp\/v2\/pages\/18274\/revisions\/27145"}],"up":[{"embeddable":true,"href":"https:\/\/www.ionisos.com\/es\/wp-json\/wp\/v2\/pages\/16438"}],"wp:attachment":[{"href":"https:\/\/www.ionisos.com\/es\/wp-json\/wp\/v2\/media?parent=18274"}],"curies":[{"name":"wp","href":"https:\/\/api.w.org\/{rel}","templated":true}]}}