 {"id":17287,"date":"2017-11-21T14:09:38","date_gmt":"2017-11-21T13:09:38","guid":{"rendered":"https:\/\/www.ionisos.com\/?page_id=17287"},"modified":"2020-04-24T14:51:12","modified_gmt":"2020-04-24T12:51:12","slug":"envejecimiento-radiativo","status":"publish","type":"page","link":"https:\/\/www.ionisos.com\/es\/el-grupo\/investigacion-y-desarrollo\/envejecimiento-radiativo\/","title":{"rendered":"Envejecimiento Radiativo"},"content":{"rendered":"<p>[vc_row type=&#8221;full_width_section&#8221; bg_image=&#8221;16936&#8243; bg_repeat=&#8221;no-repeat&#8221; text_color=&#8221;light&#8221; text_align=&#8221;center&#8221; top_padding=&#8221;100&#8243; bottom_padding=&#8221;100&#8243;][vc_column width=&#8221;1\/1&#8243;]<h1 class=\"headline font-special fontsize-xxxl fontweight-inherit lh-inherit align-center transform-uppercase \" style=\"margin: 0;\"><strong>Envejecimiento Radiativo<strong><\/h1>[\/vc_column][\/vc_row][vc_row][vc_column width=&#8221;1\/1&#8243;]<div class=\"spacer\" style=\"height: 40px;\"><\/div>[\/vc_column][\/vc_row][vc_row][vc_column width=&#8221;1\/2&#8243;][vc_column_text]Impacto de la dosis absorbida : se pueden probar diferentes valores de dosis [\/vc_column_text]<a href=\"https:\/\/www.ionisos.com\/wp-content\/uploads\/2017\/09\/Agre\u0301ment-Ionisos-CIR-2015-2016-2017-1.pdf\" target=\"_blank\" class=\"button color-2 small \" style=\"border-radius: 2px;\">Cr\u00e9dito Fiscal por Investigaci\u00f3n (CIR)<\/a>[\/vc_column][vc_column width=&#8221;1\/2&#8243;][vc_column_text]Impacto de la tasa de dosis : los productos pueden exponerse a diferentes niveles de tasas de dosis[\/vc_column_text]<a href=\"https:\/\/indico.cern.ch\/event\/70039\/contributions\/1236236\/subcontributions\/111048\/attachments\/1030524\/1467591\/S_ROUIF_Modes_expo_Ionisos.pdf\" target=\"_blank\" class=\"button color-2 small \" style=\"border-radius: 2px;\">Modo de exposici\u00f3n a la radiaci\u00f3n <\/a><a href=\"https:\/\/www.ionisos.com\/wp-content\/uploads\/2017\/09\/irradiation-facilities-web-cern-ch-3.pdf\" target=\"_blank\" class=\"button color-2 small \" style=\"border-radius: 2px;\">Caracter\u00edsticas del irradiador de Ionisos (recogidas por el CERN)<\/a>[\/vc_column][\/vc_row]<\/strong><\/strong><\/p>\n","protected":false},"excerpt":{"rendered":"<p>[vc_row type=&#8221;full_width_section&#8221; bg_image=&#8221;16936&#8243; bg_repeat=&#8221;no-repeat&#8221; text_color=&#8221;light&#8221; text_align=&#8221;center&#8221; top_padding=&#8221;100&#8243; bottom_padding=&#8221;100&#8243;][vc_column width=&#8221;1\/1&#8243;][\/vc_column][\/vc_row][vc_row][vc_column width=&#8221;1\/1&#8243;][\/vc_column][\/vc_row][vc_row][vc_column width=&#8221;1\/2&#8243;][vc_column_text]Impacto de la dosis absorbida : se pueden probar diferentes valores de dosis [\/vc_column_text][\/vc_column][vc_column width=&#8221;1\/2&#8243;][vc_column_text]Impacto de la tasa de dosis : los productos pueden exponerse a diferentes niveles de tasas de dosis[\/vc_column_text][\/vc_column][\/vc_row]<\/p>\n","protected":false},"author":1,"featured_media":0,"parent":16441,"menu_order":0,"comment_status":"closed","ping_status":"closed","template":"","meta":{"inline_featured_image":false,"footnotes":""},"class_list":["post-17287","page","type-page","status-publish","hentry"],"yoast_head":"<!-- This site is optimized with the Yoast SEO plugin v26.3 - https:\/\/yoast.com\/wordpress\/plugins\/seo\/ -->\n<title>Envejecimiento Radiativo - Ionisos<\/title>\n<meta name=\"robots\" content=\"index, follow, max-snippet:-1, max-image-preview:large, max-video-preview:-1\" \/>\n<link rel=\"canonical\" href=\"https:\/\/www.ionisos.com\/es\/el-grupo\/investigacion-y-desarrollo\/envejecimiento-radiativo\/\" \/>\n<meta property=\"og:locale\" content=\"es_ES\" \/>\n<meta property=\"og:type\" content=\"article\" \/>\n<meta property=\"og:title\" content=\"Envejecimiento Radiativo - Ionisos\" \/>\n<meta property=\"og:description\" content=\"[vc_row type=&#8221;full_width_section&#8221; bg_image=&#8221;16936&#8243; bg_repeat=&#8221;no-repeat&#8221; text_color=&#8221;light&#8221; text_align=&#8221;center&#8221; top_padding=&#8221;100&#8243; bottom_padding=&#8221;100&#8243;][vc_column width=&#8221;1\/1&#8243;][\/vc_column][\/vc_row][vc_row][vc_column width=&#8221;1\/1&#8243;][\/vc_column][\/vc_row][vc_row][vc_column width=&#8221;1\/2&#8243;][vc_column_text]Impacto de la dosis absorbida : se pueden probar diferentes valores de dosis [\/vc_column_text][\/vc_column][vc_column width=&#8221;1\/2&#8243;][vc_column_text]Impacto de la tasa de dosis : los productos pueden exponerse a diferentes niveles de tasas de dosis[\/vc_column_text][\/vc_column][\/vc_row]\" \/>\n<meta property=\"og:url\" content=\"https:\/\/www.ionisos.com\/es\/el-grupo\/investigacion-y-desarrollo\/envejecimiento-radiativo\/\" \/>\n<meta property=\"og:site_name\" content=\"Ionisos\" \/>\n<meta property=\"article:modified_time\" content=\"2020-04-24T12:51:12+00:00\" \/>\n<meta name=\"twitter:card\" content=\"summary_large_image\" \/>\n<meta name=\"twitter:label1\" content=\"Tiempo de lectura\" \/>\n\t<meta name=\"twitter:data1\" content=\"1 minuto\" \/>\n<script type=\"application\/ld+json\" class=\"yoast-schema-graph\">{\"@context\":\"https:\/\/schema.org\",\"@graph\":[{\"@type\":\"WebPage\",\"@id\":\"https:\/\/www.ionisos.com\/es\/el-grupo\/investigacion-y-desarrollo\/envejecimiento-radiativo\/\",\"url\":\"https:\/\/www.ionisos.com\/es\/el-grupo\/investigacion-y-desarrollo\/envejecimiento-radiativo\/\",\"name\":\"Envejecimiento Radiativo - Ionisos\",\"isPartOf\":{\"@id\":\"https:\/\/www.ionisos.com\/#website\"},\"datePublished\":\"2017-11-21T13:09:38+00:00\",\"dateModified\":\"2020-04-24T12:51:12+00:00\",\"breadcrumb\":{\"@id\":\"https:\/\/www.ionisos.com\/es\/el-grupo\/investigacion-y-desarrollo\/envejecimiento-radiativo\/#breadcrumb\"},\"inLanguage\":\"es\",\"potentialAction\":[{\"@type\":\"ReadAction\",\"target\":[\"https:\/\/www.ionisos.com\/es\/el-grupo\/investigacion-y-desarrollo\/envejecimiento-radiativo\/\"]}]},{\"@type\":\"BreadcrumbList\",\"@id\":\"https:\/\/www.ionisos.com\/es\/el-grupo\/investigacion-y-desarrollo\/envejecimiento-radiativo\/#breadcrumb\",\"itemListElement\":[{\"@type\":\"ListItem\",\"position\":1,\"name\":\"Accueil\",\"item\":\"https:\/\/www.ionisos.com\/es\/\"},{\"@type\":\"ListItem\",\"position\":2,\"name\":\"El grupo\",\"item\":\"https:\/\/www.ionisos.com\/es\/el-grupo\/\"},{\"@type\":\"ListItem\",\"position\":3,\"name\":\"Investigaci\u00f3n y Desarrollo\",\"item\":\"https:\/\/www.ionisos.com\/es\/el-grupo\/investigacion-y-desarrollo\/\"},{\"@type\":\"ListItem\",\"position\":4,\"name\":\"Envejecimiento Radiativo\"}]},{\"@type\":\"WebSite\",\"@id\":\"https:\/\/www.ionisos.com\/#website\",\"url\":\"https:\/\/www.ionisos.com\/\",\"name\":\"Ionisos\",\"description\":\"Ionisation par \u00e9lectrons acc\u00e9l\u00e9r\u00e9s, rayons gamma, rayons X et oxyde d&#039;\u00e9thyl\u00e8ne\",\"potentialAction\":[{\"@type\":\"SearchAction\",\"target\":{\"@type\":\"EntryPoint\",\"urlTemplate\":\"https:\/\/www.ionisos.com\/?s={search_term_string}\"},\"query-input\":{\"@type\":\"PropertyValueSpecification\",\"valueRequired\":true,\"valueName\":\"search_term_string\"}}],\"inLanguage\":\"es\"}]}<\/script>\n<!-- \/ Yoast SEO plugin. -->","yoast_head_json":{"title":"Envejecimiento Radiativo - Ionisos","robots":{"index":"index","follow":"follow","max-snippet":"max-snippet:-1","max-image-preview":"max-image-preview:large","max-video-preview":"max-video-preview:-1"},"canonical":"https:\/\/www.ionisos.com\/es\/el-grupo\/investigacion-y-desarrollo\/envejecimiento-radiativo\/","og_locale":"es_ES","og_type":"article","og_title":"Envejecimiento Radiativo - Ionisos","og_description":"[vc_row type=&#8221;full_width_section&#8221; bg_image=&#8221;16936&#8243; bg_repeat=&#8221;no-repeat&#8221; text_color=&#8221;light&#8221; text_align=&#8221;center&#8221; top_padding=&#8221;100&#8243; bottom_padding=&#8221;100&#8243;][vc_column width=&#8221;1\/1&#8243;][\/vc_column][\/vc_row][vc_row][vc_column width=&#8221;1\/1&#8243;][\/vc_column][\/vc_row][vc_row][vc_column width=&#8221;1\/2&#8243;][vc_column_text]Impacto de la dosis absorbida : se pueden probar diferentes valores de dosis [\/vc_column_text][\/vc_column][vc_column width=&#8221;1\/2&#8243;][vc_column_text]Impacto de la tasa de dosis : los productos pueden exponerse a diferentes niveles de tasas de dosis[\/vc_column_text][\/vc_column][\/vc_row]","og_url":"https:\/\/www.ionisos.com\/es\/el-grupo\/investigacion-y-desarrollo\/envejecimiento-radiativo\/","og_site_name":"Ionisos","article_modified_time":"2020-04-24T12:51:12+00:00","twitter_card":"summary_large_image","twitter_misc":{"Tiempo de lectura":"1 minuto"},"schema":{"@context":"https:\/\/schema.org","@graph":[{"@type":"WebPage","@id":"https:\/\/www.ionisos.com\/es\/el-grupo\/investigacion-y-desarrollo\/envejecimiento-radiativo\/","url":"https:\/\/www.ionisos.com\/es\/el-grupo\/investigacion-y-desarrollo\/envejecimiento-radiativo\/","name":"Envejecimiento Radiativo - Ionisos","isPartOf":{"@id":"https:\/\/www.ionisos.com\/#website"},"datePublished":"2017-11-21T13:09:38+00:00","dateModified":"2020-04-24T12:51:12+00:00","breadcrumb":{"@id":"https:\/\/www.ionisos.com\/es\/el-grupo\/investigacion-y-desarrollo\/envejecimiento-radiativo\/#breadcrumb"},"inLanguage":"es","potentialAction":[{"@type":"ReadAction","target":["https:\/\/www.ionisos.com\/es\/el-grupo\/investigacion-y-desarrollo\/envejecimiento-radiativo\/"]}]},{"@type":"BreadcrumbList","@id":"https:\/\/www.ionisos.com\/es\/el-grupo\/investigacion-y-desarrollo\/envejecimiento-radiativo\/#breadcrumb","itemListElement":[{"@type":"ListItem","position":1,"name":"Accueil","item":"https:\/\/www.ionisos.com\/es\/"},{"@type":"ListItem","position":2,"name":"El grupo","item":"https:\/\/www.ionisos.com\/es\/el-grupo\/"},{"@type":"ListItem","position":3,"name":"Investigaci\u00f3n y Desarrollo","item":"https:\/\/www.ionisos.com\/es\/el-grupo\/investigacion-y-desarrollo\/"},{"@type":"ListItem","position":4,"name":"Envejecimiento Radiativo"}]},{"@type":"WebSite","@id":"https:\/\/www.ionisos.com\/#website","url":"https:\/\/www.ionisos.com\/","name":"Ionisos","description":"Ionisation par \u00e9lectrons acc\u00e9l\u00e9r\u00e9s, rayons gamma, rayons X et oxyde d&#039;\u00e9thyl\u00e8ne","potentialAction":[{"@type":"SearchAction","target":{"@type":"EntryPoint","urlTemplate":"https:\/\/www.ionisos.com\/?s={search_term_string}"},"query-input":{"@type":"PropertyValueSpecification","valueRequired":true,"valueName":"search_term_string"}}],"inLanguage":"es"}]}},"_links":{"self":[{"href":"https:\/\/www.ionisos.com\/es\/wp-json\/wp\/v2\/pages\/17287","targetHints":{"allow":["GET"]}}],"collection":[{"href":"https:\/\/www.ionisos.com\/es\/wp-json\/wp\/v2\/pages"}],"about":[{"href":"https:\/\/www.ionisos.com\/es\/wp-json\/wp\/v2\/types\/page"}],"author":[{"embeddable":true,"href":"https:\/\/www.ionisos.com\/es\/wp-json\/wp\/v2\/users\/1"}],"replies":[{"embeddable":true,"href":"https:\/\/www.ionisos.com\/es\/wp-json\/wp\/v2\/comments?post=17287"}],"version-history":[{"count":4,"href":"https:\/\/www.ionisos.com\/es\/wp-json\/wp\/v2\/pages\/17287\/revisions"}],"predecessor-version":[{"id":18633,"href":"https:\/\/www.ionisos.com\/es\/wp-json\/wp\/v2\/pages\/17287\/revisions\/18633"}],"up":[{"embeddable":true,"href":"https:\/\/www.ionisos.com\/es\/wp-json\/wp\/v2\/pages\/16441"}],"wp:attachment":[{"href":"https:\/\/www.ionisos.com\/es\/wp-json\/wp\/v2\/media?parent=17287"}],"curies":[{"name":"wp","href":"https:\/\/api.w.org\/{rel}","templated":true}]}}