 {"id":17283,"date":"2017-11-21T14:01:58","date_gmt":"2017-11-21T13:01:58","guid":{"rendered":"https:\/\/www.ionisos.com\/?page_id=17283"},"modified":"2020-04-30T15:40:08","modified_gmt":"2020-04-30T13:40:08","slug":"17283-2","status":"publish","type":"page","link":"https:\/\/www.ionisos.com\/es\/el-grupo\/investigacion-y-desarrollo\/17283-2\/","title":{"rendered":"Qu\u00edmica bajo radiaciones"},"content":{"rendered":"<p>[vc_row type=&#8221;full_width_section&#8221; bg_image=&#8221;16934&#8243; bg_repeat=&#8221;no-repeat&#8221; text_color=&#8221;light&#8221; text_align=&#8221;center&#8221; top_padding=&#8221;100&#8243; bottom_padding=&#8221;100&#8243;][vc_column width=&#8221;1\/1&#8243;]<h1 class=\"headline font-special fontsize-xxxl fontweight-inherit lh-inherit align-center transform-uppercase \" style=\"margin: 0;\"><strong>Qu\u00edmica de las radiaciones<strong><\/h1>[\/vc_column][\/vc_row][vc_row][vc_column width=&#8221;1\/1&#8243;]<div class=\"spacer\" style=\"height: 40px;\"><\/div>[\/vc_column][\/vc_row][vc_row][vc_column width=&#8221;1\/4&#8243;]<div class=\"flexslider wpb_content_element\"><ul class=\"slides\"><li><img decoding=\"async\" src=\"https:\/\/www.ionisos.com\/wp-content\/uploads\/2017\/09\/unnamed.gif\" alt=\"\" \/><\/li><li><img decoding=\"async\" src=\"https:\/\/www.ionisos.com\/wp-content\/uploads\/2017\/09\/unnamed-1.gif\" alt=\"\" \/><\/li><\/ul><\/div>[\/vc_column][vc_column width=&#8221;3\/4&#8243;][vc_tta_accordion][vc_tta_section title=&#8221;Polimerizaci\u00f3n&#8221; tab_id=&#8221;1505383076365-0bed47fa-26fb&#8221;][vc_column_text]La polimerizaci\u00f3n permite el curado de resinas polim\u00e9ricas para la fabricaci\u00f3n de piezas de composite, de parqu\u00e9s o incluso dedicadas a la restauraci\u00f3n de obras de arte.<\/strong><\/strong><\/p>\n<p><strong>Sectores implicados :<\/strong> compuestos, aeron\u00e1utica-aeroespacial, madera, restauraci\u00f3n de obras de arte.<\/p>\n<p><strong>Ejemplos de aplicaciones :<\/strong> recipientes y carcasas de composites, parqu\u00e9s &#8230;[\/vc_column_text][\/vc_tta_section][vc_tta_section title=&#8221;Reticulaci\u00f3n&#8221; tab_id=&#8221;1505383059304-b1d05335-a5af&#8221;][vc_column_text]La reticulaci\u00f3n permite convertir un pol\u00edmero termopl\u00e1stico en uno termoestable. La estructura tridimensional de las cadenas formadas no es tan densa como la de un pl\u00e1stico t\u00e9cnico termoestable, pero suficiente como para mejorar las propiedades del pl\u00e1stico.<\/p>\n<p><strong>Sectores de aplicaci\u00f3n :<\/strong> electrot\u00e9cnico, automoci\u00f3n, tuber\u00edas, cableado, embalaje, industria en general<\/p>\n<p><strong>Ejemplos de aplicaci\u00f3n :<\/strong><\/p>\n<ul>\n<li>piezas el\u00e9ctricas de poliamida (PA) reticulada en lugar de las resinas termoestables : la reticulaci\u00f3n confiere a la PA la resistencia necesaria para resistir arcos el\u00e9ctricos, por otro lado, las productividades son superiores al utilizar PA.<\/li>\n<li>conductos de aire y fijaciones para motores de autom\u00f3viles.<\/li>\n<li>embalajes con resistencia qu\u00edmica y mejores propiedades de protecci\u00f3n.<\/li>\n<li>tubo de polietileno reticulado (PER C) para calefacci\u00f3n por suelo radiante y las conducciones de agua dom\u00e9stica sanitaria.<\/li>\n<li>cable con aislante de PE reticulado con una resistencia qu\u00edmica, t\u00e9rmica y al fuego mejoradas.<\/li>\n<li>hidrogel reticulado para preparar sustitutos \u00f3seos o materiales de relleno.<\/li>\n<\/ul>\n<p>[\/vc_column_text][\/vc_tta_section][vc_tta_section title=&#8221;Injerto&#8221; tab_id=&#8221;1505383059323-bc266715-ea46&#8243;][vc_column_text]La t\u00e9cnica de injertos permite la funcionalizaci\u00f3n de un sustrato a partir de una mol\u00e9cula al menos bifuncional: una de las funciones es la que se desea dar al soporte y la segunda funci\u00f3n permite el agarre al sustrato [insaturaci\u00f3n de tipo funci\u00f3n metacr\u00edlica o vin\u00edlica dando una reacci\u00f3n covalente (permanente) de adici\u00f3n por modo radical]<\/p>\n<p><strong>Sectores de aplicaci\u00f3n :<\/strong> textil, materiales compuestos, qu\u00edmica y de pol\u00edmeros.<\/p>\n<p><strong>Ejemplos de aplicaciones :<\/strong><\/p>\n<ul>\n<li>resina hidr\u00f3foba injertada de una mol\u00e9cula hidr\u00f3fila para revestimiento adhesivo.<\/li>\n<li>tejido de lino ign\u00edfugo.<\/li>\n<\/ul>\n<p>[\/vc_column_text][\/vc_tta_section][\/vc_tta_accordion][\/vc_column][\/vc_row][vc_row][vc_column width=&#8221;1\/1&#8243;]<div class=\"spacer\" style=\"height: 40px;\"><\/div>[\/vc_column][\/vc_row][vc_row][vc_column width=&#8221;1\/2&#8243;][vc_column_text]Ionisos propone servicios de ensayos a sus clientes que deseen recurrir a esta tecnolog\u00eda[\/vc_column_text]<a href=\"https:\/\/www.ionisos.com\/wp-content\/uploads\/2017\/09\/Agre%CC%81ment-Ionisos-CIR-2015-2016-2017-1.pdf\" target=\"_blank\" class=\"button color-2 small \" style=\"border-radius: 2px;\">Autorizaci\u00f3n del \u00abCr\u00e9dito Impuesto Investigaci\u00f3n\u00bb (CIR)<\/a>[\/vc_column][vc_column width=&#8221;1\/2&#8243;][vc_column_text]Ionisos desarrolla sus propios conocimientos en esta tecnolog\u00eda dirigiendo sus propios proyectos y colaborando con institutos, laboratorios o centros de investigaci\u00f3n.[\/vc_column_text]<a href=\"https:\/\/www.researchgate.net\/profile\/Sophie_Rouif\/publications\" target=\"_blank\" class=\"button color-2 small \" style=\"border-radius: 2px;\">Publicaciones cient\u00edficas<\/a><a href=\"http:\/\/\" target=\"_blank\" class=\"button color-2 small \" style=\"border-radius: 2px;\">Proyecto BIONICOMP (enlace hacia DGCIS pr\u00f3ximamente)<\/a>[\/vc_column][\/vc_row][vc_row][vc_column width=&#8221;1\/1&#8243;]<div class=\"spacer\" style=\"height: 40px;\"><\/div>[\/vc_column][\/vc_row]<\/p>\n<p>&nbsp;<\/p>\n<p>&nbsp;<\/p>\n<p>&nbsp;<\/p>\n","protected":false},"excerpt":{"rendered":"<p>[vc_row type=&#8221;full_width_section&#8221; bg_image=&#8221;16934&#8243; bg_repeat=&#8221;no-repeat&#8221; text_color=&#8221;light&#8221; text_align=&#8221;center&#8221; top_padding=&#8221;100&#8243; bottom_padding=&#8221;100&#8243;][vc_column width=&#8221;1\/1&#8243;][\/vc_column][\/vc_row][vc_row][vc_column width=&#8221;1\/1&#8243;][\/vc_column][\/vc_row][vc_row][vc_column width=&#8221;1\/4&#8243;][\/vc_column][vc_column width=&#8221;3\/4&#8243;][vc_tta_accordion][vc_tta_section title=&#8221;Polimerizaci\u00f3n&#8221; tab_id=&#8221;1505383076365-0bed47fa-26fb&#8221;][vc_column_text]La polimerizaci\u00f3n permite el curado de resinas polim\u00e9ricas para la fabricaci\u00f3n de piezas de composite, de parqu\u00e9s o incluso dedicadas a la restauraci\u00f3n de obras de arte. Sectores implicados : compuestos, aeron\u00e1utica-aeroespacial, madera, restauraci\u00f3n de obras de arte. Ejemplos de aplicaciones : recipientes y carcasas de composites, parqu\u00e9s &#8230;[\/vc_column_text][\/vc_tta_section][vc_tta_section title=&#8221;Reticulaci\u00f3n&#8221; tab_id=&#8221;1505383059304-b1d05335-a5af&#8221;][vc_column_text]La reticulaci\u00f3n permite convertir un pol\u00edmero termopl\u00e1stico en uno termoestable. La estructura tridimensional de las cadenas formadas no es tan densa como la de un pl\u00e1stico t\u00e9cnico termoestable, pero suficiente como para mejorar las propiedades del pl\u00e1stico. Sectores de aplicaci\u00f3n : electrot\u00e9cnico, automoci\u00f3n, tuber\u00edas, cableado, embalaje, industria en general Ejemplos de aplicaci\u00f3n : piezas el\u00e9ctricas de poliamida (PA) reticulada en lugar de las resinas termoestables : la reticulaci\u00f3n confiere a la PA la resistencia necesaria para resistir arcos el\u00e9ctricos, por otro lado, las productividades son superiores al utilizar PA. conductos de aire y fijaciones para motores de autom\u00f3viles. embalajes con resistencia qu\u00edmica y mejores propiedades de protecci\u00f3n. tubo de polietileno reticulado (PER C) para calefacci\u00f3n por suelo radiante y las conducciones de agua dom\u00e9stica sanitaria. cable con aislante de PE reticulado con una resistencia qu\u00edmica, t\u00e9rmica y [&hellip;]<\/p>\n","protected":false},"author":1,"featured_media":0,"parent":16441,"menu_order":0,"comment_status":"closed","ping_status":"closed","template":"","meta":{"inline_featured_image":false,"footnotes":""},"class_list":["post-17283","page","type-page","status-publish","hentry"],"yoast_head":"<!-- This site is optimized with the Yoast SEO plugin v26.3 - https:\/\/yoast.com\/wordpress\/plugins\/seo\/ -->\n<title>Qu\u00edmica bajo radiaciones - Ionisos<\/title>\n<meta name=\"robots\" content=\"index, follow, max-snippet:-1, max-image-preview:large, max-video-preview:-1\" \/>\n<link rel=\"canonical\" href=\"https:\/\/www.ionisos.com\/es\/el-grupo\/investigacion-y-desarrollo\/17283-2\/\" \/>\n<meta property=\"og:locale\" content=\"es_ES\" \/>\n<meta property=\"og:type\" content=\"article\" \/>\n<meta property=\"og:title\" content=\"Qu\u00edmica bajo radiaciones - Ionisos\" \/>\n<meta property=\"og:description\" content=\"[vc_row type=&#8221;full_width_section&#8221; bg_image=&#8221;16934&#8243; bg_repeat=&#8221;no-repeat&#8221; text_color=&#8221;light&#8221; text_align=&#8221;center&#8221; top_padding=&#8221;100&#8243; bottom_padding=&#8221;100&#8243;][vc_column width=&#8221;1\/1&#8243;][\/vc_column][\/vc_row][vc_row][vc_column width=&#8221;1\/1&#8243;][\/vc_column][\/vc_row][vc_row][vc_column width=&#8221;1\/4&#8243;][\/vc_column][vc_column width=&#8221;3\/4&#8243;][vc_tta_accordion][vc_tta_section title=&#8221;Polimerizaci\u00f3n&#8221; tab_id=&#8221;1505383076365-0bed47fa-26fb&#8221;][vc_column_text]La polimerizaci\u00f3n permite el curado de resinas polim\u00e9ricas para la fabricaci\u00f3n de piezas de composite, de parqu\u00e9s o incluso dedicadas a la restauraci\u00f3n de obras de arte. Sectores implicados : compuestos, aeron\u00e1utica-aeroespacial, madera, restauraci\u00f3n de obras de arte. Ejemplos de aplicaciones : recipientes y carcasas de composites, parqu\u00e9s &#8230;[\/vc_column_text][\/vc_tta_section][vc_tta_section title=&#8221;Reticulaci\u00f3n&#8221; tab_id=&#8221;1505383059304-b1d05335-a5af&#8221;][vc_column_text]La reticulaci\u00f3n permite convertir un pol\u00edmero termopl\u00e1stico en uno termoestable. La estructura tridimensional de las cadenas formadas no es tan densa como la de un pl\u00e1stico t\u00e9cnico termoestable, pero suficiente como para mejorar las propiedades del pl\u00e1stico. Sectores de aplicaci\u00f3n : electrot\u00e9cnico, automoci\u00f3n, tuber\u00edas, cableado, embalaje, industria en general Ejemplos de aplicaci\u00f3n : piezas el\u00e9ctricas de poliamida (PA) reticulada en lugar de las resinas termoestables : la reticulaci\u00f3n confiere a la PA la resistencia necesaria para resistir arcos el\u00e9ctricos, por otro lado, las productividades son superiores al utilizar PA. conductos de aire y fijaciones para motores de autom\u00f3viles. embalajes con resistencia qu\u00edmica y mejores propiedades de protecci\u00f3n. tubo de polietileno reticulado (PER C) para calefacci\u00f3n por suelo radiante y las conducciones de agua dom\u00e9stica sanitaria. cable con aislante de PE reticulado con una resistencia qu\u00edmica, t\u00e9rmica y [&hellip;]\" \/>\n<meta property=\"og:url\" content=\"https:\/\/www.ionisos.com\/es\/el-grupo\/investigacion-y-desarrollo\/17283-2\/\" \/>\n<meta property=\"og:site_name\" content=\"Ionisos\" \/>\n<meta property=\"article:modified_time\" content=\"2020-04-30T13:40:08+00:00\" \/>\n<meta name=\"twitter:card\" content=\"summary_large_image\" \/>\n<meta name=\"twitter:label1\" content=\"Tiempo de lectura\" \/>\n\t<meta name=\"twitter:data1\" content=\"3 minutos\" \/>\n<script type=\"application\/ld+json\" class=\"yoast-schema-graph\">{\"@context\":\"https:\/\/schema.org\",\"@graph\":[{\"@type\":\"WebPage\",\"@id\":\"https:\/\/www.ionisos.com\/es\/el-grupo\/investigacion-y-desarrollo\/17283-2\/\",\"url\":\"https:\/\/www.ionisos.com\/es\/el-grupo\/investigacion-y-desarrollo\/17283-2\/\",\"name\":\"Qu\u00edmica bajo radiaciones - Ionisos\",\"isPartOf\":{\"@id\":\"https:\/\/www.ionisos.com\/#website\"},\"datePublished\":\"2017-11-21T13:01:58+00:00\",\"dateModified\":\"2020-04-30T13:40:08+00:00\",\"breadcrumb\":{\"@id\":\"https:\/\/www.ionisos.com\/es\/el-grupo\/investigacion-y-desarrollo\/17283-2\/#breadcrumb\"},\"inLanguage\":\"es\",\"potentialAction\":[{\"@type\":\"ReadAction\",\"target\":[\"https:\/\/www.ionisos.com\/es\/el-grupo\/investigacion-y-desarrollo\/17283-2\/\"]}]},{\"@type\":\"BreadcrumbList\",\"@id\":\"https:\/\/www.ionisos.com\/es\/el-grupo\/investigacion-y-desarrollo\/17283-2\/#breadcrumb\",\"itemListElement\":[{\"@type\":\"ListItem\",\"position\":1,\"name\":\"Accueil\",\"item\":\"https:\/\/www.ionisos.com\/es\/\"},{\"@type\":\"ListItem\",\"position\":2,\"name\":\"El grupo\",\"item\":\"https:\/\/www.ionisos.com\/es\/el-grupo\/\"},{\"@type\":\"ListItem\",\"position\":3,\"name\":\"Investigaci\u00f3n y Desarrollo\",\"item\":\"https:\/\/www.ionisos.com\/es\/el-grupo\/investigacion-y-desarrollo\/\"},{\"@type\":\"ListItem\",\"position\":4,\"name\":\"Qu\u00edmica bajo radiaciones\"}]},{\"@type\":\"WebSite\",\"@id\":\"https:\/\/www.ionisos.com\/#website\",\"url\":\"https:\/\/www.ionisos.com\/\",\"name\":\"Ionisos\",\"description\":\"Ionisation par \u00e9lectrons acc\u00e9l\u00e9r\u00e9s, rayons gamma, rayons X et oxyde d&#039;\u00e9thyl\u00e8ne\",\"potentialAction\":[{\"@type\":\"SearchAction\",\"target\":{\"@type\":\"EntryPoint\",\"urlTemplate\":\"https:\/\/www.ionisos.com\/?s={search_term_string}\"},\"query-input\":{\"@type\":\"PropertyValueSpecification\",\"valueRequired\":true,\"valueName\":\"search_term_string\"}}],\"inLanguage\":\"es\"}]}<\/script>\n<!-- \/ Yoast SEO plugin. -->","yoast_head_json":{"title":"Qu\u00edmica bajo radiaciones - Ionisos","robots":{"index":"index","follow":"follow","max-snippet":"max-snippet:-1","max-image-preview":"max-image-preview:large","max-video-preview":"max-video-preview:-1"},"canonical":"https:\/\/www.ionisos.com\/es\/el-grupo\/investigacion-y-desarrollo\/17283-2\/","og_locale":"es_ES","og_type":"article","og_title":"Qu\u00edmica bajo radiaciones - Ionisos","og_description":"[vc_row type=&#8221;full_width_section&#8221; bg_image=&#8221;16934&#8243; bg_repeat=&#8221;no-repeat&#8221; text_color=&#8221;light&#8221; text_align=&#8221;center&#8221; top_padding=&#8221;100&#8243; bottom_padding=&#8221;100&#8243;][vc_column width=&#8221;1\/1&#8243;][\/vc_column][\/vc_row][vc_row][vc_column width=&#8221;1\/1&#8243;][\/vc_column][\/vc_row][vc_row][vc_column width=&#8221;1\/4&#8243;][\/vc_column][vc_column width=&#8221;3\/4&#8243;][vc_tta_accordion][vc_tta_section title=&#8221;Polimerizaci\u00f3n&#8221; tab_id=&#8221;1505383076365-0bed47fa-26fb&#8221;][vc_column_text]La polimerizaci\u00f3n permite el curado de resinas polim\u00e9ricas para la fabricaci\u00f3n de piezas de composite, de parqu\u00e9s o incluso dedicadas a la restauraci\u00f3n de obras de arte. Sectores implicados : compuestos, aeron\u00e1utica-aeroespacial, madera, restauraci\u00f3n de obras de arte. Ejemplos de aplicaciones : recipientes y carcasas de composites, parqu\u00e9s &#8230;[\/vc_column_text][\/vc_tta_section][vc_tta_section title=&#8221;Reticulaci\u00f3n&#8221; tab_id=&#8221;1505383059304-b1d05335-a5af&#8221;][vc_column_text]La reticulaci\u00f3n permite convertir un pol\u00edmero termopl\u00e1stico en uno termoestable. La estructura tridimensional de las cadenas formadas no es tan densa como la de un pl\u00e1stico t\u00e9cnico termoestable, pero suficiente como para mejorar las propiedades del pl\u00e1stico. Sectores de aplicaci\u00f3n : electrot\u00e9cnico, automoci\u00f3n, tuber\u00edas, cableado, embalaje, industria en general Ejemplos de aplicaci\u00f3n : piezas el\u00e9ctricas de poliamida (PA) reticulada en lugar de las resinas termoestables : la reticulaci\u00f3n confiere a la PA la resistencia necesaria para resistir arcos el\u00e9ctricos, por otro lado, las productividades son superiores al utilizar PA. conductos de aire y fijaciones para motores de autom\u00f3viles. embalajes con resistencia qu\u00edmica y mejores propiedades de protecci\u00f3n. tubo de polietileno reticulado (PER C) para calefacci\u00f3n por suelo radiante y las conducciones de agua dom\u00e9stica sanitaria. cable con aislante de PE reticulado con una resistencia qu\u00edmica, t\u00e9rmica y [&hellip;]","og_url":"https:\/\/www.ionisos.com\/es\/el-grupo\/investigacion-y-desarrollo\/17283-2\/","og_site_name":"Ionisos","article_modified_time":"2020-04-30T13:40:08+00:00","twitter_card":"summary_large_image","twitter_misc":{"Tiempo de lectura":"3 minutos"},"schema":{"@context":"https:\/\/schema.org","@graph":[{"@type":"WebPage","@id":"https:\/\/www.ionisos.com\/es\/el-grupo\/investigacion-y-desarrollo\/17283-2\/","url":"https:\/\/www.ionisos.com\/es\/el-grupo\/investigacion-y-desarrollo\/17283-2\/","name":"Qu\u00edmica bajo radiaciones - Ionisos","isPartOf":{"@id":"https:\/\/www.ionisos.com\/#website"},"datePublished":"2017-11-21T13:01:58+00:00","dateModified":"2020-04-30T13:40:08+00:00","breadcrumb":{"@id":"https:\/\/www.ionisos.com\/es\/el-grupo\/investigacion-y-desarrollo\/17283-2\/#breadcrumb"},"inLanguage":"es","potentialAction":[{"@type":"ReadAction","target":["https:\/\/www.ionisos.com\/es\/el-grupo\/investigacion-y-desarrollo\/17283-2\/"]}]},{"@type":"BreadcrumbList","@id":"https:\/\/www.ionisos.com\/es\/el-grupo\/investigacion-y-desarrollo\/17283-2\/#breadcrumb","itemListElement":[{"@type":"ListItem","position":1,"name":"Accueil","item":"https:\/\/www.ionisos.com\/es\/"},{"@type":"ListItem","position":2,"name":"El grupo","item":"https:\/\/www.ionisos.com\/es\/el-grupo\/"},{"@type":"ListItem","position":3,"name":"Investigaci\u00f3n y Desarrollo","item":"https:\/\/www.ionisos.com\/es\/el-grupo\/investigacion-y-desarrollo\/"},{"@type":"ListItem","position":4,"name":"Qu\u00edmica bajo radiaciones"}]},{"@type":"WebSite","@id":"https:\/\/www.ionisos.com\/#website","url":"https:\/\/www.ionisos.com\/","name":"Ionisos","description":"Ionisation par \u00e9lectrons acc\u00e9l\u00e9r\u00e9s, rayons gamma, rayons X et oxyde d&#039;\u00e9thyl\u00e8ne","potentialAction":[{"@type":"SearchAction","target":{"@type":"EntryPoint","urlTemplate":"https:\/\/www.ionisos.com\/?s={search_term_string}"},"query-input":{"@type":"PropertyValueSpecification","valueRequired":true,"valueName":"search_term_string"}}],"inLanguage":"es"}]}},"_links":{"self":[{"href":"https:\/\/www.ionisos.com\/es\/wp-json\/wp\/v2\/pages\/17283","targetHints":{"allow":["GET"]}}],"collection":[{"href":"https:\/\/www.ionisos.com\/es\/wp-json\/wp\/v2\/pages"}],"about":[{"href":"https:\/\/www.ionisos.com\/es\/wp-json\/wp\/v2\/types\/page"}],"author":[{"embeddable":true,"href":"https:\/\/www.ionisos.com\/es\/wp-json\/wp\/v2\/users\/1"}],"replies":[{"embeddable":true,"href":"https:\/\/www.ionisos.com\/es\/wp-json\/wp\/v2\/comments?post=17283"}],"version-history":[{"count":7,"href":"https:\/\/www.ionisos.com\/es\/wp-json\/wp\/v2\/pages\/17283\/revisions"}],"predecessor-version":[{"id":18732,"href":"https:\/\/www.ionisos.com\/es\/wp-json\/wp\/v2\/pages\/17283\/revisions\/18732"}],"up":[{"embeddable":true,"href":"https:\/\/www.ionisos.com\/es\/wp-json\/wp\/v2\/pages\/16441"}],"wp:attachment":[{"href":"https:\/\/www.ionisos.com\/es\/wp-json\/wp\/v2\/media?parent=17283"}],"curies":[{"name":"wp","href":"https:\/\/api.w.org\/{rel}","templated":true}]}}