 {"id":17280,"date":"2017-11-21T13:55:29","date_gmt":"2017-11-21T12:55:29","guid":{"rendered":"https:\/\/www.ionisos.com\/?page_id=17280"},"modified":"2020-04-28T11:28:19","modified_gmt":"2020-04-28T09:28:19","slug":"compatibilidad-de-los-materiales","status":"publish","type":"page","link":"https:\/\/www.ionisos.com\/es\/el-grupo\/investigacion-y-desarrollo\/compatibilidad-de-los-materiales\/","title":{"rendered":"Compatibilidad de los materiales"},"content":{"rendered":"<p>[vc_row bg_image=&#8221;16931&#8243; bg_repeat=&#8221;no-repeat&#8221; text_color=&#8221;light&#8221; text_align=&#8221;center&#8221; top_padding=&#8221;100&#8243; bottom_padding=&#8221;100&#8243;][vc_column width=&#8221;1\/1&#8243;]<h1 class=\"headline font-special fontsize-xxxl fontweight-inherit lh-inherit align-center transform-uppercase \" style=\"margin: 0;\"><strong>Compatibilidad de los materiales<strong><\/h1>[\/vc_column][\/vc_row][vc_row][vc_column width=&#8221;1\/1&#8243;]<div class=\"spacer\" style=\"height: 40px;\"><\/div>[\/vc_column][\/vc_row][vc_row][vc_column width=&#8221;1\/1&#8243;]<div class=\"single_image wpb_content_element align-center    \" data-animation=\"none\" data-delay=\"0\"><img loading=\"lazy\" decoding=\"async\" width=\"1242\" height=\"733\" src=\"https:\/\/www.ionisos.com\/wp-content\/uploads\/2017\/11\/Capture-d\u2019e\u0301cran-2017-11-20-a\u0300-14.34.24.png\" class=\"attachment-full\" alt=\"\" srcset=\"https:\/\/www.ionisos.com\/wp-content\/uploads\/2017\/11\/Capture-d\u2019e\u0301cran-2017-11-20-a\u0300-14.34.24.png 1242w, https:\/\/www.ionisos.com\/wp-content\/uploads\/2017\/11\/Capture-d\u2019e\u0301cran-2017-11-20-a\u0300-14.34.24-300x177.png 300w, https:\/\/www.ionisos.com\/wp-content\/uploads\/2017\/11\/Capture-d\u2019e\u0301cran-2017-11-20-a\u0300-14.34.24-768x453.png 768w, https:\/\/www.ionisos.com\/wp-content\/uploads\/2017\/11\/Capture-d\u2019e\u0301cran-2017-11-20-a\u0300-14.34.24-1024x604.png 1024w\" sizes=\"auto, (max-width: 1242px) 100vw, 1242px\" \/><\/div>[\/vc_column][\/vc_row][vc_row][vc_column width=&#8221;1\/1&#8243;]<div class=\"spacer\" style=\"height: 40px;\"><\/div>[\/vc_column][\/vc_row][vc_row][vc_column width=&#8221;1\/1&#8243;][vc_tta_accordion][vc_tta_section title=&#8221;Metales&#8221; tab_id=&#8221;1505383076365-0bed47fa-26fb&#8221;][vc_column_text]\u00a0<\/strong><\/strong><\/p>\n<ul>\n<li>Los <strong>metales<\/strong> no son modificados por la radiaci\u00f3n de esterilizaci\u00f3n porque toda la energ\u00eda se disipa, sin riesgo de activaci\u00f3n<br \/>\n(Ref.\u00a0&lt;em&gt;<em>Manual on Radiation Sterilization of Medical and Biological Materials<\/em>&lt;\/em&gt;, <em>Technical Reports series<\/em> n\u00b0149, p.182, IAEA, Viena, 1973).<br \/>\n<a href=\"http:\/\/www.iaea.org\/inis\/collection\/NCLCollectionStore\/_Public\/05\/105\/5105679.pdf\">M\u00e1s informaci\u00f3n<\/a><\/li>\n<li>Los <strong>metales<\/strong> no absorben el \u00f3xido de etileno (Ref.: Sterilisation of biomaterials and medical devices, editado por Sophie Lerouge y Anne Simmons, WP Woodhead Publishing, 2012).<\/li>\n<\/ul>\n<p>[\/vc_column_text][\/vc_tta_section][vc_tta_section title=&#8221;Vidrios&#8221; tab_id=&#8221;1505383059304-b1d05335-a5af&#8221;][vc_column_text]<\/p>\n<ul>\n<li>El <strong>vidrio<\/strong> se torna color topacio al ser sometido a la radiaci\u00f3n, a partir de una dosis baja (algunos kilograys).<\/li>\n<li>El vidrio es un material que retiene cantidades muy bajas de \u00f3xido de etileno (Ref.: Sterilisation of biomaterials and medical devices, editado por Sophie Lerouge y Anne Simmons, WP Woodhead Publishing, 2012).&lt;\/li&gt;<\/li>\n<\/ul>\n<p>[\/vc_column_text]<div class=\"single_image wpb_content_element align-center    \" data-animation=\"none\" data-delay=\"0\"><img loading=\"lazy\" decoding=\"async\" width=\"1920\" height=\"1080\" src=\"https:\/\/www.ionisos.com\/wp-content\/uploads\/2017\/09\/verre-bruni-1.jpg\" class=\"attachment-full\" alt=\"\" srcset=\"https:\/\/www.ionisos.com\/wp-content\/uploads\/2017\/09\/verre-bruni-1.jpg 1920w, https:\/\/www.ionisos.com\/wp-content\/uploads\/2017\/09\/verre-bruni-1-300x169.jpg 300w, https:\/\/www.ionisos.com\/wp-content\/uploads\/2017\/09\/verre-bruni-1-768x432.jpg 768w, https:\/\/www.ionisos.com\/wp-content\/uploads\/2017\/09\/verre-bruni-1-1024x576.jpg 1024w, https:\/\/www.ionisos.com\/wp-content\/uploads\/2017\/09\/verre-bruni-1-1000x563.jpg 1000w, https:\/\/www.ionisos.com\/wp-content\/uploads\/2017\/09\/verre-bruni-1-200x113.jpg 200w\" sizes=\"auto, (max-width: 1920px) 100vw, 1920px\" \/><\/div>[\/vc_tta_section][vc_tta_section title=&#8221;Cer\u00e1micas&#8221; tab_id=&#8221;1505383150543-154daab4-6c83&#8243;][vc_column_text]\u00d3xido de etileno:<\/p>\n<ul>\n<li>Compatibilidad relacionada con la absorci\u00f3n (atenci\u00f3n al nivel de porosidad)<\/li>\n<li>Compatibilidad relacionada con las condiciones de proceso<\/li>\n<\/ul>\n<p>[\/vc_column_text][\/vc_tta_section][vc_tta_section title=&#8221;Pol\u00edmeros*&#8221; tab_id=&#8221;1505383059323-bc266715-ea46&#8243;]<div class=\"single_image wpb_content_element align-left    \" data-animation=\"none\" data-delay=\"0\"><img loading=\"lazy\" decoding=\"async\" width=\"1377\" height=\"959\" src=\"https:\/\/www.ionisos.com\/wp-content\/uploads\/2017\/09\/Sans-titre.png\" class=\"attachment-full\" alt=\"\" srcset=\"https:\/\/www.ionisos.com\/wp-content\/uploads\/2017\/09\/Sans-titre.png 1377w, https:\/\/www.ionisos.com\/wp-content\/uploads\/2017\/09\/Sans-titre-300x209.png 300w, https:\/\/www.ionisos.com\/wp-content\/uploads\/2017\/09\/Sans-titre-768x535.png 768w, https:\/\/www.ionisos.com\/wp-content\/uploads\/2017\/09\/Sans-titre-1024x713.png 1024w, https:\/\/www.ionisos.com\/wp-content\/uploads\/2017\/09\/Sans-titre-200x139.png 200w\" sizes=\"auto, (max-width: 1377px) 100vw, 1377px\" \/><\/div>[\/vc_tta_section][\/vc_tta_accordion][\/vc_column][\/vc_row][vc_column width=&#8221;1\/1&#8243;][\/vc_column]<div class=\"spacer\" style=\"height: 40px;\"><\/div>[vc_column_text]<\/p>\n<p style=\"text-align: center;\">Para sus ensayos de irradiaci\u00f3n, IONISOS cuenta con la siguiente <a href=\"https:\/\/www.ionisos.com\/wp-content\/uploads\/2017\/09\/Agre\u0301ment-Ionisos-CIR-2015-2016-2017-1.pdf\">autorizaci\u00f3n<\/a>.<\/p>\n<p>[\/vc_column_text]<\/p>\n","protected":false},"excerpt":{"rendered":"<p>[vc_row bg_image=&#8221;16931&#8243; bg_repeat=&#8221;no-repeat&#8221; text_color=&#8221;light&#8221; text_align=&#8221;center&#8221; top_padding=&#8221;100&#8243; bottom_padding=&#8221;100&#8243;][vc_column width=&#8221;1\/1&#8243;][\/vc_column][\/vc_row][vc_row][vc_column width=&#8221;1\/1&#8243;][\/vc_column][\/vc_row][vc_row][vc_column width=&#8221;1\/1&#8243;][\/vc_column][\/vc_row][vc_row][vc_column width=&#8221;1\/1&#8243;][\/vc_column][\/vc_row][vc_row][vc_column width=&#8221;1\/1&#8243;][vc_tta_accordion][vc_tta_section title=&#8221;Metales&#8221; tab_id=&#8221;1505383076365-0bed47fa-26fb&#8221;][vc_column_text]\u00a0 Los metales no son modificados por la radiaci\u00f3n de esterilizaci\u00f3n porque toda la energ\u00eda se disipa, sin riesgo de activaci\u00f3n (Ref.\u00a0&lt;em&gt;Manual on Radiation Sterilization of Medical and Biological Materials&lt;\/em&gt;, Technical Reports series n\u00b0149, p.182, IAEA, Viena, 1973). M\u00e1s informaci\u00f3n Los metales no absorben el \u00f3xido de etileno (Ref.: Sterilisation of biomaterials and medical devices, editado por Sophie Lerouge y Anne Simmons, WP Woodhead Publishing, 2012). [\/vc_column_text][\/vc_tta_section][vc_tta_section title=&#8221;Vidrios&#8221; tab_id=&#8221;1505383059304-b1d05335-a5af&#8221;][vc_column_text] El vidrio se torna color topacio al ser sometido a la radiaci\u00f3n, a partir de una dosis baja (algunos kilograys). El vidrio es un material que retiene cantidades muy bajas de \u00f3xido de etileno (Ref.: Sterilisation of biomaterials and medical devices, editado por Sophie Lerouge y Anne Simmons, WP Woodhead Publishing, 2012).&lt;\/li&gt; [\/vc_column_text][\/vc_tta_section][vc_tta_section title=&#8221;Cer\u00e1micas&#8221; tab_id=&#8221;1505383150543-154daab4-6c83&#8243;][vc_column_text]\u00d3xido de etileno: Compatibilidad relacionada con la absorci\u00f3n (atenci\u00f3n al nivel de porosidad) Compatibilidad relacionada con las condiciones de proceso [\/vc_column_text][\/vc_tta_section][vc_tta_section title=&#8221;Pol\u00edmeros*&#8221; tab_id=&#8221;1505383059323-bc266715-ea46&#8243;][\/vc_tta_section][\/vc_tta_accordion][\/vc_column][\/vc_row][vc_column width=&#8221;1\/1&#8243;][\/vc_column][vc_column_text] Para sus ensayos de irradiaci\u00f3n, IONISOS cuenta con la siguiente autorizaci\u00f3n. [\/vc_column_text]<\/p>\n","protected":false},"author":1,"featured_media":0,"parent":16441,"menu_order":0,"comment_status":"closed","ping_status":"closed","template":"","meta":{"inline_featured_image":false,"footnotes":""},"class_list":["post-17280","page","type-page","status-publish","hentry"],"yoast_head":"<!-- This site is optimized with the Yoast SEO plugin v26.3 - https:\/\/yoast.com\/wordpress\/plugins\/seo\/ -->\n<title>Compatibilidad de los materiales - Ionisos<\/title>\n<meta name=\"robots\" content=\"index, follow, max-snippet:-1, max-image-preview:large, max-video-preview:-1\" \/>\n<link rel=\"canonical\" href=\"https:\/\/www.ionisos.com\/es\/el-grupo\/investigacion-y-desarrollo\/compatibilidad-de-los-materiales\/\" \/>\n<meta property=\"og:locale\" content=\"es_ES\" \/>\n<meta property=\"og:type\" content=\"article\" \/>\n<meta property=\"og:title\" content=\"Compatibilidad de los materiales - Ionisos\" \/>\n<meta property=\"og:description\" content=\"[vc_row bg_image=&#8221;16931&#8243; bg_repeat=&#8221;no-repeat&#8221; text_color=&#8221;light&#8221; text_align=&#8221;center&#8221; top_padding=&#8221;100&#8243; bottom_padding=&#8221;100&#8243;][vc_column width=&#8221;1\/1&#8243;][\/vc_column][\/vc_row][vc_row][vc_column width=&#8221;1\/1&#8243;][\/vc_column][\/vc_row][vc_row][vc_column width=&#8221;1\/1&#8243;][\/vc_column][\/vc_row][vc_row][vc_column width=&#8221;1\/1&#8243;][\/vc_column][\/vc_row][vc_row][vc_column width=&#8221;1\/1&#8243;][vc_tta_accordion][vc_tta_section title=&#8221;Metales&#8221; tab_id=&#8221;1505383076365-0bed47fa-26fb&#8221;][vc_column_text]\u00a0 Los metales no son modificados por la radiaci\u00f3n de esterilizaci\u00f3n porque toda la energ\u00eda se disipa, sin riesgo de activaci\u00f3n (Ref.\u00a0&lt;em&gt;Manual on Radiation Sterilization of Medical and Biological Materials&lt;\/em&gt;, Technical Reports series n\u00b0149, p.182, IAEA, Viena, 1973). M\u00e1s informaci\u00f3n Los metales no absorben el \u00f3xido de etileno (Ref.: Sterilisation of biomaterials and medical devices, editado por Sophie Lerouge y Anne Simmons, WP Woodhead Publishing, 2012). [\/vc_column_text][\/vc_tta_section][vc_tta_section title=&#8221;Vidrios&#8221; tab_id=&#8221;1505383059304-b1d05335-a5af&#8221;][vc_column_text] El vidrio se torna color topacio al ser sometido a la radiaci\u00f3n, a partir de una dosis baja (algunos kilograys). El vidrio es un material que retiene cantidades muy bajas de \u00f3xido de etileno (Ref.: Sterilisation of biomaterials and medical devices, editado por Sophie Lerouge y Anne Simmons, WP Woodhead Publishing, 2012).&lt;\/li&gt; [\/vc_column_text][\/vc_tta_section][vc_tta_section title=&#8221;Cer\u00e1micas&#8221; tab_id=&#8221;1505383150543-154daab4-6c83&#8243;][vc_column_text]\u00d3xido de etileno: Compatibilidad relacionada con la absorci\u00f3n (atenci\u00f3n al nivel de porosidad) Compatibilidad relacionada con las condiciones de proceso [\/vc_column_text][\/vc_tta_section][vc_tta_section title=&#8221;Pol\u00edmeros*&#8221; tab_id=&#8221;1505383059323-bc266715-ea46&#8243;][\/vc_tta_section][\/vc_tta_accordion][\/vc_column][\/vc_row][vc_column width=&#8221;1\/1&#8243;][\/vc_column][vc_column_text] Para sus ensayos de irradiaci\u00f3n, IONISOS cuenta con la siguiente autorizaci\u00f3n. [\/vc_column_text]\" \/>\n<meta property=\"og:url\" content=\"https:\/\/www.ionisos.com\/es\/el-grupo\/investigacion-y-desarrollo\/compatibilidad-de-los-materiales\/\" \/>\n<meta property=\"og:site_name\" content=\"Ionisos\" \/>\n<meta property=\"article:modified_time\" content=\"2020-04-28T09:28:19+00:00\" \/>\n<meta name=\"twitter:card\" content=\"summary_large_image\" \/>\n<meta name=\"twitter:label1\" content=\"Tiempo de lectura\" \/>\n\t<meta name=\"twitter:data1\" content=\"2 minutos\" \/>\n<script type=\"application\/ld+json\" class=\"yoast-schema-graph\">{\"@context\":\"https:\/\/schema.org\",\"@graph\":[{\"@type\":\"WebPage\",\"@id\":\"https:\/\/www.ionisos.com\/es\/el-grupo\/investigacion-y-desarrollo\/compatibilidad-de-los-materiales\/\",\"url\":\"https:\/\/www.ionisos.com\/es\/el-grupo\/investigacion-y-desarrollo\/compatibilidad-de-los-materiales\/\",\"name\":\"Compatibilidad de los materiales - Ionisos\",\"isPartOf\":{\"@id\":\"https:\/\/www.ionisos.com\/#website\"},\"datePublished\":\"2017-11-21T12:55:29+00:00\",\"dateModified\":\"2020-04-28T09:28:19+00:00\",\"breadcrumb\":{\"@id\":\"https:\/\/www.ionisos.com\/es\/el-grupo\/investigacion-y-desarrollo\/compatibilidad-de-los-materiales\/#breadcrumb\"},\"inLanguage\":\"es\",\"potentialAction\":[{\"@type\":\"ReadAction\",\"target\":[\"https:\/\/www.ionisos.com\/es\/el-grupo\/investigacion-y-desarrollo\/compatibilidad-de-los-materiales\/\"]}]},{\"@type\":\"BreadcrumbList\",\"@id\":\"https:\/\/www.ionisos.com\/es\/el-grupo\/investigacion-y-desarrollo\/compatibilidad-de-los-materiales\/#breadcrumb\",\"itemListElement\":[{\"@type\":\"ListItem\",\"position\":1,\"name\":\"Accueil\",\"item\":\"https:\/\/www.ionisos.com\/es\/\"},{\"@type\":\"ListItem\",\"position\":2,\"name\":\"El grupo\",\"item\":\"https:\/\/www.ionisos.com\/es\/el-grupo\/\"},{\"@type\":\"ListItem\",\"position\":3,\"name\":\"Investigaci\u00f3n y Desarrollo\",\"item\":\"https:\/\/www.ionisos.com\/es\/el-grupo\/investigacion-y-desarrollo\/\"},{\"@type\":\"ListItem\",\"position\":4,\"name\":\"Compatibilidad de los materiales\"}]},{\"@type\":\"WebSite\",\"@id\":\"https:\/\/www.ionisos.com\/#website\",\"url\":\"https:\/\/www.ionisos.com\/\",\"name\":\"Ionisos\",\"description\":\"Ionisation par \u00e9lectrons acc\u00e9l\u00e9r\u00e9s, rayons gamma, rayons X et oxyde d&#039;\u00e9thyl\u00e8ne\",\"potentialAction\":[{\"@type\":\"SearchAction\",\"target\":{\"@type\":\"EntryPoint\",\"urlTemplate\":\"https:\/\/www.ionisos.com\/?s={search_term_string}\"},\"query-input\":{\"@type\":\"PropertyValueSpecification\",\"valueRequired\":true,\"valueName\":\"search_term_string\"}}],\"inLanguage\":\"es\"}]}<\/script>\n<!-- \/ Yoast SEO plugin. -->","yoast_head_json":{"title":"Compatibilidad de los materiales - Ionisos","robots":{"index":"index","follow":"follow","max-snippet":"max-snippet:-1","max-image-preview":"max-image-preview:large","max-video-preview":"max-video-preview:-1"},"canonical":"https:\/\/www.ionisos.com\/es\/el-grupo\/investigacion-y-desarrollo\/compatibilidad-de-los-materiales\/","og_locale":"es_ES","og_type":"article","og_title":"Compatibilidad de los materiales - Ionisos","og_description":"[vc_row bg_image=&#8221;16931&#8243; bg_repeat=&#8221;no-repeat&#8221; text_color=&#8221;light&#8221; text_align=&#8221;center&#8221; top_padding=&#8221;100&#8243; bottom_padding=&#8221;100&#8243;][vc_column width=&#8221;1\/1&#8243;][\/vc_column][\/vc_row][vc_row][vc_column width=&#8221;1\/1&#8243;][\/vc_column][\/vc_row][vc_row][vc_column width=&#8221;1\/1&#8243;][\/vc_column][\/vc_row][vc_row][vc_column width=&#8221;1\/1&#8243;][\/vc_column][\/vc_row][vc_row][vc_column width=&#8221;1\/1&#8243;][vc_tta_accordion][vc_tta_section title=&#8221;Metales&#8221; tab_id=&#8221;1505383076365-0bed47fa-26fb&#8221;][vc_column_text]\u00a0 Los metales no son modificados por la radiaci\u00f3n de esterilizaci\u00f3n porque toda la energ\u00eda se disipa, sin riesgo de activaci\u00f3n (Ref.\u00a0&lt;em&gt;Manual on Radiation Sterilization of Medical and Biological Materials&lt;\/em&gt;, Technical Reports series n\u00b0149, p.182, IAEA, Viena, 1973). M\u00e1s informaci\u00f3n Los metales no absorben el \u00f3xido de etileno (Ref.: Sterilisation of biomaterials and medical devices, editado por Sophie Lerouge y Anne Simmons, WP Woodhead Publishing, 2012). [\/vc_column_text][\/vc_tta_section][vc_tta_section title=&#8221;Vidrios&#8221; tab_id=&#8221;1505383059304-b1d05335-a5af&#8221;][vc_column_text] El vidrio se torna color topacio al ser sometido a la radiaci\u00f3n, a partir de una dosis baja (algunos kilograys). El vidrio es un material que retiene cantidades muy bajas de \u00f3xido de etileno (Ref.: Sterilisation of biomaterials and medical devices, editado por Sophie Lerouge y Anne Simmons, WP Woodhead Publishing, 2012).&lt;\/li&gt; [\/vc_column_text][\/vc_tta_section][vc_tta_section title=&#8221;Cer\u00e1micas&#8221; tab_id=&#8221;1505383150543-154daab4-6c83&#8243;][vc_column_text]\u00d3xido de etileno: Compatibilidad relacionada con la absorci\u00f3n (atenci\u00f3n al nivel de porosidad) Compatibilidad relacionada con las condiciones de proceso [\/vc_column_text][\/vc_tta_section][vc_tta_section title=&#8221;Pol\u00edmeros*&#8221; tab_id=&#8221;1505383059323-bc266715-ea46&#8243;][\/vc_tta_section][\/vc_tta_accordion][\/vc_column][\/vc_row][vc_column width=&#8221;1\/1&#8243;][\/vc_column][vc_column_text] Para sus ensayos de irradiaci\u00f3n, IONISOS cuenta con la siguiente autorizaci\u00f3n. [\/vc_column_text]","og_url":"https:\/\/www.ionisos.com\/es\/el-grupo\/investigacion-y-desarrollo\/compatibilidad-de-los-materiales\/","og_site_name":"Ionisos","article_modified_time":"2020-04-28T09:28:19+00:00","twitter_card":"summary_large_image","twitter_misc":{"Tiempo de lectura":"2 minutos"},"schema":{"@context":"https:\/\/schema.org","@graph":[{"@type":"WebPage","@id":"https:\/\/www.ionisos.com\/es\/el-grupo\/investigacion-y-desarrollo\/compatibilidad-de-los-materiales\/","url":"https:\/\/www.ionisos.com\/es\/el-grupo\/investigacion-y-desarrollo\/compatibilidad-de-los-materiales\/","name":"Compatibilidad de los materiales - Ionisos","isPartOf":{"@id":"https:\/\/www.ionisos.com\/#website"},"datePublished":"2017-11-21T12:55:29+00:00","dateModified":"2020-04-28T09:28:19+00:00","breadcrumb":{"@id":"https:\/\/www.ionisos.com\/es\/el-grupo\/investigacion-y-desarrollo\/compatibilidad-de-los-materiales\/#breadcrumb"},"inLanguage":"es","potentialAction":[{"@type":"ReadAction","target":["https:\/\/www.ionisos.com\/es\/el-grupo\/investigacion-y-desarrollo\/compatibilidad-de-los-materiales\/"]}]},{"@type":"BreadcrumbList","@id":"https:\/\/www.ionisos.com\/es\/el-grupo\/investigacion-y-desarrollo\/compatibilidad-de-los-materiales\/#breadcrumb","itemListElement":[{"@type":"ListItem","position":1,"name":"Accueil","item":"https:\/\/www.ionisos.com\/es\/"},{"@type":"ListItem","position":2,"name":"El grupo","item":"https:\/\/www.ionisos.com\/es\/el-grupo\/"},{"@type":"ListItem","position":3,"name":"Investigaci\u00f3n y Desarrollo","item":"https:\/\/www.ionisos.com\/es\/el-grupo\/investigacion-y-desarrollo\/"},{"@type":"ListItem","position":4,"name":"Compatibilidad de los materiales"}]},{"@type":"WebSite","@id":"https:\/\/www.ionisos.com\/#website","url":"https:\/\/www.ionisos.com\/","name":"Ionisos","description":"Ionisation par \u00e9lectrons acc\u00e9l\u00e9r\u00e9s, rayons gamma, rayons X et oxyde d&#039;\u00e9thyl\u00e8ne","potentialAction":[{"@type":"SearchAction","target":{"@type":"EntryPoint","urlTemplate":"https:\/\/www.ionisos.com\/?s={search_term_string}"},"query-input":{"@type":"PropertyValueSpecification","valueRequired":true,"valueName":"search_term_string"}}],"inLanguage":"es"}]}},"_links":{"self":[{"href":"https:\/\/www.ionisos.com\/es\/wp-json\/wp\/v2\/pages\/17280","targetHints":{"allow":["GET"]}}],"collection":[{"href":"https:\/\/www.ionisos.com\/es\/wp-json\/wp\/v2\/pages"}],"about":[{"href":"https:\/\/www.ionisos.com\/es\/wp-json\/wp\/v2\/types\/page"}],"author":[{"embeddable":true,"href":"https:\/\/www.ionisos.com\/es\/wp-json\/wp\/v2\/users\/1"}],"replies":[{"embeddable":true,"href":"https:\/\/www.ionisos.com\/es\/wp-json\/wp\/v2\/comments?post=17280"}],"version-history":[{"count":9,"href":"https:\/\/www.ionisos.com\/es\/wp-json\/wp\/v2\/pages\/17280\/revisions"}],"predecessor-version":[{"id":18705,"href":"https:\/\/www.ionisos.com\/es\/wp-json\/wp\/v2\/pages\/17280\/revisions\/18705"}],"up":[{"embeddable":true,"href":"https:\/\/www.ionisos.com\/es\/wp-json\/wp\/v2\/pages\/16441"}],"wp:attachment":[{"href":"https:\/\/www.ionisos.com\/es\/wp-json\/wp\/v2\/media?parent=17280"}],"curies":[{"name":"wp","href":"https:\/\/api.w.org\/{rel}","templated":true}]}}