 {"id":16480,"date":"2017-06-07T10:45:22","date_gmt":"2017-06-07T08:45:22","guid":{"rendered":"https:\/\/www.ionisos.com\/?page_id=16480\/"},"modified":"2017-12-21T09:00:14","modified_gmt":"2017-12-21T08:00:14","slug":"dia-tecnico-2017","status":"publish","type":"page","link":"https:\/\/www.ionisos.com\/es\/dia-tecnico-2017\/","title":{"rendered":"Dia t\u00e9cnico 2017"},"content":{"rendered":"<p>[vc_row bg_image=&#8221;15874&#8243; bg_repeat=&#8221;no-repeat&#8221; text_color=&#8221;light&#8221; text_align=&#8221;center&#8221; top_padding=&#8221;100&#8243; bottom_padding=&#8221;100&#8243;][vc_column width=&#8221;1\/1&#8243;]<h1 class=\"headline font-special fontsize-xxxl fontweight-inherit lh-inherit align-center transform-uppercase \" style=\"margin: 0;\"><strong>Jornada t\u00e9cnica<\/strong> 2017<\/h1>[\/vc_column][\/vc_row][vc_row][vc_column width=&#8221;1\/1&#8243;]<div class=\"spacer\" style=\"height: 60px;\"><\/div>[\/vc_column][\/vc_row][vc_row][vc_column width=&#8221;1\/2&#8243;]<div class=\"single_image wpb_content_element align-right    \" data-animation=\"none\" data-delay=\"0\"><img loading=\"lazy\" decoding=\"async\" width=\"300\" height=\"73\" src=\"https:\/\/www.ionisos.com\/wp-content\/uploads\/2017\/03\/IONISOS-logo-QUADRI-300x73.jpg\" class=\"attachment-medium\" alt=\"\" srcset=\"https:\/\/www.ionisos.com\/wp-content\/uploads\/2017\/03\/IONISOS-logo-QUADRI-300x73.jpg 300w, https:\/\/www.ionisos.com\/wp-content\/uploads\/2017\/03\/IONISOS-logo-QUADRI-768x187.jpg 768w, https:\/\/www.ionisos.com\/wp-content\/uploads\/2017\/03\/IONISOS-logo-QUADRI-200x49.jpg 200w, https:\/\/www.ionisos.com\/wp-content\/uploads\/2017\/03\/IONISOS-logo-QUADRI.jpg 800w\" sizes=\"auto, (max-width: 300px) 100vw, 300px\" \/><\/div>[\/vc_column][vc_column width=&#8221;1\/2&#8243;]<div class=\"single_image wpb_content_element align-left    \" data-animation=\"none\" data-delay=\"0\"><img loading=\"lazy\" decoding=\"async\" width=\"300\" height=\"73\" src=\"https:\/\/www.ionisos.com\/wp-content\/uploads\/2017\/03\/logo-sterylene-1-300x73.jpg\" class=\"attachment-medium\" alt=\"\" srcset=\"https:\/\/www.ionisos.com\/wp-content\/uploads\/2017\/03\/logo-sterylene-1-300x73.jpg 300w, https:\/\/www.ionisos.com\/wp-content\/uploads\/2017\/03\/logo-sterylene-1-768x186.jpg 768w, https:\/\/www.ionisos.com\/wp-content\/uploads\/2017\/03\/logo-sterylene-1-200x49.jpg 200w, https:\/\/www.ionisos.com\/wp-content\/uploads\/2017\/03\/logo-sterylene-1.jpg 800w\" sizes=\"auto, (max-width: 300px) 100vw, 300px\" \/><\/div>[\/vc_column][\/vc_row][vc_row][vc_column width=&#8221;1\/1&#8243;]<div class=\"spacer\" style=\"height: 60px;\"><\/div>[\/vc_column][\/vc_row][vc_row bg_color=&#8221;#0b2677&#8243; text_color=&#8221;light&#8221; top_padding=&#8221;40&#8243; bottom_padding=&#8221;40&#8243;][vc_column width=&#8221;1\/1&#8243;][vc_column_text]<\/p>\n<h2 style=\"text-align: center;\">organizan el 13 de diciembre de 2017, una jornada t\u00e9cnica\/formativa sobre<\/h2>\n<h4 style=\"text-align: center;\">T\u00e9cnicas de esterilizaci\u00f3n<br \/>\nNuevas reglamentaciones y MEDDEV<br \/>\nValidaci\u00f3n biol\u00f3gica de los productos sanitarios :<br \/>\nde la biocompatibilidad al riesgo cl\u00ednico<br \/>\nEvaluaci\u00f3n de la biocompatibilidad<\/h4>\n<p>[\/vc_column_text][\/vc_column][\/vc_row][vc_row][vc_column width=&#8221;1\/1&#8243;]<div class=\"spacer\" style=\"height: 40px;\"><\/div>[vc_column_text]<\/p>\n<h4>Ubicaci\u00f3n: LYON<\/h4>\n<p>(Marriott &#8211; Cit\u00e9 Internationale)<\/p>\n<h4>PROGRAMA<\/h4>\n<p>Jornada enfocada al sector industrial de productos sanitarios que requieren esterilizaci\u00f3n y especialmente orientada a t\u00e9cnicos o ingenieros de desarrollo de producto y a responsables de calidad y de registros.<\/p>\n<p>La primera mitad de la jornada abordar\u00e1 las t\u00e9cnicas de esterilizaci\u00f3n con electrones de alta energ\u00eda, rayos gamma y \u00f3xido de etileno, las cuales ser\u00e1n desarrolladas en detalle para cubrir desde su aplicaci\u00f3n hasta el proceso de validaci\u00f3n del tratamiento.<\/p>\n<p>La segunda parte de la formaci\u00f3n se centrar\u00e1 en la biocompatibilidad de los productos sanitarios, apartado muy importante para los fabricantes de productos sanitarios implantables o en contacto con fluidos biol\u00f3gicos.<\/p>\n<p>Esta jornada informativa es especialmente \u00fatil para los profesionales que deseen conocer los \u00faltimos avances actuales, tanto t\u00e9cnicos como reglamentarios. De hecho, tambi\u00e9n se organizar\u00e1 una reuni\u00f3n informativa sobre los cambios en los reglamentos que afectan a los productos sanitarios.<\/p>\n<p>En paralelo, tendr\u00e1 lugar otra jornada t\u00e9cnica sobre la compatibilidad de los productos sanitarios con la irradiaci\u00f3n, informaci\u00f3n fundamental para las personas responsables del desarrollo de estos productos.<\/p>\n<p><strong>Programa &#8211; Inscripci\u00f3n<\/strong><\/p>\n<p>Si desea participar, env\u00edenos el formulario de inscripci\u00f3n junto con un justificante de ingreso de 390\u20ac a nombre Ionisos al siguiente correo electr\u00f3nico[\/vc_column_text]<a href=\"mailto:info@ionisos.fr\" target=\"_self\" class=\"button color-2 medium \" style=\"border-radius: 2px;\">Pinche aqu\u00ed<\/a>[\/vc_column][\/vc_row][vc_row][vc_column width=&#8221;1\/1&#8243;]<div class=\"spacer\" style=\"height: 60px;\"><\/div>[\/vc_column][\/vc_row]<\/p>\n","protected":false},"excerpt":{"rendered":"<p>[vc_row bg_image=&#8221;15874&#8243; bg_repeat=&#8221;no-repeat&#8221; text_color=&#8221;light&#8221; text_align=&#8221;center&#8221; top_padding=&#8221;100&#8243; bottom_padding=&#8221;100&#8243;][vc_column width=&#8221;1\/1&#8243;][\/vc_column][\/vc_row][vc_row][vc_column width=&#8221;1\/1&#8243;][\/vc_column][\/vc_row][vc_row][vc_column width=&#8221;1\/2&#8243;][\/vc_column][vc_column width=&#8221;1\/2&#8243;][\/vc_column][\/vc_row][vc_row][vc_column width=&#8221;1\/1&#8243;][\/vc_column][\/vc_row][vc_row bg_color=&#8221;#0b2677&#8243; text_color=&#8221;light&#8221; top_padding=&#8221;40&#8243; bottom_padding=&#8221;40&#8243;][vc_column width=&#8221;1\/1&#8243;][vc_column_text] organizan el 13 de diciembre de 2017, una jornada t\u00e9cnica\/formativa sobre T\u00e9cnicas de esterilizaci\u00f3n Nuevas reglamentaciones y MEDDEV Validaci\u00f3n biol\u00f3gica de los productos sanitarios : de la biocompatibilidad al riesgo cl\u00ednico Evaluaci\u00f3n de la biocompatibilidad [\/vc_column_text][\/vc_column][\/vc_row][vc_row][vc_column width=&#8221;1\/1&#8243;][vc_column_text] Ubicaci\u00f3n: LYON (Marriott &#8211; Cit\u00e9 Internationale) PROGRAMA Jornada enfocada al sector industrial de productos sanitarios que requieren esterilizaci\u00f3n y especialmente orientada a t\u00e9cnicos o ingenieros de desarrollo de producto y a responsables de calidad y de registros. La primera mitad de la jornada abordar\u00e1 las t\u00e9cnicas de esterilizaci\u00f3n con electrones de alta energ\u00eda, rayos gamma y \u00f3xido de etileno, las cuales ser\u00e1n desarrolladas en detalle para cubrir desde su aplicaci\u00f3n hasta el proceso de validaci\u00f3n del tratamiento. La segunda parte de la formaci\u00f3n se centrar\u00e1 en la biocompatibilidad de los productos sanitarios, apartado muy importante para los fabricantes de productos sanitarios implantables o en contacto con fluidos biol\u00f3gicos. Esta jornada informativa es especialmente \u00fatil para los profesionales que deseen conocer los \u00faltimos avances actuales, tanto t\u00e9cnicos como reglamentarios. De hecho, tambi\u00e9n se organizar\u00e1 una reuni\u00f3n informativa sobre los cambios en los reglamentos que afectan a los [&hellip;]<\/p>\n","protected":false},"author":1,"featured_media":0,"parent":0,"menu_order":0,"comment_status":"closed","ping_status":"closed","template":"","meta":{"inline_featured_image":false,"footnotes":""},"class_list":["post-16480","page","type-page","status-publish","hentry"],"yoast_head":"<!-- This site is optimized with the Yoast SEO plugin v26.3 - https:\/\/yoast.com\/wordpress\/plugins\/seo\/ -->\n<title>Dia t\u00e9cnico 2017 - Ionisos<\/title>\n<meta name=\"robots\" content=\"index, follow, max-snippet:-1, max-image-preview:large, max-video-preview:-1\" \/>\n<link rel=\"canonical\" href=\"https:\/\/www.ionisos.com\/es\/dia-tecnico-2017\/\" \/>\n<meta property=\"og:locale\" content=\"es_ES\" \/>\n<meta property=\"og:type\" content=\"article\" \/>\n<meta property=\"og:title\" content=\"Dia t\u00e9cnico 2017 - Ionisos\" \/>\n<meta property=\"og:description\" content=\"[vc_row bg_image=&#8221;15874&#8243; bg_repeat=&#8221;no-repeat&#8221; text_color=&#8221;light&#8221; text_align=&#8221;center&#8221; top_padding=&#8221;100&#8243; bottom_padding=&#8221;100&#8243;][vc_column width=&#8221;1\/1&#8243;][\/vc_column][\/vc_row][vc_row][vc_column width=&#8221;1\/1&#8243;][\/vc_column][\/vc_row][vc_row][vc_column width=&#8221;1\/2&#8243;][\/vc_column][vc_column width=&#8221;1\/2&#8243;][\/vc_column][\/vc_row][vc_row][vc_column width=&#8221;1\/1&#8243;][\/vc_column][\/vc_row][vc_row bg_color=&#8221;#0b2677&#8243; text_color=&#8221;light&#8221; top_padding=&#8221;40&#8243; bottom_padding=&#8221;40&#8243;][vc_column width=&#8221;1\/1&#8243;][vc_column_text] organizan el 13 de diciembre de 2017, una jornada t\u00e9cnica\/formativa sobre T\u00e9cnicas de esterilizaci\u00f3n Nuevas reglamentaciones y MEDDEV Validaci\u00f3n biol\u00f3gica de los productos sanitarios : de la biocompatibilidad al riesgo cl\u00ednico Evaluaci\u00f3n de la biocompatibilidad [\/vc_column_text][\/vc_column][\/vc_row][vc_row][vc_column width=&#8221;1\/1&#8243;][vc_column_text] Ubicaci\u00f3n: LYON (Marriott &#8211; Cit\u00e9 Internationale) PROGRAMA Jornada enfocada al sector industrial de productos sanitarios que requieren esterilizaci\u00f3n y especialmente orientada a t\u00e9cnicos o ingenieros de desarrollo de producto y a responsables de calidad y de registros. La primera mitad de la jornada abordar\u00e1 las t\u00e9cnicas de esterilizaci\u00f3n con electrones de alta energ\u00eda, rayos gamma y \u00f3xido de etileno, las cuales ser\u00e1n desarrolladas en detalle para cubrir desde su aplicaci\u00f3n hasta el proceso de validaci\u00f3n del tratamiento. La segunda parte de la formaci\u00f3n se centrar\u00e1 en la biocompatibilidad de los productos sanitarios, apartado muy importante para los fabricantes de productos sanitarios implantables o en contacto con fluidos biol\u00f3gicos. Esta jornada informativa es especialmente \u00fatil para los profesionales que deseen conocer los \u00faltimos avances actuales, tanto t\u00e9cnicos como reglamentarios. De hecho, tambi\u00e9n se organizar\u00e1 una reuni\u00f3n informativa sobre los cambios en los reglamentos que afectan a los [&hellip;]\" \/>\n<meta property=\"og:url\" content=\"https:\/\/www.ionisos.com\/es\/dia-tecnico-2017\/\" \/>\n<meta property=\"og:site_name\" content=\"Ionisos\" \/>\n<meta property=\"article:modified_time\" content=\"2017-12-21T08:00:14+00:00\" \/>\n<meta name=\"twitter:card\" content=\"summary_large_image\" \/>\n<meta name=\"twitter:label1\" content=\"Tiempo de lectura\" \/>\n\t<meta name=\"twitter:data1\" content=\"2 minutos\" \/>\n<script type=\"application\/ld+json\" class=\"yoast-schema-graph\">{\"@context\":\"https:\/\/schema.org\",\"@graph\":[{\"@type\":\"WebPage\",\"@id\":\"https:\/\/www.ionisos.com\/es\/dia-tecnico-2017\/\",\"url\":\"https:\/\/www.ionisos.com\/es\/dia-tecnico-2017\/\",\"name\":\"Dia t\u00e9cnico 2017 - Ionisos\",\"isPartOf\":{\"@id\":\"https:\/\/www.ionisos.com\/#website\"},\"datePublished\":\"2017-06-07T08:45:22+00:00\",\"dateModified\":\"2017-12-21T08:00:14+00:00\",\"breadcrumb\":{\"@id\":\"https:\/\/www.ionisos.com\/es\/dia-tecnico-2017\/#breadcrumb\"},\"inLanguage\":\"es\",\"potentialAction\":[{\"@type\":\"ReadAction\",\"target\":[\"https:\/\/www.ionisos.com\/es\/dia-tecnico-2017\/\"]}]},{\"@type\":\"BreadcrumbList\",\"@id\":\"https:\/\/www.ionisos.com\/es\/dia-tecnico-2017\/#breadcrumb\",\"itemListElement\":[{\"@type\":\"ListItem\",\"position\":1,\"name\":\"Accueil\",\"item\":\"https:\/\/www.ionisos.com\/es\/\"},{\"@type\":\"ListItem\",\"position\":2,\"name\":\"Dia t\u00e9cnico 2017\"}]},{\"@type\":\"WebSite\",\"@id\":\"https:\/\/www.ionisos.com\/#website\",\"url\":\"https:\/\/www.ionisos.com\/\",\"name\":\"Ionisos\",\"description\":\"Ionisation par \u00e9lectrons acc\u00e9l\u00e9r\u00e9s, rayons gamma, rayons X et oxyde d&#039;\u00e9thyl\u00e8ne\",\"potentialAction\":[{\"@type\":\"SearchAction\",\"target\":{\"@type\":\"EntryPoint\",\"urlTemplate\":\"https:\/\/www.ionisos.com\/?s={search_term_string}\"},\"query-input\":{\"@type\":\"PropertyValueSpecification\",\"valueRequired\":true,\"valueName\":\"search_term_string\"}}],\"inLanguage\":\"es\"}]}<\/script>\n<!-- \/ Yoast SEO plugin. -->","yoast_head_json":{"title":"Dia t\u00e9cnico 2017 - Ionisos","robots":{"index":"index","follow":"follow","max-snippet":"max-snippet:-1","max-image-preview":"max-image-preview:large","max-video-preview":"max-video-preview:-1"},"canonical":"https:\/\/www.ionisos.com\/es\/dia-tecnico-2017\/","og_locale":"es_ES","og_type":"article","og_title":"Dia t\u00e9cnico 2017 - Ionisos","og_description":"[vc_row bg_image=&#8221;15874&#8243; bg_repeat=&#8221;no-repeat&#8221; text_color=&#8221;light&#8221; text_align=&#8221;center&#8221; top_padding=&#8221;100&#8243; bottom_padding=&#8221;100&#8243;][vc_column width=&#8221;1\/1&#8243;][\/vc_column][\/vc_row][vc_row][vc_column width=&#8221;1\/1&#8243;][\/vc_column][\/vc_row][vc_row][vc_column width=&#8221;1\/2&#8243;][\/vc_column][vc_column width=&#8221;1\/2&#8243;][\/vc_column][\/vc_row][vc_row][vc_column width=&#8221;1\/1&#8243;][\/vc_column][\/vc_row][vc_row bg_color=&#8221;#0b2677&#8243; text_color=&#8221;light&#8221; top_padding=&#8221;40&#8243; bottom_padding=&#8221;40&#8243;][vc_column width=&#8221;1\/1&#8243;][vc_column_text] organizan el 13 de diciembre de 2017, una jornada t\u00e9cnica\/formativa sobre T\u00e9cnicas de esterilizaci\u00f3n Nuevas reglamentaciones y MEDDEV Validaci\u00f3n biol\u00f3gica de los productos sanitarios : de la biocompatibilidad al riesgo cl\u00ednico Evaluaci\u00f3n de la biocompatibilidad [\/vc_column_text][\/vc_column][\/vc_row][vc_row][vc_column width=&#8221;1\/1&#8243;][vc_column_text] Ubicaci\u00f3n: LYON (Marriott &#8211; Cit\u00e9 Internationale) PROGRAMA Jornada enfocada al sector industrial de productos sanitarios que requieren esterilizaci\u00f3n y especialmente orientada a t\u00e9cnicos o ingenieros de desarrollo de producto y a responsables de calidad y de registros. La primera mitad de la jornada abordar\u00e1 las t\u00e9cnicas de esterilizaci\u00f3n con electrones de alta energ\u00eda, rayos gamma y \u00f3xido de etileno, las cuales ser\u00e1n desarrolladas en detalle para cubrir desde su aplicaci\u00f3n hasta el proceso de validaci\u00f3n del tratamiento. La segunda parte de la formaci\u00f3n se centrar\u00e1 en la biocompatibilidad de los productos sanitarios, apartado muy importante para los fabricantes de productos sanitarios implantables o en contacto con fluidos biol\u00f3gicos. Esta jornada informativa es especialmente \u00fatil para los profesionales que deseen conocer los \u00faltimos avances actuales, tanto t\u00e9cnicos como reglamentarios. De hecho, tambi\u00e9n se organizar\u00e1 una reuni\u00f3n informativa sobre los cambios en los reglamentos que afectan a los [&hellip;]","og_url":"https:\/\/www.ionisos.com\/es\/dia-tecnico-2017\/","og_site_name":"Ionisos","article_modified_time":"2017-12-21T08:00:14+00:00","twitter_card":"summary_large_image","twitter_misc":{"Tiempo de lectura":"2 minutos"},"schema":{"@context":"https:\/\/schema.org","@graph":[{"@type":"WebPage","@id":"https:\/\/www.ionisos.com\/es\/dia-tecnico-2017\/","url":"https:\/\/www.ionisos.com\/es\/dia-tecnico-2017\/","name":"Dia t\u00e9cnico 2017 - Ionisos","isPartOf":{"@id":"https:\/\/www.ionisos.com\/#website"},"datePublished":"2017-06-07T08:45:22+00:00","dateModified":"2017-12-21T08:00:14+00:00","breadcrumb":{"@id":"https:\/\/www.ionisos.com\/es\/dia-tecnico-2017\/#breadcrumb"},"inLanguage":"es","potentialAction":[{"@type":"ReadAction","target":["https:\/\/www.ionisos.com\/es\/dia-tecnico-2017\/"]}]},{"@type":"BreadcrumbList","@id":"https:\/\/www.ionisos.com\/es\/dia-tecnico-2017\/#breadcrumb","itemListElement":[{"@type":"ListItem","position":1,"name":"Accueil","item":"https:\/\/www.ionisos.com\/es\/"},{"@type":"ListItem","position":2,"name":"Dia t\u00e9cnico 2017"}]},{"@type":"WebSite","@id":"https:\/\/www.ionisos.com\/#website","url":"https:\/\/www.ionisos.com\/","name":"Ionisos","description":"Ionisation par \u00e9lectrons acc\u00e9l\u00e9r\u00e9s, rayons gamma, rayons X et oxyde d&#039;\u00e9thyl\u00e8ne","potentialAction":[{"@type":"SearchAction","target":{"@type":"EntryPoint","urlTemplate":"https:\/\/www.ionisos.com\/?s={search_term_string}"},"query-input":{"@type":"PropertyValueSpecification","valueRequired":true,"valueName":"search_term_string"}}],"inLanguage":"es"}]}},"_links":{"self":[{"href":"https:\/\/www.ionisos.com\/es\/wp-json\/wp\/v2\/pages\/16480","targetHints":{"allow":["GET"]}}],"collection":[{"href":"https:\/\/www.ionisos.com\/es\/wp-json\/wp\/v2\/pages"}],"about":[{"href":"https:\/\/www.ionisos.com\/es\/wp-json\/wp\/v2\/types\/page"}],"author":[{"embeddable":true,"href":"https:\/\/www.ionisos.com\/es\/wp-json\/wp\/v2\/users\/1"}],"replies":[{"embeddable":true,"href":"https:\/\/www.ionisos.com\/es\/wp-json\/wp\/v2\/comments?post=16480"}],"version-history":[{"count":5,"href":"https:\/\/www.ionisos.com\/es\/wp-json\/wp\/v2\/pages\/16480\/revisions"}],"predecessor-version":[{"id":17433,"href":"https:\/\/www.ionisos.com\/es\/wp-json\/wp\/v2\/pages\/16480\/revisions\/17433"}],"wp:attachment":[{"href":"https:\/\/www.ionisos.com\/es\/wp-json\/wp\/v2\/media?parent=16480"}],"curies":[{"name":"wp","href":"https:\/\/api.w.org\/{rel}","templated":true}]}}