 {"id":16463,"date":"2017-06-07T09:59:15","date_gmt":"2017-06-07T07:59:15","guid":{"rendered":"https:\/\/www.ionisos.com\/?page_id=16463\/"},"modified":"2024-01-02T13:37:37","modified_gmt":"2024-01-02T12:37:37","slug":"nuestra-politica-de-calidad","status":"publish","type":"page","link":"https:\/\/www.ionisos.com\/es\/nuestra-politica-de-calidad\/","title":{"rendered":"Nuestra pol\u00edtica de calidad"},"content":{"rendered":"<p>[vc_row bg_image=&#8221;15518&#8243; bg_repeat=&#8221;no-repeat&#8221; text_color=&#8221;light&#8221; text_align=&#8221;center&#8221; top_padding=&#8221;100&#8243; bottom_padding=&#8221;100&#8243;][vc_column width=&#8221;1\/1&#8243;]<h1 class=\"headline font-special fontsize-xxxl fontweight-inherit lh-inherit align-center transform-uppercase \" style=\"margin: 0;\"><strong>Calidad<strong><\/h1>[\/vc_column][\/vc_row][vc_row top_padding=&#8221;50&#8243; bottom_padding=&#8221;30&#8243;][vc_column][vc_column_text]<\/strong><\/strong><\/p>\n<p style=\"text-align: center;\"><span style=\"font-family: Abel; font-size: 35px;\">Nuestra pol\u00edtica de <strong>calidad<\/strong><\/span><\/p>\n<p>[\/vc_column_text][\/vc_column][\/vc_row][vc_row text_align=&#8221;center&#8221;][vc_column width=&#8221;1\/1&#8243;]<div class=\"spacer\" style=\"height: 40px;\"><\/div>[vc_row_inner][vc_column_inner][vc_column_text]<\/p>\n<p style=\"text-align: left;\"><span style=\"font-family: Abel; font-size: 25px;\">Pol\u00edtica del grupo <strong>QHSE<\/strong><\/span><\/p>\n<p style=\"text-align: left;\">IONISOS, experto en esterilizaci\u00f3n y reticulaci\u00f3n, permite a sus clientes ofrecer productos de calidad superior a millones de pacientes y consumidores en todo el mundo.<\/p>\n<p style=\"text-align: left;\">Cada colaborador aporta un trabajo de alta calidad para mantener la eficiencia y mejorar continuamente nuestros procesos y pr\u00e1cticas. Juntos superaremos las expectativas.<\/p>\n<p>[\/vc_column_text][\/vc_column_inner][\/vc_row_inner]<div class=\"spacer\" style=\"height: 40px;\"><\/div>[\/vc_column][\/vc_row][vc_row type=&#8221;full_width_section&#8221; bg_color=&#8221;#00804d&#8221; text_color=&#8221;light&#8221; text_align=&#8221;center&#8221; top_padding=&#8221;40&#8243; bottom_padding=&#8221;40&#8243;][vc_column width=&#8221;1\/1&#8243;][vc_column_text]<\/p>\n<h4 style=\"text-align: center;\">Las orientaciones de la estrategia del grupo IONISOS se definen seg\u00fan los 6 pilares siguientes:<\/h4>\n<p>[\/vc_column_text][\/vc_column][\/vc_row][vc_row][vc_column width=&#8221;1\/1&#8243;]<div class=\"spacer\" style=\"height: 40px;\"><\/div>[\/vc_column][\/vc_row][vc_row][vc_column width=&#8221;1\/1&#8243;][vc_row_inner][vc_column_inner width=&#8221;1\/3&#8243;]<div class=\"minti_list wpb_content_element color-accent checkbox\" style=\"padding-left: 10px;\"><strong>Empleos :<\/strong><\/p>\n<ul>\n<li>Crear un buen ambiente de trabajo<\/li>\n<li>Trabajar con seguridad<\/li>\n<li>Mantener nuestra eficacia y mejorar continuamente nuestras practicas y procesos<\/li>\n<li>Aumentar las competencias y fomentar el desarollo profesional<\/li>\n<li>Permitir movilidad interna y limitar la rotaci\u00f3n de personal<\/li>\n<li>Involucrar a los empleados<\/li>\n<li>Promover los valores de la empresa<\/li>\n<\/ul>\n<\/div>[\/vc_column_inner][vc_column_inner width=&#8221;1\/3&#8243;]<div class=\"minti_list wpb_content_element color-accent checkbox\" style=\"padding-left: 10px;\"><strong>Clientes :<\/strong><\/p>\n<ul>\n<li>Escuchar a nuestros clientes<\/li>\n<li>Desarollar y valorar la oferta de servicios<\/li>\n<li>Centrarnos en contratos a largo plazo<\/li>\n<li>Garantizar la calidad de nuestros servicios<\/li>\n<li>Aumentar nuestra capacidad productiva para satisfacer la creciente demanda de nuestros clientes<\/li>\n<li>Innovar<\/li>\n<\/ul>\n<\/div>[\/vc_column_inner][vc_column_inner width=&#8221;1\/3&#8243;]<div class=\"minti_list wpb_content_element color-accent checkbox\" style=\"padding-left: 10px;\"><strong>Proveedores :<\/strong><\/p>\n<ul>\n<li>Crear colaboraciones a largo-plazo<\/li>\n<li>Asegurar suministros estrat\u00e9gicos<\/li>\n<li>Promover frente a los proveedores nuestro compromiso con la sostenibilidad<\/li>\n<\/ul>\n<\/div>[\/vc_column_inner][\/vc_row_inner]<div class=\"spacer\" style=\"height: 40px;\"><\/div>[vc_row_inner][vc_column_inner width=&#8221;1\/3&#8243;]<div class=\"minti_list wpb_content_element color-accent checkbox\" style=\"padding-left: 10px;\"><strong>Autoridades :<\/strong><\/p>\n<ul>\n<li>Actuar de manera \u00e9tica<\/li>\n<li>Cumplir con la normativa<\/li>\n<li>Comunicar proactivamente y de manera transparente<\/li>\n<li>Garantizar el cumplimiento de la normativa y de los reglamentos<\/li>\n<\/ul>\n<\/div>[\/vc_column_inner][vc_column_inner width=&#8221;1\/3&#8243;]<div class=\"minti_list wpb_content_element color-accent checkbox\" style=\"padding-left: 10px;\"><strong>Shareholders :<\/strong><\/p>\n<ul>\n<li>Crear valor<\/li>\n<li>Garantizar rentabilidad financiera<\/li>\n<li>Estructurar el gobierno corporativo<\/li>\n<li>Promover la imagen de la empresa<\/li>\n<li>Desarrollar el crecimiento de la empresa a trav\u00e9s de adquisiciones o nuevas f\u00e1bricas<\/li>\n<\/ul>\n<\/div>[\/vc_column_inner][vc_column_inner width=&#8221;1\/3&#8243;]<div class=\"minti_list wpb_content_element color-accent checkbox\" style=\"padding-left: 10px;\"><strong>Planeta :<\/strong><\/p>\n<ul>\n<li>Reducir nuestro impacto medioambiental<\/li>\n<li>Fomentar acciones &#8220;verdes&#8221; en el d\u00eda a d\u00eda<\/li>\n<li>Gestionar los proyectos industriales de forma sostenible con un enfoque medioambiental<\/li>\n<li>Integrarse a la vida local<\/li>\n<li>Evita el riesgo de poluci\u00f3n<\/li>\n<\/ul>\n<\/div>[\/vc_column_inner][\/vc_row_inner][\/vc_column][\/vc_row][vc_row][vc_column width=&#8221;1\/1&#8243;]<div class=\"spacer\" style=\"height: 20px;\"><\/div>[\/vc_column][\/vc_row][vc_row top_padding=&#8221;40&#8243; bottom_padding=&#8221;40&#8243;][vc_column width=&#8221;1\/1&#8243;][vc_column_text]<\/p>\n<blockquote>\n<p><em>&#8220;Como presidente del grupo, estoy personalmente comprometido, en nombre de todo el equipo directivo a desplegar los recursos humanos, t\u00e9cnicos y organizativos<br \/>\nnecesarios para cumplir todos esos compromisos.&#8221;<\/em><\/p>\n<p><strong>C. HERKENS<\/strong><\/p>\n<\/blockquote>\n<p>[\/vc_column_text]<a href=\"https:\/\/www.ionisos.com\/wp-content\/uploads\/2021\/11\/Pages-de-Company-Policy-5-4es.pdf\" target=\"_blank\" class=\"button color-2 medium \" style=\"border-radius: 2px;\">Descargar la pol\u00edtica del grupo<\/a>[\/vc_column][\/vc_row][vc_row][vc_column width=&#8221;1\/1&#8243;]<div class=\"spacer\" style=\"height: 40px;\"><\/div>[\/vc_column][\/vc_row][vc_row bg_color=&#8221;#0b2677&#8243; text_color=&#8221;light&#8221; top_padding=&#8221;50&#8243; bottom_padding=&#8221;30&#8243;][vc_column width=&#8221;5\/6&#8243;]<div class=\"spacer\" style=\"height: 5px;\"><\/div>[vc_column_text]<\/p>\n<h3 style=\"text-align: left;\">Encuentre la totalidad de nuestros certificados de calidad en la p\u00e1gina de los diferentes sitios de Ionisos<\/h3>\n<p>[\/vc_column_text][\/vc_column][vc_column width=&#8221;1\/6&#8243;]<a href=\"https:\/\/www.ionisos.com\/es\/nuestros-sitios\/\" target=\"_self\" class=\"button color-8 large \" style=\"border-radius: 2px;\">Nuetros sitios<\/a>[\/vc_column][\/vc_row]<\/p>\n","protected":false},"excerpt":{"rendered":"<p>[vc_row bg_image=&#8221;15518&#8243; bg_repeat=&#8221;no-repeat&#8221; text_color=&#8221;light&#8221; text_align=&#8221;center&#8221; top_padding=&#8221;100&#8243; bottom_padding=&#8221;100&#8243;][vc_column width=&#8221;1\/1&#8243;][\/vc_column][\/vc_row][vc_row top_padding=&#8221;50&#8243; bottom_padding=&#8221;30&#8243;][vc_column][vc_column_text] Nuestra pol\u00edtica de calidad [\/vc_column_text][\/vc_column][\/vc_row][vc_row text_align=&#8221;center&#8221;][vc_column width=&#8221;1\/1&#8243;][vc_row_inner][vc_column_inner][vc_column_text] Pol\u00edtica del grupo QHSE IONISOS, experto en esterilizaci\u00f3n y reticulaci\u00f3n, permite a sus clientes ofrecer productos de calidad superior a millones de pacientes y consumidores en todo el mundo. Cada colaborador aporta un trabajo de alta calidad para mantener la eficiencia y mejorar continuamente nuestros procesos y pr\u00e1cticas. Juntos superaremos las expectativas. [\/vc_column_text][\/vc_column_inner][\/vc_row_inner][\/vc_column][\/vc_row][vc_row type=&#8221;full_width_section&#8221; bg_color=&#8221;#00804d&#8221; text_color=&#8221;light&#8221; text_align=&#8221;center&#8221; top_padding=&#8221;40&#8243; bottom_padding=&#8221;40&#8243;][vc_column width=&#8221;1\/1&#8243;][vc_column_text] Las orientaciones de la estrategia del grupo IONISOS se definen seg\u00fan los 6 pilares siguientes: [\/vc_column_text][\/vc_column][\/vc_row][vc_row][vc_column width=&#8221;1\/1&#8243;][\/vc_column][\/vc_row][vc_row][vc_column width=&#8221;1\/1&#8243;][vc_row_inner][vc_column_inner width=&#8221;1\/3&#8243;][\/vc_column_inner][vc_column_inner width=&#8221;1\/3&#8243;][\/vc_column_inner][vc_column_inner width=&#8221;1\/3&#8243;][\/vc_column_inner][\/vc_row_inner][vc_row_inner][vc_column_inner width=&#8221;1\/3&#8243;][\/vc_column_inner][vc_column_inner width=&#8221;1\/3&#8243;][\/vc_column_inner][vc_column_inner width=&#8221;1\/3&#8243;][\/vc_column_inner][\/vc_row_inner][\/vc_column][\/vc_row][vc_row][vc_column width=&#8221;1\/1&#8243;][\/vc_column][\/vc_row][vc_row top_padding=&#8221;40&#8243; bottom_padding=&#8221;40&#8243;][vc_column width=&#8221;1\/1&#8243;][vc_column_text] &#8220;Como presidente del grupo, estoy personalmente comprometido, en nombre de todo el equipo directivo a desplegar los recursos humanos, t\u00e9cnicos y organizativos necesarios para cumplir todos esos compromisos.&#8221; C. HERKENS [\/vc_column_text][\/vc_column][\/vc_row][vc_row][vc_column width=&#8221;1\/1&#8243;][\/vc_column][\/vc_row][vc_row bg_color=&#8221;#0b2677&#8243; text_color=&#8221;light&#8221; top_padding=&#8221;50&#8243; bottom_padding=&#8221;30&#8243;][vc_column width=&#8221;5\/6&#8243;][vc_column_text] Encuentre la totalidad de nuestros certificados de calidad en la p\u00e1gina de los diferentes sitios de Ionisos [\/vc_column_text][\/vc_column][vc_column width=&#8221;1\/6&#8243;][\/vc_column][\/vc_row]<\/p>\n","protected":false},"author":1,"featured_media":0,"parent":0,"menu_order":0,"comment_status":"closed","ping_status":"closed","template":"","meta":{"inline_featured_image":false,"footnotes":""},"class_list":["post-16463","page","type-page","status-publish","hentry"],"yoast_head":"<!-- This site is optimized with the Yoast SEO plugin v26.3 - https:\/\/yoast.com\/wordpress\/plugins\/seo\/ -->\n<title>Nuestra pol\u00edtica de calidad - Ionisos<\/title>\n<meta name=\"robots\" content=\"index, follow, max-snippet:-1, max-image-preview:large, max-video-preview:-1\" \/>\n<link rel=\"canonical\" href=\"https:\/\/www.ionisos.com\/es\/nuestra-politica-de-calidad\/\" \/>\n<meta property=\"og:locale\" content=\"es_ES\" \/>\n<meta property=\"og:type\" content=\"article\" \/>\n<meta property=\"og:title\" content=\"Nuestra pol\u00edtica de calidad - Ionisos\" \/>\n<meta property=\"og:description\" content=\"[vc_row bg_image=&#8221;15518&#8243; bg_repeat=&#8221;no-repeat&#8221; text_color=&#8221;light&#8221; text_align=&#8221;center&#8221; top_padding=&#8221;100&#8243; bottom_padding=&#8221;100&#8243;][vc_column width=&#8221;1\/1&#8243;][\/vc_column][\/vc_row][vc_row top_padding=&#8221;50&#8243; bottom_padding=&#8221;30&#8243;][vc_column][vc_column_text] Nuestra pol\u00edtica de calidad [\/vc_column_text][\/vc_column][\/vc_row][vc_row text_align=&#8221;center&#8221;][vc_column width=&#8221;1\/1&#8243;][vc_row_inner][vc_column_inner][vc_column_text] Pol\u00edtica del grupo QHSE IONISOS, experto en esterilizaci\u00f3n y reticulaci\u00f3n, permite a sus clientes ofrecer productos de calidad superior a millones de pacientes y consumidores en todo el mundo. Cada colaborador aporta un trabajo de alta calidad para mantener la eficiencia y mejorar continuamente nuestros procesos y pr\u00e1cticas. Juntos superaremos las expectativas. [\/vc_column_text][\/vc_column_inner][\/vc_row_inner][\/vc_column][\/vc_row][vc_row type=&#8221;full_width_section&#8221; bg_color=&#8221;#00804d&#8221; text_color=&#8221;light&#8221; text_align=&#8221;center&#8221; top_padding=&#8221;40&#8243; bottom_padding=&#8221;40&#8243;][vc_column width=&#8221;1\/1&#8243;][vc_column_text] Las orientaciones de la estrategia del grupo IONISOS se definen seg\u00fan los 6 pilares siguientes: [\/vc_column_text][\/vc_column][\/vc_row][vc_row][vc_column width=&#8221;1\/1&#8243;][\/vc_column][\/vc_row][vc_row][vc_column width=&#8221;1\/1&#8243;][vc_row_inner][vc_column_inner width=&#8221;1\/3&#8243;][\/vc_column_inner][vc_column_inner width=&#8221;1\/3&#8243;][\/vc_column_inner][vc_column_inner width=&#8221;1\/3&#8243;][\/vc_column_inner][\/vc_row_inner][vc_row_inner][vc_column_inner width=&#8221;1\/3&#8243;][\/vc_column_inner][vc_column_inner width=&#8221;1\/3&#8243;][\/vc_column_inner][vc_column_inner width=&#8221;1\/3&#8243;][\/vc_column_inner][\/vc_row_inner][\/vc_column][\/vc_row][vc_row][vc_column width=&#8221;1\/1&#8243;][\/vc_column][\/vc_row][vc_row top_padding=&#8221;40&#8243; bottom_padding=&#8221;40&#8243;][vc_column width=&#8221;1\/1&#8243;][vc_column_text] &#8220;Como presidente del grupo, estoy personalmente comprometido, en nombre de todo el equipo directivo a desplegar los recursos humanos, t\u00e9cnicos y organizativos necesarios para cumplir todos esos compromisos.&#8221; C. HERKENS [\/vc_column_text][\/vc_column][\/vc_row][vc_row][vc_column width=&#8221;1\/1&#8243;][\/vc_column][\/vc_row][vc_row bg_color=&#8221;#0b2677&#8243; text_color=&#8221;light&#8221; top_padding=&#8221;50&#8243; bottom_padding=&#8221;30&#8243;][vc_column width=&#8221;5\/6&#8243;][vc_column_text] Encuentre la totalidad de nuestros certificados de calidad en la p\u00e1gina de los diferentes sitios de Ionisos [\/vc_column_text][\/vc_column][vc_column width=&#8221;1\/6&#8243;][\/vc_column][\/vc_row]\" \/>\n<meta property=\"og:url\" content=\"https:\/\/www.ionisos.com\/es\/nuestra-politica-de-calidad\/\" \/>\n<meta property=\"og:site_name\" content=\"Ionisos\" \/>\n<meta property=\"article:modified_time\" content=\"2024-01-02T12:37:37+00:00\" \/>\n<meta name=\"twitter:card\" content=\"summary_large_image\" \/>\n<meta name=\"twitter:label1\" content=\"Tiempo de lectura\" \/>\n\t<meta name=\"twitter:data1\" content=\"3 minutos\" \/>\n<script type=\"application\/ld+json\" class=\"yoast-schema-graph\">{\"@context\":\"https:\/\/schema.org\",\"@graph\":[{\"@type\":\"WebPage\",\"@id\":\"https:\/\/www.ionisos.com\/es\/nuestra-politica-de-calidad\/\",\"url\":\"https:\/\/www.ionisos.com\/es\/nuestra-politica-de-calidad\/\",\"name\":\"Nuestra pol\u00edtica de calidad - Ionisos\",\"isPartOf\":{\"@id\":\"https:\/\/www.ionisos.com\/#website\"},\"datePublished\":\"2017-06-07T07:59:15+00:00\",\"dateModified\":\"2024-01-02T12:37:37+00:00\",\"breadcrumb\":{\"@id\":\"https:\/\/www.ionisos.com\/es\/nuestra-politica-de-calidad\/#breadcrumb\"},\"inLanguage\":\"es\",\"potentialAction\":[{\"@type\":\"ReadAction\",\"target\":[\"https:\/\/www.ionisos.com\/es\/nuestra-politica-de-calidad\/\"]}]},{\"@type\":\"BreadcrumbList\",\"@id\":\"https:\/\/www.ionisos.com\/es\/nuestra-politica-de-calidad\/#breadcrumb\",\"itemListElement\":[{\"@type\":\"ListItem\",\"position\":1,\"name\":\"Accueil\",\"item\":\"https:\/\/www.ionisos.com\/es\/\"},{\"@type\":\"ListItem\",\"position\":2,\"name\":\"Nuestra pol\u00edtica de calidad\"}]},{\"@type\":\"WebSite\",\"@id\":\"https:\/\/www.ionisos.com\/#website\",\"url\":\"https:\/\/www.ionisos.com\/\",\"name\":\"Ionisos\",\"description\":\"Ionisation par \u00e9lectrons acc\u00e9l\u00e9r\u00e9s, rayons gamma, rayons X et oxyde d&#039;\u00e9thyl\u00e8ne\",\"potentialAction\":[{\"@type\":\"SearchAction\",\"target\":{\"@type\":\"EntryPoint\",\"urlTemplate\":\"https:\/\/www.ionisos.com\/?s={search_term_string}\"},\"query-input\":{\"@type\":\"PropertyValueSpecification\",\"valueRequired\":true,\"valueName\":\"search_term_string\"}}],\"inLanguage\":\"es\"}]}<\/script>\n<!-- \/ Yoast SEO plugin. -->","yoast_head_json":{"title":"Nuestra pol\u00edtica de calidad - Ionisos","robots":{"index":"index","follow":"follow","max-snippet":"max-snippet:-1","max-image-preview":"max-image-preview:large","max-video-preview":"max-video-preview:-1"},"canonical":"https:\/\/www.ionisos.com\/es\/nuestra-politica-de-calidad\/","og_locale":"es_ES","og_type":"article","og_title":"Nuestra pol\u00edtica de calidad - Ionisos","og_description":"[vc_row bg_image=&#8221;15518&#8243; bg_repeat=&#8221;no-repeat&#8221; text_color=&#8221;light&#8221; text_align=&#8221;center&#8221; top_padding=&#8221;100&#8243; bottom_padding=&#8221;100&#8243;][vc_column width=&#8221;1\/1&#8243;][\/vc_column][\/vc_row][vc_row top_padding=&#8221;50&#8243; bottom_padding=&#8221;30&#8243;][vc_column][vc_column_text] Nuestra pol\u00edtica de calidad [\/vc_column_text][\/vc_column][\/vc_row][vc_row text_align=&#8221;center&#8221;][vc_column width=&#8221;1\/1&#8243;][vc_row_inner][vc_column_inner][vc_column_text] Pol\u00edtica del grupo QHSE IONISOS, experto en esterilizaci\u00f3n y reticulaci\u00f3n, permite a sus clientes ofrecer productos de calidad superior a millones de pacientes y consumidores en todo el mundo. Cada colaborador aporta un trabajo de alta calidad para mantener la eficiencia y mejorar continuamente nuestros procesos y pr\u00e1cticas. Juntos superaremos las expectativas. [\/vc_column_text][\/vc_column_inner][\/vc_row_inner][\/vc_column][\/vc_row][vc_row type=&#8221;full_width_section&#8221; bg_color=&#8221;#00804d&#8221; text_color=&#8221;light&#8221; text_align=&#8221;center&#8221; top_padding=&#8221;40&#8243; bottom_padding=&#8221;40&#8243;][vc_column width=&#8221;1\/1&#8243;][vc_column_text] Las orientaciones de la estrategia del grupo IONISOS se definen seg\u00fan los 6 pilares siguientes: [\/vc_column_text][\/vc_column][\/vc_row][vc_row][vc_column width=&#8221;1\/1&#8243;][\/vc_column][\/vc_row][vc_row][vc_column width=&#8221;1\/1&#8243;][vc_row_inner][vc_column_inner width=&#8221;1\/3&#8243;][\/vc_column_inner][vc_column_inner width=&#8221;1\/3&#8243;][\/vc_column_inner][vc_column_inner width=&#8221;1\/3&#8243;][\/vc_column_inner][\/vc_row_inner][vc_row_inner][vc_column_inner width=&#8221;1\/3&#8243;][\/vc_column_inner][vc_column_inner width=&#8221;1\/3&#8243;][\/vc_column_inner][vc_column_inner width=&#8221;1\/3&#8243;][\/vc_column_inner][\/vc_row_inner][\/vc_column][\/vc_row][vc_row][vc_column width=&#8221;1\/1&#8243;][\/vc_column][\/vc_row][vc_row top_padding=&#8221;40&#8243; bottom_padding=&#8221;40&#8243;][vc_column width=&#8221;1\/1&#8243;][vc_column_text] &#8220;Como presidente del grupo, estoy personalmente comprometido, en nombre de todo el equipo directivo a desplegar los recursos humanos, t\u00e9cnicos y organizativos necesarios para cumplir todos esos compromisos.&#8221; C. HERKENS [\/vc_column_text][\/vc_column][\/vc_row][vc_row][vc_column width=&#8221;1\/1&#8243;][\/vc_column][\/vc_row][vc_row bg_color=&#8221;#0b2677&#8243; text_color=&#8221;light&#8221; top_padding=&#8221;50&#8243; bottom_padding=&#8221;30&#8243;][vc_column width=&#8221;5\/6&#8243;][vc_column_text] Encuentre la totalidad de nuestros certificados de calidad en la p\u00e1gina de los diferentes sitios de Ionisos [\/vc_column_text][\/vc_column][vc_column width=&#8221;1\/6&#8243;][\/vc_column][\/vc_row]","og_url":"https:\/\/www.ionisos.com\/es\/nuestra-politica-de-calidad\/","og_site_name":"Ionisos","article_modified_time":"2024-01-02T12:37:37+00:00","twitter_card":"summary_large_image","twitter_misc":{"Tiempo de lectura":"3 minutos"},"schema":{"@context":"https:\/\/schema.org","@graph":[{"@type":"WebPage","@id":"https:\/\/www.ionisos.com\/es\/nuestra-politica-de-calidad\/","url":"https:\/\/www.ionisos.com\/es\/nuestra-politica-de-calidad\/","name":"Nuestra pol\u00edtica de calidad - Ionisos","isPartOf":{"@id":"https:\/\/www.ionisos.com\/#website"},"datePublished":"2017-06-07T07:59:15+00:00","dateModified":"2024-01-02T12:37:37+00:00","breadcrumb":{"@id":"https:\/\/www.ionisos.com\/es\/nuestra-politica-de-calidad\/#breadcrumb"},"inLanguage":"es","potentialAction":[{"@type":"ReadAction","target":["https:\/\/www.ionisos.com\/es\/nuestra-politica-de-calidad\/"]}]},{"@type":"BreadcrumbList","@id":"https:\/\/www.ionisos.com\/es\/nuestra-politica-de-calidad\/#breadcrumb","itemListElement":[{"@type":"ListItem","position":1,"name":"Accueil","item":"https:\/\/www.ionisos.com\/es\/"},{"@type":"ListItem","position":2,"name":"Nuestra pol\u00edtica de calidad"}]},{"@type":"WebSite","@id":"https:\/\/www.ionisos.com\/#website","url":"https:\/\/www.ionisos.com\/","name":"Ionisos","description":"Ionisation par \u00e9lectrons acc\u00e9l\u00e9r\u00e9s, rayons gamma, rayons X et oxyde d&#039;\u00e9thyl\u00e8ne","potentialAction":[{"@type":"SearchAction","target":{"@type":"EntryPoint","urlTemplate":"https:\/\/www.ionisos.com\/?s={search_term_string}"},"query-input":{"@type":"PropertyValueSpecification","valueRequired":true,"valueName":"search_term_string"}}],"inLanguage":"es"}]}},"_links":{"self":[{"href":"https:\/\/www.ionisos.com\/es\/wp-json\/wp\/v2\/pages\/16463","targetHints":{"allow":["GET"]}}],"collection":[{"href":"https:\/\/www.ionisos.com\/es\/wp-json\/wp\/v2\/pages"}],"about":[{"href":"https:\/\/www.ionisos.com\/es\/wp-json\/wp\/v2\/types\/page"}],"author":[{"embeddable":true,"href":"https:\/\/www.ionisos.com\/es\/wp-json\/wp\/v2\/users\/1"}],"replies":[{"embeddable":true,"href":"https:\/\/www.ionisos.com\/es\/wp-json\/wp\/v2\/comments?post=16463"}],"version-history":[{"count":65,"href":"https:\/\/www.ionisos.com\/es\/wp-json\/wp\/v2\/pages\/16463\/revisions"}],"predecessor-version":[{"id":24533,"href":"https:\/\/www.ionisos.com\/es\/wp-json\/wp\/v2\/pages\/16463\/revisions\/24533"}],"wp:attachment":[{"href":"https:\/\/www.ionisos.com\/es\/wp-json\/wp\/v2\/media?parent=16463"}],"curies":[{"name":"wp","href":"https:\/\/api.w.org\/{rel}","templated":true}]}}