 {"id":16454,"date":"2017-06-06T18:26:02","date_gmt":"2017-06-06T16:26:02","guid":{"rendered":"https:\/\/www.ionisos.com\/?page_id=16454\/"},"modified":"2021-03-12T15:27:21","modified_gmt":"2021-03-12T14:27:21","slug":"oxido-de-etileno","status":"publish","type":"page","link":"https:\/\/www.ionisos.com\/es\/nuestras-actividades\/oxido-de-etileno\/","title":{"rendered":"Tratamiento por \u00d3xido de Etileno"},"content":{"rendered":"<p>[vc_row bg_image=&#8221;18987&#8243; text_color=&#8221;light&#8221; text_align=&#8221;center&#8221; top_padding=&#8221;100&#8243; bottom_padding=&#8221;100&#8243; parallax_content=&#8221;parallax_content_value&#8221;][vc_column width=&#8221;1\/1&#8243;]<h1 class=\"headline font-special fontsize-xxxl fontweight-inherit lh-inherit align-center transform-uppercase \" style=\"margin: 0;\">Esterilizaci\u00f3n por \u00f3xido <strong>de etileno<\/strong><\/h1>[\/vc_column][\/vc_row][vc_row][vc_column width=&#8221;1\/1&#8243;]<div class=\"spacer\" style=\"height: 40px;\"><\/div>[vc_column_text]<\/p>\n<p style=\"text-align: center;\"><span style=\"font-family: Abel; font-size: 25px;\">Con el fin de satisfacer todas las necesidades de sus clientes, Ionisos, l\u00edder franc\u00e9s en esterilizaci\u00f3n por radiaci\u00f3n (gamma y beta), decidi\u00f3 adquirir una unidad de esterilizaci\u00f3n por \u00f3xido de etileno y crear :<br \/>\n<\/span><\/p>\n<p>[\/vc_column_text]<div class=\"spacer\" style=\"height: 20px;\"><\/div><div class=\"single_image wpb_content_element align-center    \" data-animation=\"none\" data-delay=\"0\"><img loading=\"lazy\" decoding=\"async\" width=\"265\" height=\"75\" src=\"https:\/\/www.ionisos.com\/wp-content\/uploads\/2020\/01\/ionisos-logo-1.png\" class=\"attachment-full\" alt=\"\" \/><\/div>[\/vc_column][\/vc_row][vc_row bg_color=&#8221;#0b2677&#8243; text_color=&#8221;light&#8221; text_align=&#8221;center&#8221; top_padding=&#8221;40&#8243; bottom_padding=&#8221;40&#8243;][vc_column width=&#8221;1\/1&#8243;][vc_column_text]<\/p>\n<h4 style=\"text-align: center;\">Esta planta se encuentra en Gien (45) y, desde el 1 de septiembre de 2005, est\u00e1 certificada ISO 90001 e ISO 13485.<\/h4>\n<p>[\/vc_column_text][\/vc_column][\/vc_row][vc_row][vc_column width=&#8221;1\/1&#8243;]<div class=\"spacer\" style=\"height: 40px;\"><\/div>[\/vc_column][\/vc_row][vc_row][vc_column width=&#8221;1\/3&#8243;]<div class=\"flexslider wpb_content_element\"><ul class=\"slides\"><li><img decoding=\"async\" src=\"https:\/\/www.ionisos.com\/wp-content\/uploads\/2017\/03\/PA100019-1.jpg\" alt=\"\" \/><\/li><li><img decoding=\"async\" src=\"https:\/\/www.ionisos.com\/wp-content\/uploads\/2017\/03\/Vue-dentr\u00e9e.jpg\" alt=\"\" \/><\/li><li><img decoding=\"async\" src=\"https:\/\/www.ionisos.com\/wp-content\/uploads\/2017\/03\/gien-DSC00774.jpg\" alt=\"\" \/><\/li><li><img decoding=\"async\" src=\"https:\/\/www.ionisos.com\/wp-content\/uploads\/2017\/03\/P2180013.jpg\" alt=\"\" \/><\/li><\/ul><\/div>[\/vc_column][vc_column width=&#8221;2\/3&#8243;]<div class=\"minti_list wpb_content_element color-grey checkbox\" style=\"\"><strong>La planta de Gien tiene las siguientes caracter\u00edsticas :<\/strong><\/p>\n<ul>\n<li>Capacidad de recepci\u00f3n de contenedores mar\u00edtimos y de la posterior paletizaci\u00f3n y preparaci\u00f3n de la mercanc\u00eda para el tratamiento.<\/li>\n<li>Capacidad de pre-acondicionamiento para 6 \u00d7 18 pallets.<\/li>\n<li>Tres celdas de tratamiento con capacidades de 1 \u00d7 17 pallets y 2 \u00d7 18 pallets.<\/li>\n<li>Dos celdas de aireaci\u00f3n din\u00e1mica de 18 pallets cada una, con ciclos de vac\u00edo y control de la temperatura. Estas c\u00e1maras permiten la desorci\u00f3n del OE en menos de 24 horas de productos de dif\u00edcil aireaci\u00f3n, ya sea por los materiales utilizados o por el dise\u00f1o y envasado de los mismos.<\/li>\n<li>Capacidad de almacenamiento din\u00e1mica de 150 pallets con control de temperatura y ventilaci\u00f3n.<\/li>\n<li>Capacidad de almacenamiento de m\u00e1s de 100 m<sup>3<\/sup> con control de temperatura y humedad. Este almac\u00e9n est\u00e1 especialmente dise\u00f1ado para la aireaci\u00f3n, despu\u00e9s del tratamiento, de archivos documentales y de colecciones bibliotecarias mientras se alcanza el nivel de OE residual (OER) deseado.<\/li>\n<li>Sala de almacenamiento para productos tratados.<\/li>\n<\/ul>\n<\/div>[\/vc_column][\/vc_row][vc_row][vc_column width=&#8221;1\/1&#8243;]<div class=\"spacer\" style=\"height: 40px;\"><\/div>[\/vc_column][\/vc_row][vc_row][vc_column width=&#8221;1\/3&#8243;]<div class=\"flexslider wpb_content_element\"><ul class=\"slides\"><li><img decoding=\"async\" src=\"https:\/\/www.ionisos.com\/wp-content\/uploads\/2017\/03\/20141103_092848.jpg\" alt=\"\" \/><\/li><li><img decoding=\"async\" src=\"https:\/\/www.ionisos.com\/wp-content\/uploads\/2017\/03\/20141103_093924.jpg\" alt=\"\" \/><\/li><li><img decoding=\"async\" src=\"https:\/\/www.ionisos.com\/wp-content\/uploads\/2021\/03\/exterieur-IONISOS-reduit.jpg\" alt=\"Entr\u00e9 Civireux-d&#039;Azergues\" \/><\/li><\/ul><\/div>[\/vc_column][vc_column width=&#8221;2\/3&#8243;]<div class=\"minti_list wpb_content_element color-grey checkbox\" style=\"\"><strong> Las caracter\u00edsticas del centro en Civrieux d&#8217;Azergues son las siguientes:<\/strong><\/p>\n<ul>\n<li>Una zona compartimentada de aclimataci\u00f3n de los productos antes de pasar al ciclo de esterilizaci\u00f3n con un control de temperatura (7 compartimentos de 18 pal\u00e9s).<\/li>\n<li>Cuatro celdas.\n<ul>\n<li>52 m<sup>3<\/sup> de una capacidad de 18 pal\u00e9s.<\/li>\n<li>41 m<sup>3<\/sup> de una capacidad de 16 pal\u00e9s.<\/li>\n<li>25 m<sup>3<\/sup> de una capacidad de 10 pal\u00e9s.<\/li>\n<li>11 m<sup>3<\/sup> de una capacidad de 4 pal\u00e9s.<\/li>\n<\/ul>\n<\/li>\n<li>Una zona compartimentada de ventilaci\u00f3n de los productos en almacenamiento din\u00e1mico con una temperatura y ventilaci\u00f3n controladas (9 compartimentos de 34 pal\u00e9s).<\/li>\n<li>Un laboratorio de an\u00e1lisis microbiol\u00f3gico para la puesta en cultivo de los indicadores biol\u00f3gicos y la remuneraci\u00f3n de la poblaci\u00f3n de los indicadores biol\u00f3gicos.<\/li>\n<li>Un laboratorio de an\u00e1lisis equipado con un cromat\u00f3grafo en fase gaseosa para la dosificaci\u00f3n de los residuos de tratamiento por \u00f3xido de etileno (\u00f3xido de etileno y clorhidrato de etileno).<\/li>\n<\/ul>\n<\/div>[\/vc_column][\/vc_row][vc_row][vc_column width=&#8221;1\/1&#8243;]<div class=\"spacer\" style=\"height: 40px;\"><\/div>[\/vc_column][\/vc_row][vc_row bg_color=&#8221;#0b2677&#8243; text_color=&#8221;light&#8221; text_align=&#8221;center&#8221; top_padding=&#8221;40&#8243; bottom_padding=&#8221;40&#8243;][vc_column width=&#8221;2\/3&#8243;]<div class=\"spacer\" style=\"height: 5px;\"><\/div>[vc_column_text]<\/p>\n<h3>Ionisos\u00a0ofrece tambi\u00e9n el tratamiento beta y gamma.<\/h3>\n<p>[\/vc_column_text][\/vc_column][vc_column width=&#8221;1\/3&#8243;][vc_column_text]<a href=\"\/es\/nuestras-actividades\/tratamiento-beta\/\" target=\"_self\" class=\"button color-8 medium \" style=\"border-radius: 2px;\">Beta<\/a> \u00a0 \u00a0 \u00a0 \u00a0<a href=\"\/es\/nuestras-actividades\/tratamiento-beta\/\" target=\"_self\" class=\"button color-8 medium \" style=\"border-radius: 2px;\">Gamma<\/a>[\/vc_column_text][\/vc_column][\/vc_row]<\/p>\n","protected":false},"excerpt":{"rendered":"<p>[vc_row bg_image=&#8221;18987&#8243; text_color=&#8221;light&#8221; text_align=&#8221;center&#8221; top_padding=&#8221;100&#8243; bottom_padding=&#8221;100&#8243; parallax_content=&#8221;parallax_content_value&#8221;][vc_column width=&#8221;1\/1&#8243;][\/vc_column][\/vc_row][vc_row][vc_column width=&#8221;1\/1&#8243;][vc_column_text] Con el fin de satisfacer todas las necesidades de sus clientes, Ionisos, l\u00edder franc\u00e9s en esterilizaci\u00f3n por radiaci\u00f3n (gamma y beta), decidi\u00f3 adquirir una unidad de esterilizaci\u00f3n por \u00f3xido de etileno y crear : [\/vc_column_text][\/vc_column][\/vc_row][vc_row bg_color=&#8221;#0b2677&#8243; text_color=&#8221;light&#8221; text_align=&#8221;center&#8221; top_padding=&#8221;40&#8243; bottom_padding=&#8221;40&#8243;][vc_column width=&#8221;1\/1&#8243;][vc_column_text] Esta planta se encuentra en Gien (45) y, desde el 1 de septiembre de 2005, est\u00e1 certificada ISO 90001 e ISO 13485. [\/vc_column_text][\/vc_column][\/vc_row][vc_row][vc_column width=&#8221;1\/1&#8243;][\/vc_column][\/vc_row][vc_row][vc_column width=&#8221;1\/3&#8243;][\/vc_column][vc_column width=&#8221;2\/3&#8243;][\/vc_column][\/vc_row][vc_row][vc_column width=&#8221;1\/1&#8243;][\/vc_column][\/vc_row][vc_row][vc_column width=&#8221;1\/3&#8243;][\/vc_column][vc_column width=&#8221;2\/3&#8243;][\/vc_column][\/vc_row][vc_row][vc_column width=&#8221;1\/1&#8243;][\/vc_column][\/vc_row][vc_row bg_color=&#8221;#0b2677&#8243; text_color=&#8221;light&#8221; text_align=&#8221;center&#8221; top_padding=&#8221;40&#8243; bottom_padding=&#8221;40&#8243;][vc_column width=&#8221;2\/3&#8243;][vc_column_text] Ionisos\u00a0ofrece tambi\u00e9n el tratamiento beta y gamma. [\/vc_column_text][\/vc_column][vc_column width=&#8221;1\/3&#8243;][vc_column_text] \u00a0 \u00a0 \u00a0 \u00a0[\/vc_column_text][\/vc_column][\/vc_row]<\/p>\n","protected":false},"author":1,"featured_media":0,"parent":16443,"menu_order":0,"comment_status":"closed","ping_status":"closed","template":"","meta":{"inline_featured_image":false,"footnotes":""},"class_list":["post-16454","page","type-page","status-publish","hentry"],"yoast_head":"<!-- This site is optimized with the Yoast SEO plugin v26.3 - https:\/\/yoast.com\/wordpress\/plugins\/seo\/ -->\n<title>Tratamiento por \u00d3xido de Etileno - Ionisos<\/title>\n<meta name=\"robots\" content=\"index, follow, max-snippet:-1, max-image-preview:large, max-video-preview:-1\" \/>\n<link rel=\"canonical\" href=\"https:\/\/www.ionisos.com\/es\/nuestras-actividades\/oxido-de-etileno\/\" \/>\n<meta property=\"og:locale\" content=\"es_ES\" \/>\n<meta property=\"og:type\" content=\"article\" \/>\n<meta property=\"og:title\" content=\"Tratamiento por \u00d3xido de Etileno - Ionisos\" \/>\n<meta property=\"og:description\" content=\"[vc_row bg_image=&#8221;18987&#8243; text_color=&#8221;light&#8221; text_align=&#8221;center&#8221; top_padding=&#8221;100&#8243; bottom_padding=&#8221;100&#8243; parallax_content=&#8221;parallax_content_value&#8221;][vc_column width=&#8221;1\/1&#8243;][\/vc_column][\/vc_row][vc_row][vc_column width=&#8221;1\/1&#8243;][vc_column_text] Con el fin de satisfacer todas las necesidades de sus clientes, Ionisos, l\u00edder franc\u00e9s en esterilizaci\u00f3n por radiaci\u00f3n (gamma y beta), decidi\u00f3 adquirir una unidad de esterilizaci\u00f3n por \u00f3xido de etileno y crear : [\/vc_column_text][\/vc_column][\/vc_row][vc_row bg_color=&#8221;#0b2677&#8243; text_color=&#8221;light&#8221; text_align=&#8221;center&#8221; top_padding=&#8221;40&#8243; bottom_padding=&#8221;40&#8243;][vc_column width=&#8221;1\/1&#8243;][vc_column_text] Esta planta se encuentra en Gien (45) y, desde el 1 de septiembre de 2005, est\u00e1 certificada ISO 90001 e ISO 13485. [\/vc_column_text][\/vc_column][\/vc_row][vc_row][vc_column width=&#8221;1\/1&#8243;][\/vc_column][\/vc_row][vc_row][vc_column width=&#8221;1\/3&#8243;][\/vc_column][vc_column width=&#8221;2\/3&#8243;][\/vc_column][\/vc_row][vc_row][vc_column width=&#8221;1\/1&#8243;][\/vc_column][\/vc_row][vc_row][vc_column width=&#8221;1\/3&#8243;][\/vc_column][vc_column width=&#8221;2\/3&#8243;][\/vc_column][\/vc_row][vc_row][vc_column width=&#8221;1\/1&#8243;][\/vc_column][\/vc_row][vc_row bg_color=&#8221;#0b2677&#8243; text_color=&#8221;light&#8221; text_align=&#8221;center&#8221; top_padding=&#8221;40&#8243; bottom_padding=&#8221;40&#8243;][vc_column width=&#8221;2\/3&#8243;][vc_column_text] Ionisos\u00a0ofrece tambi\u00e9n el tratamiento beta y gamma. [\/vc_column_text][\/vc_column][vc_column width=&#8221;1\/3&#8243;][vc_column_text] \u00a0 \u00a0 \u00a0 \u00a0[\/vc_column_text][\/vc_column][\/vc_row]\" \/>\n<meta property=\"og:url\" content=\"https:\/\/www.ionisos.com\/es\/nuestras-actividades\/oxido-de-etileno\/\" \/>\n<meta property=\"og:site_name\" content=\"Ionisos\" \/>\n<meta property=\"article:modified_time\" content=\"2021-03-12T14:27:21+00:00\" \/>\n<meta name=\"twitter:card\" content=\"summary_large_image\" \/>\n<meta name=\"twitter:label1\" content=\"Tiempo de lectura\" \/>\n\t<meta name=\"twitter:data1\" content=\"3 minutos\" \/>\n<script type=\"application\/ld+json\" class=\"yoast-schema-graph\">{\"@context\":\"https:\/\/schema.org\",\"@graph\":[{\"@type\":\"WebPage\",\"@id\":\"https:\/\/www.ionisos.com\/es\/nuestras-actividades\/oxido-de-etileno\/\",\"url\":\"https:\/\/www.ionisos.com\/es\/nuestras-actividades\/oxido-de-etileno\/\",\"name\":\"Tratamiento por \u00d3xido de Etileno - Ionisos\",\"isPartOf\":{\"@id\":\"https:\/\/www.ionisos.com\/#website\"},\"datePublished\":\"2017-06-06T16:26:02+00:00\",\"dateModified\":\"2021-03-12T14:27:21+00:00\",\"breadcrumb\":{\"@id\":\"https:\/\/www.ionisos.com\/es\/nuestras-actividades\/oxido-de-etileno\/#breadcrumb\"},\"inLanguage\":\"es\",\"potentialAction\":[{\"@type\":\"ReadAction\",\"target\":[\"https:\/\/www.ionisos.com\/es\/nuestras-actividades\/oxido-de-etileno\/\"]}]},{\"@type\":\"BreadcrumbList\",\"@id\":\"https:\/\/www.ionisos.com\/es\/nuestras-actividades\/oxido-de-etileno\/#breadcrumb\",\"itemListElement\":[{\"@type\":\"ListItem\",\"position\":1,\"name\":\"Accueil\",\"item\":\"https:\/\/www.ionisos.com\/es\/\"},{\"@type\":\"ListItem\",\"position\":2,\"name\":\"Nuestras actividades\",\"item\":\"https:\/\/www.ionisos.com\/es\/nuestras-actividades\/\"},{\"@type\":\"ListItem\",\"position\":3,\"name\":\"Tratamiento por \u00d3xido de Etileno\"}]},{\"@type\":\"WebSite\",\"@id\":\"https:\/\/www.ionisos.com\/#website\",\"url\":\"https:\/\/www.ionisos.com\/\",\"name\":\"Ionisos\",\"description\":\"Ionisation par \u00e9lectrons acc\u00e9l\u00e9r\u00e9s, rayons gamma, rayons X et oxyde d&#039;\u00e9thyl\u00e8ne\",\"potentialAction\":[{\"@type\":\"SearchAction\",\"target\":{\"@type\":\"EntryPoint\",\"urlTemplate\":\"https:\/\/www.ionisos.com\/?s={search_term_string}\"},\"query-input\":{\"@type\":\"PropertyValueSpecification\",\"valueRequired\":true,\"valueName\":\"search_term_string\"}}],\"inLanguage\":\"es\"}]}<\/script>\n<!-- \/ Yoast SEO plugin. -->","yoast_head_json":{"title":"Tratamiento por \u00d3xido de Etileno - Ionisos","robots":{"index":"index","follow":"follow","max-snippet":"max-snippet:-1","max-image-preview":"max-image-preview:large","max-video-preview":"max-video-preview:-1"},"canonical":"https:\/\/www.ionisos.com\/es\/nuestras-actividades\/oxido-de-etileno\/","og_locale":"es_ES","og_type":"article","og_title":"Tratamiento por \u00d3xido de Etileno - Ionisos","og_description":"[vc_row bg_image=&#8221;18987&#8243; text_color=&#8221;light&#8221; text_align=&#8221;center&#8221; top_padding=&#8221;100&#8243; bottom_padding=&#8221;100&#8243; parallax_content=&#8221;parallax_content_value&#8221;][vc_column width=&#8221;1\/1&#8243;][\/vc_column][\/vc_row][vc_row][vc_column width=&#8221;1\/1&#8243;][vc_column_text] Con el fin de satisfacer todas las necesidades de sus clientes, Ionisos, l\u00edder franc\u00e9s en esterilizaci\u00f3n por radiaci\u00f3n (gamma y beta), decidi\u00f3 adquirir una unidad de esterilizaci\u00f3n por \u00f3xido de etileno y crear : [\/vc_column_text][\/vc_column][\/vc_row][vc_row bg_color=&#8221;#0b2677&#8243; text_color=&#8221;light&#8221; text_align=&#8221;center&#8221; top_padding=&#8221;40&#8243; bottom_padding=&#8221;40&#8243;][vc_column width=&#8221;1\/1&#8243;][vc_column_text] Esta planta se encuentra en Gien (45) y, desde el 1 de septiembre de 2005, est\u00e1 certificada ISO 90001 e ISO 13485. [\/vc_column_text][\/vc_column][\/vc_row][vc_row][vc_column width=&#8221;1\/1&#8243;][\/vc_column][\/vc_row][vc_row][vc_column width=&#8221;1\/3&#8243;][\/vc_column][vc_column width=&#8221;2\/3&#8243;][\/vc_column][\/vc_row][vc_row][vc_column width=&#8221;1\/1&#8243;][\/vc_column][\/vc_row][vc_row][vc_column width=&#8221;1\/3&#8243;][\/vc_column][vc_column width=&#8221;2\/3&#8243;][\/vc_column][\/vc_row][vc_row][vc_column width=&#8221;1\/1&#8243;][\/vc_column][\/vc_row][vc_row bg_color=&#8221;#0b2677&#8243; text_color=&#8221;light&#8221; text_align=&#8221;center&#8221; top_padding=&#8221;40&#8243; bottom_padding=&#8221;40&#8243;][vc_column width=&#8221;2\/3&#8243;][vc_column_text] Ionisos\u00a0ofrece tambi\u00e9n el tratamiento beta y gamma. [\/vc_column_text][\/vc_column][vc_column width=&#8221;1\/3&#8243;][vc_column_text] \u00a0 \u00a0 \u00a0 \u00a0[\/vc_column_text][\/vc_column][\/vc_row]","og_url":"https:\/\/www.ionisos.com\/es\/nuestras-actividades\/oxido-de-etileno\/","og_site_name":"Ionisos","article_modified_time":"2021-03-12T14:27:21+00:00","twitter_card":"summary_large_image","twitter_misc":{"Tiempo de lectura":"3 minutos"},"schema":{"@context":"https:\/\/schema.org","@graph":[{"@type":"WebPage","@id":"https:\/\/www.ionisos.com\/es\/nuestras-actividades\/oxido-de-etileno\/","url":"https:\/\/www.ionisos.com\/es\/nuestras-actividades\/oxido-de-etileno\/","name":"Tratamiento por \u00d3xido de Etileno - Ionisos","isPartOf":{"@id":"https:\/\/www.ionisos.com\/#website"},"datePublished":"2017-06-06T16:26:02+00:00","dateModified":"2021-03-12T14:27:21+00:00","breadcrumb":{"@id":"https:\/\/www.ionisos.com\/es\/nuestras-actividades\/oxido-de-etileno\/#breadcrumb"},"inLanguage":"es","potentialAction":[{"@type":"ReadAction","target":["https:\/\/www.ionisos.com\/es\/nuestras-actividades\/oxido-de-etileno\/"]}]},{"@type":"BreadcrumbList","@id":"https:\/\/www.ionisos.com\/es\/nuestras-actividades\/oxido-de-etileno\/#breadcrumb","itemListElement":[{"@type":"ListItem","position":1,"name":"Accueil","item":"https:\/\/www.ionisos.com\/es\/"},{"@type":"ListItem","position":2,"name":"Nuestras actividades","item":"https:\/\/www.ionisos.com\/es\/nuestras-actividades\/"},{"@type":"ListItem","position":3,"name":"Tratamiento por \u00d3xido de Etileno"}]},{"@type":"WebSite","@id":"https:\/\/www.ionisos.com\/#website","url":"https:\/\/www.ionisos.com\/","name":"Ionisos","description":"Ionisation par \u00e9lectrons acc\u00e9l\u00e9r\u00e9s, rayons gamma, rayons X et oxyde d&#039;\u00e9thyl\u00e8ne","potentialAction":[{"@type":"SearchAction","target":{"@type":"EntryPoint","urlTemplate":"https:\/\/www.ionisos.com\/?s={search_term_string}"},"query-input":{"@type":"PropertyValueSpecification","valueRequired":true,"valueName":"search_term_string"}}],"inLanguage":"es"}]}},"_links":{"self":[{"href":"https:\/\/www.ionisos.com\/es\/wp-json\/wp\/v2\/pages\/16454","targetHints":{"allow":["GET"]}}],"collection":[{"href":"https:\/\/www.ionisos.com\/es\/wp-json\/wp\/v2\/pages"}],"about":[{"href":"https:\/\/www.ionisos.com\/es\/wp-json\/wp\/v2\/types\/page"}],"author":[{"embeddable":true,"href":"https:\/\/www.ionisos.com\/es\/wp-json\/wp\/v2\/users\/1"}],"replies":[{"embeddable":true,"href":"https:\/\/www.ionisos.com\/es\/wp-json\/wp\/v2\/comments?post=16454"}],"version-history":[{"count":14,"href":"https:\/\/www.ionisos.com\/es\/wp-json\/wp\/v2\/pages\/16454\/revisions"}],"predecessor-version":[{"id":18998,"href":"https:\/\/www.ionisos.com\/es\/wp-json\/wp\/v2\/pages\/16454\/revisions\/18998"}],"up":[{"embeddable":true,"href":"https:\/\/www.ionisos.com\/es\/wp-json\/wp\/v2\/pages\/16443"}],"wp:attachment":[{"href":"https:\/\/www.ionisos.com\/es\/wp-json\/wp\/v2\/media?parent=16454"}],"curies":[{"name":"wp","href":"https:\/\/api.w.org\/{rel}","templated":true}]}}