 {"id":16453,"date":"2017-06-06T18:23:29","date_gmt":"2017-06-06T16:23:29","guid":{"rendered":"https:\/\/www.ionisos.com\/?page_id=16453\/"},"modified":"2020-05-05T14:19:51","modified_gmt":"2020-05-05T12:19:51","slug":"tratamiento-gamma","status":"publish","type":"page","link":"https:\/\/www.ionisos.com\/es\/nuestras-actividades\/tratamiento-gamma\/","title":{"rendered":"Radiaci\u00f3n Gamma"},"content":{"rendered":"<p>[vc_row bg_image=&#8221;15639&#8243; bg_repeat=&#8221;no-repeat&#8221; text_color=&#8221;light&#8221; text_align=&#8221;center&#8221; top_padding=&#8221;100&#8243; bottom_padding=&#8221;100&#8243;][vc_column width=&#8221;1\/1&#8243;]<h1 class=\"headline font-special fontsize-xxxl fontweight-inherit lh-inherit align-center transform-uppercase \" style=\"margin: 0;\">Tratamiento por Radiaci\u00f3n <strong>Gamma<\/strong><\/h1>[\/vc_column][\/vc_row][vc_row][vc_column width=&#8221;1\/1&#8243;]<div class=\"spacer\" style=\"height: 40px;\"><\/div>[vc_column_text]<\/p>\n<p style=\"text-align: center;\"><span style=\"font-family: Abel; font-size: 25px;\">Est\u00e1 t\u00e9cnica se basa en la exposici\u00f3n de los productos a la radiaci\u00f3n gamma generada por una fuente de cobalto 60 durante un tiempo limitado.<\/span><\/p>\n<p>[\/vc_column_text]<div class=\"spacer\" style=\"height: 40px;\"><\/div>[\/vc_column][\/vc_row][vc_row][vc_column width=&#8221;1\/2&#8243;]<div class=\"flexslider wpb_content_element\"><ul class=\"slides\"><li><img decoding=\"async\" src=\"https:\/\/www.ionisos.com\/wp-content\/uploads\/2017\/03\/DSC_0048.jpg\" alt=\"\" \/><\/li><li><img decoding=\"async\" src=\"https:\/\/www.ionisos.com\/wp-content\/uploads\/2017\/03\/DSC_1080.jpg\" alt=\"\" \/><\/li><li><img decoding=\"async\" src=\"https:\/\/www.ionisos.com\/wp-content\/uploads\/2017\/03\/Stockage-balancelle-Dagneux.jpg\" alt=\"\" \/><\/li><\/ul><\/div>[\/vc_column][vc_column width=&#8221;1\/2&#8243;][vc_column_text]Los fotones emitidos tienen dos niveles de energ\u00eda: 1.17 y 1.33 MeV<\/p>\n<p>La radiaci\u00f3n gamma permite la esterilizaci\u00f3n de productos sanitarios, cosm\u00e9ticos y farmac\u00e9uticos. La fuente de radiaci\u00f3n est\u00e1 permanentemente emitiendo radiaci\u00f3n, y es tan penetrante que es capaz de atravesar los pallets enteros.<\/p>\n<p>Los productos se cargan en un sistema transportador que los lleva por dentro de la celda de radiaci\u00f3n hasta la fuente, donde son expuestos a la radiaci\u00f3n durante un tiempo predeterminado. Una vez los productos han alcanzado la fuente, circulan alrededor de esta con una velocidad definida hasta que completar su tratamiento. Una vez que ha finalizado el tratamiento, el transportador se encarga de sacar los productos de la celda de irradiaci\u00f3n.[\/vc_column_text]<div class=\"minti_list wpb_content_element color-accent point\" style=\"padding-left: 10px;\">La dosis absorbida depende principalmente de los siguientes factores:<\/p>\n<ul>\n<li>la actividad y la configuraci\u00f3n de la fuente<\/li>\n<li>el tiempo de irradiaci\u00f3n<\/li>\n<li>la composici\u00f3n y la densidad de los materiales<\/li>\n<\/ul>\n<\/div>[vc_tta_accordion style=&#8221;flat&#8221; active_section=&#8221;0&#8243; collapsible_all=&#8221;true&#8221;][vc_tta_section title=&#8221;El tratamiento por radiaci\u00f3n gamma: sobre cajas o sobre pallets&#8221; tab_id=&#8221;1490622542764-db62caec-e48a&#8221;][vc_column_text]<b>Tratamiento de pallets<\/b><\/p>\n<p><span style=\"font-weight: 400;\">Disponible en <a href=\"https:\/\/www.ionisos.com\/en\/our-sites\/sable-sur-sarthe\/\">Sabl\u00e9 sur Sarthe<\/a> y en\u00a0<a href=\"https:\/\/www.ionisos.com\/en\/our-sites\/pouzauges\/\">Pouzauges<\/a><\/span>[\/vc_column_text]<div class=\"single_image wpb_content_element align-left    \" data-animation=\"none\" data-delay=\"0\"><img loading=\"lazy\" decoding=\"async\" width=\"450\" height=\"288\" src=\"https:\/\/www.ionisos.com\/wp-content\/uploads\/2017\/03\/eclatgamma.jpg\" class=\"attachment-full\" alt=\"\" srcset=\"https:\/\/www.ionisos.com\/wp-content\/uploads\/2017\/03\/eclatgamma.jpg 450w, https:\/\/www.ionisos.com\/wp-content\/uploads\/2017\/03\/eclatgamma-300x192.jpg 300w, https:\/\/www.ionisos.com\/wp-content\/uploads\/2017\/03\/eclatgamma-200x128.jpg 200w\" sizes=\"auto, (max-width: 450px) 100vw, 450px\" \/><\/div>[vc_column_text]<\/p>\n<ol>\n<li>Recepci\u00f3n de los productos<\/li>\n<li>Control de la recepci\u00f3n<\/li>\n<li>Carga y descarga automatizada de los pal\u00e9s<\/li>\n<li>Laberinto<\/li>\n<li>C\u00e9lula de ionizaci\u00f3n<\/li>\n<li>Sistema autom\u00e1tico de almacenamiento<\/li>\n<li>Almacenamiento de los productos tratados<\/li>\n<li>Control antes de enviar<\/li>\n<li>Env\u00edo de los productos<\/li>\n<\/ol>\n<p>[\/vc_column_text][vc_column_text]<b>Tratamiento por cajas.<\/b><br \/>\nDisponible en\u00a0<a href=\"https:\/\/www.ionisos.com\/en\/our-sites\/dagneux\/\">Dagneux<\/a>.[\/vc_column_text]<div class=\"single_image wpb_content_element align-left    \" data-animation=\"none\" data-delay=\"0\"><img loading=\"lazy\" decoding=\"async\" width=\"450\" height=\"218\" src=\"https:\/\/www.ionisos.com\/wp-content\/uploads\/2017\/03\/plan_usine_gamma.jpg\" class=\"attachment-full\" alt=\"\" srcset=\"https:\/\/www.ionisos.com\/wp-content\/uploads\/2017\/03\/plan_usine_gamma.jpg 450w, https:\/\/www.ionisos.com\/wp-content\/uploads\/2017\/03\/plan_usine_gamma-300x145.jpg 300w, https:\/\/www.ionisos.com\/wp-content\/uploads\/2017\/03\/plan_usine_gamma-200x97.jpg 200w\" sizes=\"auto, (max-width: 450px) 100vw, 450px\" \/><\/div>[vc_column_text]Casi medio siglo de investigaci\u00f3n avala la eficacia y seguridad de la esterilizaci\u00f3n por radiaci\u00f3n, la cual es recomendada por la Organizaci\u00f3n Mundial de la Salud (OMS) y la Organizaci\u00f3n de las Naciones Unidas para la Alimentaci\u00f3n y la Agricultura (FAO).<\/p>\n<p style=\"text-align: justify;\"><strong>Un proceso pr\u00e1ctico y seguro<\/strong><\/p>\n<p>El tratamiento por radiaci\u00f3n gamma tiene las siguientes caracter\u00edsticas:<\/p>\n<ul>\n<li>el producto se irradia dentro de su packaging (en pallets), por lo que se evitan posteriores contaminaciones.<\/li>\n<li>sin aumento de temperatura, compatible con productos sensibles a la temperatura, congelados o refrigerados.<\/li>\n<li>sin cuarentena. Los productos se pueden utilizar directamente tras el tratamiento, reduciendo los costes de almacenaje.<\/li>\n<\/ul>\n<p>[\/vc_column_text][\/vc_tta_section][\/vc_tta_accordion][\/vc_column][\/vc_row][vc_row][vc_column width=&#8221;1\/1&#8243;]<div class=\"spacer\" style=\"height: 40px;\"><\/div>[\/vc_column][\/vc_row][vc_row bg_color=&#8221;#0b2677&#8243; text_color=&#8221;light&#8221; text_align=&#8221;center&#8221; top_padding=&#8221;40&#8243; bottom_padding=&#8221;40&#8243;][vc_column width=&#8221;2\/3&#8243;]<div class=\"spacer\" style=\"height: 5px;\"><\/div>[vc_column_text]<\/p>\n<h3 style=\"text-align: left;\">Ionisos ofrece tambi\u00e9n tratamientos por radiaci\u00f3n beta.<\/h3>\n<p>[\/vc_column_text][\/vc_column][vc_column width=&#8221;1\/3&#8243;][vc_column_text]<a href=\"\/es\/nuestras-actividades\/tratamiento-beta\/\" target=\"_self\" class=\"button color-8 medium \" style=\"border-radius: 2px;\">M\u00e1s<br \/>\ninformaci\u00f3n<\/a>[\/vc_column_text][\/vc_column][\/vc_row]<\/p>\n","protected":false},"excerpt":{"rendered":"<p>[vc_row bg_image=&#8221;15639&#8243; bg_repeat=&#8221;no-repeat&#8221; text_color=&#8221;light&#8221; text_align=&#8221;center&#8221; top_padding=&#8221;100&#8243; bottom_padding=&#8221;100&#8243;][vc_column width=&#8221;1\/1&#8243;][\/vc_column][\/vc_row][vc_row][vc_column width=&#8221;1\/1&#8243;][vc_column_text] Est\u00e1 t\u00e9cnica se basa en la exposici\u00f3n de los productos a la radiaci\u00f3n gamma generada por una fuente de cobalto 60 durante un tiempo limitado. [\/vc_column_text][\/vc_column][\/vc_row][vc_row][vc_column width=&#8221;1\/2&#8243;][\/vc_column][vc_column width=&#8221;1\/2&#8243;][vc_column_text]Los fotones emitidos tienen dos niveles de energ\u00eda: 1.17 y 1.33 MeV La radiaci\u00f3n gamma permite la esterilizaci\u00f3n de productos sanitarios, cosm\u00e9ticos y farmac\u00e9uticos. La fuente de radiaci\u00f3n est\u00e1 permanentemente emitiendo radiaci\u00f3n, y es tan penetrante que es capaz de atravesar los pallets enteros. Los productos se cargan en un sistema transportador que los lleva por dentro de la celda de radiaci\u00f3n hasta la fuente, donde son expuestos a la radiaci\u00f3n durante un tiempo predeterminado. Una vez los productos han alcanzado la fuente, circulan alrededor de esta con una velocidad definida hasta que completar su tratamiento. Una vez que ha finalizado el tratamiento, el transportador se encarga de sacar los productos de la celda de irradiaci\u00f3n.[\/vc_column_text][vc_tta_accordion style=&#8221;flat&#8221; active_section=&#8221;0&#8243; collapsible_all=&#8221;true&#8221;][vc_tta_section title=&#8221;El tratamiento por radiaci\u00f3n gamma: sobre cajas o sobre pallets&#8221; tab_id=&#8221;1490622542764-db62caec-e48a&#8221;][vc_column_text]Tratamiento de pallets Disponible en Sabl\u00e9 sur Sarthe y en\u00a0Pouzauges[\/vc_column_text][vc_column_text] Recepci\u00f3n de los productos Control de la recepci\u00f3n Carga y descarga automatizada de los pal\u00e9s Laberinto C\u00e9lula de ionizaci\u00f3n Sistema autom\u00e1tico de almacenamiento Almacenamiento de [&hellip;]<\/p>\n","protected":false},"author":1,"featured_media":0,"parent":16443,"menu_order":0,"comment_status":"closed","ping_status":"closed","template":"","meta":{"inline_featured_image":false,"footnotes":""},"class_list":["post-16453","page","type-page","status-publish","hentry"],"yoast_head":"<!-- This site is optimized with the Yoast SEO plugin v26.3 - https:\/\/yoast.com\/wordpress\/plugins\/seo\/ -->\n<title>Radiaci\u00f3n Gamma - Ionisos<\/title>\n<meta name=\"robots\" content=\"index, follow, max-snippet:-1, max-image-preview:large, max-video-preview:-1\" \/>\n<link rel=\"canonical\" href=\"https:\/\/www.ionisos.com\/es\/nuestras-actividades\/tratamiento-gamma\/\" \/>\n<meta property=\"og:locale\" content=\"es_ES\" \/>\n<meta property=\"og:type\" content=\"article\" \/>\n<meta property=\"og:title\" content=\"Radiaci\u00f3n Gamma - Ionisos\" \/>\n<meta property=\"og:description\" content=\"[vc_row bg_image=&#8221;15639&#8243; bg_repeat=&#8221;no-repeat&#8221; text_color=&#8221;light&#8221; text_align=&#8221;center&#8221; top_padding=&#8221;100&#8243; bottom_padding=&#8221;100&#8243;][vc_column width=&#8221;1\/1&#8243;][\/vc_column][\/vc_row][vc_row][vc_column width=&#8221;1\/1&#8243;][vc_column_text] Est\u00e1 t\u00e9cnica se basa en la exposici\u00f3n de los productos a la radiaci\u00f3n gamma generada por una fuente de cobalto 60 durante un tiempo limitado. [\/vc_column_text][\/vc_column][\/vc_row][vc_row][vc_column width=&#8221;1\/2&#8243;][\/vc_column][vc_column width=&#8221;1\/2&#8243;][vc_column_text]Los fotones emitidos tienen dos niveles de energ\u00eda: 1.17 y 1.33 MeV La radiaci\u00f3n gamma permite la esterilizaci\u00f3n de productos sanitarios, cosm\u00e9ticos y farmac\u00e9uticos. La fuente de radiaci\u00f3n est\u00e1 permanentemente emitiendo radiaci\u00f3n, y es tan penetrante que es capaz de atravesar los pallets enteros. Los productos se cargan en un sistema transportador que los lleva por dentro de la celda de radiaci\u00f3n hasta la fuente, donde son expuestos a la radiaci\u00f3n durante un tiempo predeterminado. Una vez los productos han alcanzado la fuente, circulan alrededor de esta con una velocidad definida hasta que completar su tratamiento. Una vez que ha finalizado el tratamiento, el transportador se encarga de sacar los productos de la celda de irradiaci\u00f3n.[\/vc_column_text][vc_tta_accordion style=&#8221;flat&#8221; active_section=&#8221;0&#8243; collapsible_all=&#8221;true&#8221;][vc_tta_section title=&#8221;El tratamiento por radiaci\u00f3n gamma: sobre cajas o sobre pallets&#8221; tab_id=&#8221;1490622542764-db62caec-e48a&#8221;][vc_column_text]Tratamiento de pallets Disponible en Sabl\u00e9 sur Sarthe y en\u00a0Pouzauges[\/vc_column_text][vc_column_text] Recepci\u00f3n de los productos Control de la recepci\u00f3n Carga y descarga automatizada de los pal\u00e9s Laberinto C\u00e9lula de ionizaci\u00f3n Sistema autom\u00e1tico de almacenamiento Almacenamiento de [&hellip;]\" \/>\n<meta property=\"og:url\" content=\"https:\/\/www.ionisos.com\/es\/nuestras-actividades\/tratamiento-gamma\/\" \/>\n<meta property=\"og:site_name\" content=\"Ionisos\" \/>\n<meta property=\"article:modified_time\" content=\"2020-05-05T12:19:51+00:00\" \/>\n<meta name=\"twitter:card\" content=\"summary_large_image\" \/>\n<meta name=\"twitter:label1\" content=\"Tiempo de lectura\" \/>\n\t<meta name=\"twitter:data1\" content=\"3 minutos\" \/>\n<script type=\"application\/ld+json\" class=\"yoast-schema-graph\">{\"@context\":\"https:\/\/schema.org\",\"@graph\":[{\"@type\":\"WebPage\",\"@id\":\"https:\/\/www.ionisos.com\/es\/nuestras-actividades\/tratamiento-gamma\/\",\"url\":\"https:\/\/www.ionisos.com\/es\/nuestras-actividades\/tratamiento-gamma\/\",\"name\":\"Radiaci\u00f3n Gamma - Ionisos\",\"isPartOf\":{\"@id\":\"https:\/\/www.ionisos.com\/#website\"},\"datePublished\":\"2017-06-06T16:23:29+00:00\",\"dateModified\":\"2020-05-05T12:19:51+00:00\",\"breadcrumb\":{\"@id\":\"https:\/\/www.ionisos.com\/es\/nuestras-actividades\/tratamiento-gamma\/#breadcrumb\"},\"inLanguage\":\"es\",\"potentialAction\":[{\"@type\":\"ReadAction\",\"target\":[\"https:\/\/www.ionisos.com\/es\/nuestras-actividades\/tratamiento-gamma\/\"]}]},{\"@type\":\"BreadcrumbList\",\"@id\":\"https:\/\/www.ionisos.com\/es\/nuestras-actividades\/tratamiento-gamma\/#breadcrumb\",\"itemListElement\":[{\"@type\":\"ListItem\",\"position\":1,\"name\":\"Accueil\",\"item\":\"https:\/\/www.ionisos.com\/es\/\"},{\"@type\":\"ListItem\",\"position\":2,\"name\":\"Nuestras actividades\",\"item\":\"https:\/\/www.ionisos.com\/es\/nuestras-actividades\/\"},{\"@type\":\"ListItem\",\"position\":3,\"name\":\"Radiaci\u00f3n Gamma\"}]},{\"@type\":\"WebSite\",\"@id\":\"https:\/\/www.ionisos.com\/#website\",\"url\":\"https:\/\/www.ionisos.com\/\",\"name\":\"Ionisos\",\"description\":\"Ionisation par \u00e9lectrons acc\u00e9l\u00e9r\u00e9s, rayons gamma, rayons X et oxyde d&#039;\u00e9thyl\u00e8ne\",\"potentialAction\":[{\"@type\":\"SearchAction\",\"target\":{\"@type\":\"EntryPoint\",\"urlTemplate\":\"https:\/\/www.ionisos.com\/?s={search_term_string}\"},\"query-input\":{\"@type\":\"PropertyValueSpecification\",\"valueRequired\":true,\"valueName\":\"search_term_string\"}}],\"inLanguage\":\"es\"}]}<\/script>\n<!-- \/ Yoast SEO plugin. -->","yoast_head_json":{"title":"Radiaci\u00f3n Gamma - Ionisos","robots":{"index":"index","follow":"follow","max-snippet":"max-snippet:-1","max-image-preview":"max-image-preview:large","max-video-preview":"max-video-preview:-1"},"canonical":"https:\/\/www.ionisos.com\/es\/nuestras-actividades\/tratamiento-gamma\/","og_locale":"es_ES","og_type":"article","og_title":"Radiaci\u00f3n Gamma - Ionisos","og_description":"[vc_row bg_image=&#8221;15639&#8243; bg_repeat=&#8221;no-repeat&#8221; text_color=&#8221;light&#8221; text_align=&#8221;center&#8221; top_padding=&#8221;100&#8243; bottom_padding=&#8221;100&#8243;][vc_column width=&#8221;1\/1&#8243;][\/vc_column][\/vc_row][vc_row][vc_column width=&#8221;1\/1&#8243;][vc_column_text] Est\u00e1 t\u00e9cnica se basa en la exposici\u00f3n de los productos a la radiaci\u00f3n gamma generada por una fuente de cobalto 60 durante un tiempo limitado. [\/vc_column_text][\/vc_column][\/vc_row][vc_row][vc_column width=&#8221;1\/2&#8243;][\/vc_column][vc_column width=&#8221;1\/2&#8243;][vc_column_text]Los fotones emitidos tienen dos niveles de energ\u00eda: 1.17 y 1.33 MeV La radiaci\u00f3n gamma permite la esterilizaci\u00f3n de productos sanitarios, cosm\u00e9ticos y farmac\u00e9uticos. La fuente de radiaci\u00f3n est\u00e1 permanentemente emitiendo radiaci\u00f3n, y es tan penetrante que es capaz de atravesar los pallets enteros. Los productos se cargan en un sistema transportador que los lleva por dentro de la celda de radiaci\u00f3n hasta la fuente, donde son expuestos a la radiaci\u00f3n durante un tiempo predeterminado. Una vez los productos han alcanzado la fuente, circulan alrededor de esta con una velocidad definida hasta que completar su tratamiento. Una vez que ha finalizado el tratamiento, el transportador se encarga de sacar los productos de la celda de irradiaci\u00f3n.[\/vc_column_text][vc_tta_accordion style=&#8221;flat&#8221; active_section=&#8221;0&#8243; collapsible_all=&#8221;true&#8221;][vc_tta_section title=&#8221;El tratamiento por radiaci\u00f3n gamma: sobre cajas o sobre pallets&#8221; tab_id=&#8221;1490622542764-db62caec-e48a&#8221;][vc_column_text]Tratamiento de pallets Disponible en Sabl\u00e9 sur Sarthe y en\u00a0Pouzauges[\/vc_column_text][vc_column_text] Recepci\u00f3n de los productos Control de la recepci\u00f3n Carga y descarga automatizada de los pal\u00e9s Laberinto C\u00e9lula de ionizaci\u00f3n Sistema autom\u00e1tico de almacenamiento Almacenamiento de [&hellip;]","og_url":"https:\/\/www.ionisos.com\/es\/nuestras-actividades\/tratamiento-gamma\/","og_site_name":"Ionisos","article_modified_time":"2020-05-05T12:19:51+00:00","twitter_card":"summary_large_image","twitter_misc":{"Tiempo de lectura":"3 minutos"},"schema":{"@context":"https:\/\/schema.org","@graph":[{"@type":"WebPage","@id":"https:\/\/www.ionisos.com\/es\/nuestras-actividades\/tratamiento-gamma\/","url":"https:\/\/www.ionisos.com\/es\/nuestras-actividades\/tratamiento-gamma\/","name":"Radiaci\u00f3n Gamma - Ionisos","isPartOf":{"@id":"https:\/\/www.ionisos.com\/#website"},"datePublished":"2017-06-06T16:23:29+00:00","dateModified":"2020-05-05T12:19:51+00:00","breadcrumb":{"@id":"https:\/\/www.ionisos.com\/es\/nuestras-actividades\/tratamiento-gamma\/#breadcrumb"},"inLanguage":"es","potentialAction":[{"@type":"ReadAction","target":["https:\/\/www.ionisos.com\/es\/nuestras-actividades\/tratamiento-gamma\/"]}]},{"@type":"BreadcrumbList","@id":"https:\/\/www.ionisos.com\/es\/nuestras-actividades\/tratamiento-gamma\/#breadcrumb","itemListElement":[{"@type":"ListItem","position":1,"name":"Accueil","item":"https:\/\/www.ionisos.com\/es\/"},{"@type":"ListItem","position":2,"name":"Nuestras actividades","item":"https:\/\/www.ionisos.com\/es\/nuestras-actividades\/"},{"@type":"ListItem","position":3,"name":"Radiaci\u00f3n Gamma"}]},{"@type":"WebSite","@id":"https:\/\/www.ionisos.com\/#website","url":"https:\/\/www.ionisos.com\/","name":"Ionisos","description":"Ionisation par \u00e9lectrons acc\u00e9l\u00e9r\u00e9s, rayons gamma, rayons X et oxyde d&#039;\u00e9thyl\u00e8ne","potentialAction":[{"@type":"SearchAction","target":{"@type":"EntryPoint","urlTemplate":"https:\/\/www.ionisos.com\/?s={search_term_string}"},"query-input":{"@type":"PropertyValueSpecification","valueRequired":true,"valueName":"search_term_string"}}],"inLanguage":"es"}]}},"_links":{"self":[{"href":"https:\/\/www.ionisos.com\/es\/wp-json\/wp\/v2\/pages\/16453","targetHints":{"allow":["GET"]}}],"collection":[{"href":"https:\/\/www.ionisos.com\/es\/wp-json\/wp\/v2\/pages"}],"about":[{"href":"https:\/\/www.ionisos.com\/es\/wp-json\/wp\/v2\/types\/page"}],"author":[{"embeddable":true,"href":"https:\/\/www.ionisos.com\/es\/wp-json\/wp\/v2\/users\/1"}],"replies":[{"embeddable":true,"href":"https:\/\/www.ionisos.com\/es\/wp-json\/wp\/v2\/comments?post=16453"}],"version-history":[{"count":10,"href":"https:\/\/www.ionisos.com\/es\/wp-json\/wp\/v2\/pages\/16453\/revisions"}],"predecessor-version":[{"id":18750,"href":"https:\/\/www.ionisos.com\/es\/wp-json\/wp\/v2\/pages\/16453\/revisions\/18750"}],"up":[{"embeddable":true,"href":"https:\/\/www.ionisos.com\/es\/wp-json\/wp\/v2\/pages\/16443"}],"wp:attachment":[{"href":"https:\/\/www.ionisos.com\/es\/wp-json\/wp\/v2\/media?parent=16453"}],"curies":[{"name":"wp","href":"https:\/\/api.w.org\/{rel}","templated":true}]}}