 {"id":16447,"date":"2017-06-06T18:00:57","date_gmt":"2017-06-06T16:00:57","guid":{"rendered":"https:\/\/www.ionisos.com\/?page_id=16447\/"},"modified":"2025-11-13T16:34:27","modified_gmt":"2025-11-13T15:34:27","slug":"reticular","status":"publish","type":"page","link":"https:\/\/www.ionisos.com\/es\/nuestras-actividades\/reticular\/","title":{"rendered":"Reticular"},"content":{"rendered":"<p>[vc_row bg_image=&#8221;16365&#8243; bg_repeat=&#8221;no-repeat&#8221; text_color=&#8221;light&#8221; text_align=&#8221;center&#8221; top_padding=&#8221;100&#8243; bottom_padding=&#8221;100&#8243;][vc_column width=&#8221;1\/1&#8243;]<h1 class=\"headline font-special fontsize-xxxl fontweight-inherit lh-inherit align-center transform-uppercase \" style=\"margin: 0;\"><strong>Reticular<\/strong><\/h1>[\/vc_column][\/vc_row][vc_row][vc_column width=&#8221;1\/1&#8243;]<div class=\"spacer\" style=\"height: 40px;\"><\/div>[vc_column_text]<\/p>\n<p style=\"text-align: center;\"><span style=\"font-family: Abel; font-size: 25px;\">El grupo Ionisos ofrece tratamientos adaptados a <strong>componentes<\/strong> y <strong>materiales pl\u00e1sticos t\u00e9cnicos<\/strong> para mejorar su rendimiento.<\/span><\/p>\n<p>\n[\/vc_column_text]<div class=\"spacer\" style=\"height: 40px;\"><\/div>[\/vc_column][\/vc_row][vc_row][vc_column width=&#8221;1\/2&#8243;]<div class=\"flexslider wpb_content_element\"><ul class=\"slides\"><li><img decoding=\"async\" src=\"https:\/\/www.ionisos.com\/wp-content\/uploads\/2023\/12\/Reticulation2.jpg\" alt=\"\" \/><\/li><li><img decoding=\"async\" src=\"https:\/\/www.ionisos.com\/wp-content\/uploads\/2023\/12\/Reticulation.jpg\" alt=\"\" \/><\/li><\/ul><\/div>[\/vc_column][vc_column width=&#8221;1\/2&#8243;]<div class=\"minti_list wpb_content_element color-accent plus\" style=\"padding-left: 10px;\">La ionizaci\u00f3n:<\/p>\n<ul>\n<li>inicia la reticulaci\u00f3n de materiales termopl\u00e1sticos de tubos o cables para mejorar su resistencia a la temperatura, a la abrasi\u00f3n y al fuego,<\/li>\n<li>mejora las caracter\u00edsticas mec\u00e1nicas de las pel\u00edculas termopl\u00e1sticas,<\/li>\n<li>permite el endurecimiento en fr\u00edo de resinas,<\/li>\n<li>permite reticular piezas pl\u00e1sticas t\u00e9cnicas para mejorar su resistencia qu\u00edmica y t\u00e9rmica,<\/li>\n<li>autoriza el injerto sobre textiles.<\/li>\n<\/ul>\n<\/div>[\/vc_column][\/vc_row][vc_row][vc_column width=&#8221;1\/1&#8243;]<div class=\"spacer\" style=\"height: 40px;\"><\/div>[\/vc_column][\/vc_row][vc_row bg_color=&#8221;#0b2677&#8243; text_color=&#8221;light&#8221; text_align=&#8221;center&#8221; top_padding=&#8221;40&#8243; bottom_padding=&#8221;40&#8243;][vc_column width=&#8221;2\/3&#8243;]<div class=\"spacer\" style=\"height: 5px;\"><\/div>[vc_column_text]<\/p>\n<h3 style=\"text-align: left;\">Ionisos tambi\u00e9n ofrece la esterilizaci\u00f3n de sus productos m\u00e9dicos, farmac\u00e9uticos, cosm\u00e9ticos, etc.<\/h3>\n<p>\n[\/vc_column_text][\/vc_column][vc_column width=&#8221;1\/3&#8243;]<a href=\"\/nos-activites\/steriliser\/\" target=\"_self\" class=\"button color-8 medium \" style=\"border-radius: 2px;\">M\u00e1s informaci\u00f3n<\/a>[\/vc_column][\/vc_row]<\/p>\n","protected":false},"excerpt":{"rendered":"<p>[vc_row bg_image=&#8221;16365&#8243; bg_repeat=&#8221;no-repeat&#8221; text_color=&#8221;light&#8221; text_align=&#8221;center&#8221; top_padding=&#8221;100&#8243; bottom_padding=&#8221;100&#8243;][vc_column width=&#8221;1\/1&#8243;][\/vc_column][\/vc_row][vc_row][vc_column width=&#8221;1\/1&#8243;][vc_column_text] El grupo Ionisos ofrece tratamientos adaptados a componentes y materiales pl\u00e1sticos t\u00e9cnicos para mejorar su rendimiento. [\/vc_column_text][\/vc_column][\/vc_row][vc_row][vc_column width=&#8221;1\/2&#8243;][\/vc_column][vc_column width=&#8221;1\/2&#8243;][\/vc_column][\/vc_row][vc_row][vc_column width=&#8221;1\/1&#8243;][\/vc_column][\/vc_row][vc_row bg_color=&#8221;#0b2677&#8243; text_color=&#8221;light&#8221; text_align=&#8221;center&#8221; top_padding=&#8221;40&#8243; bottom_padding=&#8221;40&#8243;][vc_column width=&#8221;2\/3&#8243;][vc_column_text] Ionisos tambi\u00e9n ofrece la esterilizaci\u00f3n de sus productos m\u00e9dicos, farmac\u00e9uticos, cosm\u00e9ticos, etc. [\/vc_column_text][\/vc_column][vc_column width=&#8221;1\/3&#8243;][\/vc_column][\/vc_row]<\/p>\n","protected":false},"author":1,"featured_media":0,"parent":16443,"menu_order":0,"comment_status":"closed","ping_status":"closed","template":"","meta":{"inline_featured_image":false,"footnotes":""},"class_list":["post-16447","page","type-page","status-publish","hentry"],"yoast_head":"<!-- This site is optimized with the Yoast SEO plugin v26.3 - https:\/\/yoast.com\/wordpress\/plugins\/seo\/ -->\n<title>Reticulaci\u00f3n por radiaci\u00f3n: Mejore el rendimiento de sus pl\u00e1sticos<\/title>\n<meta name=\"description\" content=\"Ionisos ofrece sus servicios de reticulaci\u00f3n por radiaci\u00f3n para mejorar la resistencia de numerosos materiales pl\u00e1sticos.\" \/>\n<meta name=\"robots\" content=\"index, follow, max-snippet:-1, max-image-preview:large, max-video-preview:-1\" \/>\n<link rel=\"canonical\" href=\"https:\/\/www.ionisos.com\/nos-activites\/reticuler\/\" \/>\n<meta property=\"og:locale\" content=\"es_ES\" \/>\n<meta property=\"og:type\" content=\"article\" \/>\n<meta property=\"og:title\" content=\"Reticulaci\u00f3n por radiaci\u00f3n: Mejore el rendimiento de sus pl\u00e1sticos\" \/>\n<meta property=\"og:description\" content=\"Ionisos ofrece sus servicios de reticulaci\u00f3n por radiaci\u00f3n para mejorar la resistencia de numerosos materiales pl\u00e1sticos.\" \/>\n<meta property=\"og:url\" content=\"https:\/\/www.ionisos.com\/nos-activites\/reticuler\/\" \/>\n<meta property=\"og:site_name\" content=\"Ionisos\" \/>\n<meta property=\"article:modified_time\" content=\"2025-11-13T15:34:27+00:00\" \/>\n<meta name=\"twitter:card\" content=\"summary_large_image\" \/>\n<meta name=\"twitter:label1\" content=\"Tiempo de lectura\" \/>\n\t<meta name=\"twitter:data1\" content=\"1 minuto\" \/>\n<script type=\"application\/ld+json\" class=\"yoast-schema-graph\">{\"@context\":\"https:\/\/schema.org\",\"@graph\":[{\"@type\":\"WebPage\",\"@id\":\"https:\/\/www.ionisos.com\/nos-activites\/reticuler\/\",\"url\":\"https:\/\/www.ionisos.com\/nos-activites\/reticuler\/\",\"name\":\"Reticulaci\u00f3n por radiaci\u00f3n: Mejore el rendimiento de sus pl\u00e1sticos\",\"isPartOf\":{\"@id\":\"https:\/\/www.ionisos.com\/#website\"},\"datePublished\":\"2017-06-06T16:00:57+00:00\",\"dateModified\":\"2025-11-13T15:34:27+00:00\",\"description\":\"Ionisos ofrece sus servicios de reticulaci\u00f3n por radiaci\u00f3n para mejorar la resistencia de numerosos materiales pl\u00e1sticos.\",\"breadcrumb\":{\"@id\":\"https:\/\/www.ionisos.com\/nos-activites\/reticuler\/#breadcrumb\"},\"inLanguage\":\"es\",\"potentialAction\":[{\"@type\":\"ReadAction\",\"target\":[\"https:\/\/www.ionisos.com\/nos-activites\/reticuler\/\"]}]},{\"@type\":\"BreadcrumbList\",\"@id\":\"https:\/\/www.ionisos.com\/nos-activites\/reticuler\/#breadcrumb\",\"itemListElement\":[{\"@type\":\"ListItem\",\"position\":1,\"name\":\"Accueil\",\"item\":\"https:\/\/www.ionisos.com\/es\/\"},{\"@type\":\"ListItem\",\"position\":2,\"name\":\"Nuestras actividades\",\"item\":\"https:\/\/www.ionisos.com\/es\/nuestras-actividades\/\"},{\"@type\":\"ListItem\",\"position\":3,\"name\":\"Reticular\"}]},{\"@type\":\"WebSite\",\"@id\":\"https:\/\/www.ionisos.com\/#website\",\"url\":\"https:\/\/www.ionisos.com\/\",\"name\":\"Ionisos\",\"description\":\"Ionisation par \u00e9lectrons acc\u00e9l\u00e9r\u00e9s, rayons gamma, rayons X et oxyde d&#039;\u00e9thyl\u00e8ne\",\"potentialAction\":[{\"@type\":\"SearchAction\",\"target\":{\"@type\":\"EntryPoint\",\"urlTemplate\":\"https:\/\/www.ionisos.com\/?s={search_term_string}\"},\"query-input\":{\"@type\":\"PropertyValueSpecification\",\"valueRequired\":true,\"valueName\":\"search_term_string\"}}],\"inLanguage\":\"es\"}]}<\/script>\n<!-- \/ Yoast SEO plugin. -->","yoast_head_json":{"title":"Reticulaci\u00f3n por radiaci\u00f3n: Mejore el rendimiento de sus pl\u00e1sticos","description":"Ionisos ofrece sus servicios de reticulaci\u00f3n por radiaci\u00f3n para mejorar la resistencia de numerosos materiales pl\u00e1sticos.","robots":{"index":"index","follow":"follow","max-snippet":"max-snippet:-1","max-image-preview":"max-image-preview:large","max-video-preview":"max-video-preview:-1"},"canonical":"https:\/\/www.ionisos.com\/nos-activites\/reticuler\/","og_locale":"es_ES","og_type":"article","og_title":"Reticulaci\u00f3n por radiaci\u00f3n: Mejore el rendimiento de sus pl\u00e1sticos","og_description":"Ionisos ofrece sus servicios de reticulaci\u00f3n por radiaci\u00f3n para mejorar la resistencia de numerosos materiales pl\u00e1sticos.","og_url":"https:\/\/www.ionisos.com\/nos-activites\/reticuler\/","og_site_name":"Ionisos","article_modified_time":"2025-11-13T15:34:27+00:00","twitter_card":"summary_large_image","twitter_misc":{"Tiempo de lectura":"1 minuto"},"schema":{"@context":"https:\/\/schema.org","@graph":[{"@type":"WebPage","@id":"https:\/\/www.ionisos.com\/nos-activites\/reticuler\/","url":"https:\/\/www.ionisos.com\/nos-activites\/reticuler\/","name":"Reticulaci\u00f3n por radiaci\u00f3n: Mejore el rendimiento de sus pl\u00e1sticos","isPartOf":{"@id":"https:\/\/www.ionisos.com\/#website"},"datePublished":"2017-06-06T16:00:57+00:00","dateModified":"2025-11-13T15:34:27+00:00","description":"Ionisos ofrece sus servicios de reticulaci\u00f3n por radiaci\u00f3n para mejorar la resistencia de numerosos materiales pl\u00e1sticos.","breadcrumb":{"@id":"https:\/\/www.ionisos.com\/nos-activites\/reticuler\/#breadcrumb"},"inLanguage":"es","potentialAction":[{"@type":"ReadAction","target":["https:\/\/www.ionisos.com\/nos-activites\/reticuler\/"]}]},{"@type":"BreadcrumbList","@id":"https:\/\/www.ionisos.com\/nos-activites\/reticuler\/#breadcrumb","itemListElement":[{"@type":"ListItem","position":1,"name":"Accueil","item":"https:\/\/www.ionisos.com\/es\/"},{"@type":"ListItem","position":2,"name":"Nuestras actividades","item":"https:\/\/www.ionisos.com\/es\/nuestras-actividades\/"},{"@type":"ListItem","position":3,"name":"Reticular"}]},{"@type":"WebSite","@id":"https:\/\/www.ionisos.com\/#website","url":"https:\/\/www.ionisos.com\/","name":"Ionisos","description":"Ionisation par \u00e9lectrons acc\u00e9l\u00e9r\u00e9s, rayons gamma, rayons X et oxyde d&#039;\u00e9thyl\u00e8ne","potentialAction":[{"@type":"SearchAction","target":{"@type":"EntryPoint","urlTemplate":"https:\/\/www.ionisos.com\/?s={search_term_string}"},"query-input":{"@type":"PropertyValueSpecification","valueRequired":true,"valueName":"search_term_string"}}],"inLanguage":"es"}]}},"_links":{"self":[{"href":"https:\/\/www.ionisos.com\/es\/wp-json\/wp\/v2\/pages\/16447","targetHints":{"allow":["GET"]}}],"collection":[{"href":"https:\/\/www.ionisos.com\/es\/wp-json\/wp\/v2\/pages"}],"about":[{"href":"https:\/\/www.ionisos.com\/es\/wp-json\/wp\/v2\/types\/page"}],"author":[{"embeddable":true,"href":"https:\/\/www.ionisos.com\/es\/wp-json\/wp\/v2\/users\/1"}],"replies":[{"embeddable":true,"href":"https:\/\/www.ionisos.com\/es\/wp-json\/wp\/v2\/comments?post=16447"}],"version-history":[{"count":9,"href":"https:\/\/www.ionisos.com\/es\/wp-json\/wp\/v2\/pages\/16447\/revisions"}],"predecessor-version":[{"id":27610,"href":"https:\/\/www.ionisos.com\/es\/wp-json\/wp\/v2\/pages\/16447\/revisions\/27610"}],"up":[{"embeddable":true,"href":"https:\/\/www.ionisos.com\/es\/wp-json\/wp\/v2\/pages\/16443"}],"wp:attachment":[{"href":"https:\/\/www.ionisos.com\/es\/wp-json\/wp\/v2\/media?parent=16447"}],"curies":[{"name":"wp","href":"https:\/\/api.w.org\/{rel}","templated":true}]}}