 {"id":16446,"date":"2017-06-06T17:57:24","date_gmt":"2017-06-06T15:57:24","guid":{"rendered":"https:\/\/www.ionisos.com\/?page_id=16446\/"},"modified":"2022-02-04T12:00:45","modified_gmt":"2022-02-04T11:00:45","slug":"conservar","status":"publish","type":"page","link":"https:\/\/www.ionisos.com\/es\/nuestras-actividades\/conservar\/","title":{"rendered":"Conservar"},"content":{"rendered":"<p>[vc_row bg_image=&#8221;16684&#8243; bg_repeat=&#8221;no-repeat&#8221; text_color=&#8221;light&#8221; text_align=&#8221;center&#8221; top_padding=&#8221;100&#8243; bottom_padding=&#8221;100&#8243;][vc_column width=&#8221;1\/1&#8243;]<h1 class=\"headline font-special fontsize-xxxl fontweight-inherit lh-inherit align-center transform-uppercase \" style=\"margin: 0;\"><strong>Conservar<\/strong><\/h1>[\/vc_column][\/vc_row][vc_row][vc_column width=&#8221;1\/1&#8243;]<div class=\"spacer\" style=\"height: 40px;\"><\/div>[vc_column_text]<\/p>\n<p style=\"text-align: center;\"><span style=\"font-family: Abel; font-size: 25px;\">La ionizaci\u00f3n es <strong>su seguridad sanitaria<\/strong> para muchos productos agro-alimentarios. <\/span><\/p>\n<p>[\/vc_column_text]<div class=\"spacer\" style=\"height: 40px;\"><\/div>[\/vc_column][\/vc_row][vc_row][vc_column width=&#8221;1\/1&#8243;][vc_column_text]<\/p>\n<p style=\"text-align: center;\"><strong>IONIZACION AGROALIMENTARIA<\/strong><\/p>\n<p style=\"font-weight: 400; text-align: center;\">Los productos ionizados ofrecen una excelente calidad microbiol\u00f3gica que permite una<br \/>\nmejor respuesta a las exigencias sanitarias, as\u00ed como una reducci\u00f3n de los controles<br \/>\nbacteriol\u00f3gicos a lo largo de la fabricaci\u00f3n.<\/p>\n<p style=\"text-align: center;\">El poder de descontaminaci\u00f3n bacteriana y de desinsectaci\u00f3n de la ionizaci\u00f3n mantiene las propiedades organol\u00e9pticas y nutricionales de los alimentos. La conservaci\u00f3n de alimentos representa el 5% del mercado de Ionisos.<\/p>\n<pre><\/pre>\n<p>[\/vc_column_text][\/vc_column][\/vc_row][vc_row][vc_column width=&#8221;1\/1&#8243;]<div class=\"spacer\" style=\"height: 40px;\"><\/div>[\/vc_column][\/vc_row][vc_row][vc_column width=&#8221;1\/2&#8243;]<div class=\"flexslider wpb_content_element\"><ul class=\"slides\"><li><img decoding=\"async\" src=\"https:\/\/www.ionisos.com\/wp-content\/uploads\/2017\/06\/fotolia_143783868-1.jpg\" alt=\"\" \/><\/li><li><img decoding=\"async\" src=\"https:\/\/www.ionisos.com\/wp-content\/uploads\/2017\/06\/fotolia_112142083.jpg\" alt=\"\" \/><\/li><li><img decoding=\"async\" src=\"https:\/\/www.ionisos.com\/wp-content\/uploads\/2017\/06\/fotolia_78238902.jpg\" alt=\"\" \/><\/li><\/ul><\/div>[\/vc_column][vc_column width=&#8221;1\/2&#8243;][vc_tta_accordion c_align=&#8221;center&#8221; active_section=&#8221;0&#8243;][vc_tta_section title=&#8221;Descubre la <strong>lista de los productos alimenticios cuya irradiacion esta permitida en Espana<\/strong>&#8221; tab_id=&#8221;1495540455740-341aa215-a028&#8243;][vc_column_text]<div class=\"custom-table-1\">\n<div id=\"centre\">\n<table id=\"table4\" border=\"5\" width=\"95%\" cellspacing=\"0\" cellpadding=\"4\" align=\"center\">\n<tbody>\n<tr>\n<td width=\"38%\">\n<p align=\"CENTER\"><strong>Productos<\/strong><\/p>\n<\/td>\n<td width=\"32%\">\n<p align=\"CENTER\"><strong>Objetivos<\/strong><\/p>\n<\/td>\n<td width=\"17%\">\n<p align=\"CENTER\"><strong>Dose l\u00e9gale<\/strong><br \/>\n<strong>(en kGy)<\/strong><\/p>\n<\/td>\n<td width=\"13%\">\n<p align=\"CENTER\"><strong>Fecha<\/strong><\/p>\n<\/td>\n<\/tr>\n<tr>\n<td width=\"38%\">\n<p align=\"left\"><strong>Especias y condimentos vegetales<\/strong><\/p>\n<\/td>\n<td width=\"32%\">\n<p align=\"CENTER\"><strong>Desbacterizaci\u00f3n<\/strong><\/p>\n<\/td>\n<td width=\"17%\">\n<p align=\"CENTER\"><strong>10<\/strong><\/p>\n<\/td>\n<td width=\"13%\">\n<p align=\"CENTER\"><strong>01\/09\/82<\/strong><\/p>\n<\/td>\n<\/tr>\n<tr>\n<td width=\"38%\">\n<p align=\"JUSTIFY\"><strong>Ajo, cebollas y chalotes<\/strong><\/p>\n<\/td>\n<td width=\"32%\">\n<p align=\"CENTER\"><strong>Anti-germinaci\u00f3n<\/strong><\/p>\n<\/td>\n<td width=\"17%\">\n<p align=\"CENTER\"><b>0,15<\/b><\/p>\n<\/td>\n<td width=\"13%\">\u00a0<b style=\"font-family: inherit; font-size: inherit;\">21\/06\/84<\/b><\/td>\n<\/tr>\n<\/tbody>\n<\/table>\n<\/div>\n<\/div>[\/vc_column_text][\/vc_tta_section][\/vc_tta_accordion][\/vc_column][\/vc_row][vc_row][vc_column width=&#8221;1\/1&#8243;]<div class=\"spacer\" style=\"height: 40px;\"><\/div>[\/vc_column][\/vc_row][vc_row bg_color=&#8221;#0b2677&#8243; text_color=&#8221;light&#8221; text_align=&#8221;center&#8221; top_padding=&#8221;40&#8243; bottom_padding=&#8221;40&#8243;][vc_column width=&#8221;2\/3&#8243;]<div class=\"spacer\" style=\"height: 5px;\"><\/div>[vc_column_text]<\/p>\n<p>&nbsp;<\/p>\n<h3 style=\"text-align: left;\">Ionisos tambi\u00e9n ofrece sterilisar y reticular.<\/h3>\n<p>[\/vc_column_text][\/vc_column][vc_column width=&#8221;1\/3&#8243;][vc_row_inner][vc_column_inner width=&#8221;1\/2&#8243;]<a href=\"\/es\/nuestras-actividades\/esterilizar\/\" target=\"_blank\" class=\"button color-8 medium \" style=\"border-radius: 2px;\">Esterilizar<\/a>[\/vc_column_inner][vc_column_inner width=&#8221;1\/2&#8243;]<a href=\"\/es\/nuestras-actividades\/reticular\/\" target=\"_blank\" class=\"button color-8 medium \" style=\"border-radius: 2px;\">Reticular<\/a>[\/vc_column_inner][\/vc_row_inner][\/vc_column][\/vc_row]<\/p>\n","protected":false},"excerpt":{"rendered":"<p>[vc_row bg_image=&#8221;16684&#8243; bg_repeat=&#8221;no-repeat&#8221; text_color=&#8221;light&#8221; text_align=&#8221;center&#8221; top_padding=&#8221;100&#8243; bottom_padding=&#8221;100&#8243;][vc_column width=&#8221;1\/1&#8243;][\/vc_column][\/vc_row][vc_row][vc_column width=&#8221;1\/1&#8243;][vc_column_text] La ionizaci\u00f3n es su seguridad sanitaria para muchos productos agro-alimentarios. [\/vc_column_text][\/vc_column][\/vc_row][vc_row][vc_column width=&#8221;1\/1&#8243;][vc_column_text] IONIZACION AGROALIMENTARIA Los productos ionizados ofrecen una excelente calidad microbiol\u00f3gica que permite una mejor respuesta a las exigencias sanitarias, as\u00ed como una reducci\u00f3n de los controles bacteriol\u00f3gicos a lo largo de la fabricaci\u00f3n. El poder de descontaminaci\u00f3n bacteriana y de desinsectaci\u00f3n de la ionizaci\u00f3n mantiene las propiedades organol\u00e9pticas y nutricionales de los alimentos. La conservaci\u00f3n de alimentos representa el 5% del mercado de Ionisos. [\/vc_column_text][\/vc_column][\/vc_row][vc_row][vc_column width=&#8221;1\/1&#8243;][\/vc_column][\/vc_row][vc_row][vc_column width=&#8221;1\/2&#8243;][\/vc_column][vc_column width=&#8221;1\/2&#8243;][vc_tta_accordion c_align=&#8221;center&#8221; active_section=&#8221;0&#8243;][vc_tta_section title=&#8221;Descubre la lista de los productos alimenticios cuya irradiacion esta permitida en Espana&#8221; tab_id=&#8221;1495540455740-341aa215-a028&#8243;][vc_column_text][\/vc_column_text][\/vc_tta_section][\/vc_tta_accordion][\/vc_column][\/vc_row][vc_row][vc_column width=&#8221;1\/1&#8243;][\/vc_column][\/vc_row][vc_row bg_color=&#8221;#0b2677&#8243; text_color=&#8221;light&#8221; text_align=&#8221;center&#8221; top_padding=&#8221;40&#8243; bottom_padding=&#8221;40&#8243;][vc_column width=&#8221;2\/3&#8243;][vc_column_text] &nbsp; Ionisos tambi\u00e9n ofrece sterilisar y reticular. [\/vc_column_text][\/vc_column][vc_column width=&#8221;1\/3&#8243;][vc_row_inner][vc_column_inner width=&#8221;1\/2&#8243;][\/vc_column_inner][vc_column_inner width=&#8221;1\/2&#8243;][\/vc_column_inner][\/vc_row_inner][\/vc_column][\/vc_row]<\/p>\n","protected":false},"author":1,"featured_media":0,"parent":16443,"menu_order":0,"comment_status":"closed","ping_status":"closed","template":"","meta":{"inline_featured_image":false,"footnotes":""},"class_list":["post-16446","page","type-page","status-publish","hentry"],"yoast_head":"<!-- This site is optimized with the Yoast SEO plugin v26.3 - https:\/\/yoast.com\/wordpress\/plugins\/seo\/ -->\n<title>Conservar - Ionisos<\/title>\n<meta name=\"robots\" content=\"index, follow, max-snippet:-1, max-image-preview:large, max-video-preview:-1\" \/>\n<link rel=\"canonical\" href=\"https:\/\/www.ionisos.com\/es\/nuestras-actividades\/conservar\/\" \/>\n<meta property=\"og:locale\" content=\"es_ES\" \/>\n<meta property=\"og:type\" content=\"article\" \/>\n<meta property=\"og:title\" content=\"Conservar - Ionisos\" \/>\n<meta property=\"og:description\" content=\"[vc_row bg_image=&#8221;16684&#8243; bg_repeat=&#8221;no-repeat&#8221; text_color=&#8221;light&#8221; text_align=&#8221;center&#8221; top_padding=&#8221;100&#8243; bottom_padding=&#8221;100&#8243;][vc_column width=&#8221;1\/1&#8243;][\/vc_column][\/vc_row][vc_row][vc_column width=&#8221;1\/1&#8243;][vc_column_text] La ionizaci\u00f3n es su seguridad sanitaria para muchos productos agro-alimentarios. [\/vc_column_text][\/vc_column][\/vc_row][vc_row][vc_column width=&#8221;1\/1&#8243;][vc_column_text] IONIZACION AGROALIMENTARIA Los productos ionizados ofrecen una excelente calidad microbiol\u00f3gica que permite una mejor respuesta a las exigencias sanitarias, as\u00ed como una reducci\u00f3n de los controles bacteriol\u00f3gicos a lo largo de la fabricaci\u00f3n. El poder de descontaminaci\u00f3n bacteriana y de desinsectaci\u00f3n de la ionizaci\u00f3n mantiene las propiedades organol\u00e9pticas y nutricionales de los alimentos. La conservaci\u00f3n de alimentos representa el 5% del mercado de Ionisos. [\/vc_column_text][\/vc_column][\/vc_row][vc_row][vc_column width=&#8221;1\/1&#8243;][\/vc_column][\/vc_row][vc_row][vc_column width=&#8221;1\/2&#8243;][\/vc_column][vc_column width=&#8221;1\/2&#8243;][vc_tta_accordion c_align=&#8221;center&#8221; active_section=&#8221;0&#8243;][vc_tta_section title=&#8221;Descubre la lista de los productos alimenticios cuya irradiacion esta permitida en Espana&#8221; tab_id=&#8221;1495540455740-341aa215-a028&#8243;][vc_column_text][\/vc_column_text][\/vc_tta_section][\/vc_tta_accordion][\/vc_column][\/vc_row][vc_row][vc_column width=&#8221;1\/1&#8243;][\/vc_column][\/vc_row][vc_row bg_color=&#8221;#0b2677&#8243; text_color=&#8221;light&#8221; text_align=&#8221;center&#8221; top_padding=&#8221;40&#8243; bottom_padding=&#8221;40&#8243;][vc_column width=&#8221;2\/3&#8243;][vc_column_text] &nbsp; Ionisos tambi\u00e9n ofrece sterilisar y reticular. [\/vc_column_text][\/vc_column][vc_column width=&#8221;1\/3&#8243;][vc_row_inner][vc_column_inner width=&#8221;1\/2&#8243;][\/vc_column_inner][vc_column_inner width=&#8221;1\/2&#8243;][\/vc_column_inner][\/vc_row_inner][\/vc_column][\/vc_row]\" \/>\n<meta property=\"og:url\" content=\"https:\/\/www.ionisos.com\/es\/nuestras-actividades\/conservar\/\" \/>\n<meta property=\"og:site_name\" content=\"Ionisos\" \/>\n<meta property=\"article:modified_time\" content=\"2022-02-04T11:00:45+00:00\" \/>\n<meta name=\"twitter:card\" content=\"summary_large_image\" \/>\n<meta name=\"twitter:label1\" content=\"Tiempo de lectura\" \/>\n\t<meta name=\"twitter:data1\" content=\"1 minuto\" \/>\n<script type=\"application\/ld+json\" class=\"yoast-schema-graph\">{\"@context\":\"https:\/\/schema.org\",\"@graph\":[{\"@type\":\"WebPage\",\"@id\":\"https:\/\/www.ionisos.com\/es\/nuestras-actividades\/conservar\/\",\"url\":\"https:\/\/www.ionisos.com\/es\/nuestras-actividades\/conservar\/\",\"name\":\"Conservar - Ionisos\",\"isPartOf\":{\"@id\":\"https:\/\/www.ionisos.com\/#website\"},\"datePublished\":\"2017-06-06T15:57:24+00:00\",\"dateModified\":\"2022-02-04T11:00:45+00:00\",\"breadcrumb\":{\"@id\":\"https:\/\/www.ionisos.com\/es\/nuestras-actividades\/conservar\/#breadcrumb\"},\"inLanguage\":\"es\",\"potentialAction\":[{\"@type\":\"ReadAction\",\"target\":[\"https:\/\/www.ionisos.com\/es\/nuestras-actividades\/conservar\/\"]}]},{\"@type\":\"BreadcrumbList\",\"@id\":\"https:\/\/www.ionisos.com\/es\/nuestras-actividades\/conservar\/#breadcrumb\",\"itemListElement\":[{\"@type\":\"ListItem\",\"position\":1,\"name\":\"Accueil\",\"item\":\"https:\/\/www.ionisos.com\/es\/\"},{\"@type\":\"ListItem\",\"position\":2,\"name\":\"Nuestras actividades\",\"item\":\"https:\/\/www.ionisos.com\/es\/nuestras-actividades\/\"},{\"@type\":\"ListItem\",\"position\":3,\"name\":\"Conservar\"}]},{\"@type\":\"WebSite\",\"@id\":\"https:\/\/www.ionisos.com\/#website\",\"url\":\"https:\/\/www.ionisos.com\/\",\"name\":\"Ionisos\",\"description\":\"Ionisation par \u00e9lectrons acc\u00e9l\u00e9r\u00e9s, rayons gamma, rayons X et oxyde d&#039;\u00e9thyl\u00e8ne\",\"potentialAction\":[{\"@type\":\"SearchAction\",\"target\":{\"@type\":\"EntryPoint\",\"urlTemplate\":\"https:\/\/www.ionisos.com\/?s={search_term_string}\"},\"query-input\":{\"@type\":\"PropertyValueSpecification\",\"valueRequired\":true,\"valueName\":\"search_term_string\"}}],\"inLanguage\":\"es\"}]}<\/script>\n<!-- \/ Yoast SEO plugin. -->","yoast_head_json":{"title":"Conservar - Ionisos","robots":{"index":"index","follow":"follow","max-snippet":"max-snippet:-1","max-image-preview":"max-image-preview:large","max-video-preview":"max-video-preview:-1"},"canonical":"https:\/\/www.ionisos.com\/es\/nuestras-actividades\/conservar\/","og_locale":"es_ES","og_type":"article","og_title":"Conservar - Ionisos","og_description":"[vc_row bg_image=&#8221;16684&#8243; bg_repeat=&#8221;no-repeat&#8221; text_color=&#8221;light&#8221; text_align=&#8221;center&#8221; top_padding=&#8221;100&#8243; bottom_padding=&#8221;100&#8243;][vc_column width=&#8221;1\/1&#8243;][\/vc_column][\/vc_row][vc_row][vc_column width=&#8221;1\/1&#8243;][vc_column_text] La ionizaci\u00f3n es su seguridad sanitaria para muchos productos agro-alimentarios. [\/vc_column_text][\/vc_column][\/vc_row][vc_row][vc_column width=&#8221;1\/1&#8243;][vc_column_text] IONIZACION AGROALIMENTARIA Los productos ionizados ofrecen una excelente calidad microbiol\u00f3gica que permite una mejor respuesta a las exigencias sanitarias, as\u00ed como una reducci\u00f3n de los controles bacteriol\u00f3gicos a lo largo de la fabricaci\u00f3n. El poder de descontaminaci\u00f3n bacteriana y de desinsectaci\u00f3n de la ionizaci\u00f3n mantiene las propiedades organol\u00e9pticas y nutricionales de los alimentos. La conservaci\u00f3n de alimentos representa el 5% del mercado de Ionisos. [\/vc_column_text][\/vc_column][\/vc_row][vc_row][vc_column width=&#8221;1\/1&#8243;][\/vc_column][\/vc_row][vc_row][vc_column width=&#8221;1\/2&#8243;][\/vc_column][vc_column width=&#8221;1\/2&#8243;][vc_tta_accordion c_align=&#8221;center&#8221; active_section=&#8221;0&#8243;][vc_tta_section title=&#8221;Descubre la lista de los productos alimenticios cuya irradiacion esta permitida en Espana&#8221; tab_id=&#8221;1495540455740-341aa215-a028&#8243;][vc_column_text][\/vc_column_text][\/vc_tta_section][\/vc_tta_accordion][\/vc_column][\/vc_row][vc_row][vc_column width=&#8221;1\/1&#8243;][\/vc_column][\/vc_row][vc_row bg_color=&#8221;#0b2677&#8243; text_color=&#8221;light&#8221; text_align=&#8221;center&#8221; top_padding=&#8221;40&#8243; bottom_padding=&#8221;40&#8243;][vc_column width=&#8221;2\/3&#8243;][vc_column_text] &nbsp; Ionisos tambi\u00e9n ofrece sterilisar y reticular. [\/vc_column_text][\/vc_column][vc_column width=&#8221;1\/3&#8243;][vc_row_inner][vc_column_inner width=&#8221;1\/2&#8243;][\/vc_column_inner][vc_column_inner width=&#8221;1\/2&#8243;][\/vc_column_inner][\/vc_row_inner][\/vc_column][\/vc_row]","og_url":"https:\/\/www.ionisos.com\/es\/nuestras-actividades\/conservar\/","og_site_name":"Ionisos","article_modified_time":"2022-02-04T11:00:45+00:00","twitter_card":"summary_large_image","twitter_misc":{"Tiempo de lectura":"1 minuto"},"schema":{"@context":"https:\/\/schema.org","@graph":[{"@type":"WebPage","@id":"https:\/\/www.ionisos.com\/es\/nuestras-actividades\/conservar\/","url":"https:\/\/www.ionisos.com\/es\/nuestras-actividades\/conservar\/","name":"Conservar - Ionisos","isPartOf":{"@id":"https:\/\/www.ionisos.com\/#website"},"datePublished":"2017-06-06T15:57:24+00:00","dateModified":"2022-02-04T11:00:45+00:00","breadcrumb":{"@id":"https:\/\/www.ionisos.com\/es\/nuestras-actividades\/conservar\/#breadcrumb"},"inLanguage":"es","potentialAction":[{"@type":"ReadAction","target":["https:\/\/www.ionisos.com\/es\/nuestras-actividades\/conservar\/"]}]},{"@type":"BreadcrumbList","@id":"https:\/\/www.ionisos.com\/es\/nuestras-actividades\/conservar\/#breadcrumb","itemListElement":[{"@type":"ListItem","position":1,"name":"Accueil","item":"https:\/\/www.ionisos.com\/es\/"},{"@type":"ListItem","position":2,"name":"Nuestras actividades","item":"https:\/\/www.ionisos.com\/es\/nuestras-actividades\/"},{"@type":"ListItem","position":3,"name":"Conservar"}]},{"@type":"WebSite","@id":"https:\/\/www.ionisos.com\/#website","url":"https:\/\/www.ionisos.com\/","name":"Ionisos","description":"Ionisation par \u00e9lectrons acc\u00e9l\u00e9r\u00e9s, rayons gamma, rayons X et oxyde d&#039;\u00e9thyl\u00e8ne","potentialAction":[{"@type":"SearchAction","target":{"@type":"EntryPoint","urlTemplate":"https:\/\/www.ionisos.com\/?s={search_term_string}"},"query-input":{"@type":"PropertyValueSpecification","valueRequired":true,"valueName":"search_term_string"}}],"inLanguage":"es"}]}},"_links":{"self":[{"href":"https:\/\/www.ionisos.com\/es\/wp-json\/wp\/v2\/pages\/16446","targetHints":{"allow":["GET"]}}],"collection":[{"href":"https:\/\/www.ionisos.com\/es\/wp-json\/wp\/v2\/pages"}],"about":[{"href":"https:\/\/www.ionisos.com\/es\/wp-json\/wp\/v2\/types\/page"}],"author":[{"embeddable":true,"href":"https:\/\/www.ionisos.com\/es\/wp-json\/wp\/v2\/users\/1"}],"replies":[{"embeddable":true,"href":"https:\/\/www.ionisos.com\/es\/wp-json\/wp\/v2\/comments?post=16446"}],"version-history":[{"count":16,"href":"https:\/\/www.ionisos.com\/es\/wp-json\/wp\/v2\/pages\/16446\/revisions"}],"predecessor-version":[{"id":21765,"href":"https:\/\/www.ionisos.com\/es\/wp-json\/wp\/v2\/pages\/16446\/revisions\/21765"}],"up":[{"embeddable":true,"href":"https:\/\/www.ionisos.com\/es\/wp-json\/wp\/v2\/pages\/16443"}],"wp:attachment":[{"href":"https:\/\/www.ionisos.com\/es\/wp-json\/wp\/v2\/media?parent=16446"}],"curies":[{"name":"wp","href":"https:\/\/api.w.org\/{rel}","templated":true}]}}