 {"id":16443,"date":"2017-06-06T17:49:47","date_gmt":"2017-06-06T15:49:47","guid":{"rendered":"https:\/\/www.ionisos.com\/?page_id=16443\/"},"modified":"2025-11-13T16:31:34","modified_gmt":"2025-11-13T15:31:34","slug":"nuestras-actividades","status":"publish","type":"page","link":"https:\/\/www.ionisos.com\/es\/nuestras-actividades\/","title":{"rendered":"Nuestras actividades"},"content":{"rendered":"<p>[vc_row bg_image=&#8221;15566&#8243; bg_repeat=&#8221;no-repeat&#8221; text_color=&#8221;light&#8221; text_align=&#8221;center&#8221; top_padding=&#8221;100&#8243; bottom_padding=&#8221;100&#8243;][vc_column width=&#8221;1\/1&#8243;]<h1 class=\"headline font-special fontsize-xxxl fontweight-inherit lh-inherit align-center transform-uppercase \" style=\"margin: 0;\">Nuestras <strong>actividades<\/strong><\/h1>[\/vc_column][\/vc_row][vc_row][vc_column width=&#8221;1\/1&#8243;]<div class=\"spacer\" style=\"height: 40px;\"><\/div>[\/vc_column][\/vc_row][vc_row bg_position=&#8221;left top&#8221;][vc_column width=&#8221;1\/1&#8243;]<h2 class=\"headline font-special fontsize-m fontweight-600 lh-inherit align-center transform-uppercase \" style=\"margin: 0 0 20px 0;\">Las funciones<\/h2>[vc_row_inner][vc_column_inner width=&#8221;1\/2&#8243;]<div class=\"iconbox  iconbox-style-8 icon-color-greyscale color-dark clearfix\"><h3>Esterilizar<\/h3><i class=\"fa sl-drop boxicon\" style=\"\"><\/i><p><a href=\"\/es\/nuestras-actividades\/esterilizar\/\" target=\"_self\" class=\"button color-1 small \" style=\"border-radius: 2px;\">Saber m\u00e1s<\/a><\/p><\/div>[\/vc_column_inner][vc_column_inner width=&#8221;1\/2&#8243;]<div class=\"iconbox  iconbox-style-8 icon-color-greyscale color-dark clearfix\"><h3>Reticular<\/h3><i class=\"fa sl-layers boxicon\" style=\"\"><\/i><p><a href=\"\/es\/nuestras-actividades\/reticular\/\" target=\"_self\" class=\"button color-1 small \" style=\"border-radius: 2px;\">Saber m\u00e1s<\/a><\/p><\/div>[\/vc_column_inner][\/vc_row_inner][\/vc_column][\/vc_row][vc_row][vc_column width=&#8221;1\/1&#8243;]<div class=\"spacer\" style=\"height: 40px;\"><\/div>[\/vc_column][\/vc_row][vc_row][vc_column width=&#8221;2\/3&#8243;]<h2 class=\"headline font-special fontsize-m fontweight-600 lh-inherit align-left transform-uppercase \" style=\"margin: 0 0 20px 0;\">\u00c1mbitos de aplicaci\u00f3n<\/h2>[vc_column_text]La ionizaci\u00f3n puede utilizarse en <strong>diferentes \u00e1mbitos<\/strong>, para <strong>varios usos<\/strong>.<br \/>\n[\/vc_column_text][vc_tta_accordion style=&#8221;flat&#8221; active_section=&#8221;0&#8243; collapsible_all=&#8221;true&#8221;][vc_tta_section title=&#8221;El \u00e1mbito m\u00e9dico y quir\u00fargico&#8221; tab_id=&#8221;1490695151271-56f9569b-07aa&#8221;][vc_column_text]<\/p>\n<p style=\"text-align: justify;\">La esterilizaci\u00f3n del <strong>material m\u00e9dico-quir\u00fargico de un solo uso<\/strong> y de los <strong>art\u00edculos de laboratorio<\/strong> se realiza a trav\u00e9s de envases herm\u00e9ticos, en la etapa del producto acondicionado sobre paleta.<\/p>\n<p style=\"text-align: justify;\">No deja <strong>ning\u00fan residuo t\u00f3xico en los materiales ionizados<\/strong> y, por lo tanto, permite el uso inmediato del material despu\u00e9s de la esterilizaci\u00f3n.<\/p>\n<p style=\"text-align: justify;\">Con una eficacia reconocida desde principios de los a\u00f1os 50, la ionizaci\u00f3n es el proceso de esterilizaci\u00f3n l\u00edder en los pa\u00edses econ\u00f3micamente desarrollados.<\/p>\n<p>[\/vc_column_text][\/vc_tta_section][vc_tta_section title=&#8221;La farmacia y la cosm\u00e9tica&#8221; tab_id=&#8221;1490695151300-493eb754-19d8&#8243;][vc_column_text]<\/p>\n<p style=\"text-align: justify;\">La ionizaci\u00f3n se aplica a los envases vac\u00edos, a las materias primas, as\u00ed como a los productos terminados.<\/p>\n<p style=\"text-align: justify;\">Se enmarca dentro del <strong>concepto de aseguramiento de la calidad<\/strong>, al igual que los procesos bajo flujo laminar, las operaciones en salas limpias y la automatizaci\u00f3n de los procesos.<\/p>\n<p>[\/vc_column_text][\/vc_tta_section][vc_tta_section title=&#8221;La qu\u00edmica de los pl\u00e1sticos&#8221; tab_id=&#8221;1490695151339-6a8b96a4-75fc&#8221;][vc_column_text]<\/p>\n<p style=\"text-align: justify;\">La ionizaci\u00f3n <strong>mejora las caracter\u00edsticas mec\u00e1nicas de las l\u00e1minas de polietileno<\/strong> y permite, con el mismo rendimiento, <strong>reducir los grosores<\/strong> entre un 40 y un 60 %.<\/p>\n<p style=\"text-align: justify;\">Tambi\u00e9n <strong>ampl\u00eda los rangos de fusi\u00f3n de las l\u00e1minas termorretr\u00e1ctiles<\/strong>. Por lo tanto, el ajuste de las m\u00e1quinas es menos delicado y la calidad de la retracci\u00f3n es mejor.<\/p>\n<p style=\"text-align: justify;\">Se est\u00e1n llevando a cabo varios programas de investigaci\u00f3n para ampliar el campo de aplicaciones de la ionizaci\u00f3n de pol\u00edmeros.<\/p>\n<p>[\/vc_column_text][\/vc_tta_section][\/vc_tta_accordion][\/vc_column][vc_column width=&#8221;1\/3&#8243;]<div class=\"single_image wpb_content_element align-left  animate   \" data-animation=\"fade-in-from-right\" data-delay=\"0\"><img loading=\"lazy\" decoding=\"async\" width=\"800\" height=\"700\" src=\"https:\/\/www.ionisos.com\/wp-content\/uploads\/2017\/03\/Fotolia_92798419_Subscription_Monthly_M-1-1.jpg\" class=\"attachment-full\" alt=\"\" srcset=\"https:\/\/www.ionisos.com\/wp-content\/uploads\/2017\/03\/Fotolia_92798419_Subscription_Monthly_M-1-1.jpg 800w, https:\/\/www.ionisos.com\/wp-content\/uploads\/2017\/03\/Fotolia_92798419_Subscription_Monthly_M-1-1-300x263.jpg 300w, https:\/\/www.ionisos.com\/wp-content\/uploads\/2017\/03\/Fotolia_92798419_Subscription_Monthly_M-1-1-768x672.jpg 768w, https:\/\/www.ionisos.com\/wp-content\/uploads\/2017\/03\/Fotolia_92798419_Subscription_Monthly_M-1-1-200x175.jpg 200w\" sizes=\"auto, (max-width: 800px) 100vw, 800px\" \/><\/div>[\/vc_column][\/vc_row][vc_row][vc_column width=&#8221;1\/1&#8243;]<div class=\"spacer\" style=\"height: 40px;\"><\/div>[\/vc_column][\/vc_row][vc_row bg_color=&#8221;#f4f4f4&#8243; text_align=&#8221;center&#8221; top_padding=&#8221;40&#8243; bottom_padding=&#8221;40&#8243;][vc_column width=&#8221;1\/1&#8243;]<h2 class=\"headline font-special fontsize-m fontweight-600 lh-inherit align-center transform-uppercase \" style=\"margin: 0 0 20px 0;\">Las t\u00e9cnicas<\/h2>[vc_column_text]<a href=\"\/nos-activites\/traitement-beta\/\" target=\"_self\" class=\"button custom medium \" style=\"background-color: #ea5045; border-color: #ea5045;border-radius: 2px;\">Rayos Beta<\/a><a href=\"\/nos-activites\/traitement-gamma\/\" target=\"_self\" class=\"button custom medium \" style=\"background-color: #5996d1; border-color: #5996d1;border-radius: 2px;\">Rayos Gamma<\/a><a href=\"\/nos-activites\/traitement-x-ray\/\" target=\"_self\" class=\"button custom medium \" style=\"background-color: #EF9E1C; border-color: #EF9E1C;border-radius: 2px;\">Rayos X<\/a><a href=\"\/nos-activites\/loxyde-dethylene\/\" target=\"_self\" class=\"button custom medium \" style=\"background-color: #21b3aa; border-color: #21b3aa;border-radius: 2px;\">\u00d3xido de Etileno<\/a>[\/vc_column_text][\/vc_column][\/vc_row][vc_row bg_color=&#8221;#0b2677&#8243; text_color=&#8221;light&#8221; text_align=&#8221;center&#8221; top_padding=&#8221;40&#8243; bottom_padding=&#8221;40&#8243;][vc_column width=&#8221;3\/4&#8243;]<div class=\"spacer\" style=\"height: 5px;\"><\/div>[vc_column_text]<\/p>\n<h3 style=\"text-align: left;\">El grupo Ionisos le propone llevar a cabo en conjunto programas de investigaci\u00f3n y desarrollo.<\/h3>\n<p>[\/vc_column_text][\/vc_column][vc_column width=&#8221;1\/4&#8243;]<a href=\"\/recherche-developpement\/\" target=\"_self\" class=\"button color-8 medium \" style=\"border-radius: 2px;\">Saber m\u00e1s<\/a>[\/vc_column][\/vc_row][vc_row][vc_column width=&#8221;1\/1&#8243;]<div class=\"spacer\" style=\"height: 40px;\"><\/div>[vc_column_text]<\/p>\n<p style=\"text-align: center;\"><span style=\"font-family: Abel; font-size: 25px;\">Con el fin de complementar su actividad de esterilizaci\u00f3n para material m\u00e9dico, productos cosm\u00e9ticos, materias primas farmac\u00e9uticas, envases&#8230; <strong>varios servicios asociados<\/strong> pueden ser organizados por el grupo Ionisos:<\/span><\/p>\n<p>[\/vc_column_text][vc_row_inner][vc_column_inner width=&#8221;1\/2&#8243;]<div class=\"minti_list wpb_content_element color-accent plus\" style=\"padding-left: 10px;\">\n<ul>\n<li>el asesoramiento,<\/li>\n<li>la informaci\u00f3n sobre la legislaci\u00f3n,<\/li>\n<li>el transporte y la distribuci\u00f3n de sus pedidos desde nuestras f\u00e1bricas,<\/li>\n<li>el almacenamiento en fr\u00edo,<\/li>\n<li>los controles microbiol\u00f3gicos.<\/li>\n<\/ul>\n<\/div>[\/vc_column_inner][vc_column_inner width=&#8221;1\/2&#8243;]<div class=\"minti_list wpb_content_element color-accent plus\" style=\"padding-left: 10px;\">\n<ul>\n<li>las pruebas de resistencia,<\/li>\n<li>la validaci\u00f3n del tratamiento,<\/li>\n<li>la calificaci\u00f3n del rendimiento: <a href=\"\/nos-services\/traitement-beta\/\">proceso beta<\/a>, <a href=\"\/nos-services\/traitement-gamma\/\">proceso gamma<\/a>, <a href=\"https:\/\/www.ionisos.com\/es\/nuestras-actividades\/oxido-de-etileno\/\">\u00f3xido de etileno<\/a><\/li>\n<li>la formaci\u00f3n de su personal en nuestras tecnolog\u00edas.<\/li>\n<\/ul>\n<\/div>[\/vc_column_inner][\/vc_row_inner]<div class=\"spacer\" style=\"height: 40px;\"><\/div>[\/vc_column][\/vc_row][vc_row bg_color=&#8221;#f4f4f4&#8243;][vc_column width=&#8221;1\/1&#8243;]<div class=\"spacer\" style=\"height: 40px;\"><\/div>[vc_column_text]<\/p>\n<p style=\"text-align: center;\"><span style=\"font-family: Abel; font-size: 25px;\"><strong>Para cada tratamiento<\/strong> el grupo IONISOS realiza:<\/span><\/p>\n<p>[\/vc_column_text][\/vc_column][\/vc_row][vc_row bg_color=&#8221;#f4f4f4&#8243; top_padding=&#8221;40&#8243; bottom_padding=&#8221;40&#8243;][vc_column width=&#8221;1\/3&#8243;]<div class=\"single_image wpb_content_element align-left  animate   \" data-animation=\"fade-in-from-left\" data-delay=\"0\"><img loading=\"lazy\" decoding=\"async\" width=\"800\" height=\"533\" src=\"https:\/\/www.ionisos.com\/wp-content\/uploads\/2017\/03\/Fotolia_43284149_XL.jpg\" class=\"attachment-full\" alt=\"\" srcset=\"https:\/\/www.ionisos.com\/wp-content\/uploads\/2017\/03\/Fotolia_43284149_XL.jpg 800w, https:\/\/www.ionisos.com\/wp-content\/uploads\/2017\/03\/Fotolia_43284149_XL-300x200.jpg 300w, https:\/\/www.ionisos.com\/wp-content\/uploads\/2017\/03\/Fotolia_43284149_XL-768x512.jpg 768w, https:\/\/www.ionisos.com\/wp-content\/uploads\/2017\/03\/Fotolia_43284149_XL-600x400.jpg 600w, https:\/\/www.ionisos.com\/wp-content\/uploads\/2017\/03\/Fotolia_43284149_XL-200x133.jpg 200w\" sizes=\"auto, (max-width: 800px) 100vw, 800px\" \/><\/div>[\/vc_column][vc_column width=&#8221;2\/3&#8243;]<div class=\"minti_list wpb_content_element color-accent plus\" style=\"padding-left: 10px;\">\n<ul>\n<li>la conducci\u00f3n informatizada del tratamiento, que garantiza la fiabilidad, el seguimiento y la reproducibilidad,<\/li>\n<li>el control de la dosis seg\u00fan las normas y prescripciones vigentes,<\/li>\n<li>un seguimiento documental: emisi\u00f3n de un certificado de tratamiento.<\/li>\n<\/ul>\n<\/div><div class=\"spacer\" style=\"height: 40px;\"><\/div>[\/vc_column][\/vc_row][vc_row bg_color=&#8221;#0b2677&#8243; text_color=&#8221;light&#8221; text_align=&#8221;center&#8221; top_padding=&#8221;40&#8243; bottom_padding=&#8221;40&#8243;][vc_column width=&#8221;3\/4&#8243;]<div class=\"spacer\" style=\"height: 5px;\"><\/div>[vc_column_text]<\/p>\n<h3 style=\"text-align: left;\">\u00bfDesea recurrir a Ionisos para una solicitud de ionizaci\u00f3n?<\/h3>\n<p>[\/vc_column_text][\/vc_column][vc_column width=&#8221;1\/4&#8243;]<a href=\"\/contact\/\" target=\"_self\" class=\"button color-8 medium \" style=\"border-radius: 2px;\">Cont\u00e1ctenos<\/a>[\/vc_column][\/vc_row][vc_row][vc_column width=&#8221;1\/1&#8243;][\/vc_column][\/vc_row]<\/p>\n","protected":false},"excerpt":{"rendered":"<p>[vc_row bg_image=&#8221;15566&#8243; bg_repeat=&#8221;no-repeat&#8221; text_color=&#8221;light&#8221; text_align=&#8221;center&#8221; top_padding=&#8221;100&#8243; bottom_padding=&#8221;100&#8243;][vc_column width=&#8221;1\/1&#8243;][\/vc_column][\/vc_row][vc_row][vc_column width=&#8221;1\/1&#8243;][\/vc_column][\/vc_row][vc_row bg_position=&#8221;left top&#8221;][vc_column width=&#8221;1\/1&#8243;][vc_row_inner][vc_column_inner width=&#8221;1\/2&#8243;][\/vc_column_inner][vc_column_inner width=&#8221;1\/2&#8243;][\/vc_column_inner][\/vc_row_inner][\/vc_column][\/vc_row][vc_row][vc_column width=&#8221;1\/1&#8243;][\/vc_column][\/vc_row][vc_row][vc_column width=&#8221;2\/3&#8243;][vc_column_text]La ionizaci\u00f3n puede utilizarse en diferentes \u00e1mbitos, para varios usos. [\/vc_column_text][vc_tta_accordion style=&#8221;flat&#8221; active_section=&#8221;0&#8243; collapsible_all=&#8221;true&#8221;][vc_tta_section title=&#8221;El \u00e1mbito m\u00e9dico y quir\u00fargico&#8221; tab_id=&#8221;1490695151271-56f9569b-07aa&#8221;][vc_column_text] La esterilizaci\u00f3n del material m\u00e9dico-quir\u00fargico de un solo uso y de los art\u00edculos de laboratorio se realiza a trav\u00e9s de envases herm\u00e9ticos, en la etapa del producto acondicionado sobre paleta. No deja ning\u00fan residuo t\u00f3xico en los materiales ionizados y, por lo tanto, permite el uso inmediato del material despu\u00e9s de la esterilizaci\u00f3n. Con una eficacia reconocida desde principios de los a\u00f1os 50, la ionizaci\u00f3n es el proceso de esterilizaci\u00f3n l\u00edder en los pa\u00edses econ\u00f3micamente desarrollados. [\/vc_column_text][\/vc_tta_section][vc_tta_section title=&#8221;La farmacia y la cosm\u00e9tica&#8221; tab_id=&#8221;1490695151300-493eb754-19d8&#8243;][vc_column_text] La ionizaci\u00f3n se aplica a los envases vac\u00edos, a las materias primas, as\u00ed como a los productos terminados. Se enmarca dentro del concepto de aseguramiento de la calidad, al igual que los procesos bajo flujo laminar, las operaciones en salas limpias y la automatizaci\u00f3n de los procesos. [\/vc_column_text][\/vc_tta_section][vc_tta_section title=&#8221;La qu\u00edmica de los pl\u00e1sticos&#8221; tab_id=&#8221;1490695151339-6a8b96a4-75fc&#8221;][vc_column_text] La ionizaci\u00f3n mejora las caracter\u00edsticas mec\u00e1nicas de las l\u00e1minas de polietileno y permite, con el mismo rendimiento, reducir los grosores entre un 40 y un 60 %. Tambi\u00e9n [&hellip;]<\/p>\n","protected":false},"author":1,"featured_media":0,"parent":0,"menu_order":0,"comment_status":"closed","ping_status":"closed","template":"","meta":{"inline_featured_image":false,"footnotes":""},"class_list":["post-16443","page","type-page","status-publish","hentry"],"yoast_head":"<!-- This site is optimized with the Yoast SEO plugin v26.3 - https:\/\/yoast.com\/wordpress\/plugins\/seo\/ -->\n<title>Nuestras actividades - Ionisos<\/title>\n<meta name=\"description\" content=\"La ionizaci\u00f3n contribuye todos los d\u00edas a proteger su salud y el medio ambiente.\" \/>\n<meta name=\"robots\" content=\"index, follow, max-snippet:-1, max-image-preview:large, max-video-preview:-1\" \/>\n<link rel=\"canonical\" href=\"https:\/\/www.ionisos.com\/es\/nuestras-actividades\/\" \/>\n<meta property=\"og:locale\" content=\"es_ES\" \/>\n<meta property=\"og:type\" content=\"article\" \/>\n<meta property=\"og:title\" content=\"Nuestras actividades - Ionisos\" \/>\n<meta property=\"og:description\" content=\"La ionizaci\u00f3n contribuye todos los d\u00edas a proteger su salud y el medio ambiente.\" \/>\n<meta property=\"og:url\" content=\"https:\/\/www.ionisos.com\/es\/nuestras-actividades\/\" \/>\n<meta property=\"og:site_name\" content=\"Ionisos\" \/>\n<meta property=\"article:modified_time\" content=\"2025-11-13T15:31:34+00:00\" \/>\n<meta name=\"twitter:card\" content=\"summary_large_image\" \/>\n<meta name=\"twitter:label1\" content=\"Tiempo de lectura\" \/>\n\t<meta name=\"twitter:data1\" content=\"4 minutos\" \/>\n<script type=\"application\/ld+json\" class=\"yoast-schema-graph\">{\"@context\":\"https:\/\/schema.org\",\"@graph\":[{\"@type\":\"WebPage\",\"@id\":\"https:\/\/www.ionisos.com\/es\/nuestras-actividades\/\",\"url\":\"https:\/\/www.ionisos.com\/es\/nuestras-actividades\/\",\"name\":\"Nuestras actividades - Ionisos\",\"isPartOf\":{\"@id\":\"https:\/\/www.ionisos.com\/#website\"},\"datePublished\":\"2017-06-06T15:49:47+00:00\",\"dateModified\":\"2025-11-13T15:31:34+00:00\",\"description\":\"La ionizaci\u00f3n contribuye todos los d\u00edas a proteger su salud y el medio ambiente.\",\"breadcrumb\":{\"@id\":\"https:\/\/www.ionisos.com\/es\/nuestras-actividades\/#breadcrumb\"},\"inLanguage\":\"es\",\"potentialAction\":[{\"@type\":\"ReadAction\",\"target\":[\"https:\/\/www.ionisos.com\/es\/nuestras-actividades\/\"]}]},{\"@type\":\"BreadcrumbList\",\"@id\":\"https:\/\/www.ionisos.com\/es\/nuestras-actividades\/#breadcrumb\",\"itemListElement\":[{\"@type\":\"ListItem\",\"position\":1,\"name\":\"Accueil\",\"item\":\"https:\/\/www.ionisos.com\/es\/\"},{\"@type\":\"ListItem\",\"position\":2,\"name\":\"Nuestras actividades\"}]},{\"@type\":\"WebSite\",\"@id\":\"https:\/\/www.ionisos.com\/#website\",\"url\":\"https:\/\/www.ionisos.com\/\",\"name\":\"Ionisos\",\"description\":\"Ionisation par \u00e9lectrons acc\u00e9l\u00e9r\u00e9s, rayons gamma, rayons X et oxyde d&#039;\u00e9thyl\u00e8ne\",\"potentialAction\":[{\"@type\":\"SearchAction\",\"target\":{\"@type\":\"EntryPoint\",\"urlTemplate\":\"https:\/\/www.ionisos.com\/?s={search_term_string}\"},\"query-input\":{\"@type\":\"PropertyValueSpecification\",\"valueRequired\":true,\"valueName\":\"search_term_string\"}}],\"inLanguage\":\"es\"}]}<\/script>\n<!-- \/ Yoast SEO plugin. -->","yoast_head_json":{"title":"Nuestras actividades - Ionisos","description":"La ionizaci\u00f3n contribuye todos los d\u00edas a proteger su salud y el medio ambiente.","robots":{"index":"index","follow":"follow","max-snippet":"max-snippet:-1","max-image-preview":"max-image-preview:large","max-video-preview":"max-video-preview:-1"},"canonical":"https:\/\/www.ionisos.com\/es\/nuestras-actividades\/","og_locale":"es_ES","og_type":"article","og_title":"Nuestras actividades - Ionisos","og_description":"La ionizaci\u00f3n contribuye todos los d\u00edas a proteger su salud y el medio ambiente.","og_url":"https:\/\/www.ionisos.com\/es\/nuestras-actividades\/","og_site_name":"Ionisos","article_modified_time":"2025-11-13T15:31:34+00:00","twitter_card":"summary_large_image","twitter_misc":{"Tiempo de lectura":"4 minutos"},"schema":{"@context":"https:\/\/schema.org","@graph":[{"@type":"WebPage","@id":"https:\/\/www.ionisos.com\/es\/nuestras-actividades\/","url":"https:\/\/www.ionisos.com\/es\/nuestras-actividades\/","name":"Nuestras actividades - Ionisos","isPartOf":{"@id":"https:\/\/www.ionisos.com\/#website"},"datePublished":"2017-06-06T15:49:47+00:00","dateModified":"2025-11-13T15:31:34+00:00","description":"La ionizaci\u00f3n contribuye todos los d\u00edas a proteger su salud y el medio ambiente.","breadcrumb":{"@id":"https:\/\/www.ionisos.com\/es\/nuestras-actividades\/#breadcrumb"},"inLanguage":"es","potentialAction":[{"@type":"ReadAction","target":["https:\/\/www.ionisos.com\/es\/nuestras-actividades\/"]}]},{"@type":"BreadcrumbList","@id":"https:\/\/www.ionisos.com\/es\/nuestras-actividades\/#breadcrumb","itemListElement":[{"@type":"ListItem","position":1,"name":"Accueil","item":"https:\/\/www.ionisos.com\/es\/"},{"@type":"ListItem","position":2,"name":"Nuestras actividades"}]},{"@type":"WebSite","@id":"https:\/\/www.ionisos.com\/#website","url":"https:\/\/www.ionisos.com\/","name":"Ionisos","description":"Ionisation par \u00e9lectrons acc\u00e9l\u00e9r\u00e9s, rayons gamma, rayons X et oxyde d&#039;\u00e9thyl\u00e8ne","potentialAction":[{"@type":"SearchAction","target":{"@type":"EntryPoint","urlTemplate":"https:\/\/www.ionisos.com\/?s={search_term_string}"},"query-input":{"@type":"PropertyValueSpecification","valueRequired":true,"valueName":"search_term_string"}}],"inLanguage":"es"}]}},"_links":{"self":[{"href":"https:\/\/www.ionisos.com\/es\/wp-json\/wp\/v2\/pages\/16443","targetHints":{"allow":["GET"]}}],"collection":[{"href":"https:\/\/www.ionisos.com\/es\/wp-json\/wp\/v2\/pages"}],"about":[{"href":"https:\/\/www.ionisos.com\/es\/wp-json\/wp\/v2\/types\/page"}],"author":[{"embeddable":true,"href":"https:\/\/www.ionisos.com\/es\/wp-json\/wp\/v2\/users\/1"}],"replies":[{"embeddable":true,"href":"https:\/\/www.ionisos.com\/es\/wp-json\/wp\/v2\/comments?post=16443"}],"version-history":[{"count":21,"href":"https:\/\/www.ionisos.com\/es\/wp-json\/wp\/v2\/pages\/16443\/revisions"}],"predecessor-version":[{"id":27605,"href":"https:\/\/www.ionisos.com\/es\/wp-json\/wp\/v2\/pages\/16443\/revisions\/27605"}],"wp:attachment":[{"href":"https:\/\/www.ionisos.com\/es\/wp-json\/wp\/v2\/media?parent=16443"}],"curies":[{"name":"wp","href":"https:\/\/api.w.org\/{rel}","templated":true}]}}