 {"id":16441,"date":"2017-06-06T17:23:16","date_gmt":"2017-06-06T15:23:16","guid":{"rendered":"https:\/\/www.ionisos.com\/?page_id=16441\/"},"modified":"2020-04-23T15:45:35","modified_gmt":"2020-04-23T13:45:35","slug":"investigacion-y-desarrollo","status":"publish","type":"page","link":"https:\/\/www.ionisos.com\/es\/el-grupo\/investigacion-y-desarrollo\/","title":{"rendered":"Investigaci\u00f3n y Desarrollo"},"content":{"rendered":"<p>[vc_row bg_image=&#8221;15563&#8243; bg_repeat=&#8221;no-repeat&#8221; text_color=&#8221;light&#8221; text_align=&#8221;center&#8221; top_padding=&#8221;100&#8243; bottom_padding=&#8221;100&#8243;][vc_column width=&#8221;1\/1&#8243;]<h1 class=\"headline font-special fontsize-xxxl fontweight-inherit lh-inherit align-center transform-uppercase \" style=\"margin: 0;\"><strong>Investigaci\u00f3n<\/strong> y <strong>Desarrollo<\/strong><\/h1>[\/vc_column][\/vc_row][vc_row text_align=&#8221;center&#8221;][vc_column width=&#8221;1\/1&#8243;]<div class=\"spacer\" style=\"height: 40px;\"><\/div>[vc_column_text]<\/p>\n<p style=\"text-align: center;\"><span style=\"font-family: Abel; font-size: 25px;\"><br \/>\nEl servicio de<strong> Investigaci\u00f3n y Desarrollo<\/strong> de Ionisos pone a su disposici\u00f3n sus conocimientos sobre los materiales utilizados en los diferentes campos de aplicaci\u00f3n de las radiaciones ionizantes (esterilizaci\u00f3n, industria, nuclear) y, en particular, en los siguientes temas :<\/span><\/p>\n<p>[\/vc_column_text][\/vc_column][\/vc_row][vc_row top_padding=&#8221;100&#8243; bottom_padding=&#8221;80&#8243; bg_position=&#8221;left top&#8221;][vc_column width=&#8221;1\/3&#8243;]<div class=\"iconbox  wpb_content_element iconbox-style-4 icon-color-accent color-dark clearfix\"><div class=\"iconbox-icon\"><i class=\"fa sl-chemistry boxicon\" style=\"\"><\/i><\/div><div class=\"iconbox-content\"><h3>Compatibilidad de los materiales con las t\u00e9cnicas de esterilizaci\u00f3n<\/h3><p>\n<p style=\"text-align: center;\">El conocimiento previo del comportamiento de las familias de materiales con los diferentes tratamientos de esterilizaci\u00f3n, permite seleccionar el m\u00e9todo apropiado y orientar la elecci\u00f3n de los materiales m\u00e1s adecuados desde el momento del dise\u00f1o de un producto sanitario.<\/p>\n<p style=\"text-align: center;\"><a href=\"\/es\/el-grupo\/investigacion-y-desarrollo\/compatibilidad-de-los-materiales\/\" target=\"_blank\" class=\"button color-4 small \" style=\"border-radius: 2px;\">M\u00e0s informaci\u00f3n <\/a>\n<\/p><\/div><\/div>[\/vc_column][vc_column width=&#8221;1\/3&#8243;]<div class=\"iconbox  wpb_content_element iconbox-style-4 icon-color-accent color-dark clearfix\"><div class=\"iconbox-icon\"><i class=\"fa sl-eye boxicon\" style=\"\"><\/i><\/div><div class=\"iconbox-content\"><h3>Qu\u00edmica de las radiaciones<\/h3><p>\n<p style=\"text-align: center;\">La radiaci\u00f3n ionizante permite la reticulaci\u00f3n de pol\u00edmeros sin la adici\u00f3n de iniciadores qu\u00edmicos o fotoqu\u00edmicos. Esta aplicaci\u00f3n permite la mejora de las propiedades fisicoqu\u00edmicas del material.<\/p>\n<p style=\"text-align: center;\"><a href=\"\/es\/el-grupo\/investigacion-y-desarrollo\/17283-2\/\" target=\"_blank\" class=\"button color-4 small \" style=\"border-radius: 2px;\">M\u00e0s informaci\u00f3n<\/a>\n<\/p><\/div><\/div>[\/vc_column][vc_column width=&#8221;1\/3&#8243;]<div class=\"iconbox  wpb_content_element iconbox-style-4 icon-color-accent color-dark clearfix\"><div class=\"iconbox-icon\"><i class=\"fa sl-globe boxicon\" style=\"\"><\/i><\/div><div class=\"iconbox-content\"><h3>Envejecimiento con radiaciones<\/h3><p>\n<p style=\"text-align: center;\">Nuestras instalaciones permiten realizar ensayos de envejecimiento de los materiales y de los componentes gracias a la radiaci\u00f3n ionizantes. Estos ensayos son muy \u00fatiles en el sector nuclear, aeroespacial o de f\u00edsica nuclear.<\/p>\n<a href=\"\/es\/el-grupo\/investigacion-y-desarrollo\/envejecimiento-radiativo\/\" target=\"_blank\" class=\"button color-4 small \" style=\"border-radius: 2px;\">M\u00e1s informaci\u00f3n <\/a>\n<\/p><\/div><\/div>[\/vc_column][\/vc_row][vc_row][vc_column width=&#8221;1\/1&#8243;]<div class=\"spacer\" style=\"height: 40px;\"><\/div>[\/vc_column][\/vc_row][vc_row bg_color=&#8221;#0b2677&#8243; text_color=&#8221;light&#8221; text_align=&#8221;center&#8221; top_padding=&#8221;40&#8243; bottom_padding=&#8221;40&#8243;][vc_column width=&#8221;3\/4&#8243;]<div class=\"spacer\" style=\"height: 5px;\"><\/div>[vc_column_text]<\/p>\n<h3 style=\"text-align: left;\">Para saber m\u00e1s acerca de nuestros programas de investigaci\u00f3n y desarrollo<\/h3>\n<p>[\/vc_column_text][\/vc_column][vc_column width=&#8221;1\/4&#8243;]<a href=\"\/es\/contact\/\" target=\"_self\" class=\"button color-8 medium \" style=\"border-radius: 2px;\">Contacte con nosotros<\/a>[\/vc_column][\/vc_row]<\/p>\n","protected":false},"excerpt":{"rendered":"<p>[vc_row bg_image=&#8221;15563&#8243; bg_repeat=&#8221;no-repeat&#8221; text_color=&#8221;light&#8221; text_align=&#8221;center&#8221; top_padding=&#8221;100&#8243; bottom_padding=&#8221;100&#8243;][vc_column width=&#8221;1\/1&#8243;][\/vc_column][\/vc_row][vc_row text_align=&#8221;center&#8221;][vc_column width=&#8221;1\/1&#8243;][vc_column_text] El servicio de Investigaci\u00f3n y Desarrollo de Ionisos pone a su disposici\u00f3n sus conocimientos sobre los materiales utilizados en los diferentes campos de aplicaci\u00f3n de las radiaciones ionizantes (esterilizaci\u00f3n, industria, nuclear) y, en particular, en los siguientes temas : [\/vc_column_text][\/vc_column][\/vc_row][vc_row top_padding=&#8221;100&#8243; bottom_padding=&#8221;80&#8243; bg_position=&#8221;left top&#8221;][vc_column width=&#8221;1\/3&#8243;][\/vc_column][vc_column width=&#8221;1\/3&#8243;][\/vc_column][vc_column width=&#8221;1\/3&#8243;][\/vc_column][\/vc_row][vc_row][vc_column width=&#8221;1\/1&#8243;][\/vc_column][\/vc_row][vc_row bg_color=&#8221;#0b2677&#8243; text_color=&#8221;light&#8221; text_align=&#8221;center&#8221; top_padding=&#8221;40&#8243; bottom_padding=&#8221;40&#8243;][vc_column width=&#8221;3\/4&#8243;][vc_column_text] Para saber m\u00e1s acerca de nuestros programas de investigaci\u00f3n y desarrollo [\/vc_column_text][\/vc_column][vc_column width=&#8221;1\/4&#8243;][\/vc_column][\/vc_row]<\/p>\n","protected":false},"author":1,"featured_media":0,"parent":16435,"menu_order":0,"comment_status":"closed","ping_status":"closed","template":"","meta":{"inline_featured_image":false,"footnotes":""},"class_list":["post-16441","page","type-page","status-publish","hentry"],"yoast_head":"<!-- This site is optimized with the Yoast SEO plugin v26.3 - https:\/\/yoast.com\/wordpress\/plugins\/seo\/ -->\n<title>Investigaci\u00f3n y Desarrollo - Ionisos<\/title>\n<meta name=\"robots\" content=\"index, follow, max-snippet:-1, max-image-preview:large, max-video-preview:-1\" \/>\n<link rel=\"canonical\" href=\"https:\/\/www.ionisos.com\/es\/el-grupo\/investigacion-y-desarrollo\/\" \/>\n<meta property=\"og:locale\" content=\"es_ES\" \/>\n<meta property=\"og:type\" content=\"article\" \/>\n<meta property=\"og:title\" content=\"Investigaci\u00f3n y Desarrollo - Ionisos\" \/>\n<meta property=\"og:description\" content=\"[vc_row bg_image=&#8221;15563&#8243; bg_repeat=&#8221;no-repeat&#8221; text_color=&#8221;light&#8221; text_align=&#8221;center&#8221; top_padding=&#8221;100&#8243; bottom_padding=&#8221;100&#8243;][vc_column width=&#8221;1\/1&#8243;][\/vc_column][\/vc_row][vc_row text_align=&#8221;center&#8221;][vc_column width=&#8221;1\/1&#8243;][vc_column_text] El servicio de Investigaci\u00f3n y Desarrollo de Ionisos pone a su disposici\u00f3n sus conocimientos sobre los materiales utilizados en los diferentes campos de aplicaci\u00f3n de las radiaciones ionizantes (esterilizaci\u00f3n, industria, nuclear) y, en particular, en los siguientes temas : [\/vc_column_text][\/vc_column][\/vc_row][vc_row top_padding=&#8221;100&#8243; bottom_padding=&#8221;80&#8243; bg_position=&#8221;left top&#8221;][vc_column width=&#8221;1\/3&#8243;][\/vc_column][vc_column width=&#8221;1\/3&#8243;][\/vc_column][vc_column width=&#8221;1\/3&#8243;][\/vc_column][\/vc_row][vc_row][vc_column width=&#8221;1\/1&#8243;][\/vc_column][\/vc_row][vc_row bg_color=&#8221;#0b2677&#8243; text_color=&#8221;light&#8221; text_align=&#8221;center&#8221; top_padding=&#8221;40&#8243; bottom_padding=&#8221;40&#8243;][vc_column width=&#8221;3\/4&#8243;][vc_column_text] Para saber m\u00e1s acerca de nuestros programas de investigaci\u00f3n y desarrollo [\/vc_column_text][\/vc_column][vc_column width=&#8221;1\/4&#8243;][\/vc_column][\/vc_row]\" \/>\n<meta property=\"og:url\" content=\"https:\/\/www.ionisos.com\/es\/el-grupo\/investigacion-y-desarrollo\/\" \/>\n<meta property=\"og:site_name\" content=\"Ionisos\" \/>\n<meta property=\"article:modified_time\" content=\"2020-04-23T13:45:35+00:00\" \/>\n<meta name=\"twitter:card\" content=\"summary_large_image\" \/>\n<meta name=\"twitter:label1\" content=\"Tiempo de lectura\" \/>\n\t<meta name=\"twitter:data1\" content=\"2 minutos\" \/>\n<script type=\"application\/ld+json\" class=\"yoast-schema-graph\">{\"@context\":\"https:\/\/schema.org\",\"@graph\":[{\"@type\":\"WebPage\",\"@id\":\"https:\/\/www.ionisos.com\/es\/el-grupo\/investigacion-y-desarrollo\/\",\"url\":\"https:\/\/www.ionisos.com\/es\/el-grupo\/investigacion-y-desarrollo\/\",\"name\":\"Investigaci\u00f3n y Desarrollo - Ionisos\",\"isPartOf\":{\"@id\":\"https:\/\/www.ionisos.com\/#website\"},\"datePublished\":\"2017-06-06T15:23:16+00:00\",\"dateModified\":\"2020-04-23T13:45:35+00:00\",\"breadcrumb\":{\"@id\":\"https:\/\/www.ionisos.com\/es\/el-grupo\/investigacion-y-desarrollo\/#breadcrumb\"},\"inLanguage\":\"es\",\"potentialAction\":[{\"@type\":\"ReadAction\",\"target\":[\"https:\/\/www.ionisos.com\/es\/el-grupo\/investigacion-y-desarrollo\/\"]}]},{\"@type\":\"BreadcrumbList\",\"@id\":\"https:\/\/www.ionisos.com\/es\/el-grupo\/investigacion-y-desarrollo\/#breadcrumb\",\"itemListElement\":[{\"@type\":\"ListItem\",\"position\":1,\"name\":\"Accueil\",\"item\":\"https:\/\/www.ionisos.com\/es\/\"},{\"@type\":\"ListItem\",\"position\":2,\"name\":\"El grupo\",\"item\":\"https:\/\/www.ionisos.com\/es\/el-grupo\/\"},{\"@type\":\"ListItem\",\"position\":3,\"name\":\"Investigaci\u00f3n y Desarrollo\"}]},{\"@type\":\"WebSite\",\"@id\":\"https:\/\/www.ionisos.com\/#website\",\"url\":\"https:\/\/www.ionisos.com\/\",\"name\":\"Ionisos\",\"description\":\"Ionisation par \u00e9lectrons acc\u00e9l\u00e9r\u00e9s, rayons gamma, rayons X et oxyde d&#039;\u00e9thyl\u00e8ne\",\"potentialAction\":[{\"@type\":\"SearchAction\",\"target\":{\"@type\":\"EntryPoint\",\"urlTemplate\":\"https:\/\/www.ionisos.com\/?s={search_term_string}\"},\"query-input\":{\"@type\":\"PropertyValueSpecification\",\"valueRequired\":true,\"valueName\":\"search_term_string\"}}],\"inLanguage\":\"es\"}]}<\/script>\n<!-- \/ Yoast SEO plugin. -->","yoast_head_json":{"title":"Investigaci\u00f3n y Desarrollo - Ionisos","robots":{"index":"index","follow":"follow","max-snippet":"max-snippet:-1","max-image-preview":"max-image-preview:large","max-video-preview":"max-video-preview:-1"},"canonical":"https:\/\/www.ionisos.com\/es\/el-grupo\/investigacion-y-desarrollo\/","og_locale":"es_ES","og_type":"article","og_title":"Investigaci\u00f3n y Desarrollo - Ionisos","og_description":"[vc_row bg_image=&#8221;15563&#8243; bg_repeat=&#8221;no-repeat&#8221; text_color=&#8221;light&#8221; text_align=&#8221;center&#8221; top_padding=&#8221;100&#8243; bottom_padding=&#8221;100&#8243;][vc_column width=&#8221;1\/1&#8243;][\/vc_column][\/vc_row][vc_row text_align=&#8221;center&#8221;][vc_column width=&#8221;1\/1&#8243;][vc_column_text] El servicio de Investigaci\u00f3n y Desarrollo de Ionisos pone a su disposici\u00f3n sus conocimientos sobre los materiales utilizados en los diferentes campos de aplicaci\u00f3n de las radiaciones ionizantes (esterilizaci\u00f3n, industria, nuclear) y, en particular, en los siguientes temas : [\/vc_column_text][\/vc_column][\/vc_row][vc_row top_padding=&#8221;100&#8243; bottom_padding=&#8221;80&#8243; bg_position=&#8221;left top&#8221;][vc_column width=&#8221;1\/3&#8243;][\/vc_column][vc_column width=&#8221;1\/3&#8243;][\/vc_column][vc_column width=&#8221;1\/3&#8243;][\/vc_column][\/vc_row][vc_row][vc_column width=&#8221;1\/1&#8243;][\/vc_column][\/vc_row][vc_row bg_color=&#8221;#0b2677&#8243; text_color=&#8221;light&#8221; text_align=&#8221;center&#8221; top_padding=&#8221;40&#8243; bottom_padding=&#8221;40&#8243;][vc_column width=&#8221;3\/4&#8243;][vc_column_text] Para saber m\u00e1s acerca de nuestros programas de investigaci\u00f3n y desarrollo [\/vc_column_text][\/vc_column][vc_column width=&#8221;1\/4&#8243;][\/vc_column][\/vc_row]","og_url":"https:\/\/www.ionisos.com\/es\/el-grupo\/investigacion-y-desarrollo\/","og_site_name":"Ionisos","article_modified_time":"2020-04-23T13:45:35+00:00","twitter_card":"summary_large_image","twitter_misc":{"Tiempo de lectura":"2 minutos"},"schema":{"@context":"https:\/\/schema.org","@graph":[{"@type":"WebPage","@id":"https:\/\/www.ionisos.com\/es\/el-grupo\/investigacion-y-desarrollo\/","url":"https:\/\/www.ionisos.com\/es\/el-grupo\/investigacion-y-desarrollo\/","name":"Investigaci\u00f3n y Desarrollo - Ionisos","isPartOf":{"@id":"https:\/\/www.ionisos.com\/#website"},"datePublished":"2017-06-06T15:23:16+00:00","dateModified":"2020-04-23T13:45:35+00:00","breadcrumb":{"@id":"https:\/\/www.ionisos.com\/es\/el-grupo\/investigacion-y-desarrollo\/#breadcrumb"},"inLanguage":"es","potentialAction":[{"@type":"ReadAction","target":["https:\/\/www.ionisos.com\/es\/el-grupo\/investigacion-y-desarrollo\/"]}]},{"@type":"BreadcrumbList","@id":"https:\/\/www.ionisos.com\/es\/el-grupo\/investigacion-y-desarrollo\/#breadcrumb","itemListElement":[{"@type":"ListItem","position":1,"name":"Accueil","item":"https:\/\/www.ionisos.com\/es\/"},{"@type":"ListItem","position":2,"name":"El grupo","item":"https:\/\/www.ionisos.com\/es\/el-grupo\/"},{"@type":"ListItem","position":3,"name":"Investigaci\u00f3n y Desarrollo"}]},{"@type":"WebSite","@id":"https:\/\/www.ionisos.com\/#website","url":"https:\/\/www.ionisos.com\/","name":"Ionisos","description":"Ionisation par \u00e9lectrons acc\u00e9l\u00e9r\u00e9s, rayons gamma, rayons X et oxyde d&#039;\u00e9thyl\u00e8ne","potentialAction":[{"@type":"SearchAction","target":{"@type":"EntryPoint","urlTemplate":"https:\/\/www.ionisos.com\/?s={search_term_string}"},"query-input":{"@type":"PropertyValueSpecification","valueRequired":true,"valueName":"search_term_string"}}],"inLanguage":"es"}]}},"_links":{"self":[{"href":"https:\/\/www.ionisos.com\/es\/wp-json\/wp\/v2\/pages\/16441","targetHints":{"allow":["GET"]}}],"collection":[{"href":"https:\/\/www.ionisos.com\/es\/wp-json\/wp\/v2\/pages"}],"about":[{"href":"https:\/\/www.ionisos.com\/es\/wp-json\/wp\/v2\/types\/page"}],"author":[{"embeddable":true,"href":"https:\/\/www.ionisos.com\/es\/wp-json\/wp\/v2\/users\/1"}],"replies":[{"embeddable":true,"href":"https:\/\/www.ionisos.com\/es\/wp-json\/wp\/v2\/comments?post=16441"}],"version-history":[{"count":7,"href":"https:\/\/www.ionisos.com\/es\/wp-json\/wp\/v2\/pages\/16441\/revisions"}],"predecessor-version":[{"id":17292,"href":"https:\/\/www.ionisos.com\/es\/wp-json\/wp\/v2\/pages\/16441\/revisions\/17292"}],"up":[{"embeddable":true,"href":"https:\/\/www.ionisos.com\/es\/wp-json\/wp\/v2\/pages\/16435"}],"wp:attachment":[{"href":"https:\/\/www.ionisos.com\/es\/wp-json\/wp\/v2\/media?parent=16441"}],"curies":[{"name":"wp","href":"https:\/\/api.w.org\/{rel}","templated":true}]}}