 {"id":16438,"date":"2017-06-06T17:18:50","date_gmt":"2017-06-06T15:18:50","guid":{"rendered":"https:\/\/www.ionisos.com\/?page_id=16438\/"},"modified":"2025-03-14T16:45:19","modified_gmt":"2025-03-14T15:45:19","slug":"nuestros-sitios","status":"publish","type":"page","link":"https:\/\/www.ionisos.com\/es\/nuestros-sitios\/","title":{"rendered":"Nuestros sitios"},"content":{"rendered":"<p>[vc_row bg_color=&#8221;#bcdcd2&#8243; top_padding=&#8221;100&#8243; bottom_padding=&#8221;50&#8243;][vc_column width=&#8221;3\/5&#8243;][vc_column_text]<\/p>\n<h1><span style=\"color: #153c32; font-size: 40px;\"><strong>NUESTROS SITIOS<\/strong><\/span><\/h1>\n<div style=\"color: #153c32; font-size: 16px;\">\n<p>Nuestra red se extiende por Europa con 12 sitios estrat\u00e9gicamente ubicados en 5 pa\u00edses, incluyendo Francia, Alemania, Espa\u00f1a, Suiza y Estonia.Nuestros equipos, compuestos por 300 profesionales dedicados, trabajan incansablemente para garantizar la calidad y la seguridad de sus dispositivos m\u00e9dicos. Cada sitio est\u00e1 equipado con tecnolog\u00edas de vanguardia, incluyendo rayos gamma, haz de electrones y \u00f3xido de etileno, reflejando nuestro compromiso con la innovaci\u00f3n y la excelencia. Nuestro nuevo sitio en Henriville, Francia, actualmente en construcci\u00f3n, introducir\u00e1 la tecnolog\u00eda de rayos X a nuestro ya rico portafolio.<\/p>\n<p>Descubra m\u00e1s detalles sobre cada uno de nuestros sitios, la tecnolog\u00eda \u00fanica que emplean y sus certificados haciendo clic en la flecha asociada a cada uno.<\/p>\n<\/div>\n<p>[\/vc_column_text]<a href=\"mailto:info@ionisos.com\" target=\"_blank\" class=\"button custom medium \" style=\"background-color: #e69a40; border-color: #e69a40;border-radius: 2px;\"><i class='fa fa-regular fa-envelope'><\/i>Cont\u00e1ctenos<\/a>[\/vc_column][vc_column width=&#8221;2\/5&#8243;][vc_raw_html]PGlmcmFtZSBzcmM9Imh0dHBzOi8vd3d3Lmdvb2dsZS5jb20vbWFwcy9kL3UvMC9lbWJlZD9taWQ9MS1pVGgyZk5rbHlrWGFkN1gtWDZQN3BzRHpqMWw2NFkmYW1wO2VoYmM9MkUzMTJGJmFtcDtub3Byb2Y9MSIgd2lkdGg9IjY0MCIgaGVpZ2h0PSI0ODAiPjwvaWZyYW1lPg==[\/vc_raw_html][\/vc_column][\/vc_row][vc_row][vc_column width=&#8221;1\/1&#8243;]<div class=\"spacer\" style=\"height: 60px;\"><\/div>[\/vc_column][\/vc_row][vc_row][vc_column width=&#8221;1\/5&#8243;][vc_column_text]<span style=\"color: #153c32; font-size: 20px;\"><strong>Bautzen, Alemania<\/strong><\/span><br \/>\n<em><span style=\"color: #ea5045;\">Haz de electrones<\/span><\/em>[\/vc_column_text][\/vc_column][vc_column width=&#8221;1\/5&#8243;]<div class=\"ult-just-icon-wrapper  \"><div class=\"align-icon\" style=\"text-align:center;\">\n<a class=\"aio-tooltip 69ee43e58b8a2\" href = \"https:\/\/www.ionisos.com\/es\/nuestros-sitios\/bautzen\/\"    data-toggle=\"tooltip\" data-placement=\"\" title=\"\"><div class=\"aio-icon none \" data-animation=\"pulse\" data-animation-delay=\"03\" style=\"color:#ea5045;font-size:32px;display:inline-block;\">\n\t<i class=\"Defaults-chevron-right\"><\/i>\n<\/div><\/a><\/div><\/div>[\/vc_column][vc_column width=&#8221;1\/5&#8243;][\/vc_column][vc_column width=&#8221;1\/5&#8243;][vc_column_text]<span style=\"color: #153c32; font-size: 20px;\"><strong>Chaumnesil, Francia<\/strong><\/span><br \/>\n<em><span style=\"color: #ea5045;\">Haz de electrones<\/span><\/em>[\/vc_column_text][\/vc_column][vc_column width=&#8221;1\/5&#8243;]<div class=\"ult-just-icon-wrapper  \"><div class=\"align-icon\" style=\"text-align:center;\">\n<a class=\"aio-tooltip 69ee43e58b903\" href = \"https:\/\/www.ionisos.com\/es\/nuestros-sitios\/chaumesnil\/\"    data-toggle=\"tooltip\" data-placement=\"\" title=\"\"><div class=\"aio-icon none \" data-animation=\"pulse\" data-animation-delay=\"03\" style=\"color:#ea5045;font-size:32px;display:inline-block;\">\n\t<i class=\"Defaults-chevron-right\"><\/i>\n<\/div><\/a><\/div><\/div>[\/vc_column][\/vc_row][vc_row][vc_column width=&#8221;1\/1&#8243;]<div class=\"divider divider1\" style='margin:40px 0 40px 0 !important;'><\/div>[\/vc_column][\/vc_row][vc_row][vc_column width=&#8221;1\/5&#8243;][vc_column_text]<span style=\"color: #153c32; font-size: 20px;\"><strong>Civrieux d&#8217;Azergues, Francia<\/strong><\/span><br \/>\n<em><span style=\"color: #21b3aa;\">\u00d3xido de etileno<\/span><\/em>[\/vc_column_text][\/vc_column][vc_column width=&#8221;1\/5&#8243;]<div class=\"ult-just-icon-wrapper  \"><div class=\"align-icon\" style=\"text-align:center;\">\n<a class=\"aio-tooltip 69ee43e58b973\" href = \"https:\/\/www.ionisos.com\/es\/nuestros-sitios\/civrieux-dazergues\/\"    data-toggle=\"tooltip\" data-placement=\"\" title=\"\"><div class=\"aio-icon none \" data-animation=\"pulse\" data-animation-delay=\"03\" style=\"color:#21b3aa;font-size:32px;display:inline-block;\">\n\t<i class=\"Defaults-chevron-right\"><\/i>\n<\/div><\/a><\/div><\/div>[\/vc_column][vc_column width=&#8221;1\/5&#8243;][\/vc_column][vc_column width=&#8221;1\/5&#8243;][vc_column_text]<span style=\"color: #153c32; font-size: 20px;\"><strong>Cl\u00e9veris, Alemania<\/strong><\/span><br \/>\n<em><span style=\"color: #21b3aa;\">\u00d3xido de etileno<\/span><\/em>[\/vc_column_text][\/vc_column][vc_column width=&#8221;1\/5&#8243;]<div class=\"ult-just-icon-wrapper  \"><div class=\"align-icon\" style=\"text-align:center;\">\n<a class=\"aio-tooltip 69ee43e58b9a0\" href = \"https:\/\/www.ionisos.com\/es\/nuestros-sitios\/cleveris\/\"    data-toggle=\"tooltip\" data-placement=\"\" title=\"\"><div class=\"aio-icon none \" data-animation=\"pulse\" data-animation-delay=\"03\" style=\"color:#21b3aa;font-size:32px;display:inline-block;\">\n\t<i class=\"Defaults-chevron-right\"><\/i>\n<\/div><\/a><\/div><\/div>[\/vc_column][\/vc_row][vc_row][vc_column width=&#8221;1\/1&#8243;]<div class=\"divider divider1\" style='margin:40px 0 40px 0 !important;'><\/div>[\/vc_column][\/vc_row][vc_row][vc_column width=&#8221;1\/5&#8243;][vc_column_text]<span style=\"color: #153c32; font-size: 20px;\"><strong>Dagneux, Francia<\/strong><\/span><br \/>\n<em><span style=\"color: #5996d1;\">Gamma<\/span><\/em>[\/vc_column_text][\/vc_column][vc_column width=&#8221;1\/5&#8243;]<div class=\"ult-just-icon-wrapper  \"><div class=\"align-icon\" style=\"text-align:center;\">\n<a class=\"aio-tooltip 69ee43e58b9eb\" href = \"https:\/\/www.ionisos.com\/es\/nuestros-sitios\/dagneux\/\"    data-toggle=\"tooltip\" data-placement=\"\" title=\"\"><div class=\"aio-icon none \" data-animation=\"pulse\" data-animation-delay=\"03\" style=\"color:#5996d1;font-size:32px;display:inline-block;\">\n\t<i class=\"Defaults-chevron-right\"><\/i>\n<\/div><\/a><\/div><\/div>[\/vc_column][vc_column width=&#8221;1\/5&#8243;][\/vc_column][vc_column width=&#8221;1\/5&#8243;][vc_column_text]<span style=\"color: #153c32; font-size: 20px;\"><strong>D\u00e4niken, Suiza<\/strong><\/span><br \/>\n<em><span style=\"color: #ea5045;\">Haz de electrones<\/span><\/em>[\/vc_column_text][\/vc_column][vc_column width=&#8221;1\/5&#8243;]<div class=\"ult-just-icon-wrapper  \"><div class=\"align-icon\" style=\"text-align:center;\">\n<a class=\"aio-tooltip 69ee43e58ba12\" href = \"https:\/\/www.ionisos.com\/es\/nuestros-sitios\/daniken\/\"    data-toggle=\"tooltip\" data-placement=\"\" title=\"\"><div class=\"aio-icon none \" data-animation=\"pulse\" data-animation-delay=\"03\" style=\"color:#ea5045;font-size:32px;display:inline-block;\">\n\t<i class=\"Defaults-chevron-right\"><\/i>\n<\/div><\/a><\/div><\/div>[\/vc_column][\/vc_row][vc_row][vc_column width=&#8221;1\/1&#8243;]<div class=\"divider divider1\" style='margin:40px 0 40px 0 !important;'><\/div>[\/vc_column][\/vc_row][vc_row][vc_column width=&#8221;1\/5&#8243;][vc_column_text]<span style=\"color: #153c32; font-size: 20px;\"><strong>Gien, Francia<\/strong><\/span><br \/>\n<em><span style=\"color: #21b3aa;\">\u00d3xido de etileno<\/span><\/em>[\/vc_column_text][\/vc_column][vc_column width=&#8221;1\/5&#8243;]<div class=\"ult-just-icon-wrapper  \"><div class=\"align-icon\" style=\"text-align:center;\">\n<a class=\"aio-tooltip 69ee43e58ba5c\" href = \"https:\/\/www.ionisos.com\/es\/nuestros-sitios\/gien\/\"    data-toggle=\"tooltip\" data-placement=\"\" title=\"\"><div class=\"aio-icon none \" data-animation=\"pulse\" data-animation-delay=\"03\" style=\"color:#21b3aa;font-size:32px;display:inline-block;\">\n\t<i class=\"Defaults-chevron-right\"><\/i>\n<\/div><\/a><\/div><\/div>[\/vc_column][vc_column width=&#8221;1\/5&#8243;][\/vc_column][vc_column width=&#8221;1\/5&#8243;][vc_column_text]<span style=\"color: #153c32; font-size: 20px;\"><strong>Pouzauges, Francia<\/strong><\/span><br \/>\n<em><span style=\"color: #5996d1;\">Gamma<\/span><\/em>[\/vc_column_text][\/vc_column][vc_column width=&#8221;1\/5&#8243;]<div class=\"ult-just-icon-wrapper  \"><div class=\"align-icon\" style=\"text-align:center;\">\n<a class=\"aio-tooltip 69ee43e58ba82\" href = \"https:\/\/www.ionisos.com\/es\/nuestros-sitios\/pouzauges\/\"    data-toggle=\"tooltip\" data-placement=\"\" title=\"\"><div class=\"aio-icon none \" data-animation=\"pulse\" data-animation-delay=\"03\" style=\"color:#5996d1;font-size:32px;display:inline-block;\">\n\t<i class=\"Defaults-chevron-right\"><\/i>\n<\/div><\/a><\/div><\/div>[\/vc_column][\/vc_row][vc_row][vc_column width=&#8221;1\/1&#8243;]<div class=\"divider divider1\" style='margin:40px 0 40px 0 !important;'><\/div>[\/vc_column][\/vc_row][vc_row][vc_column width=&#8221;1\/5&#8243;][vc_column_text]<span style=\"color: #153c32; font-size: 20px;\"><strong>Sabl\u00e9-sur-Sarthe, Francia<\/strong><\/span><br \/>\n<em><span style=\"color: #5996d1;\">Gamma<\/span><\/em>[\/vc_column_text][\/vc_column][vc_column width=&#8221;1\/5&#8243;]<div class=\"ult-just-icon-wrapper  \"><div class=\"align-icon\" style=\"text-align:center;\">\n<a class=\"aio-tooltip 69ee43e58bac5\" href = \"https:\/\/www.ionisos.com\/es\/nuestros-sitios\/sable-sur-sarthe\/\"    data-toggle=\"tooltip\" data-placement=\"\" title=\"\"><div class=\"aio-icon none \" data-animation=\"pulse\" data-animation-delay=\"03\" style=\"color:#5996d1;font-size:32px;display:inline-block;\">\n\t<i class=\"Defaults-chevron-right\"><\/i>\n<\/div><\/a><\/div><\/div>[\/vc_column][vc_column width=&#8221;1\/5&#8243;][\/vc_column][vc_column width=&#8221;1\/5&#8243;][vc_column_text]<span style=\"color: #153c32; font-size: 20px;\"><strong>Tallinn, Estonia<\/strong><\/span><br \/>\n<em><span style=\"color: #5996d1;\">Gamma<\/span><\/em>[\/vc_column_text][\/vc_column][vc_column width=&#8221;1\/5&#8243;]<div class=\"ult-just-icon-wrapper  \"><div class=\"align-icon\" style=\"text-align:center;\">\n<a class=\"aio-tooltip 69ee43e58bae7\" href = \"https:\/\/www.ionisos.com\/es\/nuestros-sitios\/tallinn\/\"    data-toggle=\"tooltip\" data-placement=\"\" title=\"\"><div class=\"aio-icon none \" data-animation=\"pulse\" data-animation-delay=\"03\" style=\"color:#5996d1;font-size:32px;display:inline-block;\">\n\t<i class=\"Defaults-chevron-right\"><\/i>\n<\/div><\/a><\/div><\/div>[\/vc_column][\/vc_row][vc_row][vc_column width=&#8221;1\/1&#8243;]<div class=\"divider divider1\" style='margin:40px 0 40px 0 !important;'><\/div>[\/vc_column][\/vc_row][vc_row][vc_column width=&#8221;1\/5&#8243;][vc_column_text]<span style=\"color: #153c32; font-size: 20px;\"><strong>Taranc\u00f3n, Espa\u00f1a<\/strong><\/span><br \/>\n<em><span style=\"color: #ea5045;\">Haz de electrones<\/span><\/em>[\/vc_column_text][\/vc_column][vc_column width=&#8221;1\/5&#8243;]<div class=\"ult-just-icon-wrapper  \"><div class=\"align-icon\" style=\"text-align:center;\">\n<a class=\"aio-tooltip 69ee43e58bb23\" href = \"https:\/\/www.ionisos.com\/es\/nuestros-sitios\/tarancon\/\"    data-toggle=\"tooltip\" data-placement=\"\" title=\"\"><div class=\"aio-icon none \" data-animation=\"pulse\" data-animation-delay=\"03\" style=\"color:#ea5045;font-size:32px;display:inline-block;\">\n\t<i class=\"Defaults-chevron-right\"><\/i>\n<\/div><\/a><\/div><\/div>[\/vc_column][vc_column width=&#8221;1\/5&#8243;][\/vc_column][vc_column width=&#8221;1\/5&#8243;][vc_column_text]<span style=\"color: #153c32; font-size: 20px;\"><strong>Henriville, Francia<\/strong><\/span><br \/>\n<em><span style=\"color: #ef9e1c;\">Rayos X<\/span><\/em><br \/>\n<em>En construcci\u00f3n<\/em>[\/vc_column_text][\/vc_column][vc_column width=&#8221;1\/5&#8243;][\/vc_column][\/vc_row][vc_row][vc_column width=&#8221;1\/1&#8243;]<div class=\"spacer\" style=\"height: 40px;\"><\/div>[\/vc_column][\/vc_row]<\/p>\n","protected":false},"excerpt":{"rendered":"<p>[vc_row bg_color=&#8221;#bcdcd2&#8243; top_padding=&#8221;100&#8243; bottom_padding=&#8221;50&#8243;][vc_column width=&#8221;3\/5&#8243;][vc_column_text] NUESTROS SITIOS Nuestra red se extiende por Europa con 12 sitios estrat\u00e9gicamente ubicados en 5 pa\u00edses, incluyendo Francia, Alemania, Espa\u00f1a, Suiza y Estonia.Nuestros equipos, compuestos por 300 profesionales dedicados, trabajan incansablemente para garantizar la calidad y la seguridad de sus dispositivos m\u00e9dicos. Cada sitio est\u00e1 equipado con tecnolog\u00edas de vanguardia, incluyendo rayos gamma, haz de electrones y \u00f3xido de etileno, reflejando nuestro compromiso con la innovaci\u00f3n y la excelencia. Nuestro nuevo sitio en Henriville, Francia, actualmente en construcci\u00f3n, introducir\u00e1 la tecnolog\u00eda de rayos X a nuestro ya rico portafolio. Descubra m\u00e1s detalles sobre cada uno de nuestros sitios, la tecnolog\u00eda \u00fanica que emplean y sus certificados haciendo clic en la flecha asociada a cada uno. [\/vc_column_text][\/vc_column][vc_column width=&#8221;2\/5&#8243;][vc_raw_html]PGlmcmFtZSBzcmM9Imh0dHBzOi8vd3d3Lmdvb2dsZS5jb20vbWFwcy9kL3UvMC9lbWJlZD9taWQ9MS1pVGgyZk5rbHlrWGFkN1gtWDZQN3BzRHpqMWw2NFkmYW1wO2VoYmM9MkUzMTJGJmFtcDtub3Byb2Y9MSIgd2lkdGg9IjY0MCIgaGVpZ2h0PSI0ODAiPjwvaWZyYW1lPg==[\/vc_raw_html][\/vc_column][\/vc_row][vc_row][vc_column width=&#8221;1\/1&#8243;][\/vc_column][\/vc_row][vc_row][vc_column width=&#8221;1\/5&#8243;][vc_column_text]Bautzen, Alemania Haz de electrones[\/vc_column_text][\/vc_column][vc_column width=&#8221;1\/5&#8243;][\/vc_column][vc_column width=&#8221;1\/5&#8243;][\/vc_column][vc_column width=&#8221;1\/5&#8243;][vc_column_text]Chaumnesil, Francia Haz de electrones[\/vc_column_text][\/vc_column][vc_column width=&#8221;1\/5&#8243;][\/vc_column][\/vc_row][vc_row][vc_column width=&#8221;1\/1&#8243;][\/vc_column][\/vc_row][vc_row][vc_column width=&#8221;1\/5&#8243;][vc_column_text]Civrieux d&#8217;Azergues, Francia \u00d3xido de etileno[\/vc_column_text][\/vc_column][vc_column width=&#8221;1\/5&#8243;][\/vc_column][vc_column width=&#8221;1\/5&#8243;][\/vc_column][vc_column width=&#8221;1\/5&#8243;][vc_column_text]Cl\u00e9veris, Alemania \u00d3xido de etileno[\/vc_column_text][\/vc_column][vc_column width=&#8221;1\/5&#8243;][\/vc_column][\/vc_row][vc_row][vc_column width=&#8221;1\/1&#8243;][\/vc_column][\/vc_row][vc_row][vc_column width=&#8221;1\/5&#8243;][vc_column_text]Dagneux, Francia Gamma[\/vc_column_text][\/vc_column][vc_column width=&#8221;1\/5&#8243;][\/vc_column][vc_column width=&#8221;1\/5&#8243;][\/vc_column][vc_column width=&#8221;1\/5&#8243;][vc_column_text]D\u00e4niken, Suiza Haz de electrones[\/vc_column_text][\/vc_column][vc_column width=&#8221;1\/5&#8243;][\/vc_column][\/vc_row][vc_row][vc_column width=&#8221;1\/1&#8243;][\/vc_column][\/vc_row][vc_row][vc_column width=&#8221;1\/5&#8243;][vc_column_text]Gien, Francia \u00d3xido de etileno[\/vc_column_text][\/vc_column][vc_column width=&#8221;1\/5&#8243;][\/vc_column][vc_column width=&#8221;1\/5&#8243;][\/vc_column][vc_column width=&#8221;1\/5&#8243;][vc_column_text]Pouzauges, Francia Gamma[\/vc_column_text][\/vc_column][vc_column width=&#8221;1\/5&#8243;][\/vc_column][\/vc_row][vc_row][vc_column width=&#8221;1\/1&#8243;][\/vc_column][\/vc_row][vc_row][vc_column width=&#8221;1\/5&#8243;][vc_column_text]Sabl\u00e9-sur-Sarthe, Francia Gamma[\/vc_column_text][\/vc_column][vc_column width=&#8221;1\/5&#8243;][\/vc_column][vc_column width=&#8221;1\/5&#8243;][\/vc_column][vc_column width=&#8221;1\/5&#8243;][vc_column_text]Tallinn, Estonia Gamma[\/vc_column_text][\/vc_column][vc_column width=&#8221;1\/5&#8243;][\/vc_column][\/vc_row][vc_row][vc_column width=&#8221;1\/1&#8243;][\/vc_column][\/vc_row][vc_row][vc_column width=&#8221;1\/5&#8243;][vc_column_text]Taranc\u00f3n, Espa\u00f1a Haz de electrones[\/vc_column_text][\/vc_column][vc_column width=&#8221;1\/5&#8243;][\/vc_column][vc_column width=&#8221;1\/5&#8243;][\/vc_column][vc_column width=&#8221;1\/5&#8243;][vc_column_text]Henriville, Francia Rayos X En construcci\u00f3n[\/vc_column_text][\/vc_column][vc_column width=&#8221;1\/5&#8243;][\/vc_column][\/vc_row][vc_row][vc_column [&hellip;]<\/p>\n","protected":false},"author":1,"featured_media":21474,"parent":0,"menu_order":0,"comment_status":"closed","ping_status":"closed","template":"","meta":{"inline_featured_image":false,"footnotes":""},"class_list":["post-16438","page","type-page","status-publish","has-post-thumbnail","hentry"],"yoast_head":"<!-- This site is optimized with the Yoast SEO plugin v26.3 - https:\/\/yoast.com\/wordpress\/plugins\/seo\/ -->\n<title>Nuestros sitios - Ionisos<\/title>\n<meta name=\"description\" content=\"El grupo IONISOS cuenta con cuatro tecnolog\u00edas, distribuidas en 11 sitios industriales en Francia, Espa\u00f1a, Alemania, Estonia y Suiza.\" \/>\n<meta name=\"robots\" content=\"index, follow, max-snippet:-1, max-image-preview:large, max-video-preview:-1\" \/>\n<link rel=\"canonical\" href=\"https:\/\/www.ionisos.com\/es\/nuestros-sitios\/\" \/>\n<meta property=\"og:locale\" content=\"es_ES\" \/>\n<meta property=\"og:type\" content=\"article\" \/>\n<meta property=\"og:title\" content=\"Nuestros sitios - Ionisos\" \/>\n<meta property=\"og:description\" content=\"El grupo IONISOS cuenta con cuatro tecnolog\u00edas, distribuidas en 11 sitios industriales en Francia, Espa\u00f1a, Alemania, Estonia y Suiza.\" \/>\n<meta property=\"og:url\" content=\"https:\/\/www.ionisos.com\/es\/nuestros-sitios\/\" \/>\n<meta property=\"og:site_name\" content=\"Ionisos\" \/>\n<meta property=\"article:modified_time\" content=\"2025-03-14T15:45:19+00:00\" \/>\n<meta property=\"og:image\" content=\"https:\/\/www.ionisos.com\/wp-content\/uploads\/2021\/03\/exterieur-IONISOS-reduit-2.jpg\" \/>\n\t<meta property=\"og:image:width\" content=\"892\" \/>\n\t<meta property=\"og:image:height\" content=\"647\" \/>\n\t<meta property=\"og:image:type\" content=\"image\/jpeg\" \/>\n<meta name=\"twitter:card\" content=\"summary_large_image\" \/>\n<meta name=\"twitter:label1\" content=\"Tiempo de lectura\" \/>\n\t<meta name=\"twitter:data1\" content=\"2 minutos\" \/>\n<script type=\"application\/ld+json\" class=\"yoast-schema-graph\">{\"@context\":\"https:\/\/schema.org\",\"@graph\":[{\"@type\":\"WebPage\",\"@id\":\"https:\/\/www.ionisos.com\/es\/nuestros-sitios\/\",\"url\":\"https:\/\/www.ionisos.com\/es\/nuestros-sitios\/\",\"name\":\"Nuestros sitios - Ionisos\",\"isPartOf\":{\"@id\":\"https:\/\/www.ionisos.com\/#website\"},\"primaryImageOfPage\":{\"@id\":\"https:\/\/www.ionisos.com\/es\/nuestros-sitios\/#primaryimage\"},\"image\":{\"@id\":\"https:\/\/www.ionisos.com\/es\/nuestros-sitios\/#primaryimage\"},\"thumbnailUrl\":\"https:\/\/www.ionisos.com\/wp-content\/uploads\/2021\/03\/exterieur-IONISOS-reduit-2.jpg\",\"datePublished\":\"2017-06-06T15:18:50+00:00\",\"dateModified\":\"2025-03-14T15:45:19+00:00\",\"description\":\"El grupo IONISOS cuenta con cuatro tecnolog\u00edas, distribuidas en 11 sitios industriales en Francia, Espa\u00f1a, Alemania, Estonia y Suiza.\",\"breadcrumb\":{\"@id\":\"https:\/\/www.ionisos.com\/es\/nuestros-sitios\/#breadcrumb\"},\"inLanguage\":\"es\",\"potentialAction\":[{\"@type\":\"ReadAction\",\"target\":[\"https:\/\/www.ionisos.com\/es\/nuestros-sitios\/\"]}]},{\"@type\":\"ImageObject\",\"inLanguage\":\"es\",\"@id\":\"https:\/\/www.ionisos.com\/es\/nuestros-sitios\/#primaryimage\",\"url\":\"https:\/\/www.ionisos.com\/wp-content\/uploads\/2021\/03\/exterieur-IONISOS-reduit-2.jpg\",\"contentUrl\":\"https:\/\/www.ionisos.com\/wp-content\/uploads\/2021\/03\/exterieur-IONISOS-reduit-2.jpg\",\"width\":892,\"height\":647},{\"@type\":\"BreadcrumbList\",\"@id\":\"https:\/\/www.ionisos.com\/es\/nuestros-sitios\/#breadcrumb\",\"itemListElement\":[{\"@type\":\"ListItem\",\"position\":1,\"name\":\"Accueil\",\"item\":\"https:\/\/www.ionisos.com\/es\/\"},{\"@type\":\"ListItem\",\"position\":2,\"name\":\"Nuestros sitios\"}]},{\"@type\":\"WebSite\",\"@id\":\"https:\/\/www.ionisos.com\/#website\",\"url\":\"https:\/\/www.ionisos.com\/\",\"name\":\"Ionisos\",\"description\":\"Ionisation par \u00e9lectrons acc\u00e9l\u00e9r\u00e9s, rayons gamma, rayons X et oxyde d&#039;\u00e9thyl\u00e8ne\",\"potentialAction\":[{\"@type\":\"SearchAction\",\"target\":{\"@type\":\"EntryPoint\",\"urlTemplate\":\"https:\/\/www.ionisos.com\/?s={search_term_string}\"},\"query-input\":{\"@type\":\"PropertyValueSpecification\",\"valueRequired\":true,\"valueName\":\"search_term_string\"}}],\"inLanguage\":\"es\"}]}<\/script>\n<!-- \/ Yoast SEO plugin. -->","yoast_head_json":{"title":"Nuestros sitios - Ionisos","description":"El grupo IONISOS cuenta con cuatro tecnolog\u00edas, distribuidas en 11 sitios industriales en Francia, Espa\u00f1a, Alemania, Estonia y Suiza.","robots":{"index":"index","follow":"follow","max-snippet":"max-snippet:-1","max-image-preview":"max-image-preview:large","max-video-preview":"max-video-preview:-1"},"canonical":"https:\/\/www.ionisos.com\/es\/nuestros-sitios\/","og_locale":"es_ES","og_type":"article","og_title":"Nuestros sitios - Ionisos","og_description":"El grupo IONISOS cuenta con cuatro tecnolog\u00edas, distribuidas en 11 sitios industriales en Francia, Espa\u00f1a, Alemania, Estonia y Suiza.","og_url":"https:\/\/www.ionisos.com\/es\/nuestros-sitios\/","og_site_name":"Ionisos","article_modified_time":"2025-03-14T15:45:19+00:00","og_image":[{"width":892,"height":647,"url":"https:\/\/www.ionisos.com\/wp-content\/uploads\/2021\/03\/exterieur-IONISOS-reduit-2.jpg","type":"image\/jpeg"}],"twitter_card":"summary_large_image","twitter_misc":{"Tiempo de lectura":"2 minutos"},"schema":{"@context":"https:\/\/schema.org","@graph":[{"@type":"WebPage","@id":"https:\/\/www.ionisos.com\/es\/nuestros-sitios\/","url":"https:\/\/www.ionisos.com\/es\/nuestros-sitios\/","name":"Nuestros sitios - Ionisos","isPartOf":{"@id":"https:\/\/www.ionisos.com\/#website"},"primaryImageOfPage":{"@id":"https:\/\/www.ionisos.com\/es\/nuestros-sitios\/#primaryimage"},"image":{"@id":"https:\/\/www.ionisos.com\/es\/nuestros-sitios\/#primaryimage"},"thumbnailUrl":"https:\/\/www.ionisos.com\/wp-content\/uploads\/2021\/03\/exterieur-IONISOS-reduit-2.jpg","datePublished":"2017-06-06T15:18:50+00:00","dateModified":"2025-03-14T15:45:19+00:00","description":"El grupo IONISOS cuenta con cuatro tecnolog\u00edas, distribuidas en 11 sitios industriales en Francia, Espa\u00f1a, Alemania, Estonia y Suiza.","breadcrumb":{"@id":"https:\/\/www.ionisos.com\/es\/nuestros-sitios\/#breadcrumb"},"inLanguage":"es","potentialAction":[{"@type":"ReadAction","target":["https:\/\/www.ionisos.com\/es\/nuestros-sitios\/"]}]},{"@type":"ImageObject","inLanguage":"es","@id":"https:\/\/www.ionisos.com\/es\/nuestros-sitios\/#primaryimage","url":"https:\/\/www.ionisos.com\/wp-content\/uploads\/2021\/03\/exterieur-IONISOS-reduit-2.jpg","contentUrl":"https:\/\/www.ionisos.com\/wp-content\/uploads\/2021\/03\/exterieur-IONISOS-reduit-2.jpg","width":892,"height":647},{"@type":"BreadcrumbList","@id":"https:\/\/www.ionisos.com\/es\/nuestros-sitios\/#breadcrumb","itemListElement":[{"@type":"ListItem","position":1,"name":"Accueil","item":"https:\/\/www.ionisos.com\/es\/"},{"@type":"ListItem","position":2,"name":"Nuestros sitios"}]},{"@type":"WebSite","@id":"https:\/\/www.ionisos.com\/#website","url":"https:\/\/www.ionisos.com\/","name":"Ionisos","description":"Ionisation par \u00e9lectrons acc\u00e9l\u00e9r\u00e9s, rayons gamma, rayons X et oxyde d&#039;\u00e9thyl\u00e8ne","potentialAction":[{"@type":"SearchAction","target":{"@type":"EntryPoint","urlTemplate":"https:\/\/www.ionisos.com\/?s={search_term_string}"},"query-input":{"@type":"PropertyValueSpecification","valueRequired":true,"valueName":"search_term_string"}}],"inLanguage":"es"}]}},"_links":{"self":[{"href":"https:\/\/www.ionisos.com\/es\/wp-json\/wp\/v2\/pages\/16438","targetHints":{"allow":["GET"]}}],"collection":[{"href":"https:\/\/www.ionisos.com\/es\/wp-json\/wp\/v2\/pages"}],"about":[{"href":"https:\/\/www.ionisos.com\/es\/wp-json\/wp\/v2\/types\/page"}],"author":[{"embeddable":true,"href":"https:\/\/www.ionisos.com\/es\/wp-json\/wp\/v2\/users\/1"}],"replies":[{"embeddable":true,"href":"https:\/\/www.ionisos.com\/es\/wp-json\/wp\/v2\/comments?post=16438"}],"version-history":[{"count":22,"href":"https:\/\/www.ionisos.com\/es\/wp-json\/wp\/v2\/pages\/16438\/revisions"}],"predecessor-version":[{"id":26394,"href":"https:\/\/www.ionisos.com\/es\/wp-json\/wp\/v2\/pages\/16438\/revisions\/26394"}],"wp:featuredmedia":[{"embeddable":true,"href":"https:\/\/www.ionisos.com\/es\/wp-json\/wp\/v2\/media\/21474"}],"wp:attachment":[{"href":"https:\/\/www.ionisos.com\/es\/wp-json\/wp\/v2\/media?parent=16438"}],"curies":[{"name":"wp","href":"https:\/\/api.w.org\/{rel}","templated":true}]}}