 {"id":16011,"date":"2017-05-16T14:22:04","date_gmt":"2017-05-16T12:22:04","guid":{"rendered":"https:\/\/www.ionisos.com\/?page_id=16011\/"},"modified":"2020-04-24T15:27:56","modified_gmt":"2020-04-24T13:27:56","slug":"tratamiento-beta","status":"publish","type":"page","link":"https:\/\/www.ionisos.com\/es\/nuestras-actividades\/tratamiento-beta\/","title":{"rendered":"Tratamiento por Radiaci\u00f3n Beta"},"content":{"rendered":"<p>[vc_row bg_image=&#8221;15629&#8243; bg_repeat=&#8221;no-repeat&#8221; text_color=&#8221;light&#8221; text_align=&#8221;center&#8221; top_padding=&#8221;100&#8243; bottom_padding=&#8221;100&#8243;][vc_column width=&#8221;1\/1&#8243;]<h1 class=\"headline font-special fontsize-xxxl fontweight-inherit lh-inherit align-center transform-uppercase \" style=\"margin: 0;\">Tratamiento por Radiaci\u00f3n <strong>Beta<\/strong><\/h1>[\/vc_column][\/vc_row][vc_row][vc_column width=&#8221;1\/1&#8243;]<div class=\"spacer\" style=\"height: 40px;\"><\/div>[vc_column_text]<\/p>\n<p style=\"text-align: center;\"><span style=\"font-family: Abel; font-size: 25px;\">El producto se coloca en bandejas de ionizaci\u00f3n de dimensiones 100 x 120 cm y se mueven sobre un transportador que transcurre dentro de una celda de irradiaci\u00f3n hasta la zona de tratamiento. En este punto, el producto es sometido durante unos segundos al impacto de los electrones generados por el acelerador de electrones. Los par\u00e1metros de tratamiento ser\u00e1n \u00fanicos para cada producto y se definen en una etapa previa denominada cualificaci\u00f3n del comportamiento funcional.<br \/>\n<\/span><\/p>\n<p>[\/vc_column_text]<div class=\"spacer\" style=\"height: 40px;\"><\/div>[\/vc_column][\/vc_row][vc_row][vc_column width=&#8221;1\/2&#8243;]<div class=\"flexslider wpb_content_element\"><ul class=\"slides\"><li><img decoding=\"async\" src=\"https:\/\/www.ionisos.com\/wp-content\/uploads\/2017\/03\/123-2326_IMG-1.jpg\" alt=\"\" \/><\/li><li><img decoding=\"async\" src=\"https:\/\/www.ionisos.com\/wp-content\/uploads\/2017\/03\/123-2325_IMG.jpg\" alt=\"\" \/><\/li><li><img decoding=\"async\" src=\"https:\/\/www.ionisos.com\/wp-content\/uploads\/2017\/03\/IMG_0004.jpg\" alt=\"\" \/><\/li><li><img decoding=\"async\" src=\"https:\/\/www.ionisos.com\/wp-content\/uploads\/2017\/03\/DSC00033.jpg\" alt=\"\" \/><\/li><li><img decoding=\"async\" src=\"https:\/\/www.ionisos.com\/wp-content\/uploads\/2017\/03\/Stand-2014.jpg\" alt=\"\" \/><\/li><\/ul><\/div>[\/vc_column][vc_column width=&#8221;1\/2&#8243;][vc_column_text]Los electrones generados por el acelerador tienen una energ\u00eda de<strong> 9,8 MeV +\/- 2%.<\/strong><\/p>\n<p>El<strong> sistema transportador\u00a0<\/strong>lleva al producto a trav\u00e9s de la celda de irradiaci\u00f3n hasta la zona de tratamiento, donde es expuesto al haz de electrones con una velocidad previamente definida seg\u00fan la dosis requerida y la naturaleza del producto.<\/p>\n<p>Generalmente, el tratamiento se lleva a cabo con volt\u00e9o\u00a0<strong>en dos pasadas\u00a0<\/strong>: un para cada lado del producto.[\/vc_column_text]<div class=\"minti_list wpb_content_element color-accent point\" style=\"padding-left: 10px;\">La dosis absorbida por el producto depende de los siguientes factores:<\/p>\n<ul>\n<li>la intensidad y la energ\u00eda del haz de electrones<\/li>\n<li>la velocidad de paso bajo el haz.<\/li>\n<li>la composici\u00f3n y la densidad de los materiales.<\/li>\n<\/ul>\n<\/div>[vc_tta_accordion style=&#8221;flat&#8221; active_section=&#8221;0&#8243; collapsible_all=&#8221;true&#8221;][vc_tta_section title=&#8221;Tratamiento beta: sobre caja de producto&#8221; tab_id=&#8221;1490622542764-db62caec-e48a&#8221;][vc_column_text]Disponible en las plantas de\u00a0\u00a0<a href=\"https:\/\/www.ionisos.com\/en\/our-sites\/chaumesnil\/\">Chaumesnil<\/a> y de\u00a0\u00a0<a href=\"http:\/\/www.ionisos.com\/es\/nuestros-sitios\/ionisos-iberica\/\">Taranc\u00f3n (Espa\u00f1a)<\/a><\/p>\n<p>El haz de electrones que genera el acelerador de part\u00edculas permite obtener electrones de alta energ\u00eda (10MeV), con gran capacidad de penetraci\u00f3n.<\/p>\n<p>El tratamiento es continuo y r\u00e1pido, el tiempo de exposici\u00f3n a la radiaci\u00f3n es de escasos segundos.<\/p>\n<p>La dosis absorbida por el producto se mide en kiloGray (kGy), la cual es inversamente proporcional a la velocidad de paso bajo el haz de electrones.<\/p>\n<p>En la pr\u00e1ctica, la velocidad del transportador y la intensidad del haz, son los \u00fanicos par\u00e1metros de proceso a ajustar una vez hecha la cualificaci\u00f3n del comportamiento funcional.<\/p>\n<p>Es un tratamiento seguro y reproducible.<\/p>\n<p>La automatizaci\u00f3n y la trazabilidad del proceso garantizan la reproducibilidad y seguridad del tratamiento.<\/p>\n<p>Es un proceso f\u00edsico en fr\u00edo, sin residuos y sin cuarentena.[\/vc_column_text][\/vc_tta_section][\/vc_tta_accordion][\/vc_column][\/vc_row][vc_row][vc_column width=&#8221;1\/1&#8243;]<div class=\"spacer\" style=\"height: 40px;\"><\/div>[\/vc_column][\/vc_row][vc_row bg_color=&#8221;#0b2677&#8243; text_color=&#8221;light&#8221; text_align=&#8221;center&#8221; top_padding=&#8221;40&#8243; bottom_padding=&#8221;40&#8243;][vc_column width=&#8221;2\/3&#8243;]<div class=\"spacer\" style=\"height: 5px;\"><\/div>[vc_column_text]<\/p>\n<h3 style=\"text-align: left;\">Ionisos ofrece tambi\u00e9n tratamientos por radiaci\u00f3n gamma.<\/h3>\n<p>[\/vc_column_text][\/vc_column][vc_column width=&#8221;1\/3&#8243;][vc_column_text]<a href=\"\/es\/nuestras-actividades\/tratamiento-gamma\/\" target=\"_self\" class=\"button color-8 medium \" style=\"border-radius: 2px;\">M\u00e1s<br \/>\ninformaci\u00f3n<\/a>[\/vc_column_text][\/vc_column][\/vc_row]<\/p>\n","protected":false},"excerpt":{"rendered":"<p>[vc_row bg_image=&#8221;15629&#8243; bg_repeat=&#8221;no-repeat&#8221; text_color=&#8221;light&#8221; text_align=&#8221;center&#8221; top_padding=&#8221;100&#8243; bottom_padding=&#8221;100&#8243;][vc_column width=&#8221;1\/1&#8243;][\/vc_column][\/vc_row][vc_row][vc_column width=&#8221;1\/1&#8243;][vc_column_text] El producto se coloca en bandejas de ionizaci\u00f3n de dimensiones 100 x 120 cm y se mueven sobre un transportador que transcurre dentro de una celda de irradiaci\u00f3n hasta la zona de tratamiento. En este punto, el producto es sometido durante unos segundos al impacto de los electrones generados por el acelerador de electrones. Los par\u00e1metros de tratamiento ser\u00e1n \u00fanicos para cada producto y se definen en una etapa previa denominada cualificaci\u00f3n del comportamiento funcional. [\/vc_column_text][\/vc_column][\/vc_row][vc_row][vc_column width=&#8221;1\/2&#8243;][\/vc_column][vc_column width=&#8221;1\/2&#8243;][vc_column_text]Los electrones generados por el acelerador tienen una energ\u00eda de 9,8 MeV +\/- 2%. El sistema transportador\u00a0lleva al producto a trav\u00e9s de la celda de irradiaci\u00f3n hasta la zona de tratamiento, donde es expuesto al haz de electrones con una velocidad previamente definida seg\u00fan la dosis requerida y la naturaleza del producto. Generalmente, el tratamiento se lleva a cabo con volt\u00e9o\u00a0en dos pasadas\u00a0: un para cada lado del producto.[\/vc_column_text][vc_tta_accordion style=&#8221;flat&#8221; active_section=&#8221;0&#8243; collapsible_all=&#8221;true&#8221;][vc_tta_section title=&#8221;Tratamiento beta: sobre caja de producto&#8221; tab_id=&#8221;1490622542764-db62caec-e48a&#8221;][vc_column_text]Disponible en las plantas de\u00a0\u00a0Chaumesnil y de\u00a0\u00a0Taranc\u00f3n (Espa\u00f1a) El haz de electrones que genera el acelerador de part\u00edculas permite obtener electrones de alta energ\u00eda (10MeV), con gran capacidad de penetraci\u00f3n. El tratamiento es continuo y r\u00e1pido, [&hellip;]<\/p>\n","protected":false},"author":1,"featured_media":0,"parent":16443,"menu_order":0,"comment_status":"closed","ping_status":"closed","template":"","meta":{"inline_featured_image":false,"footnotes":""},"class_list":["post-16011","page","type-page","status-publish","hentry"],"yoast_head":"<!-- This site is optimized with the Yoast SEO plugin v26.3 - https:\/\/yoast.com\/wordpress\/plugins\/seo\/ -->\n<title>Tratamiento por Radiaci\u00f3n Beta - Ionisos<\/title>\n<meta name=\"robots\" content=\"index, follow, max-snippet:-1, max-image-preview:large, max-video-preview:-1\" \/>\n<link rel=\"canonical\" href=\"https:\/\/www.ionisos.com\/es\/nuestras-actividades\/tratamiento-beta\/\" \/>\n<meta property=\"og:locale\" content=\"es_ES\" \/>\n<meta property=\"og:type\" content=\"article\" \/>\n<meta property=\"og:title\" content=\"Tratamiento por Radiaci\u00f3n Beta - Ionisos\" \/>\n<meta property=\"og:description\" content=\"[vc_row bg_image=&#8221;15629&#8243; bg_repeat=&#8221;no-repeat&#8221; text_color=&#8221;light&#8221; text_align=&#8221;center&#8221; top_padding=&#8221;100&#8243; bottom_padding=&#8221;100&#8243;][vc_column width=&#8221;1\/1&#8243;][\/vc_column][\/vc_row][vc_row][vc_column width=&#8221;1\/1&#8243;][vc_column_text] El producto se coloca en bandejas de ionizaci\u00f3n de dimensiones 100 x 120 cm y se mueven sobre un transportador que transcurre dentro de una celda de irradiaci\u00f3n hasta la zona de tratamiento. En este punto, el producto es sometido durante unos segundos al impacto de los electrones generados por el acelerador de electrones. Los par\u00e1metros de tratamiento ser\u00e1n \u00fanicos para cada producto y se definen en una etapa previa denominada cualificaci\u00f3n del comportamiento funcional. [\/vc_column_text][\/vc_column][\/vc_row][vc_row][vc_column width=&#8221;1\/2&#8243;][\/vc_column][vc_column width=&#8221;1\/2&#8243;][vc_column_text]Los electrones generados por el acelerador tienen una energ\u00eda de 9,8 MeV +\/- 2%. El sistema transportador\u00a0lleva al producto a trav\u00e9s de la celda de irradiaci\u00f3n hasta la zona de tratamiento, donde es expuesto al haz de electrones con una velocidad previamente definida seg\u00fan la dosis requerida y la naturaleza del producto. Generalmente, el tratamiento se lleva a cabo con volt\u00e9o\u00a0en dos pasadas\u00a0: un para cada lado del producto.[\/vc_column_text][vc_tta_accordion style=&#8221;flat&#8221; active_section=&#8221;0&#8243; collapsible_all=&#8221;true&#8221;][vc_tta_section title=&#8221;Tratamiento beta: sobre caja de producto&#8221; tab_id=&#8221;1490622542764-db62caec-e48a&#8221;][vc_column_text]Disponible en las plantas de\u00a0\u00a0Chaumesnil y de\u00a0\u00a0Taranc\u00f3n (Espa\u00f1a) El haz de electrones que genera el acelerador de part\u00edculas permite obtener electrones de alta energ\u00eda (10MeV), con gran capacidad de penetraci\u00f3n. El tratamiento es continuo y r\u00e1pido, [&hellip;]\" \/>\n<meta property=\"og:url\" content=\"https:\/\/www.ionisos.com\/es\/nuestras-actividades\/tratamiento-beta\/\" \/>\n<meta property=\"og:site_name\" content=\"Ionisos\" \/>\n<meta property=\"article:modified_time\" content=\"2020-04-24T13:27:56+00:00\" \/>\n<meta name=\"twitter:card\" content=\"summary_large_image\" \/>\n<meta name=\"twitter:label1\" content=\"Tiempo de lectura\" \/>\n\t<meta name=\"twitter:data1\" content=\"3 minutos\" \/>\n<script type=\"application\/ld+json\" class=\"yoast-schema-graph\">{\"@context\":\"https:\/\/schema.org\",\"@graph\":[{\"@type\":\"WebPage\",\"@id\":\"https:\/\/www.ionisos.com\/es\/nuestras-actividades\/tratamiento-beta\/\",\"url\":\"https:\/\/www.ionisos.com\/es\/nuestras-actividades\/tratamiento-beta\/\",\"name\":\"Tratamiento por Radiaci\u00f3n Beta - Ionisos\",\"isPartOf\":{\"@id\":\"https:\/\/www.ionisos.com\/#website\"},\"datePublished\":\"2017-05-16T12:22:04+00:00\",\"dateModified\":\"2020-04-24T13:27:56+00:00\",\"breadcrumb\":{\"@id\":\"https:\/\/www.ionisos.com\/es\/nuestras-actividades\/tratamiento-beta\/#breadcrumb\"},\"inLanguage\":\"es\",\"potentialAction\":[{\"@type\":\"ReadAction\",\"target\":[\"https:\/\/www.ionisos.com\/es\/nuestras-actividades\/tratamiento-beta\/\"]}]},{\"@type\":\"BreadcrumbList\",\"@id\":\"https:\/\/www.ionisos.com\/es\/nuestras-actividades\/tratamiento-beta\/#breadcrumb\",\"itemListElement\":[{\"@type\":\"ListItem\",\"position\":1,\"name\":\"Accueil\",\"item\":\"https:\/\/www.ionisos.com\/es\/\"},{\"@type\":\"ListItem\",\"position\":2,\"name\":\"Nuestras actividades\",\"item\":\"https:\/\/www.ionisos.com\/es\/nuestras-actividades\/\"},{\"@type\":\"ListItem\",\"position\":3,\"name\":\"Tratamiento por Radiaci\u00f3n Beta\"}]},{\"@type\":\"WebSite\",\"@id\":\"https:\/\/www.ionisos.com\/#website\",\"url\":\"https:\/\/www.ionisos.com\/\",\"name\":\"Ionisos\",\"description\":\"Ionisation par \u00e9lectrons acc\u00e9l\u00e9r\u00e9s, rayons gamma, rayons X et oxyde d&#039;\u00e9thyl\u00e8ne\",\"potentialAction\":[{\"@type\":\"SearchAction\",\"target\":{\"@type\":\"EntryPoint\",\"urlTemplate\":\"https:\/\/www.ionisos.com\/?s={search_term_string}\"},\"query-input\":{\"@type\":\"PropertyValueSpecification\",\"valueRequired\":true,\"valueName\":\"search_term_string\"}}],\"inLanguage\":\"es\"}]}<\/script>\n<!-- \/ Yoast SEO plugin. -->","yoast_head_json":{"title":"Tratamiento por Radiaci\u00f3n Beta - Ionisos","robots":{"index":"index","follow":"follow","max-snippet":"max-snippet:-1","max-image-preview":"max-image-preview:large","max-video-preview":"max-video-preview:-1"},"canonical":"https:\/\/www.ionisos.com\/es\/nuestras-actividades\/tratamiento-beta\/","og_locale":"es_ES","og_type":"article","og_title":"Tratamiento por Radiaci\u00f3n Beta - Ionisos","og_description":"[vc_row bg_image=&#8221;15629&#8243; bg_repeat=&#8221;no-repeat&#8221; text_color=&#8221;light&#8221; text_align=&#8221;center&#8221; top_padding=&#8221;100&#8243; bottom_padding=&#8221;100&#8243;][vc_column width=&#8221;1\/1&#8243;][\/vc_column][\/vc_row][vc_row][vc_column width=&#8221;1\/1&#8243;][vc_column_text] El producto se coloca en bandejas de ionizaci\u00f3n de dimensiones 100 x 120 cm y se mueven sobre un transportador que transcurre dentro de una celda de irradiaci\u00f3n hasta la zona de tratamiento. En este punto, el producto es sometido durante unos segundos al impacto de los electrones generados por el acelerador de electrones. Los par\u00e1metros de tratamiento ser\u00e1n \u00fanicos para cada producto y se definen en una etapa previa denominada cualificaci\u00f3n del comportamiento funcional. [\/vc_column_text][\/vc_column][\/vc_row][vc_row][vc_column width=&#8221;1\/2&#8243;][\/vc_column][vc_column width=&#8221;1\/2&#8243;][vc_column_text]Los electrones generados por el acelerador tienen una energ\u00eda de 9,8 MeV +\/- 2%. El sistema transportador\u00a0lleva al producto a trav\u00e9s de la celda de irradiaci\u00f3n hasta la zona de tratamiento, donde es expuesto al haz de electrones con una velocidad previamente definida seg\u00fan la dosis requerida y la naturaleza del producto. Generalmente, el tratamiento se lleva a cabo con volt\u00e9o\u00a0en dos pasadas\u00a0: un para cada lado del producto.[\/vc_column_text][vc_tta_accordion style=&#8221;flat&#8221; active_section=&#8221;0&#8243; collapsible_all=&#8221;true&#8221;][vc_tta_section title=&#8221;Tratamiento beta: sobre caja de producto&#8221; tab_id=&#8221;1490622542764-db62caec-e48a&#8221;][vc_column_text]Disponible en las plantas de\u00a0\u00a0Chaumesnil y de\u00a0\u00a0Taranc\u00f3n (Espa\u00f1a) El haz de electrones que genera el acelerador de part\u00edculas permite obtener electrones de alta energ\u00eda (10MeV), con gran capacidad de penetraci\u00f3n. El tratamiento es continuo y r\u00e1pido, [&hellip;]","og_url":"https:\/\/www.ionisos.com\/es\/nuestras-actividades\/tratamiento-beta\/","og_site_name":"Ionisos","article_modified_time":"2020-04-24T13:27:56+00:00","twitter_card":"summary_large_image","twitter_misc":{"Tiempo de lectura":"3 minutos"},"schema":{"@context":"https:\/\/schema.org","@graph":[{"@type":"WebPage","@id":"https:\/\/www.ionisos.com\/es\/nuestras-actividades\/tratamiento-beta\/","url":"https:\/\/www.ionisos.com\/es\/nuestras-actividades\/tratamiento-beta\/","name":"Tratamiento por Radiaci\u00f3n Beta - Ionisos","isPartOf":{"@id":"https:\/\/www.ionisos.com\/#website"},"datePublished":"2017-05-16T12:22:04+00:00","dateModified":"2020-04-24T13:27:56+00:00","breadcrumb":{"@id":"https:\/\/www.ionisos.com\/es\/nuestras-actividades\/tratamiento-beta\/#breadcrumb"},"inLanguage":"es","potentialAction":[{"@type":"ReadAction","target":["https:\/\/www.ionisos.com\/es\/nuestras-actividades\/tratamiento-beta\/"]}]},{"@type":"BreadcrumbList","@id":"https:\/\/www.ionisos.com\/es\/nuestras-actividades\/tratamiento-beta\/#breadcrumb","itemListElement":[{"@type":"ListItem","position":1,"name":"Accueil","item":"https:\/\/www.ionisos.com\/es\/"},{"@type":"ListItem","position":2,"name":"Nuestras actividades","item":"https:\/\/www.ionisos.com\/es\/nuestras-actividades\/"},{"@type":"ListItem","position":3,"name":"Tratamiento por Radiaci\u00f3n Beta"}]},{"@type":"WebSite","@id":"https:\/\/www.ionisos.com\/#website","url":"https:\/\/www.ionisos.com\/","name":"Ionisos","description":"Ionisation par \u00e9lectrons acc\u00e9l\u00e9r\u00e9s, rayons gamma, rayons X et oxyde d&#039;\u00e9thyl\u00e8ne","potentialAction":[{"@type":"SearchAction","target":{"@type":"EntryPoint","urlTemplate":"https:\/\/www.ionisos.com\/?s={search_term_string}"},"query-input":{"@type":"PropertyValueSpecification","valueRequired":true,"valueName":"search_term_string"}}],"inLanguage":"es"}]}},"_links":{"self":[{"href":"https:\/\/www.ionisos.com\/es\/wp-json\/wp\/v2\/pages\/16011","targetHints":{"allow":["GET"]}}],"collection":[{"href":"https:\/\/www.ionisos.com\/es\/wp-json\/wp\/v2\/pages"}],"about":[{"href":"https:\/\/www.ionisos.com\/es\/wp-json\/wp\/v2\/types\/page"}],"author":[{"embeddable":true,"href":"https:\/\/www.ionisos.com\/es\/wp-json\/wp\/v2\/users\/1"}],"replies":[{"embeddable":true,"href":"https:\/\/www.ionisos.com\/es\/wp-json\/wp\/v2\/comments?post=16011"}],"version-history":[{"count":18,"href":"https:\/\/www.ionisos.com\/es\/wp-json\/wp\/v2\/pages\/16011\/revisions"}],"predecessor-version":[{"id":18684,"href":"https:\/\/www.ionisos.com\/es\/wp-json\/wp\/v2\/pages\/16011\/revisions\/18684"}],"up":[{"embeddable":true,"href":"https:\/\/www.ionisos.com\/es\/wp-json\/wp\/v2\/pages\/16443"}],"wp:attachment":[{"href":"https:\/\/www.ionisos.com\/es\/wp-json\/wp\/v2\/media?parent=16011"}],"curies":[{"name":"wp","href":"https:\/\/api.w.org\/{rel}","templated":true}]}}