 {"id":25988,"date":"2025-02-18T14:07:53","date_gmt":"2025-02-18T13:07:53","guid":{"rendered":"https:\/\/www.ionisos.com\/?page_id=25988"},"modified":"2025-02-18T14:39:53","modified_gmt":"2025-02-18T13:39:53","slug":"iso-11137-standard","status":"publish","type":"page","link":"https:\/\/www.ionisos.com\/en\/iso-11137-standard\/","title":{"rendered":"ISO 11137 standard"},"content":{"rendered":"<p>[vc_row bg_image=&#8221;16355&#8243; bg_repeat=&#8221;no-repeat&#8221; text_color=&#8221;light&#8221; text_align=&#8221;center&#8221; top_padding=&#8221;80&#8243; bottom_padding=&#8221;80&#8243;][vc_column width=&#8221;1\/1&#8243;]<h1 class=\"headline font-special fontsize-xxl fontweight-inherit lh-inherit align-center transform-uppercase \" style=\"margin: 0;\"><strong>ISO 11137 Standard:<\/strong><br \/>\nSterilization of Healthcare Products<\/h1>[\/vc_column][\/vc_row][vc_row top_padding=&#8221;80&#8243; bottom_padding=&#8221;80&#8243;][vc_column width=&#8221;1\/1&#8243;][vc_column_text]<\/p>\n<p style=\"text-align: center;\">The <strong>ISO 11137 standard<\/strong> covers all sterilization requirements for healthcare products. In the case of radiation sterilization, it enables the selection of a validation method to guarantee that a treated product is sterile, by defining a minimum and maximum dose according to its density and microbial load.<\/p>\n<p style=\"text-align: center;\">Have you chosen radiation as your <a href=\"https:\/\/www.ionisos.com\/technique-de-sterilisation\/\">sterilization technique<\/a>, and would you like to learn more about the various validation methods associated with this standard? IONISOS, a specialist in industrial sterilization for over 60 years, can tell you more!<\/p>\n<p>[\/vc_column_text][\/vc_column][\/vc_row][vc_row type=&#8221;full_width_section&#8221; bg_color=&#8221;#f7f7f7&#8243;][vc_column column_padding=&#8221;padding-6&#8243; column_center=&#8221;true&#8221; width=&#8221;2\/3&#8243;][vc_column_text el_class=&#8221;h2presta&#8221;]<\/p>\n<h2>A Sterilization Standard, Different Validation Methods<\/h2>\n<p>The ISO 11137 standard is divided into three texts (ISO 11137-1, 11137-2, and 11137-3) which cover all requirements related to the development, validation, and routine control of sterilization processes for medical devices. These texts specifically detail the methods for establishing the sterilizing dose, as well as guidelines related to dosimetric aspects.<\/p>\n<p>The determination of microbial loads and the <strong>sterility controls<\/strong> performed before treating products with beta or gamma radiation must comply with the following standards:<\/p>\n<ul>\n<li>ISO 11737-1 (July 2006), for determining a population of microorganisms (microbial load) on products. This text outlines the requirements to be met for testing samples, validating the dose, and controlling sterilization by irradiation of healthcare products. It also covers irradiation processes using irradiators (using 60Co or 137Cs radionuclides), beta rays (electron beam), or X-rays.<\/li>\n<li>ISO 11737-2 (January 2010), for sterility controls carried out at the time of defining, validating, and maintaining a sterilization process. It helps to establish the sterilizing dose.<\/li>\n<\/ul>\n<p>[\/vc_column_text][\/vc_column][vc_column bg_image=&#8221;15460&#8243; column_center=&#8221;true&#8221; width=&#8221;1\/3&#8243;]<div class=\"spacer\" style=\"height: 250px;\"><\/div>[\/vc_column][\/vc_row][vc_row type=&#8221;full_width_section&#8221; bg_color=&#8221;#f1f1f1&#8243;][vc_column bg_image=&#8221;16815&#8243; column_center=&#8221;true&#8221; width=&#8221;1\/3&#8243;]<div class=\"spacer\" style=\"height: 250px;\"><\/div>[\/vc_column][vc_column column_padding=&#8221;padding-6&#8243; column_center=&#8221;true&#8221; width=&#8221;2\/3&#8243;][vc_column_text el_class=&#8221;h2presta&#8221;]<\/p>\n<h2>ISO 11137-1: Microbial Load<\/h2>\n<p style=\"text-align: justify;\">The <strong>ISO 11137-1<\/strong> standard allows the development of a test to determine the microbial load on a given group of samples.<\/p>\n<p style=\"text-align: justify;\">First, the <strong>validation of the microbial load test method<\/strong> must be carried out, which will determine the effectiveness of the chosen sterilization method in eliminating microorganisms. 5 irradiated samples are necessary at this stage. A correction may be made depending on the results.<\/p>\n<p style=\"text-align: justify;\">Once this is done, the <strong>microbial load test<\/strong> will determine the number of microorganisms on a product. This step requires testing 30 non-sterile samples distributed across 3 different production batches.<\/p>\n<p>[\/vc_column_text][\/vc_column][\/vc_row][vc_row type=&#8221;full_width_section&#8221; bg_color=&#8221;#f7f7f7&#8243;][vc_column column_padding=&#8221;padding-6&#8243; column_center=&#8221;true&#8221; width=&#8221;2\/3&#8243;][vc_column_text el_class=&#8221;h2presta&#8221;]<\/p>\n<h2>ISO 11137-2: Establishing the Sterilizing Dose<\/h2>\n<p style=\"text-align: justify;\">The <strong>ISO 11137-2<\/strong> standard allows the establishment of the sterilizing dose and specifies two distinct methods for determining the minimum dose, as well as for achieving a Sterility Assurance Level (SAL) of 10-6 when a dose of 25kGy or 15kGy is used.<\/p>\n<p style=\"text-align: justify;\">The text also provides methods for auditing the sterilizing dose to monitor its effectiveness over time for a given product.<\/p>\n<p style=\"text-align: justify;\">The <strong>validation of the sterilizing dose<\/strong> step determines the minimum radiation dose required to guarantee the desired level of sterility. It takes into account the microbial load present on the product (volume, nature).<\/p>\n<p style=\"text-align: justify;\">The two main methods for determining the minimum dose are called Method 1 and Method 2.<\/p>\n<p style=\"text-align: justify;\">Method 1 involves experimentally testing whether the resistance to radiation of the microbial load on a given product is less than or equal to the average established for a \u201cstandard\u201d microbial population. The result will be used as a reference to determine the dose.<\/p>\n<p style=\"text-align: justify;\">The test is performed on 3 batches of 10 samples to achieve a SAL of 10-2. Then, 100 products are irradiated with the verification dose. If 0, 1, or 2 positive samples are obtained, the test is considered conclusive.<\/p>\n<p style=\"text-align: justify;\">Method 2 is generally used when Method 1 cannot be applied. This involves establishing the resistance of the microbial load to radiation by exposing the product to progressively increasing doses. The test is conducted on 3 batches of 20 products.<\/p>\n<p>[\/vc_column_text][\/vc_column][vc_column bg_image=&#8221;16017&#8243; column_center=&#8221;true&#8221; width=&#8221;1\/3&#8243;]<div class=\"spacer\" style=\"height: 250px;\"><\/div>[\/vc_column][\/vc_row][vc_row bg_color=&#8221;#0b2677&#8243; text_color=&#8221;light&#8221; text_align=&#8221;center&#8221; top_padding=&#8221;40&#8243; bottom_padding=&#8221;40&#8243;][vc_column width=&#8221;2\/3&#8243;]<div class=\"spacer\" style=\"height: 5px;\"><\/div>[vc_column_text el_class=&#8221;cta&#8221;]<\/p>\n<p style=\"text-align: left;\">Contact us today to benefit from all the expertise of IONISOS.<\/p>\n<p>[\/vc_column_text][\/vc_column][vc_column width=&#8221;1\/3&#8243;][vc_row_inner][vc_column_inner]<a href=\"https:\/\/www.ionisos.com\/en\/contact\/\" target=\"_self\" class=\"button color-8 medium \" style=\"border-radius: 2px;\">Contact-us<\/a>[\/vc_column_inner][\/vc_row_inner][\/vc_column][\/vc_row]<\/p>\n","protected":false},"excerpt":{"rendered":"<p>[vc_row bg_image=&#8221;16355&#8243; bg_repeat=&#8221;no-repeat&#8221; text_color=&#8221;light&#8221; text_align=&#8221;center&#8221; top_padding=&#8221;80&#8243; bottom_padding=&#8221;80&#8243;][vc_column width=&#8221;1\/1&#8243;][\/vc_column][\/vc_row][vc_row top_padding=&#8221;80&#8243; bottom_padding=&#8221;80&#8243;][vc_column width=&#8221;1\/1&#8243;][vc_column_text] The ISO 11137 standard covers all sterilization requirements for healthcare products. In the case of radiation sterilization, it enables the selection of a validation method to guarantee that a treated product is sterile, by defining a minimum and maximum dose according to its density and microbial load. Have you chosen radiation as your sterilization technique, and would you like to learn more about the various validation methods associated with this standard? IONISOS, a specialist in industrial sterilization for over 60 years, can tell you more! [\/vc_column_text][\/vc_column][\/vc_row][vc_row type=&#8221;full_width_section&#8221; bg_color=&#8221;#f7f7f7&#8243;][vc_column column_padding=&#8221;padding-6&#8243; column_center=&#8221;true&#8221; width=&#8221;2\/3&#8243;][vc_column_text el_class=&#8221;h2presta&#8221;] A Sterilization Standard, Different Validation Methods The ISO 11137 standard is divided into three texts (ISO 11137-1, 11137-2, and 11137-3) which cover all requirements related to the development, validation, and routine control of sterilization processes for medical devices. These texts specifically detail the methods for establishing the sterilizing dose, as well as guidelines related to dosimetric aspects. The determination of microbial loads and the sterility controls performed before treating products with beta or gamma radiation must comply with the following standards: ISO 11737-1 (July 2006), for determining a population of microorganisms (microbial load) on products. This text [&hellip;]<\/p>\n","protected":false},"author":1,"featured_media":0,"parent":0,"menu_order":0,"comment_status":"closed","ping_status":"open","template":"","meta":{"inline_featured_image":false,"footnotes":""},"class_list":["post-25988","page","type-page","status-publish","hentry"],"yoast_head":"<!-- This site is optimized with the Yoast SEO plugin v26.3 - https:\/\/yoast.com\/wordpress\/plugins\/seo\/ -->\n<title>ISO 11137 standard - Ionisos<\/title>\n<meta name=\"robots\" content=\"index, follow, max-snippet:-1, max-image-preview:large, max-video-preview:-1\" \/>\n<link rel=\"canonical\" href=\"https:\/\/www.ionisos.com\/en\/iso-11137-standard\/\" \/>\n<meta property=\"og:locale\" content=\"en_US\" \/>\n<meta property=\"og:type\" content=\"article\" \/>\n<meta property=\"og:title\" content=\"ISO 11137 standard - Ionisos\" \/>\n<meta property=\"og:description\" content=\"[vc_row bg_image=&#8221;16355&#8243; bg_repeat=&#8221;no-repeat&#8221; text_color=&#8221;light&#8221; text_align=&#8221;center&#8221; top_padding=&#8221;80&#8243; bottom_padding=&#8221;80&#8243;][vc_column width=&#8221;1\/1&#8243;][\/vc_column][\/vc_row][vc_row top_padding=&#8221;80&#8243; bottom_padding=&#8221;80&#8243;][vc_column width=&#8221;1\/1&#8243;][vc_column_text] The ISO 11137 standard covers all sterilization requirements for healthcare products. In the case of radiation sterilization, it enables the selection of a validation method to guarantee that a treated product is sterile, by defining a minimum and maximum dose according to its density and microbial load. Have you chosen radiation as your sterilization technique, and would you like to learn more about the various validation methods associated with this standard? IONISOS, a specialist in industrial sterilization for over 60 years, can tell you more! [\/vc_column_text][\/vc_column][\/vc_row][vc_row type=&#8221;full_width_section&#8221; bg_color=&#8221;#f7f7f7&#8243;][vc_column column_padding=&#8221;padding-6&#8243; column_center=&#8221;true&#8221; width=&#8221;2\/3&#8243;][vc_column_text el_class=&#8221;h2presta&#8221;] A Sterilization Standard, Different Validation Methods The ISO 11137 standard is divided into three texts (ISO 11137-1, 11137-2, and 11137-3) which cover all requirements related to the development, validation, and routine control of sterilization processes for medical devices. These texts specifically detail the methods for establishing the sterilizing dose, as well as guidelines related to dosimetric aspects. The determination of microbial loads and the sterility controls performed before treating products with beta or gamma radiation must comply with the following standards: ISO 11737-1 (July 2006), for determining a population of microorganisms (microbial load) on products. This text [&hellip;]\" \/>\n<meta property=\"og:url\" content=\"https:\/\/www.ionisos.com\/en\/iso-11137-standard\/\" \/>\n<meta property=\"og:site_name\" content=\"Ionisos\" \/>\n<meta property=\"article:modified_time\" content=\"2025-02-18T13:39:53+00:00\" \/>\n<meta name=\"twitter:card\" content=\"summary_large_image\" \/>\n<meta name=\"twitter:label1\" content=\"Est. reading time\" \/>\n\t<meta name=\"twitter:data1\" content=\"5 minutes\" \/>\n<script type=\"application\/ld+json\" class=\"yoast-schema-graph\">{\"@context\":\"https:\/\/schema.org\",\"@graph\":[{\"@type\":\"WebPage\",\"@id\":\"https:\/\/www.ionisos.com\/en\/iso-11137-standard\/\",\"url\":\"https:\/\/www.ionisos.com\/en\/iso-11137-standard\/\",\"name\":\"ISO 11137 standard - Ionisos\",\"isPartOf\":{\"@id\":\"https:\/\/www.ionisos.com\/#website\"},\"datePublished\":\"2025-02-18T13:07:53+00:00\",\"dateModified\":\"2025-02-18T13:39:53+00:00\",\"breadcrumb\":{\"@id\":\"https:\/\/www.ionisos.com\/en\/iso-11137-standard\/#breadcrumb\"},\"inLanguage\":\"en-US\",\"potentialAction\":[{\"@type\":\"ReadAction\",\"target\":[\"https:\/\/www.ionisos.com\/en\/iso-11137-standard\/\"]}]},{\"@type\":\"BreadcrumbList\",\"@id\":\"https:\/\/www.ionisos.com\/en\/iso-11137-standard\/#breadcrumb\",\"itemListElement\":[{\"@type\":\"ListItem\",\"position\":1,\"name\":\"Accueil\",\"item\":\"https:\/\/www.ionisos.com\/en\/\"},{\"@type\":\"ListItem\",\"position\":2,\"name\":\"ISO 11137 standard\"}]},{\"@type\":\"WebSite\",\"@id\":\"https:\/\/www.ionisos.com\/#website\",\"url\":\"https:\/\/www.ionisos.com\/\",\"name\":\"Ionisos\",\"description\":\"Ionisation par \u00e9lectrons acc\u00e9l\u00e9r\u00e9s, rayons gamma, rayons X et oxyde d&#039;\u00e9thyl\u00e8ne\",\"potentialAction\":[{\"@type\":\"SearchAction\",\"target\":{\"@type\":\"EntryPoint\",\"urlTemplate\":\"https:\/\/www.ionisos.com\/?s={search_term_string}\"},\"query-input\":{\"@type\":\"PropertyValueSpecification\",\"valueRequired\":true,\"valueName\":\"search_term_string\"}}],\"inLanguage\":\"en-US\"}]}<\/script>\n<!-- \/ Yoast SEO plugin. -->","yoast_head_json":{"title":"ISO 11137 standard - Ionisos","robots":{"index":"index","follow":"follow","max-snippet":"max-snippet:-1","max-image-preview":"max-image-preview:large","max-video-preview":"max-video-preview:-1"},"canonical":"https:\/\/www.ionisos.com\/en\/iso-11137-standard\/","og_locale":"en_US","og_type":"article","og_title":"ISO 11137 standard - Ionisos","og_description":"[vc_row bg_image=&#8221;16355&#8243; bg_repeat=&#8221;no-repeat&#8221; text_color=&#8221;light&#8221; text_align=&#8221;center&#8221; top_padding=&#8221;80&#8243; bottom_padding=&#8221;80&#8243;][vc_column width=&#8221;1\/1&#8243;][\/vc_column][\/vc_row][vc_row top_padding=&#8221;80&#8243; bottom_padding=&#8221;80&#8243;][vc_column width=&#8221;1\/1&#8243;][vc_column_text] The ISO 11137 standard covers all sterilization requirements for healthcare products. In the case of radiation sterilization, it enables the selection of a validation method to guarantee that a treated product is sterile, by defining a minimum and maximum dose according to its density and microbial load. Have you chosen radiation as your sterilization technique, and would you like to learn more about the various validation methods associated with this standard? IONISOS, a specialist in industrial sterilization for over 60 years, can tell you more! [\/vc_column_text][\/vc_column][\/vc_row][vc_row type=&#8221;full_width_section&#8221; bg_color=&#8221;#f7f7f7&#8243;][vc_column column_padding=&#8221;padding-6&#8243; column_center=&#8221;true&#8221; width=&#8221;2\/3&#8243;][vc_column_text el_class=&#8221;h2presta&#8221;] A Sterilization Standard, Different Validation Methods The ISO 11137 standard is divided into three texts (ISO 11137-1, 11137-2, and 11137-3) which cover all requirements related to the development, validation, and routine control of sterilization processes for medical devices. These texts specifically detail the methods for establishing the sterilizing dose, as well as guidelines related to dosimetric aspects. The determination of microbial loads and the sterility controls performed before treating products with beta or gamma radiation must comply with the following standards: ISO 11737-1 (July 2006), for determining a population of microorganisms (microbial load) on products. This text [&hellip;]","og_url":"https:\/\/www.ionisos.com\/en\/iso-11137-standard\/","og_site_name":"Ionisos","article_modified_time":"2025-02-18T13:39:53+00:00","twitter_card":"summary_large_image","twitter_misc":{"Est. reading time":"5 minutes"},"schema":{"@context":"https:\/\/schema.org","@graph":[{"@type":"WebPage","@id":"https:\/\/www.ionisos.com\/en\/iso-11137-standard\/","url":"https:\/\/www.ionisos.com\/en\/iso-11137-standard\/","name":"ISO 11137 standard - Ionisos","isPartOf":{"@id":"https:\/\/www.ionisos.com\/#website"},"datePublished":"2025-02-18T13:07:53+00:00","dateModified":"2025-02-18T13:39:53+00:00","breadcrumb":{"@id":"https:\/\/www.ionisos.com\/en\/iso-11137-standard\/#breadcrumb"},"inLanguage":"en-US","potentialAction":[{"@type":"ReadAction","target":["https:\/\/www.ionisos.com\/en\/iso-11137-standard\/"]}]},{"@type":"BreadcrumbList","@id":"https:\/\/www.ionisos.com\/en\/iso-11137-standard\/#breadcrumb","itemListElement":[{"@type":"ListItem","position":1,"name":"Accueil","item":"https:\/\/www.ionisos.com\/en\/"},{"@type":"ListItem","position":2,"name":"ISO 11137 standard"}]},{"@type":"WebSite","@id":"https:\/\/www.ionisos.com\/#website","url":"https:\/\/www.ionisos.com\/","name":"Ionisos","description":"Ionisation par \u00e9lectrons acc\u00e9l\u00e9r\u00e9s, rayons gamma, rayons X et oxyde d&#039;\u00e9thyl\u00e8ne","potentialAction":[{"@type":"SearchAction","target":{"@type":"EntryPoint","urlTemplate":"https:\/\/www.ionisos.com\/?s={search_term_string}"},"query-input":{"@type":"PropertyValueSpecification","valueRequired":true,"valueName":"search_term_string"}}],"inLanguage":"en-US"}]}},"_links":{"self":[{"href":"https:\/\/www.ionisos.com\/en\/wp-json\/wp\/v2\/pages\/25988","targetHints":{"allow":["GET"]}}],"collection":[{"href":"https:\/\/www.ionisos.com\/en\/wp-json\/wp\/v2\/pages"}],"about":[{"href":"https:\/\/www.ionisos.com\/en\/wp-json\/wp\/v2\/types\/page"}],"author":[{"embeddable":true,"href":"https:\/\/www.ionisos.com\/en\/wp-json\/wp\/v2\/users\/1"}],"replies":[{"embeddable":true,"href":"https:\/\/www.ionisos.com\/en\/wp-json\/wp\/v2\/comments?post=25988"}],"version-history":[{"count":8,"href":"https:\/\/www.ionisos.com\/en\/wp-json\/wp\/v2\/pages\/25988\/revisions"}],"predecessor-version":[{"id":25997,"href":"https:\/\/www.ionisos.com\/en\/wp-json\/wp\/v2\/pages\/25988\/revisions\/25997"}],"wp:attachment":[{"href":"https:\/\/www.ionisos.com\/en\/wp-json\/wp\/v2\/media?parent=25988"}],"curies":[{"name":"wp","href":"https:\/\/api.w.org\/{rel}","templated":true}]}}