 {"id":25614,"date":"2019-09-11T15:45:50","date_gmt":"2019-09-11T13:45:50","guid":{"rendered":"https:\/\/www.ionisos.com\/reticulation-par-rayonnement\/"},"modified":"2024-11-26T10:12:57","modified_gmt":"2024-11-26T09:12:57","slug":"crosslinking-by-radiation","status":"publish","type":"page","link":"https:\/\/www.ionisos.com\/en\/crosslinking-by-radiation\/","title":{"rendered":"Crosslinking by Radiation"},"content":{"rendered":"<p>[vc_row bg_image=&#8221;16355&#8243; bg_repeat=&#8221;no-repeat&#8221; text_color=&#8221;light&#8221; text_align=&#8221;center&#8221; top_padding=&#8221;80&#8243; bottom_padding=&#8221;80&#8243;][vc_column width=&#8221;1\/1&#8243;]<h1 class=\"headline font-special fontsize-xxl fontweight-inherit lh-inherit align-center transform-uppercase \" style=\"margin: 0;\"><strong>Crosslinking by Radiation:<\/strong><br \/>\nStronger Plastics<\/h1>[\/vc_column][\/vc_row][vc_row top_padding=&#8221;80&#8243; bottom_padding=&#8221;80&#8243;][vc_column width=&#8221;1\/1&#8243;][vc_column_text]<\/p>\n<p style=\"text-align: center;\">IONISOS, a specialist in <a href=\"https:\/\/www.ionisos.com\/en\/\">gamma and beta sterilization<\/a>, offers <strong>crosslinking by radiation<\/strong> services designed to enhance the performance of various plastic components.<\/p>\n<p style=\"text-align: center;\">Crosslinking profoundly modifies basic plastics (commodities such as polyolefins) as well as technical plastics (such as polyamides), allowing them to better resist impacts, and particularly temperature or fire. In short, this optimization improves their thermal, chemical, and mechanical properties, enabling them to be used in conditions they would not otherwise tolerate, with an extended lifespan.<\/p>\n<p style=\"text-align: center;\">To achieve this, materials are exposed to a specific dose of ionizing radiation. This process is referred to as <strong>beta crosslinking<\/strong> when treated with electron beams, or gamma crosslinking.<\/p>\n<p>[\/vc_column_text][\/vc_column][\/vc_row][vc_row type=&#8221;full_width_section&#8221; bg_color=&#8221;#f7f7f7&#8243;][vc_column column_padding=&#8221;padding-6&#8243; column_center=&#8221;true&#8221; width=&#8221;2\/3&#8243;][vc_column_text el_class=&#8221;h2presta&#8221;]<\/p>\n<h2>The Various Applications of Crosslinking<\/h2>\n<p style=\"text-align: justify;\"><strong>Crosslinking<\/strong> can be used for several purposes.<\/p>\n<p style=\"text-align: justify;\">For thermoplastic components (such as tubes or cables) or technical parts, it enhances thermal and chemical resistance under extreme conditions: abrasion, fire, high temperature, and more.<\/p>\n<p style=\"text-align: justify;\">It also improves the mechanical properties of thermoplastic films, hardens cold-setting resins, or enables grafting adhesion promoters onto textiles to reinforce the characteristics of polymer matrix composites.<\/p>\n<p style=\"text-align: justify;\">Crosslinking is particularly useful for strengthening the insulation of cables and wires, as well as the tubes in heating and hot water supply systems. It is also employed to treat composite materials in the automotive and aerospace sectors, as well as molded parts for various industries, from construction to medical.<\/p>\n<p>[\/vc_column_text][\/vc_column][vc_column bg_image=&#8221;15662&#8243; column_center=&#8221;true&#8221; width=&#8221;1\/3&#8243;]<div class=\"spacer\" style=\"height: 250px;\"><\/div>[\/vc_column][\/vc_row][vc_row type=&#8221;full_width_section&#8221; bg_color=&#8221;#f1f1f1&#8243;][vc_column bg_image=&#8221;15460&#8243; column_center=&#8221;true&#8221; width=&#8221;1\/3&#8243;]<div class=\"spacer\" style=\"height: 250px;\"><\/div>[\/vc_column][vc_column column_padding=&#8221;padding-6&#8243; column_center=&#8221;true&#8221; width=&#8221;2\/3&#8243;][vc_column_text el_class=&#8221;h2presta&#8221;]<\/p>\n<h2>How Does Crosslinking Work?<\/h2>\n<p style=\"text-align: justify;\"><strong>Plastic optimization<\/strong> is achieved through the energy of beta or gamma rays. This energy triggers chemical reactions within the material, forming a crosslinked network comparable to that of rubber, resulting in increased resistance.<\/p>\n<p style=\"text-align: justify;\">Crosslinking takes place after the molding process and is always performed on the finished part, at room temperature and normal pressure. This process gives thermoplastic materials the properties of thermosetting materials during temperature peaks. This characteristic allows for cost savings: manufacturers can achieve high-performance plastics using less expensive raw materials.<\/p>\n<p style=\"text-align: justify;\">It is also possible to adjust the degree of crosslinking depending on the product&#8217;s areas for a tailored result. A moderate degree of crosslinking can be applied to plastic granules to modify their properties.<\/p>\n<p style=\"text-align: justify;\">The radiation doses required for crosslinking are 2 to 4 times higher than those for sterilization. This is why beta treatment, which has a higher dose rate than gamma treatment, optimizes the processing time for crosslinking treatments.<\/p>\n<p>[\/vc_column_text][\/vc_column][\/vc_row][vc_row type=&#8221;full_width_section&#8221; bg_color=&#8221;#f7f7f7&#8243;][vc_column column_padding=&#8221;padding-6&#8243; column_center=&#8221;true&#8221; width=&#8221;2\/3&#8243;][vc_column_text el_class=&#8221;h2presta&#8221;]<\/p>\n<h2>Which Plastics Are Suitable for This Technique?<\/h2>\n<p style=\"text-align: justify;\"><strong>Crosslinking by radiation<\/strong> is compatible with many polymer materials: polyamides, polyesters, PVC, polyethylene, polypropylene (under certain conditions), and other co-polymers&#8230;<\/p>\n<p style=\"text-align: justify;\">For certain less reactive materials, the manufacturer can use a chemical additive before crosslinking is applied to the plastic material, for example, before molding.<\/p>\n<p>[\/vc_column_text][\/vc_column][vc_column bg_image=&#8221;16892&#8243; column_center=&#8221;true&#8221; width=&#8221;1\/3&#8243;]<div class=\"spacer\" style=\"height: 250px;\"><\/div>[\/vc_column][\/vc_row][vc_row bg_color=&#8221;#0b2677&#8243; text_color=&#8221;light&#8221; text_align=&#8221;center&#8221; top_padding=&#8221;40&#8243; bottom_padding=&#8221;40&#8243;][vc_column width=&#8221;2\/3&#8243;]<div class=\"spacer\" style=\"height: 5px;\"><\/div>[vc_column_text el_class=&#8221;cta&#8221;]<\/p>\n<p style=\"text-align: left;\">Feel free to contact us for your crosslinking projects; we will be happy to advise you and help you find the most suitable solution.<\/p>\n<p>[\/vc_column_text][\/vc_column][vc_column width=&#8221;1\/3&#8243;][vc_row_inner][vc_column_inner]<a href=\"https:\/\/www.ionisos.com\/en\/contact\/\" target=\"_self\" class=\"button color-8 medium \" style=\"border-radius: 2px;\">Contact us<\/a>[\/vc_column_inner][\/vc_row_inner][\/vc_column][\/vc_row]<\/p>\n","protected":false},"excerpt":{"rendered":"<p>[vc_row bg_image=&#8221;16355&#8243; bg_repeat=&#8221;no-repeat&#8221; text_color=&#8221;light&#8221; text_align=&#8221;center&#8221; top_padding=&#8221;80&#8243; bottom_padding=&#8221;80&#8243;][vc_column width=&#8221;1\/1&#8243;][\/vc_column][\/vc_row][vc_row top_padding=&#8221;80&#8243; bottom_padding=&#8221;80&#8243;][vc_column width=&#8221;1\/1&#8243;][vc_column_text] IONISOS, a specialist in gamma and beta sterilization, offers crosslinking by radiation services designed to enhance the performance of various plastic components. Crosslinking profoundly modifies basic plastics (commodities such as polyolefins) as well as technical plastics (such as polyamides), allowing them to better resist impacts, and particularly temperature or fire. In short, this optimization improves their thermal, chemical, and mechanical properties, enabling them to be used in conditions they would not otherwise tolerate, with an extended lifespan. To achieve this, materials are exposed to a specific dose of ionizing radiation. This process is referred to as beta crosslinking when treated with electron beams, or gamma crosslinking. [\/vc_column_text][\/vc_column][\/vc_row][vc_row type=&#8221;full_width_section&#8221; bg_color=&#8221;#f7f7f7&#8243;][vc_column column_padding=&#8221;padding-6&#8243; column_center=&#8221;true&#8221; width=&#8221;2\/3&#8243;][vc_column_text el_class=&#8221;h2presta&#8221;] The Various Applications of Crosslinking Crosslinking can be used for several purposes. For thermoplastic components (such as tubes or cables) or technical parts, it enhances thermal and chemical resistance under extreme conditions: abrasion, fire, high temperature, and more. It also improves the mechanical properties of thermoplastic films, hardens cold-setting resins, or enables grafting adhesion promoters onto textiles to reinforce the characteristics of polymer matrix composites. Crosslinking is particularly useful for strengthening the insulation of cables and [&hellip;]<\/p>\n","protected":false},"author":4,"featured_media":0,"parent":0,"menu_order":0,"comment_status":"closed","ping_status":"open","template":"","meta":{"inline_featured_image":false,"footnotes":""},"class_list":["post-25614","page","type-page","status-publish","hentry"],"yoast_head":"<!-- This site is optimized with the Yoast SEO plugin v26.3 - https:\/\/yoast.com\/wordpress\/plugins\/seo\/ -->\n<title>Crosslinking by Radiation: Enhance the Performance of Your Plastics<\/title>\n<meta name=\"description\" content=\"Ionisos offers crosslinking by radiation services to improve the resistance of various plastic materials (tubes, cables, films, technical parts), delivering high-end performance and extended durability.\" \/>\n<meta name=\"robots\" content=\"index, follow, max-snippet:-1, max-image-preview:large, max-video-preview:-1\" \/>\n<link rel=\"canonical\" href=\"https:\/\/www.ionisos.com\/en\/crosslinking-by-radiation\/\" \/>\n<meta property=\"og:locale\" content=\"en_US\" \/>\n<meta property=\"og:type\" content=\"article\" \/>\n<meta property=\"og:title\" content=\"Crosslinking by Radiation: Enhance the Performance of Your Plastics\" \/>\n<meta property=\"og:description\" content=\"Ionisos offers crosslinking by radiation services to improve the resistance of various plastic materials (tubes, cables, films, technical parts), delivering high-end performance and extended durability.\" \/>\n<meta property=\"og:url\" content=\"https:\/\/www.ionisos.com\/en\/crosslinking-by-radiation\/\" \/>\n<meta property=\"og:site_name\" content=\"Ionisos\" \/>\n<meta property=\"article:modified_time\" content=\"2024-11-26T09:12:57+00:00\" \/>\n<meta name=\"twitter:card\" content=\"summary_large_image\" \/>\n<meta name=\"twitter:label1\" content=\"Est. reading time\" \/>\n\t<meta name=\"twitter:data1\" content=\"3 minutes\" \/>\n<script type=\"application\/ld+json\" class=\"yoast-schema-graph\">{\"@context\":\"https:\/\/schema.org\",\"@graph\":[{\"@type\":\"WebPage\",\"@id\":\"https:\/\/www.ionisos.com\/en\/crosslinking-by-radiation\/\",\"url\":\"https:\/\/www.ionisos.com\/en\/crosslinking-by-radiation\/\",\"name\":\"Crosslinking by Radiation: Enhance the Performance of Your Plastics\",\"isPartOf\":{\"@id\":\"https:\/\/www.ionisos.com\/#website\"},\"datePublished\":\"2019-09-11T13:45:50+00:00\",\"dateModified\":\"2024-11-26T09:12:57+00:00\",\"description\":\"Ionisos offers crosslinking by radiation services to improve the resistance of various plastic materials (tubes, cables, films, technical parts), delivering high-end performance and extended durability.\",\"breadcrumb\":{\"@id\":\"https:\/\/www.ionisos.com\/en\/crosslinking-by-radiation\/#breadcrumb\"},\"inLanguage\":\"en-US\",\"potentialAction\":[{\"@type\":\"ReadAction\",\"target\":[\"https:\/\/www.ionisos.com\/en\/crosslinking-by-radiation\/\"]}]},{\"@type\":\"BreadcrumbList\",\"@id\":\"https:\/\/www.ionisos.com\/en\/crosslinking-by-radiation\/#breadcrumb\",\"itemListElement\":[{\"@type\":\"ListItem\",\"position\":1,\"name\":\"Accueil\",\"item\":\"https:\/\/www.ionisos.com\/en\/\"},{\"@type\":\"ListItem\",\"position\":2,\"name\":\"Crosslinking by Radiation\"}]},{\"@type\":\"WebSite\",\"@id\":\"https:\/\/www.ionisos.com\/#website\",\"url\":\"https:\/\/www.ionisos.com\/\",\"name\":\"Ionisos\",\"description\":\"Ionisation par \u00e9lectrons acc\u00e9l\u00e9r\u00e9s, rayons gamma, rayons X et oxyde d&#039;\u00e9thyl\u00e8ne\",\"potentialAction\":[{\"@type\":\"SearchAction\",\"target\":{\"@type\":\"EntryPoint\",\"urlTemplate\":\"https:\/\/www.ionisos.com\/?s={search_term_string}\"},\"query-input\":{\"@type\":\"PropertyValueSpecification\",\"valueRequired\":true,\"valueName\":\"search_term_string\"}}],\"inLanguage\":\"en-US\"}]}<\/script>\n<!-- \/ Yoast SEO plugin. -->","yoast_head_json":{"title":"Crosslinking by Radiation: Enhance the Performance of Your Plastics","description":"Ionisos offers crosslinking by radiation services to improve the resistance of various plastic materials (tubes, cables, films, technical parts), delivering high-end performance and extended durability.","robots":{"index":"index","follow":"follow","max-snippet":"max-snippet:-1","max-image-preview":"max-image-preview:large","max-video-preview":"max-video-preview:-1"},"canonical":"https:\/\/www.ionisos.com\/en\/crosslinking-by-radiation\/","og_locale":"en_US","og_type":"article","og_title":"Crosslinking by Radiation: Enhance the Performance of Your Plastics","og_description":"Ionisos offers crosslinking by radiation services to improve the resistance of various plastic materials (tubes, cables, films, technical parts), delivering high-end performance and extended durability.","og_url":"https:\/\/www.ionisos.com\/en\/crosslinking-by-radiation\/","og_site_name":"Ionisos","article_modified_time":"2024-11-26T09:12:57+00:00","twitter_card":"summary_large_image","twitter_misc":{"Est. reading time":"3 minutes"},"schema":{"@context":"https:\/\/schema.org","@graph":[{"@type":"WebPage","@id":"https:\/\/www.ionisos.com\/en\/crosslinking-by-radiation\/","url":"https:\/\/www.ionisos.com\/en\/crosslinking-by-radiation\/","name":"Crosslinking by Radiation: Enhance the Performance of Your Plastics","isPartOf":{"@id":"https:\/\/www.ionisos.com\/#website"},"datePublished":"2019-09-11T13:45:50+00:00","dateModified":"2024-11-26T09:12:57+00:00","description":"Ionisos offers crosslinking by radiation services to improve the resistance of various plastic materials (tubes, cables, films, technical parts), delivering high-end performance and extended durability.","breadcrumb":{"@id":"https:\/\/www.ionisos.com\/en\/crosslinking-by-radiation\/#breadcrumb"},"inLanguage":"en-US","potentialAction":[{"@type":"ReadAction","target":["https:\/\/www.ionisos.com\/en\/crosslinking-by-radiation\/"]}]},{"@type":"BreadcrumbList","@id":"https:\/\/www.ionisos.com\/en\/crosslinking-by-radiation\/#breadcrumb","itemListElement":[{"@type":"ListItem","position":1,"name":"Accueil","item":"https:\/\/www.ionisos.com\/en\/"},{"@type":"ListItem","position":2,"name":"Crosslinking by Radiation"}]},{"@type":"WebSite","@id":"https:\/\/www.ionisos.com\/#website","url":"https:\/\/www.ionisos.com\/","name":"Ionisos","description":"Ionisation par \u00e9lectrons acc\u00e9l\u00e9r\u00e9s, rayons gamma, rayons X et oxyde d&#039;\u00e9thyl\u00e8ne","potentialAction":[{"@type":"SearchAction","target":{"@type":"EntryPoint","urlTemplate":"https:\/\/www.ionisos.com\/?s={search_term_string}"},"query-input":{"@type":"PropertyValueSpecification","valueRequired":true,"valueName":"search_term_string"}}],"inLanguage":"en-US"}]}},"_links":{"self":[{"href":"https:\/\/www.ionisos.com\/en\/wp-json\/wp\/v2\/pages\/25614","targetHints":{"allow":["GET"]}}],"collection":[{"href":"https:\/\/www.ionisos.com\/en\/wp-json\/wp\/v2\/pages"}],"about":[{"href":"https:\/\/www.ionisos.com\/en\/wp-json\/wp\/v2\/types\/page"}],"author":[{"embeddable":true,"href":"https:\/\/www.ionisos.com\/en\/wp-json\/wp\/v2\/users\/4"}],"replies":[{"embeddable":true,"href":"https:\/\/www.ionisos.com\/en\/wp-json\/wp\/v2\/comments?post=25614"}],"version-history":[{"count":7,"href":"https:\/\/www.ionisos.com\/en\/wp-json\/wp\/v2\/pages\/25614\/revisions"}],"predecessor-version":[{"id":25621,"href":"https:\/\/www.ionisos.com\/en\/wp-json\/wp\/v2\/pages\/25614\/revisions\/25621"}],"wp:attachment":[{"href":"https:\/\/www.ionisos.com\/en\/wp-json\/wp\/v2\/media?parent=25614"}],"curies":[{"name":"wp","href":"https:\/\/api.w.org\/{rel}","templated":true}]}}