 {"id":25610,"date":"2019-09-11T15:18:42","date_gmt":"2019-09-11T13:18:42","guid":{"rendered":"https:\/\/www.ionisos.com\/sterilisation-beta\/"},"modified":"2024-11-26T10:22:25","modified_gmt":"2024-11-26T09:22:25","slug":"ebeam-sterilization","status":"publish","type":"page","link":"https:\/\/www.ionisos.com\/en\/ebeam-sterilization\/","title":{"rendered":"Ebeam sterilization"},"content":{"rendered":"<p>[vc_row bg_image=&#8221;16355&#8243; bg_repeat=&#8221;no-repeat&#8221; text_color=&#8221;light&#8221; text_align=&#8221;center&#8221; top_padding=&#8221;80&#8243; bottom_padding=&#8221;80&#8243;][vc_column width=&#8221;1\/1&#8243;]<h1 class=\"headline font-special fontsize-xxl fontweight-inherit lh-inherit align-center transform-uppercase \" style=\"margin: 0;\"><strong>Ebeam Sterilization:<\/strong> A Fast Process with Electron Beams<\/h1>[\/vc_column][\/vc_row][vc_row text_align=&#8221;center&#8221; top_padding=&#8221;80&#8243; bottom_padding=&#8221;80&#8243;][vc_column width=&#8221;1\/1&#8243;][vc_column_text]<\/p>\n<p style=\"text-align: center;\">IONISOS, a specialist in <strong>ebeam sterilization<\/strong>, gamma, and ethylene oxide sterilization, offers its services to manufacturers in the medical, pharmaceutical, and cosmetic industries.<\/p>\n<p style=\"text-align: center;\">With <a href=\"https:\/\/www.ionisos.com\/en\/our-activities\/beta-rays\/\"><strong>ebeam treatment<\/strong><\/a>, we sterilize your cartons of products quickly using accelerated electron beams, for flawless results that strictly adhere to the applicable standards.<\/p>\n<p style=\"text-align: center;\">Learn more about this flexible method, suitable for many products!<\/p>\n<p>[\/vc_column_text]<a href=\"https:\/\/www.ionisos.com\/en\/contact\/\" target=\"_blank\" class=\"button custom small \" style=\"background-color: #24a87a; border-color: #24a87a;border-radius: 2px;\">Would you like to learn more about this flexible method? Our experts are here to answer your questions.<\/a>[\/vc_column][\/vc_row][vc_row type=&#8221;full_width_section&#8221; bg_color=&#8221;#f7f7f7&#8243;][vc_column column_padding=&#8221;padding-6&#8243; column_center=&#8221;true&#8221; width=&#8221;2\/3&#8243;][vc_column_text el_class=&#8221;h2presta&#8221;]<\/p>\n<h2>E-beam Irradiation: How Does It Work?<\/h2>\n<p style=\"text-align: justify;\">In principle, this technique is very similar to gamma treatment: it is a form of <strong>sterilization by radiation<\/strong>, where products are conveyed into a concrete protective cell to be exposed to the rays for a predetermined duration.<\/p>\n<p style=\"text-align: justify;\">In practice, however, this solution differs in several ways. Unlike gamma, which has significant penetration ability for a low dose, ebeam has a more limited penetration depth but delivers a higher dose.<\/p>\n<p style=\"text-align: justify;\">In practical terms, this means that product treatment is done by cartons rather than pallets, and only for tools and accessories with low density and homogeneous packaging.<\/p>\n<p style=\"text-align: justify;\"><strong>Ebeam rays<\/strong> (or electron beams) are produced by electrical generators similar to cathode ray tubes. These generators produce electrons that are accelerated between two electrodes and focused into a beam a few centimeters in diameter using electromagnets.<\/p>\n<p style=\"text-align: justify;\">The generator is generally located at the top of the installation to direct the beam downward toward the products to be irradiated.<\/p>\n<p style=\"text-align: justify;\">The process is carried out at room temperature and atmospheric pressure. Products are continuously conveyed to the cell via an automatic conveyor system. Exposure to the rays lasts a few seconds, with each carton receiving two passes: the first upright, the second inverted. During irradiation, ebeam rays destroy microorganisms and pathogens (bacteria, fungi, molds, etc.) on the products and in their packaging, rendering them completely sterile.<\/p>\n<p>[\/vc_column_text][\/vc_column][vc_column bg_image=&#8221;15460&#8243; column_center=&#8221;true&#8221; width=&#8221;1\/3&#8243;]<div class=\"spacer\" style=\"height: 250px;\"><\/div>[\/vc_column][\/vc_row][vc_row type=&#8221;full_width_section&#8221; bg_color=&#8221;#f1f1f1&#8243;][vc_column bg_image=&#8221;16815&#8243; column_center=&#8221;true&#8221; width=&#8221;1\/3&#8243;]<div class=\"spacer\" style=\"height: 250px;\"><\/div>[\/vc_column][vc_column column_padding=&#8221;padding-6&#8243; column_center=&#8221;true&#8221; width=&#8221;2\/3&#8243;][vc_column_text el_class=&#8221;h2presta&#8221;]<\/p>\n<h2>Ebeam Treatment: Numerous Advantages<\/h2>\n<p style=\"text-align: justify;\"><strong>E-beam irradiation<\/strong> offers many advantages for professionals.<\/p>\n<p style=\"text-align: justify;\">First and foremost, it is a <strong>clean sterilization method<\/strong> that leaves no residues after exposure to the rays. Your products are thus immediately available after treatment, once the team has verified its effectiveness by checking the delivered dose.<\/p>\n<p style=\"text-align: justify;\">Moreover, this solution is both fast and cost-effective, as the treatment of each carton takes only a few seconds compared to several hours with gamma sterilization or ethylene oxide. This significantly reduces storage costs.<\/p>\n<p style=\"text-align: justify;\"><strong>E-beam sterilization<\/strong> is suitable for a wide variety of products and materials: single-use medical devices, pharmaceutical products, packaging, etc. It also reduces secondary oxidation reactions compared to gamma treatment, making it preferable in some cases.<\/p>\n<p style=\"text-align: justify;\">Preliminary tests ensure that the chosen technique is appropriate to guarantee safe sterilization without degrading the product or its characteristics.<\/p>\n<p>[\/vc_column_text][\/vc_column][\/vc_row][vc_row top_padding=&#8221;100&#8243; bottom_padding=&#8221;80&#8243;][vc_column width=&#8221;1\/1&#8243;][vc_column_text el_class=&#8221;h2presta&#8221;]<\/p>\n<h2 style=\"text-align: center;\">Discover Our 2 Specialized Treatment Sites<\/h2>\n<p>[\/vc_column_text][vc_column_text el_class=&#8221;h2presta&#8221;]<\/p>\n<p style=\"text-align: center;\">IONISOS operates three <strong>electron beam sterilization<\/strong> sites: one in the Aube department in France, one in Spain and one in Switzerland.<\/p>\n<p style=\"text-align: center;\">We treat your products quickly, strictly adhering to applicable standards and certifications. Our quality contract guarantees an optimal, rigorously controlled service, with tailored support from a specialized representative.<\/p>\n<p style=\"text-align: center;\">Find the contact details of the center closest to your business. We will be happy to answer your questions and advise you!<\/p>\n<p>[\/vc_column_text][vc_row_inner el_class=&#8221;back-grey&#8221;][vc_column_inner width=&#8221;1\/5&#8243; css=&#8221;.vc_custom_1568207807095{padding-top: 5% !important;padding-right: 5% !important;padding-bottom: 5% !important;padding-left: 5% !important;}&#8221;][vc_column_text]<\/p>\n<p style=\"text-align: center;\"><strong>TROYES CHAUMESNIL<\/strong><\/p>\n<p style=\"text-align: center;\">Z.I. &#8211; 10500 Chaumesnil France<\/p>\n<p style=\"text-align: center;\">Tel: +33 (0)3.25.92.99.05<\/p>\n<p>[\/vc_column_text][\/vc_column_inner][vc_column_inner el_class=&#8221;chiffre-ionisos&#8221; width=&#8221;1\/5&#8243;][\/vc_column_inner][vc_column_inner el_class=&#8221;chiffre-ionisos&#8221; width=&#8221;1\/5&#8243;][vc_column_text]<\/p>\n<p style=\"text-align: center;\"><strong>IONISOS IBERICA<\/strong><\/p>\n<p style=\"text-align: center;\">16400 Taranc\u00f3n (Cuenca) Spain<\/p>\n<p style=\"text-align: center;\">Tel: +34 969 320496<\/p>\n<p>[\/vc_column_text][\/vc_column_inner][vc_column_inner width=&#8221;1\/5&#8243;][\/vc_column_inner][vc_column_inner width=&#8221;1\/5&#8243;][vc_column_text]<\/p>\n<p style=\"text-align: center;\"><strong>IONISOS SWITZERLAND<\/strong><\/p>\n<p style=\"text-align: center;\">Hogenweidstrasse 4a, 4658 D\u00e4niken &#8211; Switzerland<\/p>\n<p style=\"text-align: center;\">Tel: +41 79 254 09 40<\/p>\n<p>[\/vc_column_text][\/vc_column_inner][\/vc_row_inner][\/vc_column][\/vc_row][vc_row bg_color=&#8221;#0b2677&#8243; text_color=&#8221;light&#8221; text_align=&#8221;center&#8221; top_padding=&#8221;40&#8243; bottom_padding=&#8221;40&#8243;][vc_column width=&#8221;2\/3&#8243;]<div class=\"spacer\" style=\"height: 5px;\"><\/div>[vc_column_text el_class=&#8221;cta&#8221;]<\/p>\n<p style=\"text-align: left;\">Would you like to know more? Feel free to contact us&#8230;<\/p>\n<p>[\/vc_column_text][\/vc_column][vc_column width=&#8221;1\/3&#8243;][vc_row_inner][vc_column_inner]<a href=\"https:\/\/www.ionisos.com\/en\/contact\/\" target=\"_self\" class=\"button color-8 medium \" style=\"border-radius: 2px;\">Contact Us<\/a>[\/vc_column_inner][\/vc_row_inner][\/vc_column][\/vc_row]<\/p>\n","protected":false},"excerpt":{"rendered":"<p>[vc_row bg_image=&#8221;16355&#8243; bg_repeat=&#8221;no-repeat&#8221; text_color=&#8221;light&#8221; text_align=&#8221;center&#8221; top_padding=&#8221;80&#8243; bottom_padding=&#8221;80&#8243;][vc_column width=&#8221;1\/1&#8243;][\/vc_column][\/vc_row][vc_row text_align=&#8221;center&#8221; top_padding=&#8221;80&#8243; bottom_padding=&#8221;80&#8243;][vc_column width=&#8221;1\/1&#8243;][vc_column_text] IONISOS, a specialist in ebeam sterilization, gamma, and ethylene oxide sterilization, offers its services to manufacturers in the medical, pharmaceutical, and cosmetic industries. With ebeam treatment, we sterilize your cartons of products quickly using accelerated electron beams, for flawless results that strictly adhere to the applicable standards. Learn more about this flexible method, suitable for many products! [\/vc_column_text][\/vc_column][\/vc_row][vc_row type=&#8221;full_width_section&#8221; bg_color=&#8221;#f7f7f7&#8243;][vc_column column_padding=&#8221;padding-6&#8243; column_center=&#8221;true&#8221; width=&#8221;2\/3&#8243;][vc_column_text el_class=&#8221;h2presta&#8221;] E-beam Irradiation: How Does It Work? In principle, this technique is very similar to gamma treatment: it is a form of sterilization by radiation, where products are conveyed into a concrete protective cell to be exposed to the rays for a predetermined duration. In practice, however, this solution differs in several ways. Unlike gamma, which has significant penetration ability for a low dose, ebeam has a more limited penetration depth but delivers a higher dose. In practical terms, this means that product treatment is done by cartons rather than pallets, and only for tools and accessories with low density and homogeneous packaging. Ebeam rays (or electron beams) are produced by electrical generators similar to cathode ray tubes. These generators produce electrons that are accelerated [&hellip;]<\/p>\n","protected":false},"author":4,"featured_media":0,"parent":0,"menu_order":0,"comment_status":"closed","ping_status":"open","template":"","meta":{"inline_featured_image":false,"footnotes":""},"class_list":["post-25610","page","type-page","status-publish","hentry"],"yoast_head":"<!-- This site is optimized with the Yoast SEO plugin v26.3 - https:\/\/yoast.com\/wordpress\/plugins\/seo\/ -->\n<title>Ebeam Sterilization: A Fast Process with Electron Beams<\/title>\n<meta name=\"description\" content=\"IONISOS, a specialist in ebeam, gamma, and ethylene oxide sterilization, presents its ebeam treatment services, a method that uses the power of electron beams for a safe and effective result.\" \/>\n<meta name=\"robots\" content=\"index, follow, max-snippet:-1, max-image-preview:large, max-video-preview:-1\" \/>\n<link rel=\"canonical\" href=\"https:\/\/www.ionisos.com\/en\/ebeam-sterilization\/\" \/>\n<meta property=\"og:locale\" content=\"en_US\" \/>\n<meta property=\"og:type\" content=\"article\" \/>\n<meta property=\"og:title\" content=\"Ebeam Sterilization: A Fast Process with Electron Beams\" \/>\n<meta property=\"og:description\" content=\"IONISOS, a specialist in ebeam, gamma, and ethylene oxide sterilization, presents its ebeam treatment services, a method that uses the power of electron beams for a safe and effective result.\" \/>\n<meta property=\"og:url\" content=\"https:\/\/www.ionisos.com\/en\/ebeam-sterilization\/\" \/>\n<meta property=\"og:site_name\" content=\"Ionisos\" \/>\n<meta property=\"article:modified_time\" content=\"2024-11-26T09:22:25+00:00\" \/>\n<meta name=\"twitter:card\" content=\"summary_large_image\" \/>\n<meta name=\"twitter:label1\" content=\"Est. reading time\" \/>\n\t<meta name=\"twitter:data1\" content=\"4 minutes\" \/>\n<script type=\"application\/ld+json\" class=\"yoast-schema-graph\">{\"@context\":\"https:\/\/schema.org\",\"@graph\":[{\"@type\":\"WebPage\",\"@id\":\"https:\/\/www.ionisos.com\/en\/ebeam-sterilization\/\",\"url\":\"https:\/\/www.ionisos.com\/en\/ebeam-sterilization\/\",\"name\":\"Ebeam Sterilization: A Fast Process with Electron Beams\",\"isPartOf\":{\"@id\":\"https:\/\/www.ionisos.com\/#website\"},\"datePublished\":\"2019-09-11T13:18:42+00:00\",\"dateModified\":\"2024-11-26T09:22:25+00:00\",\"description\":\"IONISOS, a specialist in ebeam, gamma, and ethylene oxide sterilization, presents its ebeam treatment services, a method that uses the power of electron beams for a safe and effective result.\",\"breadcrumb\":{\"@id\":\"https:\/\/www.ionisos.com\/en\/ebeam-sterilization\/#breadcrumb\"},\"inLanguage\":\"en-US\",\"potentialAction\":[{\"@type\":\"ReadAction\",\"target\":[\"https:\/\/www.ionisos.com\/en\/ebeam-sterilization\/\"]}]},{\"@type\":\"BreadcrumbList\",\"@id\":\"https:\/\/www.ionisos.com\/en\/ebeam-sterilization\/#breadcrumb\",\"itemListElement\":[{\"@type\":\"ListItem\",\"position\":1,\"name\":\"Accueil\",\"item\":\"https:\/\/www.ionisos.com\/en\/\"},{\"@type\":\"ListItem\",\"position\":2,\"name\":\"Ebeam sterilization\"}]},{\"@type\":\"WebSite\",\"@id\":\"https:\/\/www.ionisos.com\/#website\",\"url\":\"https:\/\/www.ionisos.com\/\",\"name\":\"Ionisos\",\"description\":\"Ionisation par \u00e9lectrons acc\u00e9l\u00e9r\u00e9s, rayons gamma, rayons X et oxyde d&#039;\u00e9thyl\u00e8ne\",\"potentialAction\":[{\"@type\":\"SearchAction\",\"target\":{\"@type\":\"EntryPoint\",\"urlTemplate\":\"https:\/\/www.ionisos.com\/?s={search_term_string}\"},\"query-input\":{\"@type\":\"PropertyValueSpecification\",\"valueRequired\":true,\"valueName\":\"search_term_string\"}}],\"inLanguage\":\"en-US\"}]}<\/script>\n<!-- \/ Yoast SEO plugin. -->","yoast_head_json":{"title":"Ebeam Sterilization: A Fast Process with Electron Beams","description":"IONISOS, a specialist in ebeam, gamma, and ethylene oxide sterilization, presents its ebeam treatment services, a method that uses the power of electron beams for a safe and effective result.","robots":{"index":"index","follow":"follow","max-snippet":"max-snippet:-1","max-image-preview":"max-image-preview:large","max-video-preview":"max-video-preview:-1"},"canonical":"https:\/\/www.ionisos.com\/en\/ebeam-sterilization\/","og_locale":"en_US","og_type":"article","og_title":"Ebeam Sterilization: A Fast Process with Electron Beams","og_description":"IONISOS, a specialist in ebeam, gamma, and ethylene oxide sterilization, presents its ebeam treatment services, a method that uses the power of electron beams for a safe and effective result.","og_url":"https:\/\/www.ionisos.com\/en\/ebeam-sterilization\/","og_site_name":"Ionisos","article_modified_time":"2024-11-26T09:22:25+00:00","twitter_card":"summary_large_image","twitter_misc":{"Est. reading time":"4 minutes"},"schema":{"@context":"https:\/\/schema.org","@graph":[{"@type":"WebPage","@id":"https:\/\/www.ionisos.com\/en\/ebeam-sterilization\/","url":"https:\/\/www.ionisos.com\/en\/ebeam-sterilization\/","name":"Ebeam Sterilization: A Fast Process with Electron Beams","isPartOf":{"@id":"https:\/\/www.ionisos.com\/#website"},"datePublished":"2019-09-11T13:18:42+00:00","dateModified":"2024-11-26T09:22:25+00:00","description":"IONISOS, a specialist in ebeam, gamma, and ethylene oxide sterilization, presents its ebeam treatment services, a method that uses the power of electron beams for a safe and effective result.","breadcrumb":{"@id":"https:\/\/www.ionisos.com\/en\/ebeam-sterilization\/#breadcrumb"},"inLanguage":"en-US","potentialAction":[{"@type":"ReadAction","target":["https:\/\/www.ionisos.com\/en\/ebeam-sterilization\/"]}]},{"@type":"BreadcrumbList","@id":"https:\/\/www.ionisos.com\/en\/ebeam-sterilization\/#breadcrumb","itemListElement":[{"@type":"ListItem","position":1,"name":"Accueil","item":"https:\/\/www.ionisos.com\/en\/"},{"@type":"ListItem","position":2,"name":"Ebeam sterilization"}]},{"@type":"WebSite","@id":"https:\/\/www.ionisos.com\/#website","url":"https:\/\/www.ionisos.com\/","name":"Ionisos","description":"Ionisation par \u00e9lectrons acc\u00e9l\u00e9r\u00e9s, rayons gamma, rayons X et oxyde d&#039;\u00e9thyl\u00e8ne","potentialAction":[{"@type":"SearchAction","target":{"@type":"EntryPoint","urlTemplate":"https:\/\/www.ionisos.com\/?s={search_term_string}"},"query-input":{"@type":"PropertyValueSpecification","valueRequired":true,"valueName":"search_term_string"}}],"inLanguage":"en-US"}]}},"_links":{"self":[{"href":"https:\/\/www.ionisos.com\/en\/wp-json\/wp\/v2\/pages\/25610","targetHints":{"allow":["GET"]}}],"collection":[{"href":"https:\/\/www.ionisos.com\/en\/wp-json\/wp\/v2\/pages"}],"about":[{"href":"https:\/\/www.ionisos.com\/en\/wp-json\/wp\/v2\/types\/page"}],"author":[{"embeddable":true,"href":"https:\/\/www.ionisos.com\/en\/wp-json\/wp\/v2\/users\/4"}],"replies":[{"embeddable":true,"href":"https:\/\/www.ionisos.com\/en\/wp-json\/wp\/v2\/comments?post=25610"}],"version-history":[{"count":11,"href":"https:\/\/www.ionisos.com\/en\/wp-json\/wp\/v2\/pages\/25610\/revisions"}],"predecessor-version":[{"id":25629,"href":"https:\/\/www.ionisos.com\/en\/wp-json\/wp\/v2\/pages\/25610\/revisions\/25629"}],"wp:attachment":[{"href":"https:\/\/www.ionisos.com\/en\/wp-json\/wp\/v2\/media?parent=25610"}],"curies":[{"name":"wp","href":"https:\/\/api.w.org\/{rel}","templated":true}]}}