 {"id":25606,"date":"2019-09-11T12:02:44","date_gmt":"2019-09-11T10:02:44","guid":{"rendered":"https:\/\/www.ionisos.com\/sterilisation-rayon-gamma\/"},"modified":"2024-11-26T10:37:11","modified_gmt":"2024-11-26T09:37:11","slug":"sterilisation-rayon-gamma","status":"publish","type":"page","link":"https:\/\/www.ionisos.com\/en\/sterilisation-rayon-gamma\/","title":{"rendered":"Gamma Ray Sterilization"},"content":{"rendered":"<p>[vc_row bg_image=&#8221;16355&#8243; bg_repeat=&#8221;no-repeat&#8221; text_color=&#8221;light&#8221; text_align=&#8221;center&#8221; top_padding=&#8221;80&#8243; bottom_padding=&#8221;80&#8243;][vc_column width=&#8221;1\/1&#8243;]<h1 class=\"headline font-special fontsize-xxl fontweight-inherit lh-inherit align-center transform-uppercase \" style=\"margin: 0;\"><strong>Gamma Ray Sterilization:<\/strong> Ideal for Large Volumes<\/h1>[\/vc_column][\/vc_row][vc_row top_padding=&#8221;80&#8243; bottom_padding=&#8221;80&#8243;][vc_column width=&#8221;1\/1&#8243;][vc_column_text]<\/p>\n<p style=\"text-align: center;\">IONISOS, a specialist in <a href=\"https:\/\/www.ionisos.com\/en\/\">gamma and beta sterilization<\/a> as well as ethylene oxide sterilization, offers a wide range of services to manufacturers in the pharmaceutical, medical, cosmetic, and food sectors.<\/p>\n<p style=\"text-align: center;\">Among them, <strong>gamma ray sterilization<\/strong> is one of the most advantageous as it allows for the treatment of a wide variety of products in their final packaging, either by packages or pallets, in just a few hours.<\/p>\n<p style=\"text-align: center;\">IONISOS, a specialist in <a href=\"https:\/\/www.ionisos.com\/en\/\">gamma and beta sterilization<\/a> as well as ethylene oxide sterilization, offers a wide range of services to manufacturers in the pharmaceutical, medical, cosmetic, and food sectors.<\/p>\n<p style=\"text-align: center;\">Among them, <strong>gamma ray sterilization<\/strong> is one of the most advantageous as it allows for the treatment of a wide variety of products in their final packaging, either by packages or pallets, in just a few hours.<\/p>\n<p>[\/vc_column_text][\/vc_column][\/vc_row][vc_row type=&#8221;full_width_section&#8221; bg_color=&#8221;#f7f7f7&#8243;][vc_column column_padding=&#8221;padding-6&#8243; column_center=&#8221;true&#8221; width=&#8221;2\/3&#8243;][vc_column_text el_class=&#8221;h2presta&#8221;]<\/p>\n<h2>How Gamma Irradiation Works<\/h2>\n<p style=\"text-align: justify;\">Gamma is an <strong>ionization treatment<\/strong>, meaning that irradiation causes the formation of ions. This specifically affects the macromolecules of living organisms (DNA, structural and metabolic proteins, enzymes), leading to their denaturation and consequently to the cellular death of microorganisms (bacteria, fungi, molds, etc.) and pathogens present on the products. Products are automatically conveyed into an irradiation chamber where they receive a controlled dose of rays. Gamma radiation consists of photons. It is an electromagnetic radiation emitted by the decay of a radioactive source, cobalt-60, whose energy is capable of sterilizing products by destroying the pathogenic genes they contain.<\/p>\n<p style=\"text-align: justify;\">Thanks to its high penetration power (the photon has neither mass nor charge), the process allows the sterilization of densely packaged products at room temperature and without chemical additives. Like electron beams (beta rays), this technique leaves no residues.<\/p>\n<p>[\/vc_column_text][\/vc_column][vc_column bg_image=&#8221;16882&#8243; column_center=&#8221;true&#8221; width=&#8221;1\/3&#8243;]<div class=\"spacer\" style=\"height: 250px;\"><\/div>[\/vc_column][\/vc_row][vc_row type=&#8221;full_width_section&#8221; bg_color=&#8221;#f1f1f1&#8243;][vc_column bg_image=&#8221;15460&#8243; column_center=&#8221;true&#8221; width=&#8221;1\/3&#8243;]<div class=\"spacer\" style=\"height: 250px;\"><\/div>[\/vc_column][vc_column column_padding=&#8221;padding-6&#8243; column_center=&#8221;true&#8221; width=&#8221;2\/3&#8243;][vc_column_text el_class=&#8221;h2presta&#8221;]<\/p>\n<p style=\"text-align: justify;\">Upon delivery to IONISOS for <strong><a href=\"https:\/\/www.ionisos.com\/en\/sterilisation-by-gamma-radiation\/\">gamma ray sterilization<\/a><\/strong>, products undergo individualized handling: the dose to be applied, the number of cycles required, the exposure duration, and the conveyance speed, all validated beforehand, are documented in the tracking file. They are then loaded into an automatic system that directs them into a chamber where they are exposed to radiation before exiting for dosimeter readings to verify the received dose. The exposure typically lasts several hours.<\/p>\n<p style=\"text-align: justify;\">The chamber in which gamma rays are delivered is surrounded by thick concrete walls to protect the exterior from any radiation. Furthermore, the cobalt-60 source is submerged in a 7-meter water pool outside of treatment phases to contain radiation. Safety is therefore ensured.<\/p>\n<h2 style=\"text-align: center;\">A Method as Flexible as It Is Effective<\/h2>\n<p>[\/vc_column_text][\/vc_column][\/vc_row][vc_row top_padding=&#8221;100&#8243; bottom_padding=&#8221;80&#8243;][vc_column width=&#8221;1\/1&#8243;][vc_column_text el_class=&#8221;h2presta&#8221;]<\/p>\n<h2 style=\"text-align: center;\">A Method as Flexible as It Is Effective<\/h2>\n<p>[\/vc_column_text][vc_row_inner el_class=&#8221;back-grey&#8221;][vc_column_inner el_class=&#8221;chiffre-ionisos&#8221; width=&#8221;2\/3&#8243; css=&#8221;.vc_custom_1568187663782{padding-top: 5% !important;padding-right: 5% !important;padding-bottom: 5% !important;padding-left: 5% !important;}&#8221;][vc_column_text]<\/p>\n<p style=\"text-align: justify;\">The <a href=\"https:\/\/www.ionisos.com\/irradiation-gamma\/\"><strong>gamma irradiation<\/strong><\/a> (or <a href=\"https:\/\/www.ionisos.com\/en\/gamma-radiation\/\">gamma radiation<\/a>) method is particularly flexible, capable of simultaneously treating products requiring different doses, even if the packages vary in size.<\/p>\n<p style=\"text-align: justify;\">It combines efficiency, precision, and time savings, resulting in significant cost reductions. The absence of residues after sterilization allows products to be shipped directly after the release of <a href=\"https:\/\/www.ionisos.com\/sterilisation-gamma-radiation\/\"><strong>gamma radiation sterilization<\/strong><\/a>, without additional processing phases like those required for ethylene oxide. This saves storage costs and keeps the supply chain moving.<\/p>\n<p style=\"text-align: justify;\">Finally, <a href=\"https:\/\/www.ionisos.com\/sterilisation-par-irradiation\/\"><strong>sterilization by irradiation<\/strong><\/a> is suitable for various applications (e.g., <a href=\"https:\/\/www.ionisos.com\/sterilisation-pharmaceutique\/\">pharmaceutical sterilization<\/a>) and is compatible with a wide range of products (packaging, medical devices, toiletries, cosmetics, etc.) and materials (plastics, metals, ceramics, biomaterials, etc.), including packaged liquids.<\/p>\n<p style=\"text-align: justify;\">IONISOS operates 4 <a href=\"https:\/\/www.ionisos.com\/traitement-gamma\/\"><strong>gamma treatment<\/strong><\/a> sites (3 in France and 1 in Estonia). Each site offers <a href=\"https:\/\/www.ionisos.com\/sterilisation-gamma\/\">gamma sterilization<\/a> and crosslinking services (plastic optimization) and handles <a href=\"https:\/\/www.ionisos.com\/validation-sterilisation-gamma-et-beta\/\">gamma and beta sterilization validation<\/a>.<\/p>\n<p>[\/vc_column_text][\/vc_column_inner][vc_column_inner el_class=&#8221;chiffre-ionisos&#8221; width=&#8221;1\/3&#8243;]<div class=\"counter clearfix wpb_content_element\"><div class=\"counter-number\" style=\"color: #008e4f !important;\">12<\/div><span class=\"counter-title\">specialized treatment sites in France and Europe<\/span><\/div><div class=\"counter clearfix wpb_content_element\"><div class=\"counter-number\" style=\"color: #004488 !important;\">4<\/div><span class=\"counter-title\">gamma treatment centers<\/span><\/div>[\/vc_column_inner][\/vc_row_inner][\/vc_column][\/vc_row][vc_row bg_color=&#8221;#0b2677&#8243; text_color=&#8221;light&#8221; text_align=&#8221;center&#8221; top_padding=&#8221;40&#8243; bottom_padding=&#8221;40&#8243;][vc_column width=&#8221;2\/3&#8243;]<div class=\"spacer\" style=\"height: 5px;\"><\/div>[vc_column_text el_class=&#8221;cta&#8221;]<\/p>\n<p style=\"text-align: left;\">Would you like to learn more about our <a href=\"https:\/\/www.ionisos.com\/irradiation-gamma-sterilisation\/\">gamma irradiation (sterilization)<\/a> services? Feel free to contact us; our advisors will be happy to answer your questions and guide you! For more information on the process, do not hesitate to consult the definition of gamma radiation.<\/p>\n<p>[\/vc_column_text][\/vc_column][vc_column width=&#8221;1\/3&#8243;][vc_row_inner][vc_column_inner]<a href=\"https:\/\/www.ionisos.com\/en\/contact\/\" target=\"_self\" class=\"button color-8 medium \" style=\"border-radius: 2px;\">Contact Us<\/a>[\/vc_column_inner][\/vc_row_inner][\/vc_column][\/vc_row]<\/p>\n","protected":false},"excerpt":{"rendered":"<p>[vc_row bg_image=&#8221;16355&#8243; bg_repeat=&#8221;no-repeat&#8221; text_color=&#8221;light&#8221; text_align=&#8221;center&#8221; top_padding=&#8221;80&#8243; bottom_padding=&#8221;80&#8243;][vc_column width=&#8221;1\/1&#8243;][\/vc_column][\/vc_row][vc_row top_padding=&#8221;80&#8243; bottom_padding=&#8221;80&#8243;][vc_column width=&#8221;1\/1&#8243;][vc_column_text] IONISOS, a specialist in gamma and beta sterilization as well as ethylene oxide sterilization, offers a wide range of services to manufacturers in the pharmaceutical, medical, cosmetic, and food sectors. Among them, gamma ray sterilization is one of the most advantageous as it allows for the treatment of a wide variety of products in their final packaging, either by packages or pallets, in just a few hours. IONISOS, a specialist in gamma and beta sterilization as well as ethylene oxide sterilization, offers a wide range of services to manufacturers in the pharmaceutical, medical, cosmetic, and food sectors. Among them, gamma ray sterilization is one of the most advantageous as it allows for the treatment of a wide variety of products in their final packaging, either by packages or pallets, in just a few hours. [\/vc_column_text][\/vc_column][\/vc_row][vc_row type=&#8221;full_width_section&#8221; bg_color=&#8221;#f7f7f7&#8243;][vc_column column_padding=&#8221;padding-6&#8243; column_center=&#8221;true&#8221; width=&#8221;2\/3&#8243;][vc_column_text el_class=&#8221;h2presta&#8221;] How Gamma Irradiation Works Gamma is an ionization treatment, meaning that irradiation causes the formation of ions. This specifically affects the macromolecules of living organisms (DNA, structural and metabolic proteins, enzymes), leading to their denaturation and consequently to the cellular death of microorganisms (bacteria, fungi, molds, etc.) and [&hellip;]<\/p>\n","protected":false},"author":4,"featured_media":0,"parent":0,"menu_order":0,"comment_status":"closed","ping_status":"open","template":"","meta":{"inline_featured_image":false,"footnotes":""},"class_list":["post-25606","page","type-page","status-publish","hentry"],"yoast_head":"<!-- This site is optimized with the Yoast SEO plugin v26.3 - https:\/\/yoast.com\/wordpress\/plugins\/seo\/ -->\n<title>Gamma Ray Sterilization: An Ideal Solution for Large Volumes<\/title>\n<meta name=\"description\" content=\"IONISOS presents its gamma ray sterilization services for industrial purposes. Discover this cutting-edge technology, capable of treating packaged products (medical devices, cosmetics, packaging, etc.) by whole pallets.\" \/>\n<meta name=\"robots\" content=\"index, follow, max-snippet:-1, max-image-preview:large, max-video-preview:-1\" \/>\n<link rel=\"canonical\" href=\"https:\/\/www.ionisos.com\/en\/sterilisation-rayon-gamma\/\" \/>\n<meta property=\"og:locale\" content=\"en_US\" \/>\n<meta property=\"og:type\" content=\"article\" \/>\n<meta property=\"og:title\" content=\"Gamma Ray Sterilization: An Ideal Solution for Large Volumes\" \/>\n<meta property=\"og:description\" content=\"IONISOS presents its gamma ray sterilization services for industrial purposes. Discover this cutting-edge technology, capable of treating packaged products (medical devices, cosmetics, packaging, etc.) by whole pallets.\" \/>\n<meta property=\"og:url\" content=\"https:\/\/www.ionisos.com\/en\/sterilisation-rayon-gamma\/\" \/>\n<meta property=\"og:site_name\" content=\"Ionisos\" \/>\n<meta property=\"article:modified_time\" content=\"2024-11-26T09:37:11+00:00\" \/>\n<meta name=\"twitter:card\" content=\"summary_large_image\" \/>\n<meta name=\"twitter:label1\" content=\"Est. reading time\" \/>\n\t<meta name=\"twitter:data1\" content=\"5 minutes\" \/>\n<script type=\"application\/ld+json\" class=\"yoast-schema-graph\">{\"@context\":\"https:\/\/schema.org\",\"@graph\":[{\"@type\":\"WebPage\",\"@id\":\"https:\/\/www.ionisos.com\/en\/sterilisation-rayon-gamma\/\",\"url\":\"https:\/\/www.ionisos.com\/en\/sterilisation-rayon-gamma\/\",\"name\":\"Gamma Ray Sterilization: An Ideal Solution for Large Volumes\",\"isPartOf\":{\"@id\":\"https:\/\/www.ionisos.com\/#website\"},\"datePublished\":\"2019-09-11T10:02:44+00:00\",\"dateModified\":\"2024-11-26T09:37:11+00:00\",\"description\":\"IONISOS presents its gamma ray sterilization services for industrial purposes. Discover this cutting-edge technology, capable of treating packaged products (medical devices, cosmetics, packaging, etc.) by whole pallets.\",\"breadcrumb\":{\"@id\":\"https:\/\/www.ionisos.com\/en\/sterilisation-rayon-gamma\/#breadcrumb\"},\"inLanguage\":\"en-US\",\"potentialAction\":[{\"@type\":\"ReadAction\",\"target\":[\"https:\/\/www.ionisos.com\/en\/sterilisation-rayon-gamma\/\"]}]},{\"@type\":\"BreadcrumbList\",\"@id\":\"https:\/\/www.ionisos.com\/en\/sterilisation-rayon-gamma\/#breadcrumb\",\"itemListElement\":[{\"@type\":\"ListItem\",\"position\":1,\"name\":\"Accueil\",\"item\":\"https:\/\/www.ionisos.com\/en\/\"},{\"@type\":\"ListItem\",\"position\":2,\"name\":\"Gamma Ray Sterilization\"}]},{\"@type\":\"WebSite\",\"@id\":\"https:\/\/www.ionisos.com\/#website\",\"url\":\"https:\/\/www.ionisos.com\/\",\"name\":\"Ionisos\",\"description\":\"Ionisation par \u00e9lectrons acc\u00e9l\u00e9r\u00e9s, rayons gamma, rayons X et oxyde d&#039;\u00e9thyl\u00e8ne\",\"potentialAction\":[{\"@type\":\"SearchAction\",\"target\":{\"@type\":\"EntryPoint\",\"urlTemplate\":\"https:\/\/www.ionisos.com\/?s={search_term_string}\"},\"query-input\":{\"@type\":\"PropertyValueSpecification\",\"valueRequired\":true,\"valueName\":\"search_term_string\"}}],\"inLanguage\":\"en-US\"}]}<\/script>\n<!-- \/ Yoast SEO plugin. -->","yoast_head_json":{"title":"Gamma Ray Sterilization: An Ideal Solution for Large Volumes","description":"IONISOS presents its gamma ray sterilization services for industrial purposes. Discover this cutting-edge technology, capable of treating packaged products (medical devices, cosmetics, packaging, etc.) by whole pallets.","robots":{"index":"index","follow":"follow","max-snippet":"max-snippet:-1","max-image-preview":"max-image-preview:large","max-video-preview":"max-video-preview:-1"},"canonical":"https:\/\/www.ionisos.com\/en\/sterilisation-rayon-gamma\/","og_locale":"en_US","og_type":"article","og_title":"Gamma Ray Sterilization: An Ideal Solution for Large Volumes","og_description":"IONISOS presents its gamma ray sterilization services for industrial purposes. Discover this cutting-edge technology, capable of treating packaged products (medical devices, cosmetics, packaging, etc.) by whole pallets.","og_url":"https:\/\/www.ionisos.com\/en\/sterilisation-rayon-gamma\/","og_site_name":"Ionisos","article_modified_time":"2024-11-26T09:37:11+00:00","twitter_card":"summary_large_image","twitter_misc":{"Est. reading time":"5 minutes"},"schema":{"@context":"https:\/\/schema.org","@graph":[{"@type":"WebPage","@id":"https:\/\/www.ionisos.com\/en\/sterilisation-rayon-gamma\/","url":"https:\/\/www.ionisos.com\/en\/sterilisation-rayon-gamma\/","name":"Gamma Ray Sterilization: An Ideal Solution for Large Volumes","isPartOf":{"@id":"https:\/\/www.ionisos.com\/#website"},"datePublished":"2019-09-11T10:02:44+00:00","dateModified":"2024-11-26T09:37:11+00:00","description":"IONISOS presents its gamma ray sterilization services for industrial purposes. Discover this cutting-edge technology, capable of treating packaged products (medical devices, cosmetics, packaging, etc.) by whole pallets.","breadcrumb":{"@id":"https:\/\/www.ionisos.com\/en\/sterilisation-rayon-gamma\/#breadcrumb"},"inLanguage":"en-US","potentialAction":[{"@type":"ReadAction","target":["https:\/\/www.ionisos.com\/en\/sterilisation-rayon-gamma\/"]}]},{"@type":"BreadcrumbList","@id":"https:\/\/www.ionisos.com\/en\/sterilisation-rayon-gamma\/#breadcrumb","itemListElement":[{"@type":"ListItem","position":1,"name":"Accueil","item":"https:\/\/www.ionisos.com\/en\/"},{"@type":"ListItem","position":2,"name":"Gamma Ray Sterilization"}]},{"@type":"WebSite","@id":"https:\/\/www.ionisos.com\/#website","url":"https:\/\/www.ionisos.com\/","name":"Ionisos","description":"Ionisation par \u00e9lectrons acc\u00e9l\u00e9r\u00e9s, rayons gamma, rayons X et oxyde d&#039;\u00e9thyl\u00e8ne","potentialAction":[{"@type":"SearchAction","target":{"@type":"EntryPoint","urlTemplate":"https:\/\/www.ionisos.com\/?s={search_term_string}"},"query-input":{"@type":"PropertyValueSpecification","valueRequired":true,"valueName":"search_term_string"}}],"inLanguage":"en-US"}]}},"_links":{"self":[{"href":"https:\/\/www.ionisos.com\/en\/wp-json\/wp\/v2\/pages\/25606","targetHints":{"allow":["GET"]}}],"collection":[{"href":"https:\/\/www.ionisos.com\/en\/wp-json\/wp\/v2\/pages"}],"about":[{"href":"https:\/\/www.ionisos.com\/en\/wp-json\/wp\/v2\/types\/page"}],"author":[{"embeddable":true,"href":"https:\/\/www.ionisos.com\/en\/wp-json\/wp\/v2\/users\/4"}],"replies":[{"embeddable":true,"href":"https:\/\/www.ionisos.com\/en\/wp-json\/wp\/v2\/comments?post=25606"}],"version-history":[{"count":4,"href":"https:\/\/www.ionisos.com\/en\/wp-json\/wp\/v2\/pages\/25606\/revisions"}],"predecessor-version":[{"id":25630,"href":"https:\/\/www.ionisos.com\/en\/wp-json\/wp\/v2\/pages\/25606\/revisions\/25630"}],"wp:attachment":[{"href":"https:\/\/www.ionisos.com\/en\/wp-json\/wp\/v2\/media?parent=25606"}],"curies":[{"name":"wp","href":"https:\/\/api.w.org\/{rel}","templated":true}]}}